{"id":9992,"date":"2025-01-13T14:01:38","date_gmt":"2025-01-13T14:01:38","guid":{"rendered":"https:\/\/aivlisoft.com\/?post_type=product&#038;p=9992"},"modified":"2025-01-14T10:49:41","modified_gmt":"2025-01-14T10:49:41","slug":"samsung-ls32dm700uuxen-smart-monitor-324k-usbc","status":"publish","type":"product","link":"https:\/\/aivlisoft.net\/shop\/producto\/samsung-ls32dm700uuxen-smart-monitor-324k-usbc\/","title":{"rendered":"Samsung LS32DM700UUXEN Smart Monitor 32&#8243;4K USBc"},"content":{"rendered":"<p><\/p>\n<table class=\"tabla_caracteristicas k-table\" width=\"100%\">\n<tr>\n<td valign=\"top\"><strong>Marca<\/strong><\/td>\n<td>Samsung<\/td>\n<\/tr>\n<tr>\n<td valign=\"top\"><strong>Modelo<\/strong><\/td>\n<td><strong>LS32DM700UUXEN<\/strong><\/td>\n<\/tr>\n<tr>\n<td valign=\"top\"><strong>Pantalla<\/strong><\/td>\n<td>&#8211; Tama&ntilde;o: <strong>32&#8243; <\/strong><br \/>\t\t\t&#8211; Tipo pantalla: Plana<br \/>\t\t\t&#8211; Active Display Size (HxV): 697,306 x 392,234 mm<br \/>\t\t\t&#8211; Relaci&oacute;n de aspecto: 16:9<br \/>\t\t\t&#8211; Panel: VA<br \/>\t\t\t&#8211; Brillo (Normal): 300 cd\/m2<br \/>\t\t\t&#8211; Brillo (Min): 240 cd\/m2<br \/>\t\t\t&#8211; Ratio de contraste (Est&aacute;tico): 3,000:1(Static)<br \/>\t\t\t&#8211; HDR(High Dynamic Range): HDR10<br \/>\t\t\t&#8211; Resoluci&oacute;n: 4K (3,840 x 2,160)<br \/>\t\t\t&#8211; Tiempo de Respuesta: 4ms(GTG)<br \/>\t\t\t&#8211; &Aacute;ngulo de Visi&oacute;n (H\/V): 178&deg;(H)\/178&deg;(V)<br \/>\t\t\t&#8211; Soporte de color: Max 1B<br \/>\t\t\t&#8211; Color Gamut (NTSC): 72%<br \/>\t\t\t&#8211; Frecuencia de Imagen: Max 60Hz<\/td>\n<\/tr>\n<tr>\n<td valign=\"top\"><strong>Conexi&oacute;n<\/strong><\/td>\n<td>&#8211; 1 x HDMI 2.0<br \/>\t\t\t&#8211; 3 x USB<br \/>\t\t\t&#8211; WIFI 5<br \/>\t\t\t&#8211; Bluetooth 5.2<\/td>\n<\/tr>\n<tr>\n<td valign=\"top\"><strong>Caracter&iacute;stica<\/strong><\/td>\n<td>&#8211; Modo Eye Saver<br \/>\t\t\t&#8211; Flicker Free<br \/>\t\t\t&#8211; Tama&ntilde;o de imagen<br \/>\t\t\t&#8211; Certificaci&oacute;n de Windows: Windows 11<br \/>\t\t\t&#8211; Virtual AIM Point<br \/>\t\t\t&#8211; Game Bar<br \/>\t\t\t&#8211; Gaming Hub: KR, US, CA, BR, GB, FR, DE, IT, ES, MX, AU<br \/>\t\t\t&#8211; HDMI-CEC<br \/>\t\t\t&#8211; Auto Source Switch+<br \/>\t\t\t&#8211; Adaptive Picture<br \/>\t\t\t&#8211; Ultrawide Game View<br \/>\t\t\t<strong>TV Smart<\/strong><br \/>\t\t\t&#8211; Smart Type: Smart<br \/>\t\t\t&#8211; Sistema operativo: Tizen<br \/>\t\t\t&#8211; Bixby<br \/>\t\t\t&#8211; Interacci&oacute;n por Voz<br \/>\t\t\t&#8211; TV Plus: GB, FR, DE, IT, ES, CH, AT, NL, SE, NO, DK, FI, PT, IE, BE, LU<br \/>\t\t\t&#8211; Universal Guide: GB, FR, DE, IT, ES<br \/>\t\t\t&#8211; SmartThings Hub<br \/>\t\t\t&#8211; Experiencia Multidispositivo: Mobile to Screen, Screen initiate mirroring, Sound Mirroring, Wireless On, Tap View<br \/>\t\t\t&#8211; Mis Contenidos<br \/>\t\t\t&#8211; Multi View: Hasta 2 v&iacute;deos<br \/>\t\t\t&#8211; NFT: Nifty Gateway<br \/>\t\t\t&#8211; Workspace<br \/>\t\t\t<strong>Audio<br \/>\t\t\t&#8211; <\/strong>Altavoz<br \/>\t\t\t&#8211; Salida de altavoz: 10W<br \/>\t\t\t&#8211; Sonido Adaptativo: Adaptive Sound<br \/>\t\t\t<strong>Alimentaci&oacute;n<\/strong><br \/>\t\t\t&#8211; Suministro de energ&iacute;a: AC 100~240V<br \/>\t\t\t&#8211; Consumo de energ&iacute;a (m&aacute;x.): 150 W<br \/>\t\t\t&#8211; Consumo t&iacute;pico: 32.0 W<br \/>\t\t\t&#8211; Consumo (DPMS): 0.50 W<br \/>\t\t\t&#8211; Consumo anual: 47 kWh\/year<br \/>\t\t\t&#8211; Tipo: Internal Power<br \/>\t\t\t<strong>Caracter&iacute;sticas Mec&aacute;nicas<\/strong><br \/>\t\t\t&#8211; Inclinaci&oacute;n: -2.0&ordm;(&plusmn;2.0&ordm;) ~ 22.0&ordm;(&plusmn;2.0&ordm;)<br \/>\t\t\t&#8211; Montaje Pared: 100 x 100<br \/>\t\t\t<strong>Dimensiones y peso<\/strong><br \/>\t\t\t&#8211; 716,1 x 517,0 x 193,5 mm<br \/>\t\t\t&#8211; 6,5 kg<\/td>\n<\/tr>\n<tr>\n<td valign=\"top\"><strong>Certificado energ&eacute;tico<\/strong><\/td>\n<td><a alt=\"Certificado energ&Atilde;&#402;?????????&Atilde;&#402;????????&Atilde;&#402;???????&Atilde;&#402;??????&Atilde;&#402;?????&Atilde;&#402;????&Atilde;&#402;???&Atilde;&#402;??&Atilde;&#402;?&Atilde;&#8218;&Acirc;&copy;tico\" href=\"https:\/\/www.infortisa.com\/images\/content\/2024101710465428844FMOMLE0934.webp\" target=\"_blank\">Ver certificado<\/a><\/td>\n<\/tr>\n<tr>\n<td valign=\"top\"><strong>Fecha de revisi&oacute;n<\/strong><\/td>\n<td>17-10-2024 por RTY<\/td>\n<\/tr>\n<\/table>\n","protected":false},"excerpt":{"rendered":"<p>Marca Samsung Modelo LS32DM700UUXEN Pantalla &#8211; Tama&ntilde;o: 32&#8243; &#8211; Tipo pantalla: Plana &#8211; Active Display Size (HxV): 697,306 x 392,234 mm &#8211; Relaci&oacute;n de aspecto: 16:9 &#8211; Panel: VA &#8211; Brillo (Normal): 300 cd\/m2 &#8211; Brillo (Min): 240 cd\/m2 &#8211; Ratio de contraste (Est&aacute;tico): 3,000:1(Static) &#8211; HDR(High Dynamic Range): HDR10 &#8211; Resoluci&oacute;n: 4K (3,840 x&hellip;&nbsp;<a href=\"https:\/\/aivlisoft.net\/shop\/producto\/samsung-ls32dm700uuxen-smart-monitor-324k-usbc\/\" rel=\"bookmark\"><span class=\"screen-reader-text\">Samsung LS32DM700UUXEN Smart Monitor 32&#8243;4K USBc<\/span><\/a><\/p>\n","protected":false},"featured_media":0,"template":"","meta":{"neve_meta_sidebar":"","neve_meta_container":"","neve_meta_enable_content_width":"","neve_meta_content_width":0,"neve_meta_title_alignment":"","neve_meta_author_avatar":"","neve_post_elements_order":"","neve_meta_disable_header":"","neve_meta_disable_footer":"","neve_meta_disable_title":""},"product_brand":[],"product_cat":[8720],"product_tag":[3899],"class_list":{"0":"post-9992","1":"product","2":"type-product","3":"status-publish","5":"product_cat-monitores-led","6":"product_tag-ls32dm700uuxen","8":"first","9":"instock","10":"taxable","11":"shipping-taxable","12":"purchasable","13":"product-type-simple"},"yoast_head":"<!-- This site is optimized with the Yoast SEO plugin v26.0 - https:\/\/yoast.com\/wordpress\/plugins\/seo\/ -->\n<title>Samsung LS32DM700UUXEN Smart Monitor 32&quot;4K USBc - Aivlisoft Inform\u00e1tica<\/title>\n<meta name=\"robots\" content=\"index, follow, max-snippet:-1, max-image-preview:large, max-video-preview:-1\" \/>\n<link rel=\"canonical\" href=\"https:\/\/aivlisoft.net\/shop\/producto\/samsung-ls32dm700uuxen-smart-monitor-324k-usbc\/\" \/>\n<meta property=\"og:locale\" content=\"es_ES\" \/>\n<meta property=\"og:type\" content=\"article\" \/>\n<meta property=\"og:title\" content=\"Samsung LS32DM700UUXEN Smart Monitor 32&quot;4K USBc - Aivlisoft Inform\u00e1tica\" \/>\n<meta property=\"og:description\" content=\"Marca Samsung Modelo LS32DM700UUXEN Pantalla &#8211; Tama&ntilde;o: 32&#8243; &#8211; Tipo pantalla: Plana &#8211; Active Display Size (HxV): 697,306 x 392,234 mm &#8211; Relaci&oacute;n de aspecto: 16:9 &#8211; Panel: VA &#8211; Brillo (Normal): 300 cd\/m2 &#8211; Brillo (Min): 240 cd\/m2 &#8211; Ratio de contraste (Est&aacute;tico): 3,000:1(Static) &#8211; HDR(High Dynamic Range): HDR10 &#8211; Resoluci&oacute;n: 4K (3,840 x&hellip;&nbsp;Samsung LS32DM700UUXEN Smart Monitor 32&#8243;4K USBc\" \/>\n<meta property=\"og:url\" content=\"https:\/\/aivlisoft.net\/shop\/producto\/samsung-ls32dm700uuxen-smart-monitor-324k-usbc\/\" \/>\n<meta property=\"og:site_name\" content=\"Aivlisoft Inform\u00e1tica\" \/>\n<meta property=\"article:modified_time\" content=\"2025-01-14T10:49:41+00:00\" \/>\n<meta name=\"twitter:card\" content=\"summary_large_image\" \/>\n<meta name=\"twitter:label1\" content=\"Tiempo de lectura\" \/>\n\t<meta name=\"twitter:data1\" content=\"2 minutos\" \/>\n<script type=\"application\/ld+json\" class=\"yoast-schema-graph\">{\"@context\":\"https:\/\/schema.org\",\"@graph\":[{\"@type\":\"WebPage\",\"@id\":\"https:\/\/aivlisoft.net\/shop\/producto\/samsung-ls32dm700uuxen-smart-monitor-324k-usbc\/\",\"url\":\"https:\/\/aivlisoft.net\/shop\/producto\/samsung-ls32dm700uuxen-smart-monitor-324k-usbc\/\",\"name\":\"Samsung LS32DM700UUXEN Smart Monitor 32\\\"4K USBc - Aivlisoft Inform\u00e1tica\",\"isPartOf\":{\"@id\":\"https:\/\/aivlisoft.net\/shop\/#website\"},\"datePublished\":\"2025-01-13T14:01:38+00:00\",\"dateModified\":\"2025-01-14T10:49:41+00:00\",\"breadcrumb\":{\"@id\":\"https:\/\/aivlisoft.net\/shop\/producto\/samsung-ls32dm700uuxen-smart-monitor-324k-usbc\/#breadcrumb\"},\"inLanguage\":\"es\",\"potentialAction\":[{\"@type\":\"ReadAction\",\"target\":[\"https:\/\/aivlisoft.net\/shop\/producto\/samsung-ls32dm700uuxen-smart-monitor-324k-usbc\/\"]}]},{\"@type\":\"BreadcrumbList\",\"@id\":\"https:\/\/aivlisoft.net\/shop\/producto\/samsung-ls32dm700uuxen-smart-monitor-324k-usbc\/#breadcrumb\",\"itemListElement\":[{\"@type\":\"ListItem\",\"position\":1,\"name\":\"Portada\",\"item\":\"https:\/\/aivlisoft.net\/shop\/\"},{\"@type\":\"ListItem\",\"position\":2,\"name\":\"Tienda\",\"item\":\"https:\/\/aivlisoft.net\/shop\/tienda\/\"},{\"@type\":\"ListItem\",\"position\":3,\"name\":\"Samsung LS32DM700UUXEN Smart Monitor 32&#8243;4K USBc\"}]},{\"@type\":\"WebSite\",\"@id\":\"https:\/\/aivlisoft.net\/shop\/#website\",\"url\":\"https:\/\/aivlisoft.net\/shop\/\",\"name\":\"Aivlisoft Inform\u00e1tica\",\"description\":\"En Aivlisoft Inform\u00e1tica ofrecemos soluciones tecnol\u00f3gicas para empresas: venta de ordenadores, consumibles, perif\u00e9ricos y m\u00e1s. Calidad, atenci\u00f3n personalizada y los mejores precios para tu negocio.\",\"publisher\":{\"@id\":\"https:\/\/aivlisoft.net\/shop\/#organization\"},\"potentialAction\":[{\"@type\":\"SearchAction\",\"target\":{\"@type\":\"EntryPoint\",\"urlTemplate\":\"https:\/\/aivlisoft.net\/shop\/?s={search_term_string}\"},\"query-input\":{\"@type\":\"PropertyValueSpecification\",\"valueRequired\":true,\"valueName\":\"search_term_string\"}}],\"inLanguage\":\"es\"},{\"@type\":\"Organization\",\"@id\":\"https:\/\/aivlisoft.net\/shop\/#organization\",\"name\":\"Aivlisoft Inform\u00e1tica\",\"url\":\"https:\/\/aivlisoft.net\/shop\/\",\"logo\":{\"@type\":\"ImageObject\",\"inLanguage\":\"es\",\"@id\":\"https:\/\/aivlisoft.net\/shop\/#\/schema\/logo\/image\/\",\"url\":\"https:\/\/aivlisoft.net\/shop\/wp-content\/uploads\/2024\/12\/removal.ai_5b848c54-0cdf-4140-95c5-c5536bb7573b-logodef.png\",\"contentUrl\":\"https:\/\/aivlisoft.net\/shop\/wp-content\/uploads\/2024\/12\/removal.ai_5b848c54-0cdf-4140-95c5-c5536bb7573b-logodef.png\",\"width\":484,\"height\":182,\"caption\":\"Aivlisoft Inform\u00e1tica\"},\"image\":{\"@id\":\"https:\/\/aivlisoft.net\/shop\/#\/schema\/logo\/image\/\"}}]}<\/script>\n<!-- \/ Yoast SEO plugin. -->","yoast_head_json":{"title":"Samsung LS32DM700UUXEN Smart Monitor 32\"4K USBc - Aivlisoft Inform\u00e1tica","robots":{"index":"index","follow":"follow","max-snippet":"max-snippet:-1","max-image-preview":"max-image-preview:large","max-video-preview":"max-video-preview:-1"},"canonical":"https:\/\/aivlisoft.net\/shop\/producto\/samsung-ls32dm700uuxen-smart-monitor-324k-usbc\/","og_locale":"es_ES","og_type":"article","og_title":"Samsung LS32DM700UUXEN Smart Monitor 32\"4K USBc - Aivlisoft Inform\u00e1tica","og_description":"Marca Samsung Modelo LS32DM700UUXEN Pantalla &#8211; Tama&ntilde;o: 32&#8243; &#8211; Tipo pantalla: Plana &#8211; Active Display Size (HxV): 697,306 x 392,234 mm &#8211; Relaci&oacute;n de aspecto: 16:9 &#8211; Panel: VA &#8211; Brillo (Normal): 300 cd\/m2 &#8211; Brillo (Min): 240 cd\/m2 &#8211; Ratio de contraste (Est&aacute;tico): 3,000:1(Static) &#8211; HDR(High Dynamic Range): HDR10 &#8211; Resoluci&oacute;n: 4K (3,840 x&hellip;&nbsp;Samsung LS32DM700UUXEN Smart Monitor 32&#8243;4K USBc","og_url":"https:\/\/aivlisoft.net\/shop\/producto\/samsung-ls32dm700uuxen-smart-monitor-324k-usbc\/","og_site_name":"Aivlisoft Inform\u00e1tica","article_modified_time":"2025-01-14T10:49:41+00:00","twitter_card":"summary_large_image","twitter_misc":{"Tiempo de lectura":"2 minutos"},"schema":{"@context":"https:\/\/schema.org","@graph":[{"@type":"WebPage","@id":"https:\/\/aivlisoft.net\/shop\/producto\/samsung-ls32dm700uuxen-smart-monitor-324k-usbc\/","url":"https:\/\/aivlisoft.net\/shop\/producto\/samsung-ls32dm700uuxen-smart-monitor-324k-usbc\/","name":"Samsung LS32DM700UUXEN Smart Monitor 32\"4K USBc - Aivlisoft Inform\u00e1tica","isPartOf":{"@id":"https:\/\/aivlisoft.net\/shop\/#website"},"datePublished":"2025-01-13T14:01:38+00:00","dateModified":"2025-01-14T10:49:41+00:00","breadcrumb":{"@id":"https:\/\/aivlisoft.net\/shop\/producto\/samsung-ls32dm700uuxen-smart-monitor-324k-usbc\/#breadcrumb"},"inLanguage":"es","potentialAction":[{"@type":"ReadAction","target":["https:\/\/aivlisoft.net\/shop\/producto\/samsung-ls32dm700uuxen-smart-monitor-324k-usbc\/"]}]},{"@type":"BreadcrumbList","@id":"https:\/\/aivlisoft.net\/shop\/producto\/samsung-ls32dm700uuxen-smart-monitor-324k-usbc\/#breadcrumb","itemListElement":[{"@type":"ListItem","position":1,"name":"Portada","item":"https:\/\/aivlisoft.net\/shop\/"},{"@type":"ListItem","position":2,"name":"Tienda","item":"https:\/\/aivlisoft.net\/shop\/tienda\/"},{"@type":"ListItem","position":3,"name":"Samsung LS32DM700UUXEN Smart Monitor 32&#8243;4K USBc"}]},{"@type":"WebSite","@id":"https:\/\/aivlisoft.net\/shop\/#website","url":"https:\/\/aivlisoft.net\/shop\/","name":"Aivlisoft Inform\u00e1tica","description":"En Aivlisoft Inform\u00e1tica ofrecemos soluciones tecnol\u00f3gicas para empresas: venta de ordenadores, consumibles, perif\u00e9ricos y m\u00e1s. Calidad, atenci\u00f3n personalizada y los mejores precios para tu negocio.","publisher":{"@id":"https:\/\/aivlisoft.net\/shop\/#organization"},"potentialAction":[{"@type":"SearchAction","target":{"@type":"EntryPoint","urlTemplate":"https:\/\/aivlisoft.net\/shop\/?s={search_term_string}"},"query-input":{"@type":"PropertyValueSpecification","valueRequired":true,"valueName":"search_term_string"}}],"inLanguage":"es"},{"@type":"Organization","@id":"https:\/\/aivlisoft.net\/shop\/#organization","name":"Aivlisoft Inform\u00e1tica","url":"https:\/\/aivlisoft.net\/shop\/","logo":{"@type":"ImageObject","inLanguage":"es","@id":"https:\/\/aivlisoft.net\/shop\/#\/schema\/logo\/image\/","url":"https:\/\/aivlisoft.net\/shop\/wp-content\/uploads\/2024\/12\/removal.ai_5b848c54-0cdf-4140-95c5-c5536bb7573b-logodef.png","contentUrl":"https:\/\/aivlisoft.net\/shop\/wp-content\/uploads\/2024\/12\/removal.ai_5b848c54-0cdf-4140-95c5-c5536bb7573b-logodef.png","width":484,"height":182,"caption":"Aivlisoft Inform\u00e1tica"},"image":{"@id":"https:\/\/aivlisoft.net\/shop\/#\/schema\/logo\/image\/"}}]}},"_links":{"self":[{"href":"https:\/\/aivlisoft.net\/shop\/wp-json\/wp\/v2\/product\/9992","targetHints":{"allow":["GET"]}}],"collection":[{"href":"https:\/\/aivlisoft.net\/shop\/wp-json\/wp\/v2\/product"}],"about":[{"href":"https:\/\/aivlisoft.net\/shop\/wp-json\/wp\/v2\/types\/product"}],"wp:attachment":[{"href":"https:\/\/aivlisoft.net\/shop\/wp-json\/wp\/v2\/media?parent=9992"}],"wp:term":[{"taxonomy":"product_brand","embeddable":true,"href":"https:\/\/aivlisoft.net\/shop\/wp-json\/wp\/v2\/product_brand?post=9992"},{"taxonomy":"product_cat","embeddable":true,"href":"https:\/\/aivlisoft.net\/shop\/wp-json\/wp\/v2\/product_cat?post=9992"},{"taxonomy":"product_tag","embeddable":true,"href":"https:\/\/aivlisoft.net\/shop\/wp-json\/wp\/v2\/product_tag?post=9992"}],"curies":[{"name":"wp","href":"https:\/\/api.w.org\/{rel}","templated":true}]}}