{"id":9987,"date":"2025-01-13T14:01:33","date_gmt":"2025-01-13T14:01:33","guid":{"rendered":"https:\/\/aivlisoft.com\/?post_type=product&#038;p=9987"},"modified":"2025-01-14T10:49:38","modified_gmt":"2025-01-14T10:49:38","slug":"spc-monitor-27-fhd-smartchromecast-12v-mm-wf","status":"publish","type":"product","link":"https:\/\/aivlisoft.net\/shop\/producto\/spc-monitor-27-fhd-smartchromecast-12v-mm-wf\/","title":{"rendered":"SPC Monitor 27&#8243; FHD Smart+Chromecast  12V MM Wf"},"content":{"rendered":"<p><strong>Pantalla de ordenador y Android TV.<\/strong><br \/>El SPC SMART MONITOR es un 2&#215;1 que se convierte en lo que t&uacute; quieras en cada momento.<br \/>Con&eacute;ctalo a tu PC de sobremesa o port&aacute;til para trabajar o estudiar y cuando llegue el momento de desconectar, dedica un rato a los videojuegos, echa un vistazo a los nuevos contenidos de Youtube o disfruta de un cap&iacute;tulo de tu serie favorita accediendo r&aacute;pidamente a las plataformas de streaming m&aacute;s populares como HBO o Netflix.<br \/>Para el deber, para el disfrute. Para el ocio, para el trabajo.<br \/>Todo queda fusionado en este monitor h&iacute;brido dise&ntilde;ado para dar un salto &aacute;gil y r&aacute;pido entre funciones, ahorrar espacio y en definitiva: simplificar tu vida.<\/p>\n<p><strong>Una pantalla vers&aacute;til aliada con el bienestar<\/strong><br \/>Su pantalla de 27&quot; cuenta con una definici&oacute;n superior de contrastes y est&aacute; dise&ntilde;ada para que estar horas frente al monitor sea una grata experiencia.<br \/>Con resoluci&oacute;n Full HD, relaci&oacute;n de aspecto 16:9 para una vista panor&aacute;mica, interfaz libre de reflejos, tratamiento antihuellas, amplio &aacute;ngulo de visi&oacute;n de 178&ordm; en vertical u horizontal y un filtro de luz azul para evitar la fatiga ocular lo convierten en un SMART MONITOR id&oacute;neo para largas jornadas de productividad.<br \/>Y cuando llegue el momento de ponerse en OFF, disfruta con toda nitidez y colores realistas del variado universo multimedia disponible en las plataformas OTT.<\/p>\n<p><strong>Tu smartphone manda<\/strong><br \/>Manda &oacute;rdenes y manda contenidos.<br \/>Env&iacute;a una pel&iacute;cula o un v&iacute;deo de Youtube directamente desde tu smartphone o tablet al SPC SMART MONITOR para que empiece su reproducci&oacute;n sin renunciar a navegar por Internet o chatear en paralelo si as&iacute; lo necesitas.<br \/>Si, por el contrario, necesitas mostrar un documento que tienes en tu smartphone o ense&ntilde;ar las espectaculares fotos de tu &uacute;ltimo viaje, usa el monitor como proyector y disfr&uacute;talas en la gran pantalla.<\/p>\n<p><strong>Hablemos de la conectividad<\/strong><br \/>Incluye dos puertos HDMI, o lo que es lo mismo: incluye la opci&oacute;n de conectar simult&aacute;neamente la videoconsola y el PC al monitor para un extra de flexibilidad entre dispositivos. Tambi&eacute;n dos puertos USB a los que conectar una webcam, rat&oacute;n o teclado y una entrada de audio para insertar tus auriculares por cable.<br \/>Y si tus accesorios son inal&aacute;mbricos, vinc&uacute;lalos por Bluetooth. &iexcl;Admite hasta 5 dispositivos al mismo tiempo! As&iacute; que podr&aacute;s disfrutar de las pel&iacute;culas como en el cine: con un sonido en est&eacute;reo conectando dos altavoces con tecnolog&iacute;a TWS.<\/p>\n<p><strong>Tus deseos son &oacute;rdenes<\/strong><br \/>&iquest;Pulsando o hablando? Pide lo que quieras y como quieras al mando a distancia.<br \/>Incorpora bot&oacute;n de acceso directo a las apps m&aacute;s populares de entretenimiento como Netflix, Youtube o Prime Video y de especial utilidad como Google Play, as&iacute; como los controles de direcci&oacute;n, selecci&oacute;n y control de audio m&aacute;s frecuentes para personalizar tu experiencia.<br \/>Tambi&eacute;n integra micr&oacute;fono para que, tras pulsar el bot&oacute;n que activa el asistente de voz de Google puedas hacer efectivas tus &oacute;rdenes por voz.<\/p>\n<p><strong>Elegancia moderna y adaptable<\/strong><br \/>Dise&ntilde;o elegante, moderno, ultrafino y con marcos hiperreducidos para que disfrutes de las im&aacute;genes de borde a borde, aprovechando al m&aacute;ximo las dimensiones de la pantalla.<br \/>Con un &aacute;ngulo de inclinaci&oacute;n de -5&ordm; a 15&ordm; para que personalices tu punto de vista.<br \/>Y dos opciones de instalaci&oacute;n: como monitor de sobremesa ajustado sobre su minimalista pero estable base o bien anclado a un soporte VESA de pared para ahorrar espacio en tu escritorio y darle un extra de movilidad si incluye brazo articulado.<\/p>\n<table class=\"tabla_caracteristicas k-table\" width=\"100%\">\n<tr>\n<td valign=\"top\"><strong>Marca<\/strong><\/td>\n<td><strong>SPC<\/strong><\/td>\n<\/tr>\n<tr>\n<td valign=\"top\"><strong>Modelo<\/strong><\/td>\n<td><strong>900027N <\/strong><\/td>\n<\/tr>\n<tr>\n<td valign=\"top\"><strong>Pantalla<\/strong><\/td>\n<td>&#8211; Tama&ntilde;o del panel: 27&#8243;<br \/>\t\t\t&#8211; Medidas: 613 x 361.45 x 56.1mm<br \/>\t\t\t&#8211; Resoluci&oacute;n: 1920 x 1080<br \/>\t\t\t&#8211; Relaci&oacute;n aspecto: 16:09<br \/>\t\t\t&#8211; Panel: VA<br \/>\t\t\t&#8211; Brillo (Normal): 250 cd\/m&sup2; (Typ.)<br \/>\t\t\t&#8211; Tiempo de respuesta: 16ms Typ<br \/>\t\t\t&#8211; &Aacute;ngulo de visi&oacute;n (H\/V): 178&deg;(H) \/178&deg;(V)<br \/>\t\t\t&#8211; Refresco: 60Hz<br \/>\t\t\t&#8211; Filtro luz azul<br \/>\t\t\t&#8211; Antirreflejante<br \/>\t\t\t&#8211; Antihuellas<\/td>\n<\/tr>\n<tr>\n<td valign=\"top\"><strong>Conexi&oacute;n<\/strong><\/td>\n<td>&#8211; 2 x USB 2.0<br \/>\t\t\t&#8211; 2 x HDMI (v1.4)<br \/>\t\t\t&#8211; Wi-Fi 5 (a\/b\/g\/n\/ac)<\/td>\n<\/tr>\n<tr>\n<td valign=\"top\"><strong>Caracter&iacute;sticas<\/strong><\/td>\n<td><strong>Ajustes Smart<\/strong><br \/>\t\t\t&#8211; SOC: MT9216<br \/>\t\t\t&#8211; OS: Android TV<br \/>\t\t\t&#8211; Idiomas: Ingl&eacute;s, alem&aacute;n, espa&ntilde;ol, franc&eacute;s, italiano, portugu&eacute;s, turco, ruso, &aacute;rabe, coreano, japon&eacute;s<br \/>\t\t\t&#8211; Interacci&oacute;n por voz<br \/>\t\t\t&#8211; Asistente Google<br \/>\t\t\t&#8211; Chromecast<br \/>\t\t\t&#8211; Acceso remoto<br \/>\t\t\t&#8211; Del m&oacute;vil a la pantalla<br \/>\t\t\t&#8211; Apps preinstaladas: Netflix, Youtube, Prime Video, Google Play<br \/>\t\t\t<strong>Caracter&iacute;stica de audio<\/strong><br \/>\t\t\t&#8211; Altavoces<br \/>\t\t\t<strong>Alimentaci&oacute;n<\/strong><br \/>\t\t\t&#8211; Entrada alimentador: 100-240V~, 50\/60Hz<br \/>\t\t\t&#8211; Salida alimentador: 12V 3A 36W<br \/>\t\t\t&#8211; Indicador de luz: Encendido: azul \/ Apagado: rojo<br \/>\t\t\t&#8211; Energ&iacute;a: 20Wh<br \/>\t\t\t<strong>Dise&ntilde;o mecanico<\/strong><br \/>\t\t\t&#8211; Inclinaci&oacute;n: Sde 5&ordm; a 15&ordm;<br \/>\t\t\t&#8211; Montaje en pared<br \/>\t\t\t<strong>Dimensiones y peso<\/strong><br \/>\t\t\t&#8211; Dimensiones: 613 x 443,77 x&nbsp; 170,1 mm<br \/>\t\t\t&#8211; Peso con soporte: 3.6 kg<br \/>\t\t\t<strong>Contenido<\/strong><br \/>\t\t\t&#8211; Cable alimentaci&oacute;n<br \/>\t\t\t&#8211; Cable HDMI<br \/>\t\t\t&#8211; Bases &#8211; Soporte y base con tornillo<br \/>\t\t\t&#8211; Control remoto con Google Assistant<\/td>\n<\/tr>\n<tr>\n<td valign=\"top\"><strong>Fecha de revisi&oacute;n<\/strong><\/td>\n<td>10-10-2024 por A<\/td>\n<\/tr>\n<\/table>\n","protected":false},"excerpt":{"rendered":"<p>Pantalla de ordenador y Android TV.El SPC SMART MONITOR es un 2&#215;1 que se convierte en lo que t&uacute; quieras en cada momento.Con&eacute;ctalo a tu PC de sobremesa o port&aacute;til para trabajar o estudiar y cuando llegue el momento de desconectar, dedica un rato a los videojuegos, echa un vistazo a los nuevos contenidos de&hellip;&nbsp;<a href=\"https:\/\/aivlisoft.net\/shop\/producto\/spc-monitor-27-fhd-smartchromecast-12v-mm-wf\/\" rel=\"bookmark\"><span class=\"screen-reader-text\">SPC Monitor 27&#8243; FHD Smart+Chromecast  12V MM Wf<\/span><\/a><\/p>\n","protected":false},"featured_media":9988,"template":"","meta":{"neve_meta_sidebar":"","neve_meta_container":"","neve_meta_enable_content_width":"","neve_meta_content_width":0,"neve_meta_title_alignment":"","neve_meta_author_avatar":"","neve_post_elements_order":"","neve_meta_disable_header":"","neve_meta_disable_footer":"","neve_meta_disable_title":""},"product_brand":[],"product_cat":[8720],"product_tag":[3898],"class_list":{"0":"post-9987","1":"product","2":"type-product","3":"status-publish","4":"has-post-thumbnail","6":"product_cat-monitores-led","7":"product_tag-900027n","9":"first","10":"instock","11":"taxable","12":"shipping-taxable","13":"purchasable","14":"product-type-simple"},"yoast_head":"<!-- This site is optimized with the Yoast SEO plugin v26.0 - https:\/\/yoast.com\/wordpress\/plugins\/seo\/ -->\n<title>SPC Monitor 27&quot; FHD Smart+Chromecast 12V MM Wf - Aivlisoft Inform\u00e1tica<\/title>\n<meta name=\"robots\" content=\"index, follow, max-snippet:-1, max-image-preview:large, max-video-preview:-1\" \/>\n<link rel=\"canonical\" href=\"https:\/\/aivlisoft.net\/shop\/producto\/spc-monitor-27-fhd-smartchromecast-12v-mm-wf\/\" \/>\n<meta property=\"og:locale\" content=\"es_ES\" \/>\n<meta property=\"og:type\" content=\"article\" \/>\n<meta property=\"og:title\" content=\"SPC Monitor 27&quot; FHD Smart+Chromecast 12V MM Wf - Aivlisoft Inform\u00e1tica\" \/>\n<meta property=\"og:description\" content=\"Pantalla de ordenador y Android TV.El SPC SMART MONITOR es un 2&#215;1 que se convierte en lo que t&uacute; quieras en cada momento.Con&eacute;ctalo a tu PC de sobremesa o port&aacute;til para trabajar o estudiar y cuando llegue el momento de desconectar, dedica un rato a los videojuegos, echa un vistazo a los nuevos contenidos de&hellip;&nbsp;SPC Monitor 27&#8243; FHD Smart+Chromecast 12V MM Wf\" \/>\n<meta property=\"og:url\" content=\"https:\/\/aivlisoft.net\/shop\/producto\/spc-monitor-27-fhd-smartchromecast-12v-mm-wf\/\" \/>\n<meta property=\"og:site_name\" content=\"Aivlisoft Inform\u00e1tica\" \/>\n<meta property=\"article:modified_time\" content=\"2025-01-14T10:49:38+00:00\" \/>\n<meta property=\"og:image\" content=\"https:\/\/aivlisoft.net\/shop\/wp-content\/uploads\/2025\/01\/FMOMLE0933_800.jpg\" \/>\n\t<meta property=\"og:image:width\" content=\"800\" \/>\n\t<meta property=\"og:image:height\" content=\"800\" \/>\n\t<meta property=\"og:image:type\" content=\"image\/jpeg\" \/>\n<meta name=\"twitter:card\" content=\"summary_large_image\" \/>\n<meta name=\"twitter:label1\" content=\"Tiempo de lectura\" \/>\n\t<meta name=\"twitter:data1\" content=\"5 minutos\" \/>\n<script type=\"application\/ld+json\" class=\"yoast-schema-graph\">{\"@context\":\"https:\/\/schema.org\",\"@graph\":[{\"@type\":\"WebPage\",\"@id\":\"https:\/\/aivlisoft.net\/shop\/producto\/spc-monitor-27-fhd-smartchromecast-12v-mm-wf\/\",\"url\":\"https:\/\/aivlisoft.net\/shop\/producto\/spc-monitor-27-fhd-smartchromecast-12v-mm-wf\/\",\"name\":\"SPC Monitor 27\\\" FHD Smart+Chromecast 12V MM Wf - Aivlisoft Inform\u00e1tica\",\"isPartOf\":{\"@id\":\"https:\/\/aivlisoft.net\/shop\/#website\"},\"primaryImageOfPage\":{\"@id\":\"https:\/\/aivlisoft.net\/shop\/producto\/spc-monitor-27-fhd-smartchromecast-12v-mm-wf\/#primaryimage\"},\"image\":{\"@id\":\"https:\/\/aivlisoft.net\/shop\/producto\/spc-monitor-27-fhd-smartchromecast-12v-mm-wf\/#primaryimage\"},\"thumbnailUrl\":\"https:\/\/aivlisoft.net\/shop\/wp-content\/uploads\/2025\/01\/FMOMLE0933_800.jpg\",\"datePublished\":\"2025-01-13T14:01:33+00:00\",\"dateModified\":\"2025-01-14T10:49:38+00:00\",\"breadcrumb\":{\"@id\":\"https:\/\/aivlisoft.net\/shop\/producto\/spc-monitor-27-fhd-smartchromecast-12v-mm-wf\/#breadcrumb\"},\"inLanguage\":\"es\",\"potentialAction\":[{\"@type\":\"ReadAction\",\"target\":[\"https:\/\/aivlisoft.net\/shop\/producto\/spc-monitor-27-fhd-smartchromecast-12v-mm-wf\/\"]}]},{\"@type\":\"ImageObject\",\"inLanguage\":\"es\",\"@id\":\"https:\/\/aivlisoft.net\/shop\/producto\/spc-monitor-27-fhd-smartchromecast-12v-mm-wf\/#primaryimage\",\"url\":\"https:\/\/aivlisoft.net\/shop\/wp-content\/uploads\/2025\/01\/FMOMLE0933_800.jpg\",\"contentUrl\":\"https:\/\/aivlisoft.net\/shop\/wp-content\/uploads\/2025\/01\/FMOMLE0933_800.jpg\",\"width\":800,\"height\":800},{\"@type\":\"BreadcrumbList\",\"@id\":\"https:\/\/aivlisoft.net\/shop\/producto\/spc-monitor-27-fhd-smartchromecast-12v-mm-wf\/#breadcrumb\",\"itemListElement\":[{\"@type\":\"ListItem\",\"position\":1,\"name\":\"Portada\",\"item\":\"https:\/\/aivlisoft.net\/shop\/\"},{\"@type\":\"ListItem\",\"position\":2,\"name\":\"Tienda\",\"item\":\"https:\/\/aivlisoft.net\/shop\/tienda\/\"},{\"@type\":\"ListItem\",\"position\":3,\"name\":\"SPC Monitor 27&#8243; FHD Smart+Chromecast 12V MM Wf\"}]},{\"@type\":\"WebSite\",\"@id\":\"https:\/\/aivlisoft.net\/shop\/#website\",\"url\":\"https:\/\/aivlisoft.net\/shop\/\",\"name\":\"Aivlisoft Inform\u00e1tica\",\"description\":\"En Aivlisoft Inform\u00e1tica ofrecemos soluciones tecnol\u00f3gicas para empresas: venta de ordenadores, consumibles, perif\u00e9ricos y m\u00e1s. Calidad, atenci\u00f3n personalizada y los mejores precios para tu negocio.\",\"publisher\":{\"@id\":\"https:\/\/aivlisoft.net\/shop\/#organization\"},\"potentialAction\":[{\"@type\":\"SearchAction\",\"target\":{\"@type\":\"EntryPoint\",\"urlTemplate\":\"https:\/\/aivlisoft.net\/shop\/?s={search_term_string}\"},\"query-input\":{\"@type\":\"PropertyValueSpecification\",\"valueRequired\":true,\"valueName\":\"search_term_string\"}}],\"inLanguage\":\"es\"},{\"@type\":\"Organization\",\"@id\":\"https:\/\/aivlisoft.net\/shop\/#organization\",\"name\":\"Aivlisoft Inform\u00e1tica\",\"url\":\"https:\/\/aivlisoft.net\/shop\/\",\"logo\":{\"@type\":\"ImageObject\",\"inLanguage\":\"es\",\"@id\":\"https:\/\/aivlisoft.net\/shop\/#\/schema\/logo\/image\/\",\"url\":\"https:\/\/aivlisoft.net\/shop\/wp-content\/uploads\/2024\/12\/removal.ai_5b848c54-0cdf-4140-95c5-c5536bb7573b-logodef.png\",\"contentUrl\":\"https:\/\/aivlisoft.net\/shop\/wp-content\/uploads\/2024\/12\/removal.ai_5b848c54-0cdf-4140-95c5-c5536bb7573b-logodef.png\",\"width\":484,\"height\":182,\"caption\":\"Aivlisoft Inform\u00e1tica\"},\"image\":{\"@id\":\"https:\/\/aivlisoft.net\/shop\/#\/schema\/logo\/image\/\"}}]}<\/script>\n<!-- \/ Yoast SEO plugin. -->","yoast_head_json":{"title":"SPC Monitor 27\" FHD Smart+Chromecast 12V MM Wf - Aivlisoft Inform\u00e1tica","robots":{"index":"index","follow":"follow","max-snippet":"max-snippet:-1","max-image-preview":"max-image-preview:large","max-video-preview":"max-video-preview:-1"},"canonical":"https:\/\/aivlisoft.net\/shop\/producto\/spc-monitor-27-fhd-smartchromecast-12v-mm-wf\/","og_locale":"es_ES","og_type":"article","og_title":"SPC Monitor 27\" FHD Smart+Chromecast 12V MM Wf - Aivlisoft Inform\u00e1tica","og_description":"Pantalla de ordenador y Android TV.El SPC SMART MONITOR es un 2&#215;1 que se convierte en lo que t&uacute; quieras en cada momento.Con&eacute;ctalo a tu PC de sobremesa o port&aacute;til para trabajar o estudiar y cuando llegue el momento de desconectar, dedica un rato a los videojuegos, echa un vistazo a los nuevos contenidos de&hellip;&nbsp;SPC Monitor 27&#8243; FHD Smart+Chromecast 12V MM Wf","og_url":"https:\/\/aivlisoft.net\/shop\/producto\/spc-monitor-27-fhd-smartchromecast-12v-mm-wf\/","og_site_name":"Aivlisoft Inform\u00e1tica","article_modified_time":"2025-01-14T10:49:38+00:00","og_image":[{"width":800,"height":800,"url":"https:\/\/aivlisoft.net\/shop\/wp-content\/uploads\/2025\/01\/FMOMLE0933_800.jpg","type":"image\/jpeg"}],"twitter_card":"summary_large_image","twitter_misc":{"Tiempo de lectura":"5 minutos"},"schema":{"@context":"https:\/\/schema.org","@graph":[{"@type":"WebPage","@id":"https:\/\/aivlisoft.net\/shop\/producto\/spc-monitor-27-fhd-smartchromecast-12v-mm-wf\/","url":"https:\/\/aivlisoft.net\/shop\/producto\/spc-monitor-27-fhd-smartchromecast-12v-mm-wf\/","name":"SPC Monitor 27\" FHD Smart+Chromecast 12V MM Wf - Aivlisoft Inform\u00e1tica","isPartOf":{"@id":"https:\/\/aivlisoft.net\/shop\/#website"},"primaryImageOfPage":{"@id":"https:\/\/aivlisoft.net\/shop\/producto\/spc-monitor-27-fhd-smartchromecast-12v-mm-wf\/#primaryimage"},"image":{"@id":"https:\/\/aivlisoft.net\/shop\/producto\/spc-monitor-27-fhd-smartchromecast-12v-mm-wf\/#primaryimage"},"thumbnailUrl":"https:\/\/aivlisoft.net\/shop\/wp-content\/uploads\/2025\/01\/FMOMLE0933_800.jpg","datePublished":"2025-01-13T14:01:33+00:00","dateModified":"2025-01-14T10:49:38+00:00","breadcrumb":{"@id":"https:\/\/aivlisoft.net\/shop\/producto\/spc-monitor-27-fhd-smartchromecast-12v-mm-wf\/#breadcrumb"},"inLanguage":"es","potentialAction":[{"@type":"ReadAction","target":["https:\/\/aivlisoft.net\/shop\/producto\/spc-monitor-27-fhd-smartchromecast-12v-mm-wf\/"]}]},{"@type":"ImageObject","inLanguage":"es","@id":"https:\/\/aivlisoft.net\/shop\/producto\/spc-monitor-27-fhd-smartchromecast-12v-mm-wf\/#primaryimage","url":"https:\/\/aivlisoft.net\/shop\/wp-content\/uploads\/2025\/01\/FMOMLE0933_800.jpg","contentUrl":"https:\/\/aivlisoft.net\/shop\/wp-content\/uploads\/2025\/01\/FMOMLE0933_800.jpg","width":800,"height":800},{"@type":"BreadcrumbList","@id":"https:\/\/aivlisoft.net\/shop\/producto\/spc-monitor-27-fhd-smartchromecast-12v-mm-wf\/#breadcrumb","itemListElement":[{"@type":"ListItem","position":1,"name":"Portada","item":"https:\/\/aivlisoft.net\/shop\/"},{"@type":"ListItem","position":2,"name":"Tienda","item":"https:\/\/aivlisoft.net\/shop\/tienda\/"},{"@type":"ListItem","position":3,"name":"SPC Monitor 27&#8243; FHD Smart+Chromecast 12V MM Wf"}]},{"@type":"WebSite","@id":"https:\/\/aivlisoft.net\/shop\/#website","url":"https:\/\/aivlisoft.net\/shop\/","name":"Aivlisoft Inform\u00e1tica","description":"En Aivlisoft Inform\u00e1tica ofrecemos soluciones tecnol\u00f3gicas para empresas: venta de ordenadores, consumibles, perif\u00e9ricos y m\u00e1s. Calidad, atenci\u00f3n personalizada y los mejores precios para tu negocio.","publisher":{"@id":"https:\/\/aivlisoft.net\/shop\/#organization"},"potentialAction":[{"@type":"SearchAction","target":{"@type":"EntryPoint","urlTemplate":"https:\/\/aivlisoft.net\/shop\/?s={search_term_string}"},"query-input":{"@type":"PropertyValueSpecification","valueRequired":true,"valueName":"search_term_string"}}],"inLanguage":"es"},{"@type":"Organization","@id":"https:\/\/aivlisoft.net\/shop\/#organization","name":"Aivlisoft Inform\u00e1tica","url":"https:\/\/aivlisoft.net\/shop\/","logo":{"@type":"ImageObject","inLanguage":"es","@id":"https:\/\/aivlisoft.net\/shop\/#\/schema\/logo\/image\/","url":"https:\/\/aivlisoft.net\/shop\/wp-content\/uploads\/2024\/12\/removal.ai_5b848c54-0cdf-4140-95c5-c5536bb7573b-logodef.png","contentUrl":"https:\/\/aivlisoft.net\/shop\/wp-content\/uploads\/2024\/12\/removal.ai_5b848c54-0cdf-4140-95c5-c5536bb7573b-logodef.png","width":484,"height":182,"caption":"Aivlisoft Inform\u00e1tica"},"image":{"@id":"https:\/\/aivlisoft.net\/shop\/#\/schema\/logo\/image\/"}}]}},"_links":{"self":[{"href":"https:\/\/aivlisoft.net\/shop\/wp-json\/wp\/v2\/product\/9987","targetHints":{"allow":["GET"]}}],"collection":[{"href":"https:\/\/aivlisoft.net\/shop\/wp-json\/wp\/v2\/product"}],"about":[{"href":"https:\/\/aivlisoft.net\/shop\/wp-json\/wp\/v2\/types\/product"}],"wp:featuredmedia":[{"embeddable":true,"href":"https:\/\/aivlisoft.net\/shop\/wp-json\/wp\/v2\/media\/9988"}],"wp:attachment":[{"href":"https:\/\/aivlisoft.net\/shop\/wp-json\/wp\/v2\/media?parent=9987"}],"wp:term":[{"taxonomy":"product_brand","embeddable":true,"href":"https:\/\/aivlisoft.net\/shop\/wp-json\/wp\/v2\/product_brand?post=9987"},{"taxonomy":"product_cat","embeddable":true,"href":"https:\/\/aivlisoft.net\/shop\/wp-json\/wp\/v2\/product_cat?post=9987"},{"taxonomy":"product_tag","embeddable":true,"href":"https:\/\/aivlisoft.net\/shop\/wp-json\/wp\/v2\/product_tag?post=9987"}],"curies":[{"name":"wp","href":"https:\/\/api.w.org\/{rel}","templated":true}]}}