{"id":9951,"date":"2025-01-13T14:01:19","date_gmt":"2025-01-13T14:01:19","guid":{"rendered":"https:\/\/aivlisoft.com\/?post_type=product&#038;p=9951"},"modified":"2025-01-14T10:49:30","modified_gmt":"2025-01-14T10:49:30","slug":"lg-27gs60qc-b-monitor-27-180h-1m-dp-2xhdmi-mm-cu","status":"publish","type":"product","link":"https:\/\/aivlisoft.net\/shop\/producto\/lg-27gs60qc-b-monitor-27-180h-1m-dp-2xhdmi-mm-cu\/","title":{"rendered":"LG 27GS60QC-B  Monitor 27&#8243; 180h 1m DP 2xHDMI MM cu"},"content":{"rendered":"<p><\/p>\n<table class=\"tabla_caracteristicas k-table\" width=\"100%\">\n<tr>\n<td valign=\"top\"><strong>Marca<\/strong><\/td>\n<td>LG<\/td>\n<\/tr>\n<tr>\n<td valign=\"top\"><strong>Modelo<\/strong><\/td>\n<td><strong>27GS60QC-B<\/strong><\/td>\n<\/tr>\n<tr>\n<td valign=\"top\"><strong>Pantalla<\/strong><\/td>\n<td>&#8211; Tama&ntilde;o: <strong>27&#8243; <\/strong>( 68,4 cm)<br \/>\t\t\t&#8211; Resoluci&oacute;n: 2560 x 1440<br \/>\t\t\t&#8211; Tipo de panel: VA<br \/>\t\t\t&#8211; Tiempo de respuesta: 1ms (GtG at Faster)<br \/>\t\t\t&#8211; Ratio de Aspecto: 16:9<br \/>\t\t\t&#8211; Tama&ntilde;o de Pixel: 0,233 x 0,233<br \/>\t\t\t&#8211; Profundidad de Color (N&ordm; de colores): 16.7B<br \/>\t\t\t&#8211; &Aacute;ngulo de Visi&oacute;n (RC&ge;10): 178&ordm;(R\/L), 178&ordm;(U\/D)<br \/>\t\t\t&#8211; Brillo (M&iacute;n.): 250 cd\/m&sup2;<br \/>\t\t\t&#8211; Brillo (T&iacute;p.): 300cd\/m&sup2;<br \/>\t\t\t&#8211; Gamut de Color (T&iacute;p.): sRGB 99% (CIE1931)<br \/>\t\t\t&#8211; Gama de colores (m&iacute;n.): sRGB 95% (CIE1931)<br \/>\t\t\t&#8211; Curvatura: 1000R<br \/>\t\t\t&#8211; Frecuencia de actualizaci&oacute;n (m&aacute;x.) [Hz]: 180<br \/>\t\t\t&#8211; Relaci&oacute;n Contraste (Min.): 2400:1<br \/>\t\t\t&#8211; Bit de color: 8bit (6bit+FRC)<\/td>\n<\/tr>\n<tr>\n<td valign=\"top\"><strong>Conexi&oacute;n<\/strong><\/td>\n<td>&#8211; 2 x HDMI 1<br \/>\t\t\t&#8211; 1 x DisplayPort 1.4<br \/>\t\t\t&#8211; Salida para Auriculares 3-pole (Sound Only)<\/td>\n<\/tr>\n<tr>\n<td valign=\"top\"><strong>Caracter&iacute;stica<\/strong><\/td>\n<td>&#8211; HDR 10<br \/>\t\t\t&#8211; AMD FreeSync: FreeSync<br \/>\t\t\t&#8211; Debilidad de Color<br \/>\t\t\t&#8211; Ahorro inteligente de energ&iacute;a<br \/>\t\t\t&#8211; Color Calibrado en F&aacute;brica<br \/>\t\t\t&#8211; A prueba de parpadeos<br \/>\t\t\t&#8211; Sincronizaci&oacute;n din&aacute;mica de acciones<br \/>\t\t\t&#8211; Estabilizador de negro<br \/>\t\t\t&#8211; Ret&iacute;culo<br \/>\t\t\t&#8211; Modo Lector<br \/>\t\t\t&#8211; Contador FPS<br \/>\t\t\t&#8211; Tecla definida por el usuario<br \/>\t\t\t&#8211; Auto Input Switch<br \/>\t\t\t&#8211; Efecto HDR<br \/>\t\t\t<strong>SW<\/strong><br \/>\t\t\t&#8211; Controlador doble<br \/>\t\t\t&#8211; OnScreen-Control<br \/>\t\t\tEstandares<br \/>\t\t\t&#8211; UL (cUL)<br \/>\t\t\t&#8211; CE<br \/>\t\t\t&#8211; KC (para Rep. de Corea)&nbsp;<br \/>\t\t\t<strong>Alimentaci&oacute;n<\/strong><br \/>\t\t\t&#8211; Consumo de energ&iacute;a (m&aacute;x.): 19W<br \/>\t\t\t&#8211; Consumo de energ&iacute;a (modo de reposo): Menos de 0,3 W<br \/>\t\t\t&#8211; Consumo de energ&iacute;a (t&iacute;p.): 22W<br \/>\t\t\t&#8211; Consumo de energ&iacute;a (CC apagada): Menos de 0,3 W<br \/>\t\t\t&#8211; Entrada CA: 100~240V (50\/60Hz)<br \/>\t\t\t&#8211; Tipo: Alimentaci&oacute;n externa (adaptador)<br \/>\t\t\t&#8211; Salida CC: 19V \/ 2.1A<br \/>\t\t\t<strong>Caracter&iacute;sticas Mec&aacute;nicas<\/strong><br \/>\t\t\t&#8211; Ajustes de posici&oacute;n de la pantalla: Inclinaci&oacute;n (eje horizontal)<br \/>\t\t\t&#8211; Montaje en Pared (VESA): 100 x 100 mm<br \/>\t\t\t<strong>Dimensiones y peso<\/strong><br \/>\t\t\t&#8211; 604,9 x 450,7 x 226,5 mm<br \/>\t\t\t&#8211; 4,8 kg<\/td>\n<\/tr>\n<tr>\n<td valign=\"top\"><strong>Certificado energ&eacute;tico<\/strong><\/td>\n<td><a alt=\"Certificado energ&Atilde;&#402;????&Atilde;&#402;???&Atilde;&#402;??&Atilde;&#402;?&Atilde;&#8218;&Acirc;&copy;tico\" href=\"https:\/\/www.infortisa.com\/images\/content\/2024092612313128844FMOMLE0917.webp\" target=\"_blank\">Ver certificado<\/a><\/td>\n<\/tr>\n<tr>\n<td valign=\"top\"><strong>Fecha de revisi&oacute;n<\/strong><\/td>\n<td>26-09-2024 por RTY<\/td>\n<\/tr>\n<\/table>\n","protected":false},"excerpt":{"rendered":"<p>Marca LG Modelo 27GS60QC-B Pantalla &#8211; Tama&ntilde;o: 27&#8243; ( 68,4 cm) &#8211; Resoluci&oacute;n: 2560 x 1440 &#8211; Tipo de panel: VA &#8211; Tiempo de respuesta: 1ms (GtG at Faster) &#8211; Ratio de Aspecto: 16:9 &#8211; Tama&ntilde;o de Pixel: 0,233 x 0,233 &#8211; Profundidad de Color (N&ordm; de colores): 16.7B &#8211; &Aacute;ngulo de Visi&oacute;n (RC&ge;10): 178&ordm;(R\/L),&hellip;&nbsp;<a href=\"https:\/\/aivlisoft.net\/shop\/producto\/lg-27gs60qc-b-monitor-27-180h-1m-dp-2xhdmi-mm-cu\/\" rel=\"bookmark\"><span class=\"screen-reader-text\">LG 27GS60QC-B  Monitor 27&#8243; 180h 1m DP 2xHDMI MM cu<\/span><\/a><\/p>\n","protected":false},"featured_media":9952,"template":"","meta":{"neve_meta_sidebar":"","neve_meta_container":"","neve_meta_enable_content_width":"","neve_meta_content_width":0,"neve_meta_title_alignment":"","neve_meta_author_avatar":"","neve_post_elements_order":"","neve_meta_disable_header":"","neve_meta_disable_footer":"","neve_meta_disable_title":""},"product_brand":[],"product_cat":[8720],"product_tag":[3889],"class_list":{"0":"post-9951","1":"product","2":"type-product","3":"status-publish","4":"has-post-thumbnail","6":"product_cat-monitores-led","7":"product_tag-27gs60qc-b","9":"first","10":"instock","11":"taxable","12":"shipping-taxable","13":"purchasable","14":"product-type-simple"},"yoast_head":"<!-- This site is optimized with the Yoast SEO plugin v26.0 - https:\/\/yoast.com\/wordpress\/plugins\/seo\/ -->\n<title>LG 27GS60QC-B Monitor 27&quot; 180h 1m DP 2xHDMI MM cu - Aivlisoft Inform\u00e1tica<\/title>\n<meta name=\"robots\" content=\"index, follow, max-snippet:-1, max-image-preview:large, max-video-preview:-1\" \/>\n<link rel=\"canonical\" href=\"https:\/\/aivlisoft.net\/shop\/producto\/lg-27gs60qc-b-monitor-27-180h-1m-dp-2xhdmi-mm-cu\/\" \/>\n<meta property=\"og:locale\" content=\"es_ES\" \/>\n<meta property=\"og:type\" content=\"article\" \/>\n<meta property=\"og:title\" content=\"LG 27GS60QC-B Monitor 27&quot; 180h 1m DP 2xHDMI MM cu - Aivlisoft Inform\u00e1tica\" \/>\n<meta property=\"og:description\" content=\"Marca LG Modelo 27GS60QC-B Pantalla &#8211; Tama&ntilde;o: 27&#8243; ( 68,4 cm) &#8211; Resoluci&oacute;n: 2560 x 1440 &#8211; Tipo de panel: VA &#8211; Tiempo de respuesta: 1ms (GtG at Faster) &#8211; Ratio de Aspecto: 16:9 &#8211; Tama&ntilde;o de Pixel: 0,233 x 0,233 &#8211; Profundidad de Color (N&ordm; de colores): 16.7B &#8211; &Aacute;ngulo de Visi&oacute;n (RC&ge;10): 178&ordm;(R\/L),&hellip;&nbsp;LG 27GS60QC-B Monitor 27&#8243; 180h 1m DP 2xHDMI MM cu\" \/>\n<meta property=\"og:url\" content=\"https:\/\/aivlisoft.net\/shop\/producto\/lg-27gs60qc-b-monitor-27-180h-1m-dp-2xhdmi-mm-cu\/\" \/>\n<meta property=\"og:site_name\" content=\"Aivlisoft Inform\u00e1tica\" \/>\n<meta property=\"article:modified_time\" content=\"2025-01-14T10:49:30+00:00\" \/>\n<meta property=\"og:image\" content=\"https:\/\/aivlisoft.net\/shop\/wp-content\/uploads\/2025\/01\/FMOMLE0917_800.jpg\" \/>\n\t<meta property=\"og:image:width\" content=\"800\" \/>\n\t<meta property=\"og:image:height\" content=\"800\" \/>\n\t<meta property=\"og:image:type\" content=\"image\/jpeg\" \/>\n<meta name=\"twitter:card\" content=\"summary_large_image\" \/>\n<meta name=\"twitter:label1\" content=\"Tiempo de lectura\" \/>\n\t<meta name=\"twitter:data1\" content=\"2 minutos\" \/>\n<script type=\"application\/ld+json\" class=\"yoast-schema-graph\">{\"@context\":\"https:\/\/schema.org\",\"@graph\":[{\"@type\":\"WebPage\",\"@id\":\"https:\/\/aivlisoft.net\/shop\/producto\/lg-27gs60qc-b-monitor-27-180h-1m-dp-2xhdmi-mm-cu\/\",\"url\":\"https:\/\/aivlisoft.net\/shop\/producto\/lg-27gs60qc-b-monitor-27-180h-1m-dp-2xhdmi-mm-cu\/\",\"name\":\"LG 27GS60QC-B Monitor 27\\\" 180h 1m DP 2xHDMI MM cu - Aivlisoft Inform\u00e1tica\",\"isPartOf\":{\"@id\":\"https:\/\/aivlisoft.net\/shop\/#website\"},\"primaryImageOfPage\":{\"@id\":\"https:\/\/aivlisoft.net\/shop\/producto\/lg-27gs60qc-b-monitor-27-180h-1m-dp-2xhdmi-mm-cu\/#primaryimage\"},\"image\":{\"@id\":\"https:\/\/aivlisoft.net\/shop\/producto\/lg-27gs60qc-b-monitor-27-180h-1m-dp-2xhdmi-mm-cu\/#primaryimage\"},\"thumbnailUrl\":\"https:\/\/aivlisoft.net\/shop\/wp-content\/uploads\/2025\/01\/FMOMLE0917_800.jpg\",\"datePublished\":\"2025-01-13T14:01:19+00:00\",\"dateModified\":\"2025-01-14T10:49:30+00:00\",\"breadcrumb\":{\"@id\":\"https:\/\/aivlisoft.net\/shop\/producto\/lg-27gs60qc-b-monitor-27-180h-1m-dp-2xhdmi-mm-cu\/#breadcrumb\"},\"inLanguage\":\"es\",\"potentialAction\":[{\"@type\":\"ReadAction\",\"target\":[\"https:\/\/aivlisoft.net\/shop\/producto\/lg-27gs60qc-b-monitor-27-180h-1m-dp-2xhdmi-mm-cu\/\"]}]},{\"@type\":\"ImageObject\",\"inLanguage\":\"es\",\"@id\":\"https:\/\/aivlisoft.net\/shop\/producto\/lg-27gs60qc-b-monitor-27-180h-1m-dp-2xhdmi-mm-cu\/#primaryimage\",\"url\":\"https:\/\/aivlisoft.net\/shop\/wp-content\/uploads\/2025\/01\/FMOMLE0917_800.jpg\",\"contentUrl\":\"https:\/\/aivlisoft.net\/shop\/wp-content\/uploads\/2025\/01\/FMOMLE0917_800.jpg\",\"width\":800,\"height\":800},{\"@type\":\"BreadcrumbList\",\"@id\":\"https:\/\/aivlisoft.net\/shop\/producto\/lg-27gs60qc-b-monitor-27-180h-1m-dp-2xhdmi-mm-cu\/#breadcrumb\",\"itemListElement\":[{\"@type\":\"ListItem\",\"position\":1,\"name\":\"Portada\",\"item\":\"https:\/\/aivlisoft.net\/shop\/\"},{\"@type\":\"ListItem\",\"position\":2,\"name\":\"Tienda\",\"item\":\"https:\/\/aivlisoft.net\/shop\/tienda\/\"},{\"@type\":\"ListItem\",\"position\":3,\"name\":\"LG 27GS60QC-B Monitor 27&#8243; 180h 1m DP 2xHDMI MM cu\"}]},{\"@type\":\"WebSite\",\"@id\":\"https:\/\/aivlisoft.net\/shop\/#website\",\"url\":\"https:\/\/aivlisoft.net\/shop\/\",\"name\":\"Aivlisoft Inform\u00e1tica\",\"description\":\"En Aivlisoft Inform\u00e1tica ofrecemos soluciones tecnol\u00f3gicas para empresas: venta de ordenadores, consumibles, perif\u00e9ricos y m\u00e1s. Calidad, atenci\u00f3n personalizada y los mejores precios para tu negocio.\",\"publisher\":{\"@id\":\"https:\/\/aivlisoft.net\/shop\/#organization\"},\"potentialAction\":[{\"@type\":\"SearchAction\",\"target\":{\"@type\":\"EntryPoint\",\"urlTemplate\":\"https:\/\/aivlisoft.net\/shop\/?s={search_term_string}\"},\"query-input\":{\"@type\":\"PropertyValueSpecification\",\"valueRequired\":true,\"valueName\":\"search_term_string\"}}],\"inLanguage\":\"es\"},{\"@type\":\"Organization\",\"@id\":\"https:\/\/aivlisoft.net\/shop\/#organization\",\"name\":\"Aivlisoft Inform\u00e1tica\",\"url\":\"https:\/\/aivlisoft.net\/shop\/\",\"logo\":{\"@type\":\"ImageObject\",\"inLanguage\":\"es\",\"@id\":\"https:\/\/aivlisoft.net\/shop\/#\/schema\/logo\/image\/\",\"url\":\"https:\/\/aivlisoft.net\/shop\/wp-content\/uploads\/2024\/12\/removal.ai_5b848c54-0cdf-4140-95c5-c5536bb7573b-logodef.png\",\"contentUrl\":\"https:\/\/aivlisoft.net\/shop\/wp-content\/uploads\/2024\/12\/removal.ai_5b848c54-0cdf-4140-95c5-c5536bb7573b-logodef.png\",\"width\":484,\"height\":182,\"caption\":\"Aivlisoft Inform\u00e1tica\"},\"image\":{\"@id\":\"https:\/\/aivlisoft.net\/shop\/#\/schema\/logo\/image\/\"}}]}<\/script>\n<!-- \/ Yoast SEO plugin. -->","yoast_head_json":{"title":"LG 27GS60QC-B Monitor 27\" 180h 1m DP 2xHDMI MM cu - Aivlisoft Inform\u00e1tica","robots":{"index":"index","follow":"follow","max-snippet":"max-snippet:-1","max-image-preview":"max-image-preview:large","max-video-preview":"max-video-preview:-1"},"canonical":"https:\/\/aivlisoft.net\/shop\/producto\/lg-27gs60qc-b-monitor-27-180h-1m-dp-2xhdmi-mm-cu\/","og_locale":"es_ES","og_type":"article","og_title":"LG 27GS60QC-B Monitor 27\" 180h 1m DP 2xHDMI MM cu - Aivlisoft Inform\u00e1tica","og_description":"Marca LG Modelo 27GS60QC-B Pantalla &#8211; Tama&ntilde;o: 27&#8243; ( 68,4 cm) &#8211; Resoluci&oacute;n: 2560 x 1440 &#8211; Tipo de panel: VA &#8211; Tiempo de respuesta: 1ms (GtG at Faster) &#8211; Ratio de Aspecto: 16:9 &#8211; Tama&ntilde;o de Pixel: 0,233 x 0,233 &#8211; Profundidad de Color (N&ordm; de colores): 16.7B &#8211; &Aacute;ngulo de Visi&oacute;n (RC&ge;10): 178&ordm;(R\/L),&hellip;&nbsp;LG 27GS60QC-B Monitor 27&#8243; 180h 1m DP 2xHDMI MM cu","og_url":"https:\/\/aivlisoft.net\/shop\/producto\/lg-27gs60qc-b-monitor-27-180h-1m-dp-2xhdmi-mm-cu\/","og_site_name":"Aivlisoft Inform\u00e1tica","article_modified_time":"2025-01-14T10:49:30+00:00","og_image":[{"width":800,"height":800,"url":"https:\/\/aivlisoft.net\/shop\/wp-content\/uploads\/2025\/01\/FMOMLE0917_800.jpg","type":"image\/jpeg"}],"twitter_card":"summary_large_image","twitter_misc":{"Tiempo de lectura":"2 minutos"},"schema":{"@context":"https:\/\/schema.org","@graph":[{"@type":"WebPage","@id":"https:\/\/aivlisoft.net\/shop\/producto\/lg-27gs60qc-b-monitor-27-180h-1m-dp-2xhdmi-mm-cu\/","url":"https:\/\/aivlisoft.net\/shop\/producto\/lg-27gs60qc-b-monitor-27-180h-1m-dp-2xhdmi-mm-cu\/","name":"LG 27GS60QC-B Monitor 27\" 180h 1m DP 2xHDMI MM cu - Aivlisoft Inform\u00e1tica","isPartOf":{"@id":"https:\/\/aivlisoft.net\/shop\/#website"},"primaryImageOfPage":{"@id":"https:\/\/aivlisoft.net\/shop\/producto\/lg-27gs60qc-b-monitor-27-180h-1m-dp-2xhdmi-mm-cu\/#primaryimage"},"image":{"@id":"https:\/\/aivlisoft.net\/shop\/producto\/lg-27gs60qc-b-monitor-27-180h-1m-dp-2xhdmi-mm-cu\/#primaryimage"},"thumbnailUrl":"https:\/\/aivlisoft.net\/shop\/wp-content\/uploads\/2025\/01\/FMOMLE0917_800.jpg","datePublished":"2025-01-13T14:01:19+00:00","dateModified":"2025-01-14T10:49:30+00:00","breadcrumb":{"@id":"https:\/\/aivlisoft.net\/shop\/producto\/lg-27gs60qc-b-monitor-27-180h-1m-dp-2xhdmi-mm-cu\/#breadcrumb"},"inLanguage":"es","potentialAction":[{"@type":"ReadAction","target":["https:\/\/aivlisoft.net\/shop\/producto\/lg-27gs60qc-b-monitor-27-180h-1m-dp-2xhdmi-mm-cu\/"]}]},{"@type":"ImageObject","inLanguage":"es","@id":"https:\/\/aivlisoft.net\/shop\/producto\/lg-27gs60qc-b-monitor-27-180h-1m-dp-2xhdmi-mm-cu\/#primaryimage","url":"https:\/\/aivlisoft.net\/shop\/wp-content\/uploads\/2025\/01\/FMOMLE0917_800.jpg","contentUrl":"https:\/\/aivlisoft.net\/shop\/wp-content\/uploads\/2025\/01\/FMOMLE0917_800.jpg","width":800,"height":800},{"@type":"BreadcrumbList","@id":"https:\/\/aivlisoft.net\/shop\/producto\/lg-27gs60qc-b-monitor-27-180h-1m-dp-2xhdmi-mm-cu\/#breadcrumb","itemListElement":[{"@type":"ListItem","position":1,"name":"Portada","item":"https:\/\/aivlisoft.net\/shop\/"},{"@type":"ListItem","position":2,"name":"Tienda","item":"https:\/\/aivlisoft.net\/shop\/tienda\/"},{"@type":"ListItem","position":3,"name":"LG 27GS60QC-B Monitor 27&#8243; 180h 1m DP 2xHDMI MM cu"}]},{"@type":"WebSite","@id":"https:\/\/aivlisoft.net\/shop\/#website","url":"https:\/\/aivlisoft.net\/shop\/","name":"Aivlisoft Inform\u00e1tica","description":"En Aivlisoft Inform\u00e1tica ofrecemos soluciones tecnol\u00f3gicas para empresas: venta de ordenadores, consumibles, perif\u00e9ricos y m\u00e1s. Calidad, atenci\u00f3n personalizada y los mejores precios para tu negocio.","publisher":{"@id":"https:\/\/aivlisoft.net\/shop\/#organization"},"potentialAction":[{"@type":"SearchAction","target":{"@type":"EntryPoint","urlTemplate":"https:\/\/aivlisoft.net\/shop\/?s={search_term_string}"},"query-input":{"@type":"PropertyValueSpecification","valueRequired":true,"valueName":"search_term_string"}}],"inLanguage":"es"},{"@type":"Organization","@id":"https:\/\/aivlisoft.net\/shop\/#organization","name":"Aivlisoft Inform\u00e1tica","url":"https:\/\/aivlisoft.net\/shop\/","logo":{"@type":"ImageObject","inLanguage":"es","@id":"https:\/\/aivlisoft.net\/shop\/#\/schema\/logo\/image\/","url":"https:\/\/aivlisoft.net\/shop\/wp-content\/uploads\/2024\/12\/removal.ai_5b848c54-0cdf-4140-95c5-c5536bb7573b-logodef.png","contentUrl":"https:\/\/aivlisoft.net\/shop\/wp-content\/uploads\/2024\/12\/removal.ai_5b848c54-0cdf-4140-95c5-c5536bb7573b-logodef.png","width":484,"height":182,"caption":"Aivlisoft Inform\u00e1tica"},"image":{"@id":"https:\/\/aivlisoft.net\/shop\/#\/schema\/logo\/image\/"}}]}},"_links":{"self":[{"href":"https:\/\/aivlisoft.net\/shop\/wp-json\/wp\/v2\/product\/9951","targetHints":{"allow":["GET"]}}],"collection":[{"href":"https:\/\/aivlisoft.net\/shop\/wp-json\/wp\/v2\/product"}],"about":[{"href":"https:\/\/aivlisoft.net\/shop\/wp-json\/wp\/v2\/types\/product"}],"wp:featuredmedia":[{"embeddable":true,"href":"https:\/\/aivlisoft.net\/shop\/wp-json\/wp\/v2\/media\/9952"}],"wp:attachment":[{"href":"https:\/\/aivlisoft.net\/shop\/wp-json\/wp\/v2\/media?parent=9951"}],"wp:term":[{"taxonomy":"product_brand","embeddable":true,"href":"https:\/\/aivlisoft.net\/shop\/wp-json\/wp\/v2\/product_brand?post=9951"},{"taxonomy":"product_cat","embeddable":true,"href":"https:\/\/aivlisoft.net\/shop\/wp-json\/wp\/v2\/product_cat?post=9951"},{"taxonomy":"product_tag","embeddable":true,"href":"https:\/\/aivlisoft.net\/shop\/wp-json\/wp\/v2\/product_tag?post=9951"}],"curies":[{"name":"wp","href":"https:\/\/api.w.org\/{rel}","templated":true}]}}