{"id":9930,"date":"2025-01-13T14:01:06","date_gmt":"2025-01-13T14:01:06","guid":{"rendered":"https:\/\/aivlisoft.com\/?post_type=product&#038;p=9930"},"modified":"2025-01-14T10:49:22","modified_gmt":"2025-01-14T10:49:22","slug":"nilox-nxm49crvdc-monitor49-qhd-144hz-mm-aa-cur","status":"publish","type":"product","link":"https:\/\/aivlisoft.net\/shop\/producto\/nilox-nxm49crvdc-monitor49-qhd-144hz-mm-aa-cur\/","title":{"rendered":"NILOX NXM49CRVDC Monitor49&#8243; QHD 144hz MM AA cur"},"content":{"rendered":"<p>El NXM49CRVDC es un monitor de 49&quot; con resoluci&oacute;n DQHD que te ofrece comodidad para tus ojos y una gran nitidez de las im&aacute;genes. Su pantalla de 144Hz est&aacute; optimizada para reducir la emisi&oacute;n de ondas de luz azul y minimizar el parpadeo, protegiendo tus ojos para que puedas pasar m&aacute;s tiempo frente a la pantalla. Si te gusta jugar a videojuegos este monitor tiene un tiempo de respuesta de 1ms (OD) para jugar con mayor fluidez.<\/p>\n<table class=\"tabla_caracteristicas k-table\" width=\"100%\">\n<tr>\n<td valign=\"top\"><strong>Marca<\/strong><\/td>\n<td>NILOX<\/td>\n<\/tr>\n<tr>\n<td valign=\"top\"><strong>Modelo<\/strong><\/td>\n<td><strong>NXM49CRVDC<\/strong><\/td>\n<\/tr>\n<tr>\n<td valign=\"top\"><strong>Pantalla<\/strong><\/td>\n<td>&#8211; Longitud diagonal (pulgadas): <strong>49&#8243;<\/strong><br \/>\t\t\t&#8211; Relaci&oacute;n de aspecto: 32.9<br \/>\t\t\t&#8211; Tecnologia de panel: IPS<br \/>\t\t\t&#8211; Resoluci&oacute;n &oacute;ptima horizontal: <strong>5120 px<\/strong><br \/>\t\t\t&#8211; Resoluci&oacute;n &oacute;ptima vertical: <strong>1440 px<\/strong><br \/>\t\t\t&#8211; Luminosidad: 320- 400 cd\/m&sup2;<br \/>\t\t\t&#8211; Frecuencia &oacute;ptima: 144 Hz<br \/>\t\t\t&#8211; Tiempo de respuesta: 1 ms<br \/>\t\t\t&#8211; Regulable en Altura<br \/>\t\t\t&#8211; Pivotante<\/td>\n<\/tr>\n<tr>\n<td valign=\"top\"><strong>Conexi&oacute;n<\/strong><\/td>\n<td>&#8211; 2 x HDMI<br \/>\t\t\t&#8211; 2 x DisplayPort<br \/>\t\t\t&#8211; 1 x USB-C<br \/>\t\t\t&#8211; 1 x USB-B<br \/>\t\t\t&#8211; 1 x VGA<br \/>\t\t\t&#8211; 4 x USB 3.0 Tipo A<br \/>\t\t\t&#8211; 1 x auriculares<\/td>\n<\/tr>\n<tr>\n<td valign=\"top\"><strong>Caracter&iacute;sticas<\/strong><\/td>\n<td>&#8211; Vesa: MIS-D 100 x 100 mm<br \/>\t\t\t&#8211; Altavoces: 2 x 3w<br \/>\t\t\t<strong>Contenido<\/strong><br role=\"presentation\">\t\t\t&#8211; Gu&iacute;a del usuario<br \/>\t\t\t&#8211; Base<br \/>\t\t\t&#8211; Adaptador de corriente<br \/>\t\t\t&#8211; Cable DP<br \/>\t\t\t&#8211; Cable HDMI<br \/>\t\t\t&#8211; Cable USB tipo C a USB tipo C<br \/>\t\t\t&#8211; Cable USB 3.0<br \/>\t\t\t&#8211; 2 x tornillos (para el soporte)<\/td>\n<\/tr>\n<tr>\n<td valign=\"top\"><strong>Certificado energ&eacute;tico<\/strong><\/td>\n<td><a alt=\"Certificado energ&Atilde;&#402;?&Atilde;&#8218;&Acirc;&copy;tico\" href=\"https:\/\/www.infortisa.com\/images\/content\/2024091310244828844FMOMLE0907.webp\" target=\"_blank\">Ver certificado<\/a><\/td>\n<\/tr>\n<tr>\n<td valign=\"top\"><strong>Fecha de revisi&oacute;n<\/strong><\/td>\n<td>13-09-2024 por RTY<\/td>\n<\/tr>\n<\/table>\n","protected":false},"excerpt":{"rendered":"<p>El NXM49CRVDC es un monitor de 49&quot; con resoluci&oacute;n DQHD que te ofrece comodidad para tus ojos y una gran nitidez de las im&aacute;genes. Su pantalla de 144Hz est&aacute; optimizada para reducir la emisi&oacute;n de ondas de luz azul y minimizar el parpadeo, protegiendo tus ojos para que puedas pasar m&aacute;s tiempo frente a la&hellip;&nbsp;<a href=\"https:\/\/aivlisoft.net\/shop\/producto\/nilox-nxm49crvdc-monitor49-qhd-144hz-mm-aa-cur\/\" rel=\"bookmark\"><span class=\"screen-reader-text\">NILOX NXM49CRVDC Monitor49&#8243; QHD 144hz MM AA cur<\/span><\/a><\/p>\n","protected":false},"featured_media":9931,"template":"","meta":{"neve_meta_sidebar":"","neve_meta_container":"","neve_meta_enable_content_width":"","neve_meta_content_width":0,"neve_meta_title_alignment":"","neve_meta_author_avatar":"","neve_post_elements_order":"","neve_meta_disable_header":"","neve_meta_disable_footer":"","neve_meta_disable_title":""},"product_brand":[],"product_cat":[8720],"product_tag":[3882],"class_list":{"0":"post-9930","1":"product","2":"type-product","3":"status-publish","4":"has-post-thumbnail","6":"product_cat-monitores-led","7":"product_tag-nxm49crvdc","9":"first","10":"instock","11":"taxable","12":"shipping-taxable","13":"purchasable","14":"product-type-simple"},"yoast_head":"<!-- This site is optimized with the Yoast SEO plugin v26.0 - https:\/\/yoast.com\/wordpress\/plugins\/seo\/ -->\n<title>NILOX NXM49CRVDC Monitor49&quot; QHD 144hz MM AA cur - Aivlisoft Inform\u00e1tica<\/title>\n<meta name=\"robots\" content=\"index, follow, max-snippet:-1, max-image-preview:large, max-video-preview:-1\" \/>\n<link rel=\"canonical\" href=\"https:\/\/aivlisoft.net\/shop\/producto\/nilox-nxm49crvdc-monitor49-qhd-144hz-mm-aa-cur\/\" \/>\n<meta property=\"og:locale\" content=\"es_ES\" \/>\n<meta property=\"og:type\" content=\"article\" \/>\n<meta property=\"og:title\" content=\"NILOX NXM49CRVDC Monitor49&quot; QHD 144hz MM AA cur - Aivlisoft Inform\u00e1tica\" \/>\n<meta property=\"og:description\" content=\"El NXM49CRVDC es un monitor de 49&quot; con resoluci&oacute;n DQHD que te ofrece comodidad para tus ojos y una gran nitidez de las im&aacute;genes. Su pantalla de 144Hz est&aacute; optimizada para reducir la emisi&oacute;n de ondas de luz azul y minimizar el parpadeo, protegiendo tus ojos para que puedas pasar m&aacute;s tiempo frente a la&hellip;&nbsp;NILOX NXM49CRVDC Monitor49&#8243; QHD 144hz MM AA cur\" \/>\n<meta property=\"og:url\" content=\"https:\/\/aivlisoft.net\/shop\/producto\/nilox-nxm49crvdc-monitor49-qhd-144hz-mm-aa-cur\/\" \/>\n<meta property=\"og:site_name\" content=\"Aivlisoft Inform\u00e1tica\" \/>\n<meta property=\"article:modified_time\" content=\"2025-01-14T10:49:22+00:00\" \/>\n<meta property=\"og:image\" content=\"https:\/\/aivlisoft.net\/shop\/wp-content\/uploads\/2025\/01\/FMOMLE0907_800.jpg\" \/>\n\t<meta property=\"og:image:width\" content=\"800\" \/>\n\t<meta property=\"og:image:height\" content=\"800\" \/>\n\t<meta property=\"og:image:type\" content=\"image\/jpeg\" \/>\n<meta name=\"twitter:card\" content=\"summary_large_image\" \/>\n<meta name=\"twitter:label1\" content=\"Tiempo de lectura\" \/>\n\t<meta name=\"twitter:data1\" content=\"1 minuto\" \/>\n<script type=\"application\/ld+json\" class=\"yoast-schema-graph\">{\"@context\":\"https:\/\/schema.org\",\"@graph\":[{\"@type\":\"WebPage\",\"@id\":\"https:\/\/aivlisoft.net\/shop\/producto\/nilox-nxm49crvdc-monitor49-qhd-144hz-mm-aa-cur\/\",\"url\":\"https:\/\/aivlisoft.net\/shop\/producto\/nilox-nxm49crvdc-monitor49-qhd-144hz-mm-aa-cur\/\",\"name\":\"NILOX NXM49CRVDC Monitor49\\\" QHD 144hz MM AA cur - Aivlisoft Inform\u00e1tica\",\"isPartOf\":{\"@id\":\"https:\/\/aivlisoft.net\/shop\/#website\"},\"primaryImageOfPage\":{\"@id\":\"https:\/\/aivlisoft.net\/shop\/producto\/nilox-nxm49crvdc-monitor49-qhd-144hz-mm-aa-cur\/#primaryimage\"},\"image\":{\"@id\":\"https:\/\/aivlisoft.net\/shop\/producto\/nilox-nxm49crvdc-monitor49-qhd-144hz-mm-aa-cur\/#primaryimage\"},\"thumbnailUrl\":\"https:\/\/aivlisoft.net\/shop\/wp-content\/uploads\/2025\/01\/FMOMLE0907_800.jpg\",\"datePublished\":\"2025-01-13T14:01:06+00:00\",\"dateModified\":\"2025-01-14T10:49:22+00:00\",\"breadcrumb\":{\"@id\":\"https:\/\/aivlisoft.net\/shop\/producto\/nilox-nxm49crvdc-monitor49-qhd-144hz-mm-aa-cur\/#breadcrumb\"},\"inLanguage\":\"es\",\"potentialAction\":[{\"@type\":\"ReadAction\",\"target\":[\"https:\/\/aivlisoft.net\/shop\/producto\/nilox-nxm49crvdc-monitor49-qhd-144hz-mm-aa-cur\/\"]}]},{\"@type\":\"ImageObject\",\"inLanguage\":\"es\",\"@id\":\"https:\/\/aivlisoft.net\/shop\/producto\/nilox-nxm49crvdc-monitor49-qhd-144hz-mm-aa-cur\/#primaryimage\",\"url\":\"https:\/\/aivlisoft.net\/shop\/wp-content\/uploads\/2025\/01\/FMOMLE0907_800.jpg\",\"contentUrl\":\"https:\/\/aivlisoft.net\/shop\/wp-content\/uploads\/2025\/01\/FMOMLE0907_800.jpg\",\"width\":800,\"height\":800},{\"@type\":\"BreadcrumbList\",\"@id\":\"https:\/\/aivlisoft.net\/shop\/producto\/nilox-nxm49crvdc-monitor49-qhd-144hz-mm-aa-cur\/#breadcrumb\",\"itemListElement\":[{\"@type\":\"ListItem\",\"position\":1,\"name\":\"Portada\",\"item\":\"https:\/\/aivlisoft.net\/shop\/\"},{\"@type\":\"ListItem\",\"position\":2,\"name\":\"Tienda\",\"item\":\"https:\/\/aivlisoft.net\/shop\/tienda\/\"},{\"@type\":\"ListItem\",\"position\":3,\"name\":\"NILOX NXM49CRVDC Monitor49&#8243; QHD 144hz MM AA cur\"}]},{\"@type\":\"WebSite\",\"@id\":\"https:\/\/aivlisoft.net\/shop\/#website\",\"url\":\"https:\/\/aivlisoft.net\/shop\/\",\"name\":\"Aivlisoft Inform\u00e1tica\",\"description\":\"En Aivlisoft Inform\u00e1tica ofrecemos soluciones tecnol\u00f3gicas para empresas: venta de ordenadores, consumibles, perif\u00e9ricos y m\u00e1s. Calidad, atenci\u00f3n personalizada y los mejores precios para tu negocio.\",\"publisher\":{\"@id\":\"https:\/\/aivlisoft.net\/shop\/#organization\"},\"potentialAction\":[{\"@type\":\"SearchAction\",\"target\":{\"@type\":\"EntryPoint\",\"urlTemplate\":\"https:\/\/aivlisoft.net\/shop\/?s={search_term_string}\"},\"query-input\":{\"@type\":\"PropertyValueSpecification\",\"valueRequired\":true,\"valueName\":\"search_term_string\"}}],\"inLanguage\":\"es\"},{\"@type\":\"Organization\",\"@id\":\"https:\/\/aivlisoft.net\/shop\/#organization\",\"name\":\"Aivlisoft Inform\u00e1tica\",\"url\":\"https:\/\/aivlisoft.net\/shop\/\",\"logo\":{\"@type\":\"ImageObject\",\"inLanguage\":\"es\",\"@id\":\"https:\/\/aivlisoft.net\/shop\/#\/schema\/logo\/image\/\",\"url\":\"https:\/\/aivlisoft.net\/shop\/wp-content\/uploads\/2024\/12\/removal.ai_5b848c54-0cdf-4140-95c5-c5536bb7573b-logodef.png\",\"contentUrl\":\"https:\/\/aivlisoft.net\/shop\/wp-content\/uploads\/2024\/12\/removal.ai_5b848c54-0cdf-4140-95c5-c5536bb7573b-logodef.png\",\"width\":484,\"height\":182,\"caption\":\"Aivlisoft Inform\u00e1tica\"},\"image\":{\"@id\":\"https:\/\/aivlisoft.net\/shop\/#\/schema\/logo\/image\/\"}}]}<\/script>\n<!-- \/ Yoast SEO plugin. -->","yoast_head_json":{"title":"NILOX NXM49CRVDC Monitor49\" QHD 144hz MM AA cur - Aivlisoft Inform\u00e1tica","robots":{"index":"index","follow":"follow","max-snippet":"max-snippet:-1","max-image-preview":"max-image-preview:large","max-video-preview":"max-video-preview:-1"},"canonical":"https:\/\/aivlisoft.net\/shop\/producto\/nilox-nxm49crvdc-monitor49-qhd-144hz-mm-aa-cur\/","og_locale":"es_ES","og_type":"article","og_title":"NILOX NXM49CRVDC Monitor49\" QHD 144hz MM AA cur - Aivlisoft Inform\u00e1tica","og_description":"El NXM49CRVDC es un monitor de 49&quot; con resoluci&oacute;n DQHD que te ofrece comodidad para tus ojos y una gran nitidez de las im&aacute;genes. Su pantalla de 144Hz est&aacute; optimizada para reducir la emisi&oacute;n de ondas de luz azul y minimizar el parpadeo, protegiendo tus ojos para que puedas pasar m&aacute;s tiempo frente a la&hellip;&nbsp;NILOX NXM49CRVDC Monitor49&#8243; QHD 144hz MM AA cur","og_url":"https:\/\/aivlisoft.net\/shop\/producto\/nilox-nxm49crvdc-monitor49-qhd-144hz-mm-aa-cur\/","og_site_name":"Aivlisoft Inform\u00e1tica","article_modified_time":"2025-01-14T10:49:22+00:00","og_image":[{"width":800,"height":800,"url":"https:\/\/aivlisoft.net\/shop\/wp-content\/uploads\/2025\/01\/FMOMLE0907_800.jpg","type":"image\/jpeg"}],"twitter_card":"summary_large_image","twitter_misc":{"Tiempo de lectura":"1 minuto"},"schema":{"@context":"https:\/\/schema.org","@graph":[{"@type":"WebPage","@id":"https:\/\/aivlisoft.net\/shop\/producto\/nilox-nxm49crvdc-monitor49-qhd-144hz-mm-aa-cur\/","url":"https:\/\/aivlisoft.net\/shop\/producto\/nilox-nxm49crvdc-monitor49-qhd-144hz-mm-aa-cur\/","name":"NILOX NXM49CRVDC Monitor49\" QHD 144hz MM AA cur - Aivlisoft Inform\u00e1tica","isPartOf":{"@id":"https:\/\/aivlisoft.net\/shop\/#website"},"primaryImageOfPage":{"@id":"https:\/\/aivlisoft.net\/shop\/producto\/nilox-nxm49crvdc-monitor49-qhd-144hz-mm-aa-cur\/#primaryimage"},"image":{"@id":"https:\/\/aivlisoft.net\/shop\/producto\/nilox-nxm49crvdc-monitor49-qhd-144hz-mm-aa-cur\/#primaryimage"},"thumbnailUrl":"https:\/\/aivlisoft.net\/shop\/wp-content\/uploads\/2025\/01\/FMOMLE0907_800.jpg","datePublished":"2025-01-13T14:01:06+00:00","dateModified":"2025-01-14T10:49:22+00:00","breadcrumb":{"@id":"https:\/\/aivlisoft.net\/shop\/producto\/nilox-nxm49crvdc-monitor49-qhd-144hz-mm-aa-cur\/#breadcrumb"},"inLanguage":"es","potentialAction":[{"@type":"ReadAction","target":["https:\/\/aivlisoft.net\/shop\/producto\/nilox-nxm49crvdc-monitor49-qhd-144hz-mm-aa-cur\/"]}]},{"@type":"ImageObject","inLanguage":"es","@id":"https:\/\/aivlisoft.net\/shop\/producto\/nilox-nxm49crvdc-monitor49-qhd-144hz-mm-aa-cur\/#primaryimage","url":"https:\/\/aivlisoft.net\/shop\/wp-content\/uploads\/2025\/01\/FMOMLE0907_800.jpg","contentUrl":"https:\/\/aivlisoft.net\/shop\/wp-content\/uploads\/2025\/01\/FMOMLE0907_800.jpg","width":800,"height":800},{"@type":"BreadcrumbList","@id":"https:\/\/aivlisoft.net\/shop\/producto\/nilox-nxm49crvdc-monitor49-qhd-144hz-mm-aa-cur\/#breadcrumb","itemListElement":[{"@type":"ListItem","position":1,"name":"Portada","item":"https:\/\/aivlisoft.net\/shop\/"},{"@type":"ListItem","position":2,"name":"Tienda","item":"https:\/\/aivlisoft.net\/shop\/tienda\/"},{"@type":"ListItem","position":3,"name":"NILOX NXM49CRVDC Monitor49&#8243; QHD 144hz MM AA cur"}]},{"@type":"WebSite","@id":"https:\/\/aivlisoft.net\/shop\/#website","url":"https:\/\/aivlisoft.net\/shop\/","name":"Aivlisoft Inform\u00e1tica","description":"En Aivlisoft Inform\u00e1tica ofrecemos soluciones tecnol\u00f3gicas para empresas: venta de ordenadores, consumibles, perif\u00e9ricos y m\u00e1s. Calidad, atenci\u00f3n personalizada y los mejores precios para tu negocio.","publisher":{"@id":"https:\/\/aivlisoft.net\/shop\/#organization"},"potentialAction":[{"@type":"SearchAction","target":{"@type":"EntryPoint","urlTemplate":"https:\/\/aivlisoft.net\/shop\/?s={search_term_string}"},"query-input":{"@type":"PropertyValueSpecification","valueRequired":true,"valueName":"search_term_string"}}],"inLanguage":"es"},{"@type":"Organization","@id":"https:\/\/aivlisoft.net\/shop\/#organization","name":"Aivlisoft Inform\u00e1tica","url":"https:\/\/aivlisoft.net\/shop\/","logo":{"@type":"ImageObject","inLanguage":"es","@id":"https:\/\/aivlisoft.net\/shop\/#\/schema\/logo\/image\/","url":"https:\/\/aivlisoft.net\/shop\/wp-content\/uploads\/2024\/12\/removal.ai_5b848c54-0cdf-4140-95c5-c5536bb7573b-logodef.png","contentUrl":"https:\/\/aivlisoft.net\/shop\/wp-content\/uploads\/2024\/12\/removal.ai_5b848c54-0cdf-4140-95c5-c5536bb7573b-logodef.png","width":484,"height":182,"caption":"Aivlisoft Inform\u00e1tica"},"image":{"@id":"https:\/\/aivlisoft.net\/shop\/#\/schema\/logo\/image\/"}}]}},"_links":{"self":[{"href":"https:\/\/aivlisoft.net\/shop\/wp-json\/wp\/v2\/product\/9930","targetHints":{"allow":["GET"]}}],"collection":[{"href":"https:\/\/aivlisoft.net\/shop\/wp-json\/wp\/v2\/product"}],"about":[{"href":"https:\/\/aivlisoft.net\/shop\/wp-json\/wp\/v2\/types\/product"}],"wp:featuredmedia":[{"embeddable":true,"href":"https:\/\/aivlisoft.net\/shop\/wp-json\/wp\/v2\/media\/9931"}],"wp:attachment":[{"href":"https:\/\/aivlisoft.net\/shop\/wp-json\/wp\/v2\/media?parent=9930"}],"wp:term":[{"taxonomy":"product_brand","embeddable":true,"href":"https:\/\/aivlisoft.net\/shop\/wp-json\/wp\/v2\/product_brand?post=9930"},{"taxonomy":"product_cat","embeddable":true,"href":"https:\/\/aivlisoft.net\/shop\/wp-json\/wp\/v2\/product_cat?post=9930"},{"taxonomy":"product_tag","embeddable":true,"href":"https:\/\/aivlisoft.net\/shop\/wp-json\/wp\/v2\/product_tag?post=9930"}],"curies":[{"name":"wp","href":"https:\/\/api.w.org\/{rel}","templated":true}]}}