{"id":9904,"date":"2025-01-13T14:00:51","date_gmt":"2025-01-13T14:00:51","guid":{"rendered":"https:\/\/aivlisoft.com\/?post_type=product&#038;p=9904"},"modified":"2025-01-14T10:49:11","modified_gmt":"2025-01-14T10:49:11","slug":"msi-mag345cqr-monitor34gaming-wqhd-180h-dp-hdmi-c","status":"publish","type":"product","link":"https:\/\/aivlisoft.net\/shop\/producto\/msi-mag345cqr-monitor34gaming-wqhd-180h-dp-hdmi-c\/","title":{"rendered":"MSI MAG345CQR Monitor34&#8243;Gaming WQHD 180h DP HDMI C"},"content":{"rendered":"<p><\/p>\n<table class=\"tabla_caracteristicas k-table\" width=\"100%\">\n<tr>\n<td><strong>Marca<\/strong><\/td>\n<td>MSI<\/td>\n<\/tr>\n<tr>\n<td><strong>Modelo<\/strong><\/td>\n<td><strong>9S6-3DD14H-002<\/strong><\/td>\n<\/tr>\n<tr>\n<td valign=\"top\"><strong>Pantalla&nbsp;&nbsp;&nbsp;&nbsp;&nbsp;&nbsp;&nbsp;&nbsp;&nbsp;&nbsp;&nbsp;&nbsp;&nbsp;&nbsp; <\/strong><\/td>\n<td>&#8211; Tama&ntilde;o de pantalla: <strong>34&#8243;<\/strong><br \/>\t\t\t&#8211; Tipo de panel: <strong>VA<\/strong><br \/>\t\t\t&#8211; Resoluci&oacute;n: 3440&#215;1440 (UWQHD)<br \/>\t\t\t&#8211; &Aacute;ngulos de visi&oacute;n: 178&deg; (H) \/ 178&deg; (V)<br \/>\t\t\t&#8211; Relaci&oacute;n de aspecto: 21:9<br \/>\t\t\t&#8211; Relaci&oacute;n de contraste: 3000 : 1 (Typ.)<br \/>\t\t\t&#8211; DCR: 100000000:1<br \/>\t\t\t&#8211; Rango activado: 48 ~ 180Hz<br \/>\t\t\t&#8211; Tasa de refresco: 180 Hz<br \/>\t\t\t&#8211;&nbsp;Brillo (Nits): 300 (Typ.)<br \/>\t\t\t&#8211; Tiempo de respuesta: &nbsp;1ms (MPRT)<br \/>\t\t\t&#8211; Tama&ntilde;o de p&iacute;xel (H x V):&nbsp; &nbsp;0.23175(H) x 0.23175(V)<br \/>\t\t\t&#8211; Tratamiento de la superficie: Anti-glare<br \/>\t\t\t&#8211; Display Colors: &nbsp;1.07B (8bit + FRC)<br \/>\t\t\t&#8211; Adobe RGB \/ DCI-P3 \/ sRGB: 90% \/ 95% \/ 120%<br \/>\t\t\t&#8211; Tecnolog&iacute;a de tasa de refresco din&aacute;mica: AMD FreeSync Premium<br \/>\t\t\t&#8211; Admite HDR:&nbsp;&nbsp;HDR Ready<\/td>\n<\/tr>\n<tr>\n<td valign=\"top\"><strong>Conexi&oacute;n<\/strong><\/td>\n<td>&#8211; 1 x DisplayPort (1.4a)<br \/>\t\t\t&#8211; 2 x HDMI (2.0b)<br \/>\t\t\t&#8211; 1 x Headphone-out<\/td>\n<\/tr>\n<tr>\n<td><strong>Caracter&iacute;sticas&nbsp;&nbsp;&nbsp;&nbsp;&nbsp;&nbsp;&nbsp;&nbsp;&nbsp;&nbsp;&nbsp;&nbsp;&nbsp;&nbsp;&nbsp;&nbsp;&nbsp;&nbsp;&nbsp;&nbsp;&nbsp; <\/strong><\/td>\n<td>&#8211; VESA: 100 x 100 mm<br \/>\t\t\t&#8211; Ajuste (inclinaci&oacute;n): &nbsp;-5&deg; ~ 20&deg;<br \/>\t\t\t&#8211;&nbsp;Regulable (Giro):&nbsp;&nbsp;-30&deg; ~ 30&deg;<br \/>\t\t\t&#8211; Regulable (altura): 0 ~ 100mm<br \/>\t\t\t&#8211; Bloqueo Kensington<br \/>\t\t\t<strong>Alimentaci&oacute;n<\/strong><br \/>\t\t\t&#8211; Entrada de alimentaci&oacute;n: 100~240 V, 50\/60 Hz<br \/>\t\t\t<strong>Dimensiones y peso<\/strong><br \/>\t\t\t&#8211; 797,53 x 332,31 x 518,9 mm<br \/>\t\t\t&#8211; 7,75 kg<\/td>\n<\/tr>\n<tr>\n<td><strong>Fecha de revisi&oacute;n<\/strong><\/td>\n<td>16-10-2024 por RTY<\/td>\n<\/tr>\n<\/table>\n","protected":false},"excerpt":{"rendered":"<p>Marca MSI Modelo 9S6-3DD14H-002 Pantalla&nbsp;&nbsp;&nbsp;&nbsp;&nbsp;&nbsp;&nbsp;&nbsp;&nbsp;&nbsp;&nbsp;&nbsp;&nbsp;&nbsp; &#8211; Tama&ntilde;o de pantalla: 34&#8243; &#8211; Tipo de panel: VA &#8211; Resoluci&oacute;n: 3440&#215;1440 (UWQHD) &#8211; &Aacute;ngulos de visi&oacute;n: 178&deg; (H) \/ 178&deg; (V) &#8211; Relaci&oacute;n de aspecto: 21:9 &#8211; Relaci&oacute;n de contraste: 3000 : 1 (Typ.) &#8211; DCR: 100000000:1 &#8211; Rango activado: 48 ~ 180Hz &#8211; Tasa de refresco: 180&hellip;&nbsp;<a href=\"https:\/\/aivlisoft.net\/shop\/producto\/msi-mag345cqr-monitor34gaming-wqhd-180h-dp-hdmi-c\/\" rel=\"bookmark\"><span class=\"screen-reader-text\">MSI MAG345CQR Monitor34&#8243;Gaming WQHD 180h DP HDMI C<\/span><\/a><\/p>\n","protected":false},"featured_media":9905,"template":"","meta":{"neve_meta_sidebar":"","neve_meta_container":"","neve_meta_enable_content_width":"","neve_meta_content_width":0,"neve_meta_title_alignment":"","neve_meta_author_avatar":"","neve_post_elements_order":"","neve_meta_disable_header":"","neve_meta_disable_footer":"","neve_meta_disable_title":""},"product_brand":[],"product_cat":[8720],"product_tag":[3871],"class_list":{"0":"post-9904","1":"product","2":"type-product","3":"status-publish","4":"has-post-thumbnail","6":"product_cat-monitores-led","7":"product_tag-9s6-3dd14h-002","9":"first","10":"instock","11":"taxable","12":"shipping-taxable","13":"purchasable","14":"product-type-simple"},"yoast_head":"<!-- This site is optimized with the Yoast SEO plugin v26.0 - https:\/\/yoast.com\/wordpress\/plugins\/seo\/ -->\n<title>MSI MAG345CQR Monitor34&quot;Gaming WQHD 180h DP HDMI C - Aivlisoft Inform\u00e1tica<\/title>\n<meta name=\"robots\" content=\"index, follow, max-snippet:-1, max-image-preview:large, max-video-preview:-1\" \/>\n<link rel=\"canonical\" href=\"https:\/\/aivlisoft.net\/shop\/producto\/msi-mag345cqr-monitor34gaming-wqhd-180h-dp-hdmi-c\/\" \/>\n<meta property=\"og:locale\" content=\"es_ES\" \/>\n<meta property=\"og:type\" content=\"article\" \/>\n<meta property=\"og:title\" content=\"MSI MAG345CQR Monitor34&quot;Gaming WQHD 180h DP HDMI C - Aivlisoft Inform\u00e1tica\" \/>\n<meta property=\"og:description\" content=\"Marca MSI Modelo 9S6-3DD14H-002 Pantalla&nbsp;&nbsp;&nbsp;&nbsp;&nbsp;&nbsp;&nbsp;&nbsp;&nbsp;&nbsp;&nbsp;&nbsp;&nbsp;&nbsp; &#8211; Tama&ntilde;o de pantalla: 34&#8243; &#8211; Tipo de panel: VA &#8211; Resoluci&oacute;n: 3440&#215;1440 (UWQHD) &#8211; &Aacute;ngulos de visi&oacute;n: 178&deg; (H) \/ 178&deg; (V) &#8211; Relaci&oacute;n de aspecto: 21:9 &#8211; Relaci&oacute;n de contraste: 3000 : 1 (Typ.) &#8211; DCR: 100000000:1 &#8211; Rango activado: 48 ~ 180Hz &#8211; Tasa de refresco: 180&hellip;&nbsp;MSI MAG345CQR Monitor34&#8243;Gaming WQHD 180h DP HDMI C\" \/>\n<meta property=\"og:url\" content=\"https:\/\/aivlisoft.net\/shop\/producto\/msi-mag345cqr-monitor34gaming-wqhd-180h-dp-hdmi-c\/\" \/>\n<meta property=\"og:site_name\" content=\"Aivlisoft Inform\u00e1tica\" \/>\n<meta property=\"article:modified_time\" content=\"2025-01-14T10:49:11+00:00\" \/>\n<meta property=\"og:image\" content=\"https:\/\/aivlisoft.net\/shop\/wp-content\/uploads\/2025\/01\/FMOMLE0896_800.jpg\" \/>\n\t<meta property=\"og:image:width\" content=\"800\" \/>\n\t<meta property=\"og:image:height\" content=\"800\" \/>\n\t<meta property=\"og:image:type\" content=\"image\/jpeg\" \/>\n<meta name=\"twitter:card\" content=\"summary_large_image\" \/>\n<meta name=\"twitter:label1\" content=\"Tiempo de lectura\" \/>\n\t<meta name=\"twitter:data1\" content=\"1 minuto\" \/>\n<script type=\"application\/ld+json\" class=\"yoast-schema-graph\">{\"@context\":\"https:\/\/schema.org\",\"@graph\":[{\"@type\":\"WebPage\",\"@id\":\"https:\/\/aivlisoft.net\/shop\/producto\/msi-mag345cqr-monitor34gaming-wqhd-180h-dp-hdmi-c\/\",\"url\":\"https:\/\/aivlisoft.net\/shop\/producto\/msi-mag345cqr-monitor34gaming-wqhd-180h-dp-hdmi-c\/\",\"name\":\"MSI MAG345CQR Monitor34\\\"Gaming WQHD 180h DP HDMI C - Aivlisoft Inform\u00e1tica\",\"isPartOf\":{\"@id\":\"https:\/\/aivlisoft.net\/shop\/#website\"},\"primaryImageOfPage\":{\"@id\":\"https:\/\/aivlisoft.net\/shop\/producto\/msi-mag345cqr-monitor34gaming-wqhd-180h-dp-hdmi-c\/#primaryimage\"},\"image\":{\"@id\":\"https:\/\/aivlisoft.net\/shop\/producto\/msi-mag345cqr-monitor34gaming-wqhd-180h-dp-hdmi-c\/#primaryimage\"},\"thumbnailUrl\":\"https:\/\/aivlisoft.net\/shop\/wp-content\/uploads\/2025\/01\/FMOMLE0896_800.jpg\",\"datePublished\":\"2025-01-13T14:00:51+00:00\",\"dateModified\":\"2025-01-14T10:49:11+00:00\",\"breadcrumb\":{\"@id\":\"https:\/\/aivlisoft.net\/shop\/producto\/msi-mag345cqr-monitor34gaming-wqhd-180h-dp-hdmi-c\/#breadcrumb\"},\"inLanguage\":\"es\",\"potentialAction\":[{\"@type\":\"ReadAction\",\"target\":[\"https:\/\/aivlisoft.net\/shop\/producto\/msi-mag345cqr-monitor34gaming-wqhd-180h-dp-hdmi-c\/\"]}]},{\"@type\":\"ImageObject\",\"inLanguage\":\"es\",\"@id\":\"https:\/\/aivlisoft.net\/shop\/producto\/msi-mag345cqr-monitor34gaming-wqhd-180h-dp-hdmi-c\/#primaryimage\",\"url\":\"https:\/\/aivlisoft.net\/shop\/wp-content\/uploads\/2025\/01\/FMOMLE0896_800.jpg\",\"contentUrl\":\"https:\/\/aivlisoft.net\/shop\/wp-content\/uploads\/2025\/01\/FMOMLE0896_800.jpg\",\"width\":800,\"height\":800},{\"@type\":\"BreadcrumbList\",\"@id\":\"https:\/\/aivlisoft.net\/shop\/producto\/msi-mag345cqr-monitor34gaming-wqhd-180h-dp-hdmi-c\/#breadcrumb\",\"itemListElement\":[{\"@type\":\"ListItem\",\"position\":1,\"name\":\"Portada\",\"item\":\"https:\/\/aivlisoft.net\/shop\/\"},{\"@type\":\"ListItem\",\"position\":2,\"name\":\"Tienda\",\"item\":\"https:\/\/aivlisoft.net\/shop\/tienda\/\"},{\"@type\":\"ListItem\",\"position\":3,\"name\":\"MSI MAG345CQR Monitor34&#8243;Gaming WQHD 180h DP HDMI C\"}]},{\"@type\":\"WebSite\",\"@id\":\"https:\/\/aivlisoft.net\/shop\/#website\",\"url\":\"https:\/\/aivlisoft.net\/shop\/\",\"name\":\"Aivlisoft Inform\u00e1tica\",\"description\":\"En Aivlisoft Inform\u00e1tica ofrecemos soluciones tecnol\u00f3gicas para empresas: venta de ordenadores, consumibles, perif\u00e9ricos y m\u00e1s. Calidad, atenci\u00f3n personalizada y los mejores precios para tu negocio.\",\"publisher\":{\"@id\":\"https:\/\/aivlisoft.net\/shop\/#organization\"},\"potentialAction\":[{\"@type\":\"SearchAction\",\"target\":{\"@type\":\"EntryPoint\",\"urlTemplate\":\"https:\/\/aivlisoft.net\/shop\/?s={search_term_string}\"},\"query-input\":{\"@type\":\"PropertyValueSpecification\",\"valueRequired\":true,\"valueName\":\"search_term_string\"}}],\"inLanguage\":\"es\"},{\"@type\":\"Organization\",\"@id\":\"https:\/\/aivlisoft.net\/shop\/#organization\",\"name\":\"Aivlisoft Inform\u00e1tica\",\"url\":\"https:\/\/aivlisoft.net\/shop\/\",\"logo\":{\"@type\":\"ImageObject\",\"inLanguage\":\"es\",\"@id\":\"https:\/\/aivlisoft.net\/shop\/#\/schema\/logo\/image\/\",\"url\":\"https:\/\/aivlisoft.net\/shop\/wp-content\/uploads\/2024\/12\/removal.ai_5b848c54-0cdf-4140-95c5-c5536bb7573b-logodef.png\",\"contentUrl\":\"https:\/\/aivlisoft.net\/shop\/wp-content\/uploads\/2024\/12\/removal.ai_5b848c54-0cdf-4140-95c5-c5536bb7573b-logodef.png\",\"width\":484,\"height\":182,\"caption\":\"Aivlisoft Inform\u00e1tica\"},\"image\":{\"@id\":\"https:\/\/aivlisoft.net\/shop\/#\/schema\/logo\/image\/\"}}]}<\/script>\n<!-- \/ Yoast SEO plugin. -->","yoast_head_json":{"title":"MSI MAG345CQR Monitor34\"Gaming WQHD 180h DP HDMI C - Aivlisoft Inform\u00e1tica","robots":{"index":"index","follow":"follow","max-snippet":"max-snippet:-1","max-image-preview":"max-image-preview:large","max-video-preview":"max-video-preview:-1"},"canonical":"https:\/\/aivlisoft.net\/shop\/producto\/msi-mag345cqr-monitor34gaming-wqhd-180h-dp-hdmi-c\/","og_locale":"es_ES","og_type":"article","og_title":"MSI MAG345CQR Monitor34\"Gaming WQHD 180h DP HDMI C - Aivlisoft Inform\u00e1tica","og_description":"Marca MSI Modelo 9S6-3DD14H-002 Pantalla&nbsp;&nbsp;&nbsp;&nbsp;&nbsp;&nbsp;&nbsp;&nbsp;&nbsp;&nbsp;&nbsp;&nbsp;&nbsp;&nbsp; &#8211; Tama&ntilde;o de pantalla: 34&#8243; &#8211; Tipo de panel: VA &#8211; Resoluci&oacute;n: 3440&#215;1440 (UWQHD) &#8211; &Aacute;ngulos de visi&oacute;n: 178&deg; (H) \/ 178&deg; (V) &#8211; Relaci&oacute;n de aspecto: 21:9 &#8211; Relaci&oacute;n de contraste: 3000 : 1 (Typ.) &#8211; DCR: 100000000:1 &#8211; Rango activado: 48 ~ 180Hz &#8211; Tasa de refresco: 180&hellip;&nbsp;MSI MAG345CQR Monitor34&#8243;Gaming WQHD 180h DP HDMI C","og_url":"https:\/\/aivlisoft.net\/shop\/producto\/msi-mag345cqr-monitor34gaming-wqhd-180h-dp-hdmi-c\/","og_site_name":"Aivlisoft Inform\u00e1tica","article_modified_time":"2025-01-14T10:49:11+00:00","og_image":[{"width":800,"height":800,"url":"https:\/\/aivlisoft.net\/shop\/wp-content\/uploads\/2025\/01\/FMOMLE0896_800.jpg","type":"image\/jpeg"}],"twitter_card":"summary_large_image","twitter_misc":{"Tiempo de lectura":"1 minuto"},"schema":{"@context":"https:\/\/schema.org","@graph":[{"@type":"WebPage","@id":"https:\/\/aivlisoft.net\/shop\/producto\/msi-mag345cqr-monitor34gaming-wqhd-180h-dp-hdmi-c\/","url":"https:\/\/aivlisoft.net\/shop\/producto\/msi-mag345cqr-monitor34gaming-wqhd-180h-dp-hdmi-c\/","name":"MSI MAG345CQR Monitor34\"Gaming WQHD 180h DP HDMI C - Aivlisoft Inform\u00e1tica","isPartOf":{"@id":"https:\/\/aivlisoft.net\/shop\/#website"},"primaryImageOfPage":{"@id":"https:\/\/aivlisoft.net\/shop\/producto\/msi-mag345cqr-monitor34gaming-wqhd-180h-dp-hdmi-c\/#primaryimage"},"image":{"@id":"https:\/\/aivlisoft.net\/shop\/producto\/msi-mag345cqr-monitor34gaming-wqhd-180h-dp-hdmi-c\/#primaryimage"},"thumbnailUrl":"https:\/\/aivlisoft.net\/shop\/wp-content\/uploads\/2025\/01\/FMOMLE0896_800.jpg","datePublished":"2025-01-13T14:00:51+00:00","dateModified":"2025-01-14T10:49:11+00:00","breadcrumb":{"@id":"https:\/\/aivlisoft.net\/shop\/producto\/msi-mag345cqr-monitor34gaming-wqhd-180h-dp-hdmi-c\/#breadcrumb"},"inLanguage":"es","potentialAction":[{"@type":"ReadAction","target":["https:\/\/aivlisoft.net\/shop\/producto\/msi-mag345cqr-monitor34gaming-wqhd-180h-dp-hdmi-c\/"]}]},{"@type":"ImageObject","inLanguage":"es","@id":"https:\/\/aivlisoft.net\/shop\/producto\/msi-mag345cqr-monitor34gaming-wqhd-180h-dp-hdmi-c\/#primaryimage","url":"https:\/\/aivlisoft.net\/shop\/wp-content\/uploads\/2025\/01\/FMOMLE0896_800.jpg","contentUrl":"https:\/\/aivlisoft.net\/shop\/wp-content\/uploads\/2025\/01\/FMOMLE0896_800.jpg","width":800,"height":800},{"@type":"BreadcrumbList","@id":"https:\/\/aivlisoft.net\/shop\/producto\/msi-mag345cqr-monitor34gaming-wqhd-180h-dp-hdmi-c\/#breadcrumb","itemListElement":[{"@type":"ListItem","position":1,"name":"Portada","item":"https:\/\/aivlisoft.net\/shop\/"},{"@type":"ListItem","position":2,"name":"Tienda","item":"https:\/\/aivlisoft.net\/shop\/tienda\/"},{"@type":"ListItem","position":3,"name":"MSI MAG345CQR Monitor34&#8243;Gaming WQHD 180h DP HDMI C"}]},{"@type":"WebSite","@id":"https:\/\/aivlisoft.net\/shop\/#website","url":"https:\/\/aivlisoft.net\/shop\/","name":"Aivlisoft Inform\u00e1tica","description":"En Aivlisoft Inform\u00e1tica ofrecemos soluciones tecnol\u00f3gicas para empresas: venta de ordenadores, consumibles, perif\u00e9ricos y m\u00e1s. Calidad, atenci\u00f3n personalizada y los mejores precios para tu negocio.","publisher":{"@id":"https:\/\/aivlisoft.net\/shop\/#organization"},"potentialAction":[{"@type":"SearchAction","target":{"@type":"EntryPoint","urlTemplate":"https:\/\/aivlisoft.net\/shop\/?s={search_term_string}"},"query-input":{"@type":"PropertyValueSpecification","valueRequired":true,"valueName":"search_term_string"}}],"inLanguage":"es"},{"@type":"Organization","@id":"https:\/\/aivlisoft.net\/shop\/#organization","name":"Aivlisoft Inform\u00e1tica","url":"https:\/\/aivlisoft.net\/shop\/","logo":{"@type":"ImageObject","inLanguage":"es","@id":"https:\/\/aivlisoft.net\/shop\/#\/schema\/logo\/image\/","url":"https:\/\/aivlisoft.net\/shop\/wp-content\/uploads\/2024\/12\/removal.ai_5b848c54-0cdf-4140-95c5-c5536bb7573b-logodef.png","contentUrl":"https:\/\/aivlisoft.net\/shop\/wp-content\/uploads\/2024\/12\/removal.ai_5b848c54-0cdf-4140-95c5-c5536bb7573b-logodef.png","width":484,"height":182,"caption":"Aivlisoft Inform\u00e1tica"},"image":{"@id":"https:\/\/aivlisoft.net\/shop\/#\/schema\/logo\/image\/"}}]}},"_links":{"self":[{"href":"https:\/\/aivlisoft.net\/shop\/wp-json\/wp\/v2\/product\/9904","targetHints":{"allow":["GET"]}}],"collection":[{"href":"https:\/\/aivlisoft.net\/shop\/wp-json\/wp\/v2\/product"}],"about":[{"href":"https:\/\/aivlisoft.net\/shop\/wp-json\/wp\/v2\/types\/product"}],"wp:featuredmedia":[{"embeddable":true,"href":"https:\/\/aivlisoft.net\/shop\/wp-json\/wp\/v2\/media\/9905"}],"wp:attachment":[{"href":"https:\/\/aivlisoft.net\/shop\/wp-json\/wp\/v2\/media?parent=9904"}],"wp:term":[{"taxonomy":"product_brand","embeddable":true,"href":"https:\/\/aivlisoft.net\/shop\/wp-json\/wp\/v2\/product_brand?post=9904"},{"taxonomy":"product_cat","embeddable":true,"href":"https:\/\/aivlisoft.net\/shop\/wp-json\/wp\/v2\/product_cat?post=9904"},{"taxonomy":"product_tag","embeddable":true,"href":"https:\/\/aivlisoft.net\/shop\/wp-json\/wp\/v2\/product_tag?post=9904"}],"curies":[{"name":"wp","href":"https:\/\/api.w.org\/{rel}","templated":true}]}}