{"id":9894,"date":"2025-01-13T14:00:47","date_gmt":"2025-01-13T14:00:47","guid":{"rendered":"https:\/\/aivlisoft.com\/?post_type=product&#038;p=9894"},"modified":"2025-01-14T10:49:09","modified_gmt":"2025-01-14T10:49:09","slug":"msi-mp273aw-monitor-27-ips-fhd-vga-dp-hdmi-mm-bco","status":"publish","type":"product","link":"https:\/\/aivlisoft.net\/shop\/producto\/msi-mp273aw-monitor-27-ips-fhd-vga-dp-hdmi-mm-bco\/","title":{"rendered":"MSI MP273AW Monitor 27&#8243; IPS FHD VGA DP HDMI MM Bco"},"content":{"rendered":"<p><\/p>\n<table class=\"tabla_caracteristicas k-table\" width=\"100%\">\n<tr>\n<td><strong>Marca<\/strong><\/td>\n<td>MSI<\/td>\n<\/tr>\n<tr>\n<td><strong>Modelo<\/strong><\/td>\n<td><strong>9S6-3PB4CH-220<\/strong><\/td>\n<\/tr>\n<tr>\n<td valign=\"top\"><strong>Pantalla&nbsp;&nbsp;&nbsp;&nbsp;&nbsp;&nbsp;&nbsp;&nbsp;&nbsp;&nbsp;&nbsp;&nbsp;&nbsp;&nbsp; <\/strong><\/td>\n<td>&#8211; Tama&ntilde;o de pantalla: <strong>27&#8243;<\/strong> (69 cm)<br \/>\t\t\t&#8211; Tipo de panel:<strong> IPS<\/strong><br \/>\t\t\t&#8211; Resoluci&oacute;n: 1920 x 1080 (FHD)<br \/>\t\t\t&#8211; &Aacute;ngulos de visi&oacute;n:&nbsp; 178&deg;(H) \/ 178&deg;(V)<br \/>\t\t\t&#8211; Relaci&oacute;n de aspecto: 16:9<br \/>\t\t\t&#8211; Relaci&oacute;n de contraste: 1000:1<br \/>\t\t\t&#8211; Tiempo de respuesta: 4ms (GTG Min.) \/ 1ms MPRT<br \/>\t\t\t&#8211; &Aacute;rea de visualizaci&oacute;n activa (mm): &nbsp;597.888(H) x 336.312(V)<br \/>\t\t\t&#8211; Tama&ntilde;o de p&iacute;xel (H x V): &nbsp;0.3114(H) x 0.3114(V)<br \/>\t\t\t&#8211; Tratamiento de la superficie: Anti-glare<br \/>\t\t\t&#8211; Color bit: 8 bits ( 6 bits + FRC )<br \/>\t\t\t&#8211; Display Colors: 16.7M<br \/>\t\t\t&#8211; SRGB: 106% (CIE 1976)<br \/>\t\t\t&#8211; Tasa de refresco: 100Hz<\/td>\n<\/tr>\n<tr>\n<td valign=\"top\"><strong>Conexi&oacute;n<\/strong><\/td>\n<td>&#8211; 1 x HDMI (1.4b)<br \/>\t\t\t&#8211; 1 x DP (1.2)&nbsp;<br \/>\t\t\t&#8211; 1 x VGA<br \/>\t\t\t&#8211; 1 x Headphone-out<\/td>\n<\/tr>\n<tr>\n<td><strong>Caracter&iacute;sticas&nbsp;&nbsp;&nbsp;&nbsp;&nbsp;&nbsp;&nbsp;&nbsp;&nbsp;&nbsp;&nbsp;&nbsp;&nbsp;&nbsp;&nbsp;&nbsp;&nbsp;&nbsp;&nbsp;&nbsp;&nbsp; <\/strong><\/td>\n<td>&#8211; VESA: 75 x 75 mm<br \/>\t\t\t&#8211; Ajuste (inclinaci&oacute;n): &nbsp;-5&deg; ~ 20&deg;<br \/>\t\t\t&#8211; Bloqueo Kensington<br \/>\t\t\t&#8211; 2 x altavoces 2W<br \/>\t\t\t&#8211; Certificados: Energy Star 8.0<br \/>\t\t\t<strong>Alimentaci&oacute;n<\/strong><br \/>\t\t\t&#8211; Entrada de alimentaci&oacute;n: 100~240 V, 50\/60 Hz<br \/>\t\t\t<strong>Dimensiones y peso<\/strong><br \/>\t\t\t&#8211; 613,50 x 462,60 x 182 mm<br \/>\t\t\t&#8211; 3,9 kg<\/td>\n<\/tr>\n<tr>\n<td><strong>Fecha de revisi&oacute;n<\/strong><\/td>\n<td>02-10-2024 por RTY<\/td>\n<\/tr>\n<\/table>\n","protected":false},"excerpt":{"rendered":"<p>Marca MSI Modelo 9S6-3PB4CH-220 Pantalla&nbsp;&nbsp;&nbsp;&nbsp;&nbsp;&nbsp;&nbsp;&nbsp;&nbsp;&nbsp;&nbsp;&nbsp;&nbsp;&nbsp; &#8211; Tama&ntilde;o de pantalla: 27&#8243; (69 cm) &#8211; Tipo de panel: IPS &#8211; Resoluci&oacute;n: 1920 x 1080 (FHD) &#8211; &Aacute;ngulos de visi&oacute;n:&nbsp; 178&deg;(H) \/ 178&deg;(V) &#8211; Relaci&oacute;n de aspecto: 16:9 &#8211; Relaci&oacute;n de contraste: 1000:1 &#8211; Tiempo de respuesta: 4ms (GTG Min.) \/ 1ms MPRT &#8211; &Aacute;rea de visualizaci&oacute;n activa&hellip;&nbsp;<a href=\"https:\/\/aivlisoft.net\/shop\/producto\/msi-mp273aw-monitor-27-ips-fhd-vga-dp-hdmi-mm-bco\/\" rel=\"bookmark\"><span class=\"screen-reader-text\">MSI MP273AW Monitor 27&#8243; IPS FHD VGA DP HDMI MM Bco<\/span><\/a><\/p>\n","protected":false},"featured_media":9895,"template":"","meta":{"neve_meta_sidebar":"","neve_meta_container":"","neve_meta_enable_content_width":"","neve_meta_content_width":0,"neve_meta_title_alignment":"","neve_meta_author_avatar":"","neve_post_elements_order":"","neve_meta_disable_header":"","neve_meta_disable_footer":"","neve_meta_disable_title":""},"product_brand":[],"product_cat":[8720],"product_tag":[3869],"class_list":{"0":"post-9894","1":"product","2":"type-product","3":"status-publish","4":"has-post-thumbnail","6":"product_cat-monitores-led","7":"product_tag-9s6-3pb4ch-220","9":"first","10":"instock","11":"taxable","12":"shipping-taxable","13":"purchasable","14":"product-type-simple"},"yoast_head":"<!-- This site is optimized with the Yoast SEO plugin v26.0 - https:\/\/yoast.com\/wordpress\/plugins\/seo\/ -->\n<title>MSI MP273AW Monitor 27&quot; IPS FHD VGA DP HDMI MM Bco - Aivlisoft Inform\u00e1tica<\/title>\n<meta name=\"robots\" content=\"index, follow, max-snippet:-1, max-image-preview:large, max-video-preview:-1\" \/>\n<link rel=\"canonical\" href=\"https:\/\/aivlisoft.net\/shop\/producto\/msi-mp273aw-monitor-27-ips-fhd-vga-dp-hdmi-mm-bco\/\" \/>\n<meta property=\"og:locale\" content=\"es_ES\" \/>\n<meta property=\"og:type\" content=\"article\" \/>\n<meta property=\"og:title\" content=\"MSI MP273AW Monitor 27&quot; IPS FHD VGA DP HDMI MM Bco - Aivlisoft Inform\u00e1tica\" \/>\n<meta property=\"og:description\" content=\"Marca MSI Modelo 9S6-3PB4CH-220 Pantalla&nbsp;&nbsp;&nbsp;&nbsp;&nbsp;&nbsp;&nbsp;&nbsp;&nbsp;&nbsp;&nbsp;&nbsp;&nbsp;&nbsp; &#8211; Tama&ntilde;o de pantalla: 27&#8243; (69 cm) &#8211; Tipo de panel: IPS &#8211; Resoluci&oacute;n: 1920 x 1080 (FHD) &#8211; &Aacute;ngulos de visi&oacute;n:&nbsp; 178&deg;(H) \/ 178&deg;(V) &#8211; Relaci&oacute;n de aspecto: 16:9 &#8211; Relaci&oacute;n de contraste: 1000:1 &#8211; Tiempo de respuesta: 4ms (GTG Min.) \/ 1ms MPRT &#8211; &Aacute;rea de visualizaci&oacute;n activa&hellip;&nbsp;MSI MP273AW Monitor 27&#8243; IPS FHD VGA DP HDMI MM Bco\" \/>\n<meta property=\"og:url\" content=\"https:\/\/aivlisoft.net\/shop\/producto\/msi-mp273aw-monitor-27-ips-fhd-vga-dp-hdmi-mm-bco\/\" \/>\n<meta property=\"og:site_name\" content=\"Aivlisoft Inform\u00e1tica\" \/>\n<meta property=\"article:modified_time\" content=\"2025-01-14T10:49:09+00:00\" \/>\n<meta property=\"og:image\" content=\"https:\/\/aivlisoft.net\/shop\/wp-content\/uploads\/2025\/01\/FMOMLE0893_800.jpg\" \/>\n\t<meta property=\"og:image:width\" content=\"800\" \/>\n\t<meta property=\"og:image:height\" content=\"800\" \/>\n\t<meta property=\"og:image:type\" content=\"image\/jpeg\" \/>\n<meta name=\"twitter:card\" content=\"summary_large_image\" \/>\n<meta name=\"twitter:label1\" content=\"Tiempo de lectura\" \/>\n\t<meta name=\"twitter:data1\" content=\"1 minuto\" \/>\n<script type=\"application\/ld+json\" class=\"yoast-schema-graph\">{\"@context\":\"https:\/\/schema.org\",\"@graph\":[{\"@type\":\"WebPage\",\"@id\":\"https:\/\/aivlisoft.net\/shop\/producto\/msi-mp273aw-monitor-27-ips-fhd-vga-dp-hdmi-mm-bco\/\",\"url\":\"https:\/\/aivlisoft.net\/shop\/producto\/msi-mp273aw-monitor-27-ips-fhd-vga-dp-hdmi-mm-bco\/\",\"name\":\"MSI MP273AW Monitor 27\\\" IPS FHD VGA DP HDMI MM Bco - Aivlisoft Inform\u00e1tica\",\"isPartOf\":{\"@id\":\"https:\/\/aivlisoft.net\/shop\/#website\"},\"primaryImageOfPage\":{\"@id\":\"https:\/\/aivlisoft.net\/shop\/producto\/msi-mp273aw-monitor-27-ips-fhd-vga-dp-hdmi-mm-bco\/#primaryimage\"},\"image\":{\"@id\":\"https:\/\/aivlisoft.net\/shop\/producto\/msi-mp273aw-monitor-27-ips-fhd-vga-dp-hdmi-mm-bco\/#primaryimage\"},\"thumbnailUrl\":\"https:\/\/aivlisoft.net\/shop\/wp-content\/uploads\/2025\/01\/FMOMLE0893_800.jpg\",\"datePublished\":\"2025-01-13T14:00:47+00:00\",\"dateModified\":\"2025-01-14T10:49:09+00:00\",\"breadcrumb\":{\"@id\":\"https:\/\/aivlisoft.net\/shop\/producto\/msi-mp273aw-monitor-27-ips-fhd-vga-dp-hdmi-mm-bco\/#breadcrumb\"},\"inLanguage\":\"es\",\"potentialAction\":[{\"@type\":\"ReadAction\",\"target\":[\"https:\/\/aivlisoft.net\/shop\/producto\/msi-mp273aw-monitor-27-ips-fhd-vga-dp-hdmi-mm-bco\/\"]}]},{\"@type\":\"ImageObject\",\"inLanguage\":\"es\",\"@id\":\"https:\/\/aivlisoft.net\/shop\/producto\/msi-mp273aw-monitor-27-ips-fhd-vga-dp-hdmi-mm-bco\/#primaryimage\",\"url\":\"https:\/\/aivlisoft.net\/shop\/wp-content\/uploads\/2025\/01\/FMOMLE0893_800.jpg\",\"contentUrl\":\"https:\/\/aivlisoft.net\/shop\/wp-content\/uploads\/2025\/01\/FMOMLE0893_800.jpg\",\"width\":800,\"height\":800},{\"@type\":\"BreadcrumbList\",\"@id\":\"https:\/\/aivlisoft.net\/shop\/producto\/msi-mp273aw-monitor-27-ips-fhd-vga-dp-hdmi-mm-bco\/#breadcrumb\",\"itemListElement\":[{\"@type\":\"ListItem\",\"position\":1,\"name\":\"Portada\",\"item\":\"https:\/\/aivlisoft.net\/shop\/\"},{\"@type\":\"ListItem\",\"position\":2,\"name\":\"Tienda\",\"item\":\"https:\/\/aivlisoft.net\/shop\/tienda\/\"},{\"@type\":\"ListItem\",\"position\":3,\"name\":\"MSI MP273AW Monitor 27&#8243; IPS FHD VGA DP HDMI MM Bco\"}]},{\"@type\":\"WebSite\",\"@id\":\"https:\/\/aivlisoft.net\/shop\/#website\",\"url\":\"https:\/\/aivlisoft.net\/shop\/\",\"name\":\"Aivlisoft Inform\u00e1tica\",\"description\":\"En Aivlisoft Inform\u00e1tica ofrecemos soluciones tecnol\u00f3gicas para empresas: venta de ordenadores, consumibles, perif\u00e9ricos y m\u00e1s. Calidad, atenci\u00f3n personalizada y los mejores precios para tu negocio.\",\"publisher\":{\"@id\":\"https:\/\/aivlisoft.net\/shop\/#organization\"},\"potentialAction\":[{\"@type\":\"SearchAction\",\"target\":{\"@type\":\"EntryPoint\",\"urlTemplate\":\"https:\/\/aivlisoft.net\/shop\/?s={search_term_string}\"},\"query-input\":{\"@type\":\"PropertyValueSpecification\",\"valueRequired\":true,\"valueName\":\"search_term_string\"}}],\"inLanguage\":\"es\"},{\"@type\":\"Organization\",\"@id\":\"https:\/\/aivlisoft.net\/shop\/#organization\",\"name\":\"Aivlisoft Inform\u00e1tica\",\"url\":\"https:\/\/aivlisoft.net\/shop\/\",\"logo\":{\"@type\":\"ImageObject\",\"inLanguage\":\"es\",\"@id\":\"https:\/\/aivlisoft.net\/shop\/#\/schema\/logo\/image\/\",\"url\":\"https:\/\/aivlisoft.net\/shop\/wp-content\/uploads\/2024\/12\/removal.ai_5b848c54-0cdf-4140-95c5-c5536bb7573b-logodef.png\",\"contentUrl\":\"https:\/\/aivlisoft.net\/shop\/wp-content\/uploads\/2024\/12\/removal.ai_5b848c54-0cdf-4140-95c5-c5536bb7573b-logodef.png\",\"width\":484,\"height\":182,\"caption\":\"Aivlisoft Inform\u00e1tica\"},\"image\":{\"@id\":\"https:\/\/aivlisoft.net\/shop\/#\/schema\/logo\/image\/\"}}]}<\/script>\n<!-- \/ Yoast SEO plugin. -->","yoast_head_json":{"title":"MSI MP273AW Monitor 27\" IPS FHD VGA DP HDMI MM Bco - Aivlisoft Inform\u00e1tica","robots":{"index":"index","follow":"follow","max-snippet":"max-snippet:-1","max-image-preview":"max-image-preview:large","max-video-preview":"max-video-preview:-1"},"canonical":"https:\/\/aivlisoft.net\/shop\/producto\/msi-mp273aw-monitor-27-ips-fhd-vga-dp-hdmi-mm-bco\/","og_locale":"es_ES","og_type":"article","og_title":"MSI MP273AW Monitor 27\" IPS FHD VGA DP HDMI MM Bco - Aivlisoft Inform\u00e1tica","og_description":"Marca MSI Modelo 9S6-3PB4CH-220 Pantalla&nbsp;&nbsp;&nbsp;&nbsp;&nbsp;&nbsp;&nbsp;&nbsp;&nbsp;&nbsp;&nbsp;&nbsp;&nbsp;&nbsp; &#8211; Tama&ntilde;o de pantalla: 27&#8243; (69 cm) &#8211; Tipo de panel: IPS &#8211; Resoluci&oacute;n: 1920 x 1080 (FHD) &#8211; &Aacute;ngulos de visi&oacute;n:&nbsp; 178&deg;(H) \/ 178&deg;(V) &#8211; Relaci&oacute;n de aspecto: 16:9 &#8211; Relaci&oacute;n de contraste: 1000:1 &#8211; Tiempo de respuesta: 4ms (GTG Min.) \/ 1ms MPRT &#8211; &Aacute;rea de visualizaci&oacute;n activa&hellip;&nbsp;MSI MP273AW Monitor 27&#8243; IPS FHD VGA DP HDMI MM Bco","og_url":"https:\/\/aivlisoft.net\/shop\/producto\/msi-mp273aw-monitor-27-ips-fhd-vga-dp-hdmi-mm-bco\/","og_site_name":"Aivlisoft Inform\u00e1tica","article_modified_time":"2025-01-14T10:49:09+00:00","og_image":[{"width":800,"height":800,"url":"https:\/\/aivlisoft.net\/shop\/wp-content\/uploads\/2025\/01\/FMOMLE0893_800.jpg","type":"image\/jpeg"}],"twitter_card":"summary_large_image","twitter_misc":{"Tiempo de lectura":"1 minuto"},"schema":{"@context":"https:\/\/schema.org","@graph":[{"@type":"WebPage","@id":"https:\/\/aivlisoft.net\/shop\/producto\/msi-mp273aw-monitor-27-ips-fhd-vga-dp-hdmi-mm-bco\/","url":"https:\/\/aivlisoft.net\/shop\/producto\/msi-mp273aw-monitor-27-ips-fhd-vga-dp-hdmi-mm-bco\/","name":"MSI MP273AW Monitor 27\" IPS FHD VGA DP HDMI MM Bco - Aivlisoft Inform\u00e1tica","isPartOf":{"@id":"https:\/\/aivlisoft.net\/shop\/#website"},"primaryImageOfPage":{"@id":"https:\/\/aivlisoft.net\/shop\/producto\/msi-mp273aw-monitor-27-ips-fhd-vga-dp-hdmi-mm-bco\/#primaryimage"},"image":{"@id":"https:\/\/aivlisoft.net\/shop\/producto\/msi-mp273aw-monitor-27-ips-fhd-vga-dp-hdmi-mm-bco\/#primaryimage"},"thumbnailUrl":"https:\/\/aivlisoft.net\/shop\/wp-content\/uploads\/2025\/01\/FMOMLE0893_800.jpg","datePublished":"2025-01-13T14:00:47+00:00","dateModified":"2025-01-14T10:49:09+00:00","breadcrumb":{"@id":"https:\/\/aivlisoft.net\/shop\/producto\/msi-mp273aw-monitor-27-ips-fhd-vga-dp-hdmi-mm-bco\/#breadcrumb"},"inLanguage":"es","potentialAction":[{"@type":"ReadAction","target":["https:\/\/aivlisoft.net\/shop\/producto\/msi-mp273aw-monitor-27-ips-fhd-vga-dp-hdmi-mm-bco\/"]}]},{"@type":"ImageObject","inLanguage":"es","@id":"https:\/\/aivlisoft.net\/shop\/producto\/msi-mp273aw-monitor-27-ips-fhd-vga-dp-hdmi-mm-bco\/#primaryimage","url":"https:\/\/aivlisoft.net\/shop\/wp-content\/uploads\/2025\/01\/FMOMLE0893_800.jpg","contentUrl":"https:\/\/aivlisoft.net\/shop\/wp-content\/uploads\/2025\/01\/FMOMLE0893_800.jpg","width":800,"height":800},{"@type":"BreadcrumbList","@id":"https:\/\/aivlisoft.net\/shop\/producto\/msi-mp273aw-monitor-27-ips-fhd-vga-dp-hdmi-mm-bco\/#breadcrumb","itemListElement":[{"@type":"ListItem","position":1,"name":"Portada","item":"https:\/\/aivlisoft.net\/shop\/"},{"@type":"ListItem","position":2,"name":"Tienda","item":"https:\/\/aivlisoft.net\/shop\/tienda\/"},{"@type":"ListItem","position":3,"name":"MSI MP273AW Monitor 27&#8243; IPS FHD VGA DP HDMI MM Bco"}]},{"@type":"WebSite","@id":"https:\/\/aivlisoft.net\/shop\/#website","url":"https:\/\/aivlisoft.net\/shop\/","name":"Aivlisoft Inform\u00e1tica","description":"En Aivlisoft Inform\u00e1tica ofrecemos soluciones tecnol\u00f3gicas para empresas: venta de ordenadores, consumibles, perif\u00e9ricos y m\u00e1s. Calidad, atenci\u00f3n personalizada y los mejores precios para tu negocio.","publisher":{"@id":"https:\/\/aivlisoft.net\/shop\/#organization"},"potentialAction":[{"@type":"SearchAction","target":{"@type":"EntryPoint","urlTemplate":"https:\/\/aivlisoft.net\/shop\/?s={search_term_string}"},"query-input":{"@type":"PropertyValueSpecification","valueRequired":true,"valueName":"search_term_string"}}],"inLanguage":"es"},{"@type":"Organization","@id":"https:\/\/aivlisoft.net\/shop\/#organization","name":"Aivlisoft Inform\u00e1tica","url":"https:\/\/aivlisoft.net\/shop\/","logo":{"@type":"ImageObject","inLanguage":"es","@id":"https:\/\/aivlisoft.net\/shop\/#\/schema\/logo\/image\/","url":"https:\/\/aivlisoft.net\/shop\/wp-content\/uploads\/2024\/12\/removal.ai_5b848c54-0cdf-4140-95c5-c5536bb7573b-logodef.png","contentUrl":"https:\/\/aivlisoft.net\/shop\/wp-content\/uploads\/2024\/12\/removal.ai_5b848c54-0cdf-4140-95c5-c5536bb7573b-logodef.png","width":484,"height":182,"caption":"Aivlisoft Inform\u00e1tica"},"image":{"@id":"https:\/\/aivlisoft.net\/shop\/#\/schema\/logo\/image\/"}}]}},"_links":{"self":[{"href":"https:\/\/aivlisoft.net\/shop\/wp-json\/wp\/v2\/product\/9894","targetHints":{"allow":["GET"]}}],"collection":[{"href":"https:\/\/aivlisoft.net\/shop\/wp-json\/wp\/v2\/product"}],"about":[{"href":"https:\/\/aivlisoft.net\/shop\/wp-json\/wp\/v2\/types\/product"}],"wp:featuredmedia":[{"embeddable":true,"href":"https:\/\/aivlisoft.net\/shop\/wp-json\/wp\/v2\/media\/9895"}],"wp:attachment":[{"href":"https:\/\/aivlisoft.net\/shop\/wp-json\/wp\/v2\/media?parent=9894"}],"wp:term":[{"taxonomy":"product_brand","embeddable":true,"href":"https:\/\/aivlisoft.net\/shop\/wp-json\/wp\/v2\/product_brand?post=9894"},{"taxonomy":"product_cat","embeddable":true,"href":"https:\/\/aivlisoft.net\/shop\/wp-json\/wp\/v2\/product_cat?post=9894"},{"taxonomy":"product_tag","embeddable":true,"href":"https:\/\/aivlisoft.net\/shop\/wp-json\/wp\/v2\/product_tag?post=9894"}],"curies":[{"name":"wp","href":"https:\/\/api.w.org\/{rel}","templated":true}]}}