{"id":9856,"date":"2025-01-13T14:00:30","date_gmt":"2025-01-13T14:00:30","guid":{"rendered":"https:\/\/aivlisoft.com\/?post_type=product&#038;p=9856"},"modified":"2025-01-14T10:48:58","modified_gmt":"2025-01-14T10:48:58","slug":"keep-out-xgm27pro4-monitor27-200hz-hdmi-dp-cur","status":"publish","type":"product","link":"https:\/\/aivlisoft.net\/shop\/producto\/keep-out-xgm27pro4-monitor27-200hz-hdmi-dp-cur\/","title":{"rendered":"Keep Out XGM27PRO4  Monitor27 200HZ  HDMI DP Cur"},"content":{"rendered":"<p>El XGM27PRO4 es un monitor curvo de 27&rdquo;, que te ofrece una combinaci&oacute;n de experiencia sin precedentes para que disfrutes con comodidad para tus ojos y gran nitidez de im&aacute;genes.<\/p>\n<p>Su pantalla de 200Hz est&aacute; optimizada para reducir la emisi&oacute;n de ondas de luz azul y minimizar el parpadeo, proteger&aacute; tus ojos para que puedas estar m&aacute;s tiempo jugando a tus juegos frente a la pantalla. No pierdas detalle.<\/p>\n<p>Es apto para juegos con un tiempo de respuesta de 1ms para jugar con mayor fluidez.<\/p>\n<table class=\"tabla_caracteristicas k-table\" width=\"100%\">\n<tr>\n<td valign=\"top\"><strong>Marca<\/strong><\/td>\n<td>KEEP OUT<\/td>\n<\/tr>\n<tr>\n<td valign=\"top\"><strong>Modelo<\/strong><\/td>\n<td><strong>XGM27Pro4<\/strong><\/td>\n<\/tr>\n<tr>\n<td valign=\"top\"><strong>Pantalla<\/strong><\/td>\n<td>&#8211; Diagonal de la pantalla: <strong>27&#8243;<\/strong><br \/>\t\t\t&#8211; Curvo Grado A<br \/>\t\t\t&#8211; Tipo: <strong>VA<\/strong><br \/>\t\t\t&#8211; Curvatura: R1800<br \/>\t\t\t&#8211; Resoluci&oacute;n: FHD 1920 x 1080<br \/>\t\t\t&#8211; Frecuencia: 200Hz<br \/>\t\t\t&#8211; Tiempo de respuesta: 1ms<br \/>\t\t\t&#8211; &Aacute;ngulo de visi&oacute;n: H:178&deg; V:178&deg;<br \/>\t\t\t&#8211; Brillo:250cd\/m2<br \/>\t\t\t&#8211; Contraste:3000:1<br \/>\t\t\t&#8211; Formato:16:9<\/td>\n<\/tr>\n<tr>\n<td valign=\"top\"><strong>Conexi&oacute;n<\/strong><\/td>\n<td><strong>Entradas<\/strong><br \/>\t\t\t&#8211; DisplayPort 1.2<br \/>\t\t\t&#8211; HDMI 2.0<br \/>\t\t\t&#8211; USB (5V\/1A) salida<br \/>\t\t\t&#8211; Audio Jack 3.5 mm salida<\/td>\n<\/tr>\n<tr>\n<td valign=\"top\"><strong>Caracter&iacute;sticas<\/strong><\/td>\n<td>&#8211; Vesa: 100mm x 100mm<br \/>\t\t\t&#8211; Altavoces: 2 x 3W<br \/>\t\t\t<strong>Dimensiones y peso<\/strong><br \/>\t\t\t&#8211; 693 x 445 x132 mm<br \/>\t\t\t&#8211; 4,82 kg<br \/>\t\t\t<strong>Contiene<\/strong><br \/>\t\t\t&#8211; <strong>XGM27PRO4<\/strong><br \/>\t\t\t&#8211; Gu&iacute;a de usuario<br \/>\t\t\t&#8211; Base y tornillos<br \/>\t\t\t&#8211; Adaptador de corriente 12V\/3A<br \/>\t\t\t&#8211; Cable HDMI<\/td>\n<\/tr>\n<tr>\n<td valign=\"top\"><strong>Certificado energ&eacute;tico<\/strong><\/td>\n<td><a alt=\"Certificado energ&Atilde;&copy;tico\" href=\"https:\/\/www.infortisa.com\/images\/content\/2024061911201628844FMOMLE0877.webp\" target=\"_blank\">Ver certificado<\/a><\/td>\n<\/tr>\n<tr>\n<td valign=\"top\"><strong>Fecha de revisi&oacute;n<\/strong><\/td>\n<td>19-06-2024 por RTY<\/td>\n<\/tr>\n<\/table>\n","protected":false},"excerpt":{"rendered":"<p>El XGM27PRO4 es un monitor curvo de 27&rdquo;, que te ofrece una combinaci&oacute;n de experiencia sin precedentes para que disfrutes con comodidad para tus ojos y gran nitidez de im&aacute;genes. Su pantalla de 200Hz est&aacute; optimizada para reducir la emisi&oacute;n de ondas de luz azul y minimizar el parpadeo, proteger&aacute; tus ojos para que puedas&hellip;&nbsp;<a href=\"https:\/\/aivlisoft.net\/shop\/producto\/keep-out-xgm27pro4-monitor27-200hz-hdmi-dp-cur\/\" rel=\"bookmark\"><span class=\"screen-reader-text\">Keep Out XGM27PRO4  Monitor27 200HZ  HDMI DP Cur<\/span><\/a><\/p>\n","protected":false},"featured_media":9857,"template":"","meta":{"neve_meta_sidebar":"","neve_meta_container":"","neve_meta_enable_content_width":"","neve_meta_content_width":0,"neve_meta_title_alignment":"","neve_meta_author_avatar":"","neve_post_elements_order":"","neve_meta_disable_header":"","neve_meta_disable_footer":"","neve_meta_disable_title":""},"product_brand":[],"product_cat":[8720],"product_tag":[3859],"class_list":{"0":"post-9856","1":"product","2":"type-product","3":"status-publish","4":"has-post-thumbnail","6":"product_cat-monitores-led","7":"product_tag-xgm27pro4","9":"first","10":"instock","11":"taxable","12":"shipping-taxable","13":"purchasable","14":"product-type-simple"},"yoast_head":"<!-- This site is optimized with the Yoast SEO plugin v26.0 - https:\/\/yoast.com\/wordpress\/plugins\/seo\/ -->\n<title>Keep Out XGM27PRO4 Monitor27 200HZ HDMI DP Cur - Aivlisoft Inform\u00e1tica<\/title>\n<meta name=\"robots\" content=\"index, follow, max-snippet:-1, max-image-preview:large, max-video-preview:-1\" \/>\n<link rel=\"canonical\" href=\"https:\/\/aivlisoft.net\/shop\/producto\/keep-out-xgm27pro4-monitor27-200hz-hdmi-dp-cur\/\" \/>\n<meta property=\"og:locale\" content=\"es_ES\" \/>\n<meta property=\"og:type\" content=\"article\" \/>\n<meta property=\"og:title\" content=\"Keep Out XGM27PRO4 Monitor27 200HZ HDMI DP Cur - Aivlisoft Inform\u00e1tica\" \/>\n<meta property=\"og:description\" content=\"El XGM27PRO4 es un monitor curvo de 27&rdquo;, que te ofrece una combinaci&oacute;n de experiencia sin precedentes para que disfrutes con comodidad para tus ojos y gran nitidez de im&aacute;genes. Su pantalla de 200Hz est&aacute; optimizada para reducir la emisi&oacute;n de ondas de luz azul y minimizar el parpadeo, proteger&aacute; tus ojos para que puedas&hellip;&nbsp;Keep Out XGM27PRO4 Monitor27 200HZ HDMI DP Cur\" \/>\n<meta property=\"og:url\" content=\"https:\/\/aivlisoft.net\/shop\/producto\/keep-out-xgm27pro4-monitor27-200hz-hdmi-dp-cur\/\" \/>\n<meta property=\"og:site_name\" content=\"Aivlisoft Inform\u00e1tica\" \/>\n<meta property=\"article:modified_time\" content=\"2025-01-14T10:48:58+00:00\" \/>\n<meta property=\"og:image\" content=\"https:\/\/aivlisoft.net\/shop\/wp-content\/uploads\/2025\/01\/FMOMLE0877_800.jpg\" \/>\n\t<meta property=\"og:image:width\" content=\"800\" \/>\n\t<meta property=\"og:image:height\" content=\"800\" \/>\n\t<meta property=\"og:image:type\" content=\"image\/jpeg\" \/>\n<meta name=\"twitter:card\" content=\"summary_large_image\" \/>\n<meta name=\"twitter:label1\" content=\"Tiempo de lectura\" \/>\n\t<meta name=\"twitter:data1\" content=\"1 minuto\" \/>\n<script type=\"application\/ld+json\" class=\"yoast-schema-graph\">{\"@context\":\"https:\/\/schema.org\",\"@graph\":[{\"@type\":\"WebPage\",\"@id\":\"https:\/\/aivlisoft.net\/shop\/producto\/keep-out-xgm27pro4-monitor27-200hz-hdmi-dp-cur\/\",\"url\":\"https:\/\/aivlisoft.net\/shop\/producto\/keep-out-xgm27pro4-monitor27-200hz-hdmi-dp-cur\/\",\"name\":\"Keep Out XGM27PRO4 Monitor27 200HZ HDMI DP Cur - Aivlisoft Inform\u00e1tica\",\"isPartOf\":{\"@id\":\"https:\/\/aivlisoft.net\/shop\/#website\"},\"primaryImageOfPage\":{\"@id\":\"https:\/\/aivlisoft.net\/shop\/producto\/keep-out-xgm27pro4-monitor27-200hz-hdmi-dp-cur\/#primaryimage\"},\"image\":{\"@id\":\"https:\/\/aivlisoft.net\/shop\/producto\/keep-out-xgm27pro4-monitor27-200hz-hdmi-dp-cur\/#primaryimage\"},\"thumbnailUrl\":\"https:\/\/aivlisoft.net\/shop\/wp-content\/uploads\/2025\/01\/FMOMLE0877_800.jpg\",\"datePublished\":\"2025-01-13T14:00:30+00:00\",\"dateModified\":\"2025-01-14T10:48:58+00:00\",\"breadcrumb\":{\"@id\":\"https:\/\/aivlisoft.net\/shop\/producto\/keep-out-xgm27pro4-monitor27-200hz-hdmi-dp-cur\/#breadcrumb\"},\"inLanguage\":\"es\",\"potentialAction\":[{\"@type\":\"ReadAction\",\"target\":[\"https:\/\/aivlisoft.net\/shop\/producto\/keep-out-xgm27pro4-monitor27-200hz-hdmi-dp-cur\/\"]}]},{\"@type\":\"ImageObject\",\"inLanguage\":\"es\",\"@id\":\"https:\/\/aivlisoft.net\/shop\/producto\/keep-out-xgm27pro4-monitor27-200hz-hdmi-dp-cur\/#primaryimage\",\"url\":\"https:\/\/aivlisoft.net\/shop\/wp-content\/uploads\/2025\/01\/FMOMLE0877_800.jpg\",\"contentUrl\":\"https:\/\/aivlisoft.net\/shop\/wp-content\/uploads\/2025\/01\/FMOMLE0877_800.jpg\",\"width\":800,\"height\":800},{\"@type\":\"BreadcrumbList\",\"@id\":\"https:\/\/aivlisoft.net\/shop\/producto\/keep-out-xgm27pro4-monitor27-200hz-hdmi-dp-cur\/#breadcrumb\",\"itemListElement\":[{\"@type\":\"ListItem\",\"position\":1,\"name\":\"Portada\",\"item\":\"https:\/\/aivlisoft.net\/shop\/\"},{\"@type\":\"ListItem\",\"position\":2,\"name\":\"Tienda\",\"item\":\"https:\/\/aivlisoft.net\/shop\/tienda\/\"},{\"@type\":\"ListItem\",\"position\":3,\"name\":\"Keep Out XGM27PRO4 Monitor27 200HZ HDMI DP Cur\"}]},{\"@type\":\"WebSite\",\"@id\":\"https:\/\/aivlisoft.net\/shop\/#website\",\"url\":\"https:\/\/aivlisoft.net\/shop\/\",\"name\":\"Aivlisoft Inform\u00e1tica\",\"description\":\"En Aivlisoft Inform\u00e1tica ofrecemos soluciones tecnol\u00f3gicas para empresas: venta de ordenadores, consumibles, perif\u00e9ricos y m\u00e1s. Calidad, atenci\u00f3n personalizada y los mejores precios para tu negocio.\",\"publisher\":{\"@id\":\"https:\/\/aivlisoft.net\/shop\/#organization\"},\"potentialAction\":[{\"@type\":\"SearchAction\",\"target\":{\"@type\":\"EntryPoint\",\"urlTemplate\":\"https:\/\/aivlisoft.net\/shop\/?s={search_term_string}\"},\"query-input\":{\"@type\":\"PropertyValueSpecification\",\"valueRequired\":true,\"valueName\":\"search_term_string\"}}],\"inLanguage\":\"es\"},{\"@type\":\"Organization\",\"@id\":\"https:\/\/aivlisoft.net\/shop\/#organization\",\"name\":\"Aivlisoft Inform\u00e1tica\",\"url\":\"https:\/\/aivlisoft.net\/shop\/\",\"logo\":{\"@type\":\"ImageObject\",\"inLanguage\":\"es\",\"@id\":\"https:\/\/aivlisoft.net\/shop\/#\/schema\/logo\/image\/\",\"url\":\"https:\/\/aivlisoft.net\/shop\/wp-content\/uploads\/2024\/12\/removal.ai_5b848c54-0cdf-4140-95c5-c5536bb7573b-logodef.png\",\"contentUrl\":\"https:\/\/aivlisoft.net\/shop\/wp-content\/uploads\/2024\/12\/removal.ai_5b848c54-0cdf-4140-95c5-c5536bb7573b-logodef.png\",\"width\":484,\"height\":182,\"caption\":\"Aivlisoft Inform\u00e1tica\"},\"image\":{\"@id\":\"https:\/\/aivlisoft.net\/shop\/#\/schema\/logo\/image\/\"}}]}<\/script>\n<!-- \/ Yoast SEO plugin. -->","yoast_head_json":{"title":"Keep Out XGM27PRO4 Monitor27 200HZ HDMI DP Cur - Aivlisoft Inform\u00e1tica","robots":{"index":"index","follow":"follow","max-snippet":"max-snippet:-1","max-image-preview":"max-image-preview:large","max-video-preview":"max-video-preview:-1"},"canonical":"https:\/\/aivlisoft.net\/shop\/producto\/keep-out-xgm27pro4-monitor27-200hz-hdmi-dp-cur\/","og_locale":"es_ES","og_type":"article","og_title":"Keep Out XGM27PRO4 Monitor27 200HZ HDMI DP Cur - Aivlisoft Inform\u00e1tica","og_description":"El XGM27PRO4 es un monitor curvo de 27&rdquo;, que te ofrece una combinaci&oacute;n de experiencia sin precedentes para que disfrutes con comodidad para tus ojos y gran nitidez de im&aacute;genes. Su pantalla de 200Hz est&aacute; optimizada para reducir la emisi&oacute;n de ondas de luz azul y minimizar el parpadeo, proteger&aacute; tus ojos para que puedas&hellip;&nbsp;Keep Out XGM27PRO4 Monitor27 200HZ HDMI DP Cur","og_url":"https:\/\/aivlisoft.net\/shop\/producto\/keep-out-xgm27pro4-monitor27-200hz-hdmi-dp-cur\/","og_site_name":"Aivlisoft Inform\u00e1tica","article_modified_time":"2025-01-14T10:48:58+00:00","og_image":[{"width":800,"height":800,"url":"https:\/\/aivlisoft.net\/shop\/wp-content\/uploads\/2025\/01\/FMOMLE0877_800.jpg","type":"image\/jpeg"}],"twitter_card":"summary_large_image","twitter_misc":{"Tiempo de lectura":"1 minuto"},"schema":{"@context":"https:\/\/schema.org","@graph":[{"@type":"WebPage","@id":"https:\/\/aivlisoft.net\/shop\/producto\/keep-out-xgm27pro4-monitor27-200hz-hdmi-dp-cur\/","url":"https:\/\/aivlisoft.net\/shop\/producto\/keep-out-xgm27pro4-monitor27-200hz-hdmi-dp-cur\/","name":"Keep Out XGM27PRO4 Monitor27 200HZ HDMI DP Cur - Aivlisoft Inform\u00e1tica","isPartOf":{"@id":"https:\/\/aivlisoft.net\/shop\/#website"},"primaryImageOfPage":{"@id":"https:\/\/aivlisoft.net\/shop\/producto\/keep-out-xgm27pro4-monitor27-200hz-hdmi-dp-cur\/#primaryimage"},"image":{"@id":"https:\/\/aivlisoft.net\/shop\/producto\/keep-out-xgm27pro4-monitor27-200hz-hdmi-dp-cur\/#primaryimage"},"thumbnailUrl":"https:\/\/aivlisoft.net\/shop\/wp-content\/uploads\/2025\/01\/FMOMLE0877_800.jpg","datePublished":"2025-01-13T14:00:30+00:00","dateModified":"2025-01-14T10:48:58+00:00","breadcrumb":{"@id":"https:\/\/aivlisoft.net\/shop\/producto\/keep-out-xgm27pro4-monitor27-200hz-hdmi-dp-cur\/#breadcrumb"},"inLanguage":"es","potentialAction":[{"@type":"ReadAction","target":["https:\/\/aivlisoft.net\/shop\/producto\/keep-out-xgm27pro4-monitor27-200hz-hdmi-dp-cur\/"]}]},{"@type":"ImageObject","inLanguage":"es","@id":"https:\/\/aivlisoft.net\/shop\/producto\/keep-out-xgm27pro4-monitor27-200hz-hdmi-dp-cur\/#primaryimage","url":"https:\/\/aivlisoft.net\/shop\/wp-content\/uploads\/2025\/01\/FMOMLE0877_800.jpg","contentUrl":"https:\/\/aivlisoft.net\/shop\/wp-content\/uploads\/2025\/01\/FMOMLE0877_800.jpg","width":800,"height":800},{"@type":"BreadcrumbList","@id":"https:\/\/aivlisoft.net\/shop\/producto\/keep-out-xgm27pro4-monitor27-200hz-hdmi-dp-cur\/#breadcrumb","itemListElement":[{"@type":"ListItem","position":1,"name":"Portada","item":"https:\/\/aivlisoft.net\/shop\/"},{"@type":"ListItem","position":2,"name":"Tienda","item":"https:\/\/aivlisoft.net\/shop\/tienda\/"},{"@type":"ListItem","position":3,"name":"Keep Out XGM27PRO4 Monitor27 200HZ HDMI DP Cur"}]},{"@type":"WebSite","@id":"https:\/\/aivlisoft.net\/shop\/#website","url":"https:\/\/aivlisoft.net\/shop\/","name":"Aivlisoft Inform\u00e1tica","description":"En Aivlisoft Inform\u00e1tica ofrecemos soluciones tecnol\u00f3gicas para empresas: venta de ordenadores, consumibles, perif\u00e9ricos y m\u00e1s. Calidad, atenci\u00f3n personalizada y los mejores precios para tu negocio.","publisher":{"@id":"https:\/\/aivlisoft.net\/shop\/#organization"},"potentialAction":[{"@type":"SearchAction","target":{"@type":"EntryPoint","urlTemplate":"https:\/\/aivlisoft.net\/shop\/?s={search_term_string}"},"query-input":{"@type":"PropertyValueSpecification","valueRequired":true,"valueName":"search_term_string"}}],"inLanguage":"es"},{"@type":"Organization","@id":"https:\/\/aivlisoft.net\/shop\/#organization","name":"Aivlisoft Inform\u00e1tica","url":"https:\/\/aivlisoft.net\/shop\/","logo":{"@type":"ImageObject","inLanguage":"es","@id":"https:\/\/aivlisoft.net\/shop\/#\/schema\/logo\/image\/","url":"https:\/\/aivlisoft.net\/shop\/wp-content\/uploads\/2024\/12\/removal.ai_5b848c54-0cdf-4140-95c5-c5536bb7573b-logodef.png","contentUrl":"https:\/\/aivlisoft.net\/shop\/wp-content\/uploads\/2024\/12\/removal.ai_5b848c54-0cdf-4140-95c5-c5536bb7573b-logodef.png","width":484,"height":182,"caption":"Aivlisoft Inform\u00e1tica"},"image":{"@id":"https:\/\/aivlisoft.net\/shop\/#\/schema\/logo\/image\/"}}]}},"_links":{"self":[{"href":"https:\/\/aivlisoft.net\/shop\/wp-json\/wp\/v2\/product\/9856","targetHints":{"allow":["GET"]}}],"collection":[{"href":"https:\/\/aivlisoft.net\/shop\/wp-json\/wp\/v2\/product"}],"about":[{"href":"https:\/\/aivlisoft.net\/shop\/wp-json\/wp\/v2\/types\/product"}],"wp:featuredmedia":[{"embeddable":true,"href":"https:\/\/aivlisoft.net\/shop\/wp-json\/wp\/v2\/media\/9857"}],"wp:attachment":[{"href":"https:\/\/aivlisoft.net\/shop\/wp-json\/wp\/v2\/media?parent=9856"}],"wp:term":[{"taxonomy":"product_brand","embeddable":true,"href":"https:\/\/aivlisoft.net\/shop\/wp-json\/wp\/v2\/product_brand?post=9856"},{"taxonomy":"product_cat","embeddable":true,"href":"https:\/\/aivlisoft.net\/shop\/wp-json\/wp\/v2\/product_cat?post=9856"},{"taxonomy":"product_tag","embeddable":true,"href":"https:\/\/aivlisoft.net\/shop\/wp-json\/wp\/v2\/product_tag?post=9856"}],"curies":[{"name":"wp","href":"https:\/\/api.w.org\/{rel}","templated":true}]}}