{"id":9810,"date":"2025-01-13T14:00:05","date_gmt":"2025-01-13T14:00:05","guid":{"rendered":"https:\/\/aivlisoft.com\/?post_type=product&#038;p=9810"},"modified":"2025-01-14T10:48:40","modified_gmt":"2025-01-14T10:48:40","slug":"approx-appm27bv3-monitor27-100hz-4ms-hdmi-vga-mm","status":"publish","type":"product","link":"https:\/\/aivlisoft.net\/shop\/producto\/approx-appm27bv3-monitor27-100hz-4ms-hdmi-vga-mm\/","title":{"rendered":"Approx APPM27BV3  monitor27&#8243; 100hz 4ms HDMI VGA MM"},"content":{"rendered":"<p>El APPM27BV3 es un monitor de 27&rdquo; con resoluci&oacute;n FHD, que te ofrece una combinaci&oacute;n de experiencia sin precedentes para una mayor comodidad para tus ojos y gran nitidez de im&aacute;genes. Su pantalla IPS LEVEL (ADS) con una frecuencia de 100Hz, est&aacute; optimizada para reducir la emisi&oacute;n de ondas de luz azul y minimizar el parpadeo, proteger&aacute; tus ojos para que puedas estar m&aacute;s tiempo frente a la pantalla. Este monitor es apto tambi&eacute;n para juegos gracias a su tiempo de respuesta de 4ms para jugar con mayor fluidez.<\/p>\n<table class=\"tabla_caracteristicas\" width=\"100%\">\n<tr>\n<td valign=\"top\"><strong>Marca<\/strong><\/td>\n<td>Approx<\/td>\n<\/tr>\n<tr>\n<td valign=\"top\"><strong>Modelo<\/strong><\/td>\n<td><strong>APPM27BV3<\/strong><\/td>\n<\/tr>\n<tr>\n<td valign=\"top\"><strong>Caracter&iacute;sticas<\/strong><\/td>\n<td>&#8211; Pantalla: <strong>27&rdquo;<\/strong> Grado A Mate<br \/>\t\t\t&#8211; Tipo: IPS LEVEL (ADS)<br \/>\t\t\t&#8211; Resoluci&oacute;n: FHD 1920 x 1080<br \/>\t\t\t&#8211; Frecuencia: 100Hz<br \/>\t\t\t&#8211; Tiempo de respuesta: 4ms<br \/>\t\t\t&#8211; Retroiluminaci&oacute;n: LED<br \/>\t\t\t&#8211; &Aacute;ngulo de visi&oacute;n: H:178&deg; V:178&deg;<br \/>\t\t\t&#8211; Brillo: 250cd\/m2<br \/>\t\t\t&#8211; Contraste: 4000:1<br \/>\t\t\t&#8211; Formato: 16:9<br \/>\t\t\t&#8211; Entradas: VGA, HDMI, Jack 3.5mm<br \/>\t\t\t&#8211; Vesa: 100mm x 100mm<br \/>\t\t\t&#8211; Altavoces: 2 x 3W<br \/>\t\t\t&#8211; Voltaje: 100-240<br \/>\t\t\t<strong>Dimensiones y peso<\/strong><br \/>\t\t\t&#8211; 596 x 387 x 154 mm<br \/>\t\t\t&#8211; 2,9 kg<\/td>\n<\/tr>\n<tr>\n<td valign=\"top\"><strong>Certificado energ&eacute;tico<\/strong><\/td>\n<td><a alt=\"Certificado energ&Atilde;&#402;???&Atilde;&#402;??&Atilde;&#402;?&Atilde;&#8218;&Acirc;&copy;tico\" href=\"https:\/\/www.infortisa.com\/images\/content\/2024042916020328844FMOMLE0854.webp\" target=\"_blank\">Ver certificado<\/a><\/td>\n<\/tr>\n<tr>\n<td valign=\"top\"><strong>Fecha de revisi&oacute;n<\/strong><\/td>\n<td>04-06-2024 por RTY<\/td>\n<\/tr>\n<\/table>\n","protected":false},"excerpt":{"rendered":"<p>El APPM27BV3 es un monitor de 27&rdquo; con resoluci&oacute;n FHD, que te ofrece una combinaci&oacute;n de experiencia sin precedentes para una mayor comodidad para tus ojos y gran nitidez de im&aacute;genes. Su pantalla IPS LEVEL (ADS) con una frecuencia de 100Hz, est&aacute; optimizada para reducir la emisi&oacute;n de ondas de luz azul y minimizar el&hellip;&nbsp;<a href=\"https:\/\/aivlisoft.net\/shop\/producto\/approx-appm27bv3-monitor27-100hz-4ms-hdmi-vga-mm\/\" rel=\"bookmark\"><span class=\"screen-reader-text\">Approx APPM27BV3  monitor27&#8243; 100hz 4ms HDMI VGA MM<\/span><\/a><\/p>\n","protected":false},"featured_media":9811,"template":"","meta":{"neve_meta_sidebar":"","neve_meta_container":"","neve_meta_enable_content_width":"","neve_meta_content_width":0,"neve_meta_title_alignment":"","neve_meta_author_avatar":"","neve_post_elements_order":"","neve_meta_disable_header":"","neve_meta_disable_footer":"","neve_meta_disable_title":""},"product_brand":[],"product_cat":[8720],"product_tag":[3842],"class_list":{"0":"post-9810","1":"product","2":"type-product","3":"status-publish","4":"has-post-thumbnail","6":"product_cat-monitores-led","7":"product_tag-appm27bv3","9":"first","10":"instock","11":"taxable","12":"shipping-taxable","13":"purchasable","14":"product-type-simple"},"yoast_head":"<!-- This site is optimized with the Yoast SEO plugin v26.0 - https:\/\/yoast.com\/wordpress\/plugins\/seo\/ -->\n<title>Approx APPM27BV3 monitor27&quot; 100hz 4ms HDMI VGA MM - Aivlisoft Inform\u00e1tica<\/title>\n<meta name=\"robots\" content=\"index, follow, max-snippet:-1, max-image-preview:large, max-video-preview:-1\" \/>\n<link rel=\"canonical\" href=\"https:\/\/aivlisoft.net\/shop\/producto\/approx-appm27bv3-monitor27-100hz-4ms-hdmi-vga-mm\/\" \/>\n<meta property=\"og:locale\" content=\"es_ES\" \/>\n<meta property=\"og:type\" content=\"article\" \/>\n<meta property=\"og:title\" content=\"Approx APPM27BV3 monitor27&quot; 100hz 4ms HDMI VGA MM - Aivlisoft Inform\u00e1tica\" \/>\n<meta property=\"og:description\" content=\"El APPM27BV3 es un monitor de 27&rdquo; con resoluci&oacute;n FHD, que te ofrece una combinaci&oacute;n de experiencia sin precedentes para una mayor comodidad para tus ojos y gran nitidez de im&aacute;genes. Su pantalla IPS LEVEL (ADS) con una frecuencia de 100Hz, est&aacute; optimizada para reducir la emisi&oacute;n de ondas de luz azul y minimizar el&hellip;&nbsp;Approx APPM27BV3 monitor27&#8243; 100hz 4ms HDMI VGA MM\" \/>\n<meta property=\"og:url\" content=\"https:\/\/aivlisoft.net\/shop\/producto\/approx-appm27bv3-monitor27-100hz-4ms-hdmi-vga-mm\/\" \/>\n<meta property=\"og:site_name\" content=\"Aivlisoft Inform\u00e1tica\" \/>\n<meta property=\"article:modified_time\" content=\"2025-01-14T10:48:40+00:00\" \/>\n<meta property=\"og:image\" content=\"https:\/\/aivlisoft.net\/shop\/wp-content\/uploads\/2025\/01\/FMOMLE0854_800.jpg\" \/>\n\t<meta property=\"og:image:width\" content=\"800\" \/>\n\t<meta property=\"og:image:height\" content=\"800\" \/>\n\t<meta property=\"og:image:type\" content=\"image\/jpeg\" \/>\n<meta name=\"twitter:card\" content=\"summary_large_image\" \/>\n<meta name=\"twitter:label1\" content=\"Tiempo de lectura\" \/>\n\t<meta name=\"twitter:data1\" content=\"1 minuto\" \/>\n<script type=\"application\/ld+json\" class=\"yoast-schema-graph\">{\"@context\":\"https:\/\/schema.org\",\"@graph\":[{\"@type\":\"WebPage\",\"@id\":\"https:\/\/aivlisoft.net\/shop\/producto\/approx-appm27bv3-monitor27-100hz-4ms-hdmi-vga-mm\/\",\"url\":\"https:\/\/aivlisoft.net\/shop\/producto\/approx-appm27bv3-monitor27-100hz-4ms-hdmi-vga-mm\/\",\"name\":\"Approx APPM27BV3 monitor27\\\" 100hz 4ms HDMI VGA MM - Aivlisoft Inform\u00e1tica\",\"isPartOf\":{\"@id\":\"https:\/\/aivlisoft.net\/shop\/#website\"},\"primaryImageOfPage\":{\"@id\":\"https:\/\/aivlisoft.net\/shop\/producto\/approx-appm27bv3-monitor27-100hz-4ms-hdmi-vga-mm\/#primaryimage\"},\"image\":{\"@id\":\"https:\/\/aivlisoft.net\/shop\/producto\/approx-appm27bv3-monitor27-100hz-4ms-hdmi-vga-mm\/#primaryimage\"},\"thumbnailUrl\":\"https:\/\/aivlisoft.net\/shop\/wp-content\/uploads\/2025\/01\/FMOMLE0854_800.jpg\",\"datePublished\":\"2025-01-13T14:00:05+00:00\",\"dateModified\":\"2025-01-14T10:48:40+00:00\",\"breadcrumb\":{\"@id\":\"https:\/\/aivlisoft.net\/shop\/producto\/approx-appm27bv3-monitor27-100hz-4ms-hdmi-vga-mm\/#breadcrumb\"},\"inLanguage\":\"es\",\"potentialAction\":[{\"@type\":\"ReadAction\",\"target\":[\"https:\/\/aivlisoft.net\/shop\/producto\/approx-appm27bv3-monitor27-100hz-4ms-hdmi-vga-mm\/\"]}]},{\"@type\":\"ImageObject\",\"inLanguage\":\"es\",\"@id\":\"https:\/\/aivlisoft.net\/shop\/producto\/approx-appm27bv3-monitor27-100hz-4ms-hdmi-vga-mm\/#primaryimage\",\"url\":\"https:\/\/aivlisoft.net\/shop\/wp-content\/uploads\/2025\/01\/FMOMLE0854_800.jpg\",\"contentUrl\":\"https:\/\/aivlisoft.net\/shop\/wp-content\/uploads\/2025\/01\/FMOMLE0854_800.jpg\",\"width\":800,\"height\":800},{\"@type\":\"BreadcrumbList\",\"@id\":\"https:\/\/aivlisoft.net\/shop\/producto\/approx-appm27bv3-monitor27-100hz-4ms-hdmi-vga-mm\/#breadcrumb\",\"itemListElement\":[{\"@type\":\"ListItem\",\"position\":1,\"name\":\"Portada\",\"item\":\"https:\/\/aivlisoft.net\/shop\/\"},{\"@type\":\"ListItem\",\"position\":2,\"name\":\"Tienda\",\"item\":\"https:\/\/aivlisoft.net\/shop\/tienda\/\"},{\"@type\":\"ListItem\",\"position\":3,\"name\":\"Approx APPM27BV3 monitor27&#8243; 100hz 4ms HDMI VGA MM\"}]},{\"@type\":\"WebSite\",\"@id\":\"https:\/\/aivlisoft.net\/shop\/#website\",\"url\":\"https:\/\/aivlisoft.net\/shop\/\",\"name\":\"Aivlisoft Inform\u00e1tica\",\"description\":\"En Aivlisoft Inform\u00e1tica ofrecemos soluciones tecnol\u00f3gicas para empresas: venta de ordenadores, consumibles, perif\u00e9ricos y m\u00e1s. Calidad, atenci\u00f3n personalizada y los mejores precios para tu negocio.\",\"publisher\":{\"@id\":\"https:\/\/aivlisoft.net\/shop\/#organization\"},\"potentialAction\":[{\"@type\":\"SearchAction\",\"target\":{\"@type\":\"EntryPoint\",\"urlTemplate\":\"https:\/\/aivlisoft.net\/shop\/?s={search_term_string}\"},\"query-input\":{\"@type\":\"PropertyValueSpecification\",\"valueRequired\":true,\"valueName\":\"search_term_string\"}}],\"inLanguage\":\"es\"},{\"@type\":\"Organization\",\"@id\":\"https:\/\/aivlisoft.net\/shop\/#organization\",\"name\":\"Aivlisoft Inform\u00e1tica\",\"url\":\"https:\/\/aivlisoft.net\/shop\/\",\"logo\":{\"@type\":\"ImageObject\",\"inLanguage\":\"es\",\"@id\":\"https:\/\/aivlisoft.net\/shop\/#\/schema\/logo\/image\/\",\"url\":\"https:\/\/aivlisoft.net\/shop\/wp-content\/uploads\/2024\/12\/removal.ai_5b848c54-0cdf-4140-95c5-c5536bb7573b-logodef.png\",\"contentUrl\":\"https:\/\/aivlisoft.net\/shop\/wp-content\/uploads\/2024\/12\/removal.ai_5b848c54-0cdf-4140-95c5-c5536bb7573b-logodef.png\",\"width\":484,\"height\":182,\"caption\":\"Aivlisoft Inform\u00e1tica\"},\"image\":{\"@id\":\"https:\/\/aivlisoft.net\/shop\/#\/schema\/logo\/image\/\"}}]}<\/script>\n<!-- \/ Yoast SEO plugin. -->","yoast_head_json":{"title":"Approx APPM27BV3 monitor27\" 100hz 4ms HDMI VGA MM - Aivlisoft Inform\u00e1tica","robots":{"index":"index","follow":"follow","max-snippet":"max-snippet:-1","max-image-preview":"max-image-preview:large","max-video-preview":"max-video-preview:-1"},"canonical":"https:\/\/aivlisoft.net\/shop\/producto\/approx-appm27bv3-monitor27-100hz-4ms-hdmi-vga-mm\/","og_locale":"es_ES","og_type":"article","og_title":"Approx APPM27BV3 monitor27\" 100hz 4ms HDMI VGA MM - Aivlisoft Inform\u00e1tica","og_description":"El APPM27BV3 es un monitor de 27&rdquo; con resoluci&oacute;n FHD, que te ofrece una combinaci&oacute;n de experiencia sin precedentes para una mayor comodidad para tus ojos y gran nitidez de im&aacute;genes. Su pantalla IPS LEVEL (ADS) con una frecuencia de 100Hz, est&aacute; optimizada para reducir la emisi&oacute;n de ondas de luz azul y minimizar el&hellip;&nbsp;Approx APPM27BV3 monitor27&#8243; 100hz 4ms HDMI VGA MM","og_url":"https:\/\/aivlisoft.net\/shop\/producto\/approx-appm27bv3-monitor27-100hz-4ms-hdmi-vga-mm\/","og_site_name":"Aivlisoft Inform\u00e1tica","article_modified_time":"2025-01-14T10:48:40+00:00","og_image":[{"width":800,"height":800,"url":"https:\/\/aivlisoft.net\/shop\/wp-content\/uploads\/2025\/01\/FMOMLE0854_800.jpg","type":"image\/jpeg"}],"twitter_card":"summary_large_image","twitter_misc":{"Tiempo de lectura":"1 minuto"},"schema":{"@context":"https:\/\/schema.org","@graph":[{"@type":"WebPage","@id":"https:\/\/aivlisoft.net\/shop\/producto\/approx-appm27bv3-monitor27-100hz-4ms-hdmi-vga-mm\/","url":"https:\/\/aivlisoft.net\/shop\/producto\/approx-appm27bv3-monitor27-100hz-4ms-hdmi-vga-mm\/","name":"Approx APPM27BV3 monitor27\" 100hz 4ms HDMI VGA MM - Aivlisoft Inform\u00e1tica","isPartOf":{"@id":"https:\/\/aivlisoft.net\/shop\/#website"},"primaryImageOfPage":{"@id":"https:\/\/aivlisoft.net\/shop\/producto\/approx-appm27bv3-monitor27-100hz-4ms-hdmi-vga-mm\/#primaryimage"},"image":{"@id":"https:\/\/aivlisoft.net\/shop\/producto\/approx-appm27bv3-monitor27-100hz-4ms-hdmi-vga-mm\/#primaryimage"},"thumbnailUrl":"https:\/\/aivlisoft.net\/shop\/wp-content\/uploads\/2025\/01\/FMOMLE0854_800.jpg","datePublished":"2025-01-13T14:00:05+00:00","dateModified":"2025-01-14T10:48:40+00:00","breadcrumb":{"@id":"https:\/\/aivlisoft.net\/shop\/producto\/approx-appm27bv3-monitor27-100hz-4ms-hdmi-vga-mm\/#breadcrumb"},"inLanguage":"es","potentialAction":[{"@type":"ReadAction","target":["https:\/\/aivlisoft.net\/shop\/producto\/approx-appm27bv3-monitor27-100hz-4ms-hdmi-vga-mm\/"]}]},{"@type":"ImageObject","inLanguage":"es","@id":"https:\/\/aivlisoft.net\/shop\/producto\/approx-appm27bv3-monitor27-100hz-4ms-hdmi-vga-mm\/#primaryimage","url":"https:\/\/aivlisoft.net\/shop\/wp-content\/uploads\/2025\/01\/FMOMLE0854_800.jpg","contentUrl":"https:\/\/aivlisoft.net\/shop\/wp-content\/uploads\/2025\/01\/FMOMLE0854_800.jpg","width":800,"height":800},{"@type":"BreadcrumbList","@id":"https:\/\/aivlisoft.net\/shop\/producto\/approx-appm27bv3-monitor27-100hz-4ms-hdmi-vga-mm\/#breadcrumb","itemListElement":[{"@type":"ListItem","position":1,"name":"Portada","item":"https:\/\/aivlisoft.net\/shop\/"},{"@type":"ListItem","position":2,"name":"Tienda","item":"https:\/\/aivlisoft.net\/shop\/tienda\/"},{"@type":"ListItem","position":3,"name":"Approx APPM27BV3 monitor27&#8243; 100hz 4ms HDMI VGA MM"}]},{"@type":"WebSite","@id":"https:\/\/aivlisoft.net\/shop\/#website","url":"https:\/\/aivlisoft.net\/shop\/","name":"Aivlisoft Inform\u00e1tica","description":"En Aivlisoft Inform\u00e1tica ofrecemos soluciones tecnol\u00f3gicas para empresas: venta de ordenadores, consumibles, perif\u00e9ricos y m\u00e1s. Calidad, atenci\u00f3n personalizada y los mejores precios para tu negocio.","publisher":{"@id":"https:\/\/aivlisoft.net\/shop\/#organization"},"potentialAction":[{"@type":"SearchAction","target":{"@type":"EntryPoint","urlTemplate":"https:\/\/aivlisoft.net\/shop\/?s={search_term_string}"},"query-input":{"@type":"PropertyValueSpecification","valueRequired":true,"valueName":"search_term_string"}}],"inLanguage":"es"},{"@type":"Organization","@id":"https:\/\/aivlisoft.net\/shop\/#organization","name":"Aivlisoft Inform\u00e1tica","url":"https:\/\/aivlisoft.net\/shop\/","logo":{"@type":"ImageObject","inLanguage":"es","@id":"https:\/\/aivlisoft.net\/shop\/#\/schema\/logo\/image\/","url":"https:\/\/aivlisoft.net\/shop\/wp-content\/uploads\/2024\/12\/removal.ai_5b848c54-0cdf-4140-95c5-c5536bb7573b-logodef.png","contentUrl":"https:\/\/aivlisoft.net\/shop\/wp-content\/uploads\/2024\/12\/removal.ai_5b848c54-0cdf-4140-95c5-c5536bb7573b-logodef.png","width":484,"height":182,"caption":"Aivlisoft Inform\u00e1tica"},"image":{"@id":"https:\/\/aivlisoft.net\/shop\/#\/schema\/logo\/image\/"}}]}},"_links":{"self":[{"href":"https:\/\/aivlisoft.net\/shop\/wp-json\/wp\/v2\/product\/9810","targetHints":{"allow":["GET"]}}],"collection":[{"href":"https:\/\/aivlisoft.net\/shop\/wp-json\/wp\/v2\/product"}],"about":[{"href":"https:\/\/aivlisoft.net\/shop\/wp-json\/wp\/v2\/types\/product"}],"wp:featuredmedia":[{"embeddable":true,"href":"https:\/\/aivlisoft.net\/shop\/wp-json\/wp\/v2\/media\/9811"}],"wp:attachment":[{"href":"https:\/\/aivlisoft.net\/shop\/wp-json\/wp\/v2\/media?parent=9810"}],"wp:term":[{"taxonomy":"product_brand","embeddable":true,"href":"https:\/\/aivlisoft.net\/shop\/wp-json\/wp\/v2\/product_brand?post=9810"},{"taxonomy":"product_cat","embeddable":true,"href":"https:\/\/aivlisoft.net\/shop\/wp-json\/wp\/v2\/product_cat?post=9810"},{"taxonomy":"product_tag","embeddable":true,"href":"https:\/\/aivlisoft.net\/shop\/wp-json\/wp\/v2\/product_tag?post=9810"}],"curies":[{"name":"wp","href":"https:\/\/api.w.org\/{rel}","templated":true}]}}