{"id":9796,"date":"2025-01-13T13:59:56","date_gmt":"2025-01-13T13:59:56","guid":{"rendered":"https:\/\/aivlisoft.com\/?post_type=product&#038;p=9796"},"modified":"2025-01-14T10:48:34","modified_gmt":"2025-01-14T10:48:34","slug":"asus-be24ecsnk-monitor-23-8-ips-hdmi-mm-aa-web","status":"publish","type":"product","link":"https:\/\/aivlisoft.net\/shop\/producto\/asus-be24ecsnk-monitor-23-8-ips-hdmi-mm-aa-web\/","title":{"rendered":"Asus BE24ECSNK Monitor 23.8&#8243; IPS HDMI  MM AA Web"},"content":{"rendered":"<p><\/p>\n<table class=\"tabla_caracteristicas k-table\" width=\"100%\">\n<tr>\n<td valign=\"top\"><strong>Marca<\/strong><\/td>\n<td>Asus<\/td>\n<\/tr>\n<tr>\n<td valign=\"top\"><strong>Modelo<\/strong><\/td>\n<td><strong>90LM05M1-B0A370<\/strong><\/td>\n<\/tr>\n<tr>\n<td valign=\"top\"><strong>Pantalla<\/strong><\/td>\n<td>&#8211; Tama&ntilde;o del panel (pulgadas): <strong>23.8&#8243;<\/strong><br \/>\t\t\t&#8211; Relaci&oacute;n de aspecto: 16:09<br \/>\t\t\t&#8211; &Aacute;rea de visualizaci&oacute;n de la pantalla (H x V): 527.04 x 296.46 mm<br \/>\t\t\t&#8211; Superficie de visualizaci&oacute;n: Non-Glare<br \/>\t\t\t&#8211; Tipo de luz de fondo: LED<br \/>\t\t\t&#8211; Tipo de panel: IPS<br \/>\t\t\t&#8211; &Aacute;ngulo de visi&oacute;n (CR &gt; 10, H \/ V): 178&deg;\/178&deg;<br \/>\t\t\t&#8211; Tama&ntilde;o de p&iacute;xel: 0,2745 mm<br \/>\t\t\t&#8211; Resoluci&oacute;n: 1920 x 1080<br \/>\t\t\t&#8211; Espacio de color (Adobe RGB):TBD<br \/>\t\t\t&#8211; Color Space (DCI-P3) : TBD<br \/>\t\t\t&#8211; Espacio de color (Rec. 2020): TBD<br \/>\t\t\t&#8211; Brillo (t&iacute;pico): 350 cd\/m&sup2;<br \/>\t\t\t&#8211; Relaci&oacute;n de contraste (t&iacute;pico): 1200:01:00<br \/>\t\t\t&#8211; Colores de pantalla: 16.7M<br \/>\t\t\t&#8211; Tiempo de respuesta: 5ms(GTG)<br \/>\t\t\t&#8211; Frecuencia de actualizaci&oacute;n (m&aacute;x.): Tipo 60 Hz<br \/>\t\t\t&#8211; Sin destellos<\/td>\n<\/tr>\n<tr>\n<td valign=\"top\"><strong>Conexi&oacute;n<\/strong><\/td>\n<td>&#8211; 2 x USB-C<br \/>\t\t\t&#8211; 2 x DisplayPort 1.2 (conexi&oacute;n en cadena)<br \/>\t\t\t&#8211; 1 x HDMI(v1.4) x 1<br \/>\t\t\t&#8211; 4 x USB 3.2 Gen 1 Type-A (USB Hub)<br \/>\t\t\t&#8211; Entrada de auriculares<br \/>\t\t\t&#8211; Suministro de energ&iacute;a USB-C: 80 W<br \/>\t\t\t&#8211; RJ45<\/td>\n<\/tr>\n<tr>\n<td valign=\"top\"><strong>Caracter&iacute;sticas<\/strong><\/td>\n<td><strong>Video<\/strong><br \/>\t\t\t&#8211; Tecnologia SPLENDID<br \/>\t\t\t&#8211; Temperatura de color: 4 modes<br \/>\t\t\t&#8211; QuickFit<br \/>\t\t\t&#8211; HDCP<br \/>\t\t\t&#8211; Impulso oscuro<br \/>\t\t\t&#8211; Widget de visualizaci&oacute;n<br \/>\t\t\t&#8211; Luz azul baja<br \/>\t\t\t&#8211; C&aacute;mara web: 2.0M Pixels, Rotatable<br \/>\t\t\t<strong>Audio<\/strong><br \/>\t\t\t&#8211; Altavoz: 2 x 1,2 W<br \/>\t\t\t&#8211; Micr&oacute;fono: 2 x for MIC-Array<br \/>\t\t\t<strong>Frecuencia de se&ntilde;al<\/strong><br \/>\t\t\t&#8211; Frecuencia de se&ntilde;al digital:30~85 KHz (H) \/ 48~75 Hz (V)<br \/>\t\t\t<strong>Consumo de energ&iacute;a<\/strong><br \/>\t\t\t&#8211; Consumo de energ&iacute;a: 13.24 W<br \/>\t\t\t&#8211; Modo de ahorro de energ&iacute;a: &lt;0,5 W<br \/>\t\t\t&#8211; Modo de apagado: 0 W (interruptor duro)<br \/>\t\t\t&#8211; Voltaje: 100-240 V, 50\/60 Hz<br \/>\t\t\t<strong>Dise&ntilde;o<\/strong><br \/>\t\t\t&#8211; Inclinaci&oacute;n: +35&deg; ~ -5&deg;<br \/>\t\t\t&#8211; Giratorio: +180&deg; ~ -180&deg;<br \/>\t\t\t&#8211; Pivante: +90&deg; ~ -90&deg;<br \/>\t\t\t&#8211; Ajuste de altura: 0~150mm<br \/>\t\t\t&#8211; Montaje VESA: 100 x 100 mm<br \/>\t\t\t&#8211; Cerradura Kensington<br \/>\t\t\t<strong>Dimensiones y peso<\/strong><br \/>\t\t\t&#8211; 53.97 x 53.89 x 21.14 cm<br \/>\t\t\t&#8211; 6,5 Kg<br \/>\t\t\t<strong>Contenido<\/strong><br \/>\t\t\t&#8211; Cable DisplayPort<br \/>\t\t\t&#8211; Cable HDMI<br \/>\t\t\t&#8211; Kit Mini PC<br \/>\t\t\t&#8211; Cable de alimentaci&oacute;n<br \/>\t\t\t&#8211; Gu&iacute;a de inicio r&aacute;pido<br \/>\t\t\t&#8211; Cable USB-C<\/td>\n<\/tr>\n<tr>\n<td valign=\"top\"><strong>Certificado energ&eacute;tico<\/strong><\/td>\n<td><a alt=\"Certificado energ&Atilde;&copy;tico\" href=\"https:\/\/www.infortisa.com\/images\/content\/2024040211384528844FMOMLE0845.webp\" target=\"_blank\">Ver certificado<\/a><\/td>\n<\/tr>\n<tr>\n<td valign=\"top\"><strong>Fecha de revisi&oacute;n<\/strong><\/td>\n<td>02-04-2024 por RTY<\/td>\n<\/tr>\n<\/table>\n","protected":false},"excerpt":{"rendered":"<p>Marca Asus Modelo 90LM05M1-B0A370 Pantalla &#8211; Tama&ntilde;o del panel (pulgadas): 23.8&#8243; &#8211; Relaci&oacute;n de aspecto: 16:09 &#8211; &Aacute;rea de visualizaci&oacute;n de la pantalla (H x V): 527.04 x 296.46 mm &#8211; Superficie de visualizaci&oacute;n: Non-Glare &#8211; Tipo de luz de fondo: LED &#8211; Tipo de panel: IPS &#8211; &Aacute;ngulo de visi&oacute;n (CR &gt; 10, H&hellip;&nbsp;<a href=\"https:\/\/aivlisoft.net\/shop\/producto\/asus-be24ecsnk-monitor-23-8-ips-hdmi-mm-aa-web\/\" rel=\"bookmark\"><span class=\"screen-reader-text\">Asus BE24ECSNK Monitor 23.8&#8243; IPS HDMI  MM AA Web<\/span><\/a><\/p>\n","protected":false},"featured_media":9797,"template":"","meta":{"neve_meta_sidebar":"","neve_meta_container":"","neve_meta_enable_content_width":"","neve_meta_content_width":0,"neve_meta_title_alignment":"","neve_meta_author_avatar":"","neve_post_elements_order":"","neve_meta_disable_header":"","neve_meta_disable_footer":"","neve_meta_disable_title":""},"product_brand":[],"product_cat":[8720],"product_tag":[3838],"class_list":{"0":"post-9796","1":"product","2":"type-product","3":"status-publish","4":"has-post-thumbnail","6":"product_cat-monitores-led","7":"product_tag-90lm05m1-b0a370","9":"first","10":"instock","11":"taxable","12":"shipping-taxable","13":"purchasable","14":"product-type-simple"},"yoast_head":"<!-- This site is optimized with the Yoast SEO plugin v26.0 - https:\/\/yoast.com\/wordpress\/plugins\/seo\/ -->\n<title>Asus BE24ECSNK Monitor 23.8&quot; IPS HDMI MM AA Web - Aivlisoft Inform\u00e1tica<\/title>\n<meta name=\"robots\" content=\"index, follow, max-snippet:-1, max-image-preview:large, max-video-preview:-1\" \/>\n<link rel=\"canonical\" href=\"https:\/\/aivlisoft.net\/shop\/producto\/asus-be24ecsnk-monitor-23-8-ips-hdmi-mm-aa-web\/\" \/>\n<meta property=\"og:locale\" content=\"es_ES\" \/>\n<meta property=\"og:type\" content=\"article\" \/>\n<meta property=\"og:title\" content=\"Asus BE24ECSNK Monitor 23.8&quot; IPS HDMI MM AA Web - Aivlisoft Inform\u00e1tica\" \/>\n<meta property=\"og:description\" content=\"Marca Asus Modelo 90LM05M1-B0A370 Pantalla &#8211; Tama&ntilde;o del panel (pulgadas): 23.8&#8243; &#8211; Relaci&oacute;n de aspecto: 16:09 &#8211; &Aacute;rea de visualizaci&oacute;n de la pantalla (H x V): 527.04 x 296.46 mm &#8211; Superficie de visualizaci&oacute;n: Non-Glare &#8211; Tipo de luz de fondo: LED &#8211; Tipo de panel: IPS &#8211; &Aacute;ngulo de visi&oacute;n (CR &gt; 10, H&hellip;&nbsp;Asus BE24ECSNK Monitor 23.8&#8243; IPS HDMI MM AA Web\" \/>\n<meta property=\"og:url\" content=\"https:\/\/aivlisoft.net\/shop\/producto\/asus-be24ecsnk-monitor-23-8-ips-hdmi-mm-aa-web\/\" \/>\n<meta property=\"og:site_name\" content=\"Aivlisoft Inform\u00e1tica\" \/>\n<meta property=\"article:modified_time\" content=\"2025-01-14T10:48:34+00:00\" \/>\n<meta property=\"og:image\" content=\"https:\/\/aivlisoft.net\/shop\/wp-content\/uploads\/2025\/01\/FMOMLE0845_800.jpg\" \/>\n\t<meta property=\"og:image:width\" content=\"800\" \/>\n\t<meta property=\"og:image:height\" content=\"800\" \/>\n\t<meta property=\"og:image:type\" content=\"image\/jpeg\" \/>\n<meta name=\"twitter:card\" content=\"summary_large_image\" \/>\n<meta name=\"twitter:label1\" content=\"Tiempo de lectura\" \/>\n\t<meta name=\"twitter:data1\" content=\"2 minutos\" \/>\n<script type=\"application\/ld+json\" class=\"yoast-schema-graph\">{\"@context\":\"https:\/\/schema.org\",\"@graph\":[{\"@type\":\"WebPage\",\"@id\":\"https:\/\/aivlisoft.net\/shop\/producto\/asus-be24ecsnk-monitor-23-8-ips-hdmi-mm-aa-web\/\",\"url\":\"https:\/\/aivlisoft.net\/shop\/producto\/asus-be24ecsnk-monitor-23-8-ips-hdmi-mm-aa-web\/\",\"name\":\"Asus BE24ECSNK Monitor 23.8\\\" IPS HDMI MM AA Web - Aivlisoft Inform\u00e1tica\",\"isPartOf\":{\"@id\":\"https:\/\/aivlisoft.net\/shop\/#website\"},\"primaryImageOfPage\":{\"@id\":\"https:\/\/aivlisoft.net\/shop\/producto\/asus-be24ecsnk-monitor-23-8-ips-hdmi-mm-aa-web\/#primaryimage\"},\"image\":{\"@id\":\"https:\/\/aivlisoft.net\/shop\/producto\/asus-be24ecsnk-monitor-23-8-ips-hdmi-mm-aa-web\/#primaryimage\"},\"thumbnailUrl\":\"https:\/\/aivlisoft.net\/shop\/wp-content\/uploads\/2025\/01\/FMOMLE0845_800.jpg\",\"datePublished\":\"2025-01-13T13:59:56+00:00\",\"dateModified\":\"2025-01-14T10:48:34+00:00\",\"breadcrumb\":{\"@id\":\"https:\/\/aivlisoft.net\/shop\/producto\/asus-be24ecsnk-monitor-23-8-ips-hdmi-mm-aa-web\/#breadcrumb\"},\"inLanguage\":\"es\",\"potentialAction\":[{\"@type\":\"ReadAction\",\"target\":[\"https:\/\/aivlisoft.net\/shop\/producto\/asus-be24ecsnk-monitor-23-8-ips-hdmi-mm-aa-web\/\"]}]},{\"@type\":\"ImageObject\",\"inLanguage\":\"es\",\"@id\":\"https:\/\/aivlisoft.net\/shop\/producto\/asus-be24ecsnk-monitor-23-8-ips-hdmi-mm-aa-web\/#primaryimage\",\"url\":\"https:\/\/aivlisoft.net\/shop\/wp-content\/uploads\/2025\/01\/FMOMLE0845_800.jpg\",\"contentUrl\":\"https:\/\/aivlisoft.net\/shop\/wp-content\/uploads\/2025\/01\/FMOMLE0845_800.jpg\",\"width\":800,\"height\":800},{\"@type\":\"BreadcrumbList\",\"@id\":\"https:\/\/aivlisoft.net\/shop\/producto\/asus-be24ecsnk-monitor-23-8-ips-hdmi-mm-aa-web\/#breadcrumb\",\"itemListElement\":[{\"@type\":\"ListItem\",\"position\":1,\"name\":\"Portada\",\"item\":\"https:\/\/aivlisoft.net\/shop\/\"},{\"@type\":\"ListItem\",\"position\":2,\"name\":\"Tienda\",\"item\":\"https:\/\/aivlisoft.net\/shop\/tienda\/\"},{\"@type\":\"ListItem\",\"position\":3,\"name\":\"Asus BE24ECSNK Monitor 23.8&#8243; IPS HDMI MM AA Web\"}]},{\"@type\":\"WebSite\",\"@id\":\"https:\/\/aivlisoft.net\/shop\/#website\",\"url\":\"https:\/\/aivlisoft.net\/shop\/\",\"name\":\"Aivlisoft Inform\u00e1tica\",\"description\":\"En Aivlisoft Inform\u00e1tica ofrecemos soluciones tecnol\u00f3gicas para empresas: venta de ordenadores, consumibles, perif\u00e9ricos y m\u00e1s. Calidad, atenci\u00f3n personalizada y los mejores precios para tu negocio.\",\"publisher\":{\"@id\":\"https:\/\/aivlisoft.net\/shop\/#organization\"},\"potentialAction\":[{\"@type\":\"SearchAction\",\"target\":{\"@type\":\"EntryPoint\",\"urlTemplate\":\"https:\/\/aivlisoft.net\/shop\/?s={search_term_string}\"},\"query-input\":{\"@type\":\"PropertyValueSpecification\",\"valueRequired\":true,\"valueName\":\"search_term_string\"}}],\"inLanguage\":\"es\"},{\"@type\":\"Organization\",\"@id\":\"https:\/\/aivlisoft.net\/shop\/#organization\",\"name\":\"Aivlisoft Inform\u00e1tica\",\"url\":\"https:\/\/aivlisoft.net\/shop\/\",\"logo\":{\"@type\":\"ImageObject\",\"inLanguage\":\"es\",\"@id\":\"https:\/\/aivlisoft.net\/shop\/#\/schema\/logo\/image\/\",\"url\":\"https:\/\/aivlisoft.net\/shop\/wp-content\/uploads\/2024\/12\/removal.ai_5b848c54-0cdf-4140-95c5-c5536bb7573b-logodef.png\",\"contentUrl\":\"https:\/\/aivlisoft.net\/shop\/wp-content\/uploads\/2024\/12\/removal.ai_5b848c54-0cdf-4140-95c5-c5536bb7573b-logodef.png\",\"width\":484,\"height\":182,\"caption\":\"Aivlisoft Inform\u00e1tica\"},\"image\":{\"@id\":\"https:\/\/aivlisoft.net\/shop\/#\/schema\/logo\/image\/\"}}]}<\/script>\n<!-- \/ Yoast SEO plugin. -->","yoast_head_json":{"title":"Asus BE24ECSNK Monitor 23.8\" IPS HDMI MM AA Web - Aivlisoft Inform\u00e1tica","robots":{"index":"index","follow":"follow","max-snippet":"max-snippet:-1","max-image-preview":"max-image-preview:large","max-video-preview":"max-video-preview:-1"},"canonical":"https:\/\/aivlisoft.net\/shop\/producto\/asus-be24ecsnk-monitor-23-8-ips-hdmi-mm-aa-web\/","og_locale":"es_ES","og_type":"article","og_title":"Asus BE24ECSNK Monitor 23.8\" IPS HDMI MM AA Web - Aivlisoft Inform\u00e1tica","og_description":"Marca Asus Modelo 90LM05M1-B0A370 Pantalla &#8211; Tama&ntilde;o del panel (pulgadas): 23.8&#8243; &#8211; Relaci&oacute;n de aspecto: 16:09 &#8211; &Aacute;rea de visualizaci&oacute;n de la pantalla (H x V): 527.04 x 296.46 mm &#8211; Superficie de visualizaci&oacute;n: Non-Glare &#8211; Tipo de luz de fondo: LED &#8211; Tipo de panel: IPS &#8211; &Aacute;ngulo de visi&oacute;n (CR &gt; 10, H&hellip;&nbsp;Asus BE24ECSNK Monitor 23.8&#8243; IPS HDMI MM AA Web","og_url":"https:\/\/aivlisoft.net\/shop\/producto\/asus-be24ecsnk-monitor-23-8-ips-hdmi-mm-aa-web\/","og_site_name":"Aivlisoft Inform\u00e1tica","article_modified_time":"2025-01-14T10:48:34+00:00","og_image":[{"width":800,"height":800,"url":"https:\/\/aivlisoft.net\/shop\/wp-content\/uploads\/2025\/01\/FMOMLE0845_800.jpg","type":"image\/jpeg"}],"twitter_card":"summary_large_image","twitter_misc":{"Tiempo de lectura":"2 minutos"},"schema":{"@context":"https:\/\/schema.org","@graph":[{"@type":"WebPage","@id":"https:\/\/aivlisoft.net\/shop\/producto\/asus-be24ecsnk-monitor-23-8-ips-hdmi-mm-aa-web\/","url":"https:\/\/aivlisoft.net\/shop\/producto\/asus-be24ecsnk-monitor-23-8-ips-hdmi-mm-aa-web\/","name":"Asus BE24ECSNK Monitor 23.8\" IPS HDMI MM AA Web - Aivlisoft Inform\u00e1tica","isPartOf":{"@id":"https:\/\/aivlisoft.net\/shop\/#website"},"primaryImageOfPage":{"@id":"https:\/\/aivlisoft.net\/shop\/producto\/asus-be24ecsnk-monitor-23-8-ips-hdmi-mm-aa-web\/#primaryimage"},"image":{"@id":"https:\/\/aivlisoft.net\/shop\/producto\/asus-be24ecsnk-monitor-23-8-ips-hdmi-mm-aa-web\/#primaryimage"},"thumbnailUrl":"https:\/\/aivlisoft.net\/shop\/wp-content\/uploads\/2025\/01\/FMOMLE0845_800.jpg","datePublished":"2025-01-13T13:59:56+00:00","dateModified":"2025-01-14T10:48:34+00:00","breadcrumb":{"@id":"https:\/\/aivlisoft.net\/shop\/producto\/asus-be24ecsnk-monitor-23-8-ips-hdmi-mm-aa-web\/#breadcrumb"},"inLanguage":"es","potentialAction":[{"@type":"ReadAction","target":["https:\/\/aivlisoft.net\/shop\/producto\/asus-be24ecsnk-monitor-23-8-ips-hdmi-mm-aa-web\/"]}]},{"@type":"ImageObject","inLanguage":"es","@id":"https:\/\/aivlisoft.net\/shop\/producto\/asus-be24ecsnk-monitor-23-8-ips-hdmi-mm-aa-web\/#primaryimage","url":"https:\/\/aivlisoft.net\/shop\/wp-content\/uploads\/2025\/01\/FMOMLE0845_800.jpg","contentUrl":"https:\/\/aivlisoft.net\/shop\/wp-content\/uploads\/2025\/01\/FMOMLE0845_800.jpg","width":800,"height":800},{"@type":"BreadcrumbList","@id":"https:\/\/aivlisoft.net\/shop\/producto\/asus-be24ecsnk-monitor-23-8-ips-hdmi-mm-aa-web\/#breadcrumb","itemListElement":[{"@type":"ListItem","position":1,"name":"Portada","item":"https:\/\/aivlisoft.net\/shop\/"},{"@type":"ListItem","position":2,"name":"Tienda","item":"https:\/\/aivlisoft.net\/shop\/tienda\/"},{"@type":"ListItem","position":3,"name":"Asus BE24ECSNK Monitor 23.8&#8243; IPS HDMI MM AA Web"}]},{"@type":"WebSite","@id":"https:\/\/aivlisoft.net\/shop\/#website","url":"https:\/\/aivlisoft.net\/shop\/","name":"Aivlisoft Inform\u00e1tica","description":"En Aivlisoft Inform\u00e1tica ofrecemos soluciones tecnol\u00f3gicas para empresas: venta de ordenadores, consumibles, perif\u00e9ricos y m\u00e1s. Calidad, atenci\u00f3n personalizada y los mejores precios para tu negocio.","publisher":{"@id":"https:\/\/aivlisoft.net\/shop\/#organization"},"potentialAction":[{"@type":"SearchAction","target":{"@type":"EntryPoint","urlTemplate":"https:\/\/aivlisoft.net\/shop\/?s={search_term_string}"},"query-input":{"@type":"PropertyValueSpecification","valueRequired":true,"valueName":"search_term_string"}}],"inLanguage":"es"},{"@type":"Organization","@id":"https:\/\/aivlisoft.net\/shop\/#organization","name":"Aivlisoft Inform\u00e1tica","url":"https:\/\/aivlisoft.net\/shop\/","logo":{"@type":"ImageObject","inLanguage":"es","@id":"https:\/\/aivlisoft.net\/shop\/#\/schema\/logo\/image\/","url":"https:\/\/aivlisoft.net\/shop\/wp-content\/uploads\/2024\/12\/removal.ai_5b848c54-0cdf-4140-95c5-c5536bb7573b-logodef.png","contentUrl":"https:\/\/aivlisoft.net\/shop\/wp-content\/uploads\/2024\/12\/removal.ai_5b848c54-0cdf-4140-95c5-c5536bb7573b-logodef.png","width":484,"height":182,"caption":"Aivlisoft Inform\u00e1tica"},"image":{"@id":"https:\/\/aivlisoft.net\/shop\/#\/schema\/logo\/image\/"}}]}},"_links":{"self":[{"href":"https:\/\/aivlisoft.net\/shop\/wp-json\/wp\/v2\/product\/9796","targetHints":{"allow":["GET"]}}],"collection":[{"href":"https:\/\/aivlisoft.net\/shop\/wp-json\/wp\/v2\/product"}],"about":[{"href":"https:\/\/aivlisoft.net\/shop\/wp-json\/wp\/v2\/types\/product"}],"wp:featuredmedia":[{"embeddable":true,"href":"https:\/\/aivlisoft.net\/shop\/wp-json\/wp\/v2\/media\/9797"}],"wp:attachment":[{"href":"https:\/\/aivlisoft.net\/shop\/wp-json\/wp\/v2\/media?parent=9796"}],"wp:term":[{"taxonomy":"product_brand","embeddable":true,"href":"https:\/\/aivlisoft.net\/shop\/wp-json\/wp\/v2\/product_brand?post=9796"},{"taxonomy":"product_cat","embeddable":true,"href":"https:\/\/aivlisoft.net\/shop\/wp-json\/wp\/v2\/product_cat?post=9796"},{"taxonomy":"product_tag","embeddable":true,"href":"https:\/\/aivlisoft.net\/shop\/wp-json\/wp\/v2\/product_tag?post=9796"}],"curies":[{"name":"wp","href":"https:\/\/api.w.org\/{rel}","templated":true}]}}