{"id":9793,"date":"2025-01-13T13:59:54","date_gmt":"2025-01-13T13:59:54","guid":{"rendered":"https:\/\/aivlisoft.com\/?post_type=product&#038;p=9793"},"modified":"2025-01-14T10:48:33","modified_gmt":"2025-01-14T10:48:33","slug":"lg-25ms500-b-monitor-24-5-ips-fhd-100hz-2xhdmi","status":"publish","type":"product","link":"https:\/\/aivlisoft.net\/shop\/producto\/lg-25ms500-b-monitor-24-5-ips-fhd-100hz-2xhdmi\/","title":{"rendered":"LG 25MS500-B Monitor 24.5&#8243; IPS FHD 100hz 2xHDMI"},"content":{"rendered":"<p><\/p>\n<table class=\"tabla_caracteristicas k-table\" width=\"100%\">\n<tr>\n<td valign=\"top\"><strong>Marca<\/strong><\/td>\n<td>LG<\/td>\n<\/tr>\n<tr>\n<td valign=\"top\"><strong>Modelo<\/strong><\/td>\n<td><strong>25MS500-B<\/strong><\/td>\n<\/tr>\n<tr>\n<td valign=\"top\"><strong>Pantalla<\/strong><\/td>\n<td>&#8211; Tama&ntilde;o: <strong>24,5&#8243; <\/strong>( 62,23 cm)<br \/>\t\t\t&#8211; Resoluci&oacute;n: 1920&#215;1080 (FHD)<br \/>\t\t\t&#8211; Tipo de panel: IPS<br \/>\t\t\t&#8211; Ratio de Aspecto: 16:9<br \/>\t\t\t&#8211; Tama&ntilde;o de Pixel: 0.2802 x 0.2802 mm<br \/>\t\t\t&#8211; Brillo (M&iacute;n.): 200 cd\/m&sup2;<br \/>\t\t\t&#8211; Brillo (T&iacute;p.): 250cd\/m&sup2;<br \/>\t\t\t&#8211; Gamut de Color (M&iacute;n.): NTSC 68% (CIE1931)<br \/>\t\t\t&#8211; Gamut de Color (T&iacute;p.): NTSC 72% (CIE1931)<br \/>\t\t\t&#8211; Profundidad de Color (N&ordm; de colores): 16.7M<br \/>\t\t\t&#8211; Color Bit: 8bit (6bit+FRC)<br \/>\t\t\t&#8211; Ratio de Contraste (M&iacute;n.): 700:1<br \/>\t\t\t&#8211; Ratio de Contraste (T&iacute;p.): 1000:1<br \/>\t\t\t&#8211; Velocidad de Respuesta: 5ms (GtG at Faster)<br \/>\t\t\t&#8211; &Aacute;ngulo de Visi&oacute;n (RC&ge;10): 178&ordm;(R\/L), 178&ordm;(U\/D)<br \/>\t\t\t&#8211; Tratamiento Superficial: Anti-reflejos<\/td>\n<\/tr>\n<tr>\n<td valign=\"top\"><strong>Conexi&oacute;n<\/strong><\/td>\n<td>&#8211; 2 x HDMI 1.4&nbsp;&nbsp;<br \/>\t\t\t&#8211; Salida para Auriculares<\/td>\n<\/tr>\n<tr>\n<td valign=\"top\"><strong>Caracter&iacute;stica<\/strong><\/td>\n<td>&#8211; Proteccion Antiparpadeo (FlickerSafe)<br \/>\t\t\t&#8211; Modo Imagen: Customizado, Lectura, Foto, Cine, Asistente de color (Daltonismo), Juego<br \/>\t\t\t&#8211; Modo Lectura<br \/>\t\t\t&#8211; Asistente de Color (Colour Weakness)<br \/>\t\t\t&#8211; SuperResolution+<br \/>\t\t\t&#8211; Tecnolog&iacute;a BlackStabilizer (Estabilizador de Negros)<br \/>\t\t\t&#8211; Tecnolog&iacute;a DynaMic Action Sync<br \/>\t\t\t&#8211; Crosshair (Cruceta Shooter)<br \/>\t\t\t&#8211; Auto Input Switch<br \/>\t\t\t&#8211; Smart Energy Saving<br \/>\t\t\t&#8211; OSD Language: 18 pa&iacute;ses<br \/>\t\t\t<strong>SW<\/strong><br \/>\t\t\t&#8211; OnScreen-Control&nbsp;&nbsp;&nbsp;<br \/>\t\t\t<strong>Certificaciones<\/strong><br \/>\t\t\t&#8211; TUV-TYPE<br \/>\t\t\t&#8211; CB<br \/>\t\t\t&#8211; UL (cUL)<br \/>\t\t\t&#8211; FCC-B<br \/>\t\t\t&#8211; ErP<br \/>\t\t\t&#8211; CE<br \/>\t\t\t&#8211; BIS (for India)<br \/>\t\t\t&#8211; VCCI (for Japan)<br \/>\t\t\t&#8211; BSMI (for Taiwan)<br \/>\t\t\t&#8211; KC (for Rep. of Korea)<br \/>\t\t\t&#8211; CCC (for china)<br \/>\t\t\t&#8211; Otros (Standards)<br \/>\t\t\t&#8211; CEC, EAC, SIRC, MEPS<br \/>\t\t\t<strong>Alimentaci&oacute;n<\/strong><br \/>\t\t\t&#8211; Tipo de Alimentaci&oacute;n: Alimentaci&oacute;n Externa (Adaptador a Red)<br \/>\t\t\t&#8211; Entrada en CA (AC Input): 100~240V (50\/60Hz)<br \/>\t\t\t&#8211; Salida en CC (DC Output): 16W (19V, 0.84A)<br \/>\t\t\t&#8211; Consumo de Potencia (T&iacute;p.): 18W<br \/>\t\t\t&#8211; Consumo de Potencia (M&aacute;x.): 19 kWh\/1000h<br \/>\t\t\t&#8211; Consumo de Potencia (Modo Reposo): &lt; 0,5W<br \/>\t\t\t&#8211; Consumo de Potencia (DC Off): &lt; 0,3W<br \/>\t\t\t<strong>Caracter&iacute;sticas Mec&aacute;nicas<\/strong><br \/>\t\t\t&#8211; Inclinaci&oacute;n: (eje H) -5&ordm; ~ 15&ordm;<br \/>\t\t\t&#8211; Montaje en Pared (VESA): 75 x 75 mm<br \/>\t\t\t<strong>Dimensiones y peso<\/strong><br \/>\t\t\t&#8211; 557.5 x 421.2 x 189.9 mm<br \/>\t\t\t&#8211; 2,6 kg<\/td>\n<\/tr>\n<tr>\n<td valign=\"top\"><strong>Certificado energ&eacute;tico<\/strong><\/td>\n<td><a alt=\"Certificado energ&Atilde;&#402;????&Atilde;&#402;???&Atilde;&#402;??&Atilde;&#402;?&Atilde;&#8218;&Acirc;&copy;tico\" href=\"https:\/\/www.infortisa.com\/images\/content\/2024061210384828844FMOMLE0844.webp\" target=\"_blank\">Ver certificado<\/a><\/td>\n<\/tr>\n<tr>\n<td valign=\"top\"><strong>Fecha de revisi&oacute;n<\/strong><\/td>\n<td>12-06-2024 por RTY<\/td>\n<\/tr>\n<\/table>\n","protected":false},"excerpt":{"rendered":"<p>Marca LG Modelo 25MS500-B Pantalla &#8211; Tama&ntilde;o: 24,5&#8243; ( 62,23 cm) &#8211; Resoluci&oacute;n: 1920&#215;1080 (FHD) &#8211; Tipo de panel: IPS &#8211; Ratio de Aspecto: 16:9 &#8211; Tama&ntilde;o de Pixel: 0.2802 x 0.2802 mm &#8211; Brillo (M&iacute;n.): 200 cd\/m&sup2; &#8211; Brillo (T&iacute;p.): 250cd\/m&sup2; &#8211; Gamut de Color (M&iacute;n.): NTSC 68% (CIE1931) &#8211; Gamut de Color (T&iacute;p.):&hellip;&nbsp;<a href=\"https:\/\/aivlisoft.net\/shop\/producto\/lg-25ms500-b-monitor-24-5-ips-fhd-100hz-2xhdmi\/\" rel=\"bookmark\"><span class=\"screen-reader-text\">LG 25MS500-B Monitor 24.5&#8243; IPS FHD 100hz 2xHDMI<\/span><\/a><\/p>\n","protected":false},"featured_media":9794,"template":"","meta":{"neve_meta_sidebar":"","neve_meta_container":"","neve_meta_enable_content_width":"","neve_meta_content_width":0,"neve_meta_title_alignment":"","neve_meta_author_avatar":"","neve_post_elements_order":"","neve_meta_disable_header":"","neve_meta_disable_footer":"","neve_meta_disable_title":""},"product_brand":[],"product_cat":[8720],"product_tag":[3837],"class_list":{"0":"post-9793","1":"product","2":"type-product","3":"status-publish","4":"has-post-thumbnail","6":"product_cat-monitores-led","7":"product_tag-25ms500-b","9":"first","10":"instock","11":"taxable","12":"shipping-taxable","13":"purchasable","14":"product-type-simple"},"yoast_head":"<!-- This site is optimized with the Yoast SEO plugin v26.0 - https:\/\/yoast.com\/wordpress\/plugins\/seo\/ -->\n<title>LG 25MS500-B Monitor 24.5&quot; IPS FHD 100hz 2xHDMI - Aivlisoft Inform\u00e1tica<\/title>\n<meta name=\"robots\" content=\"index, follow, max-snippet:-1, max-image-preview:large, max-video-preview:-1\" \/>\n<link rel=\"canonical\" href=\"https:\/\/aivlisoft.net\/shop\/producto\/lg-25ms500-b-monitor-24-5-ips-fhd-100hz-2xhdmi\/\" \/>\n<meta property=\"og:locale\" content=\"es_ES\" \/>\n<meta property=\"og:type\" content=\"article\" \/>\n<meta property=\"og:title\" content=\"LG 25MS500-B Monitor 24.5&quot; IPS FHD 100hz 2xHDMI - Aivlisoft Inform\u00e1tica\" \/>\n<meta property=\"og:description\" content=\"Marca LG Modelo 25MS500-B Pantalla &#8211; Tama&ntilde;o: 24,5&#8243; ( 62,23 cm) &#8211; Resoluci&oacute;n: 1920&#215;1080 (FHD) &#8211; Tipo de panel: IPS &#8211; Ratio de Aspecto: 16:9 &#8211; Tama&ntilde;o de Pixel: 0.2802 x 0.2802 mm &#8211; Brillo (M&iacute;n.): 200 cd\/m&sup2; &#8211; Brillo (T&iacute;p.): 250cd\/m&sup2; &#8211; Gamut de Color (M&iacute;n.): NTSC 68% (CIE1931) &#8211; Gamut de Color (T&iacute;p.):&hellip;&nbsp;LG 25MS500-B Monitor 24.5&#8243; IPS FHD 100hz 2xHDMI\" \/>\n<meta property=\"og:url\" content=\"https:\/\/aivlisoft.net\/shop\/producto\/lg-25ms500-b-monitor-24-5-ips-fhd-100hz-2xhdmi\/\" \/>\n<meta property=\"og:site_name\" content=\"Aivlisoft Inform\u00e1tica\" \/>\n<meta property=\"article:modified_time\" content=\"2025-01-14T10:48:33+00:00\" \/>\n<meta property=\"og:image\" content=\"https:\/\/aivlisoft.net\/shop\/wp-content\/uploads\/2025\/01\/FMOMLE0844_800.jpg\" \/>\n\t<meta property=\"og:image:width\" content=\"800\" \/>\n\t<meta property=\"og:image:height\" content=\"800\" \/>\n\t<meta property=\"og:image:type\" content=\"image\/jpeg\" \/>\n<meta name=\"twitter:card\" content=\"summary_large_image\" \/>\n<meta name=\"twitter:label1\" content=\"Tiempo de lectura\" \/>\n\t<meta name=\"twitter:data1\" content=\"2 minutos\" \/>\n<script type=\"application\/ld+json\" class=\"yoast-schema-graph\">{\"@context\":\"https:\/\/schema.org\",\"@graph\":[{\"@type\":\"WebPage\",\"@id\":\"https:\/\/aivlisoft.net\/shop\/producto\/lg-25ms500-b-monitor-24-5-ips-fhd-100hz-2xhdmi\/\",\"url\":\"https:\/\/aivlisoft.net\/shop\/producto\/lg-25ms500-b-monitor-24-5-ips-fhd-100hz-2xhdmi\/\",\"name\":\"LG 25MS500-B Monitor 24.5\\\" IPS FHD 100hz 2xHDMI - Aivlisoft Inform\u00e1tica\",\"isPartOf\":{\"@id\":\"https:\/\/aivlisoft.net\/shop\/#website\"},\"primaryImageOfPage\":{\"@id\":\"https:\/\/aivlisoft.net\/shop\/producto\/lg-25ms500-b-monitor-24-5-ips-fhd-100hz-2xhdmi\/#primaryimage\"},\"image\":{\"@id\":\"https:\/\/aivlisoft.net\/shop\/producto\/lg-25ms500-b-monitor-24-5-ips-fhd-100hz-2xhdmi\/#primaryimage\"},\"thumbnailUrl\":\"https:\/\/aivlisoft.net\/shop\/wp-content\/uploads\/2025\/01\/FMOMLE0844_800.jpg\",\"datePublished\":\"2025-01-13T13:59:54+00:00\",\"dateModified\":\"2025-01-14T10:48:33+00:00\",\"breadcrumb\":{\"@id\":\"https:\/\/aivlisoft.net\/shop\/producto\/lg-25ms500-b-monitor-24-5-ips-fhd-100hz-2xhdmi\/#breadcrumb\"},\"inLanguage\":\"es\",\"potentialAction\":[{\"@type\":\"ReadAction\",\"target\":[\"https:\/\/aivlisoft.net\/shop\/producto\/lg-25ms500-b-monitor-24-5-ips-fhd-100hz-2xhdmi\/\"]}]},{\"@type\":\"ImageObject\",\"inLanguage\":\"es\",\"@id\":\"https:\/\/aivlisoft.net\/shop\/producto\/lg-25ms500-b-monitor-24-5-ips-fhd-100hz-2xhdmi\/#primaryimage\",\"url\":\"https:\/\/aivlisoft.net\/shop\/wp-content\/uploads\/2025\/01\/FMOMLE0844_800.jpg\",\"contentUrl\":\"https:\/\/aivlisoft.net\/shop\/wp-content\/uploads\/2025\/01\/FMOMLE0844_800.jpg\",\"width\":800,\"height\":800},{\"@type\":\"BreadcrumbList\",\"@id\":\"https:\/\/aivlisoft.net\/shop\/producto\/lg-25ms500-b-monitor-24-5-ips-fhd-100hz-2xhdmi\/#breadcrumb\",\"itemListElement\":[{\"@type\":\"ListItem\",\"position\":1,\"name\":\"Portada\",\"item\":\"https:\/\/aivlisoft.net\/shop\/\"},{\"@type\":\"ListItem\",\"position\":2,\"name\":\"Tienda\",\"item\":\"https:\/\/aivlisoft.net\/shop\/tienda\/\"},{\"@type\":\"ListItem\",\"position\":3,\"name\":\"LG 25MS500-B Monitor 24.5&#8243; IPS FHD 100hz 2xHDMI\"}]},{\"@type\":\"WebSite\",\"@id\":\"https:\/\/aivlisoft.net\/shop\/#website\",\"url\":\"https:\/\/aivlisoft.net\/shop\/\",\"name\":\"Aivlisoft Inform\u00e1tica\",\"description\":\"En Aivlisoft Inform\u00e1tica ofrecemos soluciones tecnol\u00f3gicas para empresas: venta de ordenadores, consumibles, perif\u00e9ricos y m\u00e1s. Calidad, atenci\u00f3n personalizada y los mejores precios para tu negocio.\",\"publisher\":{\"@id\":\"https:\/\/aivlisoft.net\/shop\/#organization\"},\"potentialAction\":[{\"@type\":\"SearchAction\",\"target\":{\"@type\":\"EntryPoint\",\"urlTemplate\":\"https:\/\/aivlisoft.net\/shop\/?s={search_term_string}\"},\"query-input\":{\"@type\":\"PropertyValueSpecification\",\"valueRequired\":true,\"valueName\":\"search_term_string\"}}],\"inLanguage\":\"es\"},{\"@type\":\"Organization\",\"@id\":\"https:\/\/aivlisoft.net\/shop\/#organization\",\"name\":\"Aivlisoft Inform\u00e1tica\",\"url\":\"https:\/\/aivlisoft.net\/shop\/\",\"logo\":{\"@type\":\"ImageObject\",\"inLanguage\":\"es\",\"@id\":\"https:\/\/aivlisoft.net\/shop\/#\/schema\/logo\/image\/\",\"url\":\"https:\/\/aivlisoft.net\/shop\/wp-content\/uploads\/2024\/12\/removal.ai_5b848c54-0cdf-4140-95c5-c5536bb7573b-logodef.png\",\"contentUrl\":\"https:\/\/aivlisoft.net\/shop\/wp-content\/uploads\/2024\/12\/removal.ai_5b848c54-0cdf-4140-95c5-c5536bb7573b-logodef.png\",\"width\":484,\"height\":182,\"caption\":\"Aivlisoft Inform\u00e1tica\"},\"image\":{\"@id\":\"https:\/\/aivlisoft.net\/shop\/#\/schema\/logo\/image\/\"}}]}<\/script>\n<!-- \/ Yoast SEO plugin. -->","yoast_head_json":{"title":"LG 25MS500-B Monitor 24.5\" IPS FHD 100hz 2xHDMI - Aivlisoft Inform\u00e1tica","robots":{"index":"index","follow":"follow","max-snippet":"max-snippet:-1","max-image-preview":"max-image-preview:large","max-video-preview":"max-video-preview:-1"},"canonical":"https:\/\/aivlisoft.net\/shop\/producto\/lg-25ms500-b-monitor-24-5-ips-fhd-100hz-2xhdmi\/","og_locale":"es_ES","og_type":"article","og_title":"LG 25MS500-B Monitor 24.5\" IPS FHD 100hz 2xHDMI - Aivlisoft Inform\u00e1tica","og_description":"Marca LG Modelo 25MS500-B Pantalla &#8211; Tama&ntilde;o: 24,5&#8243; ( 62,23 cm) &#8211; Resoluci&oacute;n: 1920&#215;1080 (FHD) &#8211; Tipo de panel: IPS &#8211; Ratio de Aspecto: 16:9 &#8211; Tama&ntilde;o de Pixel: 0.2802 x 0.2802 mm &#8211; Brillo (M&iacute;n.): 200 cd\/m&sup2; &#8211; Brillo (T&iacute;p.): 250cd\/m&sup2; &#8211; Gamut de Color (M&iacute;n.): NTSC 68% (CIE1931) &#8211; Gamut de Color (T&iacute;p.):&hellip;&nbsp;LG 25MS500-B Monitor 24.5&#8243; IPS FHD 100hz 2xHDMI","og_url":"https:\/\/aivlisoft.net\/shop\/producto\/lg-25ms500-b-monitor-24-5-ips-fhd-100hz-2xhdmi\/","og_site_name":"Aivlisoft Inform\u00e1tica","article_modified_time":"2025-01-14T10:48:33+00:00","og_image":[{"width":800,"height":800,"url":"https:\/\/aivlisoft.net\/shop\/wp-content\/uploads\/2025\/01\/FMOMLE0844_800.jpg","type":"image\/jpeg"}],"twitter_card":"summary_large_image","twitter_misc":{"Tiempo de lectura":"2 minutos"},"schema":{"@context":"https:\/\/schema.org","@graph":[{"@type":"WebPage","@id":"https:\/\/aivlisoft.net\/shop\/producto\/lg-25ms500-b-monitor-24-5-ips-fhd-100hz-2xhdmi\/","url":"https:\/\/aivlisoft.net\/shop\/producto\/lg-25ms500-b-monitor-24-5-ips-fhd-100hz-2xhdmi\/","name":"LG 25MS500-B Monitor 24.5\" IPS FHD 100hz 2xHDMI - Aivlisoft Inform\u00e1tica","isPartOf":{"@id":"https:\/\/aivlisoft.net\/shop\/#website"},"primaryImageOfPage":{"@id":"https:\/\/aivlisoft.net\/shop\/producto\/lg-25ms500-b-monitor-24-5-ips-fhd-100hz-2xhdmi\/#primaryimage"},"image":{"@id":"https:\/\/aivlisoft.net\/shop\/producto\/lg-25ms500-b-monitor-24-5-ips-fhd-100hz-2xhdmi\/#primaryimage"},"thumbnailUrl":"https:\/\/aivlisoft.net\/shop\/wp-content\/uploads\/2025\/01\/FMOMLE0844_800.jpg","datePublished":"2025-01-13T13:59:54+00:00","dateModified":"2025-01-14T10:48:33+00:00","breadcrumb":{"@id":"https:\/\/aivlisoft.net\/shop\/producto\/lg-25ms500-b-monitor-24-5-ips-fhd-100hz-2xhdmi\/#breadcrumb"},"inLanguage":"es","potentialAction":[{"@type":"ReadAction","target":["https:\/\/aivlisoft.net\/shop\/producto\/lg-25ms500-b-monitor-24-5-ips-fhd-100hz-2xhdmi\/"]}]},{"@type":"ImageObject","inLanguage":"es","@id":"https:\/\/aivlisoft.net\/shop\/producto\/lg-25ms500-b-monitor-24-5-ips-fhd-100hz-2xhdmi\/#primaryimage","url":"https:\/\/aivlisoft.net\/shop\/wp-content\/uploads\/2025\/01\/FMOMLE0844_800.jpg","contentUrl":"https:\/\/aivlisoft.net\/shop\/wp-content\/uploads\/2025\/01\/FMOMLE0844_800.jpg","width":800,"height":800},{"@type":"BreadcrumbList","@id":"https:\/\/aivlisoft.net\/shop\/producto\/lg-25ms500-b-monitor-24-5-ips-fhd-100hz-2xhdmi\/#breadcrumb","itemListElement":[{"@type":"ListItem","position":1,"name":"Portada","item":"https:\/\/aivlisoft.net\/shop\/"},{"@type":"ListItem","position":2,"name":"Tienda","item":"https:\/\/aivlisoft.net\/shop\/tienda\/"},{"@type":"ListItem","position":3,"name":"LG 25MS500-B Monitor 24.5&#8243; IPS FHD 100hz 2xHDMI"}]},{"@type":"WebSite","@id":"https:\/\/aivlisoft.net\/shop\/#website","url":"https:\/\/aivlisoft.net\/shop\/","name":"Aivlisoft Inform\u00e1tica","description":"En Aivlisoft Inform\u00e1tica ofrecemos soluciones tecnol\u00f3gicas para empresas: venta de ordenadores, consumibles, perif\u00e9ricos y m\u00e1s. Calidad, atenci\u00f3n personalizada y los mejores precios para tu negocio.","publisher":{"@id":"https:\/\/aivlisoft.net\/shop\/#organization"},"potentialAction":[{"@type":"SearchAction","target":{"@type":"EntryPoint","urlTemplate":"https:\/\/aivlisoft.net\/shop\/?s={search_term_string}"},"query-input":{"@type":"PropertyValueSpecification","valueRequired":true,"valueName":"search_term_string"}}],"inLanguage":"es"},{"@type":"Organization","@id":"https:\/\/aivlisoft.net\/shop\/#organization","name":"Aivlisoft Inform\u00e1tica","url":"https:\/\/aivlisoft.net\/shop\/","logo":{"@type":"ImageObject","inLanguage":"es","@id":"https:\/\/aivlisoft.net\/shop\/#\/schema\/logo\/image\/","url":"https:\/\/aivlisoft.net\/shop\/wp-content\/uploads\/2024\/12\/removal.ai_5b848c54-0cdf-4140-95c5-c5536bb7573b-logodef.png","contentUrl":"https:\/\/aivlisoft.net\/shop\/wp-content\/uploads\/2024\/12\/removal.ai_5b848c54-0cdf-4140-95c5-c5536bb7573b-logodef.png","width":484,"height":182,"caption":"Aivlisoft Inform\u00e1tica"},"image":{"@id":"https:\/\/aivlisoft.net\/shop\/#\/schema\/logo\/image\/"}}]}},"_links":{"self":[{"href":"https:\/\/aivlisoft.net\/shop\/wp-json\/wp\/v2\/product\/9793","targetHints":{"allow":["GET"]}}],"collection":[{"href":"https:\/\/aivlisoft.net\/shop\/wp-json\/wp\/v2\/product"}],"about":[{"href":"https:\/\/aivlisoft.net\/shop\/wp-json\/wp\/v2\/types\/product"}],"wp:featuredmedia":[{"embeddable":true,"href":"https:\/\/aivlisoft.net\/shop\/wp-json\/wp\/v2\/media\/9794"}],"wp:attachment":[{"href":"https:\/\/aivlisoft.net\/shop\/wp-json\/wp\/v2\/media?parent=9793"}],"wp:term":[{"taxonomy":"product_brand","embeddable":true,"href":"https:\/\/aivlisoft.net\/shop\/wp-json\/wp\/v2\/product_brand?post=9793"},{"taxonomy":"product_cat","embeddable":true,"href":"https:\/\/aivlisoft.net\/shop\/wp-json\/wp\/v2\/product_cat?post=9793"},{"taxonomy":"product_tag","embeddable":true,"href":"https:\/\/aivlisoft.net\/shop\/wp-json\/wp\/v2\/product_tag?post=9793"}],"curies":[{"name":"wp","href":"https:\/\/api.w.org\/{rel}","templated":true}]}}