{"id":9744,"date":"2025-01-13T13:59:33","date_gmt":"2025-01-13T13:59:33","guid":{"rendered":"https:\/\/aivlisoft.com\/?post_type=product&#038;p=9744"},"modified":"2025-01-14T10:48:19","modified_gmt":"2025-01-14T10:48:19","slug":"asus-vg328qa1a-monitor32-fhd-170h-1m-hdmi-dp-mm","status":"publish","type":"product","link":"https:\/\/aivlisoft.net\/shop\/producto\/asus-vg328qa1a-monitor32-fhd-170h-1m-hdmi-dp-mm\/","title":{"rendered":"Asus VG328QA1A Monitor32&#8243;  FHD 170H 1m HDMI DP MM"},"content":{"rendered":"<p><\/p>\n<table class=\"tabla_caracteristicas k-table\" width=\"100%\">\n<tr>\n<td valign=\"top\"><strong>Marca<\/strong><\/td>\n<td>Asus<\/td>\n<\/tr>\n<tr>\n<td valign=\"top\"><strong>Modelo<\/strong><\/td>\n<td><strong>90LM08R0-B01E70<\/strong><\/td>\n<\/tr>\n<tr>\n<td valign=\"top\"><strong>Pantalla<\/strong><\/td>\n<td>&#8211; Tama&ntilde;o pantalla:<strong>&nbsp;<\/strong> <strong>31.5&#8243;<\/strong><br \/>\t\t\t&#8211; Relaci&oacute;n de aspecto: 16:09<br \/>\t\t\t&#8211; &Aacute;rea de visualizaci&oacute;n de la pantalla (H x V): 698.4 x 392.85 mm<br \/>\t\t\t&#8211; Superficie de visualizaci&oacute;n: Non-Glare<br \/>\t\t\t&#8211; Tipo de luz de fondo: LED<br \/>\t\t\t&#8211; Tipo de panel: VA<br \/>\t\t\t&#8211; &Aacute;ngulo de visi&oacute;n (CR &gt; 10, H \/ V):178&deg;\/178&deg;<br \/>\t\t\t&#8211; Tama&ntilde;o de p&iacute;xel: 0,363 mm<br \/>\t\t\t&#8211; Resoluci&oacute;n: 1920 x 1080<br \/>\t\t\t&#8211; Espacio de color (sRGB): 100%<br \/>\t\t\t&#8211; Brillo (t&iacute;pico): 350 cd\/m2<br \/>\t\t\t&#8211; Relaci&oacute;n de contraste (t&iacute;pica): 3000:01:00<br \/>\t\t\t&#8211; Colores de pantalla: 16,7 millones<br \/>\t\t\t&#8211; Tiempo de respuesta: MPRT de 1 ms<br \/>\t\t\t&#8211; Frecuencia de actualizaci&oacute;n (m&aacute;xima): 170 Hz<br \/>\t\t\t&#8211; Sin destellos<\/td>\n<\/tr>\n<tr>\n<td valign=\"top\"><strong>Conexi&oacute;n<\/strong><\/td>\n<td>&#8211; 1 x HDMI 2.0<br \/>\t\t\t&#8211; 1 x DisplayPort 1.2<br \/>\t\t\t&#8211; USB Hub : 1x USB 3.2 Gen 1 Type-A (Service Port)<br \/>\t\t\t&#8211; Entrada de audio<\/td>\n<\/tr>\n<tr>\n<td valign=\"top\"><strong>Caracter&iacute;sticas<\/strong><\/td>\n<td>&#8211; Tecnologia SPLENDID<br \/>\t\t\t&#8211; Temperatura de color. Selecci&oacute;n: (4 modes)<br \/>\t\t\t&#8211; GamePlus<br \/>\t\t\t&#8211; HDCP<br \/>\t\t\t&#8211; Desenfoque de movimiento extremadamente bajo<br \/>\t\t\t&#8211; Tecnolog&iacute;a VRR: (Adaptive-Sync)<br \/>\t\t\t&#8211; Tecnolog&iacute;a GameFast Input<br \/>\t\t\t&#8211; Impulso oscuro<br \/>\t\t\t&#8211; Refuerzo de sombras<br \/>\t\t\t&#8211; Widget de visualizaci&oacute;n: DisplayWidget Lite<br \/>\t\t\t&#8211; Luz azul baja<br \/>\t\t\t<strong>Caracter&iacute;stica de audio<\/strong><br \/>\t\t\t&#8211; Altavoces: 2 x 1,2 W<br \/>\t\t\t<strong>Frecuencia<\/strong><br \/>\t\t\t&#8211; Frecuencia de se&ntilde;al digital:<br \/>\t\t\t&nbsp; HDMI: 30~195KHz?H?\/48~170Hz?V?<br \/>\t\t\t&nbsp; DP: 30~200KHz?H?\/48~170Hz?V?<br \/>\t\t\t<strong>Alimentaci&oacute;n<\/strong><br \/>\t\t\t&#8211; Encendido: &lt; 23,5 W<br \/>\t\t\t&#8211; En espera: &lt; 0,5 W,<br \/>\t\t\t&#8211; Apagado: &lt; 0,3 W<br \/>\t\t\t&#8211; Voltaje: 100-240 V, 50\/60 Hz<br \/>\t\t\t<strong>Caracter&iacute;sticas mec&aacute;nicas<\/strong><br \/>\t\t\t&#8211; Inclinaci&oacute;n: S&iacute; (+20&deg; ~ -5&deg;)<br \/>\t\t\t&#8211; Montaje en pared VESA: 100&#215;100 mm<br \/>\t\t\t&#8211; Cerradura Kensington<br \/>\t\t\t<strong>Peso y dimensiones<\/strong><br \/>\t\t\t&#8211; 71.62 x 49.72 x 21.38 cm<br \/>\t\t\t&#8211; 6,8 kg<\/td>\n<\/tr>\n<tr>\n<td valign=\"top\"><strong>Certificado energ&eacute;tico&nbsp;&nbsp;&nbsp;&nbsp;&nbsp;&nbsp;&nbsp;&nbsp;&nbsp; <\/strong><\/td>\n<td><a alt=\"Certificado energ&Atilde;&#402;??&Atilde;&#402;?&Atilde;&#8218;&Acirc;&copy;tico\" href=\"https:\/\/www.infortisa.com\/images\/content\/2024030709594828844FMOMLE0824.webp\" target=\"_blank\">Ver certificado<\/a><\/td>\n<\/tr>\n<tr>\n<td valign=\"top\"><strong>Fecha de revisi&oacute;n<\/strong><\/td>\n<td>07-03-2024 por RTY<\/td>\n<\/tr>\n<\/table>\n","protected":false},"excerpt":{"rendered":"<p>Marca Asus Modelo 90LM08R0-B01E70 Pantalla &#8211; Tama&ntilde;o pantalla:&nbsp; 31.5&#8243; &#8211; Relaci&oacute;n de aspecto: 16:09 &#8211; &Aacute;rea de visualizaci&oacute;n de la pantalla (H x V): 698.4 x 392.85 mm &#8211; Superficie de visualizaci&oacute;n: Non-Glare &#8211; Tipo de luz de fondo: LED &#8211; Tipo de panel: VA &#8211; &Aacute;ngulo de visi&oacute;n (CR &gt; 10, H \/ V):178&deg;\/178&deg;&hellip;&nbsp;<a href=\"https:\/\/aivlisoft.net\/shop\/producto\/asus-vg328qa1a-monitor32-fhd-170h-1m-hdmi-dp-mm\/\" rel=\"bookmark\"><span class=\"screen-reader-text\">Asus VG328QA1A Monitor32&#8243;  FHD 170H 1m HDMI DP MM<\/span><\/a><\/p>\n","protected":false},"featured_media":9745,"template":"","meta":{"neve_meta_sidebar":"","neve_meta_container":"","neve_meta_enable_content_width":"","neve_meta_content_width":0,"neve_meta_title_alignment":"","neve_meta_author_avatar":"","neve_post_elements_order":"","neve_meta_disable_header":"","neve_meta_disable_footer":"","neve_meta_disable_title":""},"product_brand":[],"product_cat":[8720],"product_tag":[3827],"class_list":{"0":"post-9744","1":"product","2":"type-product","3":"status-publish","4":"has-post-thumbnail","6":"product_cat-monitores-led","7":"product_tag-90lm08r0-b01e70","9":"first","10":"instock","11":"taxable","12":"shipping-taxable","13":"purchasable","14":"product-type-simple"},"yoast_head":"<!-- This site is optimized with the Yoast SEO plugin v26.0 - https:\/\/yoast.com\/wordpress\/plugins\/seo\/ -->\n<title>Asus VG328QA1A Monitor32&quot; FHD 170H 1m HDMI DP MM - Aivlisoft Inform\u00e1tica<\/title>\n<meta name=\"robots\" content=\"index, follow, max-snippet:-1, max-image-preview:large, max-video-preview:-1\" \/>\n<link rel=\"canonical\" href=\"https:\/\/aivlisoft.net\/shop\/producto\/asus-vg328qa1a-monitor32-fhd-170h-1m-hdmi-dp-mm\/\" \/>\n<meta property=\"og:locale\" content=\"es_ES\" \/>\n<meta property=\"og:type\" content=\"article\" \/>\n<meta property=\"og:title\" content=\"Asus VG328QA1A Monitor32&quot; FHD 170H 1m HDMI DP MM - Aivlisoft Inform\u00e1tica\" \/>\n<meta property=\"og:description\" content=\"Marca Asus Modelo 90LM08R0-B01E70 Pantalla &#8211; Tama&ntilde;o pantalla:&nbsp; 31.5&#8243; &#8211; Relaci&oacute;n de aspecto: 16:09 &#8211; &Aacute;rea de visualizaci&oacute;n de la pantalla (H x V): 698.4 x 392.85 mm &#8211; Superficie de visualizaci&oacute;n: Non-Glare &#8211; Tipo de luz de fondo: LED &#8211; Tipo de panel: VA &#8211; &Aacute;ngulo de visi&oacute;n (CR &gt; 10, H \/ V):178&deg;\/178&deg;&hellip;&nbsp;Asus VG328QA1A Monitor32&#8243; FHD 170H 1m HDMI DP MM\" \/>\n<meta property=\"og:url\" content=\"https:\/\/aivlisoft.net\/shop\/producto\/asus-vg328qa1a-monitor32-fhd-170h-1m-hdmi-dp-mm\/\" \/>\n<meta property=\"og:site_name\" content=\"Aivlisoft Inform\u00e1tica\" \/>\n<meta property=\"article:modified_time\" content=\"2025-01-14T10:48:19+00:00\" \/>\n<meta property=\"og:image\" content=\"https:\/\/aivlisoft.net\/shop\/wp-content\/uploads\/2025\/01\/FMOMLE0824_800.jpg\" \/>\n\t<meta property=\"og:image:width\" content=\"800\" \/>\n\t<meta property=\"og:image:height\" content=\"800\" \/>\n\t<meta property=\"og:image:type\" content=\"image\/jpeg\" \/>\n<meta name=\"twitter:card\" content=\"summary_large_image\" \/>\n<meta name=\"twitter:label1\" content=\"Tiempo de lectura\" \/>\n\t<meta name=\"twitter:data1\" content=\"2 minutos\" \/>\n<script type=\"application\/ld+json\" class=\"yoast-schema-graph\">{\"@context\":\"https:\/\/schema.org\",\"@graph\":[{\"@type\":\"WebPage\",\"@id\":\"https:\/\/aivlisoft.net\/shop\/producto\/asus-vg328qa1a-monitor32-fhd-170h-1m-hdmi-dp-mm\/\",\"url\":\"https:\/\/aivlisoft.net\/shop\/producto\/asus-vg328qa1a-monitor32-fhd-170h-1m-hdmi-dp-mm\/\",\"name\":\"Asus VG328QA1A Monitor32\\\" FHD 170H 1m HDMI DP MM - Aivlisoft Inform\u00e1tica\",\"isPartOf\":{\"@id\":\"https:\/\/aivlisoft.net\/shop\/#website\"},\"primaryImageOfPage\":{\"@id\":\"https:\/\/aivlisoft.net\/shop\/producto\/asus-vg328qa1a-monitor32-fhd-170h-1m-hdmi-dp-mm\/#primaryimage\"},\"image\":{\"@id\":\"https:\/\/aivlisoft.net\/shop\/producto\/asus-vg328qa1a-monitor32-fhd-170h-1m-hdmi-dp-mm\/#primaryimage\"},\"thumbnailUrl\":\"https:\/\/aivlisoft.net\/shop\/wp-content\/uploads\/2025\/01\/FMOMLE0824_800.jpg\",\"datePublished\":\"2025-01-13T13:59:33+00:00\",\"dateModified\":\"2025-01-14T10:48:19+00:00\",\"breadcrumb\":{\"@id\":\"https:\/\/aivlisoft.net\/shop\/producto\/asus-vg328qa1a-monitor32-fhd-170h-1m-hdmi-dp-mm\/#breadcrumb\"},\"inLanguage\":\"es\",\"potentialAction\":[{\"@type\":\"ReadAction\",\"target\":[\"https:\/\/aivlisoft.net\/shop\/producto\/asus-vg328qa1a-monitor32-fhd-170h-1m-hdmi-dp-mm\/\"]}]},{\"@type\":\"ImageObject\",\"inLanguage\":\"es\",\"@id\":\"https:\/\/aivlisoft.net\/shop\/producto\/asus-vg328qa1a-monitor32-fhd-170h-1m-hdmi-dp-mm\/#primaryimage\",\"url\":\"https:\/\/aivlisoft.net\/shop\/wp-content\/uploads\/2025\/01\/FMOMLE0824_800.jpg\",\"contentUrl\":\"https:\/\/aivlisoft.net\/shop\/wp-content\/uploads\/2025\/01\/FMOMLE0824_800.jpg\",\"width\":800,\"height\":800},{\"@type\":\"BreadcrumbList\",\"@id\":\"https:\/\/aivlisoft.net\/shop\/producto\/asus-vg328qa1a-monitor32-fhd-170h-1m-hdmi-dp-mm\/#breadcrumb\",\"itemListElement\":[{\"@type\":\"ListItem\",\"position\":1,\"name\":\"Portada\",\"item\":\"https:\/\/aivlisoft.net\/shop\/\"},{\"@type\":\"ListItem\",\"position\":2,\"name\":\"Tienda\",\"item\":\"https:\/\/aivlisoft.net\/shop\/tienda\/\"},{\"@type\":\"ListItem\",\"position\":3,\"name\":\"Asus VG328QA1A Monitor32&#8243; FHD 170H 1m HDMI DP MM\"}]},{\"@type\":\"WebSite\",\"@id\":\"https:\/\/aivlisoft.net\/shop\/#website\",\"url\":\"https:\/\/aivlisoft.net\/shop\/\",\"name\":\"Aivlisoft Inform\u00e1tica\",\"description\":\"En Aivlisoft Inform\u00e1tica ofrecemos soluciones tecnol\u00f3gicas para empresas: venta de ordenadores, consumibles, perif\u00e9ricos y m\u00e1s. Calidad, atenci\u00f3n personalizada y los mejores precios para tu negocio.\",\"publisher\":{\"@id\":\"https:\/\/aivlisoft.net\/shop\/#organization\"},\"potentialAction\":[{\"@type\":\"SearchAction\",\"target\":{\"@type\":\"EntryPoint\",\"urlTemplate\":\"https:\/\/aivlisoft.net\/shop\/?s={search_term_string}\"},\"query-input\":{\"@type\":\"PropertyValueSpecification\",\"valueRequired\":true,\"valueName\":\"search_term_string\"}}],\"inLanguage\":\"es\"},{\"@type\":\"Organization\",\"@id\":\"https:\/\/aivlisoft.net\/shop\/#organization\",\"name\":\"Aivlisoft Inform\u00e1tica\",\"url\":\"https:\/\/aivlisoft.net\/shop\/\",\"logo\":{\"@type\":\"ImageObject\",\"inLanguage\":\"es\",\"@id\":\"https:\/\/aivlisoft.net\/shop\/#\/schema\/logo\/image\/\",\"url\":\"https:\/\/aivlisoft.net\/shop\/wp-content\/uploads\/2024\/12\/removal.ai_5b848c54-0cdf-4140-95c5-c5536bb7573b-logodef.png\",\"contentUrl\":\"https:\/\/aivlisoft.net\/shop\/wp-content\/uploads\/2024\/12\/removal.ai_5b848c54-0cdf-4140-95c5-c5536bb7573b-logodef.png\",\"width\":484,\"height\":182,\"caption\":\"Aivlisoft Inform\u00e1tica\"},\"image\":{\"@id\":\"https:\/\/aivlisoft.net\/shop\/#\/schema\/logo\/image\/\"}}]}<\/script>\n<!-- \/ Yoast SEO plugin. -->","yoast_head_json":{"title":"Asus VG328QA1A Monitor32\" FHD 170H 1m HDMI DP MM - Aivlisoft Inform\u00e1tica","robots":{"index":"index","follow":"follow","max-snippet":"max-snippet:-1","max-image-preview":"max-image-preview:large","max-video-preview":"max-video-preview:-1"},"canonical":"https:\/\/aivlisoft.net\/shop\/producto\/asus-vg328qa1a-monitor32-fhd-170h-1m-hdmi-dp-mm\/","og_locale":"es_ES","og_type":"article","og_title":"Asus VG328QA1A Monitor32\" FHD 170H 1m HDMI DP MM - Aivlisoft Inform\u00e1tica","og_description":"Marca Asus Modelo 90LM08R0-B01E70 Pantalla &#8211; Tama&ntilde;o pantalla:&nbsp; 31.5&#8243; &#8211; Relaci&oacute;n de aspecto: 16:09 &#8211; &Aacute;rea de visualizaci&oacute;n de la pantalla (H x V): 698.4 x 392.85 mm &#8211; Superficie de visualizaci&oacute;n: Non-Glare &#8211; Tipo de luz de fondo: LED &#8211; Tipo de panel: VA &#8211; &Aacute;ngulo de visi&oacute;n (CR &gt; 10, H \/ V):178&deg;\/178&deg;&hellip;&nbsp;Asus VG328QA1A Monitor32&#8243; FHD 170H 1m HDMI DP MM","og_url":"https:\/\/aivlisoft.net\/shop\/producto\/asus-vg328qa1a-monitor32-fhd-170h-1m-hdmi-dp-mm\/","og_site_name":"Aivlisoft Inform\u00e1tica","article_modified_time":"2025-01-14T10:48:19+00:00","og_image":[{"width":800,"height":800,"url":"https:\/\/aivlisoft.net\/shop\/wp-content\/uploads\/2025\/01\/FMOMLE0824_800.jpg","type":"image\/jpeg"}],"twitter_card":"summary_large_image","twitter_misc":{"Tiempo de lectura":"2 minutos"},"schema":{"@context":"https:\/\/schema.org","@graph":[{"@type":"WebPage","@id":"https:\/\/aivlisoft.net\/shop\/producto\/asus-vg328qa1a-monitor32-fhd-170h-1m-hdmi-dp-mm\/","url":"https:\/\/aivlisoft.net\/shop\/producto\/asus-vg328qa1a-monitor32-fhd-170h-1m-hdmi-dp-mm\/","name":"Asus VG328QA1A Monitor32\" FHD 170H 1m HDMI DP MM - Aivlisoft Inform\u00e1tica","isPartOf":{"@id":"https:\/\/aivlisoft.net\/shop\/#website"},"primaryImageOfPage":{"@id":"https:\/\/aivlisoft.net\/shop\/producto\/asus-vg328qa1a-monitor32-fhd-170h-1m-hdmi-dp-mm\/#primaryimage"},"image":{"@id":"https:\/\/aivlisoft.net\/shop\/producto\/asus-vg328qa1a-monitor32-fhd-170h-1m-hdmi-dp-mm\/#primaryimage"},"thumbnailUrl":"https:\/\/aivlisoft.net\/shop\/wp-content\/uploads\/2025\/01\/FMOMLE0824_800.jpg","datePublished":"2025-01-13T13:59:33+00:00","dateModified":"2025-01-14T10:48:19+00:00","breadcrumb":{"@id":"https:\/\/aivlisoft.net\/shop\/producto\/asus-vg328qa1a-monitor32-fhd-170h-1m-hdmi-dp-mm\/#breadcrumb"},"inLanguage":"es","potentialAction":[{"@type":"ReadAction","target":["https:\/\/aivlisoft.net\/shop\/producto\/asus-vg328qa1a-monitor32-fhd-170h-1m-hdmi-dp-mm\/"]}]},{"@type":"ImageObject","inLanguage":"es","@id":"https:\/\/aivlisoft.net\/shop\/producto\/asus-vg328qa1a-monitor32-fhd-170h-1m-hdmi-dp-mm\/#primaryimage","url":"https:\/\/aivlisoft.net\/shop\/wp-content\/uploads\/2025\/01\/FMOMLE0824_800.jpg","contentUrl":"https:\/\/aivlisoft.net\/shop\/wp-content\/uploads\/2025\/01\/FMOMLE0824_800.jpg","width":800,"height":800},{"@type":"BreadcrumbList","@id":"https:\/\/aivlisoft.net\/shop\/producto\/asus-vg328qa1a-monitor32-fhd-170h-1m-hdmi-dp-mm\/#breadcrumb","itemListElement":[{"@type":"ListItem","position":1,"name":"Portada","item":"https:\/\/aivlisoft.net\/shop\/"},{"@type":"ListItem","position":2,"name":"Tienda","item":"https:\/\/aivlisoft.net\/shop\/tienda\/"},{"@type":"ListItem","position":3,"name":"Asus VG328QA1A Monitor32&#8243; FHD 170H 1m HDMI DP MM"}]},{"@type":"WebSite","@id":"https:\/\/aivlisoft.net\/shop\/#website","url":"https:\/\/aivlisoft.net\/shop\/","name":"Aivlisoft Inform\u00e1tica","description":"En Aivlisoft Inform\u00e1tica ofrecemos soluciones tecnol\u00f3gicas para empresas: venta de ordenadores, consumibles, perif\u00e9ricos y m\u00e1s. Calidad, atenci\u00f3n personalizada y los mejores precios para tu negocio.","publisher":{"@id":"https:\/\/aivlisoft.net\/shop\/#organization"},"potentialAction":[{"@type":"SearchAction","target":{"@type":"EntryPoint","urlTemplate":"https:\/\/aivlisoft.net\/shop\/?s={search_term_string}"},"query-input":{"@type":"PropertyValueSpecification","valueRequired":true,"valueName":"search_term_string"}}],"inLanguage":"es"},{"@type":"Organization","@id":"https:\/\/aivlisoft.net\/shop\/#organization","name":"Aivlisoft Inform\u00e1tica","url":"https:\/\/aivlisoft.net\/shop\/","logo":{"@type":"ImageObject","inLanguage":"es","@id":"https:\/\/aivlisoft.net\/shop\/#\/schema\/logo\/image\/","url":"https:\/\/aivlisoft.net\/shop\/wp-content\/uploads\/2024\/12\/removal.ai_5b848c54-0cdf-4140-95c5-c5536bb7573b-logodef.png","contentUrl":"https:\/\/aivlisoft.net\/shop\/wp-content\/uploads\/2024\/12\/removal.ai_5b848c54-0cdf-4140-95c5-c5536bb7573b-logodef.png","width":484,"height":182,"caption":"Aivlisoft Inform\u00e1tica"},"image":{"@id":"https:\/\/aivlisoft.net\/shop\/#\/schema\/logo\/image\/"}}]}},"_links":{"self":[{"href":"https:\/\/aivlisoft.net\/shop\/wp-json\/wp\/v2\/product\/9744","targetHints":{"allow":["GET"]}}],"collection":[{"href":"https:\/\/aivlisoft.net\/shop\/wp-json\/wp\/v2\/product"}],"about":[{"href":"https:\/\/aivlisoft.net\/shop\/wp-json\/wp\/v2\/types\/product"}],"wp:featuredmedia":[{"embeddable":true,"href":"https:\/\/aivlisoft.net\/shop\/wp-json\/wp\/v2\/media\/9745"}],"wp:attachment":[{"href":"https:\/\/aivlisoft.net\/shop\/wp-json\/wp\/v2\/media?parent=9744"}],"wp:term":[{"taxonomy":"product_brand","embeddable":true,"href":"https:\/\/aivlisoft.net\/shop\/wp-json\/wp\/v2\/product_brand?post=9744"},{"taxonomy":"product_cat","embeddable":true,"href":"https:\/\/aivlisoft.net\/shop\/wp-json\/wp\/v2\/product_cat?post=9744"},{"taxonomy":"product_tag","embeddable":true,"href":"https:\/\/aivlisoft.net\/shop\/wp-json\/wp\/v2\/product_tag?post=9744"}],"curies":[{"name":"wp","href":"https:\/\/api.w.org\/{rel}","templated":true}]}}