{"id":9722,"date":"2025-01-13T13:59:24","date_gmt":"2025-01-13T13:59:24","guid":{"rendered":"https:\/\/aivlisoft.com\/?post_type=product&#038;p=9722"},"modified":"2025-01-14T10:48:14","modified_gmt":"2025-01-14T10:48:14","slug":"asus-pa24ac-monitor-24-1-wuxga-hdmi-dp-usbc","status":"publish","type":"product","link":"https:\/\/aivlisoft.net\/shop\/producto\/asus-pa24ac-monitor-24-1-wuxga-hdmi-dp-usbc\/","title":{"rendered":"Asus PA24AC Monitor 24.1&#8243; WUXGA HDMI DP USBc"},"content":{"rendered":"<p><\/p>\n<table class=\"tabla_caracteristicas k-table\" width=\"100%\">\n<tr>\n<td valign=\"top\"><strong>Marca<\/strong><\/td>\n<td>Asus<\/td>\n<\/tr>\n<tr>\n<td valign=\"top\"><strong>Modelo<\/strong><\/td>\n<td><strong>90LM04B0-B01370<\/strong><\/td>\n<\/tr>\n<tr>\n<td valign=\"top\"><strong>Pantalla<\/strong><\/td>\n<td>&#8211; Tama&ntilde;o del panel: <strong>24.1&#8243;<\/strong><br \/>\t\t\t&#8211; Pixels Per Inch (PPI): 94<br \/>\t\t\t&#8211; Relaci&oacute;n de aspecto: 16:10<br \/>\t\t\t&#8211; &Aacute;rea de visualizaci&oacute;n de la pantalla (H x V): 518.4 x 324 mm<br \/>\t\t\t&#8211; Superficie de visualizaci&oacute;n: Non-Glare<br \/>\t\t\t&#8211; Tipo de luz de fondo: LED<br \/>\t\t\t&#8211; Tipo de panel: IPS<br \/>\t\t\t&#8211; &Aacute;ngulo de visi&oacute;n (CR ? 10, H \/ V):178&deg;\/178&deg;<br \/>\t\t\t&#8211; Tama&ntilde;o de p&iacute;xel: 0,270 mm<br \/>\t\t\t&#8211; Resoluci&oacute;n: 1920 x 1200<br \/>\t\t\t&#8211; Color Space (sRGB): 100%<br \/>\t\t\t&#8211; Espacio de color (Adobe RGB): TBD<br \/>\t\t\t&#8211; Espacio de color (Rec. 2020): TBD<br \/>\t\t\t&#8211; Brillo (HDR, pico): 400 cd<br \/>\t\t\t&#8211; Brillo (t&iacute;pico): 350cd<br \/>\t\t\t&#8211; Relaci&oacute;n de contraste (HDR, m&aacute;ximo): 8000:1<br \/>\t\t\t&#8211; Relaci&oacute;n de contraste (t&iacute;pico): 1200:01:00<br \/>\t\t\t&#8211; Colores de pantalla: 16.7M<br \/>\t\t\t&#8211; Tiempo de respuesta: 5ms(GTG)<br \/>\t\t\t&#8211; Frecuencia de actualizaci&oacute;n (m&aacute;x.): Tipo 60 Hz<br \/>\t\t\t&#8211; Compatibilidad con HDR (alto rango din&aacute;mico): HDR10<br \/>\t\t\t&#8211; Sin destellos<br \/>\t\t\t&#8211; Garant&iacute;a LCD ZBD: (3 a&ntilde;os)<\/td>\n<\/tr>\n<tr>\n<td valign=\"top\"><strong>Conexi&oacute;n<\/strong><\/td>\n<td>&#8211; 2 x USB-C x 2<br \/>\t\t\t&#8211; 1 x DisplayPort 1.2 x 1<br \/>\t\t\t&#8211; 2 x HDMI(v2.0) x 2<br \/>\t\t\t&#8211; 4 x USB 3.2 Gen 1 Type-A<br \/>\t\t\t&#8211; Enchufe de aud&iacute;fonos<br \/>\t\t\t&#8211; Suministro de energ&iacute;a USB-C: 60 W<\/td>\n<\/tr>\n<tr>\n<td valign=\"top\"><strong>Caracter&iacute;sticas<\/strong><\/td>\n<td>&#8211; Altavoz: 1,2 W x 2<br \/>\t\t\t&#8211; Frecuencia de se&ntilde;al digital:30~85 KHz (H) \/ 48~70 Hz (V)<br \/>\t\t\t&#8211; Inclinaci&oacute;n: (+23&deg; ~ -5&deg;)<br \/>\t\t\t&#8211; Giratorio:Yes (+45&deg;&nbsp;~&nbsp;-45&deg;)<br \/>\t\t\t&#8211; Pivante :S&iacute; (+90&deg; ~ -90&deg;)<br \/>\t\t\t&#8211; Ajuste de altura :0~110mm<br \/>\t\t\t&#8211; Montaje en pared VESA: 100 x 100 mm<br \/>\t\t\t<strong>Video<\/strong><br \/>\t\t\t&#8211; Tecnolog&iacute;a Trace Free<br \/>\t\t\t&#8211; Ajuste preestablecido de ProArt:<br \/>\t\t\t&nbsp; Est&aacute;ndar<br \/>\t\t\t&nbsp; sRGB<br \/>\t\t\t&nbsp; Rec. 709<br \/>\t\t\t&nbsp; Paisaje<br \/>\t\t\t&nbsp; Lectura<br \/>\t\t\t&nbsp; Darkroom<br \/>\t\t\t&nbsp; Modo de usuario 1<br \/>\t\t\t&nbsp; Modo de usuario 2<br \/>\t\t\t&#8211; Tecnolog&iacute;a SPLENDID<br \/>\t\t\t&#8211; Temperatura de color. Selecci&oacute;n:(4 modes)<br \/>\t\t\t&#8211; Ajuste de color: Ajuste de 6 ejes (R, G, B, C, M, Y)<br \/>\t\t\t&#8211; Ajuste de gamma: (admite Gamma 1.8\/ 2.0\/ 2.2\/ 2.4\/ 2.6)<br \/>\t\t\t&#8211; Precisi&oacute;n del color: E&lt;2<br \/>\t\t\t&#8211; Calibraci&oacute;n de hardware ASUS ProArt<br \/>\t\t\t&#8211; QuickFit<br \/>\t\t\t&#8211; Tecnologia PIP \/ PbP<br \/>\t\t\t&#8211; HDCP<br \/>\t\t\t&#8211; Tecnolog&iacute;a VRR:(Adaptive-Sync)<br \/>\t\t\t&#8211; Impulso oscuro<br \/>\t\t\t&#8211; Widget de visualizaci&oacute;n<br \/>\t\t\t&#8211; Luz azul baja<br \/>\t\t\t&#8211; Multiple HDR Mode<br \/>\t\t\t<strong>Alimentaci&oacute;n<\/strong><br \/>\t\t\t&#8211; El consumo de energ&iacute;a: 21 W<br \/>\t\t\t&#8211; Modo de ahorro de energ&iacute;a : &lt; 0.5 W<br \/>\t\t\t&#8211; Modo apagado: 0 W<br \/>\t\t\t&#8211; Voltaje :100-240V, 50\/60Hz<br \/>\t\t\t<strong>Dimensiones y peso<\/strong><br \/>\t\t\t&#8211; 532 x (92~202) x 488 mm<br \/>\t\t\t&#8211; 6,5 kg<\/td>\n<\/tr>\n<tr>\n<td valign=\"top\"><strong>Certificado energ&eacute;tico<\/strong><\/td>\n<td><a alt=\"Certificado energ&Atilde;&#402;?&Atilde;&#8218;&Acirc;&copy;tico\" href=\"https:\/\/www.infortisa.com\/images\/content\/2024020613502128844FMOMLE0811.webp\" target=\"_blank\">Ver certificado<\/a><\/td>\n<\/tr>\n<tr>\n<td valign=\"top\"><strong>Fecha de revisi&oacute;n<\/strong><\/td>\n<td>06-02-2024 por RTY<\/td>\n<\/tr>\n<\/table>\n","protected":false},"excerpt":{"rendered":"<p>Marca Asus Modelo 90LM04B0-B01370 Pantalla &#8211; Tama&ntilde;o del panel: 24.1&#8243; &#8211; Pixels Per Inch (PPI): 94 &#8211; Relaci&oacute;n de aspecto: 16:10 &#8211; &Aacute;rea de visualizaci&oacute;n de la pantalla (H x V): 518.4 x 324 mm &#8211; Superficie de visualizaci&oacute;n: Non-Glare &#8211; Tipo de luz de fondo: LED &#8211; Tipo de panel: IPS &#8211; &Aacute;ngulo de&hellip;&nbsp;<a href=\"https:\/\/aivlisoft.net\/shop\/producto\/asus-pa24ac-monitor-24-1-wuxga-hdmi-dp-usbc\/\" rel=\"bookmark\"><span class=\"screen-reader-text\">Asus PA24AC Monitor 24.1&#8243; WUXGA HDMI DP USBc<\/span><\/a><\/p>\n","protected":false},"featured_media":9723,"template":"","meta":{"neve_meta_sidebar":"","neve_meta_container":"","neve_meta_enable_content_width":"","neve_meta_content_width":0,"neve_meta_title_alignment":"","neve_meta_author_avatar":"","neve_post_elements_order":"","neve_meta_disable_header":"","neve_meta_disable_footer":"","neve_meta_disable_title":""},"product_brand":[],"product_cat":[8720],"product_tag":[3821],"class_list":{"0":"post-9722","1":"product","2":"type-product","3":"status-publish","4":"has-post-thumbnail","6":"product_cat-monitores-led","7":"product_tag-90lm04b0-b01370","9":"first","10":"instock","11":"taxable","12":"shipping-taxable","13":"purchasable","14":"product-type-simple"},"yoast_head":"<!-- This site is optimized with the Yoast SEO plugin v26.0 - https:\/\/yoast.com\/wordpress\/plugins\/seo\/ -->\n<title>Asus PA24AC Monitor 24.1&quot; WUXGA HDMI DP USBc - Aivlisoft Inform\u00e1tica<\/title>\n<meta name=\"robots\" content=\"index, follow, max-snippet:-1, max-image-preview:large, max-video-preview:-1\" \/>\n<link rel=\"canonical\" href=\"https:\/\/aivlisoft.net\/shop\/producto\/asus-pa24ac-monitor-24-1-wuxga-hdmi-dp-usbc\/\" \/>\n<meta property=\"og:locale\" content=\"es_ES\" \/>\n<meta property=\"og:type\" content=\"article\" \/>\n<meta property=\"og:title\" content=\"Asus PA24AC Monitor 24.1&quot; WUXGA HDMI DP USBc - Aivlisoft Inform\u00e1tica\" \/>\n<meta property=\"og:description\" content=\"Marca Asus Modelo 90LM04B0-B01370 Pantalla &#8211; Tama&ntilde;o del panel: 24.1&#8243; &#8211; Pixels Per Inch (PPI): 94 &#8211; Relaci&oacute;n de aspecto: 16:10 &#8211; &Aacute;rea de visualizaci&oacute;n de la pantalla (H x V): 518.4 x 324 mm &#8211; Superficie de visualizaci&oacute;n: Non-Glare &#8211; Tipo de luz de fondo: LED &#8211; Tipo de panel: IPS &#8211; &Aacute;ngulo de&hellip;&nbsp;Asus PA24AC Monitor 24.1&#8243; WUXGA HDMI DP USBc\" \/>\n<meta property=\"og:url\" content=\"https:\/\/aivlisoft.net\/shop\/producto\/asus-pa24ac-monitor-24-1-wuxga-hdmi-dp-usbc\/\" \/>\n<meta property=\"og:site_name\" content=\"Aivlisoft Inform\u00e1tica\" \/>\n<meta property=\"article:modified_time\" content=\"2025-01-14T10:48:14+00:00\" \/>\n<meta property=\"og:image\" content=\"https:\/\/aivlisoft.net\/shop\/wp-content\/uploads\/2025\/01\/FMOMLE0811_800.jpg\" \/>\n\t<meta property=\"og:image:width\" content=\"800\" \/>\n\t<meta property=\"og:image:height\" content=\"800\" \/>\n\t<meta property=\"og:image:type\" content=\"image\/jpeg\" \/>\n<meta name=\"twitter:card\" content=\"summary_large_image\" \/>\n<meta name=\"twitter:label1\" content=\"Tiempo de lectura\" \/>\n\t<meta name=\"twitter:data1\" content=\"2 minutos\" \/>\n<script type=\"application\/ld+json\" class=\"yoast-schema-graph\">{\"@context\":\"https:\/\/schema.org\",\"@graph\":[{\"@type\":\"WebPage\",\"@id\":\"https:\/\/aivlisoft.net\/shop\/producto\/asus-pa24ac-monitor-24-1-wuxga-hdmi-dp-usbc\/\",\"url\":\"https:\/\/aivlisoft.net\/shop\/producto\/asus-pa24ac-monitor-24-1-wuxga-hdmi-dp-usbc\/\",\"name\":\"Asus PA24AC Monitor 24.1\\\" WUXGA HDMI DP USBc - Aivlisoft Inform\u00e1tica\",\"isPartOf\":{\"@id\":\"https:\/\/aivlisoft.net\/shop\/#website\"},\"primaryImageOfPage\":{\"@id\":\"https:\/\/aivlisoft.net\/shop\/producto\/asus-pa24ac-monitor-24-1-wuxga-hdmi-dp-usbc\/#primaryimage\"},\"image\":{\"@id\":\"https:\/\/aivlisoft.net\/shop\/producto\/asus-pa24ac-monitor-24-1-wuxga-hdmi-dp-usbc\/#primaryimage\"},\"thumbnailUrl\":\"https:\/\/aivlisoft.net\/shop\/wp-content\/uploads\/2025\/01\/FMOMLE0811_800.jpg\",\"datePublished\":\"2025-01-13T13:59:24+00:00\",\"dateModified\":\"2025-01-14T10:48:14+00:00\",\"breadcrumb\":{\"@id\":\"https:\/\/aivlisoft.net\/shop\/producto\/asus-pa24ac-monitor-24-1-wuxga-hdmi-dp-usbc\/#breadcrumb\"},\"inLanguage\":\"es\",\"potentialAction\":[{\"@type\":\"ReadAction\",\"target\":[\"https:\/\/aivlisoft.net\/shop\/producto\/asus-pa24ac-monitor-24-1-wuxga-hdmi-dp-usbc\/\"]}]},{\"@type\":\"ImageObject\",\"inLanguage\":\"es\",\"@id\":\"https:\/\/aivlisoft.net\/shop\/producto\/asus-pa24ac-monitor-24-1-wuxga-hdmi-dp-usbc\/#primaryimage\",\"url\":\"https:\/\/aivlisoft.net\/shop\/wp-content\/uploads\/2025\/01\/FMOMLE0811_800.jpg\",\"contentUrl\":\"https:\/\/aivlisoft.net\/shop\/wp-content\/uploads\/2025\/01\/FMOMLE0811_800.jpg\",\"width\":800,\"height\":800},{\"@type\":\"BreadcrumbList\",\"@id\":\"https:\/\/aivlisoft.net\/shop\/producto\/asus-pa24ac-monitor-24-1-wuxga-hdmi-dp-usbc\/#breadcrumb\",\"itemListElement\":[{\"@type\":\"ListItem\",\"position\":1,\"name\":\"Portada\",\"item\":\"https:\/\/aivlisoft.net\/shop\/\"},{\"@type\":\"ListItem\",\"position\":2,\"name\":\"Tienda\",\"item\":\"https:\/\/aivlisoft.net\/shop\/tienda\/\"},{\"@type\":\"ListItem\",\"position\":3,\"name\":\"Asus PA24AC Monitor 24.1&#8243; WUXGA HDMI DP USBc\"}]},{\"@type\":\"WebSite\",\"@id\":\"https:\/\/aivlisoft.net\/shop\/#website\",\"url\":\"https:\/\/aivlisoft.net\/shop\/\",\"name\":\"Aivlisoft Inform\u00e1tica\",\"description\":\"En Aivlisoft Inform\u00e1tica ofrecemos soluciones tecnol\u00f3gicas para empresas: venta de ordenadores, consumibles, perif\u00e9ricos y m\u00e1s. Calidad, atenci\u00f3n personalizada y los mejores precios para tu negocio.\",\"publisher\":{\"@id\":\"https:\/\/aivlisoft.net\/shop\/#organization\"},\"potentialAction\":[{\"@type\":\"SearchAction\",\"target\":{\"@type\":\"EntryPoint\",\"urlTemplate\":\"https:\/\/aivlisoft.net\/shop\/?s={search_term_string}\"},\"query-input\":{\"@type\":\"PropertyValueSpecification\",\"valueRequired\":true,\"valueName\":\"search_term_string\"}}],\"inLanguage\":\"es\"},{\"@type\":\"Organization\",\"@id\":\"https:\/\/aivlisoft.net\/shop\/#organization\",\"name\":\"Aivlisoft Inform\u00e1tica\",\"url\":\"https:\/\/aivlisoft.net\/shop\/\",\"logo\":{\"@type\":\"ImageObject\",\"inLanguage\":\"es\",\"@id\":\"https:\/\/aivlisoft.net\/shop\/#\/schema\/logo\/image\/\",\"url\":\"https:\/\/aivlisoft.net\/shop\/wp-content\/uploads\/2024\/12\/removal.ai_5b848c54-0cdf-4140-95c5-c5536bb7573b-logodef.png\",\"contentUrl\":\"https:\/\/aivlisoft.net\/shop\/wp-content\/uploads\/2024\/12\/removal.ai_5b848c54-0cdf-4140-95c5-c5536bb7573b-logodef.png\",\"width\":484,\"height\":182,\"caption\":\"Aivlisoft Inform\u00e1tica\"},\"image\":{\"@id\":\"https:\/\/aivlisoft.net\/shop\/#\/schema\/logo\/image\/\"}}]}<\/script>\n<!-- \/ Yoast SEO plugin. -->","yoast_head_json":{"title":"Asus PA24AC Monitor 24.1\" WUXGA HDMI DP USBc - Aivlisoft Inform\u00e1tica","robots":{"index":"index","follow":"follow","max-snippet":"max-snippet:-1","max-image-preview":"max-image-preview:large","max-video-preview":"max-video-preview:-1"},"canonical":"https:\/\/aivlisoft.net\/shop\/producto\/asus-pa24ac-monitor-24-1-wuxga-hdmi-dp-usbc\/","og_locale":"es_ES","og_type":"article","og_title":"Asus PA24AC Monitor 24.1\" WUXGA HDMI DP USBc - Aivlisoft Inform\u00e1tica","og_description":"Marca Asus Modelo 90LM04B0-B01370 Pantalla &#8211; Tama&ntilde;o del panel: 24.1&#8243; &#8211; Pixels Per Inch (PPI): 94 &#8211; Relaci&oacute;n de aspecto: 16:10 &#8211; &Aacute;rea de visualizaci&oacute;n de la pantalla (H x V): 518.4 x 324 mm &#8211; Superficie de visualizaci&oacute;n: Non-Glare &#8211; Tipo de luz de fondo: LED &#8211; Tipo de panel: IPS &#8211; &Aacute;ngulo de&hellip;&nbsp;Asus PA24AC Monitor 24.1&#8243; WUXGA HDMI DP USBc","og_url":"https:\/\/aivlisoft.net\/shop\/producto\/asus-pa24ac-monitor-24-1-wuxga-hdmi-dp-usbc\/","og_site_name":"Aivlisoft Inform\u00e1tica","article_modified_time":"2025-01-14T10:48:14+00:00","og_image":[{"width":800,"height":800,"url":"https:\/\/aivlisoft.net\/shop\/wp-content\/uploads\/2025\/01\/FMOMLE0811_800.jpg","type":"image\/jpeg"}],"twitter_card":"summary_large_image","twitter_misc":{"Tiempo de lectura":"2 minutos"},"schema":{"@context":"https:\/\/schema.org","@graph":[{"@type":"WebPage","@id":"https:\/\/aivlisoft.net\/shop\/producto\/asus-pa24ac-monitor-24-1-wuxga-hdmi-dp-usbc\/","url":"https:\/\/aivlisoft.net\/shop\/producto\/asus-pa24ac-monitor-24-1-wuxga-hdmi-dp-usbc\/","name":"Asus PA24AC Monitor 24.1\" WUXGA HDMI DP USBc - Aivlisoft Inform\u00e1tica","isPartOf":{"@id":"https:\/\/aivlisoft.net\/shop\/#website"},"primaryImageOfPage":{"@id":"https:\/\/aivlisoft.net\/shop\/producto\/asus-pa24ac-monitor-24-1-wuxga-hdmi-dp-usbc\/#primaryimage"},"image":{"@id":"https:\/\/aivlisoft.net\/shop\/producto\/asus-pa24ac-monitor-24-1-wuxga-hdmi-dp-usbc\/#primaryimage"},"thumbnailUrl":"https:\/\/aivlisoft.net\/shop\/wp-content\/uploads\/2025\/01\/FMOMLE0811_800.jpg","datePublished":"2025-01-13T13:59:24+00:00","dateModified":"2025-01-14T10:48:14+00:00","breadcrumb":{"@id":"https:\/\/aivlisoft.net\/shop\/producto\/asus-pa24ac-monitor-24-1-wuxga-hdmi-dp-usbc\/#breadcrumb"},"inLanguage":"es","potentialAction":[{"@type":"ReadAction","target":["https:\/\/aivlisoft.net\/shop\/producto\/asus-pa24ac-monitor-24-1-wuxga-hdmi-dp-usbc\/"]}]},{"@type":"ImageObject","inLanguage":"es","@id":"https:\/\/aivlisoft.net\/shop\/producto\/asus-pa24ac-monitor-24-1-wuxga-hdmi-dp-usbc\/#primaryimage","url":"https:\/\/aivlisoft.net\/shop\/wp-content\/uploads\/2025\/01\/FMOMLE0811_800.jpg","contentUrl":"https:\/\/aivlisoft.net\/shop\/wp-content\/uploads\/2025\/01\/FMOMLE0811_800.jpg","width":800,"height":800},{"@type":"BreadcrumbList","@id":"https:\/\/aivlisoft.net\/shop\/producto\/asus-pa24ac-monitor-24-1-wuxga-hdmi-dp-usbc\/#breadcrumb","itemListElement":[{"@type":"ListItem","position":1,"name":"Portada","item":"https:\/\/aivlisoft.net\/shop\/"},{"@type":"ListItem","position":2,"name":"Tienda","item":"https:\/\/aivlisoft.net\/shop\/tienda\/"},{"@type":"ListItem","position":3,"name":"Asus PA24AC Monitor 24.1&#8243; WUXGA HDMI DP USBc"}]},{"@type":"WebSite","@id":"https:\/\/aivlisoft.net\/shop\/#website","url":"https:\/\/aivlisoft.net\/shop\/","name":"Aivlisoft Inform\u00e1tica","description":"En Aivlisoft Inform\u00e1tica ofrecemos soluciones tecnol\u00f3gicas para empresas: venta de ordenadores, consumibles, perif\u00e9ricos y m\u00e1s. Calidad, atenci\u00f3n personalizada y los mejores precios para tu negocio.","publisher":{"@id":"https:\/\/aivlisoft.net\/shop\/#organization"},"potentialAction":[{"@type":"SearchAction","target":{"@type":"EntryPoint","urlTemplate":"https:\/\/aivlisoft.net\/shop\/?s={search_term_string}"},"query-input":{"@type":"PropertyValueSpecification","valueRequired":true,"valueName":"search_term_string"}}],"inLanguage":"es"},{"@type":"Organization","@id":"https:\/\/aivlisoft.net\/shop\/#organization","name":"Aivlisoft Inform\u00e1tica","url":"https:\/\/aivlisoft.net\/shop\/","logo":{"@type":"ImageObject","inLanguage":"es","@id":"https:\/\/aivlisoft.net\/shop\/#\/schema\/logo\/image\/","url":"https:\/\/aivlisoft.net\/shop\/wp-content\/uploads\/2024\/12\/removal.ai_5b848c54-0cdf-4140-95c5-c5536bb7573b-logodef.png","contentUrl":"https:\/\/aivlisoft.net\/shop\/wp-content\/uploads\/2024\/12\/removal.ai_5b848c54-0cdf-4140-95c5-c5536bb7573b-logodef.png","width":484,"height":182,"caption":"Aivlisoft Inform\u00e1tica"},"image":{"@id":"https:\/\/aivlisoft.net\/shop\/#\/schema\/logo\/image\/"}}]}},"_links":{"self":[{"href":"https:\/\/aivlisoft.net\/shop\/wp-json\/wp\/v2\/product\/9722","targetHints":{"allow":["GET"]}}],"collection":[{"href":"https:\/\/aivlisoft.net\/shop\/wp-json\/wp\/v2\/product"}],"about":[{"href":"https:\/\/aivlisoft.net\/shop\/wp-json\/wp\/v2\/types\/product"}],"wp:featuredmedia":[{"embeddable":true,"href":"https:\/\/aivlisoft.net\/shop\/wp-json\/wp\/v2\/media\/9723"}],"wp:attachment":[{"href":"https:\/\/aivlisoft.net\/shop\/wp-json\/wp\/v2\/media?parent=9722"}],"wp:term":[{"taxonomy":"product_brand","embeddable":true,"href":"https:\/\/aivlisoft.net\/shop\/wp-json\/wp\/v2\/product_brand?post=9722"},{"taxonomy":"product_cat","embeddable":true,"href":"https:\/\/aivlisoft.net\/shop\/wp-json\/wp\/v2\/product_cat?post=9722"},{"taxonomy":"product_tag","embeddable":true,"href":"https:\/\/aivlisoft.net\/shop\/wp-json\/wp\/v2\/product_tag?post=9722"}],"curies":[{"name":"wp","href":"https:\/\/api.w.org\/{rel}","templated":true}]}}