{"id":9712,"date":"2025-01-13T13:59:20","date_gmt":"2025-01-13T13:59:20","guid":{"rendered":"https:\/\/aivlisoft.com\/?post_type=product&#038;p=9712"},"modified":"2025-01-14T10:48:12","modified_gmt":"2025-01-14T10:48:12","slug":"asus-vy249hge-monitor-23-8-ips-1ms-144hz-hdmi","status":"publish","type":"product","link":"https:\/\/aivlisoft.net\/shop\/producto\/asus-vy249hge-monitor-23-8-ips-1ms-144hz-hdmi\/","title":{"rendered":"Asus VY249HGE Monitor 23.8&#8243; IPS 1ms 144hz HDMI"},"content":{"rendered":"<p><\/p>\n<table class=\"tabla_caracteristicas k-table\" width=\"100%\">\n<tr>\n<td valign=\"top\"><strong>Marca<\/strong><\/td>\n<td>Asus<\/td>\n<\/tr>\n<tr>\n<td valign=\"top\"><strong>Modelo<\/strong><\/td>\n<td><strong>90LM06A5-B02370<\/strong><\/td>\n<\/tr>\n<tr>\n<td valign=\"top\"><strong>Pantalla<\/strong><\/td>\n<td>&#8211; Tama&ntilde;o de panel: <strong>23.8&#8243;<br \/>\t\t\t&#8211; <\/strong>Tipo de retroiluminaci&oacute;n: LED<br \/>\t\t\t&#8211; Resoluci&oacute;n: FULL HD (1920&#215;1080)<br \/>\t\t\t&#8211; Relaci&oacute;n de aspecto: 16:9<br \/>\t\t\t&#8211; Superficie: Antideslumbrante<br \/>\t\t\t&#8211; Tiempo de respuesta: 1ms (MPRT)<br \/>\t\t\t&#8211; Tasa de refresco: 144Hz<br \/>\t\t\t&#8211; &Aacute;ngulo de visi&oacute;n: 178&deg;<br \/>\t\t\t&#8211; Brillo: 250 cd\/m&sup2;<br \/>\t\t\t&#8211; Contraste: 1000:1<br \/>\t\t\t&#8211; Colores de pantalla : 16,7 M<br \/>\t\t\t&#8211; Pixel Pitch : 0.2745mm<br \/>\t\t\t&#8211; P&iacute;xeles por pulgada: 93 PPI<br \/>\t\t\t&#8211; Flicker-Free (anti-parpadeo)<br \/>\t\t\t&#8211; Inclinaci&oacute;n (+20&deg; ~ -5&deg;)<br \/>\t\t\t&#8211; Tecnolog&iacute;a Trace Free<br \/>\t\t\t&#8211; Tecnolog&iacute;a SPLENDID<br \/>\t\t\t&#8211; Color Temp. Selecci&oacute;n(4 modos)<br \/>\t\t\t&#8211; GamePlus<br \/>\t\t\t&#8211; QuickFit<br \/>\t\t\t&#8211; HDCP: 1.4<br \/>\t\t\t&#8211; Tecnolog&iacute;a VRR (Adaptive-Sync)<br \/>\t\t\t&#8211; Motion Sync<br \/>\t\t\t&#8211; Low Blue Light<br \/>\t\t\t&#8211; Tecnolog&iacute;a Eye Care+<\/td>\n<\/tr>\n<tr>\n<td valign=\"top\"><strong>Conexi&oacute;n<\/strong><\/td>\n<td>&#8211; 1 x HDMI 1.4<br \/>\t\t\t&#8211; 1 x Jack 3,5mm<\/td>\n<\/tr>\n<tr>\n<td valign=\"top\"><strong>Caracter&iacute;sticas<\/strong><\/td>\n<td>&#8211; VESA: 100 x 100<br \/>\t\t\t<strong>Dimensiones y peso<\/strong><br \/>\t\t\t&#8211; 541.22 x 395.13 x 184.75 mm<br \/>\t\t\t&#8211; 4 kg<\/td>\n<\/tr>\n<tr>\n<td valign=\"top\"><strong>Certificado energ&eacute;tico<\/strong><\/td>\n<td><a alt=\"Certificado energ&Atilde;&#402;&Acirc;&copy;tico\" href=\"https:\/\/www.infortisa.com\/images\/content\/2024020511250228844FMOMLE0808.webp\" target=\"_blank\">Ver certificado<\/a><\/td>\n<\/tr>\n<tr>\n<td valign=\"top\"><strong>Fecha de revisi&oacute;n<\/strong><\/td>\n<td>05-02-2024 por RTY<\/td>\n<\/tr>\n<\/table>\n","protected":false},"excerpt":{"rendered":"<p>Marca Asus Modelo 90LM06A5-B02370 Pantalla &#8211; Tama&ntilde;o de panel: 23.8&#8243; &#8211; Tipo de retroiluminaci&oacute;n: LED &#8211; Resoluci&oacute;n: FULL HD (1920&#215;1080) &#8211; Relaci&oacute;n de aspecto: 16:9 &#8211; Superficie: Antideslumbrante &#8211; Tiempo de respuesta: 1ms (MPRT) &#8211; Tasa de refresco: 144Hz &#8211; &Aacute;ngulo de visi&oacute;n: 178&deg; &#8211; Brillo: 250 cd\/m&sup2; &#8211; Contraste: 1000:1 &#8211; Colores de pantalla&hellip;&nbsp;<a href=\"https:\/\/aivlisoft.net\/shop\/producto\/asus-vy249hge-monitor-23-8-ips-1ms-144hz-hdmi\/\" rel=\"bookmark\"><span class=\"screen-reader-text\">Asus VY249HGE Monitor 23.8&#8243; IPS 1ms 144hz HDMI<\/span><\/a><\/p>\n","protected":false},"featured_media":9713,"template":"","meta":{"neve_meta_sidebar":"","neve_meta_container":"","neve_meta_enable_content_width":"","neve_meta_content_width":0,"neve_meta_title_alignment":"","neve_meta_author_avatar":"","neve_post_elements_order":"","neve_meta_disable_header":"","neve_meta_disable_footer":"","neve_meta_disable_title":""},"product_brand":[],"product_cat":[8720],"product_tag":[3819],"class_list":{"0":"post-9712","1":"product","2":"type-product","3":"status-publish","4":"has-post-thumbnail","6":"product_cat-monitores-led","7":"product_tag-90lm06a5-b02370","9":"first","10":"instock","11":"taxable","12":"shipping-taxable","13":"purchasable","14":"product-type-simple"},"yoast_head":"<!-- This site is optimized with the Yoast SEO plugin v26.0 - https:\/\/yoast.com\/wordpress\/plugins\/seo\/ -->\n<title>Asus VY249HGE Monitor 23.8&quot; IPS 1ms 144hz HDMI - Aivlisoft Inform\u00e1tica<\/title>\n<meta name=\"robots\" content=\"index, follow, max-snippet:-1, max-image-preview:large, max-video-preview:-1\" \/>\n<link rel=\"canonical\" href=\"https:\/\/aivlisoft.net\/shop\/producto\/asus-vy249hge-monitor-23-8-ips-1ms-144hz-hdmi\/\" \/>\n<meta property=\"og:locale\" content=\"es_ES\" \/>\n<meta property=\"og:type\" content=\"article\" \/>\n<meta property=\"og:title\" content=\"Asus VY249HGE Monitor 23.8&quot; IPS 1ms 144hz HDMI - Aivlisoft Inform\u00e1tica\" \/>\n<meta property=\"og:description\" content=\"Marca Asus Modelo 90LM06A5-B02370 Pantalla &#8211; Tama&ntilde;o de panel: 23.8&#8243; &#8211; Tipo de retroiluminaci&oacute;n: LED &#8211; Resoluci&oacute;n: FULL HD (1920&#215;1080) &#8211; Relaci&oacute;n de aspecto: 16:9 &#8211; Superficie: Antideslumbrante &#8211; Tiempo de respuesta: 1ms (MPRT) &#8211; Tasa de refresco: 144Hz &#8211; &Aacute;ngulo de visi&oacute;n: 178&deg; &#8211; Brillo: 250 cd\/m&sup2; &#8211; Contraste: 1000:1 &#8211; Colores de pantalla&hellip;&nbsp;Asus VY249HGE Monitor 23.8&#8243; IPS 1ms 144hz HDMI\" \/>\n<meta property=\"og:url\" content=\"https:\/\/aivlisoft.net\/shop\/producto\/asus-vy249hge-monitor-23-8-ips-1ms-144hz-hdmi\/\" \/>\n<meta property=\"og:site_name\" content=\"Aivlisoft Inform\u00e1tica\" \/>\n<meta property=\"article:modified_time\" content=\"2025-01-14T10:48:12+00:00\" \/>\n<meta property=\"og:image\" content=\"https:\/\/aivlisoft.net\/shop\/wp-content\/uploads\/2025\/01\/FMOMLE0808_800.jpg\" \/>\n\t<meta property=\"og:image:width\" content=\"800\" \/>\n\t<meta property=\"og:image:height\" content=\"800\" \/>\n\t<meta property=\"og:image:type\" content=\"image\/jpeg\" \/>\n<meta name=\"twitter:card\" content=\"summary_large_image\" \/>\n<meta name=\"twitter:label1\" content=\"Tiempo de lectura\" \/>\n\t<meta name=\"twitter:data1\" content=\"1 minuto\" \/>\n<script type=\"application\/ld+json\" class=\"yoast-schema-graph\">{\"@context\":\"https:\/\/schema.org\",\"@graph\":[{\"@type\":\"WebPage\",\"@id\":\"https:\/\/aivlisoft.net\/shop\/producto\/asus-vy249hge-monitor-23-8-ips-1ms-144hz-hdmi\/\",\"url\":\"https:\/\/aivlisoft.net\/shop\/producto\/asus-vy249hge-monitor-23-8-ips-1ms-144hz-hdmi\/\",\"name\":\"Asus VY249HGE Monitor 23.8\\\" IPS 1ms 144hz HDMI - Aivlisoft Inform\u00e1tica\",\"isPartOf\":{\"@id\":\"https:\/\/aivlisoft.net\/shop\/#website\"},\"primaryImageOfPage\":{\"@id\":\"https:\/\/aivlisoft.net\/shop\/producto\/asus-vy249hge-monitor-23-8-ips-1ms-144hz-hdmi\/#primaryimage\"},\"image\":{\"@id\":\"https:\/\/aivlisoft.net\/shop\/producto\/asus-vy249hge-monitor-23-8-ips-1ms-144hz-hdmi\/#primaryimage\"},\"thumbnailUrl\":\"https:\/\/aivlisoft.net\/shop\/wp-content\/uploads\/2025\/01\/FMOMLE0808_800.jpg\",\"datePublished\":\"2025-01-13T13:59:20+00:00\",\"dateModified\":\"2025-01-14T10:48:12+00:00\",\"breadcrumb\":{\"@id\":\"https:\/\/aivlisoft.net\/shop\/producto\/asus-vy249hge-monitor-23-8-ips-1ms-144hz-hdmi\/#breadcrumb\"},\"inLanguage\":\"es\",\"potentialAction\":[{\"@type\":\"ReadAction\",\"target\":[\"https:\/\/aivlisoft.net\/shop\/producto\/asus-vy249hge-monitor-23-8-ips-1ms-144hz-hdmi\/\"]}]},{\"@type\":\"ImageObject\",\"inLanguage\":\"es\",\"@id\":\"https:\/\/aivlisoft.net\/shop\/producto\/asus-vy249hge-monitor-23-8-ips-1ms-144hz-hdmi\/#primaryimage\",\"url\":\"https:\/\/aivlisoft.net\/shop\/wp-content\/uploads\/2025\/01\/FMOMLE0808_800.jpg\",\"contentUrl\":\"https:\/\/aivlisoft.net\/shop\/wp-content\/uploads\/2025\/01\/FMOMLE0808_800.jpg\",\"width\":800,\"height\":800},{\"@type\":\"BreadcrumbList\",\"@id\":\"https:\/\/aivlisoft.net\/shop\/producto\/asus-vy249hge-monitor-23-8-ips-1ms-144hz-hdmi\/#breadcrumb\",\"itemListElement\":[{\"@type\":\"ListItem\",\"position\":1,\"name\":\"Portada\",\"item\":\"https:\/\/aivlisoft.net\/shop\/\"},{\"@type\":\"ListItem\",\"position\":2,\"name\":\"Tienda\",\"item\":\"https:\/\/aivlisoft.net\/shop\/tienda\/\"},{\"@type\":\"ListItem\",\"position\":3,\"name\":\"Asus VY249HGE Monitor 23.8&#8243; IPS 1ms 144hz HDMI\"}]},{\"@type\":\"WebSite\",\"@id\":\"https:\/\/aivlisoft.net\/shop\/#website\",\"url\":\"https:\/\/aivlisoft.net\/shop\/\",\"name\":\"Aivlisoft Inform\u00e1tica\",\"description\":\"En Aivlisoft Inform\u00e1tica ofrecemos soluciones tecnol\u00f3gicas para empresas: venta de ordenadores, consumibles, perif\u00e9ricos y m\u00e1s. Calidad, atenci\u00f3n personalizada y los mejores precios para tu negocio.\",\"publisher\":{\"@id\":\"https:\/\/aivlisoft.net\/shop\/#organization\"},\"potentialAction\":[{\"@type\":\"SearchAction\",\"target\":{\"@type\":\"EntryPoint\",\"urlTemplate\":\"https:\/\/aivlisoft.net\/shop\/?s={search_term_string}\"},\"query-input\":{\"@type\":\"PropertyValueSpecification\",\"valueRequired\":true,\"valueName\":\"search_term_string\"}}],\"inLanguage\":\"es\"},{\"@type\":\"Organization\",\"@id\":\"https:\/\/aivlisoft.net\/shop\/#organization\",\"name\":\"Aivlisoft Inform\u00e1tica\",\"url\":\"https:\/\/aivlisoft.net\/shop\/\",\"logo\":{\"@type\":\"ImageObject\",\"inLanguage\":\"es\",\"@id\":\"https:\/\/aivlisoft.net\/shop\/#\/schema\/logo\/image\/\",\"url\":\"https:\/\/aivlisoft.net\/shop\/wp-content\/uploads\/2024\/12\/removal.ai_5b848c54-0cdf-4140-95c5-c5536bb7573b-logodef.png\",\"contentUrl\":\"https:\/\/aivlisoft.net\/shop\/wp-content\/uploads\/2024\/12\/removal.ai_5b848c54-0cdf-4140-95c5-c5536bb7573b-logodef.png\",\"width\":484,\"height\":182,\"caption\":\"Aivlisoft Inform\u00e1tica\"},\"image\":{\"@id\":\"https:\/\/aivlisoft.net\/shop\/#\/schema\/logo\/image\/\"}}]}<\/script>\n<!-- \/ Yoast SEO plugin. -->","yoast_head_json":{"title":"Asus VY249HGE Monitor 23.8\" IPS 1ms 144hz HDMI - Aivlisoft Inform\u00e1tica","robots":{"index":"index","follow":"follow","max-snippet":"max-snippet:-1","max-image-preview":"max-image-preview:large","max-video-preview":"max-video-preview:-1"},"canonical":"https:\/\/aivlisoft.net\/shop\/producto\/asus-vy249hge-monitor-23-8-ips-1ms-144hz-hdmi\/","og_locale":"es_ES","og_type":"article","og_title":"Asus VY249HGE Monitor 23.8\" IPS 1ms 144hz HDMI - Aivlisoft Inform\u00e1tica","og_description":"Marca Asus Modelo 90LM06A5-B02370 Pantalla &#8211; Tama&ntilde;o de panel: 23.8&#8243; &#8211; Tipo de retroiluminaci&oacute;n: LED &#8211; Resoluci&oacute;n: FULL HD (1920&#215;1080) &#8211; Relaci&oacute;n de aspecto: 16:9 &#8211; Superficie: Antideslumbrante &#8211; Tiempo de respuesta: 1ms (MPRT) &#8211; Tasa de refresco: 144Hz &#8211; &Aacute;ngulo de visi&oacute;n: 178&deg; &#8211; Brillo: 250 cd\/m&sup2; &#8211; Contraste: 1000:1 &#8211; Colores de pantalla&hellip;&nbsp;Asus VY249HGE Monitor 23.8&#8243; IPS 1ms 144hz HDMI","og_url":"https:\/\/aivlisoft.net\/shop\/producto\/asus-vy249hge-monitor-23-8-ips-1ms-144hz-hdmi\/","og_site_name":"Aivlisoft Inform\u00e1tica","article_modified_time":"2025-01-14T10:48:12+00:00","og_image":[{"width":800,"height":800,"url":"https:\/\/aivlisoft.net\/shop\/wp-content\/uploads\/2025\/01\/FMOMLE0808_800.jpg","type":"image\/jpeg"}],"twitter_card":"summary_large_image","twitter_misc":{"Tiempo de lectura":"1 minuto"},"schema":{"@context":"https:\/\/schema.org","@graph":[{"@type":"WebPage","@id":"https:\/\/aivlisoft.net\/shop\/producto\/asus-vy249hge-monitor-23-8-ips-1ms-144hz-hdmi\/","url":"https:\/\/aivlisoft.net\/shop\/producto\/asus-vy249hge-monitor-23-8-ips-1ms-144hz-hdmi\/","name":"Asus VY249HGE Monitor 23.8\" IPS 1ms 144hz HDMI - Aivlisoft Inform\u00e1tica","isPartOf":{"@id":"https:\/\/aivlisoft.net\/shop\/#website"},"primaryImageOfPage":{"@id":"https:\/\/aivlisoft.net\/shop\/producto\/asus-vy249hge-monitor-23-8-ips-1ms-144hz-hdmi\/#primaryimage"},"image":{"@id":"https:\/\/aivlisoft.net\/shop\/producto\/asus-vy249hge-monitor-23-8-ips-1ms-144hz-hdmi\/#primaryimage"},"thumbnailUrl":"https:\/\/aivlisoft.net\/shop\/wp-content\/uploads\/2025\/01\/FMOMLE0808_800.jpg","datePublished":"2025-01-13T13:59:20+00:00","dateModified":"2025-01-14T10:48:12+00:00","breadcrumb":{"@id":"https:\/\/aivlisoft.net\/shop\/producto\/asus-vy249hge-monitor-23-8-ips-1ms-144hz-hdmi\/#breadcrumb"},"inLanguage":"es","potentialAction":[{"@type":"ReadAction","target":["https:\/\/aivlisoft.net\/shop\/producto\/asus-vy249hge-monitor-23-8-ips-1ms-144hz-hdmi\/"]}]},{"@type":"ImageObject","inLanguage":"es","@id":"https:\/\/aivlisoft.net\/shop\/producto\/asus-vy249hge-monitor-23-8-ips-1ms-144hz-hdmi\/#primaryimage","url":"https:\/\/aivlisoft.net\/shop\/wp-content\/uploads\/2025\/01\/FMOMLE0808_800.jpg","contentUrl":"https:\/\/aivlisoft.net\/shop\/wp-content\/uploads\/2025\/01\/FMOMLE0808_800.jpg","width":800,"height":800},{"@type":"BreadcrumbList","@id":"https:\/\/aivlisoft.net\/shop\/producto\/asus-vy249hge-monitor-23-8-ips-1ms-144hz-hdmi\/#breadcrumb","itemListElement":[{"@type":"ListItem","position":1,"name":"Portada","item":"https:\/\/aivlisoft.net\/shop\/"},{"@type":"ListItem","position":2,"name":"Tienda","item":"https:\/\/aivlisoft.net\/shop\/tienda\/"},{"@type":"ListItem","position":3,"name":"Asus VY249HGE Monitor 23.8&#8243; IPS 1ms 144hz HDMI"}]},{"@type":"WebSite","@id":"https:\/\/aivlisoft.net\/shop\/#website","url":"https:\/\/aivlisoft.net\/shop\/","name":"Aivlisoft Inform\u00e1tica","description":"En Aivlisoft Inform\u00e1tica ofrecemos soluciones tecnol\u00f3gicas para empresas: venta de ordenadores, consumibles, perif\u00e9ricos y m\u00e1s. Calidad, atenci\u00f3n personalizada y los mejores precios para tu negocio.","publisher":{"@id":"https:\/\/aivlisoft.net\/shop\/#organization"},"potentialAction":[{"@type":"SearchAction","target":{"@type":"EntryPoint","urlTemplate":"https:\/\/aivlisoft.net\/shop\/?s={search_term_string}"},"query-input":{"@type":"PropertyValueSpecification","valueRequired":true,"valueName":"search_term_string"}}],"inLanguage":"es"},{"@type":"Organization","@id":"https:\/\/aivlisoft.net\/shop\/#organization","name":"Aivlisoft Inform\u00e1tica","url":"https:\/\/aivlisoft.net\/shop\/","logo":{"@type":"ImageObject","inLanguage":"es","@id":"https:\/\/aivlisoft.net\/shop\/#\/schema\/logo\/image\/","url":"https:\/\/aivlisoft.net\/shop\/wp-content\/uploads\/2024\/12\/removal.ai_5b848c54-0cdf-4140-95c5-c5536bb7573b-logodef.png","contentUrl":"https:\/\/aivlisoft.net\/shop\/wp-content\/uploads\/2024\/12\/removal.ai_5b848c54-0cdf-4140-95c5-c5536bb7573b-logodef.png","width":484,"height":182,"caption":"Aivlisoft Inform\u00e1tica"},"image":{"@id":"https:\/\/aivlisoft.net\/shop\/#\/schema\/logo\/image\/"}}]}},"_links":{"self":[{"href":"https:\/\/aivlisoft.net\/shop\/wp-json\/wp\/v2\/product\/9712","targetHints":{"allow":["GET"]}}],"collection":[{"href":"https:\/\/aivlisoft.net\/shop\/wp-json\/wp\/v2\/product"}],"about":[{"href":"https:\/\/aivlisoft.net\/shop\/wp-json\/wp\/v2\/types\/product"}],"wp:featuredmedia":[{"embeddable":true,"href":"https:\/\/aivlisoft.net\/shop\/wp-json\/wp\/v2\/media\/9713"}],"wp:attachment":[{"href":"https:\/\/aivlisoft.net\/shop\/wp-json\/wp\/v2\/media?parent=9712"}],"wp:term":[{"taxonomy":"product_brand","embeddable":true,"href":"https:\/\/aivlisoft.net\/shop\/wp-json\/wp\/v2\/product_brand?post=9712"},{"taxonomy":"product_cat","embeddable":true,"href":"https:\/\/aivlisoft.net\/shop\/wp-json\/wp\/v2\/product_cat?post=9712"},{"taxonomy":"product_tag","embeddable":true,"href":"https:\/\/aivlisoft.net\/shop\/wp-json\/wp\/v2\/product_tag?post=9712"}],"curies":[{"name":"wp","href":"https:\/\/api.w.org\/{rel}","templated":true}]}}