{"id":9711,"date":"2025-01-13T13:59:16","date_gmt":"2025-01-13T13:59:16","guid":{"rendered":"https:\/\/aivlisoft.com\/?post_type=product&#038;p=9711"},"modified":"2025-01-14T10:48:08","modified_gmt":"2025-01-14T10:48:08","slug":"asus-va24dcp-monitor-23-8-ips-hdmi-usbc-mm","status":"publish","type":"product","link":"https:\/\/aivlisoft.net\/shop\/producto\/asus-va24dcp-monitor-23-8-ips-hdmi-usbc-mm\/","title":{"rendered":"Asus VA24DCP Monitor 23.8&#8243; IPS HDMI USBc MM"},"content":{"rendered":"<p><\/p>\n<table class=\"tabla_caracteristicas k-table\" width=\"100%\">\n<tr>\n<td valign=\"top\"><strong>Marca<\/strong><\/td>\n<td>Asus<\/td>\n<\/tr>\n<tr>\n<td valign=\"top\"><strong>Modelo<\/strong><\/td>\n<td><strong>90LM0545-B04370<\/strong><\/td>\n<\/tr>\n<tr>\n<td valign=\"top\"><strong>Pantalla<\/strong><\/td>\n<td>&#8211; Tama&ntilde;o de panel: <strong>23.8&#8243;<\/strong><br \/>\t\t\t&#8211; Resoluci&oacute;n: FULL HD (1920&#215;1080)<br \/>\t\t\t&#8211; Relaci&oacute;n de aspecto: 16:9<br \/>\t\t\t&#8211; Tipo panel: IPS<br \/>\t\t\t&#8211; Superficie de la pantalla: Antideslumbrante<br \/>\t\t\t&#8211; Pixel Pitch: 0,2745mm<br \/>\t\t\t&#8211; Brillo: 250 cd\/m&sup2;<br \/>\t\t\t&#8211; Contraste: 1000:1<br \/>\t\t\t&#8211; Tiempo de respuesta: 5 ms<br \/>\t\t\t&#8211; Tasa de refresco (m&aacute;x.): 75 Hz<br \/>\t\t\t&#8211; &Aacute;ngulo de visi&oacute;n: 178&ordm;<br \/>\t\t\t&#8211; GamePlus<br \/>\t\t\t&#8211; Tecnolog&iacute;a SPLENDID<br \/>\t\t\t&#8211; Eye Care + Technology<br \/>\t\t\t&#8211; Low Blue Light<\/td>\n<\/tr>\n<tr>\n<td valign=\"top\"><strong>Conexi&oacute;n<\/strong><\/td>\n<td>&#8211; 1 x USB C<br \/>\t\t\t&#8211; 1 x HDMI 1.4<br \/>\t\t\t&#8211; 1 x Jack 3,5mm<\/td>\n<\/tr>\n<tr>\n<td valign=\"top\"><strong>Caracter&iacute;sticas<\/strong><\/td>\n<td>&#8211; VESA: 100 x 100<br \/>\t\t\t&#8211; Altavoz: S&iacute; (2x 2W)<br \/>\t\t\t<strong>Dimensiones y peso<\/strong><br \/>\t\t\t&#8211; 539,7 x 390,41 x 205,01 mm<br \/>\t\t\t&#8211; 4 k<strong>g<\/strong><\/td>\n<\/tr>\n<tr>\n<td valign=\"top\"><strong>Certificado energ&eacute;tico<\/strong><\/td>\n<td><a alt=\"Certificado energ&Atilde;&#402;&Acirc;&copy;tico\" href=\"https:\/\/www.infortisa.com\/images\/content\/2024020510570128844FMOMLE0807.webp\" target=\"_blank\">Ver certificado<\/a><\/td>\n<\/tr>\n<tr>\n<td valign=\"top\"><strong>Fecha de revisi&oacute;n<\/strong><\/td>\n<td>05-02-2024 por RTY<\/td>\n<\/tr>\n<\/table>\n","protected":false},"excerpt":{"rendered":"<p>Marca Asus Modelo 90LM0545-B04370 Pantalla &#8211; Tama&ntilde;o de panel: 23.8&#8243; &#8211; Resoluci&oacute;n: FULL HD (1920&#215;1080) &#8211; Relaci&oacute;n de aspecto: 16:9 &#8211; Tipo panel: IPS &#8211; Superficie de la pantalla: Antideslumbrante &#8211; Pixel Pitch: 0,2745mm &#8211; Brillo: 250 cd\/m&sup2; &#8211; Contraste: 1000:1 &#8211; Tiempo de respuesta: 5 ms &#8211; Tasa de refresco (m&aacute;x.): 75 Hz &#8211;&hellip;&nbsp;<a href=\"https:\/\/aivlisoft.net\/shop\/producto\/asus-va24dcp-monitor-23-8-ips-hdmi-usbc-mm\/\" rel=\"bookmark\"><span class=\"screen-reader-text\">Asus VA24DCP Monitor 23.8&#8243; IPS HDMI USBc MM<\/span><\/a><\/p>\n","protected":false},"featured_media":0,"template":"","meta":{"neve_meta_sidebar":"","neve_meta_container":"","neve_meta_enable_content_width":"","neve_meta_content_width":0,"neve_meta_title_alignment":"","neve_meta_author_avatar":"","neve_post_elements_order":"","neve_meta_disable_header":"","neve_meta_disable_footer":"","neve_meta_disable_title":""},"product_brand":[],"product_cat":[8720],"product_tag":[3818],"class_list":{"0":"post-9711","1":"product","2":"type-product","3":"status-publish","5":"product_cat-monitores-led","6":"product_tag-90lm0545-b04370","8":"first","9":"instock","10":"taxable","11":"shipping-taxable","12":"purchasable","13":"product-type-simple"},"yoast_head":"<!-- This site is optimized with the Yoast SEO plugin v26.0 - https:\/\/yoast.com\/wordpress\/plugins\/seo\/ -->\n<title>Asus VA24DCP Monitor 23.8&quot; IPS HDMI USBc MM - Aivlisoft Inform\u00e1tica<\/title>\n<meta name=\"robots\" content=\"index, follow, max-snippet:-1, max-image-preview:large, max-video-preview:-1\" \/>\n<link rel=\"canonical\" href=\"https:\/\/aivlisoft.net\/shop\/producto\/asus-va24dcp-monitor-23-8-ips-hdmi-usbc-mm\/\" \/>\n<meta property=\"og:locale\" content=\"es_ES\" \/>\n<meta property=\"og:type\" content=\"article\" \/>\n<meta property=\"og:title\" content=\"Asus VA24DCP Monitor 23.8&quot; IPS HDMI USBc MM - Aivlisoft Inform\u00e1tica\" \/>\n<meta property=\"og:description\" content=\"Marca Asus Modelo 90LM0545-B04370 Pantalla &#8211; Tama&ntilde;o de panel: 23.8&#8243; &#8211; Resoluci&oacute;n: FULL HD (1920&#215;1080) &#8211; Relaci&oacute;n de aspecto: 16:9 &#8211; Tipo panel: IPS &#8211; Superficie de la pantalla: Antideslumbrante &#8211; Pixel Pitch: 0,2745mm &#8211; Brillo: 250 cd\/m&sup2; &#8211; Contraste: 1000:1 &#8211; Tiempo de respuesta: 5 ms &#8211; Tasa de refresco (m&aacute;x.): 75 Hz &#8211;&hellip;&nbsp;Asus VA24DCP Monitor 23.8&#8243; IPS HDMI USBc MM\" \/>\n<meta property=\"og:url\" content=\"https:\/\/aivlisoft.net\/shop\/producto\/asus-va24dcp-monitor-23-8-ips-hdmi-usbc-mm\/\" \/>\n<meta property=\"og:site_name\" content=\"Aivlisoft Inform\u00e1tica\" \/>\n<meta property=\"article:modified_time\" content=\"2025-01-14T10:48:08+00:00\" \/>\n<meta name=\"twitter:card\" content=\"summary_large_image\" \/>\n<meta name=\"twitter:label1\" content=\"Tiempo de lectura\" \/>\n\t<meta name=\"twitter:data1\" content=\"1 minuto\" \/>\n<script type=\"application\/ld+json\" class=\"yoast-schema-graph\">{\"@context\":\"https:\/\/schema.org\",\"@graph\":[{\"@type\":\"WebPage\",\"@id\":\"https:\/\/aivlisoft.net\/shop\/producto\/asus-va24dcp-monitor-23-8-ips-hdmi-usbc-mm\/\",\"url\":\"https:\/\/aivlisoft.net\/shop\/producto\/asus-va24dcp-monitor-23-8-ips-hdmi-usbc-mm\/\",\"name\":\"Asus VA24DCP Monitor 23.8\\\" IPS HDMI USBc MM - Aivlisoft Inform\u00e1tica\",\"isPartOf\":{\"@id\":\"https:\/\/aivlisoft.net\/shop\/#website\"},\"datePublished\":\"2025-01-13T13:59:16+00:00\",\"dateModified\":\"2025-01-14T10:48:08+00:00\",\"breadcrumb\":{\"@id\":\"https:\/\/aivlisoft.net\/shop\/producto\/asus-va24dcp-monitor-23-8-ips-hdmi-usbc-mm\/#breadcrumb\"},\"inLanguage\":\"es\",\"potentialAction\":[{\"@type\":\"ReadAction\",\"target\":[\"https:\/\/aivlisoft.net\/shop\/producto\/asus-va24dcp-monitor-23-8-ips-hdmi-usbc-mm\/\"]}]},{\"@type\":\"BreadcrumbList\",\"@id\":\"https:\/\/aivlisoft.net\/shop\/producto\/asus-va24dcp-monitor-23-8-ips-hdmi-usbc-mm\/#breadcrumb\",\"itemListElement\":[{\"@type\":\"ListItem\",\"position\":1,\"name\":\"Portada\",\"item\":\"https:\/\/aivlisoft.net\/shop\/\"},{\"@type\":\"ListItem\",\"position\":2,\"name\":\"Tienda\",\"item\":\"https:\/\/aivlisoft.net\/shop\/tienda\/\"},{\"@type\":\"ListItem\",\"position\":3,\"name\":\"Asus VA24DCP Monitor 23.8&#8243; IPS HDMI USBc MM\"}]},{\"@type\":\"WebSite\",\"@id\":\"https:\/\/aivlisoft.net\/shop\/#website\",\"url\":\"https:\/\/aivlisoft.net\/shop\/\",\"name\":\"Aivlisoft Inform\u00e1tica\",\"description\":\"En Aivlisoft Inform\u00e1tica ofrecemos soluciones tecnol\u00f3gicas para empresas: venta de ordenadores, consumibles, perif\u00e9ricos y m\u00e1s. Calidad, atenci\u00f3n personalizada y los mejores precios para tu negocio.\",\"publisher\":{\"@id\":\"https:\/\/aivlisoft.net\/shop\/#organization\"},\"potentialAction\":[{\"@type\":\"SearchAction\",\"target\":{\"@type\":\"EntryPoint\",\"urlTemplate\":\"https:\/\/aivlisoft.net\/shop\/?s={search_term_string}\"},\"query-input\":{\"@type\":\"PropertyValueSpecification\",\"valueRequired\":true,\"valueName\":\"search_term_string\"}}],\"inLanguage\":\"es\"},{\"@type\":\"Organization\",\"@id\":\"https:\/\/aivlisoft.net\/shop\/#organization\",\"name\":\"Aivlisoft Inform\u00e1tica\",\"url\":\"https:\/\/aivlisoft.net\/shop\/\",\"logo\":{\"@type\":\"ImageObject\",\"inLanguage\":\"es\",\"@id\":\"https:\/\/aivlisoft.net\/shop\/#\/schema\/logo\/image\/\",\"url\":\"https:\/\/aivlisoft.net\/shop\/wp-content\/uploads\/2024\/12\/removal.ai_5b848c54-0cdf-4140-95c5-c5536bb7573b-logodef.png\",\"contentUrl\":\"https:\/\/aivlisoft.net\/shop\/wp-content\/uploads\/2024\/12\/removal.ai_5b848c54-0cdf-4140-95c5-c5536bb7573b-logodef.png\",\"width\":484,\"height\":182,\"caption\":\"Aivlisoft Inform\u00e1tica\"},\"image\":{\"@id\":\"https:\/\/aivlisoft.net\/shop\/#\/schema\/logo\/image\/\"}}]}<\/script>\n<!-- \/ Yoast SEO plugin. -->","yoast_head_json":{"title":"Asus VA24DCP Monitor 23.8\" IPS HDMI USBc MM - Aivlisoft Inform\u00e1tica","robots":{"index":"index","follow":"follow","max-snippet":"max-snippet:-1","max-image-preview":"max-image-preview:large","max-video-preview":"max-video-preview:-1"},"canonical":"https:\/\/aivlisoft.net\/shop\/producto\/asus-va24dcp-monitor-23-8-ips-hdmi-usbc-mm\/","og_locale":"es_ES","og_type":"article","og_title":"Asus VA24DCP Monitor 23.8\" IPS HDMI USBc MM - Aivlisoft Inform\u00e1tica","og_description":"Marca Asus Modelo 90LM0545-B04370 Pantalla &#8211; Tama&ntilde;o de panel: 23.8&#8243; &#8211; Resoluci&oacute;n: FULL HD (1920&#215;1080) &#8211; Relaci&oacute;n de aspecto: 16:9 &#8211; Tipo panel: IPS &#8211; Superficie de la pantalla: Antideslumbrante &#8211; Pixel Pitch: 0,2745mm &#8211; Brillo: 250 cd\/m&sup2; &#8211; Contraste: 1000:1 &#8211; Tiempo de respuesta: 5 ms &#8211; Tasa de refresco (m&aacute;x.): 75 Hz &#8211;&hellip;&nbsp;Asus VA24DCP Monitor 23.8&#8243; IPS HDMI USBc MM","og_url":"https:\/\/aivlisoft.net\/shop\/producto\/asus-va24dcp-monitor-23-8-ips-hdmi-usbc-mm\/","og_site_name":"Aivlisoft Inform\u00e1tica","article_modified_time":"2025-01-14T10:48:08+00:00","twitter_card":"summary_large_image","twitter_misc":{"Tiempo de lectura":"1 minuto"},"schema":{"@context":"https:\/\/schema.org","@graph":[{"@type":"WebPage","@id":"https:\/\/aivlisoft.net\/shop\/producto\/asus-va24dcp-monitor-23-8-ips-hdmi-usbc-mm\/","url":"https:\/\/aivlisoft.net\/shop\/producto\/asus-va24dcp-monitor-23-8-ips-hdmi-usbc-mm\/","name":"Asus VA24DCP Monitor 23.8\" IPS HDMI USBc MM - Aivlisoft Inform\u00e1tica","isPartOf":{"@id":"https:\/\/aivlisoft.net\/shop\/#website"},"datePublished":"2025-01-13T13:59:16+00:00","dateModified":"2025-01-14T10:48:08+00:00","breadcrumb":{"@id":"https:\/\/aivlisoft.net\/shop\/producto\/asus-va24dcp-monitor-23-8-ips-hdmi-usbc-mm\/#breadcrumb"},"inLanguage":"es","potentialAction":[{"@type":"ReadAction","target":["https:\/\/aivlisoft.net\/shop\/producto\/asus-va24dcp-monitor-23-8-ips-hdmi-usbc-mm\/"]}]},{"@type":"BreadcrumbList","@id":"https:\/\/aivlisoft.net\/shop\/producto\/asus-va24dcp-monitor-23-8-ips-hdmi-usbc-mm\/#breadcrumb","itemListElement":[{"@type":"ListItem","position":1,"name":"Portada","item":"https:\/\/aivlisoft.net\/shop\/"},{"@type":"ListItem","position":2,"name":"Tienda","item":"https:\/\/aivlisoft.net\/shop\/tienda\/"},{"@type":"ListItem","position":3,"name":"Asus VA24DCP Monitor 23.8&#8243; IPS HDMI USBc MM"}]},{"@type":"WebSite","@id":"https:\/\/aivlisoft.net\/shop\/#website","url":"https:\/\/aivlisoft.net\/shop\/","name":"Aivlisoft Inform\u00e1tica","description":"En Aivlisoft Inform\u00e1tica ofrecemos soluciones tecnol\u00f3gicas para empresas: venta de ordenadores, consumibles, perif\u00e9ricos y m\u00e1s. Calidad, atenci\u00f3n personalizada y los mejores precios para tu negocio.","publisher":{"@id":"https:\/\/aivlisoft.net\/shop\/#organization"},"potentialAction":[{"@type":"SearchAction","target":{"@type":"EntryPoint","urlTemplate":"https:\/\/aivlisoft.net\/shop\/?s={search_term_string}"},"query-input":{"@type":"PropertyValueSpecification","valueRequired":true,"valueName":"search_term_string"}}],"inLanguage":"es"},{"@type":"Organization","@id":"https:\/\/aivlisoft.net\/shop\/#organization","name":"Aivlisoft Inform\u00e1tica","url":"https:\/\/aivlisoft.net\/shop\/","logo":{"@type":"ImageObject","inLanguage":"es","@id":"https:\/\/aivlisoft.net\/shop\/#\/schema\/logo\/image\/","url":"https:\/\/aivlisoft.net\/shop\/wp-content\/uploads\/2024\/12\/removal.ai_5b848c54-0cdf-4140-95c5-c5536bb7573b-logodef.png","contentUrl":"https:\/\/aivlisoft.net\/shop\/wp-content\/uploads\/2024\/12\/removal.ai_5b848c54-0cdf-4140-95c5-c5536bb7573b-logodef.png","width":484,"height":182,"caption":"Aivlisoft Inform\u00e1tica"},"image":{"@id":"https:\/\/aivlisoft.net\/shop\/#\/schema\/logo\/image\/"}}]}},"_links":{"self":[{"href":"https:\/\/aivlisoft.net\/shop\/wp-json\/wp\/v2\/product\/9711","targetHints":{"allow":["GET"]}}],"collection":[{"href":"https:\/\/aivlisoft.net\/shop\/wp-json\/wp\/v2\/product"}],"about":[{"href":"https:\/\/aivlisoft.net\/shop\/wp-json\/wp\/v2\/types\/product"}],"wp:attachment":[{"href":"https:\/\/aivlisoft.net\/shop\/wp-json\/wp\/v2\/media?parent=9711"}],"wp:term":[{"taxonomy":"product_brand","embeddable":true,"href":"https:\/\/aivlisoft.net\/shop\/wp-json\/wp\/v2\/product_brand?post=9711"},{"taxonomy":"product_cat","embeddable":true,"href":"https:\/\/aivlisoft.net\/shop\/wp-json\/wp\/v2\/product_cat?post=9711"},{"taxonomy":"product_tag","embeddable":true,"href":"https:\/\/aivlisoft.net\/shop\/wp-json\/wp\/v2\/product_tag?post=9711"}],"curies":[{"name":"wp","href":"https:\/\/api.w.org\/{rel}","templated":true}]}}