{"id":9706,"date":"2025-01-13T13:59:10","date_gmt":"2025-01-13T13:59:10","guid":{"rendered":"https:\/\/aivlisoft.com\/?post_type=product&#038;p=9706"},"modified":"2025-01-14T10:48:07","modified_gmt":"2025-01-14T10:48:07","slug":"asus-va229qsb-monitor-21-5-fhd-75hz-hdmi-dp","status":"publish","type":"product","link":"https:\/\/aivlisoft.net\/shop\/producto\/asus-va229qsb-monitor-21-5-fhd-75hz-hdmi-dp\/","title":{"rendered":"Asus VA229QSB Monitor 21.5&#8243; FHD 75Hz HDMI DP"},"content":{"rendered":"<p><\/p>\n<table class=\"tabla_caracteristicas k-table\" width=\"100%\">\n<tr>\n<td valign=\"top\"><strong>Marca<\/strong><\/td>\n<td>Asus<\/td>\n<\/tr>\n<tr>\n<td valign=\"top\"><strong>Modelo<\/strong><\/td>\n<td><strong>90LM06C3-B01370<\/strong><\/td>\n<\/tr>\n<tr>\n<td valign=\"top\"><strong>Pantalla<\/strong><\/td>\n<td>&#8211; Tama&ntilde;o de panel: <strong>21,5&#8243;<\/strong><br \/>\t\t\t&#8211; Relaci&oacute;n de aspecto: 16:09<br \/>\t\t\t&#8211; &Aacute;rea de visualizaci&oacute;n de la pantalla: 476.064 x 267.786 mm<br \/>\t\t\t&#8211; Superficie de visualizaci&oacute;n: Non-Glare<br \/>\t\t\t&#8211; Tipo de luz de fondo: LED<br \/>\t\t\t&#8211; Tipo de panel: IPS<br \/>\t\t\t&#8211; &Aacute;ngulo de visi&oacute;n (CR &gt; 10, H \/ V): 178&deg;\/178&deg;<br \/>\t\t\t&#8211; Tama&ntilde;o de p&iacute;xel: 0,248 mm<br \/>\t\t\t&#8211; Resoluci&oacute;n: 1920 x 1080<br \/>\t\t\t&#8211; Espacio de color (Adobe RGB): TBD<br \/>\t\t\t&#8211; Color Space (DCI-P3): TBD<br \/>\t\t\t&#8211; Espacio de color (Rec. 2020): TBD<br \/>\t\t\t&#8211; Brillo (t&iacute;pico):250 cd\/?<br \/>\t\t\t&#8211; Relaci&oacute;n de contraste (t&iacute;pico)1200:01:00<br \/>\t\t\t&#8211; Colores de pantalla: 16.7M<br \/>\t\t\t&#8211; Tiempo de respuesta: 5ms(GTG)<br \/>\t\t\t&#8211; Frecuencia de actualizaci&oacute;n (m&aacute;x.): M&aacute;x. 75 Hz<br \/>\t\t\t&#8211; Sin destellos<\/td>\n<\/tr>\n<tr>\n<td valign=\"top\"><strong>Conexi&oacute;n<\/strong><\/td>\n<td>&#8211; DisplayPort 1.2 x 1<br \/>\t\t\t&#8211; HDMI(v1.4) x 2<br \/>\t\t\t&#8211; VGA x 1<br \/>\t\t\t&#8211; USB Hub: 2x USB 2.0 Type-A<br \/>\t\t\t&#8211; Enchufe de aud&iacute;fonos<br \/>\t\t\t&#8211; Entrada de audio para PC<\/td>\n<\/tr>\n<tr>\n<td valign=\"top\"><strong>Caracter&iacute;sticas<\/strong><\/td>\n<td><strong>Caracter&iacute;stica de video<\/strong><br \/>\t\t\t&#8211; Tecnologia SPLENDID<br \/>\t\t\t&#8211; Temperatura de color. Selecci&oacute;n:(4 modes)<br \/>\t\t\t&#8211; GamePlus<br \/>\t\t\t&#8211; QuickFit<br \/>\t\t\t&#8211; HDCP<br \/>\t\t\t&#8211; Tecnolog&iacute;a VRR:(Adaptive-Sync)<br \/>\t\t\t&#8211; Impulso oscuro<br \/>\t\t\t&#8211; Widget de visualizaci&oacute;n<br \/>\t\t\t&#8211; Luz azul baja<br \/>\t\t\t<strong>Caracter&iacute;stica de audio<\/strong><br \/>\t\t\t&#8211; Altavoz:(1,2 W x 2)<br \/>\t\t\t<strong>Frecuencia de la se&ntilde;al<\/strong><br \/>\t\t\t&#8211; Frecuencia de se&ntilde;al digital: DisplayPort: 85~85 KHz (H) \/48~75 Hz (V)<br \/>\t\t\t&#8211; HDMI: 30~85 KHz (H) \/ 48~75 Hz (V)<br \/>\t\t\t&#8211; Frecuencia de se&ntilde;al anal&oacute;gica:30~85 KHz (H) \/ 48~75 Hz (V)<br \/>\t\t\t<strong>Dise&ntilde;o mec&aacute;nico<\/strong><br \/>\t\t\t&#8211; Inclinaci&oacute;n:(+35&deg; ~ -5&deg;)<br \/>\t\t\t&#8211; Giratorio:(+180&deg; ~ -180&deg;)<br \/>\t\t\t&#8211; Pivante:(+90&deg; ~ -90&deg;)<br \/>\t\t\t&#8211; Ajuste de altura<br \/>\t\t\t&#8211; Montaje en pared VESA: 100 x 100 mm<br \/>\t\t\t&#8211; Cerradura Kensington<br \/>\t\t\t<strong>Dimensiones y peso<\/strong><br \/>\t\t\t&#8211; 49.00 x 42.30 x 21.10 cm<br \/>\t\t\t&#8211; 4,6 kg<\/td>\n<\/tr>\n<tr>\n<td valign=\"top\"><strong>Certificado energ&eacute;tico<\/strong><\/td>\n<td><a alt=\"Certificado energ&Atilde;&#402;?&Atilde;&#8218;&Acirc;&copy;tico\" href=\"https:\/\/www.infortisa.com\/images\/content\/2024021509414728844FMOMLE0806.webp\" target=\"_blank\">Ver certificado<\/a><\/td>\n<\/tr>\n<tr>\n<td valign=\"top\"><strong>Fecha de revisi&oacute;n<\/strong><\/td>\n<td>15-02-2024 por RTY<\/td>\n<\/tr>\n<\/table>\n","protected":false},"excerpt":{"rendered":"<p>Marca Asus Modelo 90LM06C3-B01370 Pantalla &#8211; Tama&ntilde;o de panel: 21,5&#8243; &#8211; Relaci&oacute;n de aspecto: 16:09 &#8211; &Aacute;rea de visualizaci&oacute;n de la pantalla: 476.064 x 267.786 mm &#8211; Superficie de visualizaci&oacute;n: Non-Glare &#8211; Tipo de luz de fondo: LED &#8211; Tipo de panel: IPS &#8211; &Aacute;ngulo de visi&oacute;n (CR &gt; 10, H \/ V): 178&deg;\/178&deg; &#8211;&hellip;&nbsp;<a href=\"https:\/\/aivlisoft.net\/shop\/producto\/asus-va229qsb-monitor-21-5-fhd-75hz-hdmi-dp\/\" rel=\"bookmark\"><span class=\"screen-reader-text\">Asus VA229QSB Monitor 21.5&#8243; FHD 75Hz HDMI DP<\/span><\/a><\/p>\n","protected":false},"featured_media":9707,"template":"","meta":{"neve_meta_sidebar":"","neve_meta_container":"","neve_meta_enable_content_width":"","neve_meta_content_width":0,"neve_meta_title_alignment":"","neve_meta_author_avatar":"","neve_post_elements_order":"","neve_meta_disable_header":"","neve_meta_disable_footer":"","neve_meta_disable_title":""},"product_brand":[],"product_cat":[8720],"product_tag":[3817],"class_list":{"0":"post-9706","1":"product","2":"type-product","3":"status-publish","4":"has-post-thumbnail","6":"product_cat-monitores-led","7":"product_tag-90lm06c3-b01370","9":"first","10":"instock","11":"taxable","12":"shipping-taxable","13":"purchasable","14":"product-type-simple"},"yoast_head":"<!-- This site is optimized with the Yoast SEO plugin v26.0 - https:\/\/yoast.com\/wordpress\/plugins\/seo\/ -->\n<title>Asus VA229QSB Monitor 21.5&quot; FHD 75Hz HDMI DP - Aivlisoft Inform\u00e1tica<\/title>\n<meta name=\"robots\" content=\"index, follow, max-snippet:-1, max-image-preview:large, max-video-preview:-1\" \/>\n<link rel=\"canonical\" href=\"https:\/\/aivlisoft.net\/shop\/producto\/asus-va229qsb-monitor-21-5-fhd-75hz-hdmi-dp\/\" \/>\n<meta property=\"og:locale\" content=\"es_ES\" \/>\n<meta property=\"og:type\" content=\"article\" \/>\n<meta property=\"og:title\" content=\"Asus VA229QSB Monitor 21.5&quot; FHD 75Hz HDMI DP - Aivlisoft Inform\u00e1tica\" \/>\n<meta property=\"og:description\" content=\"Marca Asus Modelo 90LM06C3-B01370 Pantalla &#8211; Tama&ntilde;o de panel: 21,5&#8243; &#8211; Relaci&oacute;n de aspecto: 16:09 &#8211; &Aacute;rea de visualizaci&oacute;n de la pantalla: 476.064 x 267.786 mm &#8211; Superficie de visualizaci&oacute;n: Non-Glare &#8211; Tipo de luz de fondo: LED &#8211; Tipo de panel: IPS &#8211; &Aacute;ngulo de visi&oacute;n (CR &gt; 10, H \/ V): 178&deg;\/178&deg; &#8211;&hellip;&nbsp;Asus VA229QSB Monitor 21.5&#8243; FHD 75Hz HDMI DP\" \/>\n<meta property=\"og:url\" content=\"https:\/\/aivlisoft.net\/shop\/producto\/asus-va229qsb-monitor-21-5-fhd-75hz-hdmi-dp\/\" \/>\n<meta property=\"og:site_name\" content=\"Aivlisoft Inform\u00e1tica\" \/>\n<meta property=\"article:modified_time\" content=\"2025-01-14T10:48:07+00:00\" \/>\n<meta property=\"og:image\" content=\"https:\/\/aivlisoft.net\/shop\/wp-content\/uploads\/2025\/01\/FMOMLE0806_800.jpg\" \/>\n\t<meta property=\"og:image:width\" content=\"800\" \/>\n\t<meta property=\"og:image:height\" content=\"800\" \/>\n\t<meta property=\"og:image:type\" content=\"image\/jpeg\" \/>\n<meta name=\"twitter:card\" content=\"summary_large_image\" \/>\n<meta name=\"twitter:label1\" content=\"Tiempo de lectura\" \/>\n\t<meta name=\"twitter:data1\" content=\"2 minutos\" \/>\n<script type=\"application\/ld+json\" class=\"yoast-schema-graph\">{\"@context\":\"https:\/\/schema.org\",\"@graph\":[{\"@type\":\"WebPage\",\"@id\":\"https:\/\/aivlisoft.net\/shop\/producto\/asus-va229qsb-monitor-21-5-fhd-75hz-hdmi-dp\/\",\"url\":\"https:\/\/aivlisoft.net\/shop\/producto\/asus-va229qsb-monitor-21-5-fhd-75hz-hdmi-dp\/\",\"name\":\"Asus VA229QSB Monitor 21.5\\\" FHD 75Hz HDMI DP - Aivlisoft Inform\u00e1tica\",\"isPartOf\":{\"@id\":\"https:\/\/aivlisoft.net\/shop\/#website\"},\"primaryImageOfPage\":{\"@id\":\"https:\/\/aivlisoft.net\/shop\/producto\/asus-va229qsb-monitor-21-5-fhd-75hz-hdmi-dp\/#primaryimage\"},\"image\":{\"@id\":\"https:\/\/aivlisoft.net\/shop\/producto\/asus-va229qsb-monitor-21-5-fhd-75hz-hdmi-dp\/#primaryimage\"},\"thumbnailUrl\":\"https:\/\/aivlisoft.net\/shop\/wp-content\/uploads\/2025\/01\/FMOMLE0806_800.jpg\",\"datePublished\":\"2025-01-13T13:59:10+00:00\",\"dateModified\":\"2025-01-14T10:48:07+00:00\",\"breadcrumb\":{\"@id\":\"https:\/\/aivlisoft.net\/shop\/producto\/asus-va229qsb-monitor-21-5-fhd-75hz-hdmi-dp\/#breadcrumb\"},\"inLanguage\":\"es\",\"potentialAction\":[{\"@type\":\"ReadAction\",\"target\":[\"https:\/\/aivlisoft.net\/shop\/producto\/asus-va229qsb-monitor-21-5-fhd-75hz-hdmi-dp\/\"]}]},{\"@type\":\"ImageObject\",\"inLanguage\":\"es\",\"@id\":\"https:\/\/aivlisoft.net\/shop\/producto\/asus-va229qsb-monitor-21-5-fhd-75hz-hdmi-dp\/#primaryimage\",\"url\":\"https:\/\/aivlisoft.net\/shop\/wp-content\/uploads\/2025\/01\/FMOMLE0806_800.jpg\",\"contentUrl\":\"https:\/\/aivlisoft.net\/shop\/wp-content\/uploads\/2025\/01\/FMOMLE0806_800.jpg\",\"width\":800,\"height\":800},{\"@type\":\"BreadcrumbList\",\"@id\":\"https:\/\/aivlisoft.net\/shop\/producto\/asus-va229qsb-monitor-21-5-fhd-75hz-hdmi-dp\/#breadcrumb\",\"itemListElement\":[{\"@type\":\"ListItem\",\"position\":1,\"name\":\"Portada\",\"item\":\"https:\/\/aivlisoft.net\/shop\/\"},{\"@type\":\"ListItem\",\"position\":2,\"name\":\"Tienda\",\"item\":\"https:\/\/aivlisoft.net\/shop\/tienda\/\"},{\"@type\":\"ListItem\",\"position\":3,\"name\":\"Asus VA229QSB Monitor 21.5&#8243; FHD 75Hz HDMI DP\"}]},{\"@type\":\"WebSite\",\"@id\":\"https:\/\/aivlisoft.net\/shop\/#website\",\"url\":\"https:\/\/aivlisoft.net\/shop\/\",\"name\":\"Aivlisoft Inform\u00e1tica\",\"description\":\"En Aivlisoft Inform\u00e1tica ofrecemos soluciones tecnol\u00f3gicas para empresas: venta de ordenadores, consumibles, perif\u00e9ricos y m\u00e1s. Calidad, atenci\u00f3n personalizada y los mejores precios para tu negocio.\",\"publisher\":{\"@id\":\"https:\/\/aivlisoft.net\/shop\/#organization\"},\"potentialAction\":[{\"@type\":\"SearchAction\",\"target\":{\"@type\":\"EntryPoint\",\"urlTemplate\":\"https:\/\/aivlisoft.net\/shop\/?s={search_term_string}\"},\"query-input\":{\"@type\":\"PropertyValueSpecification\",\"valueRequired\":true,\"valueName\":\"search_term_string\"}}],\"inLanguage\":\"es\"},{\"@type\":\"Organization\",\"@id\":\"https:\/\/aivlisoft.net\/shop\/#organization\",\"name\":\"Aivlisoft Inform\u00e1tica\",\"url\":\"https:\/\/aivlisoft.net\/shop\/\",\"logo\":{\"@type\":\"ImageObject\",\"inLanguage\":\"es\",\"@id\":\"https:\/\/aivlisoft.net\/shop\/#\/schema\/logo\/image\/\",\"url\":\"https:\/\/aivlisoft.net\/shop\/wp-content\/uploads\/2024\/12\/removal.ai_5b848c54-0cdf-4140-95c5-c5536bb7573b-logodef.png\",\"contentUrl\":\"https:\/\/aivlisoft.net\/shop\/wp-content\/uploads\/2024\/12\/removal.ai_5b848c54-0cdf-4140-95c5-c5536bb7573b-logodef.png\",\"width\":484,\"height\":182,\"caption\":\"Aivlisoft Inform\u00e1tica\"},\"image\":{\"@id\":\"https:\/\/aivlisoft.net\/shop\/#\/schema\/logo\/image\/\"}}]}<\/script>\n<!-- \/ Yoast SEO plugin. -->","yoast_head_json":{"title":"Asus VA229QSB Monitor 21.5\" FHD 75Hz HDMI DP - Aivlisoft Inform\u00e1tica","robots":{"index":"index","follow":"follow","max-snippet":"max-snippet:-1","max-image-preview":"max-image-preview:large","max-video-preview":"max-video-preview:-1"},"canonical":"https:\/\/aivlisoft.net\/shop\/producto\/asus-va229qsb-monitor-21-5-fhd-75hz-hdmi-dp\/","og_locale":"es_ES","og_type":"article","og_title":"Asus VA229QSB Monitor 21.5\" FHD 75Hz HDMI DP - Aivlisoft Inform\u00e1tica","og_description":"Marca Asus Modelo 90LM06C3-B01370 Pantalla &#8211; Tama&ntilde;o de panel: 21,5&#8243; &#8211; Relaci&oacute;n de aspecto: 16:09 &#8211; &Aacute;rea de visualizaci&oacute;n de la pantalla: 476.064 x 267.786 mm &#8211; Superficie de visualizaci&oacute;n: Non-Glare &#8211; Tipo de luz de fondo: LED &#8211; Tipo de panel: IPS &#8211; &Aacute;ngulo de visi&oacute;n (CR &gt; 10, H \/ V): 178&deg;\/178&deg; &#8211;&hellip;&nbsp;Asus VA229QSB Monitor 21.5&#8243; FHD 75Hz HDMI DP","og_url":"https:\/\/aivlisoft.net\/shop\/producto\/asus-va229qsb-monitor-21-5-fhd-75hz-hdmi-dp\/","og_site_name":"Aivlisoft Inform\u00e1tica","article_modified_time":"2025-01-14T10:48:07+00:00","og_image":[{"width":800,"height":800,"url":"https:\/\/aivlisoft.net\/shop\/wp-content\/uploads\/2025\/01\/FMOMLE0806_800.jpg","type":"image\/jpeg"}],"twitter_card":"summary_large_image","twitter_misc":{"Tiempo de lectura":"2 minutos"},"schema":{"@context":"https:\/\/schema.org","@graph":[{"@type":"WebPage","@id":"https:\/\/aivlisoft.net\/shop\/producto\/asus-va229qsb-monitor-21-5-fhd-75hz-hdmi-dp\/","url":"https:\/\/aivlisoft.net\/shop\/producto\/asus-va229qsb-monitor-21-5-fhd-75hz-hdmi-dp\/","name":"Asus VA229QSB Monitor 21.5\" FHD 75Hz HDMI DP - Aivlisoft Inform\u00e1tica","isPartOf":{"@id":"https:\/\/aivlisoft.net\/shop\/#website"},"primaryImageOfPage":{"@id":"https:\/\/aivlisoft.net\/shop\/producto\/asus-va229qsb-monitor-21-5-fhd-75hz-hdmi-dp\/#primaryimage"},"image":{"@id":"https:\/\/aivlisoft.net\/shop\/producto\/asus-va229qsb-monitor-21-5-fhd-75hz-hdmi-dp\/#primaryimage"},"thumbnailUrl":"https:\/\/aivlisoft.net\/shop\/wp-content\/uploads\/2025\/01\/FMOMLE0806_800.jpg","datePublished":"2025-01-13T13:59:10+00:00","dateModified":"2025-01-14T10:48:07+00:00","breadcrumb":{"@id":"https:\/\/aivlisoft.net\/shop\/producto\/asus-va229qsb-monitor-21-5-fhd-75hz-hdmi-dp\/#breadcrumb"},"inLanguage":"es","potentialAction":[{"@type":"ReadAction","target":["https:\/\/aivlisoft.net\/shop\/producto\/asus-va229qsb-monitor-21-5-fhd-75hz-hdmi-dp\/"]}]},{"@type":"ImageObject","inLanguage":"es","@id":"https:\/\/aivlisoft.net\/shop\/producto\/asus-va229qsb-monitor-21-5-fhd-75hz-hdmi-dp\/#primaryimage","url":"https:\/\/aivlisoft.net\/shop\/wp-content\/uploads\/2025\/01\/FMOMLE0806_800.jpg","contentUrl":"https:\/\/aivlisoft.net\/shop\/wp-content\/uploads\/2025\/01\/FMOMLE0806_800.jpg","width":800,"height":800},{"@type":"BreadcrumbList","@id":"https:\/\/aivlisoft.net\/shop\/producto\/asus-va229qsb-monitor-21-5-fhd-75hz-hdmi-dp\/#breadcrumb","itemListElement":[{"@type":"ListItem","position":1,"name":"Portada","item":"https:\/\/aivlisoft.net\/shop\/"},{"@type":"ListItem","position":2,"name":"Tienda","item":"https:\/\/aivlisoft.net\/shop\/tienda\/"},{"@type":"ListItem","position":3,"name":"Asus VA229QSB Monitor 21.5&#8243; FHD 75Hz HDMI DP"}]},{"@type":"WebSite","@id":"https:\/\/aivlisoft.net\/shop\/#website","url":"https:\/\/aivlisoft.net\/shop\/","name":"Aivlisoft Inform\u00e1tica","description":"En Aivlisoft Inform\u00e1tica ofrecemos soluciones tecnol\u00f3gicas para empresas: venta de ordenadores, consumibles, perif\u00e9ricos y m\u00e1s. Calidad, atenci\u00f3n personalizada y los mejores precios para tu negocio.","publisher":{"@id":"https:\/\/aivlisoft.net\/shop\/#organization"},"potentialAction":[{"@type":"SearchAction","target":{"@type":"EntryPoint","urlTemplate":"https:\/\/aivlisoft.net\/shop\/?s={search_term_string}"},"query-input":{"@type":"PropertyValueSpecification","valueRequired":true,"valueName":"search_term_string"}}],"inLanguage":"es"},{"@type":"Organization","@id":"https:\/\/aivlisoft.net\/shop\/#organization","name":"Aivlisoft Inform\u00e1tica","url":"https:\/\/aivlisoft.net\/shop\/","logo":{"@type":"ImageObject","inLanguage":"es","@id":"https:\/\/aivlisoft.net\/shop\/#\/schema\/logo\/image\/","url":"https:\/\/aivlisoft.net\/shop\/wp-content\/uploads\/2024\/12\/removal.ai_5b848c54-0cdf-4140-95c5-c5536bb7573b-logodef.png","contentUrl":"https:\/\/aivlisoft.net\/shop\/wp-content\/uploads\/2024\/12\/removal.ai_5b848c54-0cdf-4140-95c5-c5536bb7573b-logodef.png","width":484,"height":182,"caption":"Aivlisoft Inform\u00e1tica"},"image":{"@id":"https:\/\/aivlisoft.net\/shop\/#\/schema\/logo\/image\/"}}]}},"_links":{"self":[{"href":"https:\/\/aivlisoft.net\/shop\/wp-json\/wp\/v2\/product\/9706","targetHints":{"allow":["GET"]}}],"collection":[{"href":"https:\/\/aivlisoft.net\/shop\/wp-json\/wp\/v2\/product"}],"about":[{"href":"https:\/\/aivlisoft.net\/shop\/wp-json\/wp\/v2\/types\/product"}],"wp:featuredmedia":[{"embeddable":true,"href":"https:\/\/aivlisoft.net\/shop\/wp-json\/wp\/v2\/media\/9707"}],"wp:attachment":[{"href":"https:\/\/aivlisoft.net\/shop\/wp-json\/wp\/v2\/media?parent=9706"}],"wp:term":[{"taxonomy":"product_brand","embeddable":true,"href":"https:\/\/aivlisoft.net\/shop\/wp-json\/wp\/v2\/product_brand?post=9706"},{"taxonomy":"product_cat","embeddable":true,"href":"https:\/\/aivlisoft.net\/shop\/wp-json\/wp\/v2\/product_cat?post=9706"},{"taxonomy":"product_tag","embeddable":true,"href":"https:\/\/aivlisoft.net\/shop\/wp-json\/wp\/v2\/product_tag?post=9706"}],"curies":[{"name":"wp","href":"https:\/\/api.w.org\/{rel}","templated":true}]}}