{"id":9646,"date":"2025-01-13T13:58:46","date_gmt":"2025-01-13T13:58:46","guid":{"rendered":"https:\/\/aivlisoft.com\/?post_type=product&#038;p=9646"},"modified":"2025-01-14T10:47:51","modified_gmt":"2025-01-14T10:47:51","slug":"lg-24bk55yp-w-monitor23-8-vga-dvi-dp-hdmi-mm-aa-b","status":"publish","type":"product","link":"https:\/\/aivlisoft.net\/shop\/producto\/lg-24bk55yp-w-monitor23-8-vga-dvi-dp-hdmi-mm-aa-b\/","title":{"rendered":"LG 24BK55YP-W Monitor23.8&#8243; VGA DVI DP HDMI MM AA B"},"content":{"rendered":"<p><\/p>\n<table class=\"tabla_caracteristicas k-table\" width=\"100%\">\n<tr>\n<td valign=\"top\"><strong>Marca<\/strong><\/td>\n<td>LG<\/td>\n<\/tr>\n<tr>\n<td valign=\"top\"><strong>Modelo<\/strong><\/td>\n<td><strong>24BK55YP-W<\/strong><\/td>\n<\/tr>\n<tr>\n<td valign=\"top\"><strong>Pantalla<\/strong><\/td>\n<td>&#8211; Tama&ntilde;o: <strong>23,8&#8243;<\/strong><br \/>\t\t\t&#8211; Resoluci&oacute;n: 1920 x 1080 (FHD)<br \/>\t\t\t&#8211; Tipo de panel: IPS<br \/>\t\t\t&#8211; Ratio de Aspecto: 16:9<br \/>\t\t\t&#8211; Brillo (M&iacute;n.): 200 cd\/m&sup2;<br \/>\t\t\t&#8211; Brillo (T&iacute;p.): 250 cd\/m&sup2;<br \/>\t\t\t&#8211; Gamut de Color (T&iacute;p.): NTSC 72% (CIE1931)<br \/>\t\t\t&#8211; Profundidad de Color (N&ordm; de colores): 8bit (16,7M de colores)<br \/>\t\t\t&#8211; Ratio de Contraste (T&iacute;p.): 1000:1<br \/>\t\t\t&#8211; Velocidad de Respuesta: 5ms<br \/>\t\t\t&#8211; &Aacute;ngulo de Visi&oacute;n: 178&ordm; (R\/L) \/ 178&ordm; (U\/D)<br \/>\t\t\t&#8211; Tratamiento de superficies: Anti reflejante 3H<br \/>\t\t\t&#8211; Frecuencia de actualizaci&oacute;n: 75Hz<\/td>\n<\/tr>\n<tr>\n<td valign=\"top\"><strong>Conexi&oacute;n<\/strong><\/td>\n<td>&#8211; 1 x HDMI 1.4<br \/>\t\t\t&#8211; 1 x entrada D-Sub<br \/>\t\t\t&#8211; 1 x DVI (1920 x 1080 a 75Hz)<br \/>\t\t\t&#8211; Entrada de Audio (AUX)<br \/>\t\t\t&#8211; Salida para Auriculares<br \/>\t\t\t&#8211; 1 x&nbsp; DisplayPort 1.2 (1920 x 1080 a 75Hz)<br \/>\t\t\t&#8211; USB-A de salida (x3. 1 arriba\/2 abajo)<\/td>\n<\/tr>\n<tr>\n<td valign=\"top\"><strong>Caracter&iacute;sticas<\/strong><\/td>\n<td>&#8211; Color Calibrado (de f&aacute;brica)<br \/>\t\t\t&#8211; Proteccion Antiparpadeo (FlickerSafe)<br \/>\t\t\t&#8211; Modo Lectura<br \/>\t\t\t&#8211; SuperResolution+<br \/>\t\t\t&#8211; Smart Energy Saving<br \/>\t\t\t<strong>S\/W<\/strong><br \/>\t\t\t&#8211; Dual Controller<br \/>\t\t\t&#8211; S\/W OnScreen-Control<br \/>\t\t\t<strong>Sonido<\/strong><br \/>\t\t\t&#8211; 2 x altavoces 1.2W<br \/>\t\t\t<strong>Alimentaci&oacute;n<\/strong><br \/>\t\t\t&#8211; Tipo de Alimentaci&oacute;n: Fuente de Alimentaci&oacute;n Incorporada<br \/>\t\t\t&#8211; Entrada: 100~240V (50\/60Hz)<br \/>\t\t\t&#8211; Consumo de Potencia (T&iacute;p.): 17,1 W<br \/>\t\t\t&#8211; Consumo de Potencia (Modo Reposo): &lt; 0,3W<br \/>\t\t\t&#8211; Consumo de Potencia (DC Off): &lt; 0.3W<br \/>\t\t\t<strong>Dimensiones y peso<\/strong><br \/>\t\t\t&#8211; Montaje en pared: 100x100mm<br \/>\t\t\t&#8211; 553,8 x 240 x 382,9 mm<br \/>\t\t\t&#8211; 5.7Kg<\/td>\n<\/tr>\n<tr>\n<td valign=\"top\"><strong>Certificado energ&eacute;tico<\/strong><\/td>\n<td><a alt=\"Certificado energ&Atilde;&#402;??????&Atilde;&#402;?????&Atilde;&#402;????&Atilde;&#402;???&Atilde;&#402;??&Atilde;&#402;?&Atilde;&#8218;&Acirc;&copy;tico\" href=\"https:\/\/www.infortisa.com\/images\/content\/2023121411053228844FMOMLE0789.webp\" target=\"_blank\">Ver certificado<\/a><\/td>\n<\/tr>\n<tr>\n<td valign=\"top\"><strong>Fecha de revisi&oacute;n<\/strong><\/td>\n<td>14-12-2023 por RTY<\/td>\n<\/tr>\n<\/table>\n","protected":false},"excerpt":{"rendered":"<p>Marca LG Modelo 24BK55YP-W Pantalla &#8211; Tama&ntilde;o: 23,8&#8243; &#8211; Resoluci&oacute;n: 1920 x 1080 (FHD) &#8211; Tipo de panel: IPS &#8211; Ratio de Aspecto: 16:9 &#8211; Brillo (M&iacute;n.): 200 cd\/m&sup2; &#8211; Brillo (T&iacute;p.): 250 cd\/m&sup2; &#8211; Gamut de Color (T&iacute;p.): NTSC 72% (CIE1931) &#8211; Profundidad de Color (N&ordm; de colores): 8bit (16,7M de colores) &#8211; Ratio&hellip;&nbsp;<a href=\"https:\/\/aivlisoft.net\/shop\/producto\/lg-24bk55yp-w-monitor23-8-vga-dvi-dp-hdmi-mm-aa-b\/\" rel=\"bookmark\"><span class=\"screen-reader-text\">LG 24BK55YP-W Monitor23.8&#8243; VGA DVI DP HDMI MM AA B<\/span><\/a><\/p>\n","protected":false},"featured_media":9647,"template":"","meta":{"neve_meta_sidebar":"","neve_meta_container":"","neve_meta_enable_content_width":"","neve_meta_content_width":0,"neve_meta_title_alignment":"","neve_meta_author_avatar":"","neve_post_elements_order":"","neve_meta_disable_header":"","neve_meta_disable_footer":"","neve_meta_disable_title":""},"product_brand":[],"product_cat":[8720],"product_tag":[3804],"class_list":{"0":"post-9646","1":"product","2":"type-product","3":"status-publish","4":"has-post-thumbnail","6":"product_cat-monitores-led","7":"product_tag-24bk55yp-w","9":"first","10":"instock","11":"taxable","12":"shipping-taxable","13":"purchasable","14":"product-type-simple"},"yoast_head":"<!-- This site is optimized with the Yoast SEO plugin v26.0 - https:\/\/yoast.com\/wordpress\/plugins\/seo\/ -->\n<title>LG 24BK55YP-W Monitor23.8&quot; VGA DVI DP HDMI MM AA B - Aivlisoft Inform\u00e1tica<\/title>\n<meta name=\"robots\" content=\"index, follow, max-snippet:-1, max-image-preview:large, max-video-preview:-1\" \/>\n<link rel=\"canonical\" href=\"https:\/\/aivlisoft.net\/shop\/producto\/lg-24bk55yp-w-monitor23-8-vga-dvi-dp-hdmi-mm-aa-b\/\" \/>\n<meta property=\"og:locale\" content=\"es_ES\" \/>\n<meta property=\"og:type\" content=\"article\" \/>\n<meta property=\"og:title\" content=\"LG 24BK55YP-W Monitor23.8&quot; VGA DVI DP HDMI MM AA B - Aivlisoft Inform\u00e1tica\" \/>\n<meta property=\"og:description\" content=\"Marca LG Modelo 24BK55YP-W Pantalla &#8211; Tama&ntilde;o: 23,8&#8243; &#8211; Resoluci&oacute;n: 1920 x 1080 (FHD) &#8211; Tipo de panel: IPS &#8211; Ratio de Aspecto: 16:9 &#8211; Brillo (M&iacute;n.): 200 cd\/m&sup2; &#8211; Brillo (T&iacute;p.): 250 cd\/m&sup2; &#8211; Gamut de Color (T&iacute;p.): NTSC 72% (CIE1931) &#8211; Profundidad de Color (N&ordm; de colores): 8bit (16,7M de colores) &#8211; Ratio&hellip;&nbsp;LG 24BK55YP-W Monitor23.8&#8243; VGA DVI DP HDMI MM AA B\" \/>\n<meta property=\"og:url\" content=\"https:\/\/aivlisoft.net\/shop\/producto\/lg-24bk55yp-w-monitor23-8-vga-dvi-dp-hdmi-mm-aa-b\/\" \/>\n<meta property=\"og:site_name\" content=\"Aivlisoft Inform\u00e1tica\" \/>\n<meta property=\"article:modified_time\" content=\"2025-01-14T10:47:51+00:00\" \/>\n<meta property=\"og:image\" content=\"https:\/\/aivlisoft.net\/shop\/wp-content\/uploads\/2025\/01\/FMOMLE0789_800.jpg\" \/>\n\t<meta property=\"og:image:width\" content=\"800\" \/>\n\t<meta property=\"og:image:height\" content=\"800\" \/>\n\t<meta property=\"og:image:type\" content=\"image\/jpeg\" \/>\n<meta name=\"twitter:card\" content=\"summary_large_image\" \/>\n<meta name=\"twitter:label1\" content=\"Tiempo de lectura\" \/>\n\t<meta name=\"twitter:data1\" content=\"1 minuto\" \/>\n<script type=\"application\/ld+json\" class=\"yoast-schema-graph\">{\"@context\":\"https:\/\/schema.org\",\"@graph\":[{\"@type\":\"WebPage\",\"@id\":\"https:\/\/aivlisoft.net\/shop\/producto\/lg-24bk55yp-w-monitor23-8-vga-dvi-dp-hdmi-mm-aa-b\/\",\"url\":\"https:\/\/aivlisoft.net\/shop\/producto\/lg-24bk55yp-w-monitor23-8-vga-dvi-dp-hdmi-mm-aa-b\/\",\"name\":\"LG 24BK55YP-W Monitor23.8\\\" VGA DVI DP HDMI MM AA B - Aivlisoft Inform\u00e1tica\",\"isPartOf\":{\"@id\":\"https:\/\/aivlisoft.net\/shop\/#website\"},\"primaryImageOfPage\":{\"@id\":\"https:\/\/aivlisoft.net\/shop\/producto\/lg-24bk55yp-w-monitor23-8-vga-dvi-dp-hdmi-mm-aa-b\/#primaryimage\"},\"image\":{\"@id\":\"https:\/\/aivlisoft.net\/shop\/producto\/lg-24bk55yp-w-monitor23-8-vga-dvi-dp-hdmi-mm-aa-b\/#primaryimage\"},\"thumbnailUrl\":\"https:\/\/aivlisoft.net\/shop\/wp-content\/uploads\/2025\/01\/FMOMLE0789_800.jpg\",\"datePublished\":\"2025-01-13T13:58:46+00:00\",\"dateModified\":\"2025-01-14T10:47:51+00:00\",\"breadcrumb\":{\"@id\":\"https:\/\/aivlisoft.net\/shop\/producto\/lg-24bk55yp-w-monitor23-8-vga-dvi-dp-hdmi-mm-aa-b\/#breadcrumb\"},\"inLanguage\":\"es\",\"potentialAction\":[{\"@type\":\"ReadAction\",\"target\":[\"https:\/\/aivlisoft.net\/shop\/producto\/lg-24bk55yp-w-monitor23-8-vga-dvi-dp-hdmi-mm-aa-b\/\"]}]},{\"@type\":\"ImageObject\",\"inLanguage\":\"es\",\"@id\":\"https:\/\/aivlisoft.net\/shop\/producto\/lg-24bk55yp-w-monitor23-8-vga-dvi-dp-hdmi-mm-aa-b\/#primaryimage\",\"url\":\"https:\/\/aivlisoft.net\/shop\/wp-content\/uploads\/2025\/01\/FMOMLE0789_800.jpg\",\"contentUrl\":\"https:\/\/aivlisoft.net\/shop\/wp-content\/uploads\/2025\/01\/FMOMLE0789_800.jpg\",\"width\":800,\"height\":800},{\"@type\":\"BreadcrumbList\",\"@id\":\"https:\/\/aivlisoft.net\/shop\/producto\/lg-24bk55yp-w-monitor23-8-vga-dvi-dp-hdmi-mm-aa-b\/#breadcrumb\",\"itemListElement\":[{\"@type\":\"ListItem\",\"position\":1,\"name\":\"Portada\",\"item\":\"https:\/\/aivlisoft.net\/shop\/\"},{\"@type\":\"ListItem\",\"position\":2,\"name\":\"Tienda\",\"item\":\"https:\/\/aivlisoft.net\/shop\/tienda\/\"},{\"@type\":\"ListItem\",\"position\":3,\"name\":\"LG 24BK55YP-W Monitor23.8&#8243; VGA DVI DP HDMI MM AA B\"}]},{\"@type\":\"WebSite\",\"@id\":\"https:\/\/aivlisoft.net\/shop\/#website\",\"url\":\"https:\/\/aivlisoft.net\/shop\/\",\"name\":\"Aivlisoft Inform\u00e1tica\",\"description\":\"En Aivlisoft Inform\u00e1tica ofrecemos soluciones tecnol\u00f3gicas para empresas: venta de ordenadores, consumibles, perif\u00e9ricos y m\u00e1s. Calidad, atenci\u00f3n personalizada y los mejores precios para tu negocio.\",\"publisher\":{\"@id\":\"https:\/\/aivlisoft.net\/shop\/#organization\"},\"potentialAction\":[{\"@type\":\"SearchAction\",\"target\":{\"@type\":\"EntryPoint\",\"urlTemplate\":\"https:\/\/aivlisoft.net\/shop\/?s={search_term_string}\"},\"query-input\":{\"@type\":\"PropertyValueSpecification\",\"valueRequired\":true,\"valueName\":\"search_term_string\"}}],\"inLanguage\":\"es\"},{\"@type\":\"Organization\",\"@id\":\"https:\/\/aivlisoft.net\/shop\/#organization\",\"name\":\"Aivlisoft Inform\u00e1tica\",\"url\":\"https:\/\/aivlisoft.net\/shop\/\",\"logo\":{\"@type\":\"ImageObject\",\"inLanguage\":\"es\",\"@id\":\"https:\/\/aivlisoft.net\/shop\/#\/schema\/logo\/image\/\",\"url\":\"https:\/\/aivlisoft.net\/shop\/wp-content\/uploads\/2024\/12\/removal.ai_5b848c54-0cdf-4140-95c5-c5536bb7573b-logodef.png\",\"contentUrl\":\"https:\/\/aivlisoft.net\/shop\/wp-content\/uploads\/2024\/12\/removal.ai_5b848c54-0cdf-4140-95c5-c5536bb7573b-logodef.png\",\"width\":484,\"height\":182,\"caption\":\"Aivlisoft Inform\u00e1tica\"},\"image\":{\"@id\":\"https:\/\/aivlisoft.net\/shop\/#\/schema\/logo\/image\/\"}}]}<\/script>\n<!-- \/ Yoast SEO plugin. -->","yoast_head_json":{"title":"LG 24BK55YP-W Monitor23.8\" VGA DVI DP HDMI MM AA B - Aivlisoft Inform\u00e1tica","robots":{"index":"index","follow":"follow","max-snippet":"max-snippet:-1","max-image-preview":"max-image-preview:large","max-video-preview":"max-video-preview:-1"},"canonical":"https:\/\/aivlisoft.net\/shop\/producto\/lg-24bk55yp-w-monitor23-8-vga-dvi-dp-hdmi-mm-aa-b\/","og_locale":"es_ES","og_type":"article","og_title":"LG 24BK55YP-W Monitor23.8\" VGA DVI DP HDMI MM AA B - Aivlisoft Inform\u00e1tica","og_description":"Marca LG Modelo 24BK55YP-W Pantalla &#8211; Tama&ntilde;o: 23,8&#8243; &#8211; Resoluci&oacute;n: 1920 x 1080 (FHD) &#8211; Tipo de panel: IPS &#8211; Ratio de Aspecto: 16:9 &#8211; Brillo (M&iacute;n.): 200 cd\/m&sup2; &#8211; Brillo (T&iacute;p.): 250 cd\/m&sup2; &#8211; Gamut de Color (T&iacute;p.): NTSC 72% (CIE1931) &#8211; Profundidad de Color (N&ordm; de colores): 8bit (16,7M de colores) &#8211; Ratio&hellip;&nbsp;LG 24BK55YP-W Monitor23.8&#8243; VGA DVI DP HDMI MM AA B","og_url":"https:\/\/aivlisoft.net\/shop\/producto\/lg-24bk55yp-w-monitor23-8-vga-dvi-dp-hdmi-mm-aa-b\/","og_site_name":"Aivlisoft Inform\u00e1tica","article_modified_time":"2025-01-14T10:47:51+00:00","og_image":[{"width":800,"height":800,"url":"https:\/\/aivlisoft.net\/shop\/wp-content\/uploads\/2025\/01\/FMOMLE0789_800.jpg","type":"image\/jpeg"}],"twitter_card":"summary_large_image","twitter_misc":{"Tiempo de lectura":"1 minuto"},"schema":{"@context":"https:\/\/schema.org","@graph":[{"@type":"WebPage","@id":"https:\/\/aivlisoft.net\/shop\/producto\/lg-24bk55yp-w-monitor23-8-vga-dvi-dp-hdmi-mm-aa-b\/","url":"https:\/\/aivlisoft.net\/shop\/producto\/lg-24bk55yp-w-monitor23-8-vga-dvi-dp-hdmi-mm-aa-b\/","name":"LG 24BK55YP-W Monitor23.8\" VGA DVI DP HDMI MM AA B - Aivlisoft Inform\u00e1tica","isPartOf":{"@id":"https:\/\/aivlisoft.net\/shop\/#website"},"primaryImageOfPage":{"@id":"https:\/\/aivlisoft.net\/shop\/producto\/lg-24bk55yp-w-monitor23-8-vga-dvi-dp-hdmi-mm-aa-b\/#primaryimage"},"image":{"@id":"https:\/\/aivlisoft.net\/shop\/producto\/lg-24bk55yp-w-monitor23-8-vga-dvi-dp-hdmi-mm-aa-b\/#primaryimage"},"thumbnailUrl":"https:\/\/aivlisoft.net\/shop\/wp-content\/uploads\/2025\/01\/FMOMLE0789_800.jpg","datePublished":"2025-01-13T13:58:46+00:00","dateModified":"2025-01-14T10:47:51+00:00","breadcrumb":{"@id":"https:\/\/aivlisoft.net\/shop\/producto\/lg-24bk55yp-w-monitor23-8-vga-dvi-dp-hdmi-mm-aa-b\/#breadcrumb"},"inLanguage":"es","potentialAction":[{"@type":"ReadAction","target":["https:\/\/aivlisoft.net\/shop\/producto\/lg-24bk55yp-w-monitor23-8-vga-dvi-dp-hdmi-mm-aa-b\/"]}]},{"@type":"ImageObject","inLanguage":"es","@id":"https:\/\/aivlisoft.net\/shop\/producto\/lg-24bk55yp-w-monitor23-8-vga-dvi-dp-hdmi-mm-aa-b\/#primaryimage","url":"https:\/\/aivlisoft.net\/shop\/wp-content\/uploads\/2025\/01\/FMOMLE0789_800.jpg","contentUrl":"https:\/\/aivlisoft.net\/shop\/wp-content\/uploads\/2025\/01\/FMOMLE0789_800.jpg","width":800,"height":800},{"@type":"BreadcrumbList","@id":"https:\/\/aivlisoft.net\/shop\/producto\/lg-24bk55yp-w-monitor23-8-vga-dvi-dp-hdmi-mm-aa-b\/#breadcrumb","itemListElement":[{"@type":"ListItem","position":1,"name":"Portada","item":"https:\/\/aivlisoft.net\/shop\/"},{"@type":"ListItem","position":2,"name":"Tienda","item":"https:\/\/aivlisoft.net\/shop\/tienda\/"},{"@type":"ListItem","position":3,"name":"LG 24BK55YP-W Monitor23.8&#8243; VGA DVI DP HDMI MM AA B"}]},{"@type":"WebSite","@id":"https:\/\/aivlisoft.net\/shop\/#website","url":"https:\/\/aivlisoft.net\/shop\/","name":"Aivlisoft Inform\u00e1tica","description":"En Aivlisoft Inform\u00e1tica ofrecemos soluciones tecnol\u00f3gicas para empresas: venta de ordenadores, consumibles, perif\u00e9ricos y m\u00e1s. Calidad, atenci\u00f3n personalizada y los mejores precios para tu negocio.","publisher":{"@id":"https:\/\/aivlisoft.net\/shop\/#organization"},"potentialAction":[{"@type":"SearchAction","target":{"@type":"EntryPoint","urlTemplate":"https:\/\/aivlisoft.net\/shop\/?s={search_term_string}"},"query-input":{"@type":"PropertyValueSpecification","valueRequired":true,"valueName":"search_term_string"}}],"inLanguage":"es"},{"@type":"Organization","@id":"https:\/\/aivlisoft.net\/shop\/#organization","name":"Aivlisoft Inform\u00e1tica","url":"https:\/\/aivlisoft.net\/shop\/","logo":{"@type":"ImageObject","inLanguage":"es","@id":"https:\/\/aivlisoft.net\/shop\/#\/schema\/logo\/image\/","url":"https:\/\/aivlisoft.net\/shop\/wp-content\/uploads\/2024\/12\/removal.ai_5b848c54-0cdf-4140-95c5-c5536bb7573b-logodef.png","contentUrl":"https:\/\/aivlisoft.net\/shop\/wp-content\/uploads\/2024\/12\/removal.ai_5b848c54-0cdf-4140-95c5-c5536bb7573b-logodef.png","width":484,"height":182,"caption":"Aivlisoft Inform\u00e1tica"},"image":{"@id":"https:\/\/aivlisoft.net\/shop\/#\/schema\/logo\/image\/"}}]}},"_links":{"self":[{"href":"https:\/\/aivlisoft.net\/shop\/wp-json\/wp\/v2\/product\/9646","targetHints":{"allow":["GET"]}}],"collection":[{"href":"https:\/\/aivlisoft.net\/shop\/wp-json\/wp\/v2\/product"}],"about":[{"href":"https:\/\/aivlisoft.net\/shop\/wp-json\/wp\/v2\/types\/product"}],"wp:featuredmedia":[{"embeddable":true,"href":"https:\/\/aivlisoft.net\/shop\/wp-json\/wp\/v2\/media\/9647"}],"wp:attachment":[{"href":"https:\/\/aivlisoft.net\/shop\/wp-json\/wp\/v2\/media?parent=9646"}],"wp:term":[{"taxonomy":"product_brand","embeddable":true,"href":"https:\/\/aivlisoft.net\/shop\/wp-json\/wp\/v2\/product_brand?post=9646"},{"taxonomy":"product_cat","embeddable":true,"href":"https:\/\/aivlisoft.net\/shop\/wp-json\/wp\/v2\/product_cat?post=9646"},{"taxonomy":"product_tag","embeddable":true,"href":"https:\/\/aivlisoft.net\/shop\/wp-json\/wp\/v2\/product_tag?post=9646"}],"curies":[{"name":"wp","href":"https:\/\/api.w.org\/{rel}","templated":true}]}}