{"id":9591,"date":"2025-01-13T13:58:21","date_gmt":"2025-01-13T13:58:21","guid":{"rendered":"https:\/\/aivlisoft.com\/?post_type=product&#038;p=9591"},"modified":"2025-01-14T10:47:38","modified_gmt":"2025-01-14T10:47:38","slug":"philips-275v8la-monitor-27-va-qhd-4ms-2hdmi-dp-mm","status":"publish","type":"product","link":"https:\/\/aivlisoft.net\/shop\/producto\/philips-275v8la-monitor-27-va-qhd-4ms-2hdmi-dp-mm\/","title":{"rendered":"Philips 275V8LA Monitor 27&#8243; VA QHD 4ms 2HDMI DP MM"},"content":{"rendered":"<p><\/p>\n<table class=\"tabla_caracteristicas k-table\" width=\"100%\">\n<tr>\n<td valign=\"top\"><strong>Marca<\/strong><\/td>\n<td>Philips<\/td>\n<\/tr>\n<tr>\n<td valign=\"top\"><strong>Modelo<\/strong><\/td>\n<td><strong>275V8LA\/00<\/strong><\/td>\n<\/tr>\n<tr>\n<td valign=\"top\"><strong>Pantalla<\/strong><\/td>\n<td>\n<div>&#8211; Tipo de panel LCD: VA LCD<br \/>\t\t\t&#8211; Tipo de retroiluminaci&oacute;n: Sistema White LED<br \/>\t\t\t&#8211; Tama&ntilde;o de panel: 27&#8243; \/ 68,6 cm<br \/>\t\t\t&#8211; Revestimiento de la pantalla: Antirreflectante, 3 h, empa&ntilde;amiento 25&nbsp;%<br \/>\t\t\t&#8211; &Aacute;rea de visualizaci&oacute;n efectiva: 596,736 (H) X 335,664 (V)<br \/>\t\t\t&#8211; Relaci&oacute;n de aspecto: 16:9<br \/>\t\t\t&#8211; Resoluci&oacute;n m&aacute;xima: 2560 x 1440 a 75 Hz<br \/>\t\t\t&#8211; Densidad de p&iacute;xeles: 108,79 ppp<br \/>\t\t\t&#8211; Tiempo de respuesta (t&iacute;pico): 4 ms (GtG)<br \/>\t\t\t&#8211; Brillo: 250&nbsp; cd\/m&sup2;<br \/>\t\t\t&#8211; Relaci&oacute;n de contraste (t&iacute;pica): 4000:1<br \/>\t\t\t&#8211; SmartContrast: Mega Infinity DCR<br \/>\t\t\t&#8211; Punto de p&iacute;xel: 0,2331 x 0,2331 mm<br \/>\t\t\t&#8211; &Aacute;ngulo de visi&oacute;n<br \/>\t\t\t&nbsp; 178&deg; (H)\/178&deg; (V)<br \/>\t\t\t&nbsp; @ C\/D &gt; 10<br \/>\t\t\t&#8211; Sin parpadeo<br \/>\t\t\t&#8211; Colores de pantalla: 16,7&nbsp;M<br \/>\t\t\t&#8211; Gama de colores (t&iacute;pico): NTSC 90 %, sRGB 104 %<br \/>\t\t\t&#8211; Frecuencia de escaneado: 30 &#8211; 114 kHz (H)\/48 &#8211; 75 Hz (V)<br \/>\t\t\t&#8211; Modo LowBlue<br \/>\t\t\t&#8211; EasyRead<br \/>\t\t\t&#8211; sRGB<br \/>\t\t\t&#8211; Sincronizaci&oacute;n adaptable<\/div>\n<\/td>\n<\/tr>\n<tr>\n<td valign=\"top\"><strong>Conexi&oacute;n<\/strong><\/td>\n<td>&#8211; 1 x HDMI 1.4 x 2, DisplayPort 1.2<br \/>\t\t\t&#8211; HDCP 1.4 (HDMI\/DisplayPort)<br \/>\t\t\t&#8211; Audio (entrada\/salida): Salida de audio<\/td>\n<\/tr>\n<tr>\n<td valign=\"top\"><strong>Caracter&iacute;sticas<\/strong><\/td>\n<td>\n<div>&#8211; Bloqueo Kensington<br \/>\t\t\t&#8211; Montaje VESA (100 x 100 mm)<br \/>\t\t\t&#8211; Altavoces integrados: 2 x 2 W<br \/>\t\t\t&#8211; Bloqueo Kensington<br \/>\t\t\t&#8211; Plug &amp; Play:<br \/>\t\t\t&nbsp; DDC\/CI<br \/>\t\t\t&nbsp; Mac OS X<br \/>\t\t\t&nbsp; sRGB<br \/>\t\t\t&nbsp; Windows 11\/10\/8.1\/8\/7<br \/>\t\t\t<strong>Soporte<\/strong><br \/>\t\t\t&#8211; Inclinaci&oacute;n: -5\/30 &ordm;<br \/>\t\t\t<strong>Potencia<\/strong><br \/>\t\t\t&#8211; En modo: 25,2 W ( (t&iacute;p.)<br \/>\t\t\t&#8211; Modo de espera: 0,5 W (t&iacute;p.)<br \/>\t\t\t&#8211; Modo desactivado: 0,3 W (t&iacute;p.)<br \/>\t\t\t&#8211; Indicador LED de alimentaci&oacute;n<br \/>\t\t\t&nbsp; Funcionamiento: blanco<br \/>\t\t\t&nbsp; Modo de espera: blanco (parpadeante)<br \/>\t\t\t&#8211; Alimentaci&oacute;n Integrada: 100-240 V CA, 50-60 Hz<br \/>\t\t\t<strong>Cumplimiento de normativas y est&aacute;ndares<\/strong><br \/>\t\t\t&#8211; CB<br \/>\t\t\t&#8211; FCC Clase B<br \/>\t\t\t&#8211; ICES-003<br \/>\t\t\t&#8211; Marca CE<br \/>\t\t\t&#8211; CU-EAC<br \/>\t\t\t&#8211; RoHS de UEE<br \/>\t\t\t&#8211; TUV\/ISO9241-307<br \/>\t\t\t&#8211; TUV-BAUART<br \/>\t\t\t<strong>Dimensiones y peso<\/strong><br \/>\t\t\t&#8211; 614 x 458 x 231&nbsp; mm<br \/>\t\t\t&#8211; 4,06&nbsp; kg<\/div>\n<\/td>\n<\/tr>\n<tr>\n<td valign=\"top\"><strong>Certificado energ&eacute;tico<\/strong><\/td>\n<td><a alt=\"Certificado energ&Atilde;&#402;&Acirc;&copy;tico\" href=\"https:\/\/www.infortisa.com\/images\/content\/2023111411440828844FMOMLE0774.webp\" target=\"_blank\">Ver certificado<\/a><\/td>\n<\/tr>\n<tr>\n<td valign=\"top\"><strong>Fecha de revisi&oacute;n<\/strong><\/td>\n<td>14-11-2023 por RTY<\/td>\n<\/tr>\n<\/table>\n","protected":false},"excerpt":{"rendered":"<p>Marca Philips Modelo 275V8LA\/00 Pantalla &#8211; Tipo de panel LCD: VA LCD &#8211; Tipo de retroiluminaci&oacute;n: Sistema White LED &#8211; Tama&ntilde;o de panel: 27&#8243; \/ 68,6 cm &#8211; Revestimiento de la pantalla: Antirreflectante, 3 h, empa&ntilde;amiento 25&nbsp;% &#8211; &Aacute;rea de visualizaci&oacute;n efectiva: 596,736 (H) X 335,664 (V) &#8211; Relaci&oacute;n de aspecto: 16:9 &#8211; Resoluci&oacute;n m&aacute;xima:&hellip;&nbsp;<a href=\"https:\/\/aivlisoft.net\/shop\/producto\/philips-275v8la-monitor-27-va-qhd-4ms-2hdmi-dp-mm\/\" rel=\"bookmark\"><span class=\"screen-reader-text\">Philips 275V8LA Monitor 27&#8243; VA QHD 4ms 2HDMI DP MM<\/span><\/a><\/p>\n","protected":false},"featured_media":9592,"template":"","meta":{"neve_meta_sidebar":"","neve_meta_container":"","neve_meta_enable_content_width":"","neve_meta_content_width":0,"neve_meta_title_alignment":"","neve_meta_author_avatar":"","neve_post_elements_order":"","neve_meta_disable_header":"","neve_meta_disable_footer":"","neve_meta_disable_title":""},"product_brand":[],"product_cat":[8720],"product_tag":[3793],"class_list":{"0":"post-9591","1":"product","2":"type-product","3":"status-publish","4":"has-post-thumbnail","6":"product_cat-monitores-led","7":"product_tag-275v8la-00","9":"first","10":"instock","11":"taxable","12":"shipping-taxable","13":"purchasable","14":"product-type-simple"},"yoast_head":"<!-- This site is optimized with the Yoast SEO plugin v26.0 - https:\/\/yoast.com\/wordpress\/plugins\/seo\/ -->\n<title>Philips 275V8LA Monitor 27&quot; VA QHD 4ms 2HDMI DP MM - Aivlisoft Inform\u00e1tica<\/title>\n<meta name=\"robots\" content=\"index, follow, max-snippet:-1, max-image-preview:large, max-video-preview:-1\" \/>\n<link rel=\"canonical\" href=\"https:\/\/aivlisoft.net\/shop\/producto\/philips-275v8la-monitor-27-va-qhd-4ms-2hdmi-dp-mm\/\" \/>\n<meta property=\"og:locale\" content=\"es_ES\" \/>\n<meta property=\"og:type\" content=\"article\" \/>\n<meta property=\"og:title\" content=\"Philips 275V8LA Monitor 27&quot; VA QHD 4ms 2HDMI DP MM - Aivlisoft Inform\u00e1tica\" \/>\n<meta property=\"og:description\" content=\"Marca Philips Modelo 275V8LA\/00 Pantalla &#8211; Tipo de panel LCD: VA LCD &#8211; Tipo de retroiluminaci&oacute;n: Sistema White LED &#8211; Tama&ntilde;o de panel: 27&#8243; \/ 68,6 cm &#8211; Revestimiento de la pantalla: Antirreflectante, 3 h, empa&ntilde;amiento 25&nbsp;% &#8211; &Aacute;rea de visualizaci&oacute;n efectiva: 596,736 (H) X 335,664 (V) &#8211; Relaci&oacute;n de aspecto: 16:9 &#8211; Resoluci&oacute;n m&aacute;xima:&hellip;&nbsp;Philips 275V8LA Monitor 27&#8243; VA QHD 4ms 2HDMI DP MM\" \/>\n<meta property=\"og:url\" content=\"https:\/\/aivlisoft.net\/shop\/producto\/philips-275v8la-monitor-27-va-qhd-4ms-2hdmi-dp-mm\/\" \/>\n<meta property=\"og:site_name\" content=\"Aivlisoft Inform\u00e1tica\" \/>\n<meta property=\"article:modified_time\" content=\"2025-01-14T10:47:38+00:00\" \/>\n<meta property=\"og:image\" content=\"https:\/\/aivlisoft.net\/shop\/wp-content\/uploads\/2025\/01\/FMOMLE0774_800.jpg\" \/>\n\t<meta property=\"og:image:width\" content=\"800\" \/>\n\t<meta property=\"og:image:height\" content=\"800\" \/>\n\t<meta property=\"og:image:type\" content=\"image\/jpeg\" \/>\n<meta name=\"twitter:card\" content=\"summary_large_image\" \/>\n<meta name=\"twitter:label1\" content=\"Tiempo de lectura\" \/>\n\t<meta name=\"twitter:data1\" content=\"2 minutos\" \/>\n<script type=\"application\/ld+json\" class=\"yoast-schema-graph\">{\"@context\":\"https:\/\/schema.org\",\"@graph\":[{\"@type\":\"WebPage\",\"@id\":\"https:\/\/aivlisoft.net\/shop\/producto\/philips-275v8la-monitor-27-va-qhd-4ms-2hdmi-dp-mm\/\",\"url\":\"https:\/\/aivlisoft.net\/shop\/producto\/philips-275v8la-monitor-27-va-qhd-4ms-2hdmi-dp-mm\/\",\"name\":\"Philips 275V8LA Monitor 27\\\" VA QHD 4ms 2HDMI DP MM - Aivlisoft Inform\u00e1tica\",\"isPartOf\":{\"@id\":\"https:\/\/aivlisoft.net\/shop\/#website\"},\"primaryImageOfPage\":{\"@id\":\"https:\/\/aivlisoft.net\/shop\/producto\/philips-275v8la-monitor-27-va-qhd-4ms-2hdmi-dp-mm\/#primaryimage\"},\"image\":{\"@id\":\"https:\/\/aivlisoft.net\/shop\/producto\/philips-275v8la-monitor-27-va-qhd-4ms-2hdmi-dp-mm\/#primaryimage\"},\"thumbnailUrl\":\"https:\/\/aivlisoft.net\/shop\/wp-content\/uploads\/2025\/01\/FMOMLE0774_800.jpg\",\"datePublished\":\"2025-01-13T13:58:21+00:00\",\"dateModified\":\"2025-01-14T10:47:38+00:00\",\"breadcrumb\":{\"@id\":\"https:\/\/aivlisoft.net\/shop\/producto\/philips-275v8la-monitor-27-va-qhd-4ms-2hdmi-dp-mm\/#breadcrumb\"},\"inLanguage\":\"es\",\"potentialAction\":[{\"@type\":\"ReadAction\",\"target\":[\"https:\/\/aivlisoft.net\/shop\/producto\/philips-275v8la-monitor-27-va-qhd-4ms-2hdmi-dp-mm\/\"]}]},{\"@type\":\"ImageObject\",\"inLanguage\":\"es\",\"@id\":\"https:\/\/aivlisoft.net\/shop\/producto\/philips-275v8la-monitor-27-va-qhd-4ms-2hdmi-dp-mm\/#primaryimage\",\"url\":\"https:\/\/aivlisoft.net\/shop\/wp-content\/uploads\/2025\/01\/FMOMLE0774_800.jpg\",\"contentUrl\":\"https:\/\/aivlisoft.net\/shop\/wp-content\/uploads\/2025\/01\/FMOMLE0774_800.jpg\",\"width\":800,\"height\":800},{\"@type\":\"BreadcrumbList\",\"@id\":\"https:\/\/aivlisoft.net\/shop\/producto\/philips-275v8la-monitor-27-va-qhd-4ms-2hdmi-dp-mm\/#breadcrumb\",\"itemListElement\":[{\"@type\":\"ListItem\",\"position\":1,\"name\":\"Portada\",\"item\":\"https:\/\/aivlisoft.net\/shop\/\"},{\"@type\":\"ListItem\",\"position\":2,\"name\":\"Tienda\",\"item\":\"https:\/\/aivlisoft.net\/shop\/tienda\/\"},{\"@type\":\"ListItem\",\"position\":3,\"name\":\"Philips 275V8LA Monitor 27&#8243; VA QHD 4ms 2HDMI DP MM\"}]},{\"@type\":\"WebSite\",\"@id\":\"https:\/\/aivlisoft.net\/shop\/#website\",\"url\":\"https:\/\/aivlisoft.net\/shop\/\",\"name\":\"Aivlisoft Inform\u00e1tica\",\"description\":\"En Aivlisoft Inform\u00e1tica ofrecemos soluciones tecnol\u00f3gicas para empresas: venta de ordenadores, consumibles, perif\u00e9ricos y m\u00e1s. Calidad, atenci\u00f3n personalizada y los mejores precios para tu negocio.\",\"publisher\":{\"@id\":\"https:\/\/aivlisoft.net\/shop\/#organization\"},\"potentialAction\":[{\"@type\":\"SearchAction\",\"target\":{\"@type\":\"EntryPoint\",\"urlTemplate\":\"https:\/\/aivlisoft.net\/shop\/?s={search_term_string}\"},\"query-input\":{\"@type\":\"PropertyValueSpecification\",\"valueRequired\":true,\"valueName\":\"search_term_string\"}}],\"inLanguage\":\"es\"},{\"@type\":\"Organization\",\"@id\":\"https:\/\/aivlisoft.net\/shop\/#organization\",\"name\":\"Aivlisoft Inform\u00e1tica\",\"url\":\"https:\/\/aivlisoft.net\/shop\/\",\"logo\":{\"@type\":\"ImageObject\",\"inLanguage\":\"es\",\"@id\":\"https:\/\/aivlisoft.net\/shop\/#\/schema\/logo\/image\/\",\"url\":\"https:\/\/aivlisoft.net\/shop\/wp-content\/uploads\/2024\/12\/removal.ai_5b848c54-0cdf-4140-95c5-c5536bb7573b-logodef.png\",\"contentUrl\":\"https:\/\/aivlisoft.net\/shop\/wp-content\/uploads\/2024\/12\/removal.ai_5b848c54-0cdf-4140-95c5-c5536bb7573b-logodef.png\",\"width\":484,\"height\":182,\"caption\":\"Aivlisoft Inform\u00e1tica\"},\"image\":{\"@id\":\"https:\/\/aivlisoft.net\/shop\/#\/schema\/logo\/image\/\"}}]}<\/script>\n<!-- \/ Yoast SEO plugin. -->","yoast_head_json":{"title":"Philips 275V8LA Monitor 27\" VA QHD 4ms 2HDMI DP MM - Aivlisoft Inform\u00e1tica","robots":{"index":"index","follow":"follow","max-snippet":"max-snippet:-1","max-image-preview":"max-image-preview:large","max-video-preview":"max-video-preview:-1"},"canonical":"https:\/\/aivlisoft.net\/shop\/producto\/philips-275v8la-monitor-27-va-qhd-4ms-2hdmi-dp-mm\/","og_locale":"es_ES","og_type":"article","og_title":"Philips 275V8LA Monitor 27\" VA QHD 4ms 2HDMI DP MM - Aivlisoft Inform\u00e1tica","og_description":"Marca Philips Modelo 275V8LA\/00 Pantalla &#8211; Tipo de panel LCD: VA LCD &#8211; Tipo de retroiluminaci&oacute;n: Sistema White LED &#8211; Tama&ntilde;o de panel: 27&#8243; \/ 68,6 cm &#8211; Revestimiento de la pantalla: Antirreflectante, 3 h, empa&ntilde;amiento 25&nbsp;% &#8211; &Aacute;rea de visualizaci&oacute;n efectiva: 596,736 (H) X 335,664 (V) &#8211; Relaci&oacute;n de aspecto: 16:9 &#8211; Resoluci&oacute;n m&aacute;xima:&hellip;&nbsp;Philips 275V8LA Monitor 27&#8243; VA QHD 4ms 2HDMI DP MM","og_url":"https:\/\/aivlisoft.net\/shop\/producto\/philips-275v8la-monitor-27-va-qhd-4ms-2hdmi-dp-mm\/","og_site_name":"Aivlisoft Inform\u00e1tica","article_modified_time":"2025-01-14T10:47:38+00:00","og_image":[{"width":800,"height":800,"url":"https:\/\/aivlisoft.net\/shop\/wp-content\/uploads\/2025\/01\/FMOMLE0774_800.jpg","type":"image\/jpeg"}],"twitter_card":"summary_large_image","twitter_misc":{"Tiempo de lectura":"2 minutos"},"schema":{"@context":"https:\/\/schema.org","@graph":[{"@type":"WebPage","@id":"https:\/\/aivlisoft.net\/shop\/producto\/philips-275v8la-monitor-27-va-qhd-4ms-2hdmi-dp-mm\/","url":"https:\/\/aivlisoft.net\/shop\/producto\/philips-275v8la-monitor-27-va-qhd-4ms-2hdmi-dp-mm\/","name":"Philips 275V8LA Monitor 27\" VA QHD 4ms 2HDMI DP MM - Aivlisoft Inform\u00e1tica","isPartOf":{"@id":"https:\/\/aivlisoft.net\/shop\/#website"},"primaryImageOfPage":{"@id":"https:\/\/aivlisoft.net\/shop\/producto\/philips-275v8la-monitor-27-va-qhd-4ms-2hdmi-dp-mm\/#primaryimage"},"image":{"@id":"https:\/\/aivlisoft.net\/shop\/producto\/philips-275v8la-monitor-27-va-qhd-4ms-2hdmi-dp-mm\/#primaryimage"},"thumbnailUrl":"https:\/\/aivlisoft.net\/shop\/wp-content\/uploads\/2025\/01\/FMOMLE0774_800.jpg","datePublished":"2025-01-13T13:58:21+00:00","dateModified":"2025-01-14T10:47:38+00:00","breadcrumb":{"@id":"https:\/\/aivlisoft.net\/shop\/producto\/philips-275v8la-monitor-27-va-qhd-4ms-2hdmi-dp-mm\/#breadcrumb"},"inLanguage":"es","potentialAction":[{"@type":"ReadAction","target":["https:\/\/aivlisoft.net\/shop\/producto\/philips-275v8la-monitor-27-va-qhd-4ms-2hdmi-dp-mm\/"]}]},{"@type":"ImageObject","inLanguage":"es","@id":"https:\/\/aivlisoft.net\/shop\/producto\/philips-275v8la-monitor-27-va-qhd-4ms-2hdmi-dp-mm\/#primaryimage","url":"https:\/\/aivlisoft.net\/shop\/wp-content\/uploads\/2025\/01\/FMOMLE0774_800.jpg","contentUrl":"https:\/\/aivlisoft.net\/shop\/wp-content\/uploads\/2025\/01\/FMOMLE0774_800.jpg","width":800,"height":800},{"@type":"BreadcrumbList","@id":"https:\/\/aivlisoft.net\/shop\/producto\/philips-275v8la-monitor-27-va-qhd-4ms-2hdmi-dp-mm\/#breadcrumb","itemListElement":[{"@type":"ListItem","position":1,"name":"Portada","item":"https:\/\/aivlisoft.net\/shop\/"},{"@type":"ListItem","position":2,"name":"Tienda","item":"https:\/\/aivlisoft.net\/shop\/tienda\/"},{"@type":"ListItem","position":3,"name":"Philips 275V8LA Monitor 27&#8243; VA QHD 4ms 2HDMI DP MM"}]},{"@type":"WebSite","@id":"https:\/\/aivlisoft.net\/shop\/#website","url":"https:\/\/aivlisoft.net\/shop\/","name":"Aivlisoft Inform\u00e1tica","description":"En Aivlisoft Inform\u00e1tica ofrecemos soluciones tecnol\u00f3gicas para empresas: venta de ordenadores, consumibles, perif\u00e9ricos y m\u00e1s. Calidad, atenci\u00f3n personalizada y los mejores precios para tu negocio.","publisher":{"@id":"https:\/\/aivlisoft.net\/shop\/#organization"},"potentialAction":[{"@type":"SearchAction","target":{"@type":"EntryPoint","urlTemplate":"https:\/\/aivlisoft.net\/shop\/?s={search_term_string}"},"query-input":{"@type":"PropertyValueSpecification","valueRequired":true,"valueName":"search_term_string"}}],"inLanguage":"es"},{"@type":"Organization","@id":"https:\/\/aivlisoft.net\/shop\/#organization","name":"Aivlisoft Inform\u00e1tica","url":"https:\/\/aivlisoft.net\/shop\/","logo":{"@type":"ImageObject","inLanguage":"es","@id":"https:\/\/aivlisoft.net\/shop\/#\/schema\/logo\/image\/","url":"https:\/\/aivlisoft.net\/shop\/wp-content\/uploads\/2024\/12\/removal.ai_5b848c54-0cdf-4140-95c5-c5536bb7573b-logodef.png","contentUrl":"https:\/\/aivlisoft.net\/shop\/wp-content\/uploads\/2024\/12\/removal.ai_5b848c54-0cdf-4140-95c5-c5536bb7573b-logodef.png","width":484,"height":182,"caption":"Aivlisoft Inform\u00e1tica"},"image":{"@id":"https:\/\/aivlisoft.net\/shop\/#\/schema\/logo\/image\/"}}]}},"_links":{"self":[{"href":"https:\/\/aivlisoft.net\/shop\/wp-json\/wp\/v2\/product\/9591","targetHints":{"allow":["GET"]}}],"collection":[{"href":"https:\/\/aivlisoft.net\/shop\/wp-json\/wp\/v2\/product"}],"about":[{"href":"https:\/\/aivlisoft.net\/shop\/wp-json\/wp\/v2\/types\/product"}],"wp:featuredmedia":[{"embeddable":true,"href":"https:\/\/aivlisoft.net\/shop\/wp-json\/wp\/v2\/media\/9592"}],"wp:attachment":[{"href":"https:\/\/aivlisoft.net\/shop\/wp-json\/wp\/v2\/media?parent=9591"}],"wp:term":[{"taxonomy":"product_brand","embeddable":true,"href":"https:\/\/aivlisoft.net\/shop\/wp-json\/wp\/v2\/product_brand?post=9591"},{"taxonomy":"product_cat","embeddable":true,"href":"https:\/\/aivlisoft.net\/shop\/wp-json\/wp\/v2\/product_cat?post=9591"},{"taxonomy":"product_tag","embeddable":true,"href":"https:\/\/aivlisoft.net\/shop\/wp-json\/wp\/v2\/product_tag?post=9591"}],"curies":[{"name":"wp","href":"https:\/\/api.w.org\/{rel}","templated":true}]}}