{"id":9561,"date":"2025-01-13T13:58:08","date_gmt":"2025-01-13T13:58:08","guid":{"rendered":"https:\/\/aivlisoft.com\/?post_type=product&#038;p=9561"},"modified":"2025-01-14T10:47:30","modified_gmt":"2025-01-14T10:47:30","slug":"lg-22mr410-b-monitor-21-5-led-va-fhd-vga-hdmi","status":"publish","type":"product","link":"https:\/\/aivlisoft.net\/shop\/producto\/lg-22mr410-b-monitor-21-5-led-va-fhd-vga-hdmi\/","title":{"rendered":"LG 22MR410-B  Monitor 21.5&#8243; LED VA FHD VGA HDMI"},"content":{"rendered":"<p><\/p>\n<table class=\"tabla_caracteristicas k-table\" width=\"100%\">\n<tr>\n<td valign=\"top\"><strong>Marca<\/strong><\/td>\n<td>LG<\/td>\n<\/tr>\n<tr>\n<td valign=\"top\"><strong>Modelo<\/strong><\/td>\n<td><strong>22MR410-B<\/strong><\/td>\n<\/tr>\n<tr>\n<td valign=\"top\"><strong>Pantalla<\/strong><\/td>\n<td>&#8211; Tama&ntilde;o: <strong>21,45&#8243; <\/strong><br \/>\t\t\t&#8211; Resoluci&oacute;n: 1920 x 1080<br \/>\t\t\t&#8211; Tipo de panel: VA<br \/>\t\t\t&#8211; Ratio de Aspecto: 16:9<br \/>\t\t\t&#8211; Tama&ntilde;o de Pixel: 0,2493 x 0,241 mm<br \/>\t\t\t&#8211; Brillo (M&iacute;n.): 250 cd\/m&sup2;<br \/>\t\t\t&#8211; Brillo (T&iacute;p.): 220 cd\/m&sup2;<br \/>\t\t\t&#8211; Gamut de Color (T&iacute;p.): sRGB 99% (CIE1931)<br \/>\t\t\t&#8211; Profundidad de Color: 16,7 M<br \/>\t\t\t&#8211; Ratio de Contraste (M&iacute;n.): 3000:0<br \/>\t\t\t&#8211; Ratio de Contraste (T&iacute;p.): 2000:1<br \/>\t\t\t&#8211; Velocidad de Respuesta: 5ms (GtG)<br \/>\t\t\t&#8211; &Aacute;ngulo de Visi&oacute;n: 178&ordm; (R\/L) \/ 178&ordm; (U\/D)<\/td>\n<\/tr>\n<tr>\n<td valign=\"top\"><strong>Conexi&oacute;n<\/strong><\/td>\n<td>&#8211; 1 x HDMI<br \/>\t\t\t&#8211; 1 x entrada D-Sub<br \/>\t\t\t&#8211; Salida para Auriculares<\/td>\n<\/tr>\n<tr>\n<td valign=\"top\"><strong>Caracter&iacute;st<\/strong><\/td>\n<td>&#8211; Modo de debilidad del color<br \/>\t\t\t&#8211; Sincronizaci&oacute;n adaptativa: AMD FreeSync<br \/>\t\t\t&#8211; Estabilizador negro<br \/>\t\t\t&#8211; Sincronizaci&oacute;n de acci&oacute;n din&aacute;mica<br \/>\t\t\t&#8211; Parpadeo seguro<br \/>\t\t\t&#8211; Modo lector<br \/>\t\t\t&#8211; Super Resoluci&oacute;n +<br \/>\t\t\t&#8211; Control en pantalla (OSC)<br \/>\t\t\t&#8211; Interruptor de entrada autom&aacute;tica<br \/>\t\t\t<strong>Alimentaci&oacute;n<\/strong><br \/>\t\t\t&#8211; Tipo de Alimentaci&oacute;n: Alimentaci&oacute;n Externa (Adaptador)<br \/>\t\t\t&#8211; Entrada: 100~240V (50\/60Hz)<br \/>\t\t\t&#8211; Modo de ahorro de energ&iacute;a\/suspensi&oacute;n (m&aacute;x.): Menos de 0,5W<br \/>\t\t\t&#8211; CC apagada (m&aacute;x.): Menos de 0,3W<br \/>\t\t\t&#8211; Consumo de Potencia (T&iacute;p.): 20W<\/td>\n<\/tr>\n<tr>\n<td valign=\"top\"><strong>Certificado energ&eacute;tico<\/strong><\/td>\n<td><a alt=\"Certificado energ&Atilde;&#402;????&Atilde;&#402;???&Atilde;&#402;??&Atilde;&#402;?&Atilde;&#8218;&Acirc;&copy;tico\" href=\"https:\/\/www.infortisa.com\/images\/content\/2023101616070128844FMOMLE0759.webp\" target=\"_blank\">Ver certificado<\/a><\/td>\n<\/tr>\n<tr>\n<td valign=\"top\"><strong>Fecha de revisi&oacute;n<\/strong><\/td>\n<td>16-10-2023 por RTY<\/td>\n<\/tr>\n<\/table>\n","protected":false},"excerpt":{"rendered":"<p>Marca LG Modelo 22MR410-B Pantalla &#8211; Tama&ntilde;o: 21,45&#8243; &#8211; Resoluci&oacute;n: 1920 x 1080 &#8211; Tipo de panel: VA &#8211; Ratio de Aspecto: 16:9 &#8211; Tama&ntilde;o de Pixel: 0,2493 x 0,241 mm &#8211; Brillo (M&iacute;n.): 250 cd\/m&sup2; &#8211; Brillo (T&iacute;p.): 220 cd\/m&sup2; &#8211; Gamut de Color (T&iacute;p.): sRGB 99% (CIE1931) &#8211; Profundidad de Color: 16,7 M&hellip;&nbsp;<a href=\"https:\/\/aivlisoft.net\/shop\/producto\/lg-22mr410-b-monitor-21-5-led-va-fhd-vga-hdmi\/\" rel=\"bookmark\"><span class=\"screen-reader-text\">LG 22MR410-B  Monitor 21.5&#8243; LED VA FHD VGA HDMI<\/span><\/a><\/p>\n","protected":false},"featured_media":9562,"template":"","meta":{"neve_meta_sidebar":"","neve_meta_container":"","neve_meta_enable_content_width":"","neve_meta_content_width":0,"neve_meta_title_alignment":"","neve_meta_author_avatar":"","neve_post_elements_order":"","neve_meta_disable_header":"","neve_meta_disable_footer":"","neve_meta_disable_title":""},"product_brand":[],"product_cat":[8720],"product_tag":[3787],"class_list":{"0":"post-9561","1":"product","2":"type-product","3":"status-publish","4":"has-post-thumbnail","6":"product_cat-monitores-led","7":"product_tag-22mr410-b","9":"first","10":"instock","11":"taxable","12":"shipping-taxable","13":"purchasable","14":"product-type-simple"},"yoast_head":"<!-- This site is optimized with the Yoast SEO plugin v26.0 - https:\/\/yoast.com\/wordpress\/plugins\/seo\/ -->\n<title>LG 22MR410-B Monitor 21.5&quot; LED VA FHD VGA HDMI - Aivlisoft Inform\u00e1tica<\/title>\n<meta name=\"robots\" content=\"index, follow, max-snippet:-1, max-image-preview:large, max-video-preview:-1\" \/>\n<link rel=\"canonical\" href=\"https:\/\/aivlisoft.net\/shop\/producto\/lg-22mr410-b-monitor-21-5-led-va-fhd-vga-hdmi\/\" \/>\n<meta property=\"og:locale\" content=\"es_ES\" \/>\n<meta property=\"og:type\" content=\"article\" \/>\n<meta property=\"og:title\" content=\"LG 22MR410-B Monitor 21.5&quot; LED VA FHD VGA HDMI - Aivlisoft Inform\u00e1tica\" \/>\n<meta property=\"og:description\" content=\"Marca LG Modelo 22MR410-B Pantalla &#8211; Tama&ntilde;o: 21,45&#8243; &#8211; Resoluci&oacute;n: 1920 x 1080 &#8211; Tipo de panel: VA &#8211; Ratio de Aspecto: 16:9 &#8211; Tama&ntilde;o de Pixel: 0,2493 x 0,241 mm &#8211; Brillo (M&iacute;n.): 250 cd\/m&sup2; &#8211; Brillo (T&iacute;p.): 220 cd\/m&sup2; &#8211; Gamut de Color (T&iacute;p.): sRGB 99% (CIE1931) &#8211; Profundidad de Color: 16,7 M&hellip;&nbsp;LG 22MR410-B Monitor 21.5&#8243; LED VA FHD VGA HDMI\" \/>\n<meta property=\"og:url\" content=\"https:\/\/aivlisoft.net\/shop\/producto\/lg-22mr410-b-monitor-21-5-led-va-fhd-vga-hdmi\/\" \/>\n<meta property=\"og:site_name\" content=\"Aivlisoft Inform\u00e1tica\" \/>\n<meta property=\"article:modified_time\" content=\"2025-01-14T10:47:30+00:00\" \/>\n<meta property=\"og:image\" content=\"https:\/\/aivlisoft.net\/shop\/wp-content\/uploads\/2025\/01\/FMOMLE0759_800.jpg\" \/>\n\t<meta property=\"og:image:width\" content=\"800\" \/>\n\t<meta property=\"og:image:height\" content=\"800\" \/>\n\t<meta property=\"og:image:type\" content=\"image\/jpeg\" \/>\n<meta name=\"twitter:card\" content=\"summary_large_image\" \/>\n<meta name=\"twitter:label1\" content=\"Tiempo de lectura\" \/>\n\t<meta name=\"twitter:data1\" content=\"1 minuto\" \/>\n<script type=\"application\/ld+json\" class=\"yoast-schema-graph\">{\"@context\":\"https:\/\/schema.org\",\"@graph\":[{\"@type\":\"WebPage\",\"@id\":\"https:\/\/aivlisoft.net\/shop\/producto\/lg-22mr410-b-monitor-21-5-led-va-fhd-vga-hdmi\/\",\"url\":\"https:\/\/aivlisoft.net\/shop\/producto\/lg-22mr410-b-monitor-21-5-led-va-fhd-vga-hdmi\/\",\"name\":\"LG 22MR410-B Monitor 21.5\\\" LED VA FHD VGA HDMI - Aivlisoft Inform\u00e1tica\",\"isPartOf\":{\"@id\":\"https:\/\/aivlisoft.net\/shop\/#website\"},\"primaryImageOfPage\":{\"@id\":\"https:\/\/aivlisoft.net\/shop\/producto\/lg-22mr410-b-monitor-21-5-led-va-fhd-vga-hdmi\/#primaryimage\"},\"image\":{\"@id\":\"https:\/\/aivlisoft.net\/shop\/producto\/lg-22mr410-b-monitor-21-5-led-va-fhd-vga-hdmi\/#primaryimage\"},\"thumbnailUrl\":\"https:\/\/aivlisoft.net\/shop\/wp-content\/uploads\/2025\/01\/FMOMLE0759_800.jpg\",\"datePublished\":\"2025-01-13T13:58:08+00:00\",\"dateModified\":\"2025-01-14T10:47:30+00:00\",\"breadcrumb\":{\"@id\":\"https:\/\/aivlisoft.net\/shop\/producto\/lg-22mr410-b-monitor-21-5-led-va-fhd-vga-hdmi\/#breadcrumb\"},\"inLanguage\":\"es\",\"potentialAction\":[{\"@type\":\"ReadAction\",\"target\":[\"https:\/\/aivlisoft.net\/shop\/producto\/lg-22mr410-b-monitor-21-5-led-va-fhd-vga-hdmi\/\"]}]},{\"@type\":\"ImageObject\",\"inLanguage\":\"es\",\"@id\":\"https:\/\/aivlisoft.net\/shop\/producto\/lg-22mr410-b-monitor-21-5-led-va-fhd-vga-hdmi\/#primaryimage\",\"url\":\"https:\/\/aivlisoft.net\/shop\/wp-content\/uploads\/2025\/01\/FMOMLE0759_800.jpg\",\"contentUrl\":\"https:\/\/aivlisoft.net\/shop\/wp-content\/uploads\/2025\/01\/FMOMLE0759_800.jpg\",\"width\":800,\"height\":800},{\"@type\":\"BreadcrumbList\",\"@id\":\"https:\/\/aivlisoft.net\/shop\/producto\/lg-22mr410-b-monitor-21-5-led-va-fhd-vga-hdmi\/#breadcrumb\",\"itemListElement\":[{\"@type\":\"ListItem\",\"position\":1,\"name\":\"Portada\",\"item\":\"https:\/\/aivlisoft.net\/shop\/\"},{\"@type\":\"ListItem\",\"position\":2,\"name\":\"Tienda\",\"item\":\"https:\/\/aivlisoft.net\/shop\/tienda\/\"},{\"@type\":\"ListItem\",\"position\":3,\"name\":\"LG 22MR410-B Monitor 21.5&#8243; LED VA FHD VGA HDMI\"}]},{\"@type\":\"WebSite\",\"@id\":\"https:\/\/aivlisoft.net\/shop\/#website\",\"url\":\"https:\/\/aivlisoft.net\/shop\/\",\"name\":\"Aivlisoft Inform\u00e1tica\",\"description\":\"En Aivlisoft Inform\u00e1tica ofrecemos soluciones tecnol\u00f3gicas para empresas: venta de ordenadores, consumibles, perif\u00e9ricos y m\u00e1s. Calidad, atenci\u00f3n personalizada y los mejores precios para tu negocio.\",\"publisher\":{\"@id\":\"https:\/\/aivlisoft.net\/shop\/#organization\"},\"potentialAction\":[{\"@type\":\"SearchAction\",\"target\":{\"@type\":\"EntryPoint\",\"urlTemplate\":\"https:\/\/aivlisoft.net\/shop\/?s={search_term_string}\"},\"query-input\":{\"@type\":\"PropertyValueSpecification\",\"valueRequired\":true,\"valueName\":\"search_term_string\"}}],\"inLanguage\":\"es\"},{\"@type\":\"Organization\",\"@id\":\"https:\/\/aivlisoft.net\/shop\/#organization\",\"name\":\"Aivlisoft Inform\u00e1tica\",\"url\":\"https:\/\/aivlisoft.net\/shop\/\",\"logo\":{\"@type\":\"ImageObject\",\"inLanguage\":\"es\",\"@id\":\"https:\/\/aivlisoft.net\/shop\/#\/schema\/logo\/image\/\",\"url\":\"https:\/\/aivlisoft.net\/shop\/wp-content\/uploads\/2024\/12\/removal.ai_5b848c54-0cdf-4140-95c5-c5536bb7573b-logodef.png\",\"contentUrl\":\"https:\/\/aivlisoft.net\/shop\/wp-content\/uploads\/2024\/12\/removal.ai_5b848c54-0cdf-4140-95c5-c5536bb7573b-logodef.png\",\"width\":484,\"height\":182,\"caption\":\"Aivlisoft Inform\u00e1tica\"},\"image\":{\"@id\":\"https:\/\/aivlisoft.net\/shop\/#\/schema\/logo\/image\/\"}}]}<\/script>\n<!-- \/ Yoast SEO plugin. -->","yoast_head_json":{"title":"LG 22MR410-B Monitor 21.5\" LED VA FHD VGA HDMI - Aivlisoft Inform\u00e1tica","robots":{"index":"index","follow":"follow","max-snippet":"max-snippet:-1","max-image-preview":"max-image-preview:large","max-video-preview":"max-video-preview:-1"},"canonical":"https:\/\/aivlisoft.net\/shop\/producto\/lg-22mr410-b-monitor-21-5-led-va-fhd-vga-hdmi\/","og_locale":"es_ES","og_type":"article","og_title":"LG 22MR410-B Monitor 21.5\" LED VA FHD VGA HDMI - Aivlisoft Inform\u00e1tica","og_description":"Marca LG Modelo 22MR410-B Pantalla &#8211; Tama&ntilde;o: 21,45&#8243; &#8211; Resoluci&oacute;n: 1920 x 1080 &#8211; Tipo de panel: VA &#8211; Ratio de Aspecto: 16:9 &#8211; Tama&ntilde;o de Pixel: 0,2493 x 0,241 mm &#8211; Brillo (M&iacute;n.): 250 cd\/m&sup2; &#8211; Brillo (T&iacute;p.): 220 cd\/m&sup2; &#8211; Gamut de Color (T&iacute;p.): sRGB 99% (CIE1931) &#8211; Profundidad de Color: 16,7 M&hellip;&nbsp;LG 22MR410-B Monitor 21.5&#8243; LED VA FHD VGA HDMI","og_url":"https:\/\/aivlisoft.net\/shop\/producto\/lg-22mr410-b-monitor-21-5-led-va-fhd-vga-hdmi\/","og_site_name":"Aivlisoft Inform\u00e1tica","article_modified_time":"2025-01-14T10:47:30+00:00","og_image":[{"width":800,"height":800,"url":"https:\/\/aivlisoft.net\/shop\/wp-content\/uploads\/2025\/01\/FMOMLE0759_800.jpg","type":"image\/jpeg"}],"twitter_card":"summary_large_image","twitter_misc":{"Tiempo de lectura":"1 minuto"},"schema":{"@context":"https:\/\/schema.org","@graph":[{"@type":"WebPage","@id":"https:\/\/aivlisoft.net\/shop\/producto\/lg-22mr410-b-monitor-21-5-led-va-fhd-vga-hdmi\/","url":"https:\/\/aivlisoft.net\/shop\/producto\/lg-22mr410-b-monitor-21-5-led-va-fhd-vga-hdmi\/","name":"LG 22MR410-B Monitor 21.5\" LED VA FHD VGA HDMI - Aivlisoft Inform\u00e1tica","isPartOf":{"@id":"https:\/\/aivlisoft.net\/shop\/#website"},"primaryImageOfPage":{"@id":"https:\/\/aivlisoft.net\/shop\/producto\/lg-22mr410-b-monitor-21-5-led-va-fhd-vga-hdmi\/#primaryimage"},"image":{"@id":"https:\/\/aivlisoft.net\/shop\/producto\/lg-22mr410-b-monitor-21-5-led-va-fhd-vga-hdmi\/#primaryimage"},"thumbnailUrl":"https:\/\/aivlisoft.net\/shop\/wp-content\/uploads\/2025\/01\/FMOMLE0759_800.jpg","datePublished":"2025-01-13T13:58:08+00:00","dateModified":"2025-01-14T10:47:30+00:00","breadcrumb":{"@id":"https:\/\/aivlisoft.net\/shop\/producto\/lg-22mr410-b-monitor-21-5-led-va-fhd-vga-hdmi\/#breadcrumb"},"inLanguage":"es","potentialAction":[{"@type":"ReadAction","target":["https:\/\/aivlisoft.net\/shop\/producto\/lg-22mr410-b-monitor-21-5-led-va-fhd-vga-hdmi\/"]}]},{"@type":"ImageObject","inLanguage":"es","@id":"https:\/\/aivlisoft.net\/shop\/producto\/lg-22mr410-b-monitor-21-5-led-va-fhd-vga-hdmi\/#primaryimage","url":"https:\/\/aivlisoft.net\/shop\/wp-content\/uploads\/2025\/01\/FMOMLE0759_800.jpg","contentUrl":"https:\/\/aivlisoft.net\/shop\/wp-content\/uploads\/2025\/01\/FMOMLE0759_800.jpg","width":800,"height":800},{"@type":"BreadcrumbList","@id":"https:\/\/aivlisoft.net\/shop\/producto\/lg-22mr410-b-monitor-21-5-led-va-fhd-vga-hdmi\/#breadcrumb","itemListElement":[{"@type":"ListItem","position":1,"name":"Portada","item":"https:\/\/aivlisoft.net\/shop\/"},{"@type":"ListItem","position":2,"name":"Tienda","item":"https:\/\/aivlisoft.net\/shop\/tienda\/"},{"@type":"ListItem","position":3,"name":"LG 22MR410-B Monitor 21.5&#8243; LED VA FHD VGA HDMI"}]},{"@type":"WebSite","@id":"https:\/\/aivlisoft.net\/shop\/#website","url":"https:\/\/aivlisoft.net\/shop\/","name":"Aivlisoft Inform\u00e1tica","description":"En Aivlisoft Inform\u00e1tica ofrecemos soluciones tecnol\u00f3gicas para empresas: venta de ordenadores, consumibles, perif\u00e9ricos y m\u00e1s. Calidad, atenci\u00f3n personalizada y los mejores precios para tu negocio.","publisher":{"@id":"https:\/\/aivlisoft.net\/shop\/#organization"},"potentialAction":[{"@type":"SearchAction","target":{"@type":"EntryPoint","urlTemplate":"https:\/\/aivlisoft.net\/shop\/?s={search_term_string}"},"query-input":{"@type":"PropertyValueSpecification","valueRequired":true,"valueName":"search_term_string"}}],"inLanguage":"es"},{"@type":"Organization","@id":"https:\/\/aivlisoft.net\/shop\/#organization","name":"Aivlisoft Inform\u00e1tica","url":"https:\/\/aivlisoft.net\/shop\/","logo":{"@type":"ImageObject","inLanguage":"es","@id":"https:\/\/aivlisoft.net\/shop\/#\/schema\/logo\/image\/","url":"https:\/\/aivlisoft.net\/shop\/wp-content\/uploads\/2024\/12\/removal.ai_5b848c54-0cdf-4140-95c5-c5536bb7573b-logodef.png","contentUrl":"https:\/\/aivlisoft.net\/shop\/wp-content\/uploads\/2024\/12\/removal.ai_5b848c54-0cdf-4140-95c5-c5536bb7573b-logodef.png","width":484,"height":182,"caption":"Aivlisoft Inform\u00e1tica"},"image":{"@id":"https:\/\/aivlisoft.net\/shop\/#\/schema\/logo\/image\/"}}]}},"_links":{"self":[{"href":"https:\/\/aivlisoft.net\/shop\/wp-json\/wp\/v2\/product\/9561","targetHints":{"allow":["GET"]}}],"collection":[{"href":"https:\/\/aivlisoft.net\/shop\/wp-json\/wp\/v2\/product"}],"about":[{"href":"https:\/\/aivlisoft.net\/shop\/wp-json\/wp\/v2\/types\/product"}],"wp:featuredmedia":[{"embeddable":true,"href":"https:\/\/aivlisoft.net\/shop\/wp-json\/wp\/v2\/media\/9562"}],"wp:attachment":[{"href":"https:\/\/aivlisoft.net\/shop\/wp-json\/wp\/v2\/media?parent=9561"}],"wp:term":[{"taxonomy":"product_brand","embeddable":true,"href":"https:\/\/aivlisoft.net\/shop\/wp-json\/wp\/v2\/product_brand?post=9561"},{"taxonomy":"product_cat","embeddable":true,"href":"https:\/\/aivlisoft.net\/shop\/wp-json\/wp\/v2\/product_cat?post=9561"},{"taxonomy":"product_tag","embeddable":true,"href":"https:\/\/aivlisoft.net\/shop\/wp-json\/wp\/v2\/product_tag?post=9561"}],"curies":[{"name":"wp","href":"https:\/\/api.w.org\/{rel}","templated":true}]}}