{"id":9516,"date":"2025-01-13T13:57:46","date_gmt":"2025-01-13T13:57:46","guid":{"rendered":"https:\/\/aivlisoft.com\/?post_type=product&#038;p=9516"},"modified":"2025-01-14T10:47:17","modified_gmt":"2025-01-14T10:47:17","slug":"krom-monitor-gaming-kertz-24-rgb-200hz","status":"publish","type":"product","link":"https:\/\/aivlisoft.net\/shop\/producto\/krom-monitor-gaming-kertz-24-rgb-200hz\/","title":{"rendered":"KROM Monitor Gaming Kertz 24&#8243; RGB 200HZ"},"content":{"rendered":"<p>Kertz es un <b>monitor gaming frameless extraplano de 23.8&rdquo;<\/b> que incorpora <b>retroiluminaci&oacute;n LED<\/b>. Dise&ntilde;ado para ofrecer una inmersi&oacute;n completa en la partida, su dise&ntilde;o es completamente en negro.<\/p>\n<p>Creado con un tama&ntilde;o que lo hace perfecto para el entorno multipantalla, pudiendo ser, adem&aacute;s, anclado a la pared gracias al <b>sistema VESA 75&#215;75<\/b>, maximizando as&iacute; el espacio de tu escritorio o mesa gaming.<\/p>\n<p>Adem&aacute;s, esta pantalla integra las <b>tecnolog&iacute;as Low Blue Light y Flicker Free<\/b> que te ayudan a cuidar tu vista.<\/p>\n<p><\/p>\n<p>&nbsp;<\/p>\n<table class=\"tabla_caracteristicas k-table\" width=\"100%\">\n<tr>\n<td valign=\"top\"><strong>Marca<\/strong><\/td>\n<td>Krom<\/td>\n<\/tr>\n<tr>\n<td valign=\"top\"><strong>Modelo<\/strong><\/td>\n<td><strong>NXKROMKERTZ24<\/strong><\/td>\n<\/tr>\n<tr>\n<td valign=\"top\"><strong>Pantalla<\/strong><\/td>\n<td>&#8211; Tama&ntilde;o:<strong> 23.8&#8243;<\/strong><br \/>\t\t\t&#8211; Resoluci&oacute;n m&aacute;xima:<strong> Full HD <\/strong>(1920 x 1080px)<br \/>\t\t\t&#8211; Brillo: 300 cd\/m&sup2;<br \/>\t\t\t&#8211; Contraste: 4000:1<br \/>\t\t\t&#8211; Aspecto: 16:9<br \/>\t\t\t&#8211; &Aacute;ngulo de visi&oacute;n (horizontal\/vertical): 178&ordm;\/178&ordm; (CR&gt;10)<br \/>\t\t\t&#8211; Tasa de refresco: 200Hz<br \/>\t\t\t&#8211; Panel: <strong>VA <\/strong>(Vertical Alignment)<br \/>\t\t\t&#8211; Tiempo de respuesta: 1ms<\/td>\n<\/tr>\n<tr>\n<td valign=\"top\"><strong>Conexi&oacute;n<\/strong><\/td>\n<td>&#8211; 2 x puertos HDMI (144Hz)<br \/>\t\t\t&#8211; 1 x Display Port (200Hz)<br \/>\t\t\t&#8211; 1 x Salida de audio<\/td>\n<\/tr>\n<tr>\n<td valign=\"top\"><strong>Caracter&iacute;sticas<\/strong><\/td>\n<td>&#8211; Iluminaci&oacute;n LED RGB trasera<br \/>\t\t\t&#8211; Low Blue Light y Flicker Free technologies<br \/>\t\t\t&#8211; Compatible con HDR (High Dynamic Range)<br \/>\t\t\t&#8211; AMD Freesync &amp; Nvidia G-Sync technology<br \/>\t\t\t&#8211; Ajuste de inclinaci&oacute;n de pantalla en vertical<br \/>\t\t\t&#8211; VESA 75x75mm<br \/>\t\t\t<strong>Consumo<\/strong><br \/>\t\t\t&#8211; Entrada alimentaci&oacute;n: AC 100-240V &#8211; 50\/60Hz<br \/>\t\t\t&#8211; Consumo de energ&iacute;a: &lt;32W<br \/>\t\t\t&#8211; Adaptador: 12V, 3A<br \/>\t\t\t&#8211; Clase de etiqueta energ&eacute;tica: E<br \/>\t\t\t<strong>Dimensiones y peso<\/strong><br \/>\t\t\t&#8211; 541 x 424 x 188 mm<br \/>\t\t\t&#8211; 2,95 kg<br \/>\t\t\t<strong>Accesorios<\/strong><br \/>\t\t\t&#8211; Cables incluidos:<br \/>\t\t\t&nbsp; 1 x Adaptador 12V<br \/>\t\t\t&nbsp; 1 x HDMI 2.0<br \/>\t\t\t&nbsp; 1 x Display Port 1.2<\/td>\n<\/tr>\n<tr>\n<td valign=\"top\"><strong>Fecha de revisi&oacute;n<\/strong><\/td>\n<td>22-06-2023 por RTY<\/td>\n<\/tr>\n<\/table>\n","protected":false},"excerpt":{"rendered":"<p>Kertz es un monitor gaming frameless extraplano de 23.8&rdquo; que incorpora retroiluminaci&oacute;n LED. Dise&ntilde;ado para ofrecer una inmersi&oacute;n completa en la partida, su dise&ntilde;o es completamente en negro. Creado con un tama&ntilde;o que lo hace perfecto para el entorno multipantalla, pudiendo ser, adem&aacute;s, anclado a la pared gracias al sistema VESA 75&#215;75, maximizando as&iacute; el&hellip;&nbsp;<a href=\"https:\/\/aivlisoft.net\/shop\/producto\/krom-monitor-gaming-kertz-24-rgb-200hz\/\" rel=\"bookmark\"><span class=\"screen-reader-text\">KROM Monitor Gaming Kertz 24&#8243; RGB 200HZ<\/span><\/a><\/p>\n","protected":false},"featured_media":9517,"template":"","meta":{"neve_meta_sidebar":"","neve_meta_container":"","neve_meta_enable_content_width":"","neve_meta_content_width":0,"neve_meta_title_alignment":"","neve_meta_author_avatar":"","neve_post_elements_order":"","neve_meta_disable_header":"","neve_meta_disable_footer":"","neve_meta_disable_title":""},"product_brand":[],"product_cat":[8720],"product_tag":[3775],"class_list":{"0":"post-9516","1":"product","2":"type-product","3":"status-publish","4":"has-post-thumbnail","6":"product_cat-monitores-led","7":"product_tag-nxkromkertz24","9":"first","10":"instock","11":"taxable","12":"shipping-taxable","13":"purchasable","14":"product-type-simple"},"yoast_head":"<!-- This site is optimized with the Yoast SEO plugin v26.0 - https:\/\/yoast.com\/wordpress\/plugins\/seo\/ -->\n<title>KROM Monitor Gaming Kertz 24&quot; RGB 200HZ - Aivlisoft Inform\u00e1tica<\/title>\n<meta name=\"robots\" content=\"index, follow, max-snippet:-1, max-image-preview:large, max-video-preview:-1\" \/>\n<link rel=\"canonical\" href=\"https:\/\/aivlisoft.net\/shop\/producto\/krom-monitor-gaming-kertz-24-rgb-200hz\/\" \/>\n<meta property=\"og:locale\" content=\"es_ES\" \/>\n<meta property=\"og:type\" content=\"article\" \/>\n<meta property=\"og:title\" content=\"KROM Monitor Gaming Kertz 24&quot; RGB 200HZ - Aivlisoft Inform\u00e1tica\" \/>\n<meta property=\"og:description\" content=\"Kertz es un monitor gaming frameless extraplano de 23.8&rdquo; que incorpora retroiluminaci&oacute;n LED. Dise&ntilde;ado para ofrecer una inmersi&oacute;n completa en la partida, su dise&ntilde;o es completamente en negro. Creado con un tama&ntilde;o que lo hace perfecto para el entorno multipantalla, pudiendo ser, adem&aacute;s, anclado a la pared gracias al sistema VESA 75&#215;75, maximizando as&iacute; el&hellip;&nbsp;KROM Monitor Gaming Kertz 24&#8243; RGB 200HZ\" \/>\n<meta property=\"og:url\" content=\"https:\/\/aivlisoft.net\/shop\/producto\/krom-monitor-gaming-kertz-24-rgb-200hz\/\" \/>\n<meta property=\"og:site_name\" content=\"Aivlisoft Inform\u00e1tica\" \/>\n<meta property=\"article:modified_time\" content=\"2025-01-14T10:47:17+00:00\" \/>\n<meta property=\"og:image\" content=\"https:\/\/aivlisoft.net\/shop\/wp-content\/uploads\/2025\/01\/FMOMLE0728_800.jpg\" \/>\n\t<meta property=\"og:image:width\" content=\"800\" \/>\n\t<meta property=\"og:image:height\" content=\"800\" \/>\n\t<meta property=\"og:image:type\" content=\"image\/jpeg\" \/>\n<meta name=\"twitter:card\" content=\"summary_large_image\" \/>\n<meta name=\"twitter:label1\" content=\"Tiempo de lectura\" \/>\n\t<meta name=\"twitter:data1\" content=\"1 minuto\" \/>\n<script type=\"application\/ld+json\" class=\"yoast-schema-graph\">{\"@context\":\"https:\/\/schema.org\",\"@graph\":[{\"@type\":\"WebPage\",\"@id\":\"https:\/\/aivlisoft.net\/shop\/producto\/krom-monitor-gaming-kertz-24-rgb-200hz\/\",\"url\":\"https:\/\/aivlisoft.net\/shop\/producto\/krom-monitor-gaming-kertz-24-rgb-200hz\/\",\"name\":\"KROM Monitor Gaming Kertz 24\\\" RGB 200HZ - Aivlisoft Inform\u00e1tica\",\"isPartOf\":{\"@id\":\"https:\/\/aivlisoft.net\/shop\/#website\"},\"primaryImageOfPage\":{\"@id\":\"https:\/\/aivlisoft.net\/shop\/producto\/krom-monitor-gaming-kertz-24-rgb-200hz\/#primaryimage\"},\"image\":{\"@id\":\"https:\/\/aivlisoft.net\/shop\/producto\/krom-monitor-gaming-kertz-24-rgb-200hz\/#primaryimage\"},\"thumbnailUrl\":\"https:\/\/aivlisoft.net\/shop\/wp-content\/uploads\/2025\/01\/FMOMLE0728_800.jpg\",\"datePublished\":\"2025-01-13T13:57:46+00:00\",\"dateModified\":\"2025-01-14T10:47:17+00:00\",\"breadcrumb\":{\"@id\":\"https:\/\/aivlisoft.net\/shop\/producto\/krom-monitor-gaming-kertz-24-rgb-200hz\/#breadcrumb\"},\"inLanguage\":\"es\",\"potentialAction\":[{\"@type\":\"ReadAction\",\"target\":[\"https:\/\/aivlisoft.net\/shop\/producto\/krom-monitor-gaming-kertz-24-rgb-200hz\/\"]}]},{\"@type\":\"ImageObject\",\"inLanguage\":\"es\",\"@id\":\"https:\/\/aivlisoft.net\/shop\/producto\/krom-monitor-gaming-kertz-24-rgb-200hz\/#primaryimage\",\"url\":\"https:\/\/aivlisoft.net\/shop\/wp-content\/uploads\/2025\/01\/FMOMLE0728_800.jpg\",\"contentUrl\":\"https:\/\/aivlisoft.net\/shop\/wp-content\/uploads\/2025\/01\/FMOMLE0728_800.jpg\",\"width\":800,\"height\":800},{\"@type\":\"BreadcrumbList\",\"@id\":\"https:\/\/aivlisoft.net\/shop\/producto\/krom-monitor-gaming-kertz-24-rgb-200hz\/#breadcrumb\",\"itemListElement\":[{\"@type\":\"ListItem\",\"position\":1,\"name\":\"Portada\",\"item\":\"https:\/\/aivlisoft.net\/shop\/\"},{\"@type\":\"ListItem\",\"position\":2,\"name\":\"Tienda\",\"item\":\"https:\/\/aivlisoft.net\/shop\/tienda\/\"},{\"@type\":\"ListItem\",\"position\":3,\"name\":\"KROM Monitor Gaming Kertz 24&#8243; RGB 200HZ\"}]},{\"@type\":\"WebSite\",\"@id\":\"https:\/\/aivlisoft.net\/shop\/#website\",\"url\":\"https:\/\/aivlisoft.net\/shop\/\",\"name\":\"Aivlisoft Inform\u00e1tica\",\"description\":\"En Aivlisoft Inform\u00e1tica ofrecemos soluciones tecnol\u00f3gicas para empresas: venta de ordenadores, consumibles, perif\u00e9ricos y m\u00e1s. Calidad, atenci\u00f3n personalizada y los mejores precios para tu negocio.\",\"publisher\":{\"@id\":\"https:\/\/aivlisoft.net\/shop\/#organization\"},\"potentialAction\":[{\"@type\":\"SearchAction\",\"target\":{\"@type\":\"EntryPoint\",\"urlTemplate\":\"https:\/\/aivlisoft.net\/shop\/?s={search_term_string}\"},\"query-input\":{\"@type\":\"PropertyValueSpecification\",\"valueRequired\":true,\"valueName\":\"search_term_string\"}}],\"inLanguage\":\"es\"},{\"@type\":\"Organization\",\"@id\":\"https:\/\/aivlisoft.net\/shop\/#organization\",\"name\":\"Aivlisoft Inform\u00e1tica\",\"url\":\"https:\/\/aivlisoft.net\/shop\/\",\"logo\":{\"@type\":\"ImageObject\",\"inLanguage\":\"es\",\"@id\":\"https:\/\/aivlisoft.net\/shop\/#\/schema\/logo\/image\/\",\"url\":\"https:\/\/aivlisoft.net\/shop\/wp-content\/uploads\/2024\/12\/removal.ai_5b848c54-0cdf-4140-95c5-c5536bb7573b-logodef.png\",\"contentUrl\":\"https:\/\/aivlisoft.net\/shop\/wp-content\/uploads\/2024\/12\/removal.ai_5b848c54-0cdf-4140-95c5-c5536bb7573b-logodef.png\",\"width\":484,\"height\":182,\"caption\":\"Aivlisoft Inform\u00e1tica\"},\"image\":{\"@id\":\"https:\/\/aivlisoft.net\/shop\/#\/schema\/logo\/image\/\"}}]}<\/script>\n<!-- \/ Yoast SEO plugin. -->","yoast_head_json":{"title":"KROM Monitor Gaming Kertz 24\" RGB 200HZ - Aivlisoft Inform\u00e1tica","robots":{"index":"index","follow":"follow","max-snippet":"max-snippet:-1","max-image-preview":"max-image-preview:large","max-video-preview":"max-video-preview:-1"},"canonical":"https:\/\/aivlisoft.net\/shop\/producto\/krom-monitor-gaming-kertz-24-rgb-200hz\/","og_locale":"es_ES","og_type":"article","og_title":"KROM Monitor Gaming Kertz 24\" RGB 200HZ - Aivlisoft Inform\u00e1tica","og_description":"Kertz es un monitor gaming frameless extraplano de 23.8&rdquo; que incorpora retroiluminaci&oacute;n LED. Dise&ntilde;ado para ofrecer una inmersi&oacute;n completa en la partida, su dise&ntilde;o es completamente en negro. Creado con un tama&ntilde;o que lo hace perfecto para el entorno multipantalla, pudiendo ser, adem&aacute;s, anclado a la pared gracias al sistema VESA 75&#215;75, maximizando as&iacute; el&hellip;&nbsp;KROM Monitor Gaming Kertz 24&#8243; RGB 200HZ","og_url":"https:\/\/aivlisoft.net\/shop\/producto\/krom-monitor-gaming-kertz-24-rgb-200hz\/","og_site_name":"Aivlisoft Inform\u00e1tica","article_modified_time":"2025-01-14T10:47:17+00:00","og_image":[{"width":800,"height":800,"url":"https:\/\/aivlisoft.net\/shop\/wp-content\/uploads\/2025\/01\/FMOMLE0728_800.jpg","type":"image\/jpeg"}],"twitter_card":"summary_large_image","twitter_misc":{"Tiempo de lectura":"1 minuto"},"schema":{"@context":"https:\/\/schema.org","@graph":[{"@type":"WebPage","@id":"https:\/\/aivlisoft.net\/shop\/producto\/krom-monitor-gaming-kertz-24-rgb-200hz\/","url":"https:\/\/aivlisoft.net\/shop\/producto\/krom-monitor-gaming-kertz-24-rgb-200hz\/","name":"KROM Monitor Gaming Kertz 24\" RGB 200HZ - Aivlisoft Inform\u00e1tica","isPartOf":{"@id":"https:\/\/aivlisoft.net\/shop\/#website"},"primaryImageOfPage":{"@id":"https:\/\/aivlisoft.net\/shop\/producto\/krom-monitor-gaming-kertz-24-rgb-200hz\/#primaryimage"},"image":{"@id":"https:\/\/aivlisoft.net\/shop\/producto\/krom-monitor-gaming-kertz-24-rgb-200hz\/#primaryimage"},"thumbnailUrl":"https:\/\/aivlisoft.net\/shop\/wp-content\/uploads\/2025\/01\/FMOMLE0728_800.jpg","datePublished":"2025-01-13T13:57:46+00:00","dateModified":"2025-01-14T10:47:17+00:00","breadcrumb":{"@id":"https:\/\/aivlisoft.net\/shop\/producto\/krom-monitor-gaming-kertz-24-rgb-200hz\/#breadcrumb"},"inLanguage":"es","potentialAction":[{"@type":"ReadAction","target":["https:\/\/aivlisoft.net\/shop\/producto\/krom-monitor-gaming-kertz-24-rgb-200hz\/"]}]},{"@type":"ImageObject","inLanguage":"es","@id":"https:\/\/aivlisoft.net\/shop\/producto\/krom-monitor-gaming-kertz-24-rgb-200hz\/#primaryimage","url":"https:\/\/aivlisoft.net\/shop\/wp-content\/uploads\/2025\/01\/FMOMLE0728_800.jpg","contentUrl":"https:\/\/aivlisoft.net\/shop\/wp-content\/uploads\/2025\/01\/FMOMLE0728_800.jpg","width":800,"height":800},{"@type":"BreadcrumbList","@id":"https:\/\/aivlisoft.net\/shop\/producto\/krom-monitor-gaming-kertz-24-rgb-200hz\/#breadcrumb","itemListElement":[{"@type":"ListItem","position":1,"name":"Portada","item":"https:\/\/aivlisoft.net\/shop\/"},{"@type":"ListItem","position":2,"name":"Tienda","item":"https:\/\/aivlisoft.net\/shop\/tienda\/"},{"@type":"ListItem","position":3,"name":"KROM Monitor Gaming Kertz 24&#8243; RGB 200HZ"}]},{"@type":"WebSite","@id":"https:\/\/aivlisoft.net\/shop\/#website","url":"https:\/\/aivlisoft.net\/shop\/","name":"Aivlisoft Inform\u00e1tica","description":"En Aivlisoft Inform\u00e1tica ofrecemos soluciones tecnol\u00f3gicas para empresas: venta de ordenadores, consumibles, perif\u00e9ricos y m\u00e1s. Calidad, atenci\u00f3n personalizada y los mejores precios para tu negocio.","publisher":{"@id":"https:\/\/aivlisoft.net\/shop\/#organization"},"potentialAction":[{"@type":"SearchAction","target":{"@type":"EntryPoint","urlTemplate":"https:\/\/aivlisoft.net\/shop\/?s={search_term_string}"},"query-input":{"@type":"PropertyValueSpecification","valueRequired":true,"valueName":"search_term_string"}}],"inLanguage":"es"},{"@type":"Organization","@id":"https:\/\/aivlisoft.net\/shop\/#organization","name":"Aivlisoft Inform\u00e1tica","url":"https:\/\/aivlisoft.net\/shop\/","logo":{"@type":"ImageObject","inLanguage":"es","@id":"https:\/\/aivlisoft.net\/shop\/#\/schema\/logo\/image\/","url":"https:\/\/aivlisoft.net\/shop\/wp-content\/uploads\/2024\/12\/removal.ai_5b848c54-0cdf-4140-95c5-c5536bb7573b-logodef.png","contentUrl":"https:\/\/aivlisoft.net\/shop\/wp-content\/uploads\/2024\/12\/removal.ai_5b848c54-0cdf-4140-95c5-c5536bb7573b-logodef.png","width":484,"height":182,"caption":"Aivlisoft Inform\u00e1tica"},"image":{"@id":"https:\/\/aivlisoft.net\/shop\/#\/schema\/logo\/image\/"}}]}},"_links":{"self":[{"href":"https:\/\/aivlisoft.net\/shop\/wp-json\/wp\/v2\/product\/9516","targetHints":{"allow":["GET"]}}],"collection":[{"href":"https:\/\/aivlisoft.net\/shop\/wp-json\/wp\/v2\/product"}],"about":[{"href":"https:\/\/aivlisoft.net\/shop\/wp-json\/wp\/v2\/types\/product"}],"wp:featuredmedia":[{"embeddable":true,"href":"https:\/\/aivlisoft.net\/shop\/wp-json\/wp\/v2\/media\/9517"}],"wp:attachment":[{"href":"https:\/\/aivlisoft.net\/shop\/wp-json\/wp\/v2\/media?parent=9516"}],"wp:term":[{"taxonomy":"product_brand","embeddable":true,"href":"https:\/\/aivlisoft.net\/shop\/wp-json\/wp\/v2\/product_brand?post=9516"},{"taxonomy":"product_cat","embeddable":true,"href":"https:\/\/aivlisoft.net\/shop\/wp-json\/wp\/v2\/product_cat?post=9516"},{"taxonomy":"product_tag","embeddable":true,"href":"https:\/\/aivlisoft.net\/shop\/wp-json\/wp\/v2\/product_tag?post=9516"}],"curies":[{"name":"wp","href":"https:\/\/api.w.org\/{rel}","templated":true}]}}