{"id":9446,"date":"2025-01-13T13:57:10","date_gmt":"2025-01-13T13:57:10","guid":{"rendered":"https:\/\/aivlisoft.com\/?post_type=product&#038;p=9446"},"modified":"2025-01-14T10:46:55","modified_gmt":"2025-01-14T10:46:55","slug":"nilox-nxm22fhd01-monitor-21-5-va-75hz-4ms-vga-hdm","status":"publish","type":"product","link":"https:\/\/aivlisoft.net\/shop\/producto\/nilox-nxm22fhd01-monitor-21-5-va-75hz-4ms-vga-hdm\/","title":{"rendered":"NILOX NXM22FHD01 Monitor 21.5&#8243; VA 75hz 4ms VGA HDM"},"content":{"rendered":"<p><\/p>\n<p>&nbsp;<\/p>\n<table class=\"tabla_caracteristicas k-table\" width=\"100%\">\n<tr>\n<td valign=\"top\"><strong>Marca<\/strong><\/td>\n<td>NILOX<\/td>\n<\/tr>\n<tr>\n<td valign=\"top\"><strong>Modelo<\/strong><\/td>\n<td><strong>NXM22FHD01<\/strong><\/td>\n<\/tr>\n<tr>\n<td valign=\"top\"><strong>Pantalla<\/strong><\/td>\n<td>&#8211; Tama&ntilde;o: <strong>21,5&#8243;<\/strong><br \/>\t\t\t&#8211; Tipo de panel:<strong> VA<\/strong><br \/>\t\t\t&#8211; Resoluci&oacute;n &oacute;ptima horizontal: 1920 px<br \/>\t\t\t&#8211; Tiempo frecuencia: 75 Hz<br \/>\t\t\t&#8211; Tiempo de respuesta: 4 ms<br \/>\t\t\t&#8211; Luminosidad: 250 cd\/m&sup2;<br \/>\t\t\t&#8211; Campo de puntos: 260.28 mm<br \/>\t\t\t&#8211; Resoluci&oacute;n &oacute;ptima vertical: 1080 px<br \/>\t\t\t&#8211; Tecnologia de panel: TN<br \/>\t\t\t&#8211; Relaci&oacute;n de aspecto: 16:9<\/td>\n<\/tr>\n<tr>\n<td valign=\"top\"><strong>Conexi&oacute;n<\/strong><\/td>\n<td>&#8211; 1 x HDMI<br \/>\t\t\t&#8211; 1 x puerto VGA<\/td>\n<\/tr>\n<tr>\n<td valign=\"top\"><strong>Caracter&iacute;sticas<\/strong><\/td>\n<td>&#8211; Vesa: 75 x 75 mm<br \/>\t\t\t&#8211; Funci&oacute;n de luz azul baja<br \/>\t\t\t&#8211; Peso: 3,5 kg<\/td>\n<\/tr>\n<tr>\n<td valign=\"top\"><strong>Certificado energ&eacute;tico<\/strong><\/td>\n<td><a alt=\"Certificado energ&Atilde;&copy;tico\" href=\"https:\/\/www.infortisa.com\/images\/content\/2023021313105028844FMOMLE0686.webp\" target=\"_blank\">Ver certificado<\/a><\/td>\n<\/tr>\n<tr>\n<td valign=\"top\"><strong>Fecha de revisi&oacute;n<\/strong><\/td>\n<td>23-02-2024 por RTY<\/td>\n<\/tr>\n<\/table>\n","protected":false},"excerpt":{"rendered":"<p>&nbsp; Marca NILOX Modelo NXM22FHD01 Pantalla &#8211; Tama&ntilde;o: 21,5&#8243; &#8211; Tipo de panel: VA &#8211; Resoluci&oacute;n &oacute;ptima horizontal: 1920 px &#8211; Tiempo frecuencia: 75 Hz &#8211; Tiempo de respuesta: 4 ms &#8211; Luminosidad: 250 cd\/m&sup2; &#8211; Campo de puntos: 260.28 mm &#8211; Resoluci&oacute;n &oacute;ptima vertical: 1080 px &#8211; Tecnologia de panel: TN &#8211; Relaci&oacute;n de&hellip;&nbsp;<a href=\"https:\/\/aivlisoft.net\/shop\/producto\/nilox-nxm22fhd01-monitor-21-5-va-75hz-4ms-vga-hdm\/\" rel=\"bookmark\"><span class=\"screen-reader-text\">NILOX NXM22FHD01 Monitor 21.5&#8243; VA 75hz 4ms VGA HDM<\/span><\/a><\/p>\n","protected":false},"featured_media":9447,"template":"","meta":{"neve_meta_sidebar":"","neve_meta_container":"","neve_meta_enable_content_width":"","neve_meta_content_width":0,"neve_meta_title_alignment":"","neve_meta_author_avatar":"","neve_post_elements_order":"","neve_meta_disable_header":"","neve_meta_disable_footer":"","neve_meta_disable_title":""},"product_brand":[],"product_cat":[8720],"product_tag":[3757],"class_list":{"0":"post-9446","1":"product","2":"type-product","3":"status-publish","4":"has-post-thumbnail","6":"product_cat-monitores-led","7":"product_tag-nxm22fhd01","9":"first","10":"instock","11":"taxable","12":"shipping-taxable","13":"purchasable","14":"product-type-simple"},"yoast_head":"<!-- This site is optimized with the Yoast SEO plugin v26.0 - https:\/\/yoast.com\/wordpress\/plugins\/seo\/ -->\n<title>NILOX NXM22FHD01 Monitor 21.5&quot; VA 75hz 4ms VGA HDM - Aivlisoft Inform\u00e1tica<\/title>\n<meta name=\"robots\" content=\"index, follow, max-snippet:-1, max-image-preview:large, max-video-preview:-1\" \/>\n<link rel=\"canonical\" href=\"https:\/\/aivlisoft.net\/shop\/producto\/nilox-nxm22fhd01-monitor-21-5-va-75hz-4ms-vga-hdm\/\" \/>\n<meta property=\"og:locale\" content=\"es_ES\" \/>\n<meta property=\"og:type\" content=\"article\" \/>\n<meta property=\"og:title\" content=\"NILOX NXM22FHD01 Monitor 21.5&quot; VA 75hz 4ms VGA HDM - Aivlisoft Inform\u00e1tica\" \/>\n<meta property=\"og:description\" content=\"&nbsp; Marca NILOX Modelo NXM22FHD01 Pantalla &#8211; Tama&ntilde;o: 21,5&#8243; &#8211; Tipo de panel: VA &#8211; Resoluci&oacute;n &oacute;ptima horizontal: 1920 px &#8211; Tiempo frecuencia: 75 Hz &#8211; Tiempo de respuesta: 4 ms &#8211; Luminosidad: 250 cd\/m&sup2; &#8211; Campo de puntos: 260.28 mm &#8211; Resoluci&oacute;n &oacute;ptima vertical: 1080 px &#8211; Tecnologia de panel: TN &#8211; Relaci&oacute;n de&hellip;&nbsp;NILOX NXM22FHD01 Monitor 21.5&#8243; VA 75hz 4ms VGA HDM\" \/>\n<meta property=\"og:url\" content=\"https:\/\/aivlisoft.net\/shop\/producto\/nilox-nxm22fhd01-monitor-21-5-va-75hz-4ms-vga-hdm\/\" \/>\n<meta property=\"og:site_name\" content=\"Aivlisoft Inform\u00e1tica\" \/>\n<meta property=\"article:modified_time\" content=\"2025-01-14T10:46:55+00:00\" \/>\n<meta property=\"og:image\" content=\"https:\/\/aivlisoft.net\/shop\/wp-content\/uploads\/2025\/01\/FMOMLE0686_800.jpg\" \/>\n\t<meta property=\"og:image:width\" content=\"800\" \/>\n\t<meta property=\"og:image:height\" content=\"800\" \/>\n\t<meta property=\"og:image:type\" content=\"image\/jpeg\" \/>\n<meta name=\"twitter:card\" content=\"summary_large_image\" \/>\n<meta name=\"twitter:label1\" content=\"Tiempo de lectura\" \/>\n\t<meta name=\"twitter:data1\" content=\"1 minuto\" \/>\n<script type=\"application\/ld+json\" class=\"yoast-schema-graph\">{\"@context\":\"https:\/\/schema.org\",\"@graph\":[{\"@type\":\"WebPage\",\"@id\":\"https:\/\/aivlisoft.net\/shop\/producto\/nilox-nxm22fhd01-monitor-21-5-va-75hz-4ms-vga-hdm\/\",\"url\":\"https:\/\/aivlisoft.net\/shop\/producto\/nilox-nxm22fhd01-monitor-21-5-va-75hz-4ms-vga-hdm\/\",\"name\":\"NILOX NXM22FHD01 Monitor 21.5\\\" VA 75hz 4ms VGA HDM - Aivlisoft Inform\u00e1tica\",\"isPartOf\":{\"@id\":\"https:\/\/aivlisoft.net\/shop\/#website\"},\"primaryImageOfPage\":{\"@id\":\"https:\/\/aivlisoft.net\/shop\/producto\/nilox-nxm22fhd01-monitor-21-5-va-75hz-4ms-vga-hdm\/#primaryimage\"},\"image\":{\"@id\":\"https:\/\/aivlisoft.net\/shop\/producto\/nilox-nxm22fhd01-monitor-21-5-va-75hz-4ms-vga-hdm\/#primaryimage\"},\"thumbnailUrl\":\"https:\/\/aivlisoft.net\/shop\/wp-content\/uploads\/2025\/01\/FMOMLE0686_800.jpg\",\"datePublished\":\"2025-01-13T13:57:10+00:00\",\"dateModified\":\"2025-01-14T10:46:55+00:00\",\"breadcrumb\":{\"@id\":\"https:\/\/aivlisoft.net\/shop\/producto\/nilox-nxm22fhd01-monitor-21-5-va-75hz-4ms-vga-hdm\/#breadcrumb\"},\"inLanguage\":\"es\",\"potentialAction\":[{\"@type\":\"ReadAction\",\"target\":[\"https:\/\/aivlisoft.net\/shop\/producto\/nilox-nxm22fhd01-monitor-21-5-va-75hz-4ms-vga-hdm\/\"]}]},{\"@type\":\"ImageObject\",\"inLanguage\":\"es\",\"@id\":\"https:\/\/aivlisoft.net\/shop\/producto\/nilox-nxm22fhd01-monitor-21-5-va-75hz-4ms-vga-hdm\/#primaryimage\",\"url\":\"https:\/\/aivlisoft.net\/shop\/wp-content\/uploads\/2025\/01\/FMOMLE0686_800.jpg\",\"contentUrl\":\"https:\/\/aivlisoft.net\/shop\/wp-content\/uploads\/2025\/01\/FMOMLE0686_800.jpg\",\"width\":800,\"height\":800},{\"@type\":\"BreadcrumbList\",\"@id\":\"https:\/\/aivlisoft.net\/shop\/producto\/nilox-nxm22fhd01-monitor-21-5-va-75hz-4ms-vga-hdm\/#breadcrumb\",\"itemListElement\":[{\"@type\":\"ListItem\",\"position\":1,\"name\":\"Portada\",\"item\":\"https:\/\/aivlisoft.net\/shop\/\"},{\"@type\":\"ListItem\",\"position\":2,\"name\":\"Tienda\",\"item\":\"https:\/\/aivlisoft.net\/shop\/tienda\/\"},{\"@type\":\"ListItem\",\"position\":3,\"name\":\"NILOX NXM22FHD01 Monitor 21.5&#8243; VA 75hz 4ms VGA HDM\"}]},{\"@type\":\"WebSite\",\"@id\":\"https:\/\/aivlisoft.net\/shop\/#website\",\"url\":\"https:\/\/aivlisoft.net\/shop\/\",\"name\":\"Aivlisoft Inform\u00e1tica\",\"description\":\"En Aivlisoft Inform\u00e1tica ofrecemos soluciones tecnol\u00f3gicas para empresas: venta de ordenadores, consumibles, perif\u00e9ricos y m\u00e1s. Calidad, atenci\u00f3n personalizada y los mejores precios para tu negocio.\",\"publisher\":{\"@id\":\"https:\/\/aivlisoft.net\/shop\/#organization\"},\"potentialAction\":[{\"@type\":\"SearchAction\",\"target\":{\"@type\":\"EntryPoint\",\"urlTemplate\":\"https:\/\/aivlisoft.net\/shop\/?s={search_term_string}\"},\"query-input\":{\"@type\":\"PropertyValueSpecification\",\"valueRequired\":true,\"valueName\":\"search_term_string\"}}],\"inLanguage\":\"es\"},{\"@type\":\"Organization\",\"@id\":\"https:\/\/aivlisoft.net\/shop\/#organization\",\"name\":\"Aivlisoft Inform\u00e1tica\",\"url\":\"https:\/\/aivlisoft.net\/shop\/\",\"logo\":{\"@type\":\"ImageObject\",\"inLanguage\":\"es\",\"@id\":\"https:\/\/aivlisoft.net\/shop\/#\/schema\/logo\/image\/\",\"url\":\"https:\/\/aivlisoft.net\/shop\/wp-content\/uploads\/2024\/12\/removal.ai_5b848c54-0cdf-4140-95c5-c5536bb7573b-logodef.png\",\"contentUrl\":\"https:\/\/aivlisoft.net\/shop\/wp-content\/uploads\/2024\/12\/removal.ai_5b848c54-0cdf-4140-95c5-c5536bb7573b-logodef.png\",\"width\":484,\"height\":182,\"caption\":\"Aivlisoft Inform\u00e1tica\"},\"image\":{\"@id\":\"https:\/\/aivlisoft.net\/shop\/#\/schema\/logo\/image\/\"}}]}<\/script>\n<!-- \/ Yoast SEO plugin. -->","yoast_head_json":{"title":"NILOX NXM22FHD01 Monitor 21.5\" VA 75hz 4ms VGA HDM - Aivlisoft Inform\u00e1tica","robots":{"index":"index","follow":"follow","max-snippet":"max-snippet:-1","max-image-preview":"max-image-preview:large","max-video-preview":"max-video-preview:-1"},"canonical":"https:\/\/aivlisoft.net\/shop\/producto\/nilox-nxm22fhd01-monitor-21-5-va-75hz-4ms-vga-hdm\/","og_locale":"es_ES","og_type":"article","og_title":"NILOX NXM22FHD01 Monitor 21.5\" VA 75hz 4ms VGA HDM - Aivlisoft Inform\u00e1tica","og_description":"&nbsp; Marca NILOX Modelo NXM22FHD01 Pantalla &#8211; Tama&ntilde;o: 21,5&#8243; &#8211; Tipo de panel: VA &#8211; Resoluci&oacute;n &oacute;ptima horizontal: 1920 px &#8211; Tiempo frecuencia: 75 Hz &#8211; Tiempo de respuesta: 4 ms &#8211; Luminosidad: 250 cd\/m&sup2; &#8211; Campo de puntos: 260.28 mm &#8211; Resoluci&oacute;n &oacute;ptima vertical: 1080 px &#8211; Tecnologia de panel: TN &#8211; Relaci&oacute;n de&hellip;&nbsp;NILOX NXM22FHD01 Monitor 21.5&#8243; VA 75hz 4ms VGA HDM","og_url":"https:\/\/aivlisoft.net\/shop\/producto\/nilox-nxm22fhd01-monitor-21-5-va-75hz-4ms-vga-hdm\/","og_site_name":"Aivlisoft Inform\u00e1tica","article_modified_time":"2025-01-14T10:46:55+00:00","og_image":[{"width":800,"height":800,"url":"https:\/\/aivlisoft.net\/shop\/wp-content\/uploads\/2025\/01\/FMOMLE0686_800.jpg","type":"image\/jpeg"}],"twitter_card":"summary_large_image","twitter_misc":{"Tiempo de lectura":"1 minuto"},"schema":{"@context":"https:\/\/schema.org","@graph":[{"@type":"WebPage","@id":"https:\/\/aivlisoft.net\/shop\/producto\/nilox-nxm22fhd01-monitor-21-5-va-75hz-4ms-vga-hdm\/","url":"https:\/\/aivlisoft.net\/shop\/producto\/nilox-nxm22fhd01-monitor-21-5-va-75hz-4ms-vga-hdm\/","name":"NILOX NXM22FHD01 Monitor 21.5\" VA 75hz 4ms VGA HDM - Aivlisoft Inform\u00e1tica","isPartOf":{"@id":"https:\/\/aivlisoft.net\/shop\/#website"},"primaryImageOfPage":{"@id":"https:\/\/aivlisoft.net\/shop\/producto\/nilox-nxm22fhd01-monitor-21-5-va-75hz-4ms-vga-hdm\/#primaryimage"},"image":{"@id":"https:\/\/aivlisoft.net\/shop\/producto\/nilox-nxm22fhd01-monitor-21-5-va-75hz-4ms-vga-hdm\/#primaryimage"},"thumbnailUrl":"https:\/\/aivlisoft.net\/shop\/wp-content\/uploads\/2025\/01\/FMOMLE0686_800.jpg","datePublished":"2025-01-13T13:57:10+00:00","dateModified":"2025-01-14T10:46:55+00:00","breadcrumb":{"@id":"https:\/\/aivlisoft.net\/shop\/producto\/nilox-nxm22fhd01-monitor-21-5-va-75hz-4ms-vga-hdm\/#breadcrumb"},"inLanguage":"es","potentialAction":[{"@type":"ReadAction","target":["https:\/\/aivlisoft.net\/shop\/producto\/nilox-nxm22fhd01-monitor-21-5-va-75hz-4ms-vga-hdm\/"]}]},{"@type":"ImageObject","inLanguage":"es","@id":"https:\/\/aivlisoft.net\/shop\/producto\/nilox-nxm22fhd01-monitor-21-5-va-75hz-4ms-vga-hdm\/#primaryimage","url":"https:\/\/aivlisoft.net\/shop\/wp-content\/uploads\/2025\/01\/FMOMLE0686_800.jpg","contentUrl":"https:\/\/aivlisoft.net\/shop\/wp-content\/uploads\/2025\/01\/FMOMLE0686_800.jpg","width":800,"height":800},{"@type":"BreadcrumbList","@id":"https:\/\/aivlisoft.net\/shop\/producto\/nilox-nxm22fhd01-monitor-21-5-va-75hz-4ms-vga-hdm\/#breadcrumb","itemListElement":[{"@type":"ListItem","position":1,"name":"Portada","item":"https:\/\/aivlisoft.net\/shop\/"},{"@type":"ListItem","position":2,"name":"Tienda","item":"https:\/\/aivlisoft.net\/shop\/tienda\/"},{"@type":"ListItem","position":3,"name":"NILOX NXM22FHD01 Monitor 21.5&#8243; VA 75hz 4ms VGA HDM"}]},{"@type":"WebSite","@id":"https:\/\/aivlisoft.net\/shop\/#website","url":"https:\/\/aivlisoft.net\/shop\/","name":"Aivlisoft Inform\u00e1tica","description":"En Aivlisoft Inform\u00e1tica ofrecemos soluciones tecnol\u00f3gicas para empresas: venta de ordenadores, consumibles, perif\u00e9ricos y m\u00e1s. Calidad, atenci\u00f3n personalizada y los mejores precios para tu negocio.","publisher":{"@id":"https:\/\/aivlisoft.net\/shop\/#organization"},"potentialAction":[{"@type":"SearchAction","target":{"@type":"EntryPoint","urlTemplate":"https:\/\/aivlisoft.net\/shop\/?s={search_term_string}"},"query-input":{"@type":"PropertyValueSpecification","valueRequired":true,"valueName":"search_term_string"}}],"inLanguage":"es"},{"@type":"Organization","@id":"https:\/\/aivlisoft.net\/shop\/#organization","name":"Aivlisoft Inform\u00e1tica","url":"https:\/\/aivlisoft.net\/shop\/","logo":{"@type":"ImageObject","inLanguage":"es","@id":"https:\/\/aivlisoft.net\/shop\/#\/schema\/logo\/image\/","url":"https:\/\/aivlisoft.net\/shop\/wp-content\/uploads\/2024\/12\/removal.ai_5b848c54-0cdf-4140-95c5-c5536bb7573b-logodef.png","contentUrl":"https:\/\/aivlisoft.net\/shop\/wp-content\/uploads\/2024\/12\/removal.ai_5b848c54-0cdf-4140-95c5-c5536bb7573b-logodef.png","width":484,"height":182,"caption":"Aivlisoft Inform\u00e1tica"},"image":{"@id":"https:\/\/aivlisoft.net\/shop\/#\/schema\/logo\/image\/"}}]}},"_links":{"self":[{"href":"https:\/\/aivlisoft.net\/shop\/wp-json\/wp\/v2\/product\/9446","targetHints":{"allow":["GET"]}}],"collection":[{"href":"https:\/\/aivlisoft.net\/shop\/wp-json\/wp\/v2\/product"}],"about":[{"href":"https:\/\/aivlisoft.net\/shop\/wp-json\/wp\/v2\/types\/product"}],"wp:featuredmedia":[{"embeddable":true,"href":"https:\/\/aivlisoft.net\/shop\/wp-json\/wp\/v2\/media\/9447"}],"wp:attachment":[{"href":"https:\/\/aivlisoft.net\/shop\/wp-json\/wp\/v2\/media?parent=9446"}],"wp:term":[{"taxonomy":"product_brand","embeddable":true,"href":"https:\/\/aivlisoft.net\/shop\/wp-json\/wp\/v2\/product_brand?post=9446"},{"taxonomy":"product_cat","embeddable":true,"href":"https:\/\/aivlisoft.net\/shop\/wp-json\/wp\/v2\/product_cat?post=9446"},{"taxonomy":"product_tag","embeddable":true,"href":"https:\/\/aivlisoft.net\/shop\/wp-json\/wp\/v2\/product_tag?post=9446"}],"curies":[{"name":"wp","href":"https:\/\/api.w.org\/{rel}","templated":true}]}}