{"id":9411,"date":"2025-01-13T13:56:47","date_gmt":"2025-01-13T13:56:47","guid":{"rendered":"https:\/\/aivlisoft.com\/?post_type=product&#038;p=9411"},"modified":"2025-01-15T11:07:33","modified_gmt":"2025-01-15T11:07:33","slug":"cherry-lector-tarjetas-chip-usb","status":"publish","type":"product","link":"https:\/\/aivlisoft.net\/shop\/producto\/cherry-lector-tarjetas-chip-usb\/","title":{"rendered":"Cherry Lector Tarjetas Chip USB"},"content":{"rendered":"<p>Inteligente, firme y manejable con una mano. El Smart Terminal ST-1144 lee y escribe sus tarjetas chip con un consumo de potencia extremadamente reducido.<br \/>Ya sea para controles de acceso, conexiones a redes o transacciones por Internet basadas en tarjetas chip: el Smart Terminal con conexi&oacute;n USB le ayuda a proteger de manera sencilla y fiable sus datos sensibles<\/p>\n<table class=\"tabla_caracteristicas k-table\" width=\"100%\">\n<tbody>\n<tr>\n<td valign=\"top\"><strong>Marca<\/strong><\/td>\n<td>Cherry<\/td>\n<\/tr>\n<tr>\n<td valign=\"top\"><strong>Modelo<\/strong><\/td>\n<td><strong>ST-1144UB<\/strong><\/td>\n<\/tr>\n<tr>\n<td valign=\"top\"><strong>Caracter&iacute;sticas<\/strong><\/td>\n<td>&#8211; Longitud de cable: aprox. 1,75 m<br \/>&#8211; Temperatura de almacenamiento: de -20&deg;C a 50&deg;C<br \/>&#8211; Temperatura de trabajo: de 0&deg;C a 60&deg;C<br \/>&#8211; Consumo el&eacute;ctrico: m&aacute;x. 100 mA<br \/>&#8211; Conexi&oacute;n: USB<br \/>&#8211; Requisitos del sistema: Conexi&oacute;n USB<br \/>&#8211; Dimensiones (producto): aprox. 75 x 51 x 55 mm<br \/>&#8211; Peso (producto): aprox. 300 g<br \/><strong>Lector de smart cards<\/strong><br \/>&#8211; Interfaz de hardware: USB<br \/>&#8211; Protocolos de tarjetas chip: T=0, T=1, S=8, S=9, S=10<br \/>&#8211; Contacto: Lector mec&aacute;nico por fricci&oacute;n<br \/>&#8211; Interfaz de software: CT-Api, PC\/SC, CCID<br \/>&#8211; Ciclos de contacto: aprox. 100.000 accionamientos<br \/>&#8211; Tipos de tarjeta chip compatibles: Lee y graba todas las&nbsp; tarjetas ISO 7816<br \/>&#8211; Velocidad de transferencia lector &lt;==&gt; tarjeta: 412.903 Bit\/s<br \/>&#8211; Velocidad de transferencia lector &lt;==&gt; sistema: m&aacute;x. 12&nbsp; MBit\/s<br \/>&#8211; Frecuencia de reloj tarjeta chip: 4,8 MHz<br \/><strong>Contenido<\/strong>:<br \/>&#8211; CHERRY SmartTerminal ST-1144<br \/>&#8211; Instrucciones de uso impresas<\/td>\n<\/tr>\n<tr>\n<td valign=\"top\"><strong>Fecha de revisi&oacute;n<\/strong><\/td>\n<td>17-12-2020 por MPM<\/td>\n<\/tr>\n<\/tbody>\n<\/table>\n","protected":false},"excerpt":{"rendered":"<p>Inteligente, firme y manejable con una mano. El Smart Terminal ST-1144 lee y escribe sus tarjetas chip con un consumo de potencia extremadamente reducido.Ya sea para controles de acceso, conexiones a redes o transacciones por Internet basadas en tarjetas chip: el Smart Terminal con conexi&oacute;n USB le ayuda a proteger de manera sencilla y fiable&hellip;&nbsp;<a href=\"https:\/\/aivlisoft.net\/shop\/producto\/cherry-lector-tarjetas-chip-usb\/\" rel=\"bookmark\"><span class=\"screen-reader-text\">Cherry Lector Tarjetas Chip USB<\/span><\/a><\/p>\n","protected":false},"featured_media":9412,"template":"","meta":{"neve_meta_sidebar":"","neve_meta_container":"","neve_meta_enable_content_width":"","neve_meta_content_width":0,"neve_meta_title_alignment":"","neve_meta_author_avatar":"","neve_post_elements_order":"","neve_meta_disable_header":"","neve_meta_disable_footer":"","neve_meta_disable_title":""},"product_brand":[],"product_cat":[15,8718,3706],"product_tag":[3722],"class_list":{"0":"post-9411","1":"product","2":"type-product","3":"status-publish","4":"has-post-thumbnail","6":"product_cat-sin-categorizar","7":"product_cat-lector-tarjetas-chip","8":"product_cat-lectores-tarjetas","9":"product_tag-st-1144ub","11":"first","12":"instock","13":"taxable","14":"shipping-taxable","15":"purchasable","16":"product-type-simple"},"yoast_head":"<!-- This site is optimized with the Yoast SEO plugin v26.0 - https:\/\/yoast.com\/wordpress\/plugins\/seo\/ -->\n<title>Cherry Lector Tarjetas Chip USB - Aivlisoft Inform\u00e1tica<\/title>\n<meta name=\"robots\" content=\"index, follow, max-snippet:-1, max-image-preview:large, max-video-preview:-1\" \/>\n<link rel=\"canonical\" href=\"https:\/\/aivlisoft.net\/shop\/producto\/cherry-lector-tarjetas-chip-usb\/\" \/>\n<meta property=\"og:locale\" content=\"es_ES\" \/>\n<meta property=\"og:type\" content=\"article\" \/>\n<meta property=\"og:title\" content=\"Cherry Lector Tarjetas Chip USB - Aivlisoft Inform\u00e1tica\" \/>\n<meta property=\"og:description\" content=\"Inteligente, firme y manejable con una mano. El Smart Terminal ST-1144 lee y escribe sus tarjetas chip con un consumo de potencia extremadamente reducido.Ya sea para controles de acceso, conexiones a redes o transacciones por Internet basadas en tarjetas chip: el Smart Terminal con conexi&oacute;n USB le ayuda a proteger de manera sencilla y fiable&hellip;&nbsp;Cherry Lector Tarjetas Chip USB\" \/>\n<meta property=\"og:url\" content=\"https:\/\/aivlisoft.net\/shop\/producto\/cherry-lector-tarjetas-chip-usb\/\" \/>\n<meta property=\"og:site_name\" content=\"Aivlisoft Inform\u00e1tica\" \/>\n<meta property=\"article:modified_time\" content=\"2025-01-15T11:07:33+00:00\" \/>\n<meta property=\"og:image\" content=\"https:\/\/aivlisoft.net\/shop\/wp-content\/uploads\/2025\/01\/FLTLMA0006_800.jpg\" \/>\n\t<meta property=\"og:image:width\" content=\"800\" \/>\n\t<meta property=\"og:image:height\" content=\"800\" \/>\n\t<meta property=\"og:image:type\" content=\"image\/jpeg\" \/>\n<meta name=\"twitter:card\" content=\"summary_large_image\" \/>\n<meta name=\"twitter:label1\" content=\"Tiempo de lectura\" \/>\n\t<meta name=\"twitter:data1\" content=\"1 minuto\" \/>\n<script type=\"application\/ld+json\" class=\"yoast-schema-graph\">{\"@context\":\"https:\/\/schema.org\",\"@graph\":[{\"@type\":\"WebPage\",\"@id\":\"https:\/\/aivlisoft.net\/shop\/producto\/cherry-lector-tarjetas-chip-usb\/\",\"url\":\"https:\/\/aivlisoft.net\/shop\/producto\/cherry-lector-tarjetas-chip-usb\/\",\"name\":\"Cherry Lector Tarjetas Chip USB - Aivlisoft Inform\u00e1tica\",\"isPartOf\":{\"@id\":\"https:\/\/aivlisoft.net\/shop\/#website\"},\"primaryImageOfPage\":{\"@id\":\"https:\/\/aivlisoft.net\/shop\/producto\/cherry-lector-tarjetas-chip-usb\/#primaryimage\"},\"image\":{\"@id\":\"https:\/\/aivlisoft.net\/shop\/producto\/cherry-lector-tarjetas-chip-usb\/#primaryimage\"},\"thumbnailUrl\":\"https:\/\/aivlisoft.net\/shop\/wp-content\/uploads\/2025\/01\/FLTLMA0006_800.jpg\",\"datePublished\":\"2025-01-13T13:56:47+00:00\",\"dateModified\":\"2025-01-15T11:07:33+00:00\",\"breadcrumb\":{\"@id\":\"https:\/\/aivlisoft.net\/shop\/producto\/cherry-lector-tarjetas-chip-usb\/#breadcrumb\"},\"inLanguage\":\"es\",\"potentialAction\":[{\"@type\":\"ReadAction\",\"target\":[\"https:\/\/aivlisoft.net\/shop\/producto\/cherry-lector-tarjetas-chip-usb\/\"]}]},{\"@type\":\"ImageObject\",\"inLanguage\":\"es\",\"@id\":\"https:\/\/aivlisoft.net\/shop\/producto\/cherry-lector-tarjetas-chip-usb\/#primaryimage\",\"url\":\"https:\/\/aivlisoft.net\/shop\/wp-content\/uploads\/2025\/01\/FLTLMA0006_800.jpg\",\"contentUrl\":\"https:\/\/aivlisoft.net\/shop\/wp-content\/uploads\/2025\/01\/FLTLMA0006_800.jpg\",\"width\":800,\"height\":800},{\"@type\":\"BreadcrumbList\",\"@id\":\"https:\/\/aivlisoft.net\/shop\/producto\/cherry-lector-tarjetas-chip-usb\/#breadcrumb\",\"itemListElement\":[{\"@type\":\"ListItem\",\"position\":1,\"name\":\"Portada\",\"item\":\"https:\/\/aivlisoft.net\/shop\/\"},{\"@type\":\"ListItem\",\"position\":2,\"name\":\"Tienda\",\"item\":\"https:\/\/aivlisoft.net\/shop\/tienda\/\"},{\"@type\":\"ListItem\",\"position\":3,\"name\":\"Cherry Lector Tarjetas Chip USB\"}]},{\"@type\":\"WebSite\",\"@id\":\"https:\/\/aivlisoft.net\/shop\/#website\",\"url\":\"https:\/\/aivlisoft.net\/shop\/\",\"name\":\"Aivlisoft Inform\u00e1tica\",\"description\":\"En Aivlisoft Inform\u00e1tica ofrecemos soluciones tecnol\u00f3gicas para empresas: venta de ordenadores, consumibles, perif\u00e9ricos y m\u00e1s. Calidad, atenci\u00f3n personalizada y los mejores precios para tu negocio.\",\"publisher\":{\"@id\":\"https:\/\/aivlisoft.net\/shop\/#organization\"},\"potentialAction\":[{\"@type\":\"SearchAction\",\"target\":{\"@type\":\"EntryPoint\",\"urlTemplate\":\"https:\/\/aivlisoft.net\/shop\/?s={search_term_string}\"},\"query-input\":{\"@type\":\"PropertyValueSpecification\",\"valueRequired\":true,\"valueName\":\"search_term_string\"}}],\"inLanguage\":\"es\"},{\"@type\":\"Organization\",\"@id\":\"https:\/\/aivlisoft.net\/shop\/#organization\",\"name\":\"Aivlisoft Inform\u00e1tica\",\"url\":\"https:\/\/aivlisoft.net\/shop\/\",\"logo\":{\"@type\":\"ImageObject\",\"inLanguage\":\"es\",\"@id\":\"https:\/\/aivlisoft.net\/shop\/#\/schema\/logo\/image\/\",\"url\":\"https:\/\/aivlisoft.net\/shop\/wp-content\/uploads\/2024\/12\/removal.ai_5b848c54-0cdf-4140-95c5-c5536bb7573b-logodef.png\",\"contentUrl\":\"https:\/\/aivlisoft.net\/shop\/wp-content\/uploads\/2024\/12\/removal.ai_5b848c54-0cdf-4140-95c5-c5536bb7573b-logodef.png\",\"width\":484,\"height\":182,\"caption\":\"Aivlisoft Inform\u00e1tica\"},\"image\":{\"@id\":\"https:\/\/aivlisoft.net\/shop\/#\/schema\/logo\/image\/\"}}]}<\/script>\n<!-- \/ Yoast SEO plugin. -->","yoast_head_json":{"title":"Cherry Lector Tarjetas Chip USB - Aivlisoft Inform\u00e1tica","robots":{"index":"index","follow":"follow","max-snippet":"max-snippet:-1","max-image-preview":"max-image-preview:large","max-video-preview":"max-video-preview:-1"},"canonical":"https:\/\/aivlisoft.net\/shop\/producto\/cherry-lector-tarjetas-chip-usb\/","og_locale":"es_ES","og_type":"article","og_title":"Cherry Lector Tarjetas Chip USB - Aivlisoft Inform\u00e1tica","og_description":"Inteligente, firme y manejable con una mano. El Smart Terminal ST-1144 lee y escribe sus tarjetas chip con un consumo de potencia extremadamente reducido.Ya sea para controles de acceso, conexiones a redes o transacciones por Internet basadas en tarjetas chip: el Smart Terminal con conexi&oacute;n USB le ayuda a proteger de manera sencilla y fiable&hellip;&nbsp;Cherry Lector Tarjetas Chip USB","og_url":"https:\/\/aivlisoft.net\/shop\/producto\/cherry-lector-tarjetas-chip-usb\/","og_site_name":"Aivlisoft Inform\u00e1tica","article_modified_time":"2025-01-15T11:07:33+00:00","og_image":[{"width":800,"height":800,"url":"https:\/\/aivlisoft.net\/shop\/wp-content\/uploads\/2025\/01\/FLTLMA0006_800.jpg","type":"image\/jpeg"}],"twitter_card":"summary_large_image","twitter_misc":{"Tiempo de lectura":"1 minuto"},"schema":{"@context":"https:\/\/schema.org","@graph":[{"@type":"WebPage","@id":"https:\/\/aivlisoft.net\/shop\/producto\/cherry-lector-tarjetas-chip-usb\/","url":"https:\/\/aivlisoft.net\/shop\/producto\/cherry-lector-tarjetas-chip-usb\/","name":"Cherry Lector Tarjetas Chip USB - Aivlisoft Inform\u00e1tica","isPartOf":{"@id":"https:\/\/aivlisoft.net\/shop\/#website"},"primaryImageOfPage":{"@id":"https:\/\/aivlisoft.net\/shop\/producto\/cherry-lector-tarjetas-chip-usb\/#primaryimage"},"image":{"@id":"https:\/\/aivlisoft.net\/shop\/producto\/cherry-lector-tarjetas-chip-usb\/#primaryimage"},"thumbnailUrl":"https:\/\/aivlisoft.net\/shop\/wp-content\/uploads\/2025\/01\/FLTLMA0006_800.jpg","datePublished":"2025-01-13T13:56:47+00:00","dateModified":"2025-01-15T11:07:33+00:00","breadcrumb":{"@id":"https:\/\/aivlisoft.net\/shop\/producto\/cherry-lector-tarjetas-chip-usb\/#breadcrumb"},"inLanguage":"es","potentialAction":[{"@type":"ReadAction","target":["https:\/\/aivlisoft.net\/shop\/producto\/cherry-lector-tarjetas-chip-usb\/"]}]},{"@type":"ImageObject","inLanguage":"es","@id":"https:\/\/aivlisoft.net\/shop\/producto\/cherry-lector-tarjetas-chip-usb\/#primaryimage","url":"https:\/\/aivlisoft.net\/shop\/wp-content\/uploads\/2025\/01\/FLTLMA0006_800.jpg","contentUrl":"https:\/\/aivlisoft.net\/shop\/wp-content\/uploads\/2025\/01\/FLTLMA0006_800.jpg","width":800,"height":800},{"@type":"BreadcrumbList","@id":"https:\/\/aivlisoft.net\/shop\/producto\/cherry-lector-tarjetas-chip-usb\/#breadcrumb","itemListElement":[{"@type":"ListItem","position":1,"name":"Portada","item":"https:\/\/aivlisoft.net\/shop\/"},{"@type":"ListItem","position":2,"name":"Tienda","item":"https:\/\/aivlisoft.net\/shop\/tienda\/"},{"@type":"ListItem","position":3,"name":"Cherry Lector Tarjetas Chip USB"}]},{"@type":"WebSite","@id":"https:\/\/aivlisoft.net\/shop\/#website","url":"https:\/\/aivlisoft.net\/shop\/","name":"Aivlisoft Inform\u00e1tica","description":"En Aivlisoft Inform\u00e1tica ofrecemos soluciones tecnol\u00f3gicas para empresas: venta de ordenadores, consumibles, perif\u00e9ricos y m\u00e1s. Calidad, atenci\u00f3n personalizada y los mejores precios para tu negocio.","publisher":{"@id":"https:\/\/aivlisoft.net\/shop\/#organization"},"potentialAction":[{"@type":"SearchAction","target":{"@type":"EntryPoint","urlTemplate":"https:\/\/aivlisoft.net\/shop\/?s={search_term_string}"},"query-input":{"@type":"PropertyValueSpecification","valueRequired":true,"valueName":"search_term_string"}}],"inLanguage":"es"},{"@type":"Organization","@id":"https:\/\/aivlisoft.net\/shop\/#organization","name":"Aivlisoft Inform\u00e1tica","url":"https:\/\/aivlisoft.net\/shop\/","logo":{"@type":"ImageObject","inLanguage":"es","@id":"https:\/\/aivlisoft.net\/shop\/#\/schema\/logo\/image\/","url":"https:\/\/aivlisoft.net\/shop\/wp-content\/uploads\/2024\/12\/removal.ai_5b848c54-0cdf-4140-95c5-c5536bb7573b-logodef.png","contentUrl":"https:\/\/aivlisoft.net\/shop\/wp-content\/uploads\/2024\/12\/removal.ai_5b848c54-0cdf-4140-95c5-c5536bb7573b-logodef.png","width":484,"height":182,"caption":"Aivlisoft Inform\u00e1tica"},"image":{"@id":"https:\/\/aivlisoft.net\/shop\/#\/schema\/logo\/image\/"}}]}},"_links":{"self":[{"href":"https:\/\/aivlisoft.net\/shop\/wp-json\/wp\/v2\/product\/9411","targetHints":{"allow":["GET"]}}],"collection":[{"href":"https:\/\/aivlisoft.net\/shop\/wp-json\/wp\/v2\/product"}],"about":[{"href":"https:\/\/aivlisoft.net\/shop\/wp-json\/wp\/v2\/types\/product"}],"wp:featuredmedia":[{"embeddable":true,"href":"https:\/\/aivlisoft.net\/shop\/wp-json\/wp\/v2\/media\/9412"}],"wp:attachment":[{"href":"https:\/\/aivlisoft.net\/shop\/wp-json\/wp\/v2\/media?parent=9411"}],"wp:term":[{"taxonomy":"product_brand","embeddable":true,"href":"https:\/\/aivlisoft.net\/shop\/wp-json\/wp\/v2\/product_brand?post=9411"},{"taxonomy":"product_cat","embeddable":true,"href":"https:\/\/aivlisoft.net\/shop\/wp-json\/wp\/v2\/product_cat?post=9411"},{"taxonomy":"product_tag","embeddable":true,"href":"https:\/\/aivlisoft.net\/shop\/wp-json\/wp\/v2\/product_tag?post=9411"}],"curies":[{"name":"wp","href":"https:\/\/api.w.org\/{rel}","templated":true}]}}