{"id":9400,"date":"2025-01-13T13:56:42","date_gmt":"2025-01-13T13:56:42","guid":{"rendered":"https:\/\/aivlisoft.com\/?post_type=product&#038;p=9400"},"modified":"2025-01-14T10:46:35","modified_gmt":"2025-01-14T10:46:35","slug":"ewent-ew1075-usb3-1-gen-1-compact-card-reader-all","status":"publish","type":"product","link":"https:\/\/aivlisoft.net\/shop\/producto\/ewent-ew1075-usb3-1-gen-1-compact-card-reader-all\/","title":{"rendered":"EWENT EW1075 USB3.1 Gen 1 Compact card reader All"},"content":{"rendered":"<p>Transfiera sus archivos e im&aacute;genes r&aacute;pidamente desde tarjetas de memoria con el lector de tarjetas plug and play <strong>EW1075 <\/strong>USB 3.2 Gen1 (USB 3.0). Lleve con usted el lector de tarjetas f&aacute;cilmente gracias a su dise&ntilde;o ultracompacto. Alcance velocidades de transferencia de hasta 5Gbit\/s gracias a la conexi&oacute;n SuperSpeed USB 3.2 Gen1 (USB 3.0). El EW1075 se puede utilizar en ordenadores con puerto USB C o USB A.<\/p>\n<p><strong>F&aacute;cil de llevar<\/strong><br \/>Gracias a su peque&ntilde;o tama&ntilde;o, podr&aacute; llevar con usted f&aacute;cilmente el lector de tarjetas Ewent EW1075 USB 3.2 Gen1 (USB 3.0). El EW1075 tiene conectores USB incorporados: Un conector Tipo C y un conector Tipo A. No es necesario utilizar ning&uacute;n tipo de cable.<\/p>\n<p><strong>Admite las tarjetas de memoria m&aacute;s utilizadas<\/strong><br \/>El lector de tarjetas Ewent USB 3.2 Gen1 (USB 3.0) admite Los siguientes tipos de tarjetas, que son las m&aacute;s utilizadas en la actualidad: SD, SDHC y la &uacute;ltima generaci&oacute;n de tarjetas SDXC. El lector EW1075 tambi&eacute;n admite tarjetas Micro SD y T-FLASH.<\/p>\n<p><strong>SuperSpeed USB 3.2 Gen1 (USB 3.0)<\/strong><br \/>El lector de tarjetas Ewent EW1075 cumple con el est&aacute;ndar USB 3.0. Este est&aacute;ndar permite velocidades de transferencia de datos de hasta 5 Gbit\/s.<br \/>&nbsp;<\/p>\n<table class=\"tabla_caracteristicas\" width=\"100%\">\n<tr>\n<td><strong>Marca<\/strong><\/td>\n<td>Ewent<\/td>\n<\/tr>\n<tr>\n<td><strong>Modelo<\/strong><\/td>\n<td><strong>EW1075<\/strong><\/td>\n<\/tr>\n<tr>\n<td><strong>Caracter&iacute;sticas<\/strong><\/td>\n<td>&#8211; Interfaz: USB 3.1 Gen1 compatible con USB 3.0 y USB 2.0<br \/>\t\t\t&#8211; Velocidad de transferencia: 5 Gbit \/ s (m&aacute;ximo)<br \/>\t\t\t&#8211; Conector USB: entrada USB 3.1 tipo C y A<br \/>\t\t\t&#8211; Led estado: s&iacute;, azul<br \/>\t\t\t&#8211; Ranura 1: Micro SD \/ SDHC \/ SDXC clase 4\/10, T-FLASH<br \/>\t\t\t&#8211; Ranura 2: SD \/ SDHC \/ SDXC clase 4\/10<br \/>\t\t\t&#8211; Plug &amp; Play: S&iacute;<br \/>\t\t\t&#8211; Dimensi&oacute;n (WxDxH): 20 x 80 x 11<\/td>\n<\/tr>\n<tr>\n<td><strong>Fecha de revisi&oacute;n<\/strong><\/td>\n<td>25-04-2022 por MPM<\/td>\n<\/tr>\n<\/table>\n","protected":false},"excerpt":{"rendered":"<p>Transfiera sus archivos e im&aacute;genes r&aacute;pidamente desde tarjetas de memoria con el lector de tarjetas plug and play EW1075 USB 3.2 Gen1 (USB 3.0). Lleve con usted el lector de tarjetas f&aacute;cilmente gracias a su dise&ntilde;o ultracompacto. Alcance velocidades de transferencia de hasta 5Gbit\/s gracias a la conexi&oacute;n SuperSpeed USB 3.2 Gen1 (USB 3.0). El&hellip;&nbsp;<a href=\"https:\/\/aivlisoft.net\/shop\/producto\/ewent-ew1075-usb3-1-gen-1-compact-card-reader-all\/\" rel=\"bookmark\"><span class=\"screen-reader-text\">EWENT EW1075 USB3.1 Gen 1 Compact card reader All<\/span><\/a><\/p>\n","protected":false},"featured_media":9401,"template":"","meta":{"neve_meta_sidebar":"","neve_meta_container":"","neve_meta_enable_content_width":"","neve_meta_content_width":0,"neve_meta_title_alignment":"","neve_meta_author_avatar":"","neve_post_elements_order":"","neve_meta_disable_header":"","neve_meta_disable_footer":"","neve_meta_disable_title":""},"product_brand":[],"product_cat":[8719],"product_tag":[3719],"class_list":{"0":"post-9400","1":"product","2":"type-product","3":"status-publish","4":"has-post-thumbnail","6":"product_cat-lector-tarjetas-flash","7":"product_tag-ew1075","9":"first","10":"instock","11":"taxable","12":"shipping-taxable","13":"purchasable","14":"product-type-simple"},"yoast_head":"<!-- This site is optimized with the Yoast SEO plugin v26.0 - https:\/\/yoast.com\/wordpress\/plugins\/seo\/ -->\n<title>EWENT EW1075 USB3.1 Gen 1 Compact card reader All - Aivlisoft Inform\u00e1tica<\/title>\n<meta name=\"robots\" content=\"index, follow, max-snippet:-1, max-image-preview:large, max-video-preview:-1\" \/>\n<link rel=\"canonical\" href=\"https:\/\/aivlisoft.net\/shop\/producto\/ewent-ew1075-usb3-1-gen-1-compact-card-reader-all\/\" \/>\n<meta property=\"og:locale\" content=\"es_ES\" \/>\n<meta property=\"og:type\" content=\"article\" \/>\n<meta property=\"og:title\" content=\"EWENT EW1075 USB3.1 Gen 1 Compact card reader All - Aivlisoft Inform\u00e1tica\" \/>\n<meta property=\"og:description\" content=\"Transfiera sus archivos e im&aacute;genes r&aacute;pidamente desde tarjetas de memoria con el lector de tarjetas plug and play EW1075 USB 3.2 Gen1 (USB 3.0). Lleve con usted el lector de tarjetas f&aacute;cilmente gracias a su dise&ntilde;o ultracompacto. Alcance velocidades de transferencia de hasta 5Gbit\/s gracias a la conexi&oacute;n SuperSpeed USB 3.2 Gen1 (USB 3.0). El&hellip;&nbsp;EWENT EW1075 USB3.1 Gen 1 Compact card reader All\" \/>\n<meta property=\"og:url\" content=\"https:\/\/aivlisoft.net\/shop\/producto\/ewent-ew1075-usb3-1-gen-1-compact-card-reader-all\/\" \/>\n<meta property=\"og:site_name\" content=\"Aivlisoft Inform\u00e1tica\" \/>\n<meta property=\"article:modified_time\" content=\"2025-01-14T10:46:35+00:00\" \/>\n<meta property=\"og:image\" content=\"https:\/\/aivlisoft.net\/shop\/wp-content\/uploads\/2025\/01\/FLTLFL0084_800.jpg\" \/>\n\t<meta property=\"og:image:width\" content=\"800\" \/>\n\t<meta property=\"og:image:height\" content=\"800\" \/>\n\t<meta property=\"og:image:type\" content=\"image\/jpeg\" \/>\n<meta name=\"twitter:card\" content=\"summary_large_image\" \/>\n<meta name=\"twitter:label1\" content=\"Tiempo de lectura\" \/>\n\t<meta name=\"twitter:data1\" content=\"1 minuto\" \/>\n<script type=\"application\/ld+json\" class=\"yoast-schema-graph\">{\"@context\":\"https:\/\/schema.org\",\"@graph\":[{\"@type\":\"WebPage\",\"@id\":\"https:\/\/aivlisoft.net\/shop\/producto\/ewent-ew1075-usb3-1-gen-1-compact-card-reader-all\/\",\"url\":\"https:\/\/aivlisoft.net\/shop\/producto\/ewent-ew1075-usb3-1-gen-1-compact-card-reader-all\/\",\"name\":\"EWENT EW1075 USB3.1 Gen 1 Compact card reader All - Aivlisoft Inform\u00e1tica\",\"isPartOf\":{\"@id\":\"https:\/\/aivlisoft.net\/shop\/#website\"},\"primaryImageOfPage\":{\"@id\":\"https:\/\/aivlisoft.net\/shop\/producto\/ewent-ew1075-usb3-1-gen-1-compact-card-reader-all\/#primaryimage\"},\"image\":{\"@id\":\"https:\/\/aivlisoft.net\/shop\/producto\/ewent-ew1075-usb3-1-gen-1-compact-card-reader-all\/#primaryimage\"},\"thumbnailUrl\":\"https:\/\/aivlisoft.net\/shop\/wp-content\/uploads\/2025\/01\/FLTLFL0084_800.jpg\",\"datePublished\":\"2025-01-13T13:56:42+00:00\",\"dateModified\":\"2025-01-14T10:46:35+00:00\",\"breadcrumb\":{\"@id\":\"https:\/\/aivlisoft.net\/shop\/producto\/ewent-ew1075-usb3-1-gen-1-compact-card-reader-all\/#breadcrumb\"},\"inLanguage\":\"es\",\"potentialAction\":[{\"@type\":\"ReadAction\",\"target\":[\"https:\/\/aivlisoft.net\/shop\/producto\/ewent-ew1075-usb3-1-gen-1-compact-card-reader-all\/\"]}]},{\"@type\":\"ImageObject\",\"inLanguage\":\"es\",\"@id\":\"https:\/\/aivlisoft.net\/shop\/producto\/ewent-ew1075-usb3-1-gen-1-compact-card-reader-all\/#primaryimage\",\"url\":\"https:\/\/aivlisoft.net\/shop\/wp-content\/uploads\/2025\/01\/FLTLFL0084_800.jpg\",\"contentUrl\":\"https:\/\/aivlisoft.net\/shop\/wp-content\/uploads\/2025\/01\/FLTLFL0084_800.jpg\",\"width\":800,\"height\":800},{\"@type\":\"BreadcrumbList\",\"@id\":\"https:\/\/aivlisoft.net\/shop\/producto\/ewent-ew1075-usb3-1-gen-1-compact-card-reader-all\/#breadcrumb\",\"itemListElement\":[{\"@type\":\"ListItem\",\"position\":1,\"name\":\"Portada\",\"item\":\"https:\/\/aivlisoft.net\/shop\/\"},{\"@type\":\"ListItem\",\"position\":2,\"name\":\"Tienda\",\"item\":\"https:\/\/aivlisoft.net\/shop\/tienda\/\"},{\"@type\":\"ListItem\",\"position\":3,\"name\":\"EWENT EW1075 USB3.1 Gen 1 Compact card reader All\"}]},{\"@type\":\"WebSite\",\"@id\":\"https:\/\/aivlisoft.net\/shop\/#website\",\"url\":\"https:\/\/aivlisoft.net\/shop\/\",\"name\":\"Aivlisoft Inform\u00e1tica\",\"description\":\"En Aivlisoft Inform\u00e1tica ofrecemos soluciones tecnol\u00f3gicas para empresas: venta de ordenadores, consumibles, perif\u00e9ricos y m\u00e1s. Calidad, atenci\u00f3n personalizada y los mejores precios para tu negocio.\",\"publisher\":{\"@id\":\"https:\/\/aivlisoft.net\/shop\/#organization\"},\"potentialAction\":[{\"@type\":\"SearchAction\",\"target\":{\"@type\":\"EntryPoint\",\"urlTemplate\":\"https:\/\/aivlisoft.net\/shop\/?s={search_term_string}\"},\"query-input\":{\"@type\":\"PropertyValueSpecification\",\"valueRequired\":true,\"valueName\":\"search_term_string\"}}],\"inLanguage\":\"es\"},{\"@type\":\"Organization\",\"@id\":\"https:\/\/aivlisoft.net\/shop\/#organization\",\"name\":\"Aivlisoft Inform\u00e1tica\",\"url\":\"https:\/\/aivlisoft.net\/shop\/\",\"logo\":{\"@type\":\"ImageObject\",\"inLanguage\":\"es\",\"@id\":\"https:\/\/aivlisoft.net\/shop\/#\/schema\/logo\/image\/\",\"url\":\"https:\/\/aivlisoft.net\/shop\/wp-content\/uploads\/2024\/12\/removal.ai_5b848c54-0cdf-4140-95c5-c5536bb7573b-logodef.png\",\"contentUrl\":\"https:\/\/aivlisoft.net\/shop\/wp-content\/uploads\/2024\/12\/removal.ai_5b848c54-0cdf-4140-95c5-c5536bb7573b-logodef.png\",\"width\":484,\"height\":182,\"caption\":\"Aivlisoft Inform\u00e1tica\"},\"image\":{\"@id\":\"https:\/\/aivlisoft.net\/shop\/#\/schema\/logo\/image\/\"}}]}<\/script>\n<!-- \/ Yoast SEO plugin. -->","yoast_head_json":{"title":"EWENT EW1075 USB3.1 Gen 1 Compact card reader All - Aivlisoft Inform\u00e1tica","robots":{"index":"index","follow":"follow","max-snippet":"max-snippet:-1","max-image-preview":"max-image-preview:large","max-video-preview":"max-video-preview:-1"},"canonical":"https:\/\/aivlisoft.net\/shop\/producto\/ewent-ew1075-usb3-1-gen-1-compact-card-reader-all\/","og_locale":"es_ES","og_type":"article","og_title":"EWENT EW1075 USB3.1 Gen 1 Compact card reader All - Aivlisoft Inform\u00e1tica","og_description":"Transfiera sus archivos e im&aacute;genes r&aacute;pidamente desde tarjetas de memoria con el lector de tarjetas plug and play EW1075 USB 3.2 Gen1 (USB 3.0). Lleve con usted el lector de tarjetas f&aacute;cilmente gracias a su dise&ntilde;o ultracompacto. Alcance velocidades de transferencia de hasta 5Gbit\/s gracias a la conexi&oacute;n SuperSpeed USB 3.2 Gen1 (USB 3.0). El&hellip;&nbsp;EWENT EW1075 USB3.1 Gen 1 Compact card reader All","og_url":"https:\/\/aivlisoft.net\/shop\/producto\/ewent-ew1075-usb3-1-gen-1-compact-card-reader-all\/","og_site_name":"Aivlisoft Inform\u00e1tica","article_modified_time":"2025-01-14T10:46:35+00:00","og_image":[{"width":800,"height":800,"url":"https:\/\/aivlisoft.net\/shop\/wp-content\/uploads\/2025\/01\/FLTLFL0084_800.jpg","type":"image\/jpeg"}],"twitter_card":"summary_large_image","twitter_misc":{"Tiempo de lectura":"1 minuto"},"schema":{"@context":"https:\/\/schema.org","@graph":[{"@type":"WebPage","@id":"https:\/\/aivlisoft.net\/shop\/producto\/ewent-ew1075-usb3-1-gen-1-compact-card-reader-all\/","url":"https:\/\/aivlisoft.net\/shop\/producto\/ewent-ew1075-usb3-1-gen-1-compact-card-reader-all\/","name":"EWENT EW1075 USB3.1 Gen 1 Compact card reader All - Aivlisoft Inform\u00e1tica","isPartOf":{"@id":"https:\/\/aivlisoft.net\/shop\/#website"},"primaryImageOfPage":{"@id":"https:\/\/aivlisoft.net\/shop\/producto\/ewent-ew1075-usb3-1-gen-1-compact-card-reader-all\/#primaryimage"},"image":{"@id":"https:\/\/aivlisoft.net\/shop\/producto\/ewent-ew1075-usb3-1-gen-1-compact-card-reader-all\/#primaryimage"},"thumbnailUrl":"https:\/\/aivlisoft.net\/shop\/wp-content\/uploads\/2025\/01\/FLTLFL0084_800.jpg","datePublished":"2025-01-13T13:56:42+00:00","dateModified":"2025-01-14T10:46:35+00:00","breadcrumb":{"@id":"https:\/\/aivlisoft.net\/shop\/producto\/ewent-ew1075-usb3-1-gen-1-compact-card-reader-all\/#breadcrumb"},"inLanguage":"es","potentialAction":[{"@type":"ReadAction","target":["https:\/\/aivlisoft.net\/shop\/producto\/ewent-ew1075-usb3-1-gen-1-compact-card-reader-all\/"]}]},{"@type":"ImageObject","inLanguage":"es","@id":"https:\/\/aivlisoft.net\/shop\/producto\/ewent-ew1075-usb3-1-gen-1-compact-card-reader-all\/#primaryimage","url":"https:\/\/aivlisoft.net\/shop\/wp-content\/uploads\/2025\/01\/FLTLFL0084_800.jpg","contentUrl":"https:\/\/aivlisoft.net\/shop\/wp-content\/uploads\/2025\/01\/FLTLFL0084_800.jpg","width":800,"height":800},{"@type":"BreadcrumbList","@id":"https:\/\/aivlisoft.net\/shop\/producto\/ewent-ew1075-usb3-1-gen-1-compact-card-reader-all\/#breadcrumb","itemListElement":[{"@type":"ListItem","position":1,"name":"Portada","item":"https:\/\/aivlisoft.net\/shop\/"},{"@type":"ListItem","position":2,"name":"Tienda","item":"https:\/\/aivlisoft.net\/shop\/tienda\/"},{"@type":"ListItem","position":3,"name":"EWENT EW1075 USB3.1 Gen 1 Compact card reader All"}]},{"@type":"WebSite","@id":"https:\/\/aivlisoft.net\/shop\/#website","url":"https:\/\/aivlisoft.net\/shop\/","name":"Aivlisoft Inform\u00e1tica","description":"En Aivlisoft Inform\u00e1tica ofrecemos soluciones tecnol\u00f3gicas para empresas: venta de ordenadores, consumibles, perif\u00e9ricos y m\u00e1s. Calidad, atenci\u00f3n personalizada y los mejores precios para tu negocio.","publisher":{"@id":"https:\/\/aivlisoft.net\/shop\/#organization"},"potentialAction":[{"@type":"SearchAction","target":{"@type":"EntryPoint","urlTemplate":"https:\/\/aivlisoft.net\/shop\/?s={search_term_string}"},"query-input":{"@type":"PropertyValueSpecification","valueRequired":true,"valueName":"search_term_string"}}],"inLanguage":"es"},{"@type":"Organization","@id":"https:\/\/aivlisoft.net\/shop\/#organization","name":"Aivlisoft Inform\u00e1tica","url":"https:\/\/aivlisoft.net\/shop\/","logo":{"@type":"ImageObject","inLanguage":"es","@id":"https:\/\/aivlisoft.net\/shop\/#\/schema\/logo\/image\/","url":"https:\/\/aivlisoft.net\/shop\/wp-content\/uploads\/2024\/12\/removal.ai_5b848c54-0cdf-4140-95c5-c5536bb7573b-logodef.png","contentUrl":"https:\/\/aivlisoft.net\/shop\/wp-content\/uploads\/2024\/12\/removal.ai_5b848c54-0cdf-4140-95c5-c5536bb7573b-logodef.png","width":484,"height":182,"caption":"Aivlisoft Inform\u00e1tica"},"image":{"@id":"https:\/\/aivlisoft.net\/shop\/#\/schema\/logo\/image\/"}}]}},"_links":{"self":[{"href":"https:\/\/aivlisoft.net\/shop\/wp-json\/wp\/v2\/product\/9400","targetHints":{"allow":["GET"]}}],"collection":[{"href":"https:\/\/aivlisoft.net\/shop\/wp-json\/wp\/v2\/product"}],"about":[{"href":"https:\/\/aivlisoft.net\/shop\/wp-json\/wp\/v2\/types\/product"}],"wp:featuredmedia":[{"embeddable":true,"href":"https:\/\/aivlisoft.net\/shop\/wp-json\/wp\/v2\/media\/9401"}],"wp:attachment":[{"href":"https:\/\/aivlisoft.net\/shop\/wp-json\/wp\/v2\/media?parent=9400"}],"wp:term":[{"taxonomy":"product_brand","embeddable":true,"href":"https:\/\/aivlisoft.net\/shop\/wp-json\/wp\/v2\/product_brand?post=9400"},{"taxonomy":"product_cat","embeddable":true,"href":"https:\/\/aivlisoft.net\/shop\/wp-json\/wp\/v2\/product_cat?post=9400"},{"taxonomy":"product_tag","embeddable":true,"href":"https:\/\/aivlisoft.net\/shop\/wp-json\/wp\/v2\/product_tag?post=9400"}],"curies":[{"name":"wp","href":"https:\/\/api.w.org\/{rel}","templated":true}]}}