{"id":9385,"date":"2025-01-13T13:56:34","date_gmt":"2025-01-13T13:56:34","guid":{"rendered":"https:\/\/aivlisoft.com\/?post_type=product&#038;p=9385"},"modified":"2025-01-14T10:46:29","modified_gmt":"2025-01-14T10:46:29","slug":"ewent-ew1053-lector-tarjetas-inteligentes-nfc","status":"publish","type":"product","link":"https:\/\/aivlisoft.net\/shop\/producto\/ewent-ew1053-lector-tarjetas-inteligentes-nfc\/","title":{"rendered":"EWENT EW1053 Lector tarjetas inteligentes NFC"},"content":{"rendered":"<p>Ewent EW1053 es el mejor dispositivo para leer los datos contenidos en tarjetas inteligentes sin contacto, con la m&aacute;xima seguridad y con extrema facilidad de uso.<\/p>\n<p>El lector se puede utilizar tanto para tarjetas tradicionales con interfaz sin contacto (como Mifare) como para muchos otros tipos de tarjetas utilizadas en los sectores p&uacute;blico, bancario y sanitario.<\/p>\n<p>Por ejemplo Tarjetas de Identidad (CIE 3.0) y CNS-TS.<\/p>\n<table class=\"tabla_caracteristicas\" width=\"100%\">\n<tr>\n<td valign=\"top\"><strong>Marca<\/strong><\/td>\n<td>Ewent<\/td>\n<\/tr>\n<tr>\n<td valign=\"top\"><strong>Modelo<\/strong><\/td>\n<td><strong>EW1053<\/strong><\/td>\n<\/tr>\n<tr>\n<td valign=\"top\"><strong>Caracter&iacute;sticas<\/strong><\/td>\n<td>&#8211; Conexi&oacute;n USB 2.0<br \/>\t\t\t&#8211; Tecnolog&iacute;a de lectura sin contacto (NFC)<br \/>\t\t\t&#8211; Compatibilidad con Windows, Mac OS X<br \/>\t\t\t&#8211; Lee los datos contenidos en: DNI, Tarjeta Sanitaria, CNS-CR<\/td>\n<\/tr>\n<tr>\n<td valign=\"top\"><strong>Fecha de revisi&oacute;n<\/strong><\/td>\n<td>20-06-2022 por MPM<\/td>\n<\/tr>\n<\/table>\n","protected":false},"excerpt":{"rendered":"<p>Ewent EW1053 es el mejor dispositivo para leer los datos contenidos en tarjetas inteligentes sin contacto, con la m&aacute;xima seguridad y con extrema facilidad de uso. El lector se puede utilizar tanto para tarjetas tradicionales con interfaz sin contacto (como Mifare) como para muchos otros tipos de tarjetas utilizadas en los sectores p&uacute;blico, bancario y&hellip;&nbsp;<a href=\"https:\/\/aivlisoft.net\/shop\/producto\/ewent-ew1053-lector-tarjetas-inteligentes-nfc\/\" rel=\"bookmark\"><span class=\"screen-reader-text\">EWENT EW1053 Lector tarjetas inteligentes NFC<\/span><\/a><\/p>\n","protected":false},"featured_media":9386,"template":"","meta":{"neve_meta_sidebar":"","neve_meta_container":"","neve_meta_enable_content_width":"","neve_meta_content_width":0,"neve_meta_title_alignment":"","neve_meta_author_avatar":"","neve_post_elements_order":"","neve_meta_disable_header":"","neve_meta_disable_footer":"","neve_meta_disable_title":""},"product_brand":[],"product_cat":[8718],"product_tag":[3715],"class_list":{"0":"post-9385","1":"product","2":"type-product","3":"status-publish","4":"has-post-thumbnail","6":"product_cat-lector-tarjetas-chip","7":"product_tag-ew1053","9":"first","10":"instock","11":"taxable","12":"shipping-taxable","13":"purchasable","14":"product-type-simple"},"yoast_head":"<!-- This site is optimized with the Yoast SEO plugin v26.0 - https:\/\/yoast.com\/wordpress\/plugins\/seo\/ -->\n<title>EWENT EW1053 Lector tarjetas inteligentes NFC - Aivlisoft Inform\u00e1tica<\/title>\n<meta name=\"robots\" content=\"index, follow, max-snippet:-1, max-image-preview:large, max-video-preview:-1\" \/>\n<link rel=\"canonical\" href=\"https:\/\/aivlisoft.net\/shop\/producto\/ewent-ew1053-lector-tarjetas-inteligentes-nfc\/\" \/>\n<meta property=\"og:locale\" content=\"es_ES\" \/>\n<meta property=\"og:type\" content=\"article\" \/>\n<meta property=\"og:title\" content=\"EWENT EW1053 Lector tarjetas inteligentes NFC - Aivlisoft Inform\u00e1tica\" \/>\n<meta property=\"og:description\" content=\"Ewent EW1053 es el mejor dispositivo para leer los datos contenidos en tarjetas inteligentes sin contacto, con la m&aacute;xima seguridad y con extrema facilidad de uso. El lector se puede utilizar tanto para tarjetas tradicionales con interfaz sin contacto (como Mifare) como para muchos otros tipos de tarjetas utilizadas en los sectores p&uacute;blico, bancario y&hellip;&nbsp;EWENT EW1053 Lector tarjetas inteligentes NFC\" \/>\n<meta property=\"og:url\" content=\"https:\/\/aivlisoft.net\/shop\/producto\/ewent-ew1053-lector-tarjetas-inteligentes-nfc\/\" \/>\n<meta property=\"og:site_name\" content=\"Aivlisoft Inform\u00e1tica\" \/>\n<meta property=\"article:modified_time\" content=\"2025-01-14T10:46:29+00:00\" \/>\n<meta property=\"og:image\" content=\"https:\/\/aivlisoft.net\/shop\/wp-content\/uploads\/2025\/01\/FLTLCH0044_800.jpg\" \/>\n\t<meta property=\"og:image:width\" content=\"800\" \/>\n\t<meta property=\"og:image:height\" content=\"800\" \/>\n\t<meta property=\"og:image:type\" content=\"image\/jpeg\" \/>\n<meta name=\"twitter:card\" content=\"summary_large_image\" \/>\n<meta name=\"twitter:label1\" content=\"Tiempo de lectura\" \/>\n\t<meta name=\"twitter:data1\" content=\"1 minuto\" \/>\n<script type=\"application\/ld+json\" class=\"yoast-schema-graph\">{\"@context\":\"https:\/\/schema.org\",\"@graph\":[{\"@type\":\"WebPage\",\"@id\":\"https:\/\/aivlisoft.net\/shop\/producto\/ewent-ew1053-lector-tarjetas-inteligentes-nfc\/\",\"url\":\"https:\/\/aivlisoft.net\/shop\/producto\/ewent-ew1053-lector-tarjetas-inteligentes-nfc\/\",\"name\":\"EWENT EW1053 Lector tarjetas inteligentes NFC - Aivlisoft Inform\u00e1tica\",\"isPartOf\":{\"@id\":\"https:\/\/aivlisoft.net\/shop\/#website\"},\"primaryImageOfPage\":{\"@id\":\"https:\/\/aivlisoft.net\/shop\/producto\/ewent-ew1053-lector-tarjetas-inteligentes-nfc\/#primaryimage\"},\"image\":{\"@id\":\"https:\/\/aivlisoft.net\/shop\/producto\/ewent-ew1053-lector-tarjetas-inteligentes-nfc\/#primaryimage\"},\"thumbnailUrl\":\"https:\/\/aivlisoft.net\/shop\/wp-content\/uploads\/2025\/01\/FLTLCH0044_800.jpg\",\"datePublished\":\"2025-01-13T13:56:34+00:00\",\"dateModified\":\"2025-01-14T10:46:29+00:00\",\"breadcrumb\":{\"@id\":\"https:\/\/aivlisoft.net\/shop\/producto\/ewent-ew1053-lector-tarjetas-inteligentes-nfc\/#breadcrumb\"},\"inLanguage\":\"es\",\"potentialAction\":[{\"@type\":\"ReadAction\",\"target\":[\"https:\/\/aivlisoft.net\/shop\/producto\/ewent-ew1053-lector-tarjetas-inteligentes-nfc\/\"]}]},{\"@type\":\"ImageObject\",\"inLanguage\":\"es\",\"@id\":\"https:\/\/aivlisoft.net\/shop\/producto\/ewent-ew1053-lector-tarjetas-inteligentes-nfc\/#primaryimage\",\"url\":\"https:\/\/aivlisoft.net\/shop\/wp-content\/uploads\/2025\/01\/FLTLCH0044_800.jpg\",\"contentUrl\":\"https:\/\/aivlisoft.net\/shop\/wp-content\/uploads\/2025\/01\/FLTLCH0044_800.jpg\",\"width\":800,\"height\":800},{\"@type\":\"BreadcrumbList\",\"@id\":\"https:\/\/aivlisoft.net\/shop\/producto\/ewent-ew1053-lector-tarjetas-inteligentes-nfc\/#breadcrumb\",\"itemListElement\":[{\"@type\":\"ListItem\",\"position\":1,\"name\":\"Portada\",\"item\":\"https:\/\/aivlisoft.net\/shop\/\"},{\"@type\":\"ListItem\",\"position\":2,\"name\":\"Tienda\",\"item\":\"https:\/\/aivlisoft.net\/shop\/tienda\/\"},{\"@type\":\"ListItem\",\"position\":3,\"name\":\"EWENT EW1053 Lector tarjetas inteligentes NFC\"}]},{\"@type\":\"WebSite\",\"@id\":\"https:\/\/aivlisoft.net\/shop\/#website\",\"url\":\"https:\/\/aivlisoft.net\/shop\/\",\"name\":\"Aivlisoft Inform\u00e1tica\",\"description\":\"En Aivlisoft Inform\u00e1tica ofrecemos soluciones tecnol\u00f3gicas para empresas: venta de ordenadores, consumibles, perif\u00e9ricos y m\u00e1s. Calidad, atenci\u00f3n personalizada y los mejores precios para tu negocio.\",\"publisher\":{\"@id\":\"https:\/\/aivlisoft.net\/shop\/#organization\"},\"potentialAction\":[{\"@type\":\"SearchAction\",\"target\":{\"@type\":\"EntryPoint\",\"urlTemplate\":\"https:\/\/aivlisoft.net\/shop\/?s={search_term_string}\"},\"query-input\":{\"@type\":\"PropertyValueSpecification\",\"valueRequired\":true,\"valueName\":\"search_term_string\"}}],\"inLanguage\":\"es\"},{\"@type\":\"Organization\",\"@id\":\"https:\/\/aivlisoft.net\/shop\/#organization\",\"name\":\"Aivlisoft Inform\u00e1tica\",\"url\":\"https:\/\/aivlisoft.net\/shop\/\",\"logo\":{\"@type\":\"ImageObject\",\"inLanguage\":\"es\",\"@id\":\"https:\/\/aivlisoft.net\/shop\/#\/schema\/logo\/image\/\",\"url\":\"https:\/\/aivlisoft.net\/shop\/wp-content\/uploads\/2024\/12\/removal.ai_5b848c54-0cdf-4140-95c5-c5536bb7573b-logodef.png\",\"contentUrl\":\"https:\/\/aivlisoft.net\/shop\/wp-content\/uploads\/2024\/12\/removal.ai_5b848c54-0cdf-4140-95c5-c5536bb7573b-logodef.png\",\"width\":484,\"height\":182,\"caption\":\"Aivlisoft Inform\u00e1tica\"},\"image\":{\"@id\":\"https:\/\/aivlisoft.net\/shop\/#\/schema\/logo\/image\/\"}}]}<\/script>\n<!-- \/ Yoast SEO plugin. -->","yoast_head_json":{"title":"EWENT EW1053 Lector tarjetas inteligentes NFC - Aivlisoft Inform\u00e1tica","robots":{"index":"index","follow":"follow","max-snippet":"max-snippet:-1","max-image-preview":"max-image-preview:large","max-video-preview":"max-video-preview:-1"},"canonical":"https:\/\/aivlisoft.net\/shop\/producto\/ewent-ew1053-lector-tarjetas-inteligentes-nfc\/","og_locale":"es_ES","og_type":"article","og_title":"EWENT EW1053 Lector tarjetas inteligentes NFC - Aivlisoft Inform\u00e1tica","og_description":"Ewent EW1053 es el mejor dispositivo para leer los datos contenidos en tarjetas inteligentes sin contacto, con la m&aacute;xima seguridad y con extrema facilidad de uso. El lector se puede utilizar tanto para tarjetas tradicionales con interfaz sin contacto (como Mifare) como para muchos otros tipos de tarjetas utilizadas en los sectores p&uacute;blico, bancario y&hellip;&nbsp;EWENT EW1053 Lector tarjetas inteligentes NFC","og_url":"https:\/\/aivlisoft.net\/shop\/producto\/ewent-ew1053-lector-tarjetas-inteligentes-nfc\/","og_site_name":"Aivlisoft Inform\u00e1tica","article_modified_time":"2025-01-14T10:46:29+00:00","og_image":[{"width":800,"height":800,"url":"https:\/\/aivlisoft.net\/shop\/wp-content\/uploads\/2025\/01\/FLTLCH0044_800.jpg","type":"image\/jpeg"}],"twitter_card":"summary_large_image","twitter_misc":{"Tiempo de lectura":"1 minuto"},"schema":{"@context":"https:\/\/schema.org","@graph":[{"@type":"WebPage","@id":"https:\/\/aivlisoft.net\/shop\/producto\/ewent-ew1053-lector-tarjetas-inteligentes-nfc\/","url":"https:\/\/aivlisoft.net\/shop\/producto\/ewent-ew1053-lector-tarjetas-inteligentes-nfc\/","name":"EWENT EW1053 Lector tarjetas inteligentes NFC - Aivlisoft Inform\u00e1tica","isPartOf":{"@id":"https:\/\/aivlisoft.net\/shop\/#website"},"primaryImageOfPage":{"@id":"https:\/\/aivlisoft.net\/shop\/producto\/ewent-ew1053-lector-tarjetas-inteligentes-nfc\/#primaryimage"},"image":{"@id":"https:\/\/aivlisoft.net\/shop\/producto\/ewent-ew1053-lector-tarjetas-inteligentes-nfc\/#primaryimage"},"thumbnailUrl":"https:\/\/aivlisoft.net\/shop\/wp-content\/uploads\/2025\/01\/FLTLCH0044_800.jpg","datePublished":"2025-01-13T13:56:34+00:00","dateModified":"2025-01-14T10:46:29+00:00","breadcrumb":{"@id":"https:\/\/aivlisoft.net\/shop\/producto\/ewent-ew1053-lector-tarjetas-inteligentes-nfc\/#breadcrumb"},"inLanguage":"es","potentialAction":[{"@type":"ReadAction","target":["https:\/\/aivlisoft.net\/shop\/producto\/ewent-ew1053-lector-tarjetas-inteligentes-nfc\/"]}]},{"@type":"ImageObject","inLanguage":"es","@id":"https:\/\/aivlisoft.net\/shop\/producto\/ewent-ew1053-lector-tarjetas-inteligentes-nfc\/#primaryimage","url":"https:\/\/aivlisoft.net\/shop\/wp-content\/uploads\/2025\/01\/FLTLCH0044_800.jpg","contentUrl":"https:\/\/aivlisoft.net\/shop\/wp-content\/uploads\/2025\/01\/FLTLCH0044_800.jpg","width":800,"height":800},{"@type":"BreadcrumbList","@id":"https:\/\/aivlisoft.net\/shop\/producto\/ewent-ew1053-lector-tarjetas-inteligentes-nfc\/#breadcrumb","itemListElement":[{"@type":"ListItem","position":1,"name":"Portada","item":"https:\/\/aivlisoft.net\/shop\/"},{"@type":"ListItem","position":2,"name":"Tienda","item":"https:\/\/aivlisoft.net\/shop\/tienda\/"},{"@type":"ListItem","position":3,"name":"EWENT EW1053 Lector tarjetas inteligentes NFC"}]},{"@type":"WebSite","@id":"https:\/\/aivlisoft.net\/shop\/#website","url":"https:\/\/aivlisoft.net\/shop\/","name":"Aivlisoft Inform\u00e1tica","description":"En Aivlisoft Inform\u00e1tica ofrecemos soluciones tecnol\u00f3gicas para empresas: venta de ordenadores, consumibles, perif\u00e9ricos y m\u00e1s. Calidad, atenci\u00f3n personalizada y los mejores precios para tu negocio.","publisher":{"@id":"https:\/\/aivlisoft.net\/shop\/#organization"},"potentialAction":[{"@type":"SearchAction","target":{"@type":"EntryPoint","urlTemplate":"https:\/\/aivlisoft.net\/shop\/?s={search_term_string}"},"query-input":{"@type":"PropertyValueSpecification","valueRequired":true,"valueName":"search_term_string"}}],"inLanguage":"es"},{"@type":"Organization","@id":"https:\/\/aivlisoft.net\/shop\/#organization","name":"Aivlisoft Inform\u00e1tica","url":"https:\/\/aivlisoft.net\/shop\/","logo":{"@type":"ImageObject","inLanguage":"es","@id":"https:\/\/aivlisoft.net\/shop\/#\/schema\/logo\/image\/","url":"https:\/\/aivlisoft.net\/shop\/wp-content\/uploads\/2024\/12\/removal.ai_5b848c54-0cdf-4140-95c5-c5536bb7573b-logodef.png","contentUrl":"https:\/\/aivlisoft.net\/shop\/wp-content\/uploads\/2024\/12\/removal.ai_5b848c54-0cdf-4140-95c5-c5536bb7573b-logodef.png","width":484,"height":182,"caption":"Aivlisoft Inform\u00e1tica"},"image":{"@id":"https:\/\/aivlisoft.net\/shop\/#\/schema\/logo\/image\/"}}]}},"_links":{"self":[{"href":"https:\/\/aivlisoft.net\/shop\/wp-json\/wp\/v2\/product\/9385","targetHints":{"allow":["GET"]}}],"collection":[{"href":"https:\/\/aivlisoft.net\/shop\/wp-json\/wp\/v2\/product"}],"about":[{"href":"https:\/\/aivlisoft.net\/shop\/wp-json\/wp\/v2\/types\/product"}],"wp:featuredmedia":[{"embeddable":true,"href":"https:\/\/aivlisoft.net\/shop\/wp-json\/wp\/v2\/media\/9386"}],"wp:attachment":[{"href":"https:\/\/aivlisoft.net\/shop\/wp-json\/wp\/v2\/media?parent=9385"}],"wp:term":[{"taxonomy":"product_brand","embeddable":true,"href":"https:\/\/aivlisoft.net\/shop\/wp-json\/wp\/v2\/product_brand?post=9385"},{"taxonomy":"product_cat","embeddable":true,"href":"https:\/\/aivlisoft.net\/shop\/wp-json\/wp\/v2\/product_cat?post=9385"},{"taxonomy":"product_tag","embeddable":true,"href":"https:\/\/aivlisoft.net\/shop\/wp-json\/wp\/v2\/product_tag?post=9385"}],"curies":[{"name":"wp","href":"https:\/\/api.w.org\/{rel}","templated":true}]}}