{"id":9382,"date":"2025-01-13T13:56:32","date_gmt":"2025-01-13T13:56:32","guid":{"rendered":"https:\/\/aivlisoft.com\/?post_type=product&#038;p=9382"},"modified":"2025-01-14T10:46:28","modified_gmt":"2025-01-14T10:46:28","slug":"nox-lector-de-tarjeta-electronica-usb","status":"publish","type":"product","link":"https:\/\/aivlisoft.net\/shop\/producto\/nox-lector-de-tarjeta-electronica-usb\/","title":{"rendered":"NOX Lector de tarjeta electronica usb"},"content":{"rendered":"<p><strong>Nox Lite Card ID <\/strong>es un lector de DNIe y de tarjetas inteligente que se conecta mediante USB 2.0 permitiendo as&iacute; realizar gestiones administrativas y transferir datos a una velocidad m&aacute;xima de 420 KBPS de una manera estable y segura.<\/p>\n<p><strong>Nox Lite Card ID<\/strong> es un lector y escritor inteligente de tarjetas muy ligero, con un reducido tama&ntilde;o que te permitir&aacute; llevarlo de un lado para otro seg&uacute;n lo necesites. Al ocupar muy poco espacio, podr&aacute;s utilizarlo con tu port&aacute;til o equipo de sobremesa c&oacute;modamente.<\/p>\n<p>Con conexi&oacute;n USB 2.0, podr&aacute;s identificarte para poder hacer m&uacute;ltiples gestiones que requieran la presentaci&oacute;n del DNIe u otras operaciones con tarjetas inteligentes, como pudieran ser tr&aacute;mites relacionados con la banca online de forma totalmente fiable, con la seguridad de un dispositivo con todas las garant&iacute;as.<\/p>\n<p>Transfiere tus datos a una velocidad de hasta 420 KBPS. El <strong>Nox Lite Card ID<\/strong> cumple con todos los est&aacute;ndares y protocolos para conectar las tarjetas DNIe y poderse identificar personalmente.<\/p>\n<p>Podr&aacute;s realizar las gestiones de manera c&oacute;moda gracias al <strong>Nox Lite Card ID<\/strong> que te permitir&aacute; una identificaci&oacute;n segura en Internet. Hacer las gestiones telem&aacute;ticas con este lector de DNIe y tarjetas inteligentes compatible con Windows, Linux y iOS es tan f&aacute;cil como conectarlo, ya que no necesita la instalaci&oacute;n de ning&uacute;n software adicional para poderlo usar.<\/p>\n<table class=\"tabla_caracteristicas\" width=\"100%\">\n<tr>\n<td valign=\"top\"><strong>Marca<\/strong><\/td>\n<td>NOX<\/td>\n<\/tr>\n<tr>\n<td valign=\"top\"><strong>Modelo<\/strong><\/td>\n<td><strong>NXLITECARDID<\/strong><\/td>\n<\/tr>\n<tr>\n<td valign=\"top\"><strong>Caracter&iacute;sticas<\/strong><\/td>\n<td>&#8211; Est&aacute;ndares soportados:<br \/>\t\t\t&nbsp; ISO 7816 class A, AB, C<br \/>\t\t\t&nbsp; T-0, T-1<br \/>\t\t\t&nbsp; EMV2 2000 Level 1<br \/>\t\t\t&nbsp; PC\/SC 1.0<br \/>\t\t\t&nbsp; PC\/SC 2.0<br \/>\t\t\t&nbsp; CCID<br \/>\t\t\t&nbsp; Tarjetas de 5V, 3V, 1.8V<br \/>\t\t\t&#8211; Velocidad lectura \/ escritura: 420 KBPS (m&aacute;x.)<br \/>\t\t\t&#8211; Conexi&oacute;n: USB 2.0<br \/>\t\t\t&#8211; Alimentaci&oacute;n: USB 5V<br \/>\t\t\t&#8211; Dimensiones: 65 x 85 x 18 mm<br \/>\t\t\t&#8211; Compatibilidad: Windows XP \/ VISTA \/ 7 \/ 8 \/ 10 \/&nbsp; Mac OS 10.X \/ Linux<\/td>\n<\/tr>\n<tr>\n<td valign=\"top\"><strong>Fecha de revisi&oacute;n<\/strong><\/td>\n<td>24-02-2022 por MPM<\/td>\n<\/tr>\n<\/table>\n","protected":false},"excerpt":{"rendered":"<p>Nox Lite Card ID es un lector de DNIe y de tarjetas inteligente que se conecta mediante USB 2.0 permitiendo as&iacute; realizar gestiones administrativas y transferir datos a una velocidad m&aacute;xima de 420 KBPS de una manera estable y segura. Nox Lite Card ID es un lector y escritor inteligente de tarjetas muy ligero, con&hellip;&nbsp;<a href=\"https:\/\/aivlisoft.net\/shop\/producto\/nox-lector-de-tarjeta-electronica-usb\/\" rel=\"bookmark\"><span class=\"screen-reader-text\">NOX Lector de tarjeta electronica usb<\/span><\/a><\/p>\n","protected":false},"featured_media":9383,"template":"","meta":{"neve_meta_sidebar":"","neve_meta_container":"","neve_meta_enable_content_width":"","neve_meta_content_width":0,"neve_meta_title_alignment":"","neve_meta_author_avatar":"","neve_post_elements_order":"","neve_meta_disable_header":"","neve_meta_disable_footer":"","neve_meta_disable_title":""},"product_brand":[],"product_cat":[8718],"product_tag":[3714],"class_list":{"0":"post-9382","1":"product","2":"type-product","3":"status-publish","4":"has-post-thumbnail","6":"product_cat-lector-tarjetas-chip","7":"product_tag-nxlitecardid","9":"first","10":"instock","11":"taxable","12":"shipping-taxable","13":"purchasable","14":"product-type-simple"},"yoast_head":"<!-- This site is optimized with the Yoast SEO plugin v26.0 - https:\/\/yoast.com\/wordpress\/plugins\/seo\/ -->\n<title>NOX Lector de tarjeta electronica usb - Aivlisoft Inform\u00e1tica<\/title>\n<meta name=\"robots\" content=\"index, follow, max-snippet:-1, max-image-preview:large, max-video-preview:-1\" \/>\n<link rel=\"canonical\" href=\"https:\/\/aivlisoft.net\/shop\/producto\/nox-lector-de-tarjeta-electronica-usb\/\" \/>\n<meta property=\"og:locale\" content=\"es_ES\" \/>\n<meta property=\"og:type\" content=\"article\" \/>\n<meta property=\"og:title\" content=\"NOX Lector de tarjeta electronica usb - Aivlisoft Inform\u00e1tica\" \/>\n<meta property=\"og:description\" content=\"Nox Lite Card ID es un lector de DNIe y de tarjetas inteligente que se conecta mediante USB 2.0 permitiendo as&iacute; realizar gestiones administrativas y transferir datos a una velocidad m&aacute;xima de 420 KBPS de una manera estable y segura. Nox Lite Card ID es un lector y escritor inteligente de tarjetas muy ligero, con&hellip;&nbsp;NOX Lector de tarjeta electronica usb\" \/>\n<meta property=\"og:url\" content=\"https:\/\/aivlisoft.net\/shop\/producto\/nox-lector-de-tarjeta-electronica-usb\/\" \/>\n<meta property=\"og:site_name\" content=\"Aivlisoft Inform\u00e1tica\" \/>\n<meta property=\"article:modified_time\" content=\"2025-01-14T10:46:28+00:00\" \/>\n<meta property=\"og:image\" content=\"https:\/\/aivlisoft.net\/shop\/wp-content\/uploads\/2025\/01\/FLTLCH0043_800.jpg\" \/>\n\t<meta property=\"og:image:width\" content=\"800\" \/>\n\t<meta property=\"og:image:height\" content=\"800\" \/>\n\t<meta property=\"og:image:type\" content=\"image\/jpeg\" \/>\n<meta name=\"twitter:card\" content=\"summary_large_image\" \/>\n<meta name=\"twitter:label1\" content=\"Tiempo de lectura\" \/>\n\t<meta name=\"twitter:data1\" content=\"2 minutos\" \/>\n<script type=\"application\/ld+json\" class=\"yoast-schema-graph\">{\"@context\":\"https:\/\/schema.org\",\"@graph\":[{\"@type\":\"WebPage\",\"@id\":\"https:\/\/aivlisoft.net\/shop\/producto\/nox-lector-de-tarjeta-electronica-usb\/\",\"url\":\"https:\/\/aivlisoft.net\/shop\/producto\/nox-lector-de-tarjeta-electronica-usb\/\",\"name\":\"NOX Lector de tarjeta electronica usb - Aivlisoft Inform\u00e1tica\",\"isPartOf\":{\"@id\":\"https:\/\/aivlisoft.net\/shop\/#website\"},\"primaryImageOfPage\":{\"@id\":\"https:\/\/aivlisoft.net\/shop\/producto\/nox-lector-de-tarjeta-electronica-usb\/#primaryimage\"},\"image\":{\"@id\":\"https:\/\/aivlisoft.net\/shop\/producto\/nox-lector-de-tarjeta-electronica-usb\/#primaryimage\"},\"thumbnailUrl\":\"https:\/\/aivlisoft.net\/shop\/wp-content\/uploads\/2025\/01\/FLTLCH0043_800.jpg\",\"datePublished\":\"2025-01-13T13:56:32+00:00\",\"dateModified\":\"2025-01-14T10:46:28+00:00\",\"breadcrumb\":{\"@id\":\"https:\/\/aivlisoft.net\/shop\/producto\/nox-lector-de-tarjeta-electronica-usb\/#breadcrumb\"},\"inLanguage\":\"es\",\"potentialAction\":[{\"@type\":\"ReadAction\",\"target\":[\"https:\/\/aivlisoft.net\/shop\/producto\/nox-lector-de-tarjeta-electronica-usb\/\"]}]},{\"@type\":\"ImageObject\",\"inLanguage\":\"es\",\"@id\":\"https:\/\/aivlisoft.net\/shop\/producto\/nox-lector-de-tarjeta-electronica-usb\/#primaryimage\",\"url\":\"https:\/\/aivlisoft.net\/shop\/wp-content\/uploads\/2025\/01\/FLTLCH0043_800.jpg\",\"contentUrl\":\"https:\/\/aivlisoft.net\/shop\/wp-content\/uploads\/2025\/01\/FLTLCH0043_800.jpg\",\"width\":800,\"height\":800},{\"@type\":\"BreadcrumbList\",\"@id\":\"https:\/\/aivlisoft.net\/shop\/producto\/nox-lector-de-tarjeta-electronica-usb\/#breadcrumb\",\"itemListElement\":[{\"@type\":\"ListItem\",\"position\":1,\"name\":\"Portada\",\"item\":\"https:\/\/aivlisoft.net\/shop\/\"},{\"@type\":\"ListItem\",\"position\":2,\"name\":\"Tienda\",\"item\":\"https:\/\/aivlisoft.net\/shop\/tienda\/\"},{\"@type\":\"ListItem\",\"position\":3,\"name\":\"NOX Lector de tarjeta electronica usb\"}]},{\"@type\":\"WebSite\",\"@id\":\"https:\/\/aivlisoft.net\/shop\/#website\",\"url\":\"https:\/\/aivlisoft.net\/shop\/\",\"name\":\"Aivlisoft Inform\u00e1tica\",\"description\":\"En Aivlisoft Inform\u00e1tica ofrecemos soluciones tecnol\u00f3gicas para empresas: venta de ordenadores, consumibles, perif\u00e9ricos y m\u00e1s. Calidad, atenci\u00f3n personalizada y los mejores precios para tu negocio.\",\"publisher\":{\"@id\":\"https:\/\/aivlisoft.net\/shop\/#organization\"},\"potentialAction\":[{\"@type\":\"SearchAction\",\"target\":{\"@type\":\"EntryPoint\",\"urlTemplate\":\"https:\/\/aivlisoft.net\/shop\/?s={search_term_string}\"},\"query-input\":{\"@type\":\"PropertyValueSpecification\",\"valueRequired\":true,\"valueName\":\"search_term_string\"}}],\"inLanguage\":\"es\"},{\"@type\":\"Organization\",\"@id\":\"https:\/\/aivlisoft.net\/shop\/#organization\",\"name\":\"Aivlisoft Inform\u00e1tica\",\"url\":\"https:\/\/aivlisoft.net\/shop\/\",\"logo\":{\"@type\":\"ImageObject\",\"inLanguage\":\"es\",\"@id\":\"https:\/\/aivlisoft.net\/shop\/#\/schema\/logo\/image\/\",\"url\":\"https:\/\/aivlisoft.net\/shop\/wp-content\/uploads\/2024\/12\/removal.ai_5b848c54-0cdf-4140-95c5-c5536bb7573b-logodef.png\",\"contentUrl\":\"https:\/\/aivlisoft.net\/shop\/wp-content\/uploads\/2024\/12\/removal.ai_5b848c54-0cdf-4140-95c5-c5536bb7573b-logodef.png\",\"width\":484,\"height\":182,\"caption\":\"Aivlisoft Inform\u00e1tica\"},\"image\":{\"@id\":\"https:\/\/aivlisoft.net\/shop\/#\/schema\/logo\/image\/\"}}]}<\/script>\n<!-- \/ Yoast SEO plugin. -->","yoast_head_json":{"title":"NOX Lector de tarjeta electronica usb - Aivlisoft Inform\u00e1tica","robots":{"index":"index","follow":"follow","max-snippet":"max-snippet:-1","max-image-preview":"max-image-preview:large","max-video-preview":"max-video-preview:-1"},"canonical":"https:\/\/aivlisoft.net\/shop\/producto\/nox-lector-de-tarjeta-electronica-usb\/","og_locale":"es_ES","og_type":"article","og_title":"NOX Lector de tarjeta electronica usb - Aivlisoft Inform\u00e1tica","og_description":"Nox Lite Card ID es un lector de DNIe y de tarjetas inteligente que se conecta mediante USB 2.0 permitiendo as&iacute; realizar gestiones administrativas y transferir datos a una velocidad m&aacute;xima de 420 KBPS de una manera estable y segura. Nox Lite Card ID es un lector y escritor inteligente de tarjetas muy ligero, con&hellip;&nbsp;NOX Lector de tarjeta electronica usb","og_url":"https:\/\/aivlisoft.net\/shop\/producto\/nox-lector-de-tarjeta-electronica-usb\/","og_site_name":"Aivlisoft Inform\u00e1tica","article_modified_time":"2025-01-14T10:46:28+00:00","og_image":[{"width":800,"height":800,"url":"https:\/\/aivlisoft.net\/shop\/wp-content\/uploads\/2025\/01\/FLTLCH0043_800.jpg","type":"image\/jpeg"}],"twitter_card":"summary_large_image","twitter_misc":{"Tiempo de lectura":"2 minutos"},"schema":{"@context":"https:\/\/schema.org","@graph":[{"@type":"WebPage","@id":"https:\/\/aivlisoft.net\/shop\/producto\/nox-lector-de-tarjeta-electronica-usb\/","url":"https:\/\/aivlisoft.net\/shop\/producto\/nox-lector-de-tarjeta-electronica-usb\/","name":"NOX Lector de tarjeta electronica usb - Aivlisoft Inform\u00e1tica","isPartOf":{"@id":"https:\/\/aivlisoft.net\/shop\/#website"},"primaryImageOfPage":{"@id":"https:\/\/aivlisoft.net\/shop\/producto\/nox-lector-de-tarjeta-electronica-usb\/#primaryimage"},"image":{"@id":"https:\/\/aivlisoft.net\/shop\/producto\/nox-lector-de-tarjeta-electronica-usb\/#primaryimage"},"thumbnailUrl":"https:\/\/aivlisoft.net\/shop\/wp-content\/uploads\/2025\/01\/FLTLCH0043_800.jpg","datePublished":"2025-01-13T13:56:32+00:00","dateModified":"2025-01-14T10:46:28+00:00","breadcrumb":{"@id":"https:\/\/aivlisoft.net\/shop\/producto\/nox-lector-de-tarjeta-electronica-usb\/#breadcrumb"},"inLanguage":"es","potentialAction":[{"@type":"ReadAction","target":["https:\/\/aivlisoft.net\/shop\/producto\/nox-lector-de-tarjeta-electronica-usb\/"]}]},{"@type":"ImageObject","inLanguage":"es","@id":"https:\/\/aivlisoft.net\/shop\/producto\/nox-lector-de-tarjeta-electronica-usb\/#primaryimage","url":"https:\/\/aivlisoft.net\/shop\/wp-content\/uploads\/2025\/01\/FLTLCH0043_800.jpg","contentUrl":"https:\/\/aivlisoft.net\/shop\/wp-content\/uploads\/2025\/01\/FLTLCH0043_800.jpg","width":800,"height":800},{"@type":"BreadcrumbList","@id":"https:\/\/aivlisoft.net\/shop\/producto\/nox-lector-de-tarjeta-electronica-usb\/#breadcrumb","itemListElement":[{"@type":"ListItem","position":1,"name":"Portada","item":"https:\/\/aivlisoft.net\/shop\/"},{"@type":"ListItem","position":2,"name":"Tienda","item":"https:\/\/aivlisoft.net\/shop\/tienda\/"},{"@type":"ListItem","position":3,"name":"NOX Lector de tarjeta electronica usb"}]},{"@type":"WebSite","@id":"https:\/\/aivlisoft.net\/shop\/#website","url":"https:\/\/aivlisoft.net\/shop\/","name":"Aivlisoft Inform\u00e1tica","description":"En Aivlisoft Inform\u00e1tica ofrecemos soluciones tecnol\u00f3gicas para empresas: venta de ordenadores, consumibles, perif\u00e9ricos y m\u00e1s. Calidad, atenci\u00f3n personalizada y los mejores precios para tu negocio.","publisher":{"@id":"https:\/\/aivlisoft.net\/shop\/#organization"},"potentialAction":[{"@type":"SearchAction","target":{"@type":"EntryPoint","urlTemplate":"https:\/\/aivlisoft.net\/shop\/?s={search_term_string}"},"query-input":{"@type":"PropertyValueSpecification","valueRequired":true,"valueName":"search_term_string"}}],"inLanguage":"es"},{"@type":"Organization","@id":"https:\/\/aivlisoft.net\/shop\/#organization","name":"Aivlisoft Inform\u00e1tica","url":"https:\/\/aivlisoft.net\/shop\/","logo":{"@type":"ImageObject","inLanguage":"es","@id":"https:\/\/aivlisoft.net\/shop\/#\/schema\/logo\/image\/","url":"https:\/\/aivlisoft.net\/shop\/wp-content\/uploads\/2024\/12\/removal.ai_5b848c54-0cdf-4140-95c5-c5536bb7573b-logodef.png","contentUrl":"https:\/\/aivlisoft.net\/shop\/wp-content\/uploads\/2024\/12\/removal.ai_5b848c54-0cdf-4140-95c5-c5536bb7573b-logodef.png","width":484,"height":182,"caption":"Aivlisoft Inform\u00e1tica"},"image":{"@id":"https:\/\/aivlisoft.net\/shop\/#\/schema\/logo\/image\/"}}]}},"_links":{"self":[{"href":"https:\/\/aivlisoft.net\/shop\/wp-json\/wp\/v2\/product\/9382","targetHints":{"allow":["GET"]}}],"collection":[{"href":"https:\/\/aivlisoft.net\/shop\/wp-json\/wp\/v2\/product"}],"about":[{"href":"https:\/\/aivlisoft.net\/shop\/wp-json\/wp\/v2\/types\/product"}],"wp:featuredmedia":[{"embeddable":true,"href":"https:\/\/aivlisoft.net\/shop\/wp-json\/wp\/v2\/media\/9383"}],"wp:attachment":[{"href":"https:\/\/aivlisoft.net\/shop\/wp-json\/wp\/v2\/media?parent=9382"}],"wp:term":[{"taxonomy":"product_brand","embeddable":true,"href":"https:\/\/aivlisoft.net\/shop\/wp-json\/wp\/v2\/product_brand?post=9382"},{"taxonomy":"product_cat","embeddable":true,"href":"https:\/\/aivlisoft.net\/shop\/wp-json\/wp\/v2\/product_cat?post=9382"},{"taxonomy":"product_tag","embeddable":true,"href":"https:\/\/aivlisoft.net\/shop\/wp-json\/wp\/v2\/product_tag?post=9382"}],"curies":[{"name":"wp","href":"https:\/\/api.w.org\/{rel}","templated":true}]}}