{"id":9370,"date":"2025-01-13T13:56:27","date_gmt":"2025-01-13T13:56:27","guid":{"rendered":"https:\/\/aivlisoft.com\/?post_type=product&#038;p=9370"},"modified":"2025-01-14T10:46:26","modified_gmt":"2025-01-14T10:46:26","slug":"iggual-lector-dni-sip-tarjetas-id-usb-2-0-negro","status":"publish","type":"product","link":"https:\/\/aivlisoft.net\/shop\/producto\/iggual-lector-dni-sip-tarjetas-id-usb-2-0-negro\/","title":{"rendered":"iggual Lector DNI SIP tarjetas ID USB 2.0 negro"},"content":{"rendered":"<p>El lector de tarjetas ID de iggual permite leer tarjetas inteligentes de forma f&aacute;cil y segura. Gracias a su conexi&oacute;n USB podr&aacute;s conectarlo a cualquier ordenador.<br \/>Centraliza en tu ordenador gestiones y evita inc&oacute;modos desplazamientos.<\/p>\n<p>Est&aacute; dise&ntilde;ado para satisfacer todas las normas y especificaciones de las tarjetas inteligentes con formato ID-1, incluyendo tarjetas de identificaci&oacute;n personal.<br \/>Resulta muy &uacute;til para comercio electr&oacute;nico, e-Business, firmas digitales, autenticaci&oacute;n y protecci&oacute;n de acceso.<\/p>\n<p>Da un paso a la era digital y llega a m&aacute;s personas, contribuye con el ambiente y haz crecer tu negocio sin necesidad de salir de casa con tu tarjeta ID y con el lector de iggual.<\/p>\n<table class=\"tabla_caracteristicas\" width=\"100%\">\n<tr>\n<td><strong>Marca<\/strong><\/td>\n<td>iggual<\/td>\n<\/tr>\n<tr>\n<td><strong>Modelo<\/strong><\/td>\n<td><strong>IGG316740<\/strong><\/td>\n<\/tr>\n<tr>\n<td><strong>Caracter&iacute;sticas<\/strong><\/td>\n<td>&#8211; Interfaz USB 2.0<br \/>\t\t\t&#8211; Lector de tarjetas ID, DNI, SIP, USB 2.0,<br \/>\t\t\t&#8211; Tarjetas soportadas: ATM\/CAC\/ID\/IC\/SIS\/cr&eacute;dito<br \/>\t\t\t&#8211; Compatible con DNI 4.0<br \/>\t\t\t&#8211; Tipos soportados: 5V, 3V y 1,8V Smart Cards ISO 7816 Clase A, AB y C<br \/>\t\t\t&#8211; Est&aacute;ndares: ISO\/IEC 7816 y EMV2 2000 Nivel 1<br \/>\t\t\t&#8211; Velocidad de lectura m&aacute;xima: 420 kbps<br \/>\t\t\t&#8211; No necesita alimentaci&oacute;n externa<br \/>\t\t\t&#8211; Dise&ntilde;o compacto y ligero<br \/>\t\t\t&#8211; Anti deslizante<br \/>\t\t\t&#8211; Cable de 1,2 metros<br \/>\t\t\t&#8211; Compatible con Windows, macOS, Linux<br \/>\t\t\t&#8211; Color negro<br \/>\t\t\t<strong>Contenido<\/strong><br \/>\t\t\t&#8211; 1 x lector de tarjetas ID<br \/>\t\t\t&#8211; 1 x CD de controladores<\/td>\n<\/tr>\n<tr>\n<td><strong>Descarga<\/strong><\/td>\n<td><a download=\"\" href=\"https:\/\/contenidos.infortisa.com\/resource\/\/2023\/iggual\/Drivers_lector_DNI_iggual.rar\">Driver <\/a><\/td>\n<\/tr>\n<tr>\n<td><strong>Fecha de revisi&oacute;n<\/strong><\/td>\n<td>12-01-2024 por RTY<\/td>\n<\/tr>\n<\/table>\n","protected":false},"excerpt":{"rendered":"<p>El lector de tarjetas ID de iggual permite leer tarjetas inteligentes de forma f&aacute;cil y segura. Gracias a su conexi&oacute;n USB podr&aacute;s conectarlo a cualquier ordenador.Centraliza en tu ordenador gestiones y evita inc&oacute;modos desplazamientos. Est&aacute; dise&ntilde;ado para satisfacer todas las normas y especificaciones de las tarjetas inteligentes con formato ID-1, incluyendo tarjetas de identificaci&oacute;n personal.Resulta&hellip;&nbsp;<a href=\"https:\/\/aivlisoft.net\/shop\/producto\/iggual-lector-dni-sip-tarjetas-id-usb-2-0-negro\/\" rel=\"bookmark\"><span class=\"screen-reader-text\">iggual Lector DNI SIP tarjetas ID USB 2.0 negro<\/span><\/a><\/p>\n","protected":false},"featured_media":9371,"template":"","meta":{"neve_meta_sidebar":"","neve_meta_container":"","neve_meta_enable_content_width":"","neve_meta_content_width":0,"neve_meta_title_alignment":"","neve_meta_author_avatar":"","neve_post_elements_order":"","neve_meta_disable_header":"","neve_meta_disable_footer":"","neve_meta_disable_title":""},"product_brand":[],"product_cat":[8718],"product_tag":[3711],"class_list":{"0":"post-9370","1":"product","2":"type-product","3":"status-publish","4":"has-post-thumbnail","6":"product_cat-lector-tarjetas-chip","7":"product_tag-igg316740","9":"first","10":"instock","11":"taxable","12":"shipping-taxable","13":"purchasable","14":"product-type-simple"},"yoast_head":"<!-- This site is optimized with the Yoast SEO plugin v26.0 - https:\/\/yoast.com\/wordpress\/plugins\/seo\/ -->\n<title>iggual Lector DNI SIP tarjetas ID USB 2.0 negro - Aivlisoft Inform\u00e1tica<\/title>\n<meta name=\"robots\" content=\"index, follow, max-snippet:-1, max-image-preview:large, max-video-preview:-1\" \/>\n<link rel=\"canonical\" href=\"https:\/\/aivlisoft.net\/shop\/producto\/iggual-lector-dni-sip-tarjetas-id-usb-2-0-negro\/\" \/>\n<meta property=\"og:locale\" content=\"es_ES\" \/>\n<meta property=\"og:type\" content=\"article\" \/>\n<meta property=\"og:title\" content=\"iggual Lector DNI SIP tarjetas ID USB 2.0 negro - Aivlisoft Inform\u00e1tica\" \/>\n<meta property=\"og:description\" content=\"El lector de tarjetas ID de iggual permite leer tarjetas inteligentes de forma f&aacute;cil y segura. Gracias a su conexi&oacute;n USB podr&aacute;s conectarlo a cualquier ordenador.Centraliza en tu ordenador gestiones y evita inc&oacute;modos desplazamientos. Est&aacute; dise&ntilde;ado para satisfacer todas las normas y especificaciones de las tarjetas inteligentes con formato ID-1, incluyendo tarjetas de identificaci&oacute;n personal.Resulta&hellip;&nbsp;iggual Lector DNI SIP tarjetas ID USB 2.0 negro\" \/>\n<meta property=\"og:url\" content=\"https:\/\/aivlisoft.net\/shop\/producto\/iggual-lector-dni-sip-tarjetas-id-usb-2-0-negro\/\" \/>\n<meta property=\"og:site_name\" content=\"Aivlisoft Inform\u00e1tica\" \/>\n<meta property=\"article:modified_time\" content=\"2025-01-14T10:46:26+00:00\" \/>\n<meta property=\"og:image\" content=\"https:\/\/aivlisoft.net\/shop\/wp-content\/uploads\/2025\/01\/FLTLCH0039_800.jpg\" \/>\n\t<meta property=\"og:image:width\" content=\"800\" \/>\n\t<meta property=\"og:image:height\" content=\"800\" \/>\n\t<meta property=\"og:image:type\" content=\"image\/jpeg\" \/>\n<meta name=\"twitter:card\" content=\"summary_large_image\" \/>\n<meta name=\"twitter:label1\" content=\"Tiempo de lectura\" \/>\n\t<meta name=\"twitter:data1\" content=\"1 minuto\" \/>\n<script type=\"application\/ld+json\" class=\"yoast-schema-graph\">{\"@context\":\"https:\/\/schema.org\",\"@graph\":[{\"@type\":\"WebPage\",\"@id\":\"https:\/\/aivlisoft.net\/shop\/producto\/iggual-lector-dni-sip-tarjetas-id-usb-2-0-negro\/\",\"url\":\"https:\/\/aivlisoft.net\/shop\/producto\/iggual-lector-dni-sip-tarjetas-id-usb-2-0-negro\/\",\"name\":\"iggual Lector DNI SIP tarjetas ID USB 2.0 negro - Aivlisoft Inform\u00e1tica\",\"isPartOf\":{\"@id\":\"https:\/\/aivlisoft.net\/shop\/#website\"},\"primaryImageOfPage\":{\"@id\":\"https:\/\/aivlisoft.net\/shop\/producto\/iggual-lector-dni-sip-tarjetas-id-usb-2-0-negro\/#primaryimage\"},\"image\":{\"@id\":\"https:\/\/aivlisoft.net\/shop\/producto\/iggual-lector-dni-sip-tarjetas-id-usb-2-0-negro\/#primaryimage\"},\"thumbnailUrl\":\"https:\/\/aivlisoft.net\/shop\/wp-content\/uploads\/2025\/01\/FLTLCH0039_800.jpg\",\"datePublished\":\"2025-01-13T13:56:27+00:00\",\"dateModified\":\"2025-01-14T10:46:26+00:00\",\"breadcrumb\":{\"@id\":\"https:\/\/aivlisoft.net\/shop\/producto\/iggual-lector-dni-sip-tarjetas-id-usb-2-0-negro\/#breadcrumb\"},\"inLanguage\":\"es\",\"potentialAction\":[{\"@type\":\"ReadAction\",\"target\":[\"https:\/\/aivlisoft.net\/shop\/producto\/iggual-lector-dni-sip-tarjetas-id-usb-2-0-negro\/\"]}]},{\"@type\":\"ImageObject\",\"inLanguage\":\"es\",\"@id\":\"https:\/\/aivlisoft.net\/shop\/producto\/iggual-lector-dni-sip-tarjetas-id-usb-2-0-negro\/#primaryimage\",\"url\":\"https:\/\/aivlisoft.net\/shop\/wp-content\/uploads\/2025\/01\/FLTLCH0039_800.jpg\",\"contentUrl\":\"https:\/\/aivlisoft.net\/shop\/wp-content\/uploads\/2025\/01\/FLTLCH0039_800.jpg\",\"width\":800,\"height\":800},{\"@type\":\"BreadcrumbList\",\"@id\":\"https:\/\/aivlisoft.net\/shop\/producto\/iggual-lector-dni-sip-tarjetas-id-usb-2-0-negro\/#breadcrumb\",\"itemListElement\":[{\"@type\":\"ListItem\",\"position\":1,\"name\":\"Portada\",\"item\":\"https:\/\/aivlisoft.net\/shop\/\"},{\"@type\":\"ListItem\",\"position\":2,\"name\":\"Tienda\",\"item\":\"https:\/\/aivlisoft.net\/shop\/tienda\/\"},{\"@type\":\"ListItem\",\"position\":3,\"name\":\"iggual Lector DNI SIP tarjetas ID USB 2.0 negro\"}]},{\"@type\":\"WebSite\",\"@id\":\"https:\/\/aivlisoft.net\/shop\/#website\",\"url\":\"https:\/\/aivlisoft.net\/shop\/\",\"name\":\"Aivlisoft Inform\u00e1tica\",\"description\":\"En Aivlisoft Inform\u00e1tica ofrecemos soluciones tecnol\u00f3gicas para empresas: venta de ordenadores, consumibles, perif\u00e9ricos y m\u00e1s. Calidad, atenci\u00f3n personalizada y los mejores precios para tu negocio.\",\"publisher\":{\"@id\":\"https:\/\/aivlisoft.net\/shop\/#organization\"},\"potentialAction\":[{\"@type\":\"SearchAction\",\"target\":{\"@type\":\"EntryPoint\",\"urlTemplate\":\"https:\/\/aivlisoft.net\/shop\/?s={search_term_string}\"},\"query-input\":{\"@type\":\"PropertyValueSpecification\",\"valueRequired\":true,\"valueName\":\"search_term_string\"}}],\"inLanguage\":\"es\"},{\"@type\":\"Organization\",\"@id\":\"https:\/\/aivlisoft.net\/shop\/#organization\",\"name\":\"Aivlisoft Inform\u00e1tica\",\"url\":\"https:\/\/aivlisoft.net\/shop\/\",\"logo\":{\"@type\":\"ImageObject\",\"inLanguage\":\"es\",\"@id\":\"https:\/\/aivlisoft.net\/shop\/#\/schema\/logo\/image\/\",\"url\":\"https:\/\/aivlisoft.net\/shop\/wp-content\/uploads\/2024\/12\/removal.ai_5b848c54-0cdf-4140-95c5-c5536bb7573b-logodef.png\",\"contentUrl\":\"https:\/\/aivlisoft.net\/shop\/wp-content\/uploads\/2024\/12\/removal.ai_5b848c54-0cdf-4140-95c5-c5536bb7573b-logodef.png\",\"width\":484,\"height\":182,\"caption\":\"Aivlisoft Inform\u00e1tica\"},\"image\":{\"@id\":\"https:\/\/aivlisoft.net\/shop\/#\/schema\/logo\/image\/\"}}]}<\/script>\n<!-- \/ Yoast SEO plugin. -->","yoast_head_json":{"title":"iggual Lector DNI SIP tarjetas ID USB 2.0 negro - Aivlisoft Inform\u00e1tica","robots":{"index":"index","follow":"follow","max-snippet":"max-snippet:-1","max-image-preview":"max-image-preview:large","max-video-preview":"max-video-preview:-1"},"canonical":"https:\/\/aivlisoft.net\/shop\/producto\/iggual-lector-dni-sip-tarjetas-id-usb-2-0-negro\/","og_locale":"es_ES","og_type":"article","og_title":"iggual Lector DNI SIP tarjetas ID USB 2.0 negro - Aivlisoft Inform\u00e1tica","og_description":"El lector de tarjetas ID de iggual permite leer tarjetas inteligentes de forma f&aacute;cil y segura. Gracias a su conexi&oacute;n USB podr&aacute;s conectarlo a cualquier ordenador.Centraliza en tu ordenador gestiones y evita inc&oacute;modos desplazamientos. Est&aacute; dise&ntilde;ado para satisfacer todas las normas y especificaciones de las tarjetas inteligentes con formato ID-1, incluyendo tarjetas de identificaci&oacute;n personal.Resulta&hellip;&nbsp;iggual Lector DNI SIP tarjetas ID USB 2.0 negro","og_url":"https:\/\/aivlisoft.net\/shop\/producto\/iggual-lector-dni-sip-tarjetas-id-usb-2-0-negro\/","og_site_name":"Aivlisoft Inform\u00e1tica","article_modified_time":"2025-01-14T10:46:26+00:00","og_image":[{"width":800,"height":800,"url":"https:\/\/aivlisoft.net\/shop\/wp-content\/uploads\/2025\/01\/FLTLCH0039_800.jpg","type":"image\/jpeg"}],"twitter_card":"summary_large_image","twitter_misc":{"Tiempo de lectura":"1 minuto"},"schema":{"@context":"https:\/\/schema.org","@graph":[{"@type":"WebPage","@id":"https:\/\/aivlisoft.net\/shop\/producto\/iggual-lector-dni-sip-tarjetas-id-usb-2-0-negro\/","url":"https:\/\/aivlisoft.net\/shop\/producto\/iggual-lector-dni-sip-tarjetas-id-usb-2-0-negro\/","name":"iggual Lector DNI SIP tarjetas ID USB 2.0 negro - Aivlisoft Inform\u00e1tica","isPartOf":{"@id":"https:\/\/aivlisoft.net\/shop\/#website"},"primaryImageOfPage":{"@id":"https:\/\/aivlisoft.net\/shop\/producto\/iggual-lector-dni-sip-tarjetas-id-usb-2-0-negro\/#primaryimage"},"image":{"@id":"https:\/\/aivlisoft.net\/shop\/producto\/iggual-lector-dni-sip-tarjetas-id-usb-2-0-negro\/#primaryimage"},"thumbnailUrl":"https:\/\/aivlisoft.net\/shop\/wp-content\/uploads\/2025\/01\/FLTLCH0039_800.jpg","datePublished":"2025-01-13T13:56:27+00:00","dateModified":"2025-01-14T10:46:26+00:00","breadcrumb":{"@id":"https:\/\/aivlisoft.net\/shop\/producto\/iggual-lector-dni-sip-tarjetas-id-usb-2-0-negro\/#breadcrumb"},"inLanguage":"es","potentialAction":[{"@type":"ReadAction","target":["https:\/\/aivlisoft.net\/shop\/producto\/iggual-lector-dni-sip-tarjetas-id-usb-2-0-negro\/"]}]},{"@type":"ImageObject","inLanguage":"es","@id":"https:\/\/aivlisoft.net\/shop\/producto\/iggual-lector-dni-sip-tarjetas-id-usb-2-0-negro\/#primaryimage","url":"https:\/\/aivlisoft.net\/shop\/wp-content\/uploads\/2025\/01\/FLTLCH0039_800.jpg","contentUrl":"https:\/\/aivlisoft.net\/shop\/wp-content\/uploads\/2025\/01\/FLTLCH0039_800.jpg","width":800,"height":800},{"@type":"BreadcrumbList","@id":"https:\/\/aivlisoft.net\/shop\/producto\/iggual-lector-dni-sip-tarjetas-id-usb-2-0-negro\/#breadcrumb","itemListElement":[{"@type":"ListItem","position":1,"name":"Portada","item":"https:\/\/aivlisoft.net\/shop\/"},{"@type":"ListItem","position":2,"name":"Tienda","item":"https:\/\/aivlisoft.net\/shop\/tienda\/"},{"@type":"ListItem","position":3,"name":"iggual Lector DNI SIP tarjetas ID USB 2.0 negro"}]},{"@type":"WebSite","@id":"https:\/\/aivlisoft.net\/shop\/#website","url":"https:\/\/aivlisoft.net\/shop\/","name":"Aivlisoft Inform\u00e1tica","description":"En Aivlisoft Inform\u00e1tica ofrecemos soluciones tecnol\u00f3gicas para empresas: venta de ordenadores, consumibles, perif\u00e9ricos y m\u00e1s. Calidad, atenci\u00f3n personalizada y los mejores precios para tu negocio.","publisher":{"@id":"https:\/\/aivlisoft.net\/shop\/#organization"},"potentialAction":[{"@type":"SearchAction","target":{"@type":"EntryPoint","urlTemplate":"https:\/\/aivlisoft.net\/shop\/?s={search_term_string}"},"query-input":{"@type":"PropertyValueSpecification","valueRequired":true,"valueName":"search_term_string"}}],"inLanguage":"es"},{"@type":"Organization","@id":"https:\/\/aivlisoft.net\/shop\/#organization","name":"Aivlisoft Inform\u00e1tica","url":"https:\/\/aivlisoft.net\/shop\/","logo":{"@type":"ImageObject","inLanguage":"es","@id":"https:\/\/aivlisoft.net\/shop\/#\/schema\/logo\/image\/","url":"https:\/\/aivlisoft.net\/shop\/wp-content\/uploads\/2024\/12\/removal.ai_5b848c54-0cdf-4140-95c5-c5536bb7573b-logodef.png","contentUrl":"https:\/\/aivlisoft.net\/shop\/wp-content\/uploads\/2024\/12\/removal.ai_5b848c54-0cdf-4140-95c5-c5536bb7573b-logodef.png","width":484,"height":182,"caption":"Aivlisoft Inform\u00e1tica"},"image":{"@id":"https:\/\/aivlisoft.net\/shop\/#\/schema\/logo\/image\/"}}]}},"_links":{"self":[{"href":"https:\/\/aivlisoft.net\/shop\/wp-json\/wp\/v2\/product\/9370","targetHints":{"allow":["GET"]}}],"collection":[{"href":"https:\/\/aivlisoft.net\/shop\/wp-json\/wp\/v2\/product"}],"about":[{"href":"https:\/\/aivlisoft.net\/shop\/wp-json\/wp\/v2\/types\/product"}],"wp:featuredmedia":[{"embeddable":true,"href":"https:\/\/aivlisoft.net\/shop\/wp-json\/wp\/v2\/media\/9371"}],"wp:attachment":[{"href":"https:\/\/aivlisoft.net\/shop\/wp-json\/wp\/v2\/media?parent=9370"}],"wp:term":[{"taxonomy":"product_brand","embeddable":true,"href":"https:\/\/aivlisoft.net\/shop\/wp-json\/wp\/v2\/product_brand?post=9370"},{"taxonomy":"product_cat","embeddable":true,"href":"https:\/\/aivlisoft.net\/shop\/wp-json\/wp\/v2\/product_cat?post=9370"},{"taxonomy":"product_tag","embeddable":true,"href":"https:\/\/aivlisoft.net\/shop\/wp-json\/wp\/v2\/product_tag?post=9370"}],"curies":[{"name":"wp","href":"https:\/\/api.w.org\/{rel}","templated":true}]}}