{"id":9339,"date":"2025-01-13T13:56:09","date_gmt":"2025-01-13T13:56:09","guid":{"rendered":"https:\/\/aivlisoft.com\/?post_type=product&#038;p=9339"},"modified":"2025-01-15T11:09:12","modified_gmt":"2025-01-15T11:09:12","slug":"brother-rotuladora-electronica-ptp950nw","status":"publish","type":"product","link":"https:\/\/aivlisoft.net\/shop\/producto\/brother-rotuladora-electronica-ptp950nw\/","title":{"rendered":"Brother Rotuladora Electronica PTP950NW"},"content":{"rendered":"<p><\/p>\n<table class=\"tabla_caracteristicas\" width=\"100%\">\n<tr>\n<td><strong>Marca<\/strong><\/td>\n<td>Brother<\/td>\n<\/tr>\n<tr>\n<td><strong>Modelo<\/strong><\/td>\n<td><strong>PTP950NWUR1 <\/strong><\/td>\n<\/tr>\n<tr>\n<td><strong>Caracter&iacute;sticas<\/strong><\/td>\n<td><strong>General<\/strong><br \/>\t\t\t&#8211; Tipo: Con conexi&oacute;n a PC<br \/>\t\t\t&#8211; Ancho m&aacute;ximo de cinta (mm): 36<br \/>\t\t\t&#8211; Tipo de cortador: Corte completo y medio corte<br \/>\t\t\t&#8211; Tecnolog&iacute;a: Transferencia t&eacute;rmica<br \/>\t\t\t&#8211; Tipo de uso: Industrial<br \/>\t\t\t&#8211; Flash RAM: 6 MB<br \/>\t\t\t&#8211; Ubicaciones de memoria Flash RAM: 99<br \/>\t\t\t<strong>Consumibles<\/strong><br \/>\t\t\t&#8211; Ancho: TZe\/HGe: 3.5, 6, 9, 12, 18, 24, 36mm. HSe: 5.8, 8.8, 11.7, 17.7, 23.6mm<br \/>\t\t\t&#8211; Tipo: TZe, HSe<br \/>\t\t\t<strong>Conectividad<\/strong><br \/>\t\t\t&#8211; Interfaz USB: USB 2.0, 3.0 Full Speed (Windows), USB 2.0 Full Speed (Mac)<br \/>\t\t\t&#8211; Wi-Fi Direct: IEEE802.11n<br \/>\t\t\t&#8211; Interfaz de red inal&aacute;mbrica: IEEE802.11b (Ad-Hoc Mode), IEEE802.11b\/g\/n (Infrastructure Mode)<br \/>\t\t\t&#8211; Serie: S&iacute; (requiere cable opcional)<br \/>\t\t\t<strong>Sistemas operativos y software<\/strong><br \/>\t\t\t&#8211; Compatible: Windows 10, Windows 8.1, Windows 8, Windows 7, Windows Vista, Windows Server 2012 R2, Windows Server 2012, Windows Server 2008 R2, Windows Server 2008, Windows Server 2003. \/ Mac OS X 10.11.x\/10.10.x\/10.9.x\/10.8.x\/10.7.5<br \/>\t\t\t<strong>Impresoras de etiquetas<\/strong><br \/>\t\t\t&#8211; Impresi&oacute;n reflejada: S&iacute;<br \/>\t\t\t<strong>Software de dise&ntilde;o de etiquetas<\/strong><br \/>\t\t\t&#8211; Sello de fecha y hora: Fecha y hora<br \/>\t\t\t&#8211; Marcos: 154<br \/>\t\t\t&#8211; Formatos de imagen admitidos: DIB, GIF, ICO, JPG, PNG, TIFF, WMF<br \/>\t\t\t&#8211; Orientaciones de etiquetas: Horizontal, Vertical<br \/>\t\t\t&#8211; Detecci&oacute;n del color de cinta: S&iacute;<br \/>\t\t\t&#8211; Detecci&oacute;n del tama&ntilde;o de cinta: S&iacute;<br \/>\t\t\t&#8211; Alineaci&oacute;n de texto: Centrar, Justificado, Izquierda, Derecha<br \/>\t\t\t&#8211; Estilo de fuente: Negrita, Invertir, Cursiva, Normal, Sombra, Sombra clara, Contorno<br \/>\t\t\t. Impresi&oacute;n vertical: S&iacute;<br \/>\t\t\t. Descarga de contenidos desde Brother Cloud: S&iacute;<br \/>\t\t\t&#8211; Idiomas: Ingl&eacute;s, Alem&aacute;n, Franc&eacute;s, Espa&ntilde;ol, Portugu&eacute;s, Italiano, Holand&eacute;s, Noruego, Sueco, Finland&eacute;s, H&uacute;ngaro, Checo, Polaco, Rumano, Esloveno, Croata, Turco, Portugu&eacute;s de Brasil<br \/>\t\t\t<strong>Consumibles y accesorios<\/strong><br \/>\t\t\t&#8211; Adaptador de CA: PASCA001<br \/>\t\t\t&#8211; Bater&iacute;a Li-ion: Base para bater&iacute;a: PABB002. Bater&iacute;a: PABT4000LI<br \/>\t\t\t<strong>Dimensiones y pesos<\/strong><br \/>\t\t\t&#8211; Peso: 1.48 kg<br \/>\t\t\t&#8211; Dimensiones sin caja: 118mm (An) x 192mm (F) x 146mm (Al)<\/td>\n<\/tr>\n<tr>\n<td><strong>Fecha de revisi&oacute;n<\/strong><\/td>\n<td>26-09-2024 por A<\/td>\n<\/tr>\n<\/table>\n","protected":false},"excerpt":{"rendered":"<p>Marca Brother Modelo PTP950NWUR1 Caracter&iacute;sticas General &#8211; Tipo: Con conexi&oacute;n a PC &#8211; Ancho m&aacute;ximo de cinta (mm): 36 &#8211; Tipo de cortador: Corte completo y medio corte &#8211; Tecnolog&iacute;a: Transferencia t&eacute;rmica &#8211; Tipo de uso: Industrial &#8211; Flash RAM: 6 MB &#8211; Ubicaciones de memoria Flash RAM: 99 Consumibles &#8211; Ancho: TZe\/HGe: 3.5, 6,&hellip;&nbsp;<a href=\"https:\/\/aivlisoft.net\/shop\/producto\/brother-rotuladora-electronica-ptp950nw\/\" rel=\"bookmark\"><span class=\"screen-reader-text\">Brother Rotuladora Electronica PTP950NW<\/span><\/a><\/p>\n","protected":false},"featured_media":9340,"template":"","meta":{"neve_meta_sidebar":"","neve_meta_container":"","neve_meta_enable_content_width":"","neve_meta_content_width":0,"neve_meta_title_alignment":"","neve_meta_author_avatar":"","neve_post_elements_order":"","neve_meta_disable_header":"","neve_meta_disable_footer":"","neve_meta_disable_title":""},"product_brand":[],"product_cat":[15,3529],"product_tag":[3696],"class_list":{"0":"post-9339","1":"product","2":"type-product","3":"status-publish","4":"has-post-thumbnail","6":"product_cat-sin-categorizar","7":"product_cat-impresoras","8":"product_tag-ptp950nwur1","10":"first","11":"instock","12":"taxable","13":"shipping-taxable","14":"purchasable","15":"product-type-simple"},"yoast_head":"<!-- This site is optimized with the Yoast SEO plugin v26.0 - https:\/\/yoast.com\/wordpress\/plugins\/seo\/ -->\n<title>Brother Rotuladora Electronica PTP950NW - Aivlisoft Inform\u00e1tica<\/title>\n<meta name=\"robots\" content=\"index, follow, max-snippet:-1, max-image-preview:large, max-video-preview:-1\" \/>\n<link rel=\"canonical\" href=\"https:\/\/aivlisoft.net\/shop\/producto\/brother-rotuladora-electronica-ptp950nw\/\" \/>\n<meta property=\"og:locale\" content=\"es_ES\" \/>\n<meta property=\"og:type\" content=\"article\" \/>\n<meta property=\"og:title\" content=\"Brother Rotuladora Electronica PTP950NW - Aivlisoft Inform\u00e1tica\" \/>\n<meta property=\"og:description\" content=\"Marca Brother Modelo PTP950NWUR1 Caracter&iacute;sticas General &#8211; Tipo: Con conexi&oacute;n a PC &#8211; Ancho m&aacute;ximo de cinta (mm): 36 &#8211; Tipo de cortador: Corte completo y medio corte &#8211; Tecnolog&iacute;a: Transferencia t&eacute;rmica &#8211; Tipo de uso: Industrial &#8211; Flash RAM: 6 MB &#8211; Ubicaciones de memoria Flash RAM: 99 Consumibles &#8211; Ancho: TZe\/HGe: 3.5, 6,&hellip;&nbsp;Brother Rotuladora Electronica PTP950NW\" \/>\n<meta property=\"og:url\" content=\"https:\/\/aivlisoft.net\/shop\/producto\/brother-rotuladora-electronica-ptp950nw\/\" \/>\n<meta property=\"og:site_name\" content=\"Aivlisoft Inform\u00e1tica\" \/>\n<meta property=\"article:modified_time\" content=\"2025-01-15T11:09:12+00:00\" \/>\n<meta property=\"og:image\" content=\"https:\/\/aivlisoft.net\/shop\/wp-content\/uploads\/2025\/01\/FIMITE0434_800.jpg\" \/>\n\t<meta property=\"og:image:width\" content=\"800\" \/>\n\t<meta property=\"og:image:height\" content=\"800\" \/>\n\t<meta property=\"og:image:type\" content=\"image\/jpeg\" \/>\n<meta name=\"twitter:card\" content=\"summary_large_image\" \/>\n<meta name=\"twitter:label1\" content=\"Tiempo de lectura\" \/>\n\t<meta name=\"twitter:data1\" content=\"2 minutos\" \/>\n<script type=\"application\/ld+json\" class=\"yoast-schema-graph\">{\"@context\":\"https:\/\/schema.org\",\"@graph\":[{\"@type\":\"WebPage\",\"@id\":\"https:\/\/aivlisoft.net\/shop\/producto\/brother-rotuladora-electronica-ptp950nw\/\",\"url\":\"https:\/\/aivlisoft.net\/shop\/producto\/brother-rotuladora-electronica-ptp950nw\/\",\"name\":\"Brother Rotuladora Electronica PTP950NW - Aivlisoft Inform\u00e1tica\",\"isPartOf\":{\"@id\":\"https:\/\/aivlisoft.net\/shop\/#website\"},\"primaryImageOfPage\":{\"@id\":\"https:\/\/aivlisoft.net\/shop\/producto\/brother-rotuladora-electronica-ptp950nw\/#primaryimage\"},\"image\":{\"@id\":\"https:\/\/aivlisoft.net\/shop\/producto\/brother-rotuladora-electronica-ptp950nw\/#primaryimage\"},\"thumbnailUrl\":\"https:\/\/aivlisoft.net\/shop\/wp-content\/uploads\/2025\/01\/FIMITE0434_800.jpg\",\"datePublished\":\"2025-01-13T13:56:09+00:00\",\"dateModified\":\"2025-01-15T11:09:12+00:00\",\"breadcrumb\":{\"@id\":\"https:\/\/aivlisoft.net\/shop\/producto\/brother-rotuladora-electronica-ptp950nw\/#breadcrumb\"},\"inLanguage\":\"es\",\"potentialAction\":[{\"@type\":\"ReadAction\",\"target\":[\"https:\/\/aivlisoft.net\/shop\/producto\/brother-rotuladora-electronica-ptp950nw\/\"]}]},{\"@type\":\"ImageObject\",\"inLanguage\":\"es\",\"@id\":\"https:\/\/aivlisoft.net\/shop\/producto\/brother-rotuladora-electronica-ptp950nw\/#primaryimage\",\"url\":\"https:\/\/aivlisoft.net\/shop\/wp-content\/uploads\/2025\/01\/FIMITE0434_800.jpg\",\"contentUrl\":\"https:\/\/aivlisoft.net\/shop\/wp-content\/uploads\/2025\/01\/FIMITE0434_800.jpg\",\"width\":800,\"height\":800},{\"@type\":\"BreadcrumbList\",\"@id\":\"https:\/\/aivlisoft.net\/shop\/producto\/brother-rotuladora-electronica-ptp950nw\/#breadcrumb\",\"itemListElement\":[{\"@type\":\"ListItem\",\"position\":1,\"name\":\"Portada\",\"item\":\"https:\/\/aivlisoft.net\/shop\/\"},{\"@type\":\"ListItem\",\"position\":2,\"name\":\"Tienda\",\"item\":\"https:\/\/aivlisoft.net\/shop\/tienda\/\"},{\"@type\":\"ListItem\",\"position\":3,\"name\":\"Brother Rotuladora Electronica PTP950NW\"}]},{\"@type\":\"WebSite\",\"@id\":\"https:\/\/aivlisoft.net\/shop\/#website\",\"url\":\"https:\/\/aivlisoft.net\/shop\/\",\"name\":\"Aivlisoft Inform\u00e1tica\",\"description\":\"En Aivlisoft Inform\u00e1tica ofrecemos soluciones tecnol\u00f3gicas para empresas: venta de ordenadores, consumibles, perif\u00e9ricos y m\u00e1s. Calidad, atenci\u00f3n personalizada y los mejores precios para tu negocio.\",\"publisher\":{\"@id\":\"https:\/\/aivlisoft.net\/shop\/#organization\"},\"potentialAction\":[{\"@type\":\"SearchAction\",\"target\":{\"@type\":\"EntryPoint\",\"urlTemplate\":\"https:\/\/aivlisoft.net\/shop\/?s={search_term_string}\"},\"query-input\":{\"@type\":\"PropertyValueSpecification\",\"valueRequired\":true,\"valueName\":\"search_term_string\"}}],\"inLanguage\":\"es\"},{\"@type\":\"Organization\",\"@id\":\"https:\/\/aivlisoft.net\/shop\/#organization\",\"name\":\"Aivlisoft Inform\u00e1tica\",\"url\":\"https:\/\/aivlisoft.net\/shop\/\",\"logo\":{\"@type\":\"ImageObject\",\"inLanguage\":\"es\",\"@id\":\"https:\/\/aivlisoft.net\/shop\/#\/schema\/logo\/image\/\",\"url\":\"https:\/\/aivlisoft.net\/shop\/wp-content\/uploads\/2024\/12\/removal.ai_5b848c54-0cdf-4140-95c5-c5536bb7573b-logodef.png\",\"contentUrl\":\"https:\/\/aivlisoft.net\/shop\/wp-content\/uploads\/2024\/12\/removal.ai_5b848c54-0cdf-4140-95c5-c5536bb7573b-logodef.png\",\"width\":484,\"height\":182,\"caption\":\"Aivlisoft Inform\u00e1tica\"},\"image\":{\"@id\":\"https:\/\/aivlisoft.net\/shop\/#\/schema\/logo\/image\/\"}}]}<\/script>\n<!-- \/ Yoast SEO plugin. -->","yoast_head_json":{"title":"Brother Rotuladora Electronica PTP950NW - Aivlisoft Inform\u00e1tica","robots":{"index":"index","follow":"follow","max-snippet":"max-snippet:-1","max-image-preview":"max-image-preview:large","max-video-preview":"max-video-preview:-1"},"canonical":"https:\/\/aivlisoft.net\/shop\/producto\/brother-rotuladora-electronica-ptp950nw\/","og_locale":"es_ES","og_type":"article","og_title":"Brother Rotuladora Electronica PTP950NW - Aivlisoft Inform\u00e1tica","og_description":"Marca Brother Modelo PTP950NWUR1 Caracter&iacute;sticas General &#8211; Tipo: Con conexi&oacute;n a PC &#8211; Ancho m&aacute;ximo de cinta (mm): 36 &#8211; Tipo de cortador: Corte completo y medio corte &#8211; Tecnolog&iacute;a: Transferencia t&eacute;rmica &#8211; Tipo de uso: Industrial &#8211; Flash RAM: 6 MB &#8211; Ubicaciones de memoria Flash RAM: 99 Consumibles &#8211; Ancho: TZe\/HGe: 3.5, 6,&hellip;&nbsp;Brother Rotuladora Electronica PTP950NW","og_url":"https:\/\/aivlisoft.net\/shop\/producto\/brother-rotuladora-electronica-ptp950nw\/","og_site_name":"Aivlisoft Inform\u00e1tica","article_modified_time":"2025-01-15T11:09:12+00:00","og_image":[{"width":800,"height":800,"url":"https:\/\/aivlisoft.net\/shop\/wp-content\/uploads\/2025\/01\/FIMITE0434_800.jpg","type":"image\/jpeg"}],"twitter_card":"summary_large_image","twitter_misc":{"Tiempo de lectura":"2 minutos"},"schema":{"@context":"https:\/\/schema.org","@graph":[{"@type":"WebPage","@id":"https:\/\/aivlisoft.net\/shop\/producto\/brother-rotuladora-electronica-ptp950nw\/","url":"https:\/\/aivlisoft.net\/shop\/producto\/brother-rotuladora-electronica-ptp950nw\/","name":"Brother Rotuladora Electronica PTP950NW - Aivlisoft Inform\u00e1tica","isPartOf":{"@id":"https:\/\/aivlisoft.net\/shop\/#website"},"primaryImageOfPage":{"@id":"https:\/\/aivlisoft.net\/shop\/producto\/brother-rotuladora-electronica-ptp950nw\/#primaryimage"},"image":{"@id":"https:\/\/aivlisoft.net\/shop\/producto\/brother-rotuladora-electronica-ptp950nw\/#primaryimage"},"thumbnailUrl":"https:\/\/aivlisoft.net\/shop\/wp-content\/uploads\/2025\/01\/FIMITE0434_800.jpg","datePublished":"2025-01-13T13:56:09+00:00","dateModified":"2025-01-15T11:09:12+00:00","breadcrumb":{"@id":"https:\/\/aivlisoft.net\/shop\/producto\/brother-rotuladora-electronica-ptp950nw\/#breadcrumb"},"inLanguage":"es","potentialAction":[{"@type":"ReadAction","target":["https:\/\/aivlisoft.net\/shop\/producto\/brother-rotuladora-electronica-ptp950nw\/"]}]},{"@type":"ImageObject","inLanguage":"es","@id":"https:\/\/aivlisoft.net\/shop\/producto\/brother-rotuladora-electronica-ptp950nw\/#primaryimage","url":"https:\/\/aivlisoft.net\/shop\/wp-content\/uploads\/2025\/01\/FIMITE0434_800.jpg","contentUrl":"https:\/\/aivlisoft.net\/shop\/wp-content\/uploads\/2025\/01\/FIMITE0434_800.jpg","width":800,"height":800},{"@type":"BreadcrumbList","@id":"https:\/\/aivlisoft.net\/shop\/producto\/brother-rotuladora-electronica-ptp950nw\/#breadcrumb","itemListElement":[{"@type":"ListItem","position":1,"name":"Portada","item":"https:\/\/aivlisoft.net\/shop\/"},{"@type":"ListItem","position":2,"name":"Tienda","item":"https:\/\/aivlisoft.net\/shop\/tienda\/"},{"@type":"ListItem","position":3,"name":"Brother Rotuladora Electronica PTP950NW"}]},{"@type":"WebSite","@id":"https:\/\/aivlisoft.net\/shop\/#website","url":"https:\/\/aivlisoft.net\/shop\/","name":"Aivlisoft Inform\u00e1tica","description":"En Aivlisoft Inform\u00e1tica ofrecemos soluciones tecnol\u00f3gicas para empresas: venta de ordenadores, consumibles, perif\u00e9ricos y m\u00e1s. Calidad, atenci\u00f3n personalizada y los mejores precios para tu negocio.","publisher":{"@id":"https:\/\/aivlisoft.net\/shop\/#organization"},"potentialAction":[{"@type":"SearchAction","target":{"@type":"EntryPoint","urlTemplate":"https:\/\/aivlisoft.net\/shop\/?s={search_term_string}"},"query-input":{"@type":"PropertyValueSpecification","valueRequired":true,"valueName":"search_term_string"}}],"inLanguage":"es"},{"@type":"Organization","@id":"https:\/\/aivlisoft.net\/shop\/#organization","name":"Aivlisoft Inform\u00e1tica","url":"https:\/\/aivlisoft.net\/shop\/","logo":{"@type":"ImageObject","inLanguage":"es","@id":"https:\/\/aivlisoft.net\/shop\/#\/schema\/logo\/image\/","url":"https:\/\/aivlisoft.net\/shop\/wp-content\/uploads\/2024\/12\/removal.ai_5b848c54-0cdf-4140-95c5-c5536bb7573b-logodef.png","contentUrl":"https:\/\/aivlisoft.net\/shop\/wp-content\/uploads\/2024\/12\/removal.ai_5b848c54-0cdf-4140-95c5-c5536bb7573b-logodef.png","width":484,"height":182,"caption":"Aivlisoft Inform\u00e1tica"},"image":{"@id":"https:\/\/aivlisoft.net\/shop\/#\/schema\/logo\/image\/"}}]}},"_links":{"self":[{"href":"https:\/\/aivlisoft.net\/shop\/wp-json\/wp\/v2\/product\/9339","targetHints":{"allow":["GET"]}}],"collection":[{"href":"https:\/\/aivlisoft.net\/shop\/wp-json\/wp\/v2\/product"}],"about":[{"href":"https:\/\/aivlisoft.net\/shop\/wp-json\/wp\/v2\/types\/product"}],"wp:featuredmedia":[{"embeddable":true,"href":"https:\/\/aivlisoft.net\/shop\/wp-json\/wp\/v2\/media\/9340"}],"wp:attachment":[{"href":"https:\/\/aivlisoft.net\/shop\/wp-json\/wp\/v2\/media?parent=9339"}],"wp:term":[{"taxonomy":"product_brand","embeddable":true,"href":"https:\/\/aivlisoft.net\/shop\/wp-json\/wp\/v2\/product_brand?post=9339"},{"taxonomy":"product_cat","embeddable":true,"href":"https:\/\/aivlisoft.net\/shop\/wp-json\/wp\/v2\/product_cat?post=9339"},{"taxonomy":"product_tag","embeddable":true,"href":"https:\/\/aivlisoft.net\/shop\/wp-json\/wp\/v2\/product_tag?post=9339"}],"curies":[{"name":"wp","href":"https:\/\/api.w.org\/{rel}","templated":true}]}}