{"id":9231,"date":"2025-01-13T13:55:13","date_gmt":"2025-01-13T13:55:13","guid":{"rendered":"https:\/\/aivlisoft.com\/?post_type=product&#038;p=9231"},"modified":"2025-01-15T11:13:18","modified_gmt":"2025-01-15T11:13:18","slug":"brother-impresora-termica-r-j2035b-bluetooth","status":"publish","type":"product","link":"https:\/\/aivlisoft.net\/shop\/producto\/brother-impresora-termica-r-j2035b-bluetooth\/","title":{"rendered":"Brother Impresora Termica R-J2035B Bluetooth"},"content":{"rendered":"<p>Impresora port&aacute;til de etiquetas y tickets de hasta 2 pulgadas de ancho con conexi&oacute;n USB y Bluetooth MFI<\/p>\n<table class=\"tabla_caracteristicas\" width=\"100%\">\n<tr>\n<td><strong>Marca<\/strong><\/td>\n<td>Brother<\/td>\n<\/tr>\n<tr>\n<td><strong>Modelo<\/strong><\/td>\n<td><strong>RJ2035BXX1<\/strong><\/td>\n<\/tr>\n<tr>\n<td><strong>General <\/strong><\/td>\n<td>&#8211; Uso: Port&aacute;til<br \/>\t\t\t&#8211; Flash RAM: 16 MB<br \/>\t\t\t&#8211; Bater&iacute;a Li-ion recargable: S&iacute;<br \/>\t\t\t&#8211; Tama&ntilde;o de la memoria: 32 MB<\/td>\n<\/tr>\n<tr>\n<td><strong>Conectividad<\/strong><\/td>\n<td>&#8211; Bluetooth: Bluetooth 5.0 MFI<br \/>\t\t\t&#8211; Perfiles de Bluetooth: SPP(Serial Port Profile)\/ GATT (baja energ&iacute;a). Protocolo soportado: iAP<br \/>\t\t\t&#8211; Interfaz USB: Micro USB 2.0 (High Speed)<\/td>\n<\/tr>\n<tr>\n<td><strong>Caracter&iacute;sticas<\/strong><\/td>\n<td><strong>Especificaciones de los soportes<\/strong><br \/>\t\t\t&#8211; Ancho: M&aacute;x. 58mm \/ Di&aacute;metro: 30mm m&aacute;x<br \/>\t\t\t<strong>Sistemas operativos y software<\/strong><br \/>\t\t\t&#8211; Server 2012, Server 2012R2, Server 2016, Server 2019, Windows 10, Windows 7, Windows 8.1<br \/>\t\t\t<strong>Impresoras port&aacute;tiles<\/strong><br \/>\t\t\t&#8211; Simbolog&iacute;as de c&oacute;digos de barras unidimensionales: Code128UCC, Code128 subsets A, B, C, EAN128, Interleaved 2 of 5, Interleaved 2 of 5 with check digit, Standard 2 of 5,<br \/>\t\t\t&nbsp; Industrial 2 of 5, Code39, Code39 with check digit, Code93, EAN13, EAN8, UPCA, UPCE, EAN and UPC 2 (5) digits add-on, Codabar, Postnet, MSI, MSI with check digit,<br \/>\t\t\t&nbsp; PLESSEY, China post, ITF14, EAN14, Code11, TELEPEN, TELEPEN number, PLANET, Code49, Deutsche Post Identcode, Deutsche Post Leitcode, LOGMARS<br \/>\t\t\t&#8211; Simbolog&iacute;as de c&oacute;digos de barras bidimensionales: CODABLOCK F mode, GS1 DataBar, GS1 DataMatrix, Maxicode, AZTEC, PDF417, QR Code, Micro PDF417, TLC39<br \/>\t\t\t&#8211; Largo m&aacute;ximo de impresi&oacute;n: 2794 mm<br \/>\t\t\t&#8211; Ancho m&aacute;ximo de impresi&oacute;n: 48 mm<br \/>\t\t\t&#8211; Resoluci&oacute;n (ppp): 203<br \/>\t\t\t&#8211; Velocidad de impresi&oacute;n est&aacute;ndar: 101.6 mm por segundo<br \/>\t\t\t&#8211; Comandos admitidos: FBPL-EZC (EPL2\/ZPL2\/CPCL)FBPL-EZP (EPL2\/ZPL2\/ESC-POS)<br \/>\t\t\t<strong>Soluciones<\/strong><br \/>\t\t\t&#8211; SDK (Kit de desarrollo de software)<br \/>\t\t\t<strong>Dimensiones y pesos<\/strong><br \/>\t\t\t&#8211; Dimensiones sin caja: 79 mm (A) x 116 mm (Al) x 36.5 mm (F)<br \/>\t\t\t&#8211; Peso: 215 g<br \/>\t\t\t<strong>Incluye<\/strong><br \/>\t\t\t&#8211; Clip para cintur&oacute;n: S&iacute;<br \/>\t\t\t&#8211; Bater&iacute;a Li-ion: S&iacute;<br \/>\t\t\t&#8211; Otros: Impresora, pinza para cintur&oacute;n, adaptador de corrriente, bater&iacute;a y documentaci&oacute;n<\/td>\n<\/tr>\n<tr>\n<td><strong>Fecha de revisi&oacute;n<\/strong><\/td>\n<td>09-06-2022 por MPM<\/td>\n<\/tr>\n<\/table>\n","protected":false},"excerpt":{"rendered":"<p>Impresora port&aacute;til de etiquetas y tickets de hasta 2 pulgadas de ancho con conexi&oacute;n USB y Bluetooth MFI Marca Brother Modelo RJ2035BXX1 General &#8211; Uso: Port&aacute;til &#8211; Flash RAM: 16 MB &#8211; Bater&iacute;a Li-ion recargable: S&iacute; &#8211; Tama&ntilde;o de la memoria: 32 MB Conectividad &#8211; Bluetooth: Bluetooth 5.0 MFI &#8211; Perfiles de Bluetooth: SPP(Serial Port&hellip;&nbsp;<a href=\"https:\/\/aivlisoft.net\/shop\/producto\/brother-impresora-termica-r-j2035b-bluetooth\/\" rel=\"bookmark\"><span class=\"screen-reader-text\">Brother Impresora Termica R-J2035B Bluetooth<\/span><\/a><\/p>\n","protected":false},"featured_media":9232,"template":"","meta":{"neve_meta_sidebar":"","neve_meta_container":"","neve_meta_enable_content_width":"","neve_meta_content_width":0,"neve_meta_title_alignment":"","neve_meta_author_avatar":"","neve_post_elements_order":"","neve_meta_disable_header":"","neve_meta_disable_footer":"","neve_meta_disable_title":""},"product_brand":[],"product_cat":[15,3529],"product_tag":[3646],"class_list":{"0":"post-9231","1":"product","2":"type-product","3":"status-publish","4":"has-post-thumbnail","6":"product_cat-sin-categorizar","7":"product_cat-impresoras","8":"product_tag-rj2035bxx1","10":"first","11":"instock","12":"taxable","13":"shipping-taxable","14":"purchasable","15":"product-type-simple"},"yoast_head":"<!-- This site is optimized with the Yoast SEO plugin v26.0 - https:\/\/yoast.com\/wordpress\/plugins\/seo\/ -->\n<title>Brother Impresora Termica R-J2035B Bluetooth - Aivlisoft Inform\u00e1tica<\/title>\n<meta name=\"robots\" content=\"index, follow, max-snippet:-1, max-image-preview:large, max-video-preview:-1\" \/>\n<link rel=\"canonical\" href=\"https:\/\/aivlisoft.net\/shop\/producto\/brother-impresora-termica-r-j2035b-bluetooth\/\" \/>\n<meta property=\"og:locale\" content=\"es_ES\" \/>\n<meta property=\"og:type\" content=\"article\" \/>\n<meta property=\"og:title\" content=\"Brother Impresora Termica R-J2035B Bluetooth - Aivlisoft Inform\u00e1tica\" \/>\n<meta property=\"og:description\" content=\"Impresora port&aacute;til de etiquetas y tickets de hasta 2 pulgadas de ancho con conexi&oacute;n USB y Bluetooth MFI Marca Brother Modelo RJ2035BXX1 General &#8211; Uso: Port&aacute;til &#8211; Flash RAM: 16 MB &#8211; Bater&iacute;a Li-ion recargable: S&iacute; &#8211; Tama&ntilde;o de la memoria: 32 MB Conectividad &#8211; Bluetooth: Bluetooth 5.0 MFI &#8211; Perfiles de Bluetooth: SPP(Serial Port&hellip;&nbsp;Brother Impresora Termica R-J2035B Bluetooth\" \/>\n<meta property=\"og:url\" content=\"https:\/\/aivlisoft.net\/shop\/producto\/brother-impresora-termica-r-j2035b-bluetooth\/\" \/>\n<meta property=\"og:site_name\" content=\"Aivlisoft Inform\u00e1tica\" \/>\n<meta property=\"article:modified_time\" content=\"2025-01-15T11:13:18+00:00\" \/>\n<meta property=\"og:image\" content=\"https:\/\/aivlisoft.net\/shop\/wp-content\/uploads\/2025\/01\/FIMITE0333_800.jpg\" \/>\n\t<meta property=\"og:image:width\" content=\"800\" \/>\n\t<meta property=\"og:image:height\" content=\"800\" \/>\n\t<meta property=\"og:image:type\" content=\"image\/jpeg\" \/>\n<meta name=\"twitter:card\" content=\"summary_large_image\" \/>\n<meta name=\"twitter:label1\" content=\"Tiempo de lectura\" \/>\n\t<meta name=\"twitter:data1\" content=\"2 minutos\" \/>\n<script type=\"application\/ld+json\" class=\"yoast-schema-graph\">{\"@context\":\"https:\/\/schema.org\",\"@graph\":[{\"@type\":\"WebPage\",\"@id\":\"https:\/\/aivlisoft.net\/shop\/producto\/brother-impresora-termica-r-j2035b-bluetooth\/\",\"url\":\"https:\/\/aivlisoft.net\/shop\/producto\/brother-impresora-termica-r-j2035b-bluetooth\/\",\"name\":\"Brother Impresora Termica R-J2035B Bluetooth - Aivlisoft Inform\u00e1tica\",\"isPartOf\":{\"@id\":\"https:\/\/aivlisoft.net\/shop\/#website\"},\"primaryImageOfPage\":{\"@id\":\"https:\/\/aivlisoft.net\/shop\/producto\/brother-impresora-termica-r-j2035b-bluetooth\/#primaryimage\"},\"image\":{\"@id\":\"https:\/\/aivlisoft.net\/shop\/producto\/brother-impresora-termica-r-j2035b-bluetooth\/#primaryimage\"},\"thumbnailUrl\":\"https:\/\/aivlisoft.net\/shop\/wp-content\/uploads\/2025\/01\/FIMITE0333_800.jpg\",\"datePublished\":\"2025-01-13T13:55:13+00:00\",\"dateModified\":\"2025-01-15T11:13:18+00:00\",\"breadcrumb\":{\"@id\":\"https:\/\/aivlisoft.net\/shop\/producto\/brother-impresora-termica-r-j2035b-bluetooth\/#breadcrumb\"},\"inLanguage\":\"es\",\"potentialAction\":[{\"@type\":\"ReadAction\",\"target\":[\"https:\/\/aivlisoft.net\/shop\/producto\/brother-impresora-termica-r-j2035b-bluetooth\/\"]}]},{\"@type\":\"ImageObject\",\"inLanguage\":\"es\",\"@id\":\"https:\/\/aivlisoft.net\/shop\/producto\/brother-impresora-termica-r-j2035b-bluetooth\/#primaryimage\",\"url\":\"https:\/\/aivlisoft.net\/shop\/wp-content\/uploads\/2025\/01\/FIMITE0333_800.jpg\",\"contentUrl\":\"https:\/\/aivlisoft.net\/shop\/wp-content\/uploads\/2025\/01\/FIMITE0333_800.jpg\",\"width\":800,\"height\":800},{\"@type\":\"BreadcrumbList\",\"@id\":\"https:\/\/aivlisoft.net\/shop\/producto\/brother-impresora-termica-r-j2035b-bluetooth\/#breadcrumb\",\"itemListElement\":[{\"@type\":\"ListItem\",\"position\":1,\"name\":\"Portada\",\"item\":\"https:\/\/aivlisoft.net\/shop\/\"},{\"@type\":\"ListItem\",\"position\":2,\"name\":\"Tienda\",\"item\":\"https:\/\/aivlisoft.net\/shop\/tienda\/\"},{\"@type\":\"ListItem\",\"position\":3,\"name\":\"Brother Impresora Termica R-J2035B Bluetooth\"}]},{\"@type\":\"WebSite\",\"@id\":\"https:\/\/aivlisoft.net\/shop\/#website\",\"url\":\"https:\/\/aivlisoft.net\/shop\/\",\"name\":\"Aivlisoft Inform\u00e1tica\",\"description\":\"En Aivlisoft Inform\u00e1tica ofrecemos soluciones tecnol\u00f3gicas para empresas: venta de ordenadores, consumibles, perif\u00e9ricos y m\u00e1s. Calidad, atenci\u00f3n personalizada y los mejores precios para tu negocio.\",\"publisher\":{\"@id\":\"https:\/\/aivlisoft.net\/shop\/#organization\"},\"potentialAction\":[{\"@type\":\"SearchAction\",\"target\":{\"@type\":\"EntryPoint\",\"urlTemplate\":\"https:\/\/aivlisoft.net\/shop\/?s={search_term_string}\"},\"query-input\":{\"@type\":\"PropertyValueSpecification\",\"valueRequired\":true,\"valueName\":\"search_term_string\"}}],\"inLanguage\":\"es\"},{\"@type\":\"Organization\",\"@id\":\"https:\/\/aivlisoft.net\/shop\/#organization\",\"name\":\"Aivlisoft Inform\u00e1tica\",\"url\":\"https:\/\/aivlisoft.net\/shop\/\",\"logo\":{\"@type\":\"ImageObject\",\"inLanguage\":\"es\",\"@id\":\"https:\/\/aivlisoft.net\/shop\/#\/schema\/logo\/image\/\",\"url\":\"https:\/\/aivlisoft.net\/shop\/wp-content\/uploads\/2024\/12\/removal.ai_5b848c54-0cdf-4140-95c5-c5536bb7573b-logodef.png\",\"contentUrl\":\"https:\/\/aivlisoft.net\/shop\/wp-content\/uploads\/2024\/12\/removal.ai_5b848c54-0cdf-4140-95c5-c5536bb7573b-logodef.png\",\"width\":484,\"height\":182,\"caption\":\"Aivlisoft Inform\u00e1tica\"},\"image\":{\"@id\":\"https:\/\/aivlisoft.net\/shop\/#\/schema\/logo\/image\/\"}}]}<\/script>\n<!-- \/ Yoast SEO plugin. -->","yoast_head_json":{"title":"Brother Impresora Termica R-J2035B Bluetooth - Aivlisoft Inform\u00e1tica","robots":{"index":"index","follow":"follow","max-snippet":"max-snippet:-1","max-image-preview":"max-image-preview:large","max-video-preview":"max-video-preview:-1"},"canonical":"https:\/\/aivlisoft.net\/shop\/producto\/brother-impresora-termica-r-j2035b-bluetooth\/","og_locale":"es_ES","og_type":"article","og_title":"Brother Impresora Termica R-J2035B Bluetooth - Aivlisoft Inform\u00e1tica","og_description":"Impresora port&aacute;til de etiquetas y tickets de hasta 2 pulgadas de ancho con conexi&oacute;n USB y Bluetooth MFI Marca Brother Modelo RJ2035BXX1 General &#8211; Uso: Port&aacute;til &#8211; Flash RAM: 16 MB &#8211; Bater&iacute;a Li-ion recargable: S&iacute; &#8211; Tama&ntilde;o de la memoria: 32 MB Conectividad &#8211; Bluetooth: Bluetooth 5.0 MFI &#8211; Perfiles de Bluetooth: SPP(Serial Port&hellip;&nbsp;Brother Impresora Termica R-J2035B Bluetooth","og_url":"https:\/\/aivlisoft.net\/shop\/producto\/brother-impresora-termica-r-j2035b-bluetooth\/","og_site_name":"Aivlisoft Inform\u00e1tica","article_modified_time":"2025-01-15T11:13:18+00:00","og_image":[{"width":800,"height":800,"url":"https:\/\/aivlisoft.net\/shop\/wp-content\/uploads\/2025\/01\/FIMITE0333_800.jpg","type":"image\/jpeg"}],"twitter_card":"summary_large_image","twitter_misc":{"Tiempo de lectura":"2 minutos"},"schema":{"@context":"https:\/\/schema.org","@graph":[{"@type":"WebPage","@id":"https:\/\/aivlisoft.net\/shop\/producto\/brother-impresora-termica-r-j2035b-bluetooth\/","url":"https:\/\/aivlisoft.net\/shop\/producto\/brother-impresora-termica-r-j2035b-bluetooth\/","name":"Brother Impresora Termica R-J2035B Bluetooth - Aivlisoft Inform\u00e1tica","isPartOf":{"@id":"https:\/\/aivlisoft.net\/shop\/#website"},"primaryImageOfPage":{"@id":"https:\/\/aivlisoft.net\/shop\/producto\/brother-impresora-termica-r-j2035b-bluetooth\/#primaryimage"},"image":{"@id":"https:\/\/aivlisoft.net\/shop\/producto\/brother-impresora-termica-r-j2035b-bluetooth\/#primaryimage"},"thumbnailUrl":"https:\/\/aivlisoft.net\/shop\/wp-content\/uploads\/2025\/01\/FIMITE0333_800.jpg","datePublished":"2025-01-13T13:55:13+00:00","dateModified":"2025-01-15T11:13:18+00:00","breadcrumb":{"@id":"https:\/\/aivlisoft.net\/shop\/producto\/brother-impresora-termica-r-j2035b-bluetooth\/#breadcrumb"},"inLanguage":"es","potentialAction":[{"@type":"ReadAction","target":["https:\/\/aivlisoft.net\/shop\/producto\/brother-impresora-termica-r-j2035b-bluetooth\/"]}]},{"@type":"ImageObject","inLanguage":"es","@id":"https:\/\/aivlisoft.net\/shop\/producto\/brother-impresora-termica-r-j2035b-bluetooth\/#primaryimage","url":"https:\/\/aivlisoft.net\/shop\/wp-content\/uploads\/2025\/01\/FIMITE0333_800.jpg","contentUrl":"https:\/\/aivlisoft.net\/shop\/wp-content\/uploads\/2025\/01\/FIMITE0333_800.jpg","width":800,"height":800},{"@type":"BreadcrumbList","@id":"https:\/\/aivlisoft.net\/shop\/producto\/brother-impresora-termica-r-j2035b-bluetooth\/#breadcrumb","itemListElement":[{"@type":"ListItem","position":1,"name":"Portada","item":"https:\/\/aivlisoft.net\/shop\/"},{"@type":"ListItem","position":2,"name":"Tienda","item":"https:\/\/aivlisoft.net\/shop\/tienda\/"},{"@type":"ListItem","position":3,"name":"Brother Impresora Termica R-J2035B Bluetooth"}]},{"@type":"WebSite","@id":"https:\/\/aivlisoft.net\/shop\/#website","url":"https:\/\/aivlisoft.net\/shop\/","name":"Aivlisoft Inform\u00e1tica","description":"En Aivlisoft Inform\u00e1tica ofrecemos soluciones tecnol\u00f3gicas para empresas: venta de ordenadores, consumibles, perif\u00e9ricos y m\u00e1s. Calidad, atenci\u00f3n personalizada y los mejores precios para tu negocio.","publisher":{"@id":"https:\/\/aivlisoft.net\/shop\/#organization"},"potentialAction":[{"@type":"SearchAction","target":{"@type":"EntryPoint","urlTemplate":"https:\/\/aivlisoft.net\/shop\/?s={search_term_string}"},"query-input":{"@type":"PropertyValueSpecification","valueRequired":true,"valueName":"search_term_string"}}],"inLanguage":"es"},{"@type":"Organization","@id":"https:\/\/aivlisoft.net\/shop\/#organization","name":"Aivlisoft Inform\u00e1tica","url":"https:\/\/aivlisoft.net\/shop\/","logo":{"@type":"ImageObject","inLanguage":"es","@id":"https:\/\/aivlisoft.net\/shop\/#\/schema\/logo\/image\/","url":"https:\/\/aivlisoft.net\/shop\/wp-content\/uploads\/2024\/12\/removal.ai_5b848c54-0cdf-4140-95c5-c5536bb7573b-logodef.png","contentUrl":"https:\/\/aivlisoft.net\/shop\/wp-content\/uploads\/2024\/12\/removal.ai_5b848c54-0cdf-4140-95c5-c5536bb7573b-logodef.png","width":484,"height":182,"caption":"Aivlisoft Inform\u00e1tica"},"image":{"@id":"https:\/\/aivlisoft.net\/shop\/#\/schema\/logo\/image\/"}}]}},"_links":{"self":[{"href":"https:\/\/aivlisoft.net\/shop\/wp-json\/wp\/v2\/product\/9231","targetHints":{"allow":["GET"]}}],"collection":[{"href":"https:\/\/aivlisoft.net\/shop\/wp-json\/wp\/v2\/product"}],"about":[{"href":"https:\/\/aivlisoft.net\/shop\/wp-json\/wp\/v2\/types\/product"}],"wp:featuredmedia":[{"embeddable":true,"href":"https:\/\/aivlisoft.net\/shop\/wp-json\/wp\/v2\/media\/9232"}],"wp:attachment":[{"href":"https:\/\/aivlisoft.net\/shop\/wp-json\/wp\/v2\/media?parent=9231"}],"wp:term":[{"taxonomy":"product_brand","embeddable":true,"href":"https:\/\/aivlisoft.net\/shop\/wp-json\/wp\/v2\/product_brand?post=9231"},{"taxonomy":"product_cat","embeddable":true,"href":"https:\/\/aivlisoft.net\/shop\/wp-json\/wp\/v2\/product_cat?post=9231"},{"taxonomy":"product_tag","embeddable":true,"href":"https:\/\/aivlisoft.net\/shop\/wp-json\/wp\/v2\/product_tag?post=9231"}],"curies":[{"name":"wp","href":"https:\/\/api.w.org\/{rel}","templated":true}]}}