{"id":9222,"date":"2025-01-13T13:55:06","date_gmt":"2025-01-13T13:55:06","guid":{"rendered":"https:\/\/aivlisoft.com\/?post_type=product&#038;p=9222"},"modified":"2025-01-15T11:13:20","modified_gmt":"2025-01-15T11:13:20","slug":"brother-rotuladora-electronica-pth200","status":"publish","type":"product","link":"https:\/\/aivlisoft.net\/shop\/producto\/brother-rotuladora-electronica-pth200\/","title":{"rendered":"Brother Rotuladora Electronica PTH200"},"content":{"rendered":"<p><strong>Pantalla LCD de alta resoluci&oacute;n<\/strong><br \/>&#8211; Texto de f&aacute;cil lectura y posibilidadde pre-visualizar la etiqueta antes de imprimir<\/p>\n<p><strong>M&uacute;ltiples opciones de alimentaci&oacute;n<\/strong><br \/>&#8211; Alimentada por adaptador CA y pilasalcalinas o recargables tipo AA (opcionales)<\/p>\n<p><strong>Funcionalidades avanzadas<\/strong><br \/>&#8211; Personaliza tus etiquetas escogiendo entre 9 estilos de letra y m&aacute;s de 300 s&iacute;mbolos<br \/>&#8211; Numeraci&oacute;n autom&aacute;tica hasta 9<\/p>\n<p><strong>Cortador manual de calidad industrial<\/strong><br \/>&#8211; Cortador robusto para todo tipo de cintas soportadas<\/p>\n<p><strong>Teclas dedicadas para reducir el tiempo de impresi&oacute;n<\/strong><br \/>&#8211; Estilos y tama&ntilde;os de letra<br \/>&#8211; Marcos<br \/>&#8211; Manualidades<\/p>\n<p><strong>Teclado QWERTY estilo PC<\/strong><br \/>&#8211; Escribe de manera eficiente<br \/>&#8211; Teclado num&eacute;rico dedicado<\/p>\n<p><strong>Pr&aacute;ctica impresi&oacute;n de etiquetas<\/strong><br \/>&#8211; El dise&ntilde;o port&aacute;til y la alimentaci&oacute;n por pilas permiten imprimir etiquetas donde y cuando sea necesario<\/p>\n<table width=\"100%\">\n<tr>\n<td valign=\"top\"><strong>Marca<\/strong><\/td>\n<td>Brother<\/td>\n<\/tr>\n<tr>\n<td valign=\"top\"><strong>Modelo<\/strong><\/td>\n<td><strong>PTH200TA1<\/strong><\/td>\n<\/tr>\n<tr>\n<td valign=\"top\"><strong>Caracteristicas<\/strong><\/td>\n<td><strong>Incluye<\/strong><br \/>\t\t\t&#8211; Rotuladora electr&oacute;nica PT-H200<br \/>\t\t\t&#8211; Casete de cinta de tela satinada no adhesiva de&nbsp;<br \/>\t\t\t&#8211; 12 mm de texto dorado sobre tejido blanco (4m)&nbsp;<br \/>\t\t\t&#8211; Gu&iacute;a de configuraci&oacute;n r&aacute;pida<br \/>\t\t\t<strong>Idiomas<\/strong><br \/>\t\t\t&#8211; Ingl&eacute;s, Alem&aacute;n, Franc&eacute;s, Espa&ntilde;ol, Portugu&eacute;s, Italiano, &nbsp;Holand&eacute;s, Dan&eacute;s, Noruego, Sueco, Finland&eacute;s, &nbsp;H&uacute;ngaro, Checo, Polaco, Rumano, Esloveno, Eslovaco, &nbsp;Croata, Turco, Portugu&eacute;s de Brasil<br \/>\t\t\t&#8211; Cintas soportadas: TZe de 3.5, 6, 9 y 12mm<br \/>\t\t\t&#8211; Teclado: 60 teclas de goma QWERTY<br \/>\t\t\t&#8211; Teclado num&eacute;rico dedicado&nbsp;<br \/>\t\t\t&#8211; Tipo de pantalla: Pantalla LCD monocromo de alta resoluci&oacute;n con capacidad de pre-visualizaci&oacute;n de etiqueta<br \/>\t\t\t&#8211; Resoluci&oacute;n de la pantalla: 15 caracteres x 1 l&iacute;nea &brvbar; 128 x 16 puntos<br \/>\t\t\t&#8211; Velocidad de impresi&oacute;n: 20mm\/seg.<br \/>\t\t\t&#8211; Resoluci&oacute;n de impresi&oacute;n: 180dpi<br \/>\t\t\t&#8211; Altura m&aacute;xima de impresi&oacute;n: 9mm (en cinta de 12mm)<br \/>\t\t\t&#8211; Tipo de corte: Manual &ndash; corte total<br \/>\t\t\t&#8211; Largura de etiqueta: Auto \/ 30mm m&iacute;nimo &brvbar; 300mm m&aacute;ximo<br \/>\t\t\t&#8211; N&ordm; m&aacute;ximo de l&iacute;neas por etiqueta: 2 (con cinta de 12mm de ancho)<br \/>\t\t\t&#8211; M&aacute;rgenes de etiquetas: Estrecho, mitad, lleno, impresi&oacute;n en cadena&nbsp;<br \/>\t\t\t&#8211; Impresi&oacute;n texto vertical&nbsp;<br \/>\t\t\t&#8211; Impresi&oacute;n reflejada&nbsp;<br \/>\t\t\t&#8211; Copias: 1 a 9<br \/>\t\t\t&#8211; Numeraci&oacute;n secuencial: 1 a 9<br \/>\t\t\t<strong>Memoria<\/strong><br \/>\t\t\t&#8211; N&ordm; m&aacute;ximo de caracteres por etiqueta: 80<br \/>\t\t\t&#8211; N&ordm; de entradas de memoria de etiqueta: 15 archivos (hasta 1.200 caracteres)<br \/>\t\t\t<strong>Consumibles<\/strong><br \/>\t\t\t&#8211; Tipo de cintas: TZe<br \/>\t\t\t&#8211; Longitud de cintas: 3.5, 6, 9 y 12mm<br \/>\t\t\t<strong>Creaci&oacute;n de Etiquetas<\/strong><br \/>\t\t\t&#8211; Teclas de aplicaciones dedicadas: Manualidades\/ Sector craft<br \/>\t\t\t&#8211; Tipos de letra: 3&nbsp;<br \/>\t\t\t&#8211; Estilo de tipos de letras: 9 normal, negrita, contorno, sombreado, &nbsp;cursiva, negrita, contorno cursiva, sombra cursiva, vertical, negrita vertical<br \/>\t\t\t&#8211; Tama&ntilde;os de letra: 3 &#8211; Grande, Medio, Peque&ntilde;o (16, 22, 28, 42 y 56 puntos)<br \/>\t\t\t&#8211; Tama&ntilde;o de letra: x 1\/2 \/ x 1 (Normal) \/ x 2<br \/>\t\t\t&#8211; S&iacute;mbolos: 309<br \/>\t\t\t&#8211; Marcos: 15<br \/>\t\t\t&#8211; C&oacute;digos de Barras: No<\/td>\n<\/tr>\n<tr>\n<td valign=\"top\"><strong>Fecha Revisi&oacute;n<\/strong><\/td>\n<td>03-09-2021 por YMC<\/td>\n<\/tr>\n<\/table>\n","protected":false},"excerpt":{"rendered":"<p>Pantalla LCD de alta resoluci&oacute;n&#8211; Texto de f&aacute;cil lectura y posibilidadde pre-visualizar la etiqueta antes de imprimir M&uacute;ltiples opciones de alimentaci&oacute;n&#8211; Alimentada por adaptador CA y pilasalcalinas o recargables tipo AA (opcionales) Funcionalidades avanzadas&#8211; Personaliza tus etiquetas escogiendo entre 9 estilos de letra y m&aacute;s de 300 s&iacute;mbolos&#8211; Numeraci&oacute;n autom&aacute;tica hasta 9 Cortador manual de&hellip;&nbsp;<a href=\"https:\/\/aivlisoft.net\/shop\/producto\/brother-rotuladora-electronica-pth200\/\" rel=\"bookmark\"><span class=\"screen-reader-text\">Brother Rotuladora Electronica PTH200<\/span><\/a><\/p>\n","protected":false},"featured_media":9223,"template":"","meta":{"neve_meta_sidebar":"","neve_meta_container":"","neve_meta_enable_content_width":"","neve_meta_content_width":0,"neve_meta_title_alignment":"","neve_meta_author_avatar":"","neve_post_elements_order":"","neve_meta_disable_header":"","neve_meta_disable_footer":"","neve_meta_disable_title":""},"product_brand":[],"product_cat":[15,3529],"product_tag":[3633],"class_list":{"0":"post-9222","1":"product","2":"type-product","3":"status-publish","4":"has-post-thumbnail","6":"product_cat-sin-categorizar","7":"product_cat-impresoras","8":"product_tag-pth200ta1","10":"first","11":"instock","12":"taxable","13":"shipping-taxable","14":"purchasable","15":"product-type-simple"},"yoast_head":"<!-- This site is optimized with the Yoast SEO plugin v26.0 - https:\/\/yoast.com\/wordpress\/plugins\/seo\/ -->\n<title>Brother Rotuladora Electronica PTH200 - Aivlisoft Inform\u00e1tica<\/title>\n<meta name=\"robots\" content=\"index, follow, max-snippet:-1, max-image-preview:large, max-video-preview:-1\" \/>\n<link rel=\"canonical\" href=\"https:\/\/aivlisoft.net\/shop\/producto\/brother-rotuladora-electronica-pth200\/\" \/>\n<meta property=\"og:locale\" content=\"es_ES\" \/>\n<meta property=\"og:type\" content=\"article\" \/>\n<meta property=\"og:title\" content=\"Brother Rotuladora Electronica PTH200 - Aivlisoft Inform\u00e1tica\" \/>\n<meta property=\"og:description\" content=\"Pantalla LCD de alta resoluci&oacute;n&#8211; Texto de f&aacute;cil lectura y posibilidadde pre-visualizar la etiqueta antes de imprimir M&uacute;ltiples opciones de alimentaci&oacute;n&#8211; Alimentada por adaptador CA y pilasalcalinas o recargables tipo AA (opcionales) Funcionalidades avanzadas&#8211; Personaliza tus etiquetas escogiendo entre 9 estilos de letra y m&aacute;s de 300 s&iacute;mbolos&#8211; Numeraci&oacute;n autom&aacute;tica hasta 9 Cortador manual de&hellip;&nbsp;Brother Rotuladora Electronica PTH200\" \/>\n<meta property=\"og:url\" content=\"https:\/\/aivlisoft.net\/shop\/producto\/brother-rotuladora-electronica-pth200\/\" \/>\n<meta property=\"og:site_name\" content=\"Aivlisoft Inform\u00e1tica\" \/>\n<meta property=\"article:modified_time\" content=\"2025-01-15T11:13:20+00:00\" \/>\n<meta property=\"og:image\" content=\"https:\/\/aivlisoft.net\/shop\/wp-content\/uploads\/2025\/01\/FIMITE0293_800.jpg\" \/>\n\t<meta property=\"og:image:width\" content=\"800\" \/>\n\t<meta property=\"og:image:height\" content=\"800\" \/>\n\t<meta property=\"og:image:type\" content=\"image\/jpeg\" \/>\n<meta name=\"twitter:card\" content=\"summary_large_image\" \/>\n<meta name=\"twitter:label1\" content=\"Tiempo de lectura\" \/>\n\t<meta name=\"twitter:data1\" content=\"3 minutos\" \/>\n<script type=\"application\/ld+json\" class=\"yoast-schema-graph\">{\"@context\":\"https:\/\/schema.org\",\"@graph\":[{\"@type\":\"WebPage\",\"@id\":\"https:\/\/aivlisoft.net\/shop\/producto\/brother-rotuladora-electronica-pth200\/\",\"url\":\"https:\/\/aivlisoft.net\/shop\/producto\/brother-rotuladora-electronica-pth200\/\",\"name\":\"Brother Rotuladora Electronica PTH200 - Aivlisoft Inform\u00e1tica\",\"isPartOf\":{\"@id\":\"https:\/\/aivlisoft.net\/shop\/#website\"},\"primaryImageOfPage\":{\"@id\":\"https:\/\/aivlisoft.net\/shop\/producto\/brother-rotuladora-electronica-pth200\/#primaryimage\"},\"image\":{\"@id\":\"https:\/\/aivlisoft.net\/shop\/producto\/brother-rotuladora-electronica-pth200\/#primaryimage\"},\"thumbnailUrl\":\"https:\/\/aivlisoft.net\/shop\/wp-content\/uploads\/2025\/01\/FIMITE0293_800.jpg\",\"datePublished\":\"2025-01-13T13:55:06+00:00\",\"dateModified\":\"2025-01-15T11:13:20+00:00\",\"breadcrumb\":{\"@id\":\"https:\/\/aivlisoft.net\/shop\/producto\/brother-rotuladora-electronica-pth200\/#breadcrumb\"},\"inLanguage\":\"es\",\"potentialAction\":[{\"@type\":\"ReadAction\",\"target\":[\"https:\/\/aivlisoft.net\/shop\/producto\/brother-rotuladora-electronica-pth200\/\"]}]},{\"@type\":\"ImageObject\",\"inLanguage\":\"es\",\"@id\":\"https:\/\/aivlisoft.net\/shop\/producto\/brother-rotuladora-electronica-pth200\/#primaryimage\",\"url\":\"https:\/\/aivlisoft.net\/shop\/wp-content\/uploads\/2025\/01\/FIMITE0293_800.jpg\",\"contentUrl\":\"https:\/\/aivlisoft.net\/shop\/wp-content\/uploads\/2025\/01\/FIMITE0293_800.jpg\",\"width\":800,\"height\":800},{\"@type\":\"BreadcrumbList\",\"@id\":\"https:\/\/aivlisoft.net\/shop\/producto\/brother-rotuladora-electronica-pth200\/#breadcrumb\",\"itemListElement\":[{\"@type\":\"ListItem\",\"position\":1,\"name\":\"Portada\",\"item\":\"https:\/\/aivlisoft.net\/shop\/\"},{\"@type\":\"ListItem\",\"position\":2,\"name\":\"Tienda\",\"item\":\"https:\/\/aivlisoft.net\/shop\/tienda\/\"},{\"@type\":\"ListItem\",\"position\":3,\"name\":\"Brother Rotuladora Electronica PTH200\"}]},{\"@type\":\"WebSite\",\"@id\":\"https:\/\/aivlisoft.net\/shop\/#website\",\"url\":\"https:\/\/aivlisoft.net\/shop\/\",\"name\":\"Aivlisoft Inform\u00e1tica\",\"description\":\"En Aivlisoft Inform\u00e1tica ofrecemos soluciones tecnol\u00f3gicas para empresas: venta de ordenadores, consumibles, perif\u00e9ricos y m\u00e1s. Calidad, atenci\u00f3n personalizada y los mejores precios para tu negocio.\",\"publisher\":{\"@id\":\"https:\/\/aivlisoft.net\/shop\/#organization\"},\"potentialAction\":[{\"@type\":\"SearchAction\",\"target\":{\"@type\":\"EntryPoint\",\"urlTemplate\":\"https:\/\/aivlisoft.net\/shop\/?s={search_term_string}\"},\"query-input\":{\"@type\":\"PropertyValueSpecification\",\"valueRequired\":true,\"valueName\":\"search_term_string\"}}],\"inLanguage\":\"es\"},{\"@type\":\"Organization\",\"@id\":\"https:\/\/aivlisoft.net\/shop\/#organization\",\"name\":\"Aivlisoft Inform\u00e1tica\",\"url\":\"https:\/\/aivlisoft.net\/shop\/\",\"logo\":{\"@type\":\"ImageObject\",\"inLanguage\":\"es\",\"@id\":\"https:\/\/aivlisoft.net\/shop\/#\/schema\/logo\/image\/\",\"url\":\"https:\/\/aivlisoft.net\/shop\/wp-content\/uploads\/2024\/12\/removal.ai_5b848c54-0cdf-4140-95c5-c5536bb7573b-logodef.png\",\"contentUrl\":\"https:\/\/aivlisoft.net\/shop\/wp-content\/uploads\/2024\/12\/removal.ai_5b848c54-0cdf-4140-95c5-c5536bb7573b-logodef.png\",\"width\":484,\"height\":182,\"caption\":\"Aivlisoft Inform\u00e1tica\"},\"image\":{\"@id\":\"https:\/\/aivlisoft.net\/shop\/#\/schema\/logo\/image\/\"}}]}<\/script>\n<!-- \/ Yoast SEO plugin. -->","yoast_head_json":{"title":"Brother Rotuladora Electronica PTH200 - Aivlisoft Inform\u00e1tica","robots":{"index":"index","follow":"follow","max-snippet":"max-snippet:-1","max-image-preview":"max-image-preview:large","max-video-preview":"max-video-preview:-1"},"canonical":"https:\/\/aivlisoft.net\/shop\/producto\/brother-rotuladora-electronica-pth200\/","og_locale":"es_ES","og_type":"article","og_title":"Brother Rotuladora Electronica PTH200 - Aivlisoft Inform\u00e1tica","og_description":"Pantalla LCD de alta resoluci&oacute;n&#8211; Texto de f&aacute;cil lectura y posibilidadde pre-visualizar la etiqueta antes de imprimir M&uacute;ltiples opciones de alimentaci&oacute;n&#8211; Alimentada por adaptador CA y pilasalcalinas o recargables tipo AA (opcionales) Funcionalidades avanzadas&#8211; Personaliza tus etiquetas escogiendo entre 9 estilos de letra y m&aacute;s de 300 s&iacute;mbolos&#8211; Numeraci&oacute;n autom&aacute;tica hasta 9 Cortador manual de&hellip;&nbsp;Brother Rotuladora Electronica PTH200","og_url":"https:\/\/aivlisoft.net\/shop\/producto\/brother-rotuladora-electronica-pth200\/","og_site_name":"Aivlisoft Inform\u00e1tica","article_modified_time":"2025-01-15T11:13:20+00:00","og_image":[{"width":800,"height":800,"url":"https:\/\/aivlisoft.net\/shop\/wp-content\/uploads\/2025\/01\/FIMITE0293_800.jpg","type":"image\/jpeg"}],"twitter_card":"summary_large_image","twitter_misc":{"Tiempo de lectura":"3 minutos"},"schema":{"@context":"https:\/\/schema.org","@graph":[{"@type":"WebPage","@id":"https:\/\/aivlisoft.net\/shop\/producto\/brother-rotuladora-electronica-pth200\/","url":"https:\/\/aivlisoft.net\/shop\/producto\/brother-rotuladora-electronica-pth200\/","name":"Brother Rotuladora Electronica PTH200 - Aivlisoft Inform\u00e1tica","isPartOf":{"@id":"https:\/\/aivlisoft.net\/shop\/#website"},"primaryImageOfPage":{"@id":"https:\/\/aivlisoft.net\/shop\/producto\/brother-rotuladora-electronica-pth200\/#primaryimage"},"image":{"@id":"https:\/\/aivlisoft.net\/shop\/producto\/brother-rotuladora-electronica-pth200\/#primaryimage"},"thumbnailUrl":"https:\/\/aivlisoft.net\/shop\/wp-content\/uploads\/2025\/01\/FIMITE0293_800.jpg","datePublished":"2025-01-13T13:55:06+00:00","dateModified":"2025-01-15T11:13:20+00:00","breadcrumb":{"@id":"https:\/\/aivlisoft.net\/shop\/producto\/brother-rotuladora-electronica-pth200\/#breadcrumb"},"inLanguage":"es","potentialAction":[{"@type":"ReadAction","target":["https:\/\/aivlisoft.net\/shop\/producto\/brother-rotuladora-electronica-pth200\/"]}]},{"@type":"ImageObject","inLanguage":"es","@id":"https:\/\/aivlisoft.net\/shop\/producto\/brother-rotuladora-electronica-pth200\/#primaryimage","url":"https:\/\/aivlisoft.net\/shop\/wp-content\/uploads\/2025\/01\/FIMITE0293_800.jpg","contentUrl":"https:\/\/aivlisoft.net\/shop\/wp-content\/uploads\/2025\/01\/FIMITE0293_800.jpg","width":800,"height":800},{"@type":"BreadcrumbList","@id":"https:\/\/aivlisoft.net\/shop\/producto\/brother-rotuladora-electronica-pth200\/#breadcrumb","itemListElement":[{"@type":"ListItem","position":1,"name":"Portada","item":"https:\/\/aivlisoft.net\/shop\/"},{"@type":"ListItem","position":2,"name":"Tienda","item":"https:\/\/aivlisoft.net\/shop\/tienda\/"},{"@type":"ListItem","position":3,"name":"Brother Rotuladora Electronica PTH200"}]},{"@type":"WebSite","@id":"https:\/\/aivlisoft.net\/shop\/#website","url":"https:\/\/aivlisoft.net\/shop\/","name":"Aivlisoft Inform\u00e1tica","description":"En Aivlisoft Inform\u00e1tica ofrecemos soluciones tecnol\u00f3gicas para empresas: venta de ordenadores, consumibles, perif\u00e9ricos y m\u00e1s. Calidad, atenci\u00f3n personalizada y los mejores precios para tu negocio.","publisher":{"@id":"https:\/\/aivlisoft.net\/shop\/#organization"},"potentialAction":[{"@type":"SearchAction","target":{"@type":"EntryPoint","urlTemplate":"https:\/\/aivlisoft.net\/shop\/?s={search_term_string}"},"query-input":{"@type":"PropertyValueSpecification","valueRequired":true,"valueName":"search_term_string"}}],"inLanguage":"es"},{"@type":"Organization","@id":"https:\/\/aivlisoft.net\/shop\/#organization","name":"Aivlisoft Inform\u00e1tica","url":"https:\/\/aivlisoft.net\/shop\/","logo":{"@type":"ImageObject","inLanguage":"es","@id":"https:\/\/aivlisoft.net\/shop\/#\/schema\/logo\/image\/","url":"https:\/\/aivlisoft.net\/shop\/wp-content\/uploads\/2024\/12\/removal.ai_5b848c54-0cdf-4140-95c5-c5536bb7573b-logodef.png","contentUrl":"https:\/\/aivlisoft.net\/shop\/wp-content\/uploads\/2024\/12\/removal.ai_5b848c54-0cdf-4140-95c5-c5536bb7573b-logodef.png","width":484,"height":182,"caption":"Aivlisoft Inform\u00e1tica"},"image":{"@id":"https:\/\/aivlisoft.net\/shop\/#\/schema\/logo\/image\/"}}]}},"_links":{"self":[{"href":"https:\/\/aivlisoft.net\/shop\/wp-json\/wp\/v2\/product\/9222","targetHints":{"allow":["GET"]}}],"collection":[{"href":"https:\/\/aivlisoft.net\/shop\/wp-json\/wp\/v2\/product"}],"about":[{"href":"https:\/\/aivlisoft.net\/shop\/wp-json\/wp\/v2\/types\/product"}],"wp:featuredmedia":[{"embeddable":true,"href":"https:\/\/aivlisoft.net\/shop\/wp-json\/wp\/v2\/media\/9223"}],"wp:attachment":[{"href":"https:\/\/aivlisoft.net\/shop\/wp-json\/wp\/v2\/media?parent=9222"}],"wp:term":[{"taxonomy":"product_brand","embeddable":true,"href":"https:\/\/aivlisoft.net\/shop\/wp-json\/wp\/v2\/product_brand?post=9222"},{"taxonomy":"product_cat","embeddable":true,"href":"https:\/\/aivlisoft.net\/shop\/wp-json\/wp\/v2\/product_cat?post=9222"},{"taxonomy":"product_tag","embeddable":true,"href":"https:\/\/aivlisoft.net\/shop\/wp-json\/wp\/v2\/product_tag?post=9222"}],"curies":[{"name":"wp","href":"https:\/\/api.w.org\/{rel}","templated":true}]}}