{"id":9163,"date":"2025-01-13T13:54:37","date_gmt":"2025-01-13T13:54:37","guid":{"rendered":"https:\/\/aivlisoft.com\/?post_type=product&#038;p=9163"},"modified":"2025-01-15T11:13:28","modified_gmt":"2025-01-15T11:13:28","slug":"epson-impresora-tickets-tm-t20iii-usbrs232-negra","status":"publish","type":"product","link":"https:\/\/aivlisoft.net\/shop\/producto\/epson-impresora-tickets-tm-t20iii-usbrs232-negra\/","title":{"rendered":"Epson Impresora Tickets TM-T20III Usb+RS232 Negra"},"content":{"rendered":"<p><\/p>\n<table class=\"Tabla_Caracteristicas k-table\" width=\"100%\">\n<tbody>\n<tr>\n<td valign=\"top\"><strong>Marca<\/strong><\/td>\n<td>Epson<\/td>\n<\/tr>\n<tr>\n<td valign=\"top\"><strong>Modelo<\/strong><\/td>\n<td><strong>C31CH51011<\/strong><\/td>\n<\/tr>\n<tr>\n<td valign=\"top\"><strong>Caracteristicas<\/strong><\/td>\n<td><strong>Tipo de impresi&oacute;n<\/strong><br \/>&#8211; M&eacute;todo de impresi&oacute;n: Impresi&oacute;n t&eacute;rmica de l&iacute;neas<br \/>&#8211; Tecnolog&iacute;a: L&iacute;nea t&eacute;rmica<br \/><strong>Fuentes y estilos<\/strong><br \/>&#8211; Velocidad de impresi&oacute;n: 250 mm\/s<br \/>&#8211; Juego de caracteres impresi&oacute;n: ANK<br \/>&#8211; Capacidad de la columna recibo: Ancho de papel 80 mm, 48 \/ 64<br \/>&#8211; Registro de caracteres: 95 alfanum&eacute;rico, 18 internacional, 128 &times; 43 gr&aacute;fico<br \/>&#8211; Caracteres por pulgada: 22,6 cpp \/ 16,9 cpp<br \/>&#8211; Densidad de puntos: 203 ppp x 203 ppp<br \/>&#8211; Impresi&oacute;n color: Negro<br \/>&#8211; Marca impresa: Texto (incl. s&iacute;mbolo euro), Gr&aacute;ficos, C&oacute;digo de barras<br \/><strong>Papel<\/strong><br \/>&#8211; Tipos papel: recibo<br \/>&#8211; Formato de papel, rollo de papel: <br \/>&nbsp; 79,50 &plusmn; 0,50 (ancho) mm x di&aacute;m. 83,00 mm,<br \/>&nbsp; 57,50 &plusmn; 0,50 (ancho) mm x di&aacute;m. 83,00 mm<br \/><strong>Interfaces<\/strong><br \/>&#8211; Interfaces: RS-232, USB 2.0 tipo B, Apertura de caj&oacute;n<br \/><strong>Data Buffer<\/strong><br \/>&#8211; Memoria intermedia de datos: 4 kB o 45 Bytes<br \/><strong>Encendido<\/strong><br \/>&#8211; Fuente de alimentaci&oacute;n: Adaptador de CA, C1<br \/>&#8211; Consumo de energ&iacute;a: Standby: 0,1 A, Medio: 1,8 A<br \/>&#8211; Tensi&oacute;n de servicio: 24 V<br \/><strong>General<\/strong><br \/>&#8211; Dimensiones del producto: 140&lrm; x 199 x 146 mm (ancho x profundidad x altura)<br \/>&#8211; Peso: 1,7 kg<br \/>&#8211; Color: Negro (EBCK)<br \/>&#8211; Instalaci&oacute;n: Horizontal, Vertical, Vertical con soporte para pared<br \/>&#8211; Conectores interfaz: D.K.D. function (2 drivers)<br \/>&#8211; Nivel de ruido: Operaci&oacute;n: 55 dB (A)<br \/>&#8211; Humedad del aire: Operaci&oacute;n 10% &#8211; 90%, almacenamiento 10% &#8211; 90%<br \/>&#8211; Temperatura: Operaci&oacute;n 5&deg;C &#8211; 45&deg;C, almacenamiento -10&deg;C &#8211; 50&deg;C<br \/><strong>Fiabilidad<\/strong><br \/>&#8211; Fiabilidad: 60.000.000 MCBF (l&iacute;neas), 360.000 MTBF (horas)<br \/>&#8211; Duraci&oacute;n &uacute;til autocortador: 1.500.000 Cortes<br \/>&#8211; Duraci&oacute;n &uacute;til impresora: 15.000.000 l&iacute;neas<br \/>&#8211; Duraci&oacute;n &uacute;til cabezal de impresi&oacute;n: 150 km &#8211; 150.000.000 pulsos<br \/><strong>Est&aacute;ndares<\/strong><br \/>&#8211; Est&aacute;ndares EMC: FCC clase A, Distintivo CE, EN55022 clase A<br \/>&#8211; Est&aacute;ndares de seguridad: UL, CSA, T&Uuml;V<br \/><strong>Otras<\/strong><br \/>&#8211; Unidad de corte: Corte parcial<br \/>&#8211; Sensores: Sensor de tapa de rollo de papel abierta, Sensor de fin de papel, Sensor de fin de papel pr&oacute;ximo<br \/>&#8211; Paper Saving Function<br \/><strong>Incluye<\/strong><br \/>&#8211; Adaptador de CA, C1, Manual en CD, Cable de CA de Europa, Equipo, Espaciador de rollo de papel, Tapa del bot&oacute;n de conexi&oacute;n, Rollo de papel, Pies de goma, Instrucciones de instalaci&oacute;n, Cable USB, Soporte para montaje en pared, Certificado de garant&iacute;a<\/td>\n<\/tr>\n<tr>\n<td valign=\"top\"><strong>Fecha Revisi&oacute;n<\/strong><\/td>\n<td>23-09-2019 por MSB<\/td>\n<\/tr>\n<\/tbody>\n<\/table>\n","protected":false},"excerpt":{"rendered":"<p>Marca Epson Modelo C31CH51011 Caracteristicas Tipo de impresi&oacute;n&#8211; M&eacute;todo de impresi&oacute;n: Impresi&oacute;n t&eacute;rmica de l&iacute;neas&#8211; Tecnolog&iacute;a: L&iacute;nea t&eacute;rmicaFuentes y estilos&#8211; Velocidad de impresi&oacute;n: 250 mm\/s&#8211; Juego de caracteres impresi&oacute;n: ANK&#8211; Capacidad de la columna recibo: Ancho de papel 80 mm, 48 \/ 64&#8211; Registro de caracteres: 95 alfanum&eacute;rico, 18 internacional, 128 &times; 43 gr&aacute;fico&#8211; Caracteres&hellip;&nbsp;<a href=\"https:\/\/aivlisoft.net\/shop\/producto\/epson-impresora-tickets-tm-t20iii-usbrs232-negra\/\" rel=\"bookmark\"><span class=\"screen-reader-text\">Epson Impresora Tickets TM-T20III Usb+RS232 Negra<\/span><\/a><\/p>\n","protected":false},"featured_media":9164,"template":"","meta":{"neve_meta_sidebar":"","neve_meta_container":"","neve_meta_enable_content_width":"","neve_meta_content_width":0,"neve_meta_title_alignment":"","neve_meta_author_avatar":"","neve_post_elements_order":"","neve_meta_disable_header":"","neve_meta_disable_footer":"","neve_meta_disable_title":""},"product_brand":[],"product_cat":[15,3529],"product_tag":[3613],"class_list":{"0":"post-9163","1":"product","2":"type-product","3":"status-publish","4":"has-post-thumbnail","6":"product_cat-sin-categorizar","7":"product_cat-impresoras","8":"product_tag-c31ch51011","10":"first","11":"instock","12":"taxable","13":"shipping-taxable","14":"purchasable","15":"product-type-simple"},"yoast_head":"<!-- This site is optimized with the Yoast SEO plugin v26.0 - https:\/\/yoast.com\/wordpress\/plugins\/seo\/ -->\n<title>Epson Impresora Tickets TM-T20III Usb+RS232 Negra - Aivlisoft Inform\u00e1tica<\/title>\n<meta name=\"robots\" content=\"index, follow, max-snippet:-1, max-image-preview:large, max-video-preview:-1\" \/>\n<link rel=\"canonical\" href=\"https:\/\/aivlisoft.net\/shop\/producto\/epson-impresora-tickets-tm-t20iii-usbrs232-negra\/\" \/>\n<meta property=\"og:locale\" content=\"es_ES\" \/>\n<meta property=\"og:type\" content=\"article\" \/>\n<meta property=\"og:title\" content=\"Epson Impresora Tickets TM-T20III Usb+RS232 Negra - Aivlisoft Inform\u00e1tica\" \/>\n<meta property=\"og:description\" content=\"Marca Epson Modelo C31CH51011 Caracteristicas Tipo de impresi&oacute;n&#8211; M&eacute;todo de impresi&oacute;n: Impresi&oacute;n t&eacute;rmica de l&iacute;neas&#8211; Tecnolog&iacute;a: L&iacute;nea t&eacute;rmicaFuentes y estilos&#8211; Velocidad de impresi&oacute;n: 250 mm\/s&#8211; Juego de caracteres impresi&oacute;n: ANK&#8211; Capacidad de la columna recibo: Ancho de papel 80 mm, 48 \/ 64&#8211; Registro de caracteres: 95 alfanum&eacute;rico, 18 internacional, 128 &times; 43 gr&aacute;fico&#8211; Caracteres&hellip;&nbsp;Epson Impresora Tickets TM-T20III Usb+RS232 Negra\" \/>\n<meta property=\"og:url\" content=\"https:\/\/aivlisoft.net\/shop\/producto\/epson-impresora-tickets-tm-t20iii-usbrs232-negra\/\" \/>\n<meta property=\"og:site_name\" content=\"Aivlisoft Inform\u00e1tica\" \/>\n<meta property=\"article:modified_time\" content=\"2025-01-15T11:13:28+00:00\" \/>\n<meta property=\"og:image\" content=\"https:\/\/aivlisoft.net\/shop\/wp-content\/uploads\/2025\/01\/FIMITE0221_800.jpg\" \/>\n\t<meta property=\"og:image:width\" content=\"800\" \/>\n\t<meta property=\"og:image:height\" content=\"800\" \/>\n\t<meta property=\"og:image:type\" content=\"image\/jpeg\" \/>\n<meta name=\"twitter:card\" content=\"summary_large_image\" \/>\n<meta name=\"twitter:label1\" content=\"Tiempo de lectura\" \/>\n\t<meta name=\"twitter:data1\" content=\"2 minutos\" \/>\n<script type=\"application\/ld+json\" class=\"yoast-schema-graph\">{\"@context\":\"https:\/\/schema.org\",\"@graph\":[{\"@type\":\"WebPage\",\"@id\":\"https:\/\/aivlisoft.net\/shop\/producto\/epson-impresora-tickets-tm-t20iii-usbrs232-negra\/\",\"url\":\"https:\/\/aivlisoft.net\/shop\/producto\/epson-impresora-tickets-tm-t20iii-usbrs232-negra\/\",\"name\":\"Epson Impresora Tickets TM-T20III Usb+RS232 Negra - Aivlisoft Inform\u00e1tica\",\"isPartOf\":{\"@id\":\"https:\/\/aivlisoft.net\/shop\/#website\"},\"primaryImageOfPage\":{\"@id\":\"https:\/\/aivlisoft.net\/shop\/producto\/epson-impresora-tickets-tm-t20iii-usbrs232-negra\/#primaryimage\"},\"image\":{\"@id\":\"https:\/\/aivlisoft.net\/shop\/producto\/epson-impresora-tickets-tm-t20iii-usbrs232-negra\/#primaryimage\"},\"thumbnailUrl\":\"https:\/\/aivlisoft.net\/shop\/wp-content\/uploads\/2025\/01\/FIMITE0221_800.jpg\",\"datePublished\":\"2025-01-13T13:54:37+00:00\",\"dateModified\":\"2025-01-15T11:13:28+00:00\",\"breadcrumb\":{\"@id\":\"https:\/\/aivlisoft.net\/shop\/producto\/epson-impresora-tickets-tm-t20iii-usbrs232-negra\/#breadcrumb\"},\"inLanguage\":\"es\",\"potentialAction\":[{\"@type\":\"ReadAction\",\"target\":[\"https:\/\/aivlisoft.net\/shop\/producto\/epson-impresora-tickets-tm-t20iii-usbrs232-negra\/\"]}]},{\"@type\":\"ImageObject\",\"inLanguage\":\"es\",\"@id\":\"https:\/\/aivlisoft.net\/shop\/producto\/epson-impresora-tickets-tm-t20iii-usbrs232-negra\/#primaryimage\",\"url\":\"https:\/\/aivlisoft.net\/shop\/wp-content\/uploads\/2025\/01\/FIMITE0221_800.jpg\",\"contentUrl\":\"https:\/\/aivlisoft.net\/shop\/wp-content\/uploads\/2025\/01\/FIMITE0221_800.jpg\",\"width\":800,\"height\":800},{\"@type\":\"BreadcrumbList\",\"@id\":\"https:\/\/aivlisoft.net\/shop\/producto\/epson-impresora-tickets-tm-t20iii-usbrs232-negra\/#breadcrumb\",\"itemListElement\":[{\"@type\":\"ListItem\",\"position\":1,\"name\":\"Portada\",\"item\":\"https:\/\/aivlisoft.net\/shop\/\"},{\"@type\":\"ListItem\",\"position\":2,\"name\":\"Tienda\",\"item\":\"https:\/\/aivlisoft.net\/shop\/tienda\/\"},{\"@type\":\"ListItem\",\"position\":3,\"name\":\"Epson Impresora Tickets TM-T20III Usb+RS232 Negra\"}]},{\"@type\":\"WebSite\",\"@id\":\"https:\/\/aivlisoft.net\/shop\/#website\",\"url\":\"https:\/\/aivlisoft.net\/shop\/\",\"name\":\"Aivlisoft Inform\u00e1tica\",\"description\":\"En Aivlisoft Inform\u00e1tica ofrecemos soluciones tecnol\u00f3gicas para empresas: venta de ordenadores, consumibles, perif\u00e9ricos y m\u00e1s. Calidad, atenci\u00f3n personalizada y los mejores precios para tu negocio.\",\"publisher\":{\"@id\":\"https:\/\/aivlisoft.net\/shop\/#organization\"},\"potentialAction\":[{\"@type\":\"SearchAction\",\"target\":{\"@type\":\"EntryPoint\",\"urlTemplate\":\"https:\/\/aivlisoft.net\/shop\/?s={search_term_string}\"},\"query-input\":{\"@type\":\"PropertyValueSpecification\",\"valueRequired\":true,\"valueName\":\"search_term_string\"}}],\"inLanguage\":\"es\"},{\"@type\":\"Organization\",\"@id\":\"https:\/\/aivlisoft.net\/shop\/#organization\",\"name\":\"Aivlisoft Inform\u00e1tica\",\"url\":\"https:\/\/aivlisoft.net\/shop\/\",\"logo\":{\"@type\":\"ImageObject\",\"inLanguage\":\"es\",\"@id\":\"https:\/\/aivlisoft.net\/shop\/#\/schema\/logo\/image\/\",\"url\":\"https:\/\/aivlisoft.net\/shop\/wp-content\/uploads\/2024\/12\/removal.ai_5b848c54-0cdf-4140-95c5-c5536bb7573b-logodef.png\",\"contentUrl\":\"https:\/\/aivlisoft.net\/shop\/wp-content\/uploads\/2024\/12\/removal.ai_5b848c54-0cdf-4140-95c5-c5536bb7573b-logodef.png\",\"width\":484,\"height\":182,\"caption\":\"Aivlisoft Inform\u00e1tica\"},\"image\":{\"@id\":\"https:\/\/aivlisoft.net\/shop\/#\/schema\/logo\/image\/\"}}]}<\/script>\n<!-- \/ Yoast SEO plugin. -->","yoast_head_json":{"title":"Epson Impresora Tickets TM-T20III Usb+RS232 Negra - Aivlisoft Inform\u00e1tica","robots":{"index":"index","follow":"follow","max-snippet":"max-snippet:-1","max-image-preview":"max-image-preview:large","max-video-preview":"max-video-preview:-1"},"canonical":"https:\/\/aivlisoft.net\/shop\/producto\/epson-impresora-tickets-tm-t20iii-usbrs232-negra\/","og_locale":"es_ES","og_type":"article","og_title":"Epson Impresora Tickets TM-T20III Usb+RS232 Negra - Aivlisoft Inform\u00e1tica","og_description":"Marca Epson Modelo C31CH51011 Caracteristicas Tipo de impresi&oacute;n&#8211; M&eacute;todo de impresi&oacute;n: Impresi&oacute;n t&eacute;rmica de l&iacute;neas&#8211; Tecnolog&iacute;a: L&iacute;nea t&eacute;rmicaFuentes y estilos&#8211; Velocidad de impresi&oacute;n: 250 mm\/s&#8211; Juego de caracteres impresi&oacute;n: ANK&#8211; Capacidad de la columna recibo: Ancho de papel 80 mm, 48 \/ 64&#8211; Registro de caracteres: 95 alfanum&eacute;rico, 18 internacional, 128 &times; 43 gr&aacute;fico&#8211; Caracteres&hellip;&nbsp;Epson Impresora Tickets TM-T20III Usb+RS232 Negra","og_url":"https:\/\/aivlisoft.net\/shop\/producto\/epson-impresora-tickets-tm-t20iii-usbrs232-negra\/","og_site_name":"Aivlisoft Inform\u00e1tica","article_modified_time":"2025-01-15T11:13:28+00:00","og_image":[{"width":800,"height":800,"url":"https:\/\/aivlisoft.net\/shop\/wp-content\/uploads\/2025\/01\/FIMITE0221_800.jpg","type":"image\/jpeg"}],"twitter_card":"summary_large_image","twitter_misc":{"Tiempo de lectura":"2 minutos"},"schema":{"@context":"https:\/\/schema.org","@graph":[{"@type":"WebPage","@id":"https:\/\/aivlisoft.net\/shop\/producto\/epson-impresora-tickets-tm-t20iii-usbrs232-negra\/","url":"https:\/\/aivlisoft.net\/shop\/producto\/epson-impresora-tickets-tm-t20iii-usbrs232-negra\/","name":"Epson Impresora Tickets TM-T20III Usb+RS232 Negra - Aivlisoft Inform\u00e1tica","isPartOf":{"@id":"https:\/\/aivlisoft.net\/shop\/#website"},"primaryImageOfPage":{"@id":"https:\/\/aivlisoft.net\/shop\/producto\/epson-impresora-tickets-tm-t20iii-usbrs232-negra\/#primaryimage"},"image":{"@id":"https:\/\/aivlisoft.net\/shop\/producto\/epson-impresora-tickets-tm-t20iii-usbrs232-negra\/#primaryimage"},"thumbnailUrl":"https:\/\/aivlisoft.net\/shop\/wp-content\/uploads\/2025\/01\/FIMITE0221_800.jpg","datePublished":"2025-01-13T13:54:37+00:00","dateModified":"2025-01-15T11:13:28+00:00","breadcrumb":{"@id":"https:\/\/aivlisoft.net\/shop\/producto\/epson-impresora-tickets-tm-t20iii-usbrs232-negra\/#breadcrumb"},"inLanguage":"es","potentialAction":[{"@type":"ReadAction","target":["https:\/\/aivlisoft.net\/shop\/producto\/epson-impresora-tickets-tm-t20iii-usbrs232-negra\/"]}]},{"@type":"ImageObject","inLanguage":"es","@id":"https:\/\/aivlisoft.net\/shop\/producto\/epson-impresora-tickets-tm-t20iii-usbrs232-negra\/#primaryimage","url":"https:\/\/aivlisoft.net\/shop\/wp-content\/uploads\/2025\/01\/FIMITE0221_800.jpg","contentUrl":"https:\/\/aivlisoft.net\/shop\/wp-content\/uploads\/2025\/01\/FIMITE0221_800.jpg","width":800,"height":800},{"@type":"BreadcrumbList","@id":"https:\/\/aivlisoft.net\/shop\/producto\/epson-impresora-tickets-tm-t20iii-usbrs232-negra\/#breadcrumb","itemListElement":[{"@type":"ListItem","position":1,"name":"Portada","item":"https:\/\/aivlisoft.net\/shop\/"},{"@type":"ListItem","position":2,"name":"Tienda","item":"https:\/\/aivlisoft.net\/shop\/tienda\/"},{"@type":"ListItem","position":3,"name":"Epson Impresora Tickets TM-T20III Usb+RS232 Negra"}]},{"@type":"WebSite","@id":"https:\/\/aivlisoft.net\/shop\/#website","url":"https:\/\/aivlisoft.net\/shop\/","name":"Aivlisoft Inform\u00e1tica","description":"En Aivlisoft Inform\u00e1tica ofrecemos soluciones tecnol\u00f3gicas para empresas: venta de ordenadores, consumibles, perif\u00e9ricos y m\u00e1s. Calidad, atenci\u00f3n personalizada y los mejores precios para tu negocio.","publisher":{"@id":"https:\/\/aivlisoft.net\/shop\/#organization"},"potentialAction":[{"@type":"SearchAction","target":{"@type":"EntryPoint","urlTemplate":"https:\/\/aivlisoft.net\/shop\/?s={search_term_string}"},"query-input":{"@type":"PropertyValueSpecification","valueRequired":true,"valueName":"search_term_string"}}],"inLanguage":"es"},{"@type":"Organization","@id":"https:\/\/aivlisoft.net\/shop\/#organization","name":"Aivlisoft Inform\u00e1tica","url":"https:\/\/aivlisoft.net\/shop\/","logo":{"@type":"ImageObject","inLanguage":"es","@id":"https:\/\/aivlisoft.net\/shop\/#\/schema\/logo\/image\/","url":"https:\/\/aivlisoft.net\/shop\/wp-content\/uploads\/2024\/12\/removal.ai_5b848c54-0cdf-4140-95c5-c5536bb7573b-logodef.png","contentUrl":"https:\/\/aivlisoft.net\/shop\/wp-content\/uploads\/2024\/12\/removal.ai_5b848c54-0cdf-4140-95c5-c5536bb7573b-logodef.png","width":484,"height":182,"caption":"Aivlisoft Inform\u00e1tica"},"image":{"@id":"https:\/\/aivlisoft.net\/shop\/#\/schema\/logo\/image\/"}}]}},"_links":{"self":[{"href":"https:\/\/aivlisoft.net\/shop\/wp-json\/wp\/v2\/product\/9163","targetHints":{"allow":["GET"]}}],"collection":[{"href":"https:\/\/aivlisoft.net\/shop\/wp-json\/wp\/v2\/product"}],"about":[{"href":"https:\/\/aivlisoft.net\/shop\/wp-json\/wp\/v2\/types\/product"}],"wp:featuredmedia":[{"embeddable":true,"href":"https:\/\/aivlisoft.net\/shop\/wp-json\/wp\/v2\/media\/9164"}],"wp:attachment":[{"href":"https:\/\/aivlisoft.net\/shop\/wp-json\/wp\/v2\/media?parent=9163"}],"wp:term":[{"taxonomy":"product_brand","embeddable":true,"href":"https:\/\/aivlisoft.net\/shop\/wp-json\/wp\/v2\/product_brand?post=9163"},{"taxonomy":"product_cat","embeddable":true,"href":"https:\/\/aivlisoft.net\/shop\/wp-json\/wp\/v2\/product_cat?post=9163"},{"taxonomy":"product_tag","embeddable":true,"href":"https:\/\/aivlisoft.net\/shop\/wp-json\/wp\/v2\/product_tag?post=9163"}],"curies":[{"name":"wp","href":"https:\/\/api.w.org\/{rel}","templated":true}]}}