{"id":9154,"date":"2025-01-13T13:54:33","date_gmt":"2025-01-13T13:54:33","guid":{"rendered":"https:\/\/aivlisoft.com\/?post_type=product&#038;p=9154"},"modified":"2025-01-15T11:13:30","modified_gmt":"2025-01-15T11:13:30","slug":"evolis-impresora-tarjetas-zenius-classic-usb","status":"publish","type":"product","link":"https:\/\/aivlisoft.net\/shop\/producto\/evolis-impresora-tarjetas-zenius-classic-usb\/","title":{"rendered":"Evolis Impresora Tarjetas Zenius Classic Usb"},"content":{"rendered":"<p><\/p>\n<table class=\"Tabla_Caracteristicas k-table\" width=\"100%\">\n<tbody>\n<tr>\n<td valign=\"top\"><strong>Marca<\/strong><\/td>\n<td>EVOLIS<\/td>\n<\/tr>\n<tr>\n<td valign=\"top\"><strong>Modelo<\/strong><\/td>\n<td><strong>15ZN1U0000RS<\/strong><\/td>\n<\/tr>\n<tr>\n<td valign=\"top\"><strong>Tipo<\/strong><\/td>\n<td><strong>&#8211; <\/strong>Impresora de etiquetas con formato de tarjeta de cr&eacute;dito a una cara<\/td>\n<\/tr>\n<tr>\n<td valign=\"top\"><strong>Caracter&iacute;sticas generales<\/strong><\/td>\n<td>&#8211; M&oacute;dulo de impresi&oacute;n a una cara, impresi&oacute;n borde a borde<br \/>&#8211; Sublimaci&oacute;n del color y transferencia t&eacute;rmica monocromo<br \/>&#8211; Cabezal de impresi&oacute;n 300 dpi (11,8 puntos\/mm)<br \/>&#8211; 16 MB de memoria (RAM)<\/td>\n<\/tr>\n<tr>\n<td valign=\"top\"><strong>Puertos\/conectividad<\/strong><\/td>\n<td>&#8211; USB 1.1 (compatible 2.0)<\/td>\n<\/tr>\n<tr>\n<td valign=\"top\"><strong>Otras caracter&iacute;sticas <\/strong><\/td>\n<td><strong>Velocidad de impresi&oacute;n<\/strong><br \/>&#8211; Color: de 120 a 150 tarjetas\/hora<br \/>&#8211; Monocromo: de 400 a 500 tarjetas\/hora<br \/><strong>Gesti&oacute;n y caracter&iacute;sticas de las tarjetas<\/strong><br \/>&#8211; Cargador autom&aacute;tico o cargador manual<br \/>&#8211; Capacidad del cargador: 50 tarjetas (0,76 mm)<br \/>&#8211; Capacidad de la bandeja: 20 tarjetas (0,76 mm)<br \/>&#8211; Grosor de las tarjetas: 0,25 a 0,76 mm, ajuste mediante el calibrador<br \/>&#8211; Tipos de tarjetas: tarjetas de PVC, PVC compuesto, PET, RPET, ABS y barnices especiales <br \/>&#8211; Formato de las tarjetas: ISO CR80 &#8211; ISO 7810 (53,98 mm x 85,60 mm)<br \/><strong>Visualizaci&oacute;n<\/strong><br \/>&#8211; LED<br \/>&#8211; Notificaciones gr&aacute;ficas de la impresora: cargador vac&iacute;o, avisos de limpieza, aviso cinta casi acabada\/acabada <br \/><strong>Tama&ntilde;o y peso<\/strong><br \/>&#8211; Tama&ntilde;o (altura x anchura x longitud): 195 x 205 x 310 mm <br \/>&#8211; Peso: 3,3 kg <br \/><strong>Ac&uacute;stica (probada de acuerdo con la norma iso 7779)<\/strong><br \/>Presi&oacute;n ac&uacute;stica desde la posici&oacute;n del operador LpAm (modo color)<br \/>&#8211; En funcionamiento: 46 dB (A)<br \/>&#8211; En modo de suspensi&oacute;n: nivel de ruido de fondo <br \/><strong>Contenido del paquete<\/strong><br \/>&#8211; Impresora<br \/>&#8211; CD-ROM con controlador de impresi&oacute;n; manuales de usuario<br \/>&#8211; Cable USB<br \/>&#8211; Bloque y cable de alimentaci&oacute;n el&eacute;ctrica <\/td>\n<\/tr>\n<tr>\n<td valign=\"top\"><strong>Fecha Revisi&oacute;n<\/strong><\/td>\n<td>25-02-2019 por AVN<\/td>\n<\/tr>\n<\/tbody>\n<\/table>\n","protected":false},"excerpt":{"rendered":"<p>Marca EVOLIS Modelo 15ZN1U0000RS Tipo &#8211; Impresora de etiquetas con formato de tarjeta de cr&eacute;dito a una cara Caracter&iacute;sticas generales &#8211; M&oacute;dulo de impresi&oacute;n a una cara, impresi&oacute;n borde a borde&#8211; Sublimaci&oacute;n del color y transferencia t&eacute;rmica monocromo&#8211; Cabezal de impresi&oacute;n 300 dpi (11,8 puntos\/mm)&#8211; 16 MB de memoria (RAM) Puertos\/conectividad &#8211; USB 1.1 (compatible&hellip;&nbsp;<a href=\"https:\/\/aivlisoft.net\/shop\/producto\/evolis-impresora-tarjetas-zenius-classic-usb\/\" rel=\"bookmark\"><span class=\"screen-reader-text\">Evolis Impresora Tarjetas Zenius Classic Usb<\/span><\/a><\/p>\n","protected":false},"featured_media":9155,"template":"","meta":{"neve_meta_sidebar":"","neve_meta_container":"","neve_meta_enable_content_width":"","neve_meta_content_width":0,"neve_meta_title_alignment":"","neve_meta_author_avatar":"","neve_post_elements_order":"","neve_meta_disable_header":"","neve_meta_disable_footer":"","neve_meta_disable_title":""},"product_brand":[],"product_cat":[15,3529],"product_tag":[3608],"class_list":{"0":"post-9154","1":"product","2":"type-product","3":"status-publish","4":"has-post-thumbnail","6":"product_cat-sin-categorizar","7":"product_cat-impresoras","8":"product_tag-15zn1u0000rs","10":"first","11":"instock","12":"taxable","13":"shipping-taxable","14":"purchasable","15":"product-type-simple"},"yoast_head":"<!-- This site is optimized with the Yoast SEO plugin v26.0 - https:\/\/yoast.com\/wordpress\/plugins\/seo\/ -->\n<title>Evolis Impresora Tarjetas Zenius Classic Usb - Aivlisoft Inform\u00e1tica<\/title>\n<meta name=\"robots\" content=\"index, follow, max-snippet:-1, max-image-preview:large, max-video-preview:-1\" \/>\n<link rel=\"canonical\" href=\"https:\/\/aivlisoft.net\/shop\/producto\/evolis-impresora-tarjetas-zenius-classic-usb\/\" \/>\n<meta property=\"og:locale\" content=\"es_ES\" \/>\n<meta property=\"og:type\" content=\"article\" \/>\n<meta property=\"og:title\" content=\"Evolis Impresora Tarjetas Zenius Classic Usb - Aivlisoft Inform\u00e1tica\" \/>\n<meta property=\"og:description\" content=\"Marca EVOLIS Modelo 15ZN1U0000RS Tipo &#8211; Impresora de etiquetas con formato de tarjeta de cr&eacute;dito a una cara Caracter&iacute;sticas generales &#8211; M&oacute;dulo de impresi&oacute;n a una cara, impresi&oacute;n borde a borde&#8211; Sublimaci&oacute;n del color y transferencia t&eacute;rmica monocromo&#8211; Cabezal de impresi&oacute;n 300 dpi (11,8 puntos\/mm)&#8211; 16 MB de memoria (RAM) Puertos\/conectividad &#8211; USB 1.1 (compatible&hellip;&nbsp;Evolis Impresora Tarjetas Zenius Classic Usb\" \/>\n<meta property=\"og:url\" content=\"https:\/\/aivlisoft.net\/shop\/producto\/evolis-impresora-tarjetas-zenius-classic-usb\/\" \/>\n<meta property=\"og:site_name\" content=\"Aivlisoft Inform\u00e1tica\" \/>\n<meta property=\"article:modified_time\" content=\"2025-01-15T11:13:30+00:00\" \/>\n<meta property=\"og:image\" content=\"https:\/\/aivlisoft.net\/shop\/wp-content\/uploads\/2025\/01\/FIMITE0208_800.jpg\" \/>\n\t<meta property=\"og:image:width\" content=\"800\" \/>\n\t<meta property=\"og:image:height\" content=\"800\" \/>\n\t<meta property=\"og:image:type\" content=\"image\/jpeg\" \/>\n<meta name=\"twitter:card\" content=\"summary_large_image\" \/>\n<meta name=\"twitter:label1\" content=\"Tiempo de lectura\" \/>\n\t<meta name=\"twitter:data1\" content=\"1 minuto\" \/>\n<script type=\"application\/ld+json\" class=\"yoast-schema-graph\">{\"@context\":\"https:\/\/schema.org\",\"@graph\":[{\"@type\":\"WebPage\",\"@id\":\"https:\/\/aivlisoft.net\/shop\/producto\/evolis-impresora-tarjetas-zenius-classic-usb\/\",\"url\":\"https:\/\/aivlisoft.net\/shop\/producto\/evolis-impresora-tarjetas-zenius-classic-usb\/\",\"name\":\"Evolis Impresora Tarjetas Zenius Classic Usb - Aivlisoft Inform\u00e1tica\",\"isPartOf\":{\"@id\":\"https:\/\/aivlisoft.net\/shop\/#website\"},\"primaryImageOfPage\":{\"@id\":\"https:\/\/aivlisoft.net\/shop\/producto\/evolis-impresora-tarjetas-zenius-classic-usb\/#primaryimage\"},\"image\":{\"@id\":\"https:\/\/aivlisoft.net\/shop\/producto\/evolis-impresora-tarjetas-zenius-classic-usb\/#primaryimage\"},\"thumbnailUrl\":\"https:\/\/aivlisoft.net\/shop\/wp-content\/uploads\/2025\/01\/FIMITE0208_800.jpg\",\"datePublished\":\"2025-01-13T13:54:33+00:00\",\"dateModified\":\"2025-01-15T11:13:30+00:00\",\"breadcrumb\":{\"@id\":\"https:\/\/aivlisoft.net\/shop\/producto\/evolis-impresora-tarjetas-zenius-classic-usb\/#breadcrumb\"},\"inLanguage\":\"es\",\"potentialAction\":[{\"@type\":\"ReadAction\",\"target\":[\"https:\/\/aivlisoft.net\/shop\/producto\/evolis-impresora-tarjetas-zenius-classic-usb\/\"]}]},{\"@type\":\"ImageObject\",\"inLanguage\":\"es\",\"@id\":\"https:\/\/aivlisoft.net\/shop\/producto\/evolis-impresora-tarjetas-zenius-classic-usb\/#primaryimage\",\"url\":\"https:\/\/aivlisoft.net\/shop\/wp-content\/uploads\/2025\/01\/FIMITE0208_800.jpg\",\"contentUrl\":\"https:\/\/aivlisoft.net\/shop\/wp-content\/uploads\/2025\/01\/FIMITE0208_800.jpg\",\"width\":800,\"height\":800},{\"@type\":\"BreadcrumbList\",\"@id\":\"https:\/\/aivlisoft.net\/shop\/producto\/evolis-impresora-tarjetas-zenius-classic-usb\/#breadcrumb\",\"itemListElement\":[{\"@type\":\"ListItem\",\"position\":1,\"name\":\"Portada\",\"item\":\"https:\/\/aivlisoft.net\/shop\/\"},{\"@type\":\"ListItem\",\"position\":2,\"name\":\"Tienda\",\"item\":\"https:\/\/aivlisoft.net\/shop\/tienda\/\"},{\"@type\":\"ListItem\",\"position\":3,\"name\":\"Evolis Impresora Tarjetas Zenius Classic Usb\"}]},{\"@type\":\"WebSite\",\"@id\":\"https:\/\/aivlisoft.net\/shop\/#website\",\"url\":\"https:\/\/aivlisoft.net\/shop\/\",\"name\":\"Aivlisoft Inform\u00e1tica\",\"description\":\"En Aivlisoft Inform\u00e1tica ofrecemos soluciones tecnol\u00f3gicas para empresas: venta de ordenadores, consumibles, perif\u00e9ricos y m\u00e1s. Calidad, atenci\u00f3n personalizada y los mejores precios para tu negocio.\",\"publisher\":{\"@id\":\"https:\/\/aivlisoft.net\/shop\/#organization\"},\"potentialAction\":[{\"@type\":\"SearchAction\",\"target\":{\"@type\":\"EntryPoint\",\"urlTemplate\":\"https:\/\/aivlisoft.net\/shop\/?s={search_term_string}\"},\"query-input\":{\"@type\":\"PropertyValueSpecification\",\"valueRequired\":true,\"valueName\":\"search_term_string\"}}],\"inLanguage\":\"es\"},{\"@type\":\"Organization\",\"@id\":\"https:\/\/aivlisoft.net\/shop\/#organization\",\"name\":\"Aivlisoft Inform\u00e1tica\",\"url\":\"https:\/\/aivlisoft.net\/shop\/\",\"logo\":{\"@type\":\"ImageObject\",\"inLanguage\":\"es\",\"@id\":\"https:\/\/aivlisoft.net\/shop\/#\/schema\/logo\/image\/\",\"url\":\"https:\/\/aivlisoft.net\/shop\/wp-content\/uploads\/2024\/12\/removal.ai_5b848c54-0cdf-4140-95c5-c5536bb7573b-logodef.png\",\"contentUrl\":\"https:\/\/aivlisoft.net\/shop\/wp-content\/uploads\/2024\/12\/removal.ai_5b848c54-0cdf-4140-95c5-c5536bb7573b-logodef.png\",\"width\":484,\"height\":182,\"caption\":\"Aivlisoft Inform\u00e1tica\"},\"image\":{\"@id\":\"https:\/\/aivlisoft.net\/shop\/#\/schema\/logo\/image\/\"}}]}<\/script>\n<!-- \/ Yoast SEO plugin. -->","yoast_head_json":{"title":"Evolis Impresora Tarjetas Zenius Classic Usb - Aivlisoft Inform\u00e1tica","robots":{"index":"index","follow":"follow","max-snippet":"max-snippet:-1","max-image-preview":"max-image-preview:large","max-video-preview":"max-video-preview:-1"},"canonical":"https:\/\/aivlisoft.net\/shop\/producto\/evolis-impresora-tarjetas-zenius-classic-usb\/","og_locale":"es_ES","og_type":"article","og_title":"Evolis Impresora Tarjetas Zenius Classic Usb - Aivlisoft Inform\u00e1tica","og_description":"Marca EVOLIS Modelo 15ZN1U0000RS Tipo &#8211; Impresora de etiquetas con formato de tarjeta de cr&eacute;dito a una cara Caracter&iacute;sticas generales &#8211; M&oacute;dulo de impresi&oacute;n a una cara, impresi&oacute;n borde a borde&#8211; Sublimaci&oacute;n del color y transferencia t&eacute;rmica monocromo&#8211; Cabezal de impresi&oacute;n 300 dpi (11,8 puntos\/mm)&#8211; 16 MB de memoria (RAM) Puertos\/conectividad &#8211; USB 1.1 (compatible&hellip;&nbsp;Evolis Impresora Tarjetas Zenius Classic Usb","og_url":"https:\/\/aivlisoft.net\/shop\/producto\/evolis-impresora-tarjetas-zenius-classic-usb\/","og_site_name":"Aivlisoft Inform\u00e1tica","article_modified_time":"2025-01-15T11:13:30+00:00","og_image":[{"width":800,"height":800,"url":"https:\/\/aivlisoft.net\/shop\/wp-content\/uploads\/2025\/01\/FIMITE0208_800.jpg","type":"image\/jpeg"}],"twitter_card":"summary_large_image","twitter_misc":{"Tiempo de lectura":"1 minuto"},"schema":{"@context":"https:\/\/schema.org","@graph":[{"@type":"WebPage","@id":"https:\/\/aivlisoft.net\/shop\/producto\/evolis-impresora-tarjetas-zenius-classic-usb\/","url":"https:\/\/aivlisoft.net\/shop\/producto\/evolis-impresora-tarjetas-zenius-classic-usb\/","name":"Evolis Impresora Tarjetas Zenius Classic Usb - Aivlisoft Inform\u00e1tica","isPartOf":{"@id":"https:\/\/aivlisoft.net\/shop\/#website"},"primaryImageOfPage":{"@id":"https:\/\/aivlisoft.net\/shop\/producto\/evolis-impresora-tarjetas-zenius-classic-usb\/#primaryimage"},"image":{"@id":"https:\/\/aivlisoft.net\/shop\/producto\/evolis-impresora-tarjetas-zenius-classic-usb\/#primaryimage"},"thumbnailUrl":"https:\/\/aivlisoft.net\/shop\/wp-content\/uploads\/2025\/01\/FIMITE0208_800.jpg","datePublished":"2025-01-13T13:54:33+00:00","dateModified":"2025-01-15T11:13:30+00:00","breadcrumb":{"@id":"https:\/\/aivlisoft.net\/shop\/producto\/evolis-impresora-tarjetas-zenius-classic-usb\/#breadcrumb"},"inLanguage":"es","potentialAction":[{"@type":"ReadAction","target":["https:\/\/aivlisoft.net\/shop\/producto\/evolis-impresora-tarjetas-zenius-classic-usb\/"]}]},{"@type":"ImageObject","inLanguage":"es","@id":"https:\/\/aivlisoft.net\/shop\/producto\/evolis-impresora-tarjetas-zenius-classic-usb\/#primaryimage","url":"https:\/\/aivlisoft.net\/shop\/wp-content\/uploads\/2025\/01\/FIMITE0208_800.jpg","contentUrl":"https:\/\/aivlisoft.net\/shop\/wp-content\/uploads\/2025\/01\/FIMITE0208_800.jpg","width":800,"height":800},{"@type":"BreadcrumbList","@id":"https:\/\/aivlisoft.net\/shop\/producto\/evolis-impresora-tarjetas-zenius-classic-usb\/#breadcrumb","itemListElement":[{"@type":"ListItem","position":1,"name":"Portada","item":"https:\/\/aivlisoft.net\/shop\/"},{"@type":"ListItem","position":2,"name":"Tienda","item":"https:\/\/aivlisoft.net\/shop\/tienda\/"},{"@type":"ListItem","position":3,"name":"Evolis Impresora Tarjetas Zenius Classic Usb"}]},{"@type":"WebSite","@id":"https:\/\/aivlisoft.net\/shop\/#website","url":"https:\/\/aivlisoft.net\/shop\/","name":"Aivlisoft Inform\u00e1tica","description":"En Aivlisoft Inform\u00e1tica ofrecemos soluciones tecnol\u00f3gicas para empresas: venta de ordenadores, consumibles, perif\u00e9ricos y m\u00e1s. Calidad, atenci\u00f3n personalizada y los mejores precios para tu negocio.","publisher":{"@id":"https:\/\/aivlisoft.net\/shop\/#organization"},"potentialAction":[{"@type":"SearchAction","target":{"@type":"EntryPoint","urlTemplate":"https:\/\/aivlisoft.net\/shop\/?s={search_term_string}"},"query-input":{"@type":"PropertyValueSpecification","valueRequired":true,"valueName":"search_term_string"}}],"inLanguage":"es"},{"@type":"Organization","@id":"https:\/\/aivlisoft.net\/shop\/#organization","name":"Aivlisoft Inform\u00e1tica","url":"https:\/\/aivlisoft.net\/shop\/","logo":{"@type":"ImageObject","inLanguage":"es","@id":"https:\/\/aivlisoft.net\/shop\/#\/schema\/logo\/image\/","url":"https:\/\/aivlisoft.net\/shop\/wp-content\/uploads\/2024\/12\/removal.ai_5b848c54-0cdf-4140-95c5-c5536bb7573b-logodef.png","contentUrl":"https:\/\/aivlisoft.net\/shop\/wp-content\/uploads\/2024\/12\/removal.ai_5b848c54-0cdf-4140-95c5-c5536bb7573b-logodef.png","width":484,"height":182,"caption":"Aivlisoft Inform\u00e1tica"},"image":{"@id":"https:\/\/aivlisoft.net\/shop\/#\/schema\/logo\/image\/"}}]}},"_links":{"self":[{"href":"https:\/\/aivlisoft.net\/shop\/wp-json\/wp\/v2\/product\/9154","targetHints":{"allow":["GET"]}}],"collection":[{"href":"https:\/\/aivlisoft.net\/shop\/wp-json\/wp\/v2\/product"}],"about":[{"href":"https:\/\/aivlisoft.net\/shop\/wp-json\/wp\/v2\/types\/product"}],"wp:featuredmedia":[{"embeddable":true,"href":"https:\/\/aivlisoft.net\/shop\/wp-json\/wp\/v2\/media\/9155"}],"wp:attachment":[{"href":"https:\/\/aivlisoft.net\/shop\/wp-json\/wp\/v2\/media?parent=9154"}],"wp:term":[{"taxonomy":"product_brand","embeddable":true,"href":"https:\/\/aivlisoft.net\/shop\/wp-json\/wp\/v2\/product_brand?post=9154"},{"taxonomy":"product_cat","embeddable":true,"href":"https:\/\/aivlisoft.net\/shop\/wp-json\/wp\/v2\/product_cat?post=9154"},{"taxonomy":"product_tag","embeddable":true,"href":"https:\/\/aivlisoft.net\/shop\/wp-json\/wp\/v2\/product_tag?post=9154"}],"curies":[{"name":"wp","href":"https:\/\/api.w.org\/{rel}","templated":true}]}}