{"id":9131,"date":"2025-01-13T13:54:19","date_gmt":"2025-01-13T13:54:19","guid":{"rendered":"https:\/\/aivlisoft.com\/?post_type=product&#038;p=9131"},"modified":"2025-01-15T11:13:33","modified_gmt":"2025-01-15T11:13:33","slug":"brother-rotuladora-electronica-pth100lb","status":"publish","type":"product","link":"https:\/\/aivlisoft.net\/shop\/producto\/brother-rotuladora-electronica-pth100lb\/","title":{"rendered":"Brother Rotuladora Electronica PTH100LB"},"content":{"rendered":"<p>Organiza f&aacute;cilmente ficheros, CDs, estanter&iacute;as y otros materiales con la rotuladora electr&oacute;nica de mano PT-H100LB y la amplia variedad de cintas disponibles para uso en interior y exterior.<\/p>\n<p><strong>F&aacute;cil de usar<\/strong><br \/>Dise&ntilde;o ergon&oacute;mico con teclas num&eacute;ricas y de funci&oacute;n separadas, incorpora 178 s&iacute;mbolos, marcos y el modo Auto dise&ntilde;o para imprimir etiquetas creativas en el m&iacute;nimo tiempo y a una velocidad de impresi&oacute;n de 20 mm\/seg.<\/p>\n<p><strong>Etiquetado de ropa<\/strong><br \/>Admite cintas textiles para la identificaci&oacute;n de ropa.<\/p>\n<p><strong>Aplicaciones<\/strong><br \/>Hogar: identificaci&oacute;n de alimentos, cajas, material escolar&#8230;<\/p>\n<p><strong>Cintas TZe<\/strong><br \/>Para aplicaci&oacute;n en el interior y exterior.<\/p>\n<table class=\"tabla_caracteristicas\" width=\"100%\">\n<tr>\n<td valign=\"top\"><strong>Marca<\/strong><\/td>\n<td>Brother<\/td>\n<\/tr>\n<tr>\n<td valign=\"top\"><strong>Modelo<\/strong><\/td>\n<td><strong>PTH100LBXG1<\/strong><\/td>\n<\/tr>\n<tr>\n<td valign=\"top\"><strong>Caracteristicas<\/strong><\/td>\n<td>&#8211; Tipo: Port&aacute;til<br \/>\t\t\t&#8211; Ancho m&aacute;ximo de cinta (mm): 12<br \/>\t\t\t&#8211; Tipo de uso: Dom&eacute;stico, Oficina<br \/>\t\t\t&#8211; Pilas alcalinas: 6 tipo AAA<br \/>\t\t\t&#8211; Autoapagado: S&iacute;<br \/>\t\t\t&#8211; Botones: Encendido, Cortar<br \/>\t\t\t&#8211; Tipo de cortador: Corte completo<br \/>\t\t\t&#8211; Pantalla: Pantalla LCD<br \/>\t\t\t&#8211; Tama&ntilde;o de pantalla: 1 l&iacute;nea x 12 caracteres<br \/>\t\t\t&#8211; Color de la carcasa: Azul claro y blanco<br \/>\t\t\t&#8211; Tipo de teclado: ABC<br \/>\t\t\t&#8211; Idiomas: Ingl&eacute;s, Alem&aacute;n, Franc&eacute;s, Espa&ntilde;ol, Portugu&eacute;s, Italiano, Holand&eacute;s, Dan&eacute;s, Noruego, Sueco, Finland&eacute;s, H&uacute;ngaro, Checo, Polaco, Rumano, Esloveno, Eslovaco, Croata, Turco, Portugu&eacute;s de Brasil<br \/>\t\t\t&#8211; N&uacute;mero m&aacute;ximo de caracteres por etiqueta: 385<br \/>\t\t\t&#8211; Ubicaciones de la memoria: 9<br \/>\t\t\t&#8211; N&uacute;mero de teclas: 54<br \/>\t\t\t&#8211; Tecnolog&iacute;a: Transferencia t&eacute;rmica<br \/>\t\t\t&#8211; Configuraci&oacute;n de unidad (mm \/ pulgadas): S&iacute;<br \/>\t\t\t<strong>Dimensiones y pesos<\/strong><br \/>\t\t\t&#8211; Con caja: 198(An) x 93(F) x 270(Al) mm kg<br \/>\t\t\t&#8211; Dimensiones sin caja: 110(An) x 207(F) x 59(Al) mm<br \/>\t\t\t&#8211; Peso: 0.39 kg<br \/>\t\t\t<strong>Dise&ntilde;o de etiquetas<\/strong><br \/>\t\t\t&#8211; Fuentes: 9: Normal, Negrita, Contorno, Sombra, It&aacute;lica, It&aacute;lica Negrita, It&aacute;lica Contorno, It&aacute;lica Sombra, Vertical<br \/>\t\t\t&#8211; Marcos: 8<br \/>\t\t\t&#8211; S&iacute;mbolos: 178<br \/>\t\t\t&#8211; Tama&ntilde;os de texto: Peque&ntilde;o, Medio, Grande<br \/>\t\t\t&#8211; Subrayado: S&iacute;<br \/>\t\t\t<strong>Dise&ntilde;os de etiquetas predefinidos<\/strong><br \/>\t\t\t&#8211; Funci&oacute;n de marcado de cables: S&iacute;<br \/>\t\t\t<strong>Consumibles y accesorios<\/strong><br \/>\t\t\t&#8211; Tipo: Cintas TZe<br \/>\t\t\t&#8211; Anchos de cinta: 3,5, 6, 9, 12mm<br \/>\t\t\t<strong>Incluye<\/strong><br \/>\t\t\t&#8211; Casetes de cinta: 1 cinta Laminada Negro sobre blanco 12mm x 4m<br \/>\t\t\t&#8211; Gu&iacute;a de usuario: S&iacute;<\/td>\n<\/tr>\n<tr>\n<td valign=\"top\"><strong>Fecha Revisi&oacute;n<\/strong><\/td>\n<td>21-11-2016 por MSB<\/td>\n<\/tr>\n<\/table>\n","protected":false},"excerpt":{"rendered":"<p>Organiza f&aacute;cilmente ficheros, CDs, estanter&iacute;as y otros materiales con la rotuladora electr&oacute;nica de mano PT-H100LB y la amplia variedad de cintas disponibles para uso en interior y exterior. F&aacute;cil de usarDise&ntilde;o ergon&oacute;mico con teclas num&eacute;ricas y de funci&oacute;n separadas, incorpora 178 s&iacute;mbolos, marcos y el modo Auto dise&ntilde;o para imprimir etiquetas creativas en el m&iacute;nimo&hellip;&nbsp;<a href=\"https:\/\/aivlisoft.net\/shop\/producto\/brother-rotuladora-electronica-pth100lb\/\" rel=\"bookmark\"><span class=\"screen-reader-text\">Brother Rotuladora Electronica PTH100LB<\/span><\/a><\/p>\n","protected":false},"featured_media":9132,"template":"","meta":{"neve_meta_sidebar":"","neve_meta_container":"","neve_meta_enable_content_width":"","neve_meta_content_width":0,"neve_meta_title_alignment":"","neve_meta_author_avatar":"","neve_post_elements_order":"","neve_meta_disable_header":"","neve_meta_disable_footer":"","neve_meta_disable_title":""},"product_brand":[],"product_cat":[15,3529],"product_tag":[3601],"class_list":{"0":"post-9131","1":"product","2":"type-product","3":"status-publish","4":"has-post-thumbnail","6":"product_cat-sin-categorizar","7":"product_cat-impresoras","8":"product_tag-pth100lbxg1","10":"first","11":"instock","12":"taxable","13":"shipping-taxable","14":"purchasable","15":"product-type-simple"},"yoast_head":"<!-- This site is optimized with the Yoast SEO plugin v26.0 - https:\/\/yoast.com\/wordpress\/plugins\/seo\/ -->\n<title>Brother Rotuladora Electronica PTH100LB - Aivlisoft Inform\u00e1tica<\/title>\n<meta name=\"robots\" content=\"index, follow, max-snippet:-1, max-image-preview:large, max-video-preview:-1\" \/>\n<link rel=\"canonical\" href=\"https:\/\/aivlisoft.net\/shop\/producto\/brother-rotuladora-electronica-pth100lb\/\" \/>\n<meta property=\"og:locale\" content=\"es_ES\" \/>\n<meta property=\"og:type\" content=\"article\" \/>\n<meta property=\"og:title\" content=\"Brother Rotuladora Electronica PTH100LB - Aivlisoft Inform\u00e1tica\" \/>\n<meta property=\"og:description\" content=\"Organiza f&aacute;cilmente ficheros, CDs, estanter&iacute;as y otros materiales con la rotuladora electr&oacute;nica de mano PT-H100LB y la amplia variedad de cintas disponibles para uso en interior y exterior. F&aacute;cil de usarDise&ntilde;o ergon&oacute;mico con teclas num&eacute;ricas y de funci&oacute;n separadas, incorpora 178 s&iacute;mbolos, marcos y el modo Auto dise&ntilde;o para imprimir etiquetas creativas en el m&iacute;nimo&hellip;&nbsp;Brother Rotuladora Electronica PTH100LB\" \/>\n<meta property=\"og:url\" content=\"https:\/\/aivlisoft.net\/shop\/producto\/brother-rotuladora-electronica-pth100lb\/\" \/>\n<meta property=\"og:site_name\" content=\"Aivlisoft Inform\u00e1tica\" \/>\n<meta property=\"article:modified_time\" content=\"2025-01-15T11:13:33+00:00\" \/>\n<meta property=\"og:image\" content=\"https:\/\/aivlisoft.net\/shop\/wp-content\/uploads\/2025\/01\/FIMITE0145_800.jpg\" \/>\n\t<meta property=\"og:image:width\" content=\"800\" \/>\n\t<meta property=\"og:image:height\" content=\"800\" \/>\n\t<meta property=\"og:image:type\" content=\"image\/jpeg\" \/>\n<meta name=\"twitter:card\" content=\"summary_large_image\" \/>\n<meta name=\"twitter:label1\" content=\"Tiempo de lectura\" \/>\n\t<meta name=\"twitter:data1\" content=\"2 minutos\" \/>\n<script type=\"application\/ld+json\" class=\"yoast-schema-graph\">{\"@context\":\"https:\/\/schema.org\",\"@graph\":[{\"@type\":\"WebPage\",\"@id\":\"https:\/\/aivlisoft.net\/shop\/producto\/brother-rotuladora-electronica-pth100lb\/\",\"url\":\"https:\/\/aivlisoft.net\/shop\/producto\/brother-rotuladora-electronica-pth100lb\/\",\"name\":\"Brother Rotuladora Electronica PTH100LB - Aivlisoft Inform\u00e1tica\",\"isPartOf\":{\"@id\":\"https:\/\/aivlisoft.net\/shop\/#website\"},\"primaryImageOfPage\":{\"@id\":\"https:\/\/aivlisoft.net\/shop\/producto\/brother-rotuladora-electronica-pth100lb\/#primaryimage\"},\"image\":{\"@id\":\"https:\/\/aivlisoft.net\/shop\/producto\/brother-rotuladora-electronica-pth100lb\/#primaryimage\"},\"thumbnailUrl\":\"https:\/\/aivlisoft.net\/shop\/wp-content\/uploads\/2025\/01\/FIMITE0145_800.jpg\",\"datePublished\":\"2025-01-13T13:54:19+00:00\",\"dateModified\":\"2025-01-15T11:13:33+00:00\",\"breadcrumb\":{\"@id\":\"https:\/\/aivlisoft.net\/shop\/producto\/brother-rotuladora-electronica-pth100lb\/#breadcrumb\"},\"inLanguage\":\"es\",\"potentialAction\":[{\"@type\":\"ReadAction\",\"target\":[\"https:\/\/aivlisoft.net\/shop\/producto\/brother-rotuladora-electronica-pth100lb\/\"]}]},{\"@type\":\"ImageObject\",\"inLanguage\":\"es\",\"@id\":\"https:\/\/aivlisoft.net\/shop\/producto\/brother-rotuladora-electronica-pth100lb\/#primaryimage\",\"url\":\"https:\/\/aivlisoft.net\/shop\/wp-content\/uploads\/2025\/01\/FIMITE0145_800.jpg\",\"contentUrl\":\"https:\/\/aivlisoft.net\/shop\/wp-content\/uploads\/2025\/01\/FIMITE0145_800.jpg\",\"width\":800,\"height\":800},{\"@type\":\"BreadcrumbList\",\"@id\":\"https:\/\/aivlisoft.net\/shop\/producto\/brother-rotuladora-electronica-pth100lb\/#breadcrumb\",\"itemListElement\":[{\"@type\":\"ListItem\",\"position\":1,\"name\":\"Portada\",\"item\":\"https:\/\/aivlisoft.net\/shop\/\"},{\"@type\":\"ListItem\",\"position\":2,\"name\":\"Tienda\",\"item\":\"https:\/\/aivlisoft.net\/shop\/tienda\/\"},{\"@type\":\"ListItem\",\"position\":3,\"name\":\"Brother Rotuladora Electronica PTH100LB\"}]},{\"@type\":\"WebSite\",\"@id\":\"https:\/\/aivlisoft.net\/shop\/#website\",\"url\":\"https:\/\/aivlisoft.net\/shop\/\",\"name\":\"Aivlisoft Inform\u00e1tica\",\"description\":\"En Aivlisoft Inform\u00e1tica ofrecemos soluciones tecnol\u00f3gicas para empresas: venta de ordenadores, consumibles, perif\u00e9ricos y m\u00e1s. Calidad, atenci\u00f3n personalizada y los mejores precios para tu negocio.\",\"publisher\":{\"@id\":\"https:\/\/aivlisoft.net\/shop\/#organization\"},\"potentialAction\":[{\"@type\":\"SearchAction\",\"target\":{\"@type\":\"EntryPoint\",\"urlTemplate\":\"https:\/\/aivlisoft.net\/shop\/?s={search_term_string}\"},\"query-input\":{\"@type\":\"PropertyValueSpecification\",\"valueRequired\":true,\"valueName\":\"search_term_string\"}}],\"inLanguage\":\"es\"},{\"@type\":\"Organization\",\"@id\":\"https:\/\/aivlisoft.net\/shop\/#organization\",\"name\":\"Aivlisoft Inform\u00e1tica\",\"url\":\"https:\/\/aivlisoft.net\/shop\/\",\"logo\":{\"@type\":\"ImageObject\",\"inLanguage\":\"es\",\"@id\":\"https:\/\/aivlisoft.net\/shop\/#\/schema\/logo\/image\/\",\"url\":\"https:\/\/aivlisoft.net\/shop\/wp-content\/uploads\/2024\/12\/removal.ai_5b848c54-0cdf-4140-95c5-c5536bb7573b-logodef.png\",\"contentUrl\":\"https:\/\/aivlisoft.net\/shop\/wp-content\/uploads\/2024\/12\/removal.ai_5b848c54-0cdf-4140-95c5-c5536bb7573b-logodef.png\",\"width\":484,\"height\":182,\"caption\":\"Aivlisoft Inform\u00e1tica\"},\"image\":{\"@id\":\"https:\/\/aivlisoft.net\/shop\/#\/schema\/logo\/image\/\"}}]}<\/script>\n<!-- \/ Yoast SEO plugin. -->","yoast_head_json":{"title":"Brother Rotuladora Electronica PTH100LB - Aivlisoft Inform\u00e1tica","robots":{"index":"index","follow":"follow","max-snippet":"max-snippet:-1","max-image-preview":"max-image-preview:large","max-video-preview":"max-video-preview:-1"},"canonical":"https:\/\/aivlisoft.net\/shop\/producto\/brother-rotuladora-electronica-pth100lb\/","og_locale":"es_ES","og_type":"article","og_title":"Brother Rotuladora Electronica PTH100LB - Aivlisoft Inform\u00e1tica","og_description":"Organiza f&aacute;cilmente ficheros, CDs, estanter&iacute;as y otros materiales con la rotuladora electr&oacute;nica de mano PT-H100LB y la amplia variedad de cintas disponibles para uso en interior y exterior. F&aacute;cil de usarDise&ntilde;o ergon&oacute;mico con teclas num&eacute;ricas y de funci&oacute;n separadas, incorpora 178 s&iacute;mbolos, marcos y el modo Auto dise&ntilde;o para imprimir etiquetas creativas en el m&iacute;nimo&hellip;&nbsp;Brother Rotuladora Electronica PTH100LB","og_url":"https:\/\/aivlisoft.net\/shop\/producto\/brother-rotuladora-electronica-pth100lb\/","og_site_name":"Aivlisoft Inform\u00e1tica","article_modified_time":"2025-01-15T11:13:33+00:00","og_image":[{"width":800,"height":800,"url":"https:\/\/aivlisoft.net\/shop\/wp-content\/uploads\/2025\/01\/FIMITE0145_800.jpg","type":"image\/jpeg"}],"twitter_card":"summary_large_image","twitter_misc":{"Tiempo de lectura":"2 minutos"},"schema":{"@context":"https:\/\/schema.org","@graph":[{"@type":"WebPage","@id":"https:\/\/aivlisoft.net\/shop\/producto\/brother-rotuladora-electronica-pth100lb\/","url":"https:\/\/aivlisoft.net\/shop\/producto\/brother-rotuladora-electronica-pth100lb\/","name":"Brother Rotuladora Electronica PTH100LB - Aivlisoft Inform\u00e1tica","isPartOf":{"@id":"https:\/\/aivlisoft.net\/shop\/#website"},"primaryImageOfPage":{"@id":"https:\/\/aivlisoft.net\/shop\/producto\/brother-rotuladora-electronica-pth100lb\/#primaryimage"},"image":{"@id":"https:\/\/aivlisoft.net\/shop\/producto\/brother-rotuladora-electronica-pth100lb\/#primaryimage"},"thumbnailUrl":"https:\/\/aivlisoft.net\/shop\/wp-content\/uploads\/2025\/01\/FIMITE0145_800.jpg","datePublished":"2025-01-13T13:54:19+00:00","dateModified":"2025-01-15T11:13:33+00:00","breadcrumb":{"@id":"https:\/\/aivlisoft.net\/shop\/producto\/brother-rotuladora-electronica-pth100lb\/#breadcrumb"},"inLanguage":"es","potentialAction":[{"@type":"ReadAction","target":["https:\/\/aivlisoft.net\/shop\/producto\/brother-rotuladora-electronica-pth100lb\/"]}]},{"@type":"ImageObject","inLanguage":"es","@id":"https:\/\/aivlisoft.net\/shop\/producto\/brother-rotuladora-electronica-pth100lb\/#primaryimage","url":"https:\/\/aivlisoft.net\/shop\/wp-content\/uploads\/2025\/01\/FIMITE0145_800.jpg","contentUrl":"https:\/\/aivlisoft.net\/shop\/wp-content\/uploads\/2025\/01\/FIMITE0145_800.jpg","width":800,"height":800},{"@type":"BreadcrumbList","@id":"https:\/\/aivlisoft.net\/shop\/producto\/brother-rotuladora-electronica-pth100lb\/#breadcrumb","itemListElement":[{"@type":"ListItem","position":1,"name":"Portada","item":"https:\/\/aivlisoft.net\/shop\/"},{"@type":"ListItem","position":2,"name":"Tienda","item":"https:\/\/aivlisoft.net\/shop\/tienda\/"},{"@type":"ListItem","position":3,"name":"Brother Rotuladora Electronica PTH100LB"}]},{"@type":"WebSite","@id":"https:\/\/aivlisoft.net\/shop\/#website","url":"https:\/\/aivlisoft.net\/shop\/","name":"Aivlisoft Inform\u00e1tica","description":"En Aivlisoft Inform\u00e1tica ofrecemos soluciones tecnol\u00f3gicas para empresas: venta de ordenadores, consumibles, perif\u00e9ricos y m\u00e1s. Calidad, atenci\u00f3n personalizada y los mejores precios para tu negocio.","publisher":{"@id":"https:\/\/aivlisoft.net\/shop\/#organization"},"potentialAction":[{"@type":"SearchAction","target":{"@type":"EntryPoint","urlTemplate":"https:\/\/aivlisoft.net\/shop\/?s={search_term_string}"},"query-input":{"@type":"PropertyValueSpecification","valueRequired":true,"valueName":"search_term_string"}}],"inLanguage":"es"},{"@type":"Organization","@id":"https:\/\/aivlisoft.net\/shop\/#organization","name":"Aivlisoft Inform\u00e1tica","url":"https:\/\/aivlisoft.net\/shop\/","logo":{"@type":"ImageObject","inLanguage":"es","@id":"https:\/\/aivlisoft.net\/shop\/#\/schema\/logo\/image\/","url":"https:\/\/aivlisoft.net\/shop\/wp-content\/uploads\/2024\/12\/removal.ai_5b848c54-0cdf-4140-95c5-c5536bb7573b-logodef.png","contentUrl":"https:\/\/aivlisoft.net\/shop\/wp-content\/uploads\/2024\/12\/removal.ai_5b848c54-0cdf-4140-95c5-c5536bb7573b-logodef.png","width":484,"height":182,"caption":"Aivlisoft Inform\u00e1tica"},"image":{"@id":"https:\/\/aivlisoft.net\/shop\/#\/schema\/logo\/image\/"}}]}},"_links":{"self":[{"href":"https:\/\/aivlisoft.net\/shop\/wp-json\/wp\/v2\/product\/9131","targetHints":{"allow":["GET"]}}],"collection":[{"href":"https:\/\/aivlisoft.net\/shop\/wp-json\/wp\/v2\/product"}],"about":[{"href":"https:\/\/aivlisoft.net\/shop\/wp-json\/wp\/v2\/types\/product"}],"wp:featuredmedia":[{"embeddable":true,"href":"https:\/\/aivlisoft.net\/shop\/wp-json\/wp\/v2\/media\/9132"}],"wp:attachment":[{"href":"https:\/\/aivlisoft.net\/shop\/wp-json\/wp\/v2\/media?parent=9131"}],"wp:term":[{"taxonomy":"product_brand","embeddable":true,"href":"https:\/\/aivlisoft.net\/shop\/wp-json\/wp\/v2\/product_brand?post=9131"},{"taxonomy":"product_cat","embeddable":true,"href":"https:\/\/aivlisoft.net\/shop\/wp-json\/wp\/v2\/product_cat?post=9131"},{"taxonomy":"product_tag","embeddable":true,"href":"https:\/\/aivlisoft.net\/shop\/wp-json\/wp\/v2\/product_tag?post=9131"}],"curies":[{"name":"wp","href":"https:\/\/api.w.org\/{rel}","templated":true}]}}