{"id":9127,"date":"2025-01-13T13:54:17","date_gmt":"2025-01-13T13:54:17","guid":{"rendered":"https:\/\/aivlisoft.com\/?post_type=product&#038;p=9127"},"modified":"2025-01-15T11:13:34","modified_gmt":"2025-01-15T11:13:34","slug":"brother-rotuladora-electronica-pth500","status":"publish","type":"product","link":"https:\/\/aivlisoft.net\/shop\/producto\/brother-rotuladora-electronica-pth500\/","title":{"rendered":"Brother Rotuladora Electronica PTH500"},"content":{"rendered":"<table class=\"tabla_caracteristicas\" width=\"100%\">\n<tbody>\n<tr>\n<td><strong>Marca<\/strong><\/td>\n<td>Brother<\/td>\n<\/tr>\n<tr>\n<td><strong>Modelo<\/strong><\/td>\n<td><strong>C51CB70020<\/strong><\/td>\n<\/tr>\n<tr>\n<td valign=\"top\"><strong>Pantalla<\/strong><\/td>\n<td>&#8211; Pantalla LCD retroiluminada<br \/>\t\t\t&#8211; Tama&ntilde;o: 3 l&iacute;neas x 16 carateres<\/td>\n<\/tr>\n<tr>\n<td valign=\"top\"><strong>Conectividad<\/strong><\/td>\n<td>&#8211; Interfaz USB: USB 2.0 (High Speed)<\/td>\n<\/tr>\n<tr>\n<td valign=\"top\"><strong>Sistemas operativos<\/strong><\/td>\n<td>&#8211; Macintosh: Mac OS X 10.3.9 o superior<br \/>\t\t\t&#8211; Windows: Windows 7, Windows 8, Windows Vista<\/td>\n<\/tr>\n<tr>\n<td valign=\"top\">\n<div><strong>Otras <\/strong><\/div>\n<div><strong>caracter&iacute;sticas<\/strong><\/div>\n<\/td>\n<td>\n<div>&#8211; Ancho m&aacute;ximo de cinta (mm): 24<br \/>\t\t\t&#8211; N&uacute;mero m&aacute;ximo de caracteres por etiqueta: 280<br \/>\t\t\t&#8211; Adaptador de CA: S&iacute;<br \/>\t\t\t&#8211; Tipo: Port&aacute;til<br \/>\t\t\t&#8211; Tipo de uso: Oficina<br \/>\t\t\t&#8211; Pilas alcalinas: 6 tipo AA<br \/>\t\t\t&#8211; Autoapagado: S&iacute;<br \/>\t\t\t&#8211; Bater&iacute;a: BA-E001<br \/>\t\t\t&#8211; Botones: Encendido, Cortar<br \/>\t\t\t&#8211; Tipo de cortador: Corte completo y<\/div>\n<div>&nbsp; medio corte, Autom&aacute;tico<\/div>\n<div>&#8211; Tipo de teclado: QWERTY<br \/>\t\t\t&#8211; Bater&iacute;a Li-ion recargable: opcional<br \/>\t\t\t&#8211; Ubicaciones de la memoria: 99<br \/>\t\t\t&#8211; N&uacute;mero de teclas: 70<br \/>\t\t\t&#8211; Tecnolog&iacute;a: Transferencia t&eacute;rmica<br \/>\t\t\t&#8211; Configuraci&oacute;n de unidad (mm \/ pulgadas): S&iacute;<\/div>\n<div><strong>Software<\/strong><br \/>\t\t\t&#8211; Copias: 200<br \/>\t\t\t&#8211; Compatibilidad con archivos de bases de datos:<\/div>\n<div>&nbsp; csv, Microsoft Access, Microsoft Excel<br \/>\t\t\t&#8211; Fuentes: Todas instaladas en el PC<br \/>\t\t\t&#8211; Marcos: 154<br \/>\t\t\t&#8211; Orientaciones de etiquetas: Horizontal,<\/div>\n<div>&nbsp; Horizontal, Vertical, Vertical<br \/>\t\t\t&#8211; Idiomas: Ingl&eacute;s \/ Dinamarqu&eacute;s \/ Holand&eacute;s \/<\/div>\n<div>&nbsp; Alem&aacute;n \/ Franc&eacute;s \/ Italiano \/ Noruegu&eacute;s \/<\/div>\n<div>&nbsp; Portugu&eacute;s \/ Espa&ntilde;ol \/ Sueco \/ Finland&eacute;s \/<\/div>\n<div>&nbsp; Checo \/ Polaco \/ H&uacute;ngaro \/ Chino simplificado \/<\/div>\n<div>&nbsp; Ruso \/ Turco \/ Japon&eacute;s<br \/>\t\t\t&#8211; Numeraci&oacute;n secuencial: 1 &#8211; 200 \/ A-Z \/a-z<br \/>\t\t\t&#8211; Detecci&oacute;n del tama&ntilde;o de cinta: S&iacute;<br \/>\t\t\t&#8211; Alineaci&oacute;n de texto: Centrar, Justificar,<\/div>\n<div>&nbsp; Izquierda, Derecha<br \/>\t\t\t<strong>Consumibles y accesorios<\/strong><br \/>\t\t\t&#8211; Adaptador de CA: AD-E001<br \/>\t\t\t&#8211; Anchos de cinta: 3.5, 6, 9, 12, 18, 24mm<br \/>\t\t\t<strong>Dimensiones y pesos<\/strong><br \/>\t\t\t&#8211; Dimensiones sin caja: 121 x 247 x 89 mm<br \/>\t\t\t&#8211; Peso: 830 g<br \/>\t\t\t<strong>Incluye<\/strong><br \/>\t\t\t&#8211; Cable USB: S&iacute;<br \/>\t\t\t&#8211; Gu&iacute;a de usuario: S&iacute;<br \/>\t\t\t&#8211; CD de software: S&iacute;<br \/>\t\t\t&#8211; Consumibles: Cintas Tze\/Hse<br \/>\t\t\t&#8211; Casetes de cinta: 1 cinta Laminada<\/div>\n<div>&nbsp; Negro sobre blanco 24mm x 4m<br \/>\t\t\t&#8211; Tarjeta de garant&iacute;a: S&iacute;<br \/>\t\t\t&#8211; Gu&iacute;a de configuraci&oacute;n r&aacute;pida: S&iacute;<\/div>\n<\/td>\n<\/tr>\n<tr>\n<td><strong>Fecha Revisi&oacute;n<\/strong><\/td>\n<td>01-10-2015 por MSB<\/td>\n<\/tr>\n<\/tbody>\n<\/table>\n","protected":false},"excerpt":{"rendered":"<p>Marca Brother Modelo C51CB70020 Pantalla &#8211; Pantalla LCD retroiluminada &#8211; Tama&ntilde;o: 3 l&iacute;neas x 16 carateres Conectividad &#8211; Interfaz USB: USB 2.0 (High Speed) Sistemas operativos &#8211; Macintosh: Mac OS X 10.3.9 o superior &#8211; Windows: Windows 7, Windows 8, Windows Vista Otras caracter&iacute;sticas &#8211; Ancho m&aacute;ximo de cinta (mm): 24 &#8211; N&uacute;mero m&aacute;ximo de&hellip;&nbsp;<a href=\"https:\/\/aivlisoft.net\/shop\/producto\/brother-rotuladora-electronica-pth500\/\" rel=\"bookmark\"><span class=\"screen-reader-text\">Brother Rotuladora Electronica PTH500<\/span><\/a><\/p>\n","protected":false},"featured_media":9128,"template":"","meta":{"neve_meta_sidebar":"","neve_meta_container":"","neve_meta_enable_content_width":"","neve_meta_content_width":0,"neve_meta_title_alignment":"","neve_meta_author_avatar":"","neve_post_elements_order":"","neve_meta_disable_header":"","neve_meta_disable_footer":"","neve_meta_disable_title":""},"product_brand":[],"product_cat":[15,3529],"product_tag":[3599],"class_list":{"0":"post-9127","1":"product","2":"type-product","3":"status-publish","4":"has-post-thumbnail","6":"product_cat-sin-categorizar","7":"product_cat-impresoras","8":"product_tag-pth500zx1","10":"first","11":"instock","12":"taxable","13":"shipping-taxable","14":"purchasable","15":"product-type-simple"},"yoast_head":"<!-- This site is optimized with the Yoast SEO plugin v26.0 - https:\/\/yoast.com\/wordpress\/plugins\/seo\/ -->\n<title>Brother Rotuladora Electronica PTH500 - Aivlisoft Inform\u00e1tica<\/title>\n<meta name=\"robots\" content=\"index, follow, max-snippet:-1, max-image-preview:large, max-video-preview:-1\" \/>\n<link rel=\"canonical\" href=\"https:\/\/aivlisoft.net\/shop\/producto\/brother-rotuladora-electronica-pth500\/\" \/>\n<meta property=\"og:locale\" content=\"es_ES\" \/>\n<meta property=\"og:type\" content=\"article\" \/>\n<meta property=\"og:title\" content=\"Brother Rotuladora Electronica PTH500 - Aivlisoft Inform\u00e1tica\" \/>\n<meta property=\"og:description\" content=\"Marca Brother Modelo C51CB70020 Pantalla &#8211; Pantalla LCD retroiluminada &#8211; Tama&ntilde;o: 3 l&iacute;neas x 16 carateres Conectividad &#8211; Interfaz USB: USB 2.0 (High Speed) Sistemas operativos &#8211; Macintosh: Mac OS X 10.3.9 o superior &#8211; Windows: Windows 7, Windows 8, Windows Vista Otras caracter&iacute;sticas &#8211; Ancho m&aacute;ximo de cinta (mm): 24 &#8211; N&uacute;mero m&aacute;ximo de&hellip;&nbsp;Brother Rotuladora Electronica PTH500\" \/>\n<meta property=\"og:url\" content=\"https:\/\/aivlisoft.net\/shop\/producto\/brother-rotuladora-electronica-pth500\/\" \/>\n<meta property=\"og:site_name\" content=\"Aivlisoft Inform\u00e1tica\" \/>\n<meta property=\"article:modified_time\" content=\"2025-01-15T11:13:34+00:00\" \/>\n<meta property=\"og:image\" content=\"https:\/\/aivlisoft.net\/shop\/wp-content\/uploads\/2025\/01\/FIMITE0116_large.jpg\" \/>\n\t<meta property=\"og:image:width\" content=\"400\" \/>\n\t<meta property=\"og:image:height\" content=\"400\" \/>\n\t<meta property=\"og:image:type\" content=\"image\/jpeg\" \/>\n<meta name=\"twitter:card\" content=\"summary_large_image\" \/>\n<meta name=\"twitter:label1\" content=\"Tiempo de lectura\" \/>\n\t<meta name=\"twitter:data1\" content=\"2 minutos\" \/>\n<script type=\"application\/ld+json\" class=\"yoast-schema-graph\">{\"@context\":\"https:\/\/schema.org\",\"@graph\":[{\"@type\":\"WebPage\",\"@id\":\"https:\/\/aivlisoft.net\/shop\/producto\/brother-rotuladora-electronica-pth500\/\",\"url\":\"https:\/\/aivlisoft.net\/shop\/producto\/brother-rotuladora-electronica-pth500\/\",\"name\":\"Brother Rotuladora Electronica PTH500 - Aivlisoft Inform\u00e1tica\",\"isPartOf\":{\"@id\":\"https:\/\/aivlisoft.net\/shop\/#website\"},\"primaryImageOfPage\":{\"@id\":\"https:\/\/aivlisoft.net\/shop\/producto\/brother-rotuladora-electronica-pth500\/#primaryimage\"},\"image\":{\"@id\":\"https:\/\/aivlisoft.net\/shop\/producto\/brother-rotuladora-electronica-pth500\/#primaryimage\"},\"thumbnailUrl\":\"https:\/\/aivlisoft.net\/shop\/wp-content\/uploads\/2025\/01\/FIMITE0116_large.jpg\",\"datePublished\":\"2025-01-13T13:54:17+00:00\",\"dateModified\":\"2025-01-15T11:13:34+00:00\",\"breadcrumb\":{\"@id\":\"https:\/\/aivlisoft.net\/shop\/producto\/brother-rotuladora-electronica-pth500\/#breadcrumb\"},\"inLanguage\":\"es\",\"potentialAction\":[{\"@type\":\"ReadAction\",\"target\":[\"https:\/\/aivlisoft.net\/shop\/producto\/brother-rotuladora-electronica-pth500\/\"]}]},{\"@type\":\"ImageObject\",\"inLanguage\":\"es\",\"@id\":\"https:\/\/aivlisoft.net\/shop\/producto\/brother-rotuladora-electronica-pth500\/#primaryimage\",\"url\":\"https:\/\/aivlisoft.net\/shop\/wp-content\/uploads\/2025\/01\/FIMITE0116_large.jpg\",\"contentUrl\":\"https:\/\/aivlisoft.net\/shop\/wp-content\/uploads\/2025\/01\/FIMITE0116_large.jpg\",\"width\":400,\"height\":400},{\"@type\":\"BreadcrumbList\",\"@id\":\"https:\/\/aivlisoft.net\/shop\/producto\/brother-rotuladora-electronica-pth500\/#breadcrumb\",\"itemListElement\":[{\"@type\":\"ListItem\",\"position\":1,\"name\":\"Portada\",\"item\":\"https:\/\/aivlisoft.net\/shop\/\"},{\"@type\":\"ListItem\",\"position\":2,\"name\":\"Tienda\",\"item\":\"https:\/\/aivlisoft.net\/shop\/tienda\/\"},{\"@type\":\"ListItem\",\"position\":3,\"name\":\"Brother Rotuladora Electronica PTH500\"}]},{\"@type\":\"WebSite\",\"@id\":\"https:\/\/aivlisoft.net\/shop\/#website\",\"url\":\"https:\/\/aivlisoft.net\/shop\/\",\"name\":\"Aivlisoft Inform\u00e1tica\",\"description\":\"En Aivlisoft Inform\u00e1tica ofrecemos soluciones tecnol\u00f3gicas para empresas: venta de ordenadores, consumibles, perif\u00e9ricos y m\u00e1s. Calidad, atenci\u00f3n personalizada y los mejores precios para tu negocio.\",\"publisher\":{\"@id\":\"https:\/\/aivlisoft.net\/shop\/#organization\"},\"potentialAction\":[{\"@type\":\"SearchAction\",\"target\":{\"@type\":\"EntryPoint\",\"urlTemplate\":\"https:\/\/aivlisoft.net\/shop\/?s={search_term_string}\"},\"query-input\":{\"@type\":\"PropertyValueSpecification\",\"valueRequired\":true,\"valueName\":\"search_term_string\"}}],\"inLanguage\":\"es\"},{\"@type\":\"Organization\",\"@id\":\"https:\/\/aivlisoft.net\/shop\/#organization\",\"name\":\"Aivlisoft Inform\u00e1tica\",\"url\":\"https:\/\/aivlisoft.net\/shop\/\",\"logo\":{\"@type\":\"ImageObject\",\"inLanguage\":\"es\",\"@id\":\"https:\/\/aivlisoft.net\/shop\/#\/schema\/logo\/image\/\",\"url\":\"https:\/\/aivlisoft.net\/shop\/wp-content\/uploads\/2024\/12\/removal.ai_5b848c54-0cdf-4140-95c5-c5536bb7573b-logodef.png\",\"contentUrl\":\"https:\/\/aivlisoft.net\/shop\/wp-content\/uploads\/2024\/12\/removal.ai_5b848c54-0cdf-4140-95c5-c5536bb7573b-logodef.png\",\"width\":484,\"height\":182,\"caption\":\"Aivlisoft Inform\u00e1tica\"},\"image\":{\"@id\":\"https:\/\/aivlisoft.net\/shop\/#\/schema\/logo\/image\/\"}}]}<\/script>\n<!-- \/ Yoast SEO plugin. -->","yoast_head_json":{"title":"Brother Rotuladora Electronica PTH500 - Aivlisoft Inform\u00e1tica","robots":{"index":"index","follow":"follow","max-snippet":"max-snippet:-1","max-image-preview":"max-image-preview:large","max-video-preview":"max-video-preview:-1"},"canonical":"https:\/\/aivlisoft.net\/shop\/producto\/brother-rotuladora-electronica-pth500\/","og_locale":"es_ES","og_type":"article","og_title":"Brother Rotuladora Electronica PTH500 - Aivlisoft Inform\u00e1tica","og_description":"Marca Brother Modelo C51CB70020 Pantalla &#8211; Pantalla LCD retroiluminada &#8211; Tama&ntilde;o: 3 l&iacute;neas x 16 carateres Conectividad &#8211; Interfaz USB: USB 2.0 (High Speed) Sistemas operativos &#8211; Macintosh: Mac OS X 10.3.9 o superior &#8211; Windows: Windows 7, Windows 8, Windows Vista Otras caracter&iacute;sticas &#8211; Ancho m&aacute;ximo de cinta (mm): 24 &#8211; N&uacute;mero m&aacute;ximo de&hellip;&nbsp;Brother Rotuladora Electronica PTH500","og_url":"https:\/\/aivlisoft.net\/shop\/producto\/brother-rotuladora-electronica-pth500\/","og_site_name":"Aivlisoft Inform\u00e1tica","article_modified_time":"2025-01-15T11:13:34+00:00","og_image":[{"width":400,"height":400,"url":"https:\/\/aivlisoft.net\/shop\/wp-content\/uploads\/2025\/01\/FIMITE0116_large.jpg","type":"image\/jpeg"}],"twitter_card":"summary_large_image","twitter_misc":{"Tiempo de lectura":"2 minutos"},"schema":{"@context":"https:\/\/schema.org","@graph":[{"@type":"WebPage","@id":"https:\/\/aivlisoft.net\/shop\/producto\/brother-rotuladora-electronica-pth500\/","url":"https:\/\/aivlisoft.net\/shop\/producto\/brother-rotuladora-electronica-pth500\/","name":"Brother Rotuladora Electronica PTH500 - Aivlisoft Inform\u00e1tica","isPartOf":{"@id":"https:\/\/aivlisoft.net\/shop\/#website"},"primaryImageOfPage":{"@id":"https:\/\/aivlisoft.net\/shop\/producto\/brother-rotuladora-electronica-pth500\/#primaryimage"},"image":{"@id":"https:\/\/aivlisoft.net\/shop\/producto\/brother-rotuladora-electronica-pth500\/#primaryimage"},"thumbnailUrl":"https:\/\/aivlisoft.net\/shop\/wp-content\/uploads\/2025\/01\/FIMITE0116_large.jpg","datePublished":"2025-01-13T13:54:17+00:00","dateModified":"2025-01-15T11:13:34+00:00","breadcrumb":{"@id":"https:\/\/aivlisoft.net\/shop\/producto\/brother-rotuladora-electronica-pth500\/#breadcrumb"},"inLanguage":"es","potentialAction":[{"@type":"ReadAction","target":["https:\/\/aivlisoft.net\/shop\/producto\/brother-rotuladora-electronica-pth500\/"]}]},{"@type":"ImageObject","inLanguage":"es","@id":"https:\/\/aivlisoft.net\/shop\/producto\/brother-rotuladora-electronica-pth500\/#primaryimage","url":"https:\/\/aivlisoft.net\/shop\/wp-content\/uploads\/2025\/01\/FIMITE0116_large.jpg","contentUrl":"https:\/\/aivlisoft.net\/shop\/wp-content\/uploads\/2025\/01\/FIMITE0116_large.jpg","width":400,"height":400},{"@type":"BreadcrumbList","@id":"https:\/\/aivlisoft.net\/shop\/producto\/brother-rotuladora-electronica-pth500\/#breadcrumb","itemListElement":[{"@type":"ListItem","position":1,"name":"Portada","item":"https:\/\/aivlisoft.net\/shop\/"},{"@type":"ListItem","position":2,"name":"Tienda","item":"https:\/\/aivlisoft.net\/shop\/tienda\/"},{"@type":"ListItem","position":3,"name":"Brother Rotuladora Electronica PTH500"}]},{"@type":"WebSite","@id":"https:\/\/aivlisoft.net\/shop\/#website","url":"https:\/\/aivlisoft.net\/shop\/","name":"Aivlisoft Inform\u00e1tica","description":"En Aivlisoft Inform\u00e1tica ofrecemos soluciones tecnol\u00f3gicas para empresas: venta de ordenadores, consumibles, perif\u00e9ricos y m\u00e1s. Calidad, atenci\u00f3n personalizada y los mejores precios para tu negocio.","publisher":{"@id":"https:\/\/aivlisoft.net\/shop\/#organization"},"potentialAction":[{"@type":"SearchAction","target":{"@type":"EntryPoint","urlTemplate":"https:\/\/aivlisoft.net\/shop\/?s={search_term_string}"},"query-input":{"@type":"PropertyValueSpecification","valueRequired":true,"valueName":"search_term_string"}}],"inLanguage":"es"},{"@type":"Organization","@id":"https:\/\/aivlisoft.net\/shop\/#organization","name":"Aivlisoft Inform\u00e1tica","url":"https:\/\/aivlisoft.net\/shop\/","logo":{"@type":"ImageObject","inLanguage":"es","@id":"https:\/\/aivlisoft.net\/shop\/#\/schema\/logo\/image\/","url":"https:\/\/aivlisoft.net\/shop\/wp-content\/uploads\/2024\/12\/removal.ai_5b848c54-0cdf-4140-95c5-c5536bb7573b-logodef.png","contentUrl":"https:\/\/aivlisoft.net\/shop\/wp-content\/uploads\/2024\/12\/removal.ai_5b848c54-0cdf-4140-95c5-c5536bb7573b-logodef.png","width":484,"height":182,"caption":"Aivlisoft Inform\u00e1tica"},"image":{"@id":"https:\/\/aivlisoft.net\/shop\/#\/schema\/logo\/image\/"}}]}},"_links":{"self":[{"href":"https:\/\/aivlisoft.net\/shop\/wp-json\/wp\/v2\/product\/9127","targetHints":{"allow":["GET"]}}],"collection":[{"href":"https:\/\/aivlisoft.net\/shop\/wp-json\/wp\/v2\/product"}],"about":[{"href":"https:\/\/aivlisoft.net\/shop\/wp-json\/wp\/v2\/types\/product"}],"wp:featuredmedia":[{"embeddable":true,"href":"https:\/\/aivlisoft.net\/shop\/wp-json\/wp\/v2\/media\/9128"}],"wp:attachment":[{"href":"https:\/\/aivlisoft.net\/shop\/wp-json\/wp\/v2\/media?parent=9127"}],"wp:term":[{"taxonomy":"product_brand","embeddable":true,"href":"https:\/\/aivlisoft.net\/shop\/wp-json\/wp\/v2\/product_brand?post=9127"},{"taxonomy":"product_cat","embeddable":true,"href":"https:\/\/aivlisoft.net\/shop\/wp-json\/wp\/v2\/product_cat?post=9127"},{"taxonomy":"product_tag","embeddable":true,"href":"https:\/\/aivlisoft.net\/shop\/wp-json\/wp\/v2\/product_tag?post=9127"}],"curies":[{"name":"wp","href":"https:\/\/api.w.org\/{rel}","templated":true}]}}