{"id":9123,"date":"2025-01-13T13:54:12","date_gmt":"2025-01-13T13:54:12","guid":{"rendered":"https:\/\/aivlisoft.com\/?post_type=product&#038;p=9123"},"modified":"2025-01-15T11:13:36","modified_gmt":"2025-01-15T11:13:36","slug":"brother-rotuladora-electronica-pte300vp","status":"publish","type":"product","link":"https:\/\/aivlisoft.net\/shop\/producto\/brother-rotuladora-electronica-pte300vp\/","title":{"rendered":"Brother Rotuladora Electronica PTE300VP"},"content":{"rendered":"<div style=\"text-align: justify;\">La rotuladora <strong>P-Touch E300VP<\/strong> es una herramienta indispensable para electricistas e instaladores de redes, incluyendo una bater&iacute;a Li-ion recargable y un adaptador CA. Cuenta con una gran pantalla LCD retroiluminada, un teclado QWERTY estilo PC y funciones espec&iacute;ficas para convertir la tarea de impresi&oacute;n de etiquetas industriales en algo r&aacute;pido y sencillo. Consigue una imagen m&aacute;s profesional creando etiquetas profesionales en tus instalaciones.Las teclas de funciones dedicadas para la identificaci&oacute;n de cables y otros materiales, como por ejemplo la funci&oacute;n de rotaci&oacute;n, bandera, panel frontal, numeraci&oacute;n secuencial o c&oacute;digos de barras, convierten a la PT-E300VP en una rotuladora electr&oacute;nica ideal perfecta para electricistas e instaladores.Esta rotuladora es compatible con las cintas de tubos termorretr&aacute;ctiles que hacen de la identificaci&oacute;n de cables una tarea simple y de calidad profesional.Dispone adem&aacute;s de 384 s&iacute;mbolos, incluyendo s&iacute;mbolos el&eacute;ctricos, de comunicaci&oacute;n, datos y audio\/v&iacute;deo. Tambi&eacute;n dispone de teclado num&eacute;rico dedicado, previsualizaci&oacute;n gr&aacute;fica de etiquetas y 50 memorias para guardar las etiquetas m&aacute;s utilizadas.<\/div>\n<p><\/p>\n<table class=\"tabla_caracteristicas\" width=\"100%\">\n<tbody>\n<tr>\n<td valign=\"top\" width=\"35%\"><b><small><font face=\"Tahoma,Arial, Helvetica, sans-serif\" style=\"font-size: 11px;\">Marca<\/font><\/small><\/b><\/td>\n<td valign=\"top\"><font face=\"Tahoma,Arial, Helvetica, sans-serif\" style=\"font-size: 11px;\">Brother<\/font><\/td>\n<\/tr>\n<tr>\n<td valign=\"top\" width=\"35%\"><b><font face=\"Tahoma,Arial, Helvetica, sans-serif\" style=\"font-size: 11px;\">Modelo<\/font><\/b><\/td>\n<td valign=\"top\">PTE300VPZX1<\/td>\n<\/tr>\n<tr>\n<td valign=\"top\" width=\"35%\"><b><small><font face=\"Tahoma,Arial, Helvetica, sans-serif\" style=\"font-size: 11px;\">M&eacute;todo de impresi&oacute;n<\/font><\/small><\/b><\/td>\n<td valign=\"top\"><strong><font face=\"Tahoma,Arial, Helvetica, sans-serif\" style=\"font-size: 11px;\">Trasferencia t&eacute;rmica directa monocromo<\/font><\/strong><\/td>\n<\/tr>\n<tr>\n<td valign=\"top\" width=\"35%\"><b><small><font face=\"Tahoma,Arial, Helvetica, sans-serif\" style=\"font-size: 11px;\">Caracter&iacute;sticas<\/font><\/small><\/b><\/td>\n<td valign=\"top\">\n<div><font face=\"Tahoma,Arial, Helvetica, sans-serif\" style=\"font-size: 11px;\">&#8211; Dise&ntilde;o: Port&aacute;til de mano.<\/font><br \/>\t\t\t&#8211; Tama&ntilde;o m&aacute;ximo de material: Rollo (1.8 cm)<\/div>\n<div>&#8211; Cintas compatibles: Cinta TZ2e, cinta HGe<br \/>\t\t\t<font face=\"Tahoma,Arial, Helvetica, sans-serif\" style=\"font-size: 11px;\">&#8211; L&iacute;neas de impresi&oacute;n: Hasta 5 l&iacute;neas de impresi&oacute;n.<\/font><br \/>\t\t\t&#8211; Velocidad de impresi&oacute;n: Hasta 20 mm\/s<br \/>\t\t\t&#8211; Resoluci&oacute;n m&aacute;xima (B\/N): 180 ppp<br \/>\t\t\t&#8211; Resoluci&oacute;n de pantalla: 3 l&iacute;neas x 15 caracteres \/ 128 x 56<br \/>\t\t\t&#8211; Teclado: QWERTY<br \/>\t\t\t&#8211; Bater&iacute;a: Ion de litio<\/div>\n<\/td>\n<\/tr>\n<tr>\n<td valign=\"top\"><b><small><font face=\"Tahoma,Arial, Helvetica, sans-serif\" style=\"font-size: 11px;\"><b><small><font face=\"Tahoma,Arial, Helvetica, sans-serif\" style=\"font-size: 11px;\">Accesorios incluidos<\/font><\/small><\/b><\/font><\/small><\/b><\/td>\n<td valign=\"top\">\n<div>&#8211; Rotuladora<\/div>\n<div>&#8211; Bateria con soporte recargable<\/div>\n<div>&#8211; Maleta de transporte, mu&ntilde;equera<br \/>\t\t\t&#8211; 1 cinta adhesiva super de 18 mm x 8 m<\/div>\n<\/td>\n<\/tr>\n<tr>\n<td valign=\"top\"><b><small><font face=\"Tahoma,Arial, Helvetica, sans-serif\" style=\"font-size: 11px;\">Fecha Revisi&oacute;n<\/font><\/small><\/b><\/td>\n<td valign=\"top\"><font face=\"Tahoma,Arial, Helvetica, sans-serif\" style=\"font-size: 11px;\">24-09-2014 por JES<\/font><\/td>\n<\/tr>\n<\/tbody>\n<\/table>\n","protected":false},"excerpt":{"rendered":"<p>La rotuladora P-Touch E300VP es una herramienta indispensable para electricistas e instaladores de redes, incluyendo una bater&iacute;a Li-ion recargable y un adaptador CA. Cuenta con una gran pantalla LCD retroiluminada, un teclado QWERTY estilo PC y funciones espec&iacute;ficas para convertir la tarea de impresi&oacute;n de etiquetas industriales en algo r&aacute;pido y sencillo. Consigue una imagen&hellip;&nbsp;<a href=\"https:\/\/aivlisoft.net\/shop\/producto\/brother-rotuladora-electronica-pte300vp\/\" rel=\"bookmark\"><span class=\"screen-reader-text\">Brother Rotuladora Electronica PTE300VP<\/span><\/a><\/p>\n","protected":false},"featured_media":9124,"template":"","meta":{"neve_meta_sidebar":"","neve_meta_container":"","neve_meta_enable_content_width":"","neve_meta_content_width":0,"neve_meta_title_alignment":"","neve_meta_author_avatar":"","neve_post_elements_order":"","neve_meta_disable_header":"","neve_meta_disable_footer":"","neve_meta_disable_title":""},"product_brand":[],"product_cat":[15,3529],"product_tag":[3595],"class_list":{"0":"post-9123","1":"product","2":"type-product","3":"status-publish","4":"has-post-thumbnail","6":"product_cat-sin-categorizar","7":"product_cat-impresoras","8":"product_tag-pte300vpzx1","10":"first","11":"instock","12":"taxable","13":"shipping-taxable","14":"purchasable","15":"product-type-simple"},"yoast_head":"<!-- This site is optimized with the Yoast SEO plugin v26.0 - https:\/\/yoast.com\/wordpress\/plugins\/seo\/ -->\n<title>Brother Rotuladora Electronica PTE300VP - Aivlisoft Inform\u00e1tica<\/title>\n<meta name=\"robots\" content=\"index, follow, max-snippet:-1, max-image-preview:large, max-video-preview:-1\" \/>\n<link rel=\"canonical\" href=\"https:\/\/aivlisoft.net\/shop\/producto\/brother-rotuladora-electronica-pte300vp\/\" \/>\n<meta property=\"og:locale\" content=\"es_ES\" \/>\n<meta property=\"og:type\" content=\"article\" \/>\n<meta property=\"og:title\" content=\"Brother Rotuladora Electronica PTE300VP - Aivlisoft Inform\u00e1tica\" \/>\n<meta property=\"og:description\" content=\"La rotuladora P-Touch E300VP es una herramienta indispensable para electricistas e instaladores de redes, incluyendo una bater&iacute;a Li-ion recargable y un adaptador CA. Cuenta con una gran pantalla LCD retroiluminada, un teclado QWERTY estilo PC y funciones espec&iacute;ficas para convertir la tarea de impresi&oacute;n de etiquetas industriales en algo r&aacute;pido y sencillo. Consigue una imagen&hellip;&nbsp;Brother Rotuladora Electronica PTE300VP\" \/>\n<meta property=\"og:url\" content=\"https:\/\/aivlisoft.net\/shop\/producto\/brother-rotuladora-electronica-pte300vp\/\" \/>\n<meta property=\"og:site_name\" content=\"Aivlisoft Inform\u00e1tica\" \/>\n<meta property=\"article:modified_time\" content=\"2025-01-15T11:13:36+00:00\" \/>\n<meta property=\"og:image\" content=\"https:\/\/aivlisoft.net\/shop\/wp-content\/uploads\/2025\/01\/FIMITE0090_large.jpg\" \/>\n\t<meta property=\"og:image:width\" content=\"400\" \/>\n\t<meta property=\"og:image:height\" content=\"400\" \/>\n\t<meta property=\"og:image:type\" content=\"image\/jpeg\" \/>\n<meta name=\"twitter:card\" content=\"summary_large_image\" \/>\n<meta name=\"twitter:label1\" content=\"Tiempo de lectura\" \/>\n\t<meta name=\"twitter:data1\" content=\"2 minutos\" \/>\n<script type=\"application\/ld+json\" class=\"yoast-schema-graph\">{\"@context\":\"https:\/\/schema.org\",\"@graph\":[{\"@type\":\"WebPage\",\"@id\":\"https:\/\/aivlisoft.net\/shop\/producto\/brother-rotuladora-electronica-pte300vp\/\",\"url\":\"https:\/\/aivlisoft.net\/shop\/producto\/brother-rotuladora-electronica-pte300vp\/\",\"name\":\"Brother Rotuladora Electronica PTE300VP - Aivlisoft Inform\u00e1tica\",\"isPartOf\":{\"@id\":\"https:\/\/aivlisoft.net\/shop\/#website\"},\"primaryImageOfPage\":{\"@id\":\"https:\/\/aivlisoft.net\/shop\/producto\/brother-rotuladora-electronica-pte300vp\/#primaryimage\"},\"image\":{\"@id\":\"https:\/\/aivlisoft.net\/shop\/producto\/brother-rotuladora-electronica-pte300vp\/#primaryimage\"},\"thumbnailUrl\":\"https:\/\/aivlisoft.net\/shop\/wp-content\/uploads\/2025\/01\/FIMITE0090_large.jpg\",\"datePublished\":\"2025-01-13T13:54:12+00:00\",\"dateModified\":\"2025-01-15T11:13:36+00:00\",\"breadcrumb\":{\"@id\":\"https:\/\/aivlisoft.net\/shop\/producto\/brother-rotuladora-electronica-pte300vp\/#breadcrumb\"},\"inLanguage\":\"es\",\"potentialAction\":[{\"@type\":\"ReadAction\",\"target\":[\"https:\/\/aivlisoft.net\/shop\/producto\/brother-rotuladora-electronica-pte300vp\/\"]}]},{\"@type\":\"ImageObject\",\"inLanguage\":\"es\",\"@id\":\"https:\/\/aivlisoft.net\/shop\/producto\/brother-rotuladora-electronica-pte300vp\/#primaryimage\",\"url\":\"https:\/\/aivlisoft.net\/shop\/wp-content\/uploads\/2025\/01\/FIMITE0090_large.jpg\",\"contentUrl\":\"https:\/\/aivlisoft.net\/shop\/wp-content\/uploads\/2025\/01\/FIMITE0090_large.jpg\",\"width\":400,\"height\":400},{\"@type\":\"BreadcrumbList\",\"@id\":\"https:\/\/aivlisoft.net\/shop\/producto\/brother-rotuladora-electronica-pte300vp\/#breadcrumb\",\"itemListElement\":[{\"@type\":\"ListItem\",\"position\":1,\"name\":\"Portada\",\"item\":\"https:\/\/aivlisoft.net\/shop\/\"},{\"@type\":\"ListItem\",\"position\":2,\"name\":\"Tienda\",\"item\":\"https:\/\/aivlisoft.net\/shop\/tienda\/\"},{\"@type\":\"ListItem\",\"position\":3,\"name\":\"Brother Rotuladora Electronica PTE300VP\"}]},{\"@type\":\"WebSite\",\"@id\":\"https:\/\/aivlisoft.net\/shop\/#website\",\"url\":\"https:\/\/aivlisoft.net\/shop\/\",\"name\":\"Aivlisoft Inform\u00e1tica\",\"description\":\"En Aivlisoft Inform\u00e1tica ofrecemos soluciones tecnol\u00f3gicas para empresas: venta de ordenadores, consumibles, perif\u00e9ricos y m\u00e1s. Calidad, atenci\u00f3n personalizada y los mejores precios para tu negocio.\",\"publisher\":{\"@id\":\"https:\/\/aivlisoft.net\/shop\/#organization\"},\"potentialAction\":[{\"@type\":\"SearchAction\",\"target\":{\"@type\":\"EntryPoint\",\"urlTemplate\":\"https:\/\/aivlisoft.net\/shop\/?s={search_term_string}\"},\"query-input\":{\"@type\":\"PropertyValueSpecification\",\"valueRequired\":true,\"valueName\":\"search_term_string\"}}],\"inLanguage\":\"es\"},{\"@type\":\"Organization\",\"@id\":\"https:\/\/aivlisoft.net\/shop\/#organization\",\"name\":\"Aivlisoft Inform\u00e1tica\",\"url\":\"https:\/\/aivlisoft.net\/shop\/\",\"logo\":{\"@type\":\"ImageObject\",\"inLanguage\":\"es\",\"@id\":\"https:\/\/aivlisoft.net\/shop\/#\/schema\/logo\/image\/\",\"url\":\"https:\/\/aivlisoft.net\/shop\/wp-content\/uploads\/2024\/12\/removal.ai_5b848c54-0cdf-4140-95c5-c5536bb7573b-logodef.png\",\"contentUrl\":\"https:\/\/aivlisoft.net\/shop\/wp-content\/uploads\/2024\/12\/removal.ai_5b848c54-0cdf-4140-95c5-c5536bb7573b-logodef.png\",\"width\":484,\"height\":182,\"caption\":\"Aivlisoft Inform\u00e1tica\"},\"image\":{\"@id\":\"https:\/\/aivlisoft.net\/shop\/#\/schema\/logo\/image\/\"}}]}<\/script>\n<!-- \/ Yoast SEO plugin. -->","yoast_head_json":{"title":"Brother Rotuladora Electronica PTE300VP - Aivlisoft Inform\u00e1tica","robots":{"index":"index","follow":"follow","max-snippet":"max-snippet:-1","max-image-preview":"max-image-preview:large","max-video-preview":"max-video-preview:-1"},"canonical":"https:\/\/aivlisoft.net\/shop\/producto\/brother-rotuladora-electronica-pte300vp\/","og_locale":"es_ES","og_type":"article","og_title":"Brother Rotuladora Electronica PTE300VP - Aivlisoft Inform\u00e1tica","og_description":"La rotuladora P-Touch E300VP es una herramienta indispensable para electricistas e instaladores de redes, incluyendo una bater&iacute;a Li-ion recargable y un adaptador CA. Cuenta con una gran pantalla LCD retroiluminada, un teclado QWERTY estilo PC y funciones espec&iacute;ficas para convertir la tarea de impresi&oacute;n de etiquetas industriales en algo r&aacute;pido y sencillo. Consigue una imagen&hellip;&nbsp;Brother Rotuladora Electronica PTE300VP","og_url":"https:\/\/aivlisoft.net\/shop\/producto\/brother-rotuladora-electronica-pte300vp\/","og_site_name":"Aivlisoft Inform\u00e1tica","article_modified_time":"2025-01-15T11:13:36+00:00","og_image":[{"width":400,"height":400,"url":"https:\/\/aivlisoft.net\/shop\/wp-content\/uploads\/2025\/01\/FIMITE0090_large.jpg","type":"image\/jpeg"}],"twitter_card":"summary_large_image","twitter_misc":{"Tiempo de lectura":"2 minutos"},"schema":{"@context":"https:\/\/schema.org","@graph":[{"@type":"WebPage","@id":"https:\/\/aivlisoft.net\/shop\/producto\/brother-rotuladora-electronica-pte300vp\/","url":"https:\/\/aivlisoft.net\/shop\/producto\/brother-rotuladora-electronica-pte300vp\/","name":"Brother Rotuladora Electronica PTE300VP - Aivlisoft Inform\u00e1tica","isPartOf":{"@id":"https:\/\/aivlisoft.net\/shop\/#website"},"primaryImageOfPage":{"@id":"https:\/\/aivlisoft.net\/shop\/producto\/brother-rotuladora-electronica-pte300vp\/#primaryimage"},"image":{"@id":"https:\/\/aivlisoft.net\/shop\/producto\/brother-rotuladora-electronica-pte300vp\/#primaryimage"},"thumbnailUrl":"https:\/\/aivlisoft.net\/shop\/wp-content\/uploads\/2025\/01\/FIMITE0090_large.jpg","datePublished":"2025-01-13T13:54:12+00:00","dateModified":"2025-01-15T11:13:36+00:00","breadcrumb":{"@id":"https:\/\/aivlisoft.net\/shop\/producto\/brother-rotuladora-electronica-pte300vp\/#breadcrumb"},"inLanguage":"es","potentialAction":[{"@type":"ReadAction","target":["https:\/\/aivlisoft.net\/shop\/producto\/brother-rotuladora-electronica-pte300vp\/"]}]},{"@type":"ImageObject","inLanguage":"es","@id":"https:\/\/aivlisoft.net\/shop\/producto\/brother-rotuladora-electronica-pte300vp\/#primaryimage","url":"https:\/\/aivlisoft.net\/shop\/wp-content\/uploads\/2025\/01\/FIMITE0090_large.jpg","contentUrl":"https:\/\/aivlisoft.net\/shop\/wp-content\/uploads\/2025\/01\/FIMITE0090_large.jpg","width":400,"height":400},{"@type":"BreadcrumbList","@id":"https:\/\/aivlisoft.net\/shop\/producto\/brother-rotuladora-electronica-pte300vp\/#breadcrumb","itemListElement":[{"@type":"ListItem","position":1,"name":"Portada","item":"https:\/\/aivlisoft.net\/shop\/"},{"@type":"ListItem","position":2,"name":"Tienda","item":"https:\/\/aivlisoft.net\/shop\/tienda\/"},{"@type":"ListItem","position":3,"name":"Brother Rotuladora Electronica PTE300VP"}]},{"@type":"WebSite","@id":"https:\/\/aivlisoft.net\/shop\/#website","url":"https:\/\/aivlisoft.net\/shop\/","name":"Aivlisoft Inform\u00e1tica","description":"En Aivlisoft Inform\u00e1tica ofrecemos soluciones tecnol\u00f3gicas para empresas: venta de ordenadores, consumibles, perif\u00e9ricos y m\u00e1s. Calidad, atenci\u00f3n personalizada y los mejores precios para tu negocio.","publisher":{"@id":"https:\/\/aivlisoft.net\/shop\/#organization"},"potentialAction":[{"@type":"SearchAction","target":{"@type":"EntryPoint","urlTemplate":"https:\/\/aivlisoft.net\/shop\/?s={search_term_string}"},"query-input":{"@type":"PropertyValueSpecification","valueRequired":true,"valueName":"search_term_string"}}],"inLanguage":"es"},{"@type":"Organization","@id":"https:\/\/aivlisoft.net\/shop\/#organization","name":"Aivlisoft Inform\u00e1tica","url":"https:\/\/aivlisoft.net\/shop\/","logo":{"@type":"ImageObject","inLanguage":"es","@id":"https:\/\/aivlisoft.net\/shop\/#\/schema\/logo\/image\/","url":"https:\/\/aivlisoft.net\/shop\/wp-content\/uploads\/2024\/12\/removal.ai_5b848c54-0cdf-4140-95c5-c5536bb7573b-logodef.png","contentUrl":"https:\/\/aivlisoft.net\/shop\/wp-content\/uploads\/2024\/12\/removal.ai_5b848c54-0cdf-4140-95c5-c5536bb7573b-logodef.png","width":484,"height":182,"caption":"Aivlisoft Inform\u00e1tica"},"image":{"@id":"https:\/\/aivlisoft.net\/shop\/#\/schema\/logo\/image\/"}}]}},"_links":{"self":[{"href":"https:\/\/aivlisoft.net\/shop\/wp-json\/wp\/v2\/product\/9123","targetHints":{"allow":["GET"]}}],"collection":[{"href":"https:\/\/aivlisoft.net\/shop\/wp-json\/wp\/v2\/product"}],"about":[{"href":"https:\/\/aivlisoft.net\/shop\/wp-json\/wp\/v2\/types\/product"}],"wp:featuredmedia":[{"embeddable":true,"href":"https:\/\/aivlisoft.net\/shop\/wp-json\/wp\/v2\/media\/9124"}],"wp:attachment":[{"href":"https:\/\/aivlisoft.net\/shop\/wp-json\/wp\/v2\/media?parent=9123"}],"wp:term":[{"taxonomy":"product_brand","embeddable":true,"href":"https:\/\/aivlisoft.net\/shop\/wp-json\/wp\/v2\/product_brand?post=9123"},{"taxonomy":"product_cat","embeddable":true,"href":"https:\/\/aivlisoft.net\/shop\/wp-json\/wp\/v2\/product_cat?post=9123"},{"taxonomy":"product_tag","embeddable":true,"href":"https:\/\/aivlisoft.net\/shop\/wp-json\/wp\/v2\/product_tag?post=9123"}],"curies":[{"name":"wp","href":"https:\/\/api.w.org\/{rel}","templated":true}]}}