{"id":9112,"date":"2025-01-13T13:54:08","date_gmt":"2025-01-13T13:54:08","guid":{"rendered":"https:\/\/aivlisoft.com\/?post_type=product&#038;p=9112"},"modified":"2025-01-14T10:44:44","modified_gmt":"2025-01-14T10:44:44","slug":"epson-impresora-tickets-tm-u220bu-usb-corte-negra","status":"publish","type":"product","link":"https:\/\/aivlisoft.net\/shop\/producto\/epson-impresora-tickets-tm-u220bu-usb-corte-negra\/","title":{"rendered":"Epson Impresora Tickets TM-U220BU Usb Corte  Negra"},"content":{"rendered":"<p><\/p>\n<table class=\"Tabla_Caracteristicas k-table\" width=\"100%\">\n<tbody>\n<tr>\n<td valign=\"top\"><strong>Marca<\/strong><\/td>\n<td>Epson<\/td>\n<\/tr>\n<tr>\n<td valign=\"top\"><strong>Modelo<\/strong><\/td>\n<td><strong>C31C514057A0<\/strong><\/td>\n<\/tr>\n<tr>\n<td valign=\"top\"><strong>Caracteristicas<\/strong><\/td>\n<td><strong>Tipo de impresi&oacute;n<\/strong><br \/>&#8211; M&eacute;todo de impresi&oacute;n: Impresora matricial de impacto en serie de 9 agujas<br \/>&#8211; Tecnolog&iacute;a: Impresora matricial de impacto en serie<br \/><strong>Fuentes y estilos<\/strong><br \/>&#8211; Velocidad de impresi&oacute;n: 4,70 lps (40 columnas, 16,00 cpp)<br \/>&#8211; Capacidad de la columna recibo: Ancho de papel 76 mm, 33 \/ 40<br \/>&#8211; Tama&ntilde;o de letra: 1,2 mm (ancho) x 3,1 mm (alto) \/ 1,6 mm (ancho) x 3,1 mm (alto)<br \/>&#8211; Registro de caracteres: 95 alfanum&eacute;rico, 48 internacional, 128 &times; 12 gr&aacute;fico<br \/>&#8211; Caracteres por pulgada: 13,3 cpp \/ 16 cpp<br \/>&#8211; Impresi&oacute;n color: Dos colores<br \/><strong>Papel<\/strong><br \/>&#8211; Tipos papel: recibo<br \/>&#8211; Capacidad de copia recibo: uno copias m&aacute;s un original<br \/>&#8211; Formato de papel, rollo de papel: 76,00 &plusmn; 0,50 (ancho) mm x di&aacute;m. 83,00 mm,<br \/>&nbsp; 69,50 &plusmn; 0,50 (ancho) mm x di&aacute;m. 83,00 mm,<br \/>&nbsp; 57,50 &plusmn; 0,50 (ancho) mm x di&aacute;m. 83,00 mm<br \/><strong>Interfaces<\/strong><br \/>&#8211; USB 1.1 tipo B, Apertura de caj&oacute;n<br \/><strong>Encendido<\/strong><br \/>&#8211; Fuente de alimentaci&oacute;n: Adaptador de CA, C (cable no incluido)<br \/>&#8211; Tensi&oacute;n de servicio: 24 V<br \/><strong>General<\/strong><br \/>&#8211; Dimensiones: 160&lrm; x 248 x 139 mm (ancho x profundidad x altura)<br \/>&#8211; Peso: 2,5 kg<br \/>&#8211; Color: Epson Dark Grey<br \/>&#8211; Instalaci&oacute;n: Horizontal, Vertical con soporte para pared<br \/>&#8211; Conectores interfaz: D.K.D. function (2 drivers)<br \/>&#8211; Nivel de ruido: Operaci&oacute;n: 64 dB (A)<br \/>&#8211; Humedad del aire: Operaci&oacute;n 10% &#8211; 90%, almacenamiento 10% &#8211; 90%<br \/>&#8211; Temperatura: almacenamiento -10&deg;C &#8211; 50&deg;C<br \/><strong>Fiabilidad<\/strong><br \/>&#8211; 18.000.000 MCBF (l&iacute;neas), 180.000 MTBF (horas)<br \/>&#8211; Duraci&oacute;n &uacute;til autocortador: 800.000 Cortes<br \/>&#8211; Duraci&oacute;n &uacute;til impresora: 7.500.000 l&iacute;neas<br \/><strong>Est&aacute;ndares<\/strong><br \/>&#8211; Est&aacute;ndares EMC: Distintivo CE<br \/>&#8211; Est&aacute;ndares de seguridad: T&Uuml;V<br \/><strong>Otras funciones<\/strong><br \/>&#8211; Interfaz intercambiable: S&iacute;<br \/>&#8211; Unidad de corte: Corte parcial<br \/>&#8211; Sensores: Sensor de tapa de rollo de papel abierta, Sensor de fin de papel, Sensor de fin de papel pr&oacute;ximo<br \/><strong>Incluye<\/strong><br \/>&#8211; Adaptador de CA, C, Equipo, Cinta entintada, Rollo de papel, Manual de usuario<\/td>\n<\/tr>\n<tr>\n<td valign=\"top\"><strong>Fecha Revisi&oacute;n<\/strong><\/td>\n<td>28-11-2018 por MSB<\/td>\n<\/tr>\n<\/tbody>\n<\/table>\n","protected":false},"excerpt":{"rendered":"<p>Marca Epson Modelo C31C514057A0 Caracteristicas Tipo de impresi&oacute;n&#8211; M&eacute;todo de impresi&oacute;n: Impresora matricial de impacto en serie de 9 agujas&#8211; Tecnolog&iacute;a: Impresora matricial de impacto en serieFuentes y estilos&#8211; Velocidad de impresi&oacute;n: 4,70 lps (40 columnas, 16,00 cpp)&#8211; Capacidad de la columna recibo: Ancho de papel 76 mm, 33 \/ 40&#8211; Tama&ntilde;o de letra: 1,2&hellip;&nbsp;<a href=\"https:\/\/aivlisoft.net\/shop\/producto\/epson-impresora-tickets-tm-u220bu-usb-corte-negra\/\" rel=\"bookmark\"><span class=\"screen-reader-text\">Epson Impresora Tickets TM-U220BU Usb Corte  Negra<\/span><\/a><\/p>\n","protected":false},"featured_media":9113,"template":"","meta":{"neve_meta_sidebar":"","neve_meta_container":"","neve_meta_enable_content_width":"","neve_meta_content_width":0,"neve_meta_title_alignment":"","neve_meta_author_avatar":"","neve_post_elements_order":"","neve_meta_disable_header":"","neve_meta_disable_footer":"","neve_meta_disable_title":""},"product_brand":[],"product_cat":[8717],"product_tag":[3592],"class_list":{"0":"post-9112","1":"product","2":"type-product","3":"status-publish","4":"has-post-thumbnail","6":"product_cat-impresoras-matriciales","7":"product_tag-c31c514057a0","9":"first","10":"instock","11":"taxable","12":"shipping-taxable","13":"purchasable","14":"product-type-simple"},"yoast_head":"<!-- This site is optimized with the Yoast SEO plugin v26.0 - https:\/\/yoast.com\/wordpress\/plugins\/seo\/ -->\n<title>Epson Impresora Tickets TM-U220BU Usb Corte Negra - Aivlisoft Inform\u00e1tica<\/title>\n<meta name=\"robots\" content=\"index, follow, max-snippet:-1, max-image-preview:large, max-video-preview:-1\" \/>\n<link rel=\"canonical\" href=\"https:\/\/aivlisoft.net\/shop\/producto\/epson-impresora-tickets-tm-u220bu-usb-corte-negra\/\" \/>\n<meta property=\"og:locale\" content=\"es_ES\" \/>\n<meta property=\"og:type\" content=\"article\" \/>\n<meta property=\"og:title\" content=\"Epson Impresora Tickets TM-U220BU Usb Corte Negra - Aivlisoft Inform\u00e1tica\" \/>\n<meta property=\"og:description\" content=\"Marca Epson Modelo C31C514057A0 Caracteristicas Tipo de impresi&oacute;n&#8211; M&eacute;todo de impresi&oacute;n: Impresora matricial de impacto en serie de 9 agujas&#8211; Tecnolog&iacute;a: Impresora matricial de impacto en serieFuentes y estilos&#8211; Velocidad de impresi&oacute;n: 4,70 lps (40 columnas, 16,00 cpp)&#8211; Capacidad de la columna recibo: Ancho de papel 76 mm, 33 \/ 40&#8211; Tama&ntilde;o de letra: 1,2&hellip;&nbsp;Epson Impresora Tickets TM-U220BU Usb Corte Negra\" \/>\n<meta property=\"og:url\" content=\"https:\/\/aivlisoft.net\/shop\/producto\/epson-impresora-tickets-tm-u220bu-usb-corte-negra\/\" \/>\n<meta property=\"og:site_name\" content=\"Aivlisoft Inform\u00e1tica\" \/>\n<meta property=\"article:modified_time\" content=\"2025-01-14T10:44:44+00:00\" \/>\n<meta property=\"og:image\" content=\"https:\/\/aivlisoft.net\/shop\/wp-content\/uploads\/2025\/01\/FIMIMA0049_800.jpg\" \/>\n\t<meta property=\"og:image:width\" content=\"800\" \/>\n\t<meta property=\"og:image:height\" content=\"800\" \/>\n\t<meta property=\"og:image:type\" content=\"image\/jpeg\" \/>\n<meta name=\"twitter:card\" content=\"summary_large_image\" \/>\n<meta name=\"twitter:label1\" content=\"Tiempo de lectura\" \/>\n\t<meta name=\"twitter:data1\" content=\"2 minutos\" \/>\n<script type=\"application\/ld+json\" class=\"yoast-schema-graph\">{\"@context\":\"https:\/\/schema.org\",\"@graph\":[{\"@type\":\"WebPage\",\"@id\":\"https:\/\/aivlisoft.net\/shop\/producto\/epson-impresora-tickets-tm-u220bu-usb-corte-negra\/\",\"url\":\"https:\/\/aivlisoft.net\/shop\/producto\/epson-impresora-tickets-tm-u220bu-usb-corte-negra\/\",\"name\":\"Epson Impresora Tickets TM-U220BU Usb Corte Negra - Aivlisoft Inform\u00e1tica\",\"isPartOf\":{\"@id\":\"https:\/\/aivlisoft.net\/shop\/#website\"},\"primaryImageOfPage\":{\"@id\":\"https:\/\/aivlisoft.net\/shop\/producto\/epson-impresora-tickets-tm-u220bu-usb-corte-negra\/#primaryimage\"},\"image\":{\"@id\":\"https:\/\/aivlisoft.net\/shop\/producto\/epson-impresora-tickets-tm-u220bu-usb-corte-negra\/#primaryimage\"},\"thumbnailUrl\":\"https:\/\/aivlisoft.net\/shop\/wp-content\/uploads\/2025\/01\/FIMIMA0049_800.jpg\",\"datePublished\":\"2025-01-13T13:54:08+00:00\",\"dateModified\":\"2025-01-14T10:44:44+00:00\",\"breadcrumb\":{\"@id\":\"https:\/\/aivlisoft.net\/shop\/producto\/epson-impresora-tickets-tm-u220bu-usb-corte-negra\/#breadcrumb\"},\"inLanguage\":\"es\",\"potentialAction\":[{\"@type\":\"ReadAction\",\"target\":[\"https:\/\/aivlisoft.net\/shop\/producto\/epson-impresora-tickets-tm-u220bu-usb-corte-negra\/\"]}]},{\"@type\":\"ImageObject\",\"inLanguage\":\"es\",\"@id\":\"https:\/\/aivlisoft.net\/shop\/producto\/epson-impresora-tickets-tm-u220bu-usb-corte-negra\/#primaryimage\",\"url\":\"https:\/\/aivlisoft.net\/shop\/wp-content\/uploads\/2025\/01\/FIMIMA0049_800.jpg\",\"contentUrl\":\"https:\/\/aivlisoft.net\/shop\/wp-content\/uploads\/2025\/01\/FIMIMA0049_800.jpg\",\"width\":800,\"height\":800},{\"@type\":\"BreadcrumbList\",\"@id\":\"https:\/\/aivlisoft.net\/shop\/producto\/epson-impresora-tickets-tm-u220bu-usb-corte-negra\/#breadcrumb\",\"itemListElement\":[{\"@type\":\"ListItem\",\"position\":1,\"name\":\"Portada\",\"item\":\"https:\/\/aivlisoft.net\/shop\/\"},{\"@type\":\"ListItem\",\"position\":2,\"name\":\"Tienda\",\"item\":\"https:\/\/aivlisoft.net\/shop\/tienda\/\"},{\"@type\":\"ListItem\",\"position\":3,\"name\":\"Epson Impresora Tickets TM-U220BU Usb Corte Negra\"}]},{\"@type\":\"WebSite\",\"@id\":\"https:\/\/aivlisoft.net\/shop\/#website\",\"url\":\"https:\/\/aivlisoft.net\/shop\/\",\"name\":\"Aivlisoft Inform\u00e1tica\",\"description\":\"En Aivlisoft Inform\u00e1tica ofrecemos soluciones tecnol\u00f3gicas para empresas: venta de ordenadores, consumibles, perif\u00e9ricos y m\u00e1s. Calidad, atenci\u00f3n personalizada y los mejores precios para tu negocio.\",\"publisher\":{\"@id\":\"https:\/\/aivlisoft.net\/shop\/#organization\"},\"potentialAction\":[{\"@type\":\"SearchAction\",\"target\":{\"@type\":\"EntryPoint\",\"urlTemplate\":\"https:\/\/aivlisoft.net\/shop\/?s={search_term_string}\"},\"query-input\":{\"@type\":\"PropertyValueSpecification\",\"valueRequired\":true,\"valueName\":\"search_term_string\"}}],\"inLanguage\":\"es\"},{\"@type\":\"Organization\",\"@id\":\"https:\/\/aivlisoft.net\/shop\/#organization\",\"name\":\"Aivlisoft Inform\u00e1tica\",\"url\":\"https:\/\/aivlisoft.net\/shop\/\",\"logo\":{\"@type\":\"ImageObject\",\"inLanguage\":\"es\",\"@id\":\"https:\/\/aivlisoft.net\/shop\/#\/schema\/logo\/image\/\",\"url\":\"https:\/\/aivlisoft.net\/shop\/wp-content\/uploads\/2024\/12\/removal.ai_5b848c54-0cdf-4140-95c5-c5536bb7573b-logodef.png\",\"contentUrl\":\"https:\/\/aivlisoft.net\/shop\/wp-content\/uploads\/2024\/12\/removal.ai_5b848c54-0cdf-4140-95c5-c5536bb7573b-logodef.png\",\"width\":484,\"height\":182,\"caption\":\"Aivlisoft Inform\u00e1tica\"},\"image\":{\"@id\":\"https:\/\/aivlisoft.net\/shop\/#\/schema\/logo\/image\/\"}}]}<\/script>\n<!-- \/ Yoast SEO plugin. -->","yoast_head_json":{"title":"Epson Impresora Tickets TM-U220BU Usb Corte Negra - Aivlisoft Inform\u00e1tica","robots":{"index":"index","follow":"follow","max-snippet":"max-snippet:-1","max-image-preview":"max-image-preview:large","max-video-preview":"max-video-preview:-1"},"canonical":"https:\/\/aivlisoft.net\/shop\/producto\/epson-impresora-tickets-tm-u220bu-usb-corte-negra\/","og_locale":"es_ES","og_type":"article","og_title":"Epson Impresora Tickets TM-U220BU Usb Corte Negra - Aivlisoft Inform\u00e1tica","og_description":"Marca Epson Modelo C31C514057A0 Caracteristicas Tipo de impresi&oacute;n&#8211; M&eacute;todo de impresi&oacute;n: Impresora matricial de impacto en serie de 9 agujas&#8211; Tecnolog&iacute;a: Impresora matricial de impacto en serieFuentes y estilos&#8211; Velocidad de impresi&oacute;n: 4,70 lps (40 columnas, 16,00 cpp)&#8211; Capacidad de la columna recibo: Ancho de papel 76 mm, 33 \/ 40&#8211; Tama&ntilde;o de letra: 1,2&hellip;&nbsp;Epson Impresora Tickets TM-U220BU Usb Corte Negra","og_url":"https:\/\/aivlisoft.net\/shop\/producto\/epson-impresora-tickets-tm-u220bu-usb-corte-negra\/","og_site_name":"Aivlisoft Inform\u00e1tica","article_modified_time":"2025-01-14T10:44:44+00:00","og_image":[{"width":800,"height":800,"url":"https:\/\/aivlisoft.net\/shop\/wp-content\/uploads\/2025\/01\/FIMIMA0049_800.jpg","type":"image\/jpeg"}],"twitter_card":"summary_large_image","twitter_misc":{"Tiempo de lectura":"2 minutos"},"schema":{"@context":"https:\/\/schema.org","@graph":[{"@type":"WebPage","@id":"https:\/\/aivlisoft.net\/shop\/producto\/epson-impresora-tickets-tm-u220bu-usb-corte-negra\/","url":"https:\/\/aivlisoft.net\/shop\/producto\/epson-impresora-tickets-tm-u220bu-usb-corte-negra\/","name":"Epson Impresora Tickets TM-U220BU Usb Corte Negra - Aivlisoft Inform\u00e1tica","isPartOf":{"@id":"https:\/\/aivlisoft.net\/shop\/#website"},"primaryImageOfPage":{"@id":"https:\/\/aivlisoft.net\/shop\/producto\/epson-impresora-tickets-tm-u220bu-usb-corte-negra\/#primaryimage"},"image":{"@id":"https:\/\/aivlisoft.net\/shop\/producto\/epson-impresora-tickets-tm-u220bu-usb-corte-negra\/#primaryimage"},"thumbnailUrl":"https:\/\/aivlisoft.net\/shop\/wp-content\/uploads\/2025\/01\/FIMIMA0049_800.jpg","datePublished":"2025-01-13T13:54:08+00:00","dateModified":"2025-01-14T10:44:44+00:00","breadcrumb":{"@id":"https:\/\/aivlisoft.net\/shop\/producto\/epson-impresora-tickets-tm-u220bu-usb-corte-negra\/#breadcrumb"},"inLanguage":"es","potentialAction":[{"@type":"ReadAction","target":["https:\/\/aivlisoft.net\/shop\/producto\/epson-impresora-tickets-tm-u220bu-usb-corte-negra\/"]}]},{"@type":"ImageObject","inLanguage":"es","@id":"https:\/\/aivlisoft.net\/shop\/producto\/epson-impresora-tickets-tm-u220bu-usb-corte-negra\/#primaryimage","url":"https:\/\/aivlisoft.net\/shop\/wp-content\/uploads\/2025\/01\/FIMIMA0049_800.jpg","contentUrl":"https:\/\/aivlisoft.net\/shop\/wp-content\/uploads\/2025\/01\/FIMIMA0049_800.jpg","width":800,"height":800},{"@type":"BreadcrumbList","@id":"https:\/\/aivlisoft.net\/shop\/producto\/epson-impresora-tickets-tm-u220bu-usb-corte-negra\/#breadcrumb","itemListElement":[{"@type":"ListItem","position":1,"name":"Portada","item":"https:\/\/aivlisoft.net\/shop\/"},{"@type":"ListItem","position":2,"name":"Tienda","item":"https:\/\/aivlisoft.net\/shop\/tienda\/"},{"@type":"ListItem","position":3,"name":"Epson Impresora Tickets TM-U220BU Usb Corte Negra"}]},{"@type":"WebSite","@id":"https:\/\/aivlisoft.net\/shop\/#website","url":"https:\/\/aivlisoft.net\/shop\/","name":"Aivlisoft Inform\u00e1tica","description":"En Aivlisoft Inform\u00e1tica ofrecemos soluciones tecnol\u00f3gicas para empresas: venta de ordenadores, consumibles, perif\u00e9ricos y m\u00e1s. Calidad, atenci\u00f3n personalizada y los mejores precios para tu negocio.","publisher":{"@id":"https:\/\/aivlisoft.net\/shop\/#organization"},"potentialAction":[{"@type":"SearchAction","target":{"@type":"EntryPoint","urlTemplate":"https:\/\/aivlisoft.net\/shop\/?s={search_term_string}"},"query-input":{"@type":"PropertyValueSpecification","valueRequired":true,"valueName":"search_term_string"}}],"inLanguage":"es"},{"@type":"Organization","@id":"https:\/\/aivlisoft.net\/shop\/#organization","name":"Aivlisoft Inform\u00e1tica","url":"https:\/\/aivlisoft.net\/shop\/","logo":{"@type":"ImageObject","inLanguage":"es","@id":"https:\/\/aivlisoft.net\/shop\/#\/schema\/logo\/image\/","url":"https:\/\/aivlisoft.net\/shop\/wp-content\/uploads\/2024\/12\/removal.ai_5b848c54-0cdf-4140-95c5-c5536bb7573b-logodef.png","contentUrl":"https:\/\/aivlisoft.net\/shop\/wp-content\/uploads\/2024\/12\/removal.ai_5b848c54-0cdf-4140-95c5-c5536bb7573b-logodef.png","width":484,"height":182,"caption":"Aivlisoft Inform\u00e1tica"},"image":{"@id":"https:\/\/aivlisoft.net\/shop\/#\/schema\/logo\/image\/"}}]}},"_links":{"self":[{"href":"https:\/\/aivlisoft.net\/shop\/wp-json\/wp\/v2\/product\/9112","targetHints":{"allow":["GET"]}}],"collection":[{"href":"https:\/\/aivlisoft.net\/shop\/wp-json\/wp\/v2\/product"}],"about":[{"href":"https:\/\/aivlisoft.net\/shop\/wp-json\/wp\/v2\/types\/product"}],"wp:featuredmedia":[{"embeddable":true,"href":"https:\/\/aivlisoft.net\/shop\/wp-json\/wp\/v2\/media\/9113"}],"wp:attachment":[{"href":"https:\/\/aivlisoft.net\/shop\/wp-json\/wp\/v2\/media?parent=9112"}],"wp:term":[{"taxonomy":"product_brand","embeddable":true,"href":"https:\/\/aivlisoft.net\/shop\/wp-json\/wp\/v2\/product_brand?post=9112"},{"taxonomy":"product_cat","embeddable":true,"href":"https:\/\/aivlisoft.net\/shop\/wp-json\/wp\/v2\/product_cat?post=9112"},{"taxonomy":"product_tag","embeddable":true,"href":"https:\/\/aivlisoft.net\/shop\/wp-json\/wp\/v2\/product_tag?post=9112"}],"curies":[{"name":"wp","href":"https:\/\/api.w.org\/{rel}","templated":true}]}}