{"id":9108,"date":"2025-01-13T13:54:06","date_gmt":"2025-01-13T13:54:06","guid":{"rendered":"https:\/\/aivlisoft.com\/?post_type=product&#038;p=9108"},"modified":"2025-01-14T10:44:43","modified_gmt":"2025-01-14T10:44:43","slug":"epson-impresora-matricial-lq-350","status":"publish","type":"product","link":"https:\/\/aivlisoft.net\/shop\/producto\/epson-impresora-matricial-lq-350\/","title":{"rendered":"Epson Impresora Matricial LQ-350"},"content":{"rendered":"<div>\tEl modelo Epson LQ-350 de gran fiabilidad tiene un tiempo entre fallos de 10.000 horas de funcionamiento y es id&oacute;neo para aplicaciones internas y de cara al p&uacute;blico que necesitan papel continuo o documentos de varias hojas.<\/p>\n<p>\tLa LQ-350 es una impresora muy econ&oacute;mica que ayuda a ahorrar dinero con su cinta de alta capacidad de 2,5 millones de caracteres y su reducido consumo. La LQ-350 utiliza s&oacute;lo 1,3 W en modo de ahorro y 23 W al encenderla, y tiene la calificaci&oacute;n de ENERGY STAR por su magn&iacute;fica eficiencia energ&eacute;tica.<\/p><\/div>\n<p><\/p>\n<table class=\"tabla_caracteristicas\" width=\"100%\">\n<tbody>\n<tr>\n<td valign=\"top\" width=\"35%\">\t\t\t\t<b><small><font face=\"Tahoma,Arial, Helvetica, sans-serif\" style=\"FONT-SIZE: 11px\">Marca<\/font><\/small><\/b><\/td>\n<td valign=\"top\">\t\t\t\t<font face=\"Tahoma,Arial, Helvetica, sans-serif\" style=\"FONT-SIZE: 11px\">Epson<\/font><\/td>\n<\/tr>\n<tr>\n<td valign=\"top\" width=\"35%\">\t\t\t\t<b><font face=\"Tahoma,Arial, Helvetica, sans-serif\" style=\"FONT-SIZE: 11px\">Modelo<\/font><\/b><\/td>\n<td valign=\"top\">\t\t\t\t<font face=\"Tahoma,Arial, Helvetica, sans-serif\" style=\"FONT-SIZE: 11px\">LQ-350<\/font><\/td>\n<\/tr>\n<tr>\n<td valign=\"top\" width=\"35%\">\t\t\t\t<b><small><font face=\"Tahoma,Arial, Helvetica, sans-serif\" style=\"FONT-SIZE: 11px\">Tecnolog&iacute;a de impresi&oacute;n<\/font><\/small><\/b><\/td>\n<td valign=\"top\">\t\t\t\t<font face=\"Tahoma,Arial, Helvetica, sans-serif\" style=\"FONT-SIZE: 11px\">Matricial de 24 pins <\/font><\/td>\n<\/tr>\n<tr>\n<td valign=\"top\" width=\"35%\">\t\t\t\t<b><small><font face=\"Tahoma,Arial, Helvetica, sans-serif\" style=\"FONT-SIZE: 11px\">Papel<\/font><\/small><\/b><\/td>\n<td valign=\"top\">\t\t\t\t<font face=\"Tahoma,Arial, Helvetica, sans-serif\" style=\"FONT-SIZE: 11px\">&#8211; Alimentaci&oacute;n con papel: Hoja suleta detr&aacute;s, Papel continuo detr&aacute;s, salida papel detr&aacute;s<br \/>\t\t\t\t&#8211; Formatos papel:&nbsp;&nbsp; &nbsp;Hojas de papel (de una o varias capas), Papel continuo (de una o varias capas), Etiquetas (de una o varias capas), Papel en rollo, Sobres<br \/>\t\t\t\t<\/font><\/td>\n<\/tr>\n<tr>\n<td valign=\"top\" width=\"35%\">\t\t\t\t<b><small><font face=\"Tahoma,Arial, Helvetica, sans-serif\" style=\"FONT-SIZE: 11px\">Velocidad de impresi&oacute;n<\/font><\/small><\/b><\/td>\n<td valign=\"top\">\t\t\t\t<font face=\"Tahoma,Arial, Helvetica, sans-serif\" style=\"FONT-SIZE: 11px\">HighSpeed-Draft: 10 cpi: 347 caracteres\/s, LQ: 10 cpi: 86 caracteres\/s, Draft: 10 cpi: 260 caracteres\/s<\/font><\/td>\n<\/tr>\n<tr>\n<td valign=\"top\" width=\"35%\">\t\t\t\t<b><small><font face=\"Tahoma,Arial, Helvetica, sans-serif\" style=\"FONT-SIZE: 11px\">Interfaz<\/font><\/small><\/b><\/td>\n<td valign=\"top\">\t\t\t\t<font face=\"Tahoma,Arial, Helvetica, sans-serif\" style=\"FONT-SIZE: 11px\">Paralelo, USB 2.0 tipo B, USB 2.0 tipo Al<\/font><\/td>\n<\/tr>\n<tr>\n<td valign=\"top\" width=\"35%\">\t\t\t\t<b><small><font face=\"Tahoma,Arial, Helvetica, sans-serif\" style=\"FONT-SIZE: 11px\">Otras caracter&iacute;sticas<\/font><\/small><\/b><\/td>\n<td valign=\"top\">\t\t\t\t<font face=\"Tahoma,Arial, Helvetica, sans-serif\" style=\"FONT-SIZE: 11px\">&#8211; Memoria Buffer: 128 KB<br \/>\t\t\t\t&#8211; Emulaciones: IBM 2390 Plus, ESC\/P2 <br \/>\t\t\t\t&#8211; Anchura de carro: 106 columnas <\/font><\/td>\n<\/tr>\n<tr>\n<td valign=\"top\">\t\t\t\t&nbsp;<\/td>\n<td valign=\"top\">\t\t\t\t&nbsp;<\/td>\n<\/tr>\n<tr>\n<td valign=\"top\">\t\t\t\t<b><small><font face=\"Tahoma,Arial, Helvetica, sans-serif\" style=\"FONT-SIZE: 11px\">Fecha Revisi&oacute;n<\/font><\/small><\/b><\/td>\n<td valign=\"top\">\t\t\t\t<font face=\"Tahoma,Arial, Helvetica, sans-serif\" style=\"FONT-SIZE: 11px\">27-06-2013 porJAV<\/font><\/td>\n<\/tr>\n<\/tbody>\n<\/table>\n","protected":false},"excerpt":{"rendered":"<p>El modelo Epson LQ-350 de gran fiabilidad tiene un tiempo entre fallos de 10.000 horas de funcionamiento y es id&oacute;neo para aplicaciones internas y de cara al p&uacute;blico que necesitan papel continuo o documentos de varias hojas. La LQ-350 es una impresora muy econ&oacute;mica que ayuda a ahorrar dinero con su cinta de alta capacidad&hellip;&nbsp;<a href=\"https:\/\/aivlisoft.net\/shop\/producto\/epson-impresora-matricial-lq-350\/\" rel=\"bookmark\"><span class=\"screen-reader-text\">Epson Impresora Matricial LQ-350<\/span><\/a><\/p>\n","protected":false},"featured_media":9109,"template":"","meta":{"neve_meta_sidebar":"","neve_meta_container":"","neve_meta_enable_content_width":"","neve_meta_content_width":0,"neve_meta_title_alignment":"","neve_meta_author_avatar":"","neve_post_elements_order":"","neve_meta_disable_header":"","neve_meta_disable_footer":"","neve_meta_disable_title":""},"product_brand":[],"product_cat":[8717],"product_tag":[3591],"class_list":{"0":"post-9108","1":"product","2":"type-product","3":"status-publish","4":"has-post-thumbnail","6":"product_cat-impresoras-matriciales","7":"product_tag-c11cc25001","9":"first","10":"instock","11":"taxable","12":"shipping-taxable","13":"purchasable","14":"product-type-simple"},"yoast_head":"<!-- This site is optimized with the Yoast SEO plugin v26.0 - https:\/\/yoast.com\/wordpress\/plugins\/seo\/ -->\n<title>Epson Impresora Matricial LQ-350 - Aivlisoft Inform\u00e1tica<\/title>\n<meta name=\"robots\" content=\"index, follow, max-snippet:-1, max-image-preview:large, max-video-preview:-1\" \/>\n<link rel=\"canonical\" href=\"https:\/\/aivlisoft.net\/shop\/producto\/epson-impresora-matricial-lq-350\/\" \/>\n<meta property=\"og:locale\" content=\"es_ES\" \/>\n<meta property=\"og:type\" content=\"article\" \/>\n<meta property=\"og:title\" content=\"Epson Impresora Matricial LQ-350 - Aivlisoft Inform\u00e1tica\" \/>\n<meta property=\"og:description\" content=\"El modelo Epson LQ-350 de gran fiabilidad tiene un tiempo entre fallos de 10.000 horas de funcionamiento y es id&oacute;neo para aplicaciones internas y de cara al p&uacute;blico que necesitan papel continuo o documentos de varias hojas. La LQ-350 es una impresora muy econ&oacute;mica que ayuda a ahorrar dinero con su cinta de alta capacidad&hellip;&nbsp;Epson Impresora Matricial LQ-350\" \/>\n<meta property=\"og:url\" content=\"https:\/\/aivlisoft.net\/shop\/producto\/epson-impresora-matricial-lq-350\/\" \/>\n<meta property=\"og:site_name\" content=\"Aivlisoft Inform\u00e1tica\" \/>\n<meta property=\"article:modified_time\" content=\"2025-01-14T10:44:43+00:00\" \/>\n<meta property=\"og:image\" content=\"https:\/\/aivlisoft.net\/shop\/wp-content\/uploads\/2025\/01\/FIMIMA0030_800.jpg\" \/>\n\t<meta property=\"og:image:width\" content=\"800\" \/>\n\t<meta property=\"og:image:height\" content=\"800\" \/>\n\t<meta property=\"og:image:type\" content=\"image\/jpeg\" \/>\n<meta name=\"twitter:card\" content=\"summary_large_image\" \/>\n<meta name=\"twitter:label1\" content=\"Tiempo de lectura\" \/>\n\t<meta name=\"twitter:data1\" content=\"1 minuto\" \/>\n<script type=\"application\/ld+json\" class=\"yoast-schema-graph\">{\"@context\":\"https:\/\/schema.org\",\"@graph\":[{\"@type\":\"WebPage\",\"@id\":\"https:\/\/aivlisoft.net\/shop\/producto\/epson-impresora-matricial-lq-350\/\",\"url\":\"https:\/\/aivlisoft.net\/shop\/producto\/epson-impresora-matricial-lq-350\/\",\"name\":\"Epson Impresora Matricial LQ-350 - Aivlisoft Inform\u00e1tica\",\"isPartOf\":{\"@id\":\"https:\/\/aivlisoft.net\/shop\/#website\"},\"primaryImageOfPage\":{\"@id\":\"https:\/\/aivlisoft.net\/shop\/producto\/epson-impresora-matricial-lq-350\/#primaryimage\"},\"image\":{\"@id\":\"https:\/\/aivlisoft.net\/shop\/producto\/epson-impresora-matricial-lq-350\/#primaryimage\"},\"thumbnailUrl\":\"https:\/\/aivlisoft.net\/shop\/wp-content\/uploads\/2025\/01\/FIMIMA0030_800.jpg\",\"datePublished\":\"2025-01-13T13:54:06+00:00\",\"dateModified\":\"2025-01-14T10:44:43+00:00\",\"breadcrumb\":{\"@id\":\"https:\/\/aivlisoft.net\/shop\/producto\/epson-impresora-matricial-lq-350\/#breadcrumb\"},\"inLanguage\":\"es\",\"potentialAction\":[{\"@type\":\"ReadAction\",\"target\":[\"https:\/\/aivlisoft.net\/shop\/producto\/epson-impresora-matricial-lq-350\/\"]}]},{\"@type\":\"ImageObject\",\"inLanguage\":\"es\",\"@id\":\"https:\/\/aivlisoft.net\/shop\/producto\/epson-impresora-matricial-lq-350\/#primaryimage\",\"url\":\"https:\/\/aivlisoft.net\/shop\/wp-content\/uploads\/2025\/01\/FIMIMA0030_800.jpg\",\"contentUrl\":\"https:\/\/aivlisoft.net\/shop\/wp-content\/uploads\/2025\/01\/FIMIMA0030_800.jpg\",\"width\":800,\"height\":800},{\"@type\":\"BreadcrumbList\",\"@id\":\"https:\/\/aivlisoft.net\/shop\/producto\/epson-impresora-matricial-lq-350\/#breadcrumb\",\"itemListElement\":[{\"@type\":\"ListItem\",\"position\":1,\"name\":\"Portada\",\"item\":\"https:\/\/aivlisoft.net\/shop\/\"},{\"@type\":\"ListItem\",\"position\":2,\"name\":\"Tienda\",\"item\":\"https:\/\/aivlisoft.net\/shop\/tienda\/\"},{\"@type\":\"ListItem\",\"position\":3,\"name\":\"Epson Impresora Matricial LQ-350\"}]},{\"@type\":\"WebSite\",\"@id\":\"https:\/\/aivlisoft.net\/shop\/#website\",\"url\":\"https:\/\/aivlisoft.net\/shop\/\",\"name\":\"Aivlisoft Inform\u00e1tica\",\"description\":\"En Aivlisoft Inform\u00e1tica ofrecemos soluciones tecnol\u00f3gicas para empresas: venta de ordenadores, consumibles, perif\u00e9ricos y m\u00e1s. Calidad, atenci\u00f3n personalizada y los mejores precios para tu negocio.\",\"publisher\":{\"@id\":\"https:\/\/aivlisoft.net\/shop\/#organization\"},\"potentialAction\":[{\"@type\":\"SearchAction\",\"target\":{\"@type\":\"EntryPoint\",\"urlTemplate\":\"https:\/\/aivlisoft.net\/shop\/?s={search_term_string}\"},\"query-input\":{\"@type\":\"PropertyValueSpecification\",\"valueRequired\":true,\"valueName\":\"search_term_string\"}}],\"inLanguage\":\"es\"},{\"@type\":\"Organization\",\"@id\":\"https:\/\/aivlisoft.net\/shop\/#organization\",\"name\":\"Aivlisoft Inform\u00e1tica\",\"url\":\"https:\/\/aivlisoft.net\/shop\/\",\"logo\":{\"@type\":\"ImageObject\",\"inLanguage\":\"es\",\"@id\":\"https:\/\/aivlisoft.net\/shop\/#\/schema\/logo\/image\/\",\"url\":\"https:\/\/aivlisoft.net\/shop\/wp-content\/uploads\/2024\/12\/removal.ai_5b848c54-0cdf-4140-95c5-c5536bb7573b-logodef.png\",\"contentUrl\":\"https:\/\/aivlisoft.net\/shop\/wp-content\/uploads\/2024\/12\/removal.ai_5b848c54-0cdf-4140-95c5-c5536bb7573b-logodef.png\",\"width\":484,\"height\":182,\"caption\":\"Aivlisoft Inform\u00e1tica\"},\"image\":{\"@id\":\"https:\/\/aivlisoft.net\/shop\/#\/schema\/logo\/image\/\"}}]}<\/script>\n<!-- \/ Yoast SEO plugin. -->","yoast_head_json":{"title":"Epson Impresora Matricial LQ-350 - Aivlisoft Inform\u00e1tica","robots":{"index":"index","follow":"follow","max-snippet":"max-snippet:-1","max-image-preview":"max-image-preview:large","max-video-preview":"max-video-preview:-1"},"canonical":"https:\/\/aivlisoft.net\/shop\/producto\/epson-impresora-matricial-lq-350\/","og_locale":"es_ES","og_type":"article","og_title":"Epson Impresora Matricial LQ-350 - Aivlisoft Inform\u00e1tica","og_description":"El modelo Epson LQ-350 de gran fiabilidad tiene un tiempo entre fallos de 10.000 horas de funcionamiento y es id&oacute;neo para aplicaciones internas y de cara al p&uacute;blico que necesitan papel continuo o documentos de varias hojas. La LQ-350 es una impresora muy econ&oacute;mica que ayuda a ahorrar dinero con su cinta de alta capacidad&hellip;&nbsp;Epson Impresora Matricial LQ-350","og_url":"https:\/\/aivlisoft.net\/shop\/producto\/epson-impresora-matricial-lq-350\/","og_site_name":"Aivlisoft Inform\u00e1tica","article_modified_time":"2025-01-14T10:44:43+00:00","og_image":[{"width":800,"height":800,"url":"https:\/\/aivlisoft.net\/shop\/wp-content\/uploads\/2025\/01\/FIMIMA0030_800.jpg","type":"image\/jpeg"}],"twitter_card":"summary_large_image","twitter_misc":{"Tiempo de lectura":"1 minuto"},"schema":{"@context":"https:\/\/schema.org","@graph":[{"@type":"WebPage","@id":"https:\/\/aivlisoft.net\/shop\/producto\/epson-impresora-matricial-lq-350\/","url":"https:\/\/aivlisoft.net\/shop\/producto\/epson-impresora-matricial-lq-350\/","name":"Epson Impresora Matricial LQ-350 - Aivlisoft Inform\u00e1tica","isPartOf":{"@id":"https:\/\/aivlisoft.net\/shop\/#website"},"primaryImageOfPage":{"@id":"https:\/\/aivlisoft.net\/shop\/producto\/epson-impresora-matricial-lq-350\/#primaryimage"},"image":{"@id":"https:\/\/aivlisoft.net\/shop\/producto\/epson-impresora-matricial-lq-350\/#primaryimage"},"thumbnailUrl":"https:\/\/aivlisoft.net\/shop\/wp-content\/uploads\/2025\/01\/FIMIMA0030_800.jpg","datePublished":"2025-01-13T13:54:06+00:00","dateModified":"2025-01-14T10:44:43+00:00","breadcrumb":{"@id":"https:\/\/aivlisoft.net\/shop\/producto\/epson-impresora-matricial-lq-350\/#breadcrumb"},"inLanguage":"es","potentialAction":[{"@type":"ReadAction","target":["https:\/\/aivlisoft.net\/shop\/producto\/epson-impresora-matricial-lq-350\/"]}]},{"@type":"ImageObject","inLanguage":"es","@id":"https:\/\/aivlisoft.net\/shop\/producto\/epson-impresora-matricial-lq-350\/#primaryimage","url":"https:\/\/aivlisoft.net\/shop\/wp-content\/uploads\/2025\/01\/FIMIMA0030_800.jpg","contentUrl":"https:\/\/aivlisoft.net\/shop\/wp-content\/uploads\/2025\/01\/FIMIMA0030_800.jpg","width":800,"height":800},{"@type":"BreadcrumbList","@id":"https:\/\/aivlisoft.net\/shop\/producto\/epson-impresora-matricial-lq-350\/#breadcrumb","itemListElement":[{"@type":"ListItem","position":1,"name":"Portada","item":"https:\/\/aivlisoft.net\/shop\/"},{"@type":"ListItem","position":2,"name":"Tienda","item":"https:\/\/aivlisoft.net\/shop\/tienda\/"},{"@type":"ListItem","position":3,"name":"Epson Impresora Matricial LQ-350"}]},{"@type":"WebSite","@id":"https:\/\/aivlisoft.net\/shop\/#website","url":"https:\/\/aivlisoft.net\/shop\/","name":"Aivlisoft Inform\u00e1tica","description":"En Aivlisoft Inform\u00e1tica ofrecemos soluciones tecnol\u00f3gicas para empresas: venta de ordenadores, consumibles, perif\u00e9ricos y m\u00e1s. Calidad, atenci\u00f3n personalizada y los mejores precios para tu negocio.","publisher":{"@id":"https:\/\/aivlisoft.net\/shop\/#organization"},"potentialAction":[{"@type":"SearchAction","target":{"@type":"EntryPoint","urlTemplate":"https:\/\/aivlisoft.net\/shop\/?s={search_term_string}"},"query-input":{"@type":"PropertyValueSpecification","valueRequired":true,"valueName":"search_term_string"}}],"inLanguage":"es"},{"@type":"Organization","@id":"https:\/\/aivlisoft.net\/shop\/#organization","name":"Aivlisoft Inform\u00e1tica","url":"https:\/\/aivlisoft.net\/shop\/","logo":{"@type":"ImageObject","inLanguage":"es","@id":"https:\/\/aivlisoft.net\/shop\/#\/schema\/logo\/image\/","url":"https:\/\/aivlisoft.net\/shop\/wp-content\/uploads\/2024\/12\/removal.ai_5b848c54-0cdf-4140-95c5-c5536bb7573b-logodef.png","contentUrl":"https:\/\/aivlisoft.net\/shop\/wp-content\/uploads\/2024\/12\/removal.ai_5b848c54-0cdf-4140-95c5-c5536bb7573b-logodef.png","width":484,"height":182,"caption":"Aivlisoft Inform\u00e1tica"},"image":{"@id":"https:\/\/aivlisoft.net\/shop\/#\/schema\/logo\/image\/"}}]}},"_links":{"self":[{"href":"https:\/\/aivlisoft.net\/shop\/wp-json\/wp\/v2\/product\/9108","targetHints":{"allow":["GET"]}}],"collection":[{"href":"https:\/\/aivlisoft.net\/shop\/wp-json\/wp\/v2\/product"}],"about":[{"href":"https:\/\/aivlisoft.net\/shop\/wp-json\/wp\/v2\/types\/product"}],"wp:featuredmedia":[{"embeddable":true,"href":"https:\/\/aivlisoft.net\/shop\/wp-json\/wp\/v2\/media\/9109"}],"wp:attachment":[{"href":"https:\/\/aivlisoft.net\/shop\/wp-json\/wp\/v2\/media?parent=9108"}],"wp:term":[{"taxonomy":"product_brand","embeddable":true,"href":"https:\/\/aivlisoft.net\/shop\/wp-json\/wp\/v2\/product_brand?post=9108"},{"taxonomy":"product_cat","embeddable":true,"href":"https:\/\/aivlisoft.net\/shop\/wp-json\/wp\/v2\/product_cat?post=9108"},{"taxonomy":"product_tag","embeddable":true,"href":"https:\/\/aivlisoft.net\/shop\/wp-json\/wp\/v2\/product_tag?post=9108"}],"curies":[{"name":"wp","href":"https:\/\/api.w.org\/{rel}","templated":true}]}}