{"id":9105,"date":"2025-01-13T13:54:05","date_gmt":"2025-01-13T13:54:05","guid":{"rendered":"https:\/\/aivlisoft.com\/?post_type=product&#038;p=9105"},"modified":"2025-01-14T10:44:43","modified_gmt":"2025-01-14T10:44:43","slug":"epson-impresora-matricial-lx-350","status":"publish","type":"product","link":"https:\/\/aivlisoft.net\/shop\/producto\/epson-impresora-matricial-lx-350\/","title":{"rendered":"Epson Impresora Matricial LX-350"},"content":{"rendered":"<p>El modelo<strong> Epson<\/strong> <strong>LX-350<\/strong> de gran fiabilidad tiene un tiempo entre fallos de 10.000 horas de funcionamiento y es id&oacute;neo para aplicaciones internas y de cara al p&uacute;blico que necesitan papel continuo o documentos de varias hojas.<\/p>\n<table class=\"tabla_caracteristicas k-table\" width=\"100%\">\n<tbody>\n<tr>\n<td valign=\"top\" width=\"35%\"><strong>Marca<\/strong><\/td>\n<td valign=\"top\" width=\"65%\">Epson<\/td>\n<\/tr>\n<tr>\n<td valign=\"top\" width=\"35%\"><strong>Modelo<\/strong><\/td>\n<td valign=\"top\" width=\"65%\"><strong>C11CC24031<\/strong><\/td>\n<\/tr>\n<tr>\n<td valign=\"top\" width=\"35%\"><strong>Tecnolog&iacute;a<\/strong><\/td>\n<td valign=\"top\" width=\"65%\">&#8211; M&eacute;todo de impresi&oacute;n: Impresora matricial de impacto<br \/>&#8211; N&uacute;mero de agujas: 9 agujas<br \/>&#8211; N&uacute;mero de columnas: 80 columnas<br \/>&#8211; Agujas: 9 agujas<\/td>\n<\/tr>\n<tr>\n<td valign=\"top\" width=\"35%\"><strong>Impresi&oacute;n<\/strong><\/td>\n<td valign=\"top\" width=\"65%\">&#8211; Velocidad de impresi&oacute;n: Borrador de alta velocidad: 15 ipc: 390 caracteres\/s, 12 ipc: 357 caracteres\/s, 10 ipc: 347 caracteres\/s, NLQ: 12 ipc: 78 caracteres\/s, 10 ipc: 65 caracteres\/s, Borrador: 12 ipc: 312 caracteres\/s, 10 ipc: 260 caracteres\/s<br \/>&#8211; Copias carb&oacute;n: 4 m&aacute;s un original<br \/>&#8211; Resoluci&oacute;n de impresi&oacute;n: 240 x 144 ppp<\/td>\n<\/tr>\n<tr>\n<td valign=\"top\" width=\"35%\"><strong>Conectividad<\/strong><\/td>\n<td valign=\"top\" width=\"65%\">&#8211; Interfaces: RS-232, USB 2.0 tipo B, Paralelo bidireccional<\/td>\n<\/tr>\n<tr>\n<td valign=\"top\" width=\"35%\"><strong>Manejo de papel<\/strong><br \/><strong>y sustratos<\/strong><\/td>\n<td valign=\"top\" width=\"65%\">&#8211; Alimentaci&oacute;n de documento: hoja suelta trasera, Papel continuo trasera, salida papel trasera<br \/>&#8211; Formatos de papel: Hojas de papel (de una o varias capas), Papel continuo (de una o varias capas), Etiquetas (de una o varias capas), Papel en rollo, Sobres<\/td>\n<\/tr>\n<tr>\n<td valign=\"top\" width=\"35%\"><strong>Caracteristicas<\/strong><\/td>\n<td valign=\"top\" width=\"65%\">&#8211; Consumo de energ&iacute;a: 27 vatio, 1,1 vatio (Standby)<br \/>&#8211; Energy Star: S&Iacute;<br \/>&#8211; Dimensiones del producto: 348&lrm; x 275 x 154 mm (an x prof x alt)<br \/>&#8211; Peso: 4,1 kg<br \/>&#8211; Temperatura: Operaci&oacute;n 5&deg;C &#8211; 35&deg;C, almacenamiento 5&deg;C &#8211; 35&deg;C<br \/>&#8211; Humedad del aire: Operaci&oacute;n 10% &#8211; 80%, almacenamiento 10% &#8211; 80%<br \/>&#8211; Sistemas operativos compatibles: Windows 2000, Windows 7, Windows 8, Windows Vista, Windows XP<br \/>&#8211; Software incluido: Epson Status Monitor<br \/>&#8211; Tiempo entre fallos: 10.000 Horas<br \/>&#8211; Duraci&oacute;n &uacute;til cabezal de impresi&oacute;n: 400 Millones de impactos\/aguja<br \/>&#8211; Presi&oacute;n ac&uacute;stica: Operaci&oacute;n: 53 dB (A)<br \/>&#8211; Memoria: 128 kB incluido<br \/>&#8211; Rendimiento de la cinta: 4000000 Caracteres Negro Borrador<br \/>&#8211; Incluye: Controladores y utilidades (CD), Equipo, Cable de alimentaci&oacute;n, Cinta entintada, Instrucciones de instalaci&oacute;n, Software (CD), Manual de usuario (CD)<\/td>\n<\/tr>\n<tr>\n<td valign=\"top\" width=\"35%\"><strong>Fecha de revisi&oacute;n<\/strong><\/td>\n<td valign=\"top\" width=\"65%\">20-12-2017 por MSB<\/td>\n<\/tr>\n<\/tbody>\n<\/table>\n","protected":false},"excerpt":{"rendered":"<p>El modelo Epson LX-350 de gran fiabilidad tiene un tiempo entre fallos de 10.000 horas de funcionamiento y es id&oacute;neo para aplicaciones internas y de cara al p&uacute;blico que necesitan papel continuo o documentos de varias hojas. Marca Epson Modelo C11CC24031 Tecnolog&iacute;a &#8211; M&eacute;todo de impresi&oacute;n: Impresora matricial de impacto&#8211; N&uacute;mero de agujas: 9 agujas&#8211;&hellip;&nbsp;<a href=\"https:\/\/aivlisoft.net\/shop\/producto\/epson-impresora-matricial-lx-350\/\" rel=\"bookmark\"><span class=\"screen-reader-text\">Epson Impresora Matricial LX-350<\/span><\/a><\/p>\n","protected":false},"featured_media":9106,"template":"","meta":{"neve_meta_sidebar":"","neve_meta_container":"","neve_meta_enable_content_width":"","neve_meta_content_width":0,"neve_meta_title_alignment":"","neve_meta_author_avatar":"","neve_post_elements_order":"","neve_meta_disable_header":"","neve_meta_disable_footer":"","neve_meta_disable_title":""},"product_brand":[],"product_cat":[8717],"product_tag":[3590],"class_list":{"0":"post-9105","1":"product","2":"type-product","3":"status-publish","4":"has-post-thumbnail","6":"product_cat-impresoras-matriciales","7":"product_tag-c11cc24031","9":"first","10":"instock","11":"taxable","12":"shipping-taxable","13":"purchasable","14":"product-type-simple"},"yoast_head":"<!-- This site is optimized with the Yoast SEO plugin v26.0 - https:\/\/yoast.com\/wordpress\/plugins\/seo\/ -->\n<title>Epson Impresora Matricial LX-350 - Aivlisoft Inform\u00e1tica<\/title>\n<meta name=\"robots\" content=\"index, follow, max-snippet:-1, max-image-preview:large, max-video-preview:-1\" \/>\n<link rel=\"canonical\" href=\"https:\/\/aivlisoft.net\/shop\/producto\/epson-impresora-matricial-lx-350\/\" \/>\n<meta property=\"og:locale\" content=\"es_ES\" \/>\n<meta property=\"og:type\" content=\"article\" \/>\n<meta property=\"og:title\" content=\"Epson Impresora Matricial LX-350 - Aivlisoft Inform\u00e1tica\" \/>\n<meta property=\"og:description\" content=\"El modelo Epson LX-350 de gran fiabilidad tiene un tiempo entre fallos de 10.000 horas de funcionamiento y es id&oacute;neo para aplicaciones internas y de cara al p&uacute;blico que necesitan papel continuo o documentos de varias hojas. Marca Epson Modelo C11CC24031 Tecnolog&iacute;a &#8211; M&eacute;todo de impresi&oacute;n: Impresora matricial de impacto&#8211; N&uacute;mero de agujas: 9 agujas&#8211;&hellip;&nbsp;Epson Impresora Matricial LX-350\" \/>\n<meta property=\"og:url\" content=\"https:\/\/aivlisoft.net\/shop\/producto\/epson-impresora-matricial-lx-350\/\" \/>\n<meta property=\"og:site_name\" content=\"Aivlisoft Inform\u00e1tica\" \/>\n<meta property=\"article:modified_time\" content=\"2025-01-14T10:44:43+00:00\" \/>\n<meta property=\"og:image\" content=\"https:\/\/aivlisoft.net\/shop\/wp-content\/uploads\/2025\/01\/FIMIMA0029_800.jpg\" \/>\n\t<meta property=\"og:image:width\" content=\"800\" \/>\n\t<meta property=\"og:image:height\" content=\"800\" \/>\n\t<meta property=\"og:image:type\" content=\"image\/jpeg\" \/>\n<meta name=\"twitter:card\" content=\"summary_large_image\" \/>\n<meta name=\"twitter:label1\" content=\"Tiempo de lectura\" \/>\n\t<meta name=\"twitter:data1\" content=\"2 minutos\" \/>\n<script type=\"application\/ld+json\" class=\"yoast-schema-graph\">{\"@context\":\"https:\/\/schema.org\",\"@graph\":[{\"@type\":\"WebPage\",\"@id\":\"https:\/\/aivlisoft.net\/shop\/producto\/epson-impresora-matricial-lx-350\/\",\"url\":\"https:\/\/aivlisoft.net\/shop\/producto\/epson-impresora-matricial-lx-350\/\",\"name\":\"Epson Impresora Matricial LX-350 - Aivlisoft Inform\u00e1tica\",\"isPartOf\":{\"@id\":\"https:\/\/aivlisoft.net\/shop\/#website\"},\"primaryImageOfPage\":{\"@id\":\"https:\/\/aivlisoft.net\/shop\/producto\/epson-impresora-matricial-lx-350\/#primaryimage\"},\"image\":{\"@id\":\"https:\/\/aivlisoft.net\/shop\/producto\/epson-impresora-matricial-lx-350\/#primaryimage\"},\"thumbnailUrl\":\"https:\/\/aivlisoft.net\/shop\/wp-content\/uploads\/2025\/01\/FIMIMA0029_800.jpg\",\"datePublished\":\"2025-01-13T13:54:05+00:00\",\"dateModified\":\"2025-01-14T10:44:43+00:00\",\"breadcrumb\":{\"@id\":\"https:\/\/aivlisoft.net\/shop\/producto\/epson-impresora-matricial-lx-350\/#breadcrumb\"},\"inLanguage\":\"es\",\"potentialAction\":[{\"@type\":\"ReadAction\",\"target\":[\"https:\/\/aivlisoft.net\/shop\/producto\/epson-impresora-matricial-lx-350\/\"]}]},{\"@type\":\"ImageObject\",\"inLanguage\":\"es\",\"@id\":\"https:\/\/aivlisoft.net\/shop\/producto\/epson-impresora-matricial-lx-350\/#primaryimage\",\"url\":\"https:\/\/aivlisoft.net\/shop\/wp-content\/uploads\/2025\/01\/FIMIMA0029_800.jpg\",\"contentUrl\":\"https:\/\/aivlisoft.net\/shop\/wp-content\/uploads\/2025\/01\/FIMIMA0029_800.jpg\",\"width\":800,\"height\":800},{\"@type\":\"BreadcrumbList\",\"@id\":\"https:\/\/aivlisoft.net\/shop\/producto\/epson-impresora-matricial-lx-350\/#breadcrumb\",\"itemListElement\":[{\"@type\":\"ListItem\",\"position\":1,\"name\":\"Portada\",\"item\":\"https:\/\/aivlisoft.net\/shop\/\"},{\"@type\":\"ListItem\",\"position\":2,\"name\":\"Tienda\",\"item\":\"https:\/\/aivlisoft.net\/shop\/tienda\/\"},{\"@type\":\"ListItem\",\"position\":3,\"name\":\"Epson Impresora Matricial LX-350\"}]},{\"@type\":\"WebSite\",\"@id\":\"https:\/\/aivlisoft.net\/shop\/#website\",\"url\":\"https:\/\/aivlisoft.net\/shop\/\",\"name\":\"Aivlisoft Inform\u00e1tica\",\"description\":\"En Aivlisoft Inform\u00e1tica ofrecemos soluciones tecnol\u00f3gicas para empresas: venta de ordenadores, consumibles, perif\u00e9ricos y m\u00e1s. Calidad, atenci\u00f3n personalizada y los mejores precios para tu negocio.\",\"publisher\":{\"@id\":\"https:\/\/aivlisoft.net\/shop\/#organization\"},\"potentialAction\":[{\"@type\":\"SearchAction\",\"target\":{\"@type\":\"EntryPoint\",\"urlTemplate\":\"https:\/\/aivlisoft.net\/shop\/?s={search_term_string}\"},\"query-input\":{\"@type\":\"PropertyValueSpecification\",\"valueRequired\":true,\"valueName\":\"search_term_string\"}}],\"inLanguage\":\"es\"},{\"@type\":\"Organization\",\"@id\":\"https:\/\/aivlisoft.net\/shop\/#organization\",\"name\":\"Aivlisoft Inform\u00e1tica\",\"url\":\"https:\/\/aivlisoft.net\/shop\/\",\"logo\":{\"@type\":\"ImageObject\",\"inLanguage\":\"es\",\"@id\":\"https:\/\/aivlisoft.net\/shop\/#\/schema\/logo\/image\/\",\"url\":\"https:\/\/aivlisoft.net\/shop\/wp-content\/uploads\/2024\/12\/removal.ai_5b848c54-0cdf-4140-95c5-c5536bb7573b-logodef.png\",\"contentUrl\":\"https:\/\/aivlisoft.net\/shop\/wp-content\/uploads\/2024\/12\/removal.ai_5b848c54-0cdf-4140-95c5-c5536bb7573b-logodef.png\",\"width\":484,\"height\":182,\"caption\":\"Aivlisoft Inform\u00e1tica\"},\"image\":{\"@id\":\"https:\/\/aivlisoft.net\/shop\/#\/schema\/logo\/image\/\"}}]}<\/script>\n<!-- \/ Yoast SEO plugin. -->","yoast_head_json":{"title":"Epson Impresora Matricial LX-350 - Aivlisoft Inform\u00e1tica","robots":{"index":"index","follow":"follow","max-snippet":"max-snippet:-1","max-image-preview":"max-image-preview:large","max-video-preview":"max-video-preview:-1"},"canonical":"https:\/\/aivlisoft.net\/shop\/producto\/epson-impresora-matricial-lx-350\/","og_locale":"es_ES","og_type":"article","og_title":"Epson Impresora Matricial LX-350 - Aivlisoft Inform\u00e1tica","og_description":"El modelo Epson LX-350 de gran fiabilidad tiene un tiempo entre fallos de 10.000 horas de funcionamiento y es id&oacute;neo para aplicaciones internas y de cara al p&uacute;blico que necesitan papel continuo o documentos de varias hojas. Marca Epson Modelo C11CC24031 Tecnolog&iacute;a &#8211; M&eacute;todo de impresi&oacute;n: Impresora matricial de impacto&#8211; N&uacute;mero de agujas: 9 agujas&#8211;&hellip;&nbsp;Epson Impresora Matricial LX-350","og_url":"https:\/\/aivlisoft.net\/shop\/producto\/epson-impresora-matricial-lx-350\/","og_site_name":"Aivlisoft Inform\u00e1tica","article_modified_time":"2025-01-14T10:44:43+00:00","og_image":[{"width":800,"height":800,"url":"https:\/\/aivlisoft.net\/shop\/wp-content\/uploads\/2025\/01\/FIMIMA0029_800.jpg","type":"image\/jpeg"}],"twitter_card":"summary_large_image","twitter_misc":{"Tiempo de lectura":"2 minutos"},"schema":{"@context":"https:\/\/schema.org","@graph":[{"@type":"WebPage","@id":"https:\/\/aivlisoft.net\/shop\/producto\/epson-impresora-matricial-lx-350\/","url":"https:\/\/aivlisoft.net\/shop\/producto\/epson-impresora-matricial-lx-350\/","name":"Epson Impresora Matricial LX-350 - Aivlisoft Inform\u00e1tica","isPartOf":{"@id":"https:\/\/aivlisoft.net\/shop\/#website"},"primaryImageOfPage":{"@id":"https:\/\/aivlisoft.net\/shop\/producto\/epson-impresora-matricial-lx-350\/#primaryimage"},"image":{"@id":"https:\/\/aivlisoft.net\/shop\/producto\/epson-impresora-matricial-lx-350\/#primaryimage"},"thumbnailUrl":"https:\/\/aivlisoft.net\/shop\/wp-content\/uploads\/2025\/01\/FIMIMA0029_800.jpg","datePublished":"2025-01-13T13:54:05+00:00","dateModified":"2025-01-14T10:44:43+00:00","breadcrumb":{"@id":"https:\/\/aivlisoft.net\/shop\/producto\/epson-impresora-matricial-lx-350\/#breadcrumb"},"inLanguage":"es","potentialAction":[{"@type":"ReadAction","target":["https:\/\/aivlisoft.net\/shop\/producto\/epson-impresora-matricial-lx-350\/"]}]},{"@type":"ImageObject","inLanguage":"es","@id":"https:\/\/aivlisoft.net\/shop\/producto\/epson-impresora-matricial-lx-350\/#primaryimage","url":"https:\/\/aivlisoft.net\/shop\/wp-content\/uploads\/2025\/01\/FIMIMA0029_800.jpg","contentUrl":"https:\/\/aivlisoft.net\/shop\/wp-content\/uploads\/2025\/01\/FIMIMA0029_800.jpg","width":800,"height":800},{"@type":"BreadcrumbList","@id":"https:\/\/aivlisoft.net\/shop\/producto\/epson-impresora-matricial-lx-350\/#breadcrumb","itemListElement":[{"@type":"ListItem","position":1,"name":"Portada","item":"https:\/\/aivlisoft.net\/shop\/"},{"@type":"ListItem","position":2,"name":"Tienda","item":"https:\/\/aivlisoft.net\/shop\/tienda\/"},{"@type":"ListItem","position":3,"name":"Epson Impresora Matricial LX-350"}]},{"@type":"WebSite","@id":"https:\/\/aivlisoft.net\/shop\/#website","url":"https:\/\/aivlisoft.net\/shop\/","name":"Aivlisoft Inform\u00e1tica","description":"En Aivlisoft Inform\u00e1tica ofrecemos soluciones tecnol\u00f3gicas para empresas: venta de ordenadores, consumibles, perif\u00e9ricos y m\u00e1s. Calidad, atenci\u00f3n personalizada y los mejores precios para tu negocio.","publisher":{"@id":"https:\/\/aivlisoft.net\/shop\/#organization"},"potentialAction":[{"@type":"SearchAction","target":{"@type":"EntryPoint","urlTemplate":"https:\/\/aivlisoft.net\/shop\/?s={search_term_string}"},"query-input":{"@type":"PropertyValueSpecification","valueRequired":true,"valueName":"search_term_string"}}],"inLanguage":"es"},{"@type":"Organization","@id":"https:\/\/aivlisoft.net\/shop\/#organization","name":"Aivlisoft Inform\u00e1tica","url":"https:\/\/aivlisoft.net\/shop\/","logo":{"@type":"ImageObject","inLanguage":"es","@id":"https:\/\/aivlisoft.net\/shop\/#\/schema\/logo\/image\/","url":"https:\/\/aivlisoft.net\/shop\/wp-content\/uploads\/2024\/12\/removal.ai_5b848c54-0cdf-4140-95c5-c5536bb7573b-logodef.png","contentUrl":"https:\/\/aivlisoft.net\/shop\/wp-content\/uploads\/2024\/12\/removal.ai_5b848c54-0cdf-4140-95c5-c5536bb7573b-logodef.png","width":484,"height":182,"caption":"Aivlisoft Inform\u00e1tica"},"image":{"@id":"https:\/\/aivlisoft.net\/shop\/#\/schema\/logo\/image\/"}}]}},"_links":{"self":[{"href":"https:\/\/aivlisoft.net\/shop\/wp-json\/wp\/v2\/product\/9105","targetHints":{"allow":["GET"]}}],"collection":[{"href":"https:\/\/aivlisoft.net\/shop\/wp-json\/wp\/v2\/product"}],"about":[{"href":"https:\/\/aivlisoft.net\/shop\/wp-json\/wp\/v2\/types\/product"}],"wp:featuredmedia":[{"embeddable":true,"href":"https:\/\/aivlisoft.net\/shop\/wp-json\/wp\/v2\/media\/9106"}],"wp:attachment":[{"href":"https:\/\/aivlisoft.net\/shop\/wp-json\/wp\/v2\/media?parent=9105"}],"wp:term":[{"taxonomy":"product_brand","embeddable":true,"href":"https:\/\/aivlisoft.net\/shop\/wp-json\/wp\/v2\/product_brand?post=9105"},{"taxonomy":"product_cat","embeddable":true,"href":"https:\/\/aivlisoft.net\/shop\/wp-json\/wp\/v2\/product_cat?post=9105"},{"taxonomy":"product_tag","embeddable":true,"href":"https:\/\/aivlisoft.net\/shop\/wp-json\/wp\/v2\/product_tag?post=9105"}],"curies":[{"name":"wp","href":"https:\/\/api.w.org\/{rel}","templated":true}]}}