{"id":9101,"date":"2025-01-13T13:54:03","date_gmt":"2025-01-13T13:54:03","guid":{"rendered":"https:\/\/aivlisoft.com\/?post_type=product&#038;p=9101"},"modified":"2025-01-14T10:44:42","modified_gmt":"2025-01-14T10:44:42","slug":"epson-impresora-matricial-lq-690","status":"publish","type":"product","link":"https:\/\/aivlisoft.net\/shop\/producto\/epson-impresora-matricial-lq-690\/","title":{"rendered":"Epson Impresora Matricial LQ-690"},"content":{"rendered":"<p><strong>Epson LQ-690<\/strong><br \/>La mejor impresora horizontal de 106 columnas del mercado<br \/>La Epson LQ-690 es una impresora matricial de altas prestaciones en los aspectos m&aacute;s importantes: velocidad, fiabilidad, duraci&oacute;n de la cinta y facilidad de uso. La LQ-690 tambi&eacute;n permite un manejo vers&aacute;til de distintos soportes, como hojas sueltas, papel continuo, etiquetas, sobres y tarjetas. Su dise&ntilde;o compacto y f&aacute;cil de utilizar hace que sea lo bastante flexible como para adaptarse a cualquier espacio y aplicaci&oacute;n.<\/p>\n<table>\n<tbody>\n<tr>\n<td><strong>Marca<\/strong><\/td>\n<td>Epson<\/td>\n<\/tr>\n<tr>\n<td><strong>Modelo<\/strong><\/td>\n<td><strong>C11CA13041<\/strong><\/td>\n<\/tr>\n<tr>\n<td><strong>Tecnolog&iacute;a<\/strong><\/td>\n<td>&#8211; M&eacute;todo de impresi&oacute;n: Impresora matricial de impacto<br \/>&#8211; N&uacute;mero de agujas: 24 agujas<br \/>&#8211; N&uacute;mero de columnas: 106 columnas<br \/>&#8211; Agujas: 24 agujas<\/td>\n<\/tr>\n<tr>\n<td><strong>Impresi&oacute;n<\/strong><\/td>\n<td>&#8211; Velocidad de impresi&oacute;n: LQ: 12 ipc: 132 caracteres\/s, 10 ipc: 110 caracteres\/s, Borrador: 12 ipc: 396 caracteres\/s, 10 ipc: 330 caracteres\/s, Borrador de alta velocidad: 12 ipc: 529 caracteres\/s, 10 ipc: 440 caracteres\/s<br \/>&#8211; C&oacute;digos de barras: C&oacute;digo de barras (NW-7), C&oacute;digo 128, C&oacute;digo 39, EAN-13, EAN-8, Industrial 2 de 5, Interleaved 2 of 5, Matriz 2 de 5, POSTNET, UPC-A, UPC-E<br \/>&#8211; Copias carb&oacute;n: 6 m&aacute;s un original<br \/>&#8211; Tablas de caracteres: PC437, PC708, PC720, PC850, PC858, PC864, PCAR864, ISO-8859-15, Roman 8, Cursiva<br \/>&#8211; Resoluci&oacute;n de impresi&oacute;n: 360 x 180 ppp<\/td>\n<\/tr>\n<tr>\n<td><strong>Conectividad<\/strong><\/td>\n<td>&#8211; Interfaces: Paralelo bidireccional, USB 2.0 tipo B<\/td>\n<\/tr>\n<tr>\n<td><strong>Manejo de papel y sustratos<\/strong><\/td>\n<td>&#8211; Alimentaci&oacute;n de documento: hoja suelta frontal, Papel continuo trasera, salida papel frontal<br \/>&#8211; Formatos de papel: Hojas de papel (de una o varias capas), Papel continuo (de una o varias capas), Etiquetas (de una o varias capas), Papel en rollo, Sobres, Cartulina<br \/>&#8211; Grosor papel continuo: 0,065 mm &#8211; 0,49 mm<br \/>&#8211; Grosor del papel Label Base Sheet: 0,16 mm &#8211; 0,19 mm<br \/>&#8211; Grosor del papel Label Total Sheet: 0,16 mm &#8211; 0,19 mm<br \/>&#8211; Grosor del papel Multi Part: 0,12 mm &#8211; 0,49 mm<br \/>&#8211; Grosor del papel Single Sheet: 0,065 mm &#8211; 0,19 mm<\/td>\n<\/tr>\n<tr>\n<td><strong>General<\/strong><\/td>\n<td>&#8211; Consumo de energ&iacute;a: 38 vatio, 3 vatio (Standby)<br \/>&#8211; Energy Star: NO<br \/>&#8211; Dimensiones del producto: 480&lrm; x 370 x 210 mm (ancho x profundidad x altura)<br \/>&#8211; Peso: 6,8 kg<br \/>&#8211; Temperatura: Operaci&oacute;n 5&deg;C &#8211; 35&deg;C<br \/>&#8211; Humedad del aire: Operaci&oacute;n 10% &#8211; 80%<br \/>&#8211; Sistemas operativos compatibles: Windows 2000, Windows 7, Windows 8, Windows 98, Windows XP<br \/>&#8211; Software incluido: Epson Status Monitor<br \/>&#8211; Tiempo entre fallos: 20.000 Horas<br \/>&#8211; Duraci&oacute;n &uacute;til cabezal de impresi&oacute;n: 400 Millones de impactos\/aguja<br \/>&#8211; Presi&oacute;n ac&uacute;stica: Operaci&oacute;n: 57 dB (A)- Standby: 54 dB (A)<br \/>&#8211; Fuentes: Fuente mapa de bits EPSON Courier (10 CPI, 12 CPI, 15 CPI), Fuente mapa de bits EPSON Draft (10 CPI, 12 CPI, 15 CPI), Fuente mapa de bits EPSON OCR-B (10 CPI), Fuente mapa de bits EPSON Orator (10 CPI), Fuente mapa de bits EPSON Orator-S (10 CPI), Fuente mapa de bits EPSON Prestige (10 CPI, 12 CPI), Fuente mapa de bits EPSON Roman (10 CPI, 12 CPI, 15 CPI, Proporcional), Fuente mapa de bits EPSON Sans Serif (10 CPI, 12 CPI, 15 CPI, Proporcional), Fuente mapa de bits EPSON Script (10 CPI), Fuente mapa de bits EPSON Script C (Proporcional), Fuente escalable EPSON Roman, Fuente escalable EPSON Roman T, Fuente escalable EPSON Sans Serif, Fuente escalable EPSON Sans Serif H<br \/>&#8211; Memoria: 128 kB incluido<br \/>&#8211; Rendimiento de la cinta: 10000000 Caracteres Negro Borrador<br \/>&#8211; Incluye: Controladores y utilidades (CD), Equipo, Cable de alimentaci&oacute;n, Cinta entintada, Instrucciones de instalaci&oacute;n, Software (CD), Manual de usuario (CD), Certificado de garant&iacute;a<br \/><strong>Otras funciones<\/strong><br \/>&#8211; Emulaciones: IBM PPDS, ESC\/P2<\/td>\n<\/tr>\n<tr>\n<td><strong>Fecha de revisi&oacute;n<\/strong><\/td>\n<td>10-03-2017 por MSB<\/td>\n<\/tr>\n<\/tbody>\n<\/table>\n","protected":false},"excerpt":{"rendered":"<p>Epson LQ-690La mejor impresora horizontal de 106 columnas del mercadoLa Epson LQ-690 es una impresora matricial de altas prestaciones en los aspectos m&aacute;s importantes: velocidad, fiabilidad, duraci&oacute;n de la cinta y facilidad de uso. La LQ-690 tambi&eacute;n permite un manejo vers&aacute;til de distintos soportes, como hojas sueltas, papel continuo, etiquetas, sobres y tarjetas. Su dise&ntilde;o&hellip;&nbsp;<a href=\"https:\/\/aivlisoft.net\/shop\/producto\/epson-impresora-matricial-lq-690\/\" rel=\"bookmark\"><span class=\"screen-reader-text\">Epson Impresora Matricial LQ-690<\/span><\/a><\/p>\n","protected":false},"featured_media":9102,"template":"","meta":{"neve_meta_sidebar":"","neve_meta_container":"","neve_meta_enable_content_width":"","neve_meta_content_width":0,"neve_meta_title_alignment":"","neve_meta_author_avatar":"","neve_post_elements_order":"","neve_meta_disable_header":"","neve_meta_disable_footer":"","neve_meta_disable_title":""},"product_brand":[],"product_cat":[8717],"product_tag":[3589],"class_list":{"0":"post-9101","1":"product","2":"type-product","3":"status-publish","4":"has-post-thumbnail","6":"product_cat-impresoras-matriciales","7":"product_tag-c11ca13041","9":"first","10":"instock","11":"taxable","12":"shipping-taxable","13":"purchasable","14":"product-type-simple"},"yoast_head":"<!-- This site is optimized with the Yoast SEO plugin v26.0 - https:\/\/yoast.com\/wordpress\/plugins\/seo\/ -->\n<title>Epson Impresora Matricial LQ-690 - Aivlisoft Inform\u00e1tica<\/title>\n<meta name=\"robots\" content=\"index, follow, max-snippet:-1, max-image-preview:large, max-video-preview:-1\" \/>\n<link rel=\"canonical\" href=\"https:\/\/aivlisoft.net\/shop\/producto\/epson-impresora-matricial-lq-690\/\" \/>\n<meta property=\"og:locale\" content=\"es_ES\" \/>\n<meta property=\"og:type\" content=\"article\" \/>\n<meta property=\"og:title\" content=\"Epson Impresora Matricial LQ-690 - Aivlisoft Inform\u00e1tica\" \/>\n<meta property=\"og:description\" content=\"Epson LQ-690La mejor impresora horizontal de 106 columnas del mercadoLa Epson LQ-690 es una impresora matricial de altas prestaciones en los aspectos m&aacute;s importantes: velocidad, fiabilidad, duraci&oacute;n de la cinta y facilidad de uso. La LQ-690 tambi&eacute;n permite un manejo vers&aacute;til de distintos soportes, como hojas sueltas, papel continuo, etiquetas, sobres y tarjetas. Su dise&ntilde;o&hellip;&nbsp;Epson Impresora Matricial LQ-690\" \/>\n<meta property=\"og:url\" content=\"https:\/\/aivlisoft.net\/shop\/producto\/epson-impresora-matricial-lq-690\/\" \/>\n<meta property=\"og:site_name\" content=\"Aivlisoft Inform\u00e1tica\" \/>\n<meta property=\"article:modified_time\" content=\"2025-01-14T10:44:42+00:00\" \/>\n<meta property=\"og:image\" content=\"https:\/\/aivlisoft.net\/shop\/wp-content\/uploads\/2025\/01\/FIMIMA0018_800.jpg\" \/>\n\t<meta property=\"og:image:width\" content=\"800\" \/>\n\t<meta property=\"og:image:height\" content=\"800\" \/>\n\t<meta property=\"og:image:type\" content=\"image\/jpeg\" \/>\n<meta name=\"twitter:card\" content=\"summary_large_image\" \/>\n<meta name=\"twitter:label1\" content=\"Tiempo de lectura\" \/>\n\t<meta name=\"twitter:data1\" content=\"3 minutos\" \/>\n<script type=\"application\/ld+json\" class=\"yoast-schema-graph\">{\"@context\":\"https:\/\/schema.org\",\"@graph\":[{\"@type\":\"WebPage\",\"@id\":\"https:\/\/aivlisoft.net\/shop\/producto\/epson-impresora-matricial-lq-690\/\",\"url\":\"https:\/\/aivlisoft.net\/shop\/producto\/epson-impresora-matricial-lq-690\/\",\"name\":\"Epson Impresora Matricial LQ-690 - Aivlisoft Inform\u00e1tica\",\"isPartOf\":{\"@id\":\"https:\/\/aivlisoft.net\/shop\/#website\"},\"primaryImageOfPage\":{\"@id\":\"https:\/\/aivlisoft.net\/shop\/producto\/epson-impresora-matricial-lq-690\/#primaryimage\"},\"image\":{\"@id\":\"https:\/\/aivlisoft.net\/shop\/producto\/epson-impresora-matricial-lq-690\/#primaryimage\"},\"thumbnailUrl\":\"https:\/\/aivlisoft.net\/shop\/wp-content\/uploads\/2025\/01\/FIMIMA0018_800.jpg\",\"datePublished\":\"2025-01-13T13:54:03+00:00\",\"dateModified\":\"2025-01-14T10:44:42+00:00\",\"breadcrumb\":{\"@id\":\"https:\/\/aivlisoft.net\/shop\/producto\/epson-impresora-matricial-lq-690\/#breadcrumb\"},\"inLanguage\":\"es\",\"potentialAction\":[{\"@type\":\"ReadAction\",\"target\":[\"https:\/\/aivlisoft.net\/shop\/producto\/epson-impresora-matricial-lq-690\/\"]}]},{\"@type\":\"ImageObject\",\"inLanguage\":\"es\",\"@id\":\"https:\/\/aivlisoft.net\/shop\/producto\/epson-impresora-matricial-lq-690\/#primaryimage\",\"url\":\"https:\/\/aivlisoft.net\/shop\/wp-content\/uploads\/2025\/01\/FIMIMA0018_800.jpg\",\"contentUrl\":\"https:\/\/aivlisoft.net\/shop\/wp-content\/uploads\/2025\/01\/FIMIMA0018_800.jpg\",\"width\":800,\"height\":800},{\"@type\":\"BreadcrumbList\",\"@id\":\"https:\/\/aivlisoft.net\/shop\/producto\/epson-impresora-matricial-lq-690\/#breadcrumb\",\"itemListElement\":[{\"@type\":\"ListItem\",\"position\":1,\"name\":\"Portada\",\"item\":\"https:\/\/aivlisoft.net\/shop\/\"},{\"@type\":\"ListItem\",\"position\":2,\"name\":\"Tienda\",\"item\":\"https:\/\/aivlisoft.net\/shop\/tienda\/\"},{\"@type\":\"ListItem\",\"position\":3,\"name\":\"Epson Impresora Matricial LQ-690\"}]},{\"@type\":\"WebSite\",\"@id\":\"https:\/\/aivlisoft.net\/shop\/#website\",\"url\":\"https:\/\/aivlisoft.net\/shop\/\",\"name\":\"Aivlisoft Inform\u00e1tica\",\"description\":\"En Aivlisoft Inform\u00e1tica ofrecemos soluciones tecnol\u00f3gicas para empresas: venta de ordenadores, consumibles, perif\u00e9ricos y m\u00e1s. Calidad, atenci\u00f3n personalizada y los mejores precios para tu negocio.\",\"publisher\":{\"@id\":\"https:\/\/aivlisoft.net\/shop\/#organization\"},\"potentialAction\":[{\"@type\":\"SearchAction\",\"target\":{\"@type\":\"EntryPoint\",\"urlTemplate\":\"https:\/\/aivlisoft.net\/shop\/?s={search_term_string}\"},\"query-input\":{\"@type\":\"PropertyValueSpecification\",\"valueRequired\":true,\"valueName\":\"search_term_string\"}}],\"inLanguage\":\"es\"},{\"@type\":\"Organization\",\"@id\":\"https:\/\/aivlisoft.net\/shop\/#organization\",\"name\":\"Aivlisoft Inform\u00e1tica\",\"url\":\"https:\/\/aivlisoft.net\/shop\/\",\"logo\":{\"@type\":\"ImageObject\",\"inLanguage\":\"es\",\"@id\":\"https:\/\/aivlisoft.net\/shop\/#\/schema\/logo\/image\/\",\"url\":\"https:\/\/aivlisoft.net\/shop\/wp-content\/uploads\/2024\/12\/removal.ai_5b848c54-0cdf-4140-95c5-c5536bb7573b-logodef.png\",\"contentUrl\":\"https:\/\/aivlisoft.net\/shop\/wp-content\/uploads\/2024\/12\/removal.ai_5b848c54-0cdf-4140-95c5-c5536bb7573b-logodef.png\",\"width\":484,\"height\":182,\"caption\":\"Aivlisoft Inform\u00e1tica\"},\"image\":{\"@id\":\"https:\/\/aivlisoft.net\/shop\/#\/schema\/logo\/image\/\"}}]}<\/script>\n<!-- \/ Yoast SEO plugin. -->","yoast_head_json":{"title":"Epson Impresora Matricial LQ-690 - Aivlisoft Inform\u00e1tica","robots":{"index":"index","follow":"follow","max-snippet":"max-snippet:-1","max-image-preview":"max-image-preview:large","max-video-preview":"max-video-preview:-1"},"canonical":"https:\/\/aivlisoft.net\/shop\/producto\/epson-impresora-matricial-lq-690\/","og_locale":"es_ES","og_type":"article","og_title":"Epson Impresora Matricial LQ-690 - Aivlisoft Inform\u00e1tica","og_description":"Epson LQ-690La mejor impresora horizontal de 106 columnas del mercadoLa Epson LQ-690 es una impresora matricial de altas prestaciones en los aspectos m&aacute;s importantes: velocidad, fiabilidad, duraci&oacute;n de la cinta y facilidad de uso. La LQ-690 tambi&eacute;n permite un manejo vers&aacute;til de distintos soportes, como hojas sueltas, papel continuo, etiquetas, sobres y tarjetas. Su dise&ntilde;o&hellip;&nbsp;Epson Impresora Matricial LQ-690","og_url":"https:\/\/aivlisoft.net\/shop\/producto\/epson-impresora-matricial-lq-690\/","og_site_name":"Aivlisoft Inform\u00e1tica","article_modified_time":"2025-01-14T10:44:42+00:00","og_image":[{"width":800,"height":800,"url":"https:\/\/aivlisoft.net\/shop\/wp-content\/uploads\/2025\/01\/FIMIMA0018_800.jpg","type":"image\/jpeg"}],"twitter_card":"summary_large_image","twitter_misc":{"Tiempo de lectura":"3 minutos"},"schema":{"@context":"https:\/\/schema.org","@graph":[{"@type":"WebPage","@id":"https:\/\/aivlisoft.net\/shop\/producto\/epson-impresora-matricial-lq-690\/","url":"https:\/\/aivlisoft.net\/shop\/producto\/epson-impresora-matricial-lq-690\/","name":"Epson Impresora Matricial LQ-690 - Aivlisoft Inform\u00e1tica","isPartOf":{"@id":"https:\/\/aivlisoft.net\/shop\/#website"},"primaryImageOfPage":{"@id":"https:\/\/aivlisoft.net\/shop\/producto\/epson-impresora-matricial-lq-690\/#primaryimage"},"image":{"@id":"https:\/\/aivlisoft.net\/shop\/producto\/epson-impresora-matricial-lq-690\/#primaryimage"},"thumbnailUrl":"https:\/\/aivlisoft.net\/shop\/wp-content\/uploads\/2025\/01\/FIMIMA0018_800.jpg","datePublished":"2025-01-13T13:54:03+00:00","dateModified":"2025-01-14T10:44:42+00:00","breadcrumb":{"@id":"https:\/\/aivlisoft.net\/shop\/producto\/epson-impresora-matricial-lq-690\/#breadcrumb"},"inLanguage":"es","potentialAction":[{"@type":"ReadAction","target":["https:\/\/aivlisoft.net\/shop\/producto\/epson-impresora-matricial-lq-690\/"]}]},{"@type":"ImageObject","inLanguage":"es","@id":"https:\/\/aivlisoft.net\/shop\/producto\/epson-impresora-matricial-lq-690\/#primaryimage","url":"https:\/\/aivlisoft.net\/shop\/wp-content\/uploads\/2025\/01\/FIMIMA0018_800.jpg","contentUrl":"https:\/\/aivlisoft.net\/shop\/wp-content\/uploads\/2025\/01\/FIMIMA0018_800.jpg","width":800,"height":800},{"@type":"BreadcrumbList","@id":"https:\/\/aivlisoft.net\/shop\/producto\/epson-impresora-matricial-lq-690\/#breadcrumb","itemListElement":[{"@type":"ListItem","position":1,"name":"Portada","item":"https:\/\/aivlisoft.net\/shop\/"},{"@type":"ListItem","position":2,"name":"Tienda","item":"https:\/\/aivlisoft.net\/shop\/tienda\/"},{"@type":"ListItem","position":3,"name":"Epson Impresora Matricial LQ-690"}]},{"@type":"WebSite","@id":"https:\/\/aivlisoft.net\/shop\/#website","url":"https:\/\/aivlisoft.net\/shop\/","name":"Aivlisoft Inform\u00e1tica","description":"En Aivlisoft Inform\u00e1tica ofrecemos soluciones tecnol\u00f3gicas para empresas: venta de ordenadores, consumibles, perif\u00e9ricos y m\u00e1s. Calidad, atenci\u00f3n personalizada y los mejores precios para tu negocio.","publisher":{"@id":"https:\/\/aivlisoft.net\/shop\/#organization"},"potentialAction":[{"@type":"SearchAction","target":{"@type":"EntryPoint","urlTemplate":"https:\/\/aivlisoft.net\/shop\/?s={search_term_string}"},"query-input":{"@type":"PropertyValueSpecification","valueRequired":true,"valueName":"search_term_string"}}],"inLanguage":"es"},{"@type":"Organization","@id":"https:\/\/aivlisoft.net\/shop\/#organization","name":"Aivlisoft Inform\u00e1tica","url":"https:\/\/aivlisoft.net\/shop\/","logo":{"@type":"ImageObject","inLanguage":"es","@id":"https:\/\/aivlisoft.net\/shop\/#\/schema\/logo\/image\/","url":"https:\/\/aivlisoft.net\/shop\/wp-content\/uploads\/2024\/12\/removal.ai_5b848c54-0cdf-4140-95c5-c5536bb7573b-logodef.png","contentUrl":"https:\/\/aivlisoft.net\/shop\/wp-content\/uploads\/2024\/12\/removal.ai_5b848c54-0cdf-4140-95c5-c5536bb7573b-logodef.png","width":484,"height":182,"caption":"Aivlisoft Inform\u00e1tica"},"image":{"@id":"https:\/\/aivlisoft.net\/shop\/#\/schema\/logo\/image\/"}}]}},"_links":{"self":[{"href":"https:\/\/aivlisoft.net\/shop\/wp-json\/wp\/v2\/product\/9101","targetHints":{"allow":["GET"]}}],"collection":[{"href":"https:\/\/aivlisoft.net\/shop\/wp-json\/wp\/v2\/product"}],"about":[{"href":"https:\/\/aivlisoft.net\/shop\/wp-json\/wp\/v2\/types\/product"}],"wp:featuredmedia":[{"embeddable":true,"href":"https:\/\/aivlisoft.net\/shop\/wp-json\/wp\/v2\/media\/9102"}],"wp:attachment":[{"href":"https:\/\/aivlisoft.net\/shop\/wp-json\/wp\/v2\/media?parent=9101"}],"wp:term":[{"taxonomy":"product_brand","embeddable":true,"href":"https:\/\/aivlisoft.net\/shop\/wp-json\/wp\/v2\/product_brand?post=9101"},{"taxonomy":"product_cat","embeddable":true,"href":"https:\/\/aivlisoft.net\/shop\/wp-json\/wp\/v2\/product_cat?post=9101"},{"taxonomy":"product_tag","embeddable":true,"href":"https:\/\/aivlisoft.net\/shop\/wp-json\/wp\/v2\/product_tag?post=9101"}],"curies":[{"name":"wp","href":"https:\/\/api.w.org\/{rel}","templated":true}]}}