{"id":9083,"date":"2025-01-13T13:53:54","date_gmt":"2025-01-13T13:53:54","guid":{"rendered":"https:\/\/aivlisoft.com\/?post_type=product&#038;p=9083"},"modified":"2025-01-15T11:13:39","modified_gmt":"2025-01-15T11:13:39","slug":"brother-impresora-laser-hl-l2865dw","status":"publish","type":"product","link":"https:\/\/aivlisoft.net\/shop\/producto\/brother-impresora-laser-hl-l2865dw\/","title":{"rendered":"Brother Impresora Laser HL-L2865DW"},"content":{"rendered":"<p><\/p>\n<table class=\"tabla_caracteristicas k-table\" width=\"100%\">\n<tr>\n<td valign=\"top\"><strong>Marca<\/strong><\/td>\n<td>Brother<\/td>\n<\/tr>\n<tr>\n<td valign=\"top\"><strong>Modelo<\/strong><\/td>\n<td><strong>HLL2865DWRE1<\/strong><\/td>\n<\/tr>\n<tr>\n<td valign=\"top\"><strong>Impresi&oacute;n<\/strong><\/td>\n<td>&#8211; Velocidad de impresi&oacute;n a doble cara A4: Hasta 16 p&aacute;ginas por minuto<br \/>\t\t\t&#8211; Velocidad de impresi&oacute;n monocromo A4: 34 p&aacute;ginas por minuto<br \/>\t\t\t&#8211; Impresi&oacute;n autom&aacute;tica a doble cara<br \/>\t\t\t&#8211; Emulaciones: PCL6<br \/>\t\t\t&#8211; Tiempo de impresi&oacute;n 1&ordf; p&aacute;gina: Menos de 8.5 segundos<br \/>\t\t\t&#8211; Resoluci&oacute;n: Hasta 1200 x 1200 ppp<br \/>\t\t\t&#8211; Volumen mensual recomendado: Hasta 2.500 p&aacute;ginas<\/td>\n<\/tr>\n<tr>\n<td valign=\"top\"><strong>Memoria<\/strong><\/td>\n<td>&#8211; Memoria: 128 MB<\/td>\n<\/tr>\n<tr>\n<td valign=\"top\"><strong>Conectividad y comunicaciones<\/strong><\/td>\n<td>&#8211; Conectividad: Red cableada, WiFi, USB<br \/>\t\t\t&#8211; Interfaz local: Hi-Speed USB 2.0<br \/>\t\t\t&#8211; Interfaz de red cableada: Fast Ethernet<br \/>\t\t\t&#8211; Interfaz de red inal&aacute;mbrica: WiFi 2.4 \/ 5 GHz<br \/>\t\t\t<strong>Red<br \/>\t\t\t&#8211; <\/strong>Wi-Fi Direct<br \/>\t\t\t&#8211; Red cableada: Fast Ethernet (10Base-T\/100Base-TX)<br \/>\t\t\t&#8211; Aplicaciones WiFi<br \/>\t\t\t&#8211; Red WiFi:<br \/>\t\t\t&nbsp; 2.4GHz: IEEE 802.11 b\/g\/n (Infrastructure Mode) IEEE 802.11 g\/n (Wi-Fi Direct)<br \/>\t\t\t&nbsp; 5GHz: IEEE 802.11 a\/n (Infrastructure Mode) IEEE 802.11 a\/n (Wi-Fi Direct)<br \/>\t\t\t&#8211; Configuraci&oacute;n WiFi soportada<br \/>\t\t\t&#8211; Seguridad de red cableada:<br \/>\t\t\t&nbsp; SMTP-AUTH<br \/>\t\t\t&nbsp; SNMP v3<br \/>\t\t\t&nbsp; SSL\/TLS(SMTP,HTTP,IPP)<br \/>\t\t\t&nbsp; 802.1x (EAP-MD5, EAP-FAST, PEAP, EAP-TLS, EAP-TTLS)<br \/>\t\t\t&nbsp; OAuth(SMTP, POP3, IMAP4)<br \/>\t\t\t&#8211; Seguridad de red WiFi:<br \/>\t\t\t&nbsp; WEP 64\/128 bit<br \/>\t\t\t&nbsp; WPA-PSK (TKIP\/AES)<br \/>\t\t\t&nbsp; WPA2-PSK (TKIP\/AES)<br \/>\t\t\t&nbsp; WPA3-SAE (AES)<br \/>\t\t\t* WIFI Direct supports WPA2-PSK (AES) only<br \/>\t\t\t&nbsp; SMTP-AUTH<br \/>\t\t\t&nbsp; SSL\/TLS (SMTP, HTTPS, IPP)<br \/>\t\t\t&nbsp; SNMP v3, 802.1x ( EAP-FAST, PEAP, EAP-TLS, EAP-TTLS)<br \/>\t\t\t&nbsp; OAuth(SMTP, POP3, IMAP4)<\/td>\n<\/tr>\n<tr>\n<td valign=\"top\"><strong>Otras caracter&iacute;sticas<\/strong><\/td>\n<td valign=\"top\"><strong>General<\/strong><br \/>\t\t\t&#8211; Tipo de impresora: Blanco y negro<br \/>\t\t\t&#8211; Functiones: Impresi&oacute;n<br \/>\t\t\t&#8211; Pantalla: Pantalla LCD<br \/>\t\t\t&#8211; Tama&ntilde;o de pantalla: LCD de 1 l&iacute;nea con teclas<br \/>\t\t\t&#8211; Tama&ntilde;o m&aacute;ximo del papel: A4<br \/>\t\t\t&#8211; Tecnolog&iacute;a: L&aacute;ser<br \/>\t\t\t<strong>Especificaciones de los soportes<\/strong><br \/>\t\t\t&#8211; Tipos y gramajes:<br \/>\t\t\t&nbsp; Bandeja est&aacute;ndar: Papel normal, fino, grueso, reciclado &#8211; 60-163g\/m2<br \/>\t\t\t&nbsp; Ranura manual: Papel normal, fino, grueso, m&aacute;s grueso, reciclado, Bond, etiquetas, sobres, sobres finos, sobres gruesos &#8211; 60-230g\/m2<br \/>\t\t\t&#8211; Tama&ntilde;os:<br \/>\t\t\t&nbsp; Bandeja est&aacute;ndar: A4, Letter, B5(JIS), B5(ISO), A5, A5(Long Edge), B6(JIS), A6, Executive, A4 Short, 16K(195x270mm)<br \/>\t\t\t&nbsp; Ranura manual: Ancho 76,2 &ndash; 215,9 mmLargo 127 &ndash; 355,6 mm, Sobres: COM-10, DL, C5, Monarch<br \/>\t\t\t<strong>Manejo de papel<\/strong><br \/>\t\t\t&#8211; Entrada:<br \/>\t\t\t&nbsp; Bandeja est&aacute;ndar: 250 hojas<br \/>\t\t\t&nbsp; Bandeja munual: 1 hoja<br \/>\t\t\t&#8211; Salida de papel:<br \/>\t\t\t&nbsp; Cara abajo: 150 hojas<br \/>\t\t\t&nbsp; Impresi&oacute;n de sobres: Desde la ranura manual<br \/>\t\t\t<strong>Funciones de seguridad<\/strong><br \/>\t\t\t&#8211; 802.1x<br \/>\t\t\t&#8211; Detecci&oacute;n autom&aacute;tica de intrusi&oacute;n<br \/>\t\t\t&#8211; Firmware firmado digitalmente<br \/>\t\t\t&#8211; Filtro de IP<br \/>\t\t\t&#8211; Control de acceso a la red basado en puertos<br \/>\t\t\t&#8211; Restringir protocolos de red<br \/>\t\t\t&#8211; Bloqueo de configuraci&oacute;n<br \/>\t\t\t<strong>Alimentaci&oacute;n<\/strong><br \/>\t\t\t&#8211; Funcionamiento: 710 vatios<br \/>\t\t\t&#8211; Modo silencioso: 430 vatios<br \/>\t\t\t&#8211; Modo lista: 31 vatios<br \/>\t\t\t&#8211; Hibernaci&oacute;n: 0.6 vatios<br \/>\t\t\t&#8211; Apagado: 0.05 vatios<br \/>\t\t\t&#8211; Ahorro de energ&iacute;a<br \/>\t\t\t&#8211; Nivel de potencia sonora: 7.06 dB<br \/>\t\t\t&#8211; Nivel de presi&oacute;n sonora: 54 dBA<br \/>\t\t\t&#8211; Ahorro de t&oacute;ner<br \/>\t\t\t&#8211; Consumo el&eacute;ctrico: 0,59 Kwh\/semana<br \/>\t\t\t<strong>Consumibles <\/strong><br \/>\t\t\t&#8211; T&oacute;ner dotacional: 1.500 p&aacute;ginas (BK)<br \/>\t\t\t&#8211; T&oacute;ner est&aacute;ndar: TN2510 &#8211; 1.200 p&aacute;ginas (BK)<br \/>\t\t\t&#8211; Toner XL: TN2510XL &#8211; 3.000 p&aacute;ginas (BK), TN2510XXL &#8211; 5.000 p&aacute;ginas (BK)<br \/>\t\t\t&#8211; Tambor: DR2510CL &#8211; Aprox. 15.000 p&aacute;ginas (a un promedio de 1 p&aacute;gina por trabajo)<br \/>\t\t\t<strong>Dimensiones y peso<\/strong><br \/>\t\t\t&#8211; 356 x 360 x 183 mm<br \/>\t\t\t&#8211; 7,1 Kg<br \/>\t\t\t<strong>Contenido<\/strong><br \/>\t\t\t&#8211; Equipo<br \/>\t\t\t&#8211; T&oacute;ner dotacional<br \/>\t\t\t&#8211; Tambor<br \/>\t\t\t&#8211; Cable de alimentaci&oacute;n el&eacute;ctrica<br \/>\t\t\t&#8211; Gu&iacute;a de configuraci&oacute;n r&aacute;pida<\/td>\n<\/tr>\n<tr>\n<td valign=\"top\"><strong>Fecha Revisi&oacute;n<\/strong><\/td>\n<td>19-09-2024 por RTY<\/td>\n<\/tr>\n<\/table>\n","protected":false},"excerpt":{"rendered":"<p>Marca Brother Modelo HLL2865DWRE1 Impresi&oacute;n &#8211; Velocidad de impresi&oacute;n a doble cara A4: Hasta 16 p&aacute;ginas por minuto &#8211; Velocidad de impresi&oacute;n monocromo A4: 34 p&aacute;ginas por minuto &#8211; Impresi&oacute;n autom&aacute;tica a doble cara &#8211; Emulaciones: PCL6 &#8211; Tiempo de impresi&oacute;n 1&ordf; p&aacute;gina: Menos de 8.5 segundos &#8211; Resoluci&oacute;n: Hasta 1200 x 1200 ppp &#8211;&hellip;&nbsp;<a href=\"https:\/\/aivlisoft.net\/shop\/producto\/brother-impresora-laser-hl-l2865dw\/\" rel=\"bookmark\"><span class=\"screen-reader-text\">Brother Impresora Laser HL-L2865DW<\/span><\/a><\/p>\n","protected":false},"featured_media":9084,"template":"","meta":{"neve_meta_sidebar":"","neve_meta_container":"","neve_meta_enable_content_width":"","neve_meta_content_width":0,"neve_meta_title_alignment":"","neve_meta_author_avatar":"","neve_post_elements_order":"","neve_meta_disable_header":"","neve_meta_disable_footer":"","neve_meta_disable_title":""},"product_brand":[],"product_cat":[15,3529],"product_tag":[3585],"class_list":{"0":"post-9083","1":"product","2":"type-product","3":"status-publish","4":"has-post-thumbnail","6":"product_cat-sin-categorizar","7":"product_cat-impresoras","8":"product_tag-hll2865dwre1","10":"first","11":"instock","12":"taxable","13":"shipping-taxable","14":"purchasable","15":"product-type-simple"},"yoast_head":"<!-- This site is optimized with the Yoast SEO plugin v26.0 - https:\/\/yoast.com\/wordpress\/plugins\/seo\/ -->\n<title>Brother Impresora Laser HL-L2865DW - Aivlisoft Inform\u00e1tica<\/title>\n<meta name=\"robots\" content=\"index, follow, max-snippet:-1, max-image-preview:large, max-video-preview:-1\" \/>\n<link rel=\"canonical\" href=\"https:\/\/aivlisoft.net\/shop\/producto\/brother-impresora-laser-hl-l2865dw\/\" \/>\n<meta property=\"og:locale\" content=\"es_ES\" \/>\n<meta property=\"og:type\" content=\"article\" \/>\n<meta property=\"og:title\" content=\"Brother Impresora Laser HL-L2865DW - Aivlisoft Inform\u00e1tica\" \/>\n<meta property=\"og:description\" content=\"Marca Brother Modelo HLL2865DWRE1 Impresi&oacute;n &#8211; Velocidad de impresi&oacute;n a doble cara A4: Hasta 16 p&aacute;ginas por minuto &#8211; Velocidad de impresi&oacute;n monocromo A4: 34 p&aacute;ginas por minuto &#8211; Impresi&oacute;n autom&aacute;tica a doble cara &#8211; Emulaciones: PCL6 &#8211; Tiempo de impresi&oacute;n 1&ordf; p&aacute;gina: Menos de 8.5 segundos &#8211; Resoluci&oacute;n: Hasta 1200 x 1200 ppp &#8211;&hellip;&nbsp;Brother Impresora Laser HL-L2865DW\" \/>\n<meta property=\"og:url\" content=\"https:\/\/aivlisoft.net\/shop\/producto\/brother-impresora-laser-hl-l2865dw\/\" \/>\n<meta property=\"og:site_name\" content=\"Aivlisoft Inform\u00e1tica\" \/>\n<meta property=\"article:modified_time\" content=\"2025-01-15T11:13:39+00:00\" \/>\n<meta property=\"og:image\" content=\"https:\/\/aivlisoft.net\/shop\/wp-content\/uploads\/2025\/01\/FIMILM0218_800.jpg\" \/>\n\t<meta property=\"og:image:width\" content=\"800\" \/>\n\t<meta property=\"og:image:height\" content=\"800\" \/>\n\t<meta property=\"og:image:type\" content=\"image\/jpeg\" \/>\n<meta name=\"twitter:card\" content=\"summary_large_image\" \/>\n<meta name=\"twitter:label1\" content=\"Tiempo de lectura\" \/>\n\t<meta name=\"twitter:data1\" content=\"3 minutos\" \/>\n<script type=\"application\/ld+json\" class=\"yoast-schema-graph\">{\"@context\":\"https:\/\/schema.org\",\"@graph\":[{\"@type\":\"WebPage\",\"@id\":\"https:\/\/aivlisoft.net\/shop\/producto\/brother-impresora-laser-hl-l2865dw\/\",\"url\":\"https:\/\/aivlisoft.net\/shop\/producto\/brother-impresora-laser-hl-l2865dw\/\",\"name\":\"Brother Impresora Laser HL-L2865DW - Aivlisoft Inform\u00e1tica\",\"isPartOf\":{\"@id\":\"https:\/\/aivlisoft.net\/shop\/#website\"},\"primaryImageOfPage\":{\"@id\":\"https:\/\/aivlisoft.net\/shop\/producto\/brother-impresora-laser-hl-l2865dw\/#primaryimage\"},\"image\":{\"@id\":\"https:\/\/aivlisoft.net\/shop\/producto\/brother-impresora-laser-hl-l2865dw\/#primaryimage\"},\"thumbnailUrl\":\"https:\/\/aivlisoft.net\/shop\/wp-content\/uploads\/2025\/01\/FIMILM0218_800.jpg\",\"datePublished\":\"2025-01-13T13:53:54+00:00\",\"dateModified\":\"2025-01-15T11:13:39+00:00\",\"breadcrumb\":{\"@id\":\"https:\/\/aivlisoft.net\/shop\/producto\/brother-impresora-laser-hl-l2865dw\/#breadcrumb\"},\"inLanguage\":\"es\",\"potentialAction\":[{\"@type\":\"ReadAction\",\"target\":[\"https:\/\/aivlisoft.net\/shop\/producto\/brother-impresora-laser-hl-l2865dw\/\"]}]},{\"@type\":\"ImageObject\",\"inLanguage\":\"es\",\"@id\":\"https:\/\/aivlisoft.net\/shop\/producto\/brother-impresora-laser-hl-l2865dw\/#primaryimage\",\"url\":\"https:\/\/aivlisoft.net\/shop\/wp-content\/uploads\/2025\/01\/FIMILM0218_800.jpg\",\"contentUrl\":\"https:\/\/aivlisoft.net\/shop\/wp-content\/uploads\/2025\/01\/FIMILM0218_800.jpg\",\"width\":800,\"height\":800},{\"@type\":\"BreadcrumbList\",\"@id\":\"https:\/\/aivlisoft.net\/shop\/producto\/brother-impresora-laser-hl-l2865dw\/#breadcrumb\",\"itemListElement\":[{\"@type\":\"ListItem\",\"position\":1,\"name\":\"Portada\",\"item\":\"https:\/\/aivlisoft.net\/shop\/\"},{\"@type\":\"ListItem\",\"position\":2,\"name\":\"Tienda\",\"item\":\"https:\/\/aivlisoft.net\/shop\/tienda\/\"},{\"@type\":\"ListItem\",\"position\":3,\"name\":\"Brother Impresora Laser HL-L2865DW\"}]},{\"@type\":\"WebSite\",\"@id\":\"https:\/\/aivlisoft.net\/shop\/#website\",\"url\":\"https:\/\/aivlisoft.net\/shop\/\",\"name\":\"Aivlisoft Inform\u00e1tica\",\"description\":\"En Aivlisoft Inform\u00e1tica ofrecemos soluciones tecnol\u00f3gicas para empresas: venta de ordenadores, consumibles, perif\u00e9ricos y m\u00e1s. Calidad, atenci\u00f3n personalizada y los mejores precios para tu negocio.\",\"publisher\":{\"@id\":\"https:\/\/aivlisoft.net\/shop\/#organization\"},\"potentialAction\":[{\"@type\":\"SearchAction\",\"target\":{\"@type\":\"EntryPoint\",\"urlTemplate\":\"https:\/\/aivlisoft.net\/shop\/?s={search_term_string}\"},\"query-input\":{\"@type\":\"PropertyValueSpecification\",\"valueRequired\":true,\"valueName\":\"search_term_string\"}}],\"inLanguage\":\"es\"},{\"@type\":\"Organization\",\"@id\":\"https:\/\/aivlisoft.net\/shop\/#organization\",\"name\":\"Aivlisoft Inform\u00e1tica\",\"url\":\"https:\/\/aivlisoft.net\/shop\/\",\"logo\":{\"@type\":\"ImageObject\",\"inLanguage\":\"es\",\"@id\":\"https:\/\/aivlisoft.net\/shop\/#\/schema\/logo\/image\/\",\"url\":\"https:\/\/aivlisoft.net\/shop\/wp-content\/uploads\/2024\/12\/removal.ai_5b848c54-0cdf-4140-95c5-c5536bb7573b-logodef.png\",\"contentUrl\":\"https:\/\/aivlisoft.net\/shop\/wp-content\/uploads\/2024\/12\/removal.ai_5b848c54-0cdf-4140-95c5-c5536bb7573b-logodef.png\",\"width\":484,\"height\":182,\"caption\":\"Aivlisoft Inform\u00e1tica\"},\"image\":{\"@id\":\"https:\/\/aivlisoft.net\/shop\/#\/schema\/logo\/image\/\"}}]}<\/script>\n<!-- \/ Yoast SEO plugin. -->","yoast_head_json":{"title":"Brother Impresora Laser HL-L2865DW - Aivlisoft Inform\u00e1tica","robots":{"index":"index","follow":"follow","max-snippet":"max-snippet:-1","max-image-preview":"max-image-preview:large","max-video-preview":"max-video-preview:-1"},"canonical":"https:\/\/aivlisoft.net\/shop\/producto\/brother-impresora-laser-hl-l2865dw\/","og_locale":"es_ES","og_type":"article","og_title":"Brother Impresora Laser HL-L2865DW - Aivlisoft Inform\u00e1tica","og_description":"Marca Brother Modelo HLL2865DWRE1 Impresi&oacute;n &#8211; Velocidad de impresi&oacute;n a doble cara A4: Hasta 16 p&aacute;ginas por minuto &#8211; Velocidad de impresi&oacute;n monocromo A4: 34 p&aacute;ginas por minuto &#8211; Impresi&oacute;n autom&aacute;tica a doble cara &#8211; Emulaciones: PCL6 &#8211; Tiempo de impresi&oacute;n 1&ordf; p&aacute;gina: Menos de 8.5 segundos &#8211; Resoluci&oacute;n: Hasta 1200 x 1200 ppp &#8211;&hellip;&nbsp;Brother Impresora Laser HL-L2865DW","og_url":"https:\/\/aivlisoft.net\/shop\/producto\/brother-impresora-laser-hl-l2865dw\/","og_site_name":"Aivlisoft Inform\u00e1tica","article_modified_time":"2025-01-15T11:13:39+00:00","og_image":[{"width":800,"height":800,"url":"https:\/\/aivlisoft.net\/shop\/wp-content\/uploads\/2025\/01\/FIMILM0218_800.jpg","type":"image\/jpeg"}],"twitter_card":"summary_large_image","twitter_misc":{"Tiempo de lectura":"3 minutos"},"schema":{"@context":"https:\/\/schema.org","@graph":[{"@type":"WebPage","@id":"https:\/\/aivlisoft.net\/shop\/producto\/brother-impresora-laser-hl-l2865dw\/","url":"https:\/\/aivlisoft.net\/shop\/producto\/brother-impresora-laser-hl-l2865dw\/","name":"Brother Impresora Laser HL-L2865DW - Aivlisoft Inform\u00e1tica","isPartOf":{"@id":"https:\/\/aivlisoft.net\/shop\/#website"},"primaryImageOfPage":{"@id":"https:\/\/aivlisoft.net\/shop\/producto\/brother-impresora-laser-hl-l2865dw\/#primaryimage"},"image":{"@id":"https:\/\/aivlisoft.net\/shop\/producto\/brother-impresora-laser-hl-l2865dw\/#primaryimage"},"thumbnailUrl":"https:\/\/aivlisoft.net\/shop\/wp-content\/uploads\/2025\/01\/FIMILM0218_800.jpg","datePublished":"2025-01-13T13:53:54+00:00","dateModified":"2025-01-15T11:13:39+00:00","breadcrumb":{"@id":"https:\/\/aivlisoft.net\/shop\/producto\/brother-impresora-laser-hl-l2865dw\/#breadcrumb"},"inLanguage":"es","potentialAction":[{"@type":"ReadAction","target":["https:\/\/aivlisoft.net\/shop\/producto\/brother-impresora-laser-hl-l2865dw\/"]}]},{"@type":"ImageObject","inLanguage":"es","@id":"https:\/\/aivlisoft.net\/shop\/producto\/brother-impresora-laser-hl-l2865dw\/#primaryimage","url":"https:\/\/aivlisoft.net\/shop\/wp-content\/uploads\/2025\/01\/FIMILM0218_800.jpg","contentUrl":"https:\/\/aivlisoft.net\/shop\/wp-content\/uploads\/2025\/01\/FIMILM0218_800.jpg","width":800,"height":800},{"@type":"BreadcrumbList","@id":"https:\/\/aivlisoft.net\/shop\/producto\/brother-impresora-laser-hl-l2865dw\/#breadcrumb","itemListElement":[{"@type":"ListItem","position":1,"name":"Portada","item":"https:\/\/aivlisoft.net\/shop\/"},{"@type":"ListItem","position":2,"name":"Tienda","item":"https:\/\/aivlisoft.net\/shop\/tienda\/"},{"@type":"ListItem","position":3,"name":"Brother Impresora Laser HL-L2865DW"}]},{"@type":"WebSite","@id":"https:\/\/aivlisoft.net\/shop\/#website","url":"https:\/\/aivlisoft.net\/shop\/","name":"Aivlisoft Inform\u00e1tica","description":"En Aivlisoft Inform\u00e1tica ofrecemos soluciones tecnol\u00f3gicas para empresas: venta de ordenadores, consumibles, perif\u00e9ricos y m\u00e1s. Calidad, atenci\u00f3n personalizada y los mejores precios para tu negocio.","publisher":{"@id":"https:\/\/aivlisoft.net\/shop\/#organization"},"potentialAction":[{"@type":"SearchAction","target":{"@type":"EntryPoint","urlTemplate":"https:\/\/aivlisoft.net\/shop\/?s={search_term_string}"},"query-input":{"@type":"PropertyValueSpecification","valueRequired":true,"valueName":"search_term_string"}}],"inLanguage":"es"},{"@type":"Organization","@id":"https:\/\/aivlisoft.net\/shop\/#organization","name":"Aivlisoft Inform\u00e1tica","url":"https:\/\/aivlisoft.net\/shop\/","logo":{"@type":"ImageObject","inLanguage":"es","@id":"https:\/\/aivlisoft.net\/shop\/#\/schema\/logo\/image\/","url":"https:\/\/aivlisoft.net\/shop\/wp-content\/uploads\/2024\/12\/removal.ai_5b848c54-0cdf-4140-95c5-c5536bb7573b-logodef.png","contentUrl":"https:\/\/aivlisoft.net\/shop\/wp-content\/uploads\/2024\/12\/removal.ai_5b848c54-0cdf-4140-95c5-c5536bb7573b-logodef.png","width":484,"height":182,"caption":"Aivlisoft Inform\u00e1tica"},"image":{"@id":"https:\/\/aivlisoft.net\/shop\/#\/schema\/logo\/image\/"}}]}},"_links":{"self":[{"href":"https:\/\/aivlisoft.net\/shop\/wp-json\/wp\/v2\/product\/9083","targetHints":{"allow":["GET"]}}],"collection":[{"href":"https:\/\/aivlisoft.net\/shop\/wp-json\/wp\/v2\/product"}],"about":[{"href":"https:\/\/aivlisoft.net\/shop\/wp-json\/wp\/v2\/types\/product"}],"wp:featuredmedia":[{"embeddable":true,"href":"https:\/\/aivlisoft.net\/shop\/wp-json\/wp\/v2\/media\/9084"}],"wp:attachment":[{"href":"https:\/\/aivlisoft.net\/shop\/wp-json\/wp\/v2\/media?parent=9083"}],"wp:term":[{"taxonomy":"product_brand","embeddable":true,"href":"https:\/\/aivlisoft.net\/shop\/wp-json\/wp\/v2\/product_brand?post=9083"},{"taxonomy":"product_cat","embeddable":true,"href":"https:\/\/aivlisoft.net\/shop\/wp-json\/wp\/v2\/product_cat?post=9083"},{"taxonomy":"product_tag","embeddable":true,"href":"https:\/\/aivlisoft.net\/shop\/wp-json\/wp\/v2\/product_tag?post=9083"}],"curies":[{"name":"wp","href":"https:\/\/api.w.org\/{rel}","templated":true}]}}