{"id":9080,"date":"2025-01-13T13:53:53","date_gmt":"2025-01-13T13:53:53","guid":{"rendered":"https:\/\/aivlisoft.com\/?post_type=product&#038;p=9080"},"modified":"2025-01-15T11:13:40","modified_gmt":"2025-01-15T11:13:40","slug":"brother-impresora-laser-hl-l6410dn","status":"publish","type":"product","link":"https:\/\/aivlisoft.net\/shop\/producto\/brother-impresora-laser-hl-l6410dn\/","title":{"rendered":"Brother Impresora Laser HL-L6410DN"},"content":{"rendered":"<p><\/p>\n<table class=\"tabla_caracteristicas k-table\" width=\"100%\">\n<tr>\n<td valign=\"top\"><strong>Marca<\/strong><\/td>\n<td>Brother<\/td>\n<\/tr>\n<tr>\n<td valign=\"top\"><strong>Modelo<\/strong><\/td>\n<td><strong>HLL6410DNRE1<\/strong><\/td>\n<\/tr>\n<tr>\n<td valign=\"top\"><strong>Impresi&oacute;n<\/strong><\/td>\n<td>&#8211; Impresi&oacute;n autom&aacute;tica a doble cara<br \/>\t\t\t&#8211; Velocidad de impresi&oacute;n a doble cara A4: Hasta 24 p&aacute;ginas por minuto<br \/>\t\t\t&#8211; Resoluci&oacute;n: Hasta 1200 x 1200 ppp<br \/>\t\t\t&#8211; Emulaciones: PCL6, BR-Script3, IBM Proprinter XL, Epson FX-850, PDF Version 1.7, XPS Version 1.0<br \/>\t\t\t&#8211; Tiempo de impresi&oacute;n 1&ordf; p&aacute;gina: Menos de 6,7 segundos<br \/>\t\t\t&#8211; Volumen mensual recomendado: Hasta 16.000 p&aacute;ginas<\/td>\n<\/tr>\n<tr>\n<td valign=\"top\"><strong>Memoria<\/strong><\/td>\n<td>&#8211; Memoria: 1 GB<\/td>\n<\/tr>\n<tr>\n<td valign=\"top\"><strong>Conectividad y comunicaciones<\/strong><\/td>\n<td>&#8211; Conectividad: Red cableada, USB<br \/>\t\t\t&#8211; Interfaz local: Hi-Speed USB 2.0 (compatible con USB 3.0)<br \/>\t\t\t&#8211; NFC: Compatible con tarjetas NFC est&aacute;ndares (para una autenticaci&oacute;n segura con una soluci&oacute;n de impresi&oacute;n pull) y dispositivos m&oacute;viles Android que soporten NFC para impresi&oacute;n desde dispositivos m&oacute;viles<br \/>\t\t\t&#8211; Compatible: Brother Mobile Connect, Brother Print Service Plugin, Apple AirPrint, Mopria<br \/>\t\t\t&#8211; Interfaz USB: Hi-Speed USB 2.0 (compatible con USB 3.0)<br \/>\t\t\t&#8211; Interfaz de red cableada: 10Base-T\/100Base-TX\/1000Base-T<br \/>\t\t\t&#8211; Interfaz de red inal&aacute;mbrica: IEEE 802.11b\/g\/n (opcional)<br \/>\t\t\t<strong>Red<\/strong><br \/>\t\t\t&#8211; Red cableada: Gigabit Ethernet (10Base-T\/100Base-TX\/1000Base-T)<br \/>\t\t\t&#8211; Aplicaciones WiFi<br \/>\t\t\t&#8211; Red WiFi:<br \/>\t\t\t&nbsp; 2.4GHz: IEEE 802.11 b\/g\/n (Infrastructure Mode) IEEE 802.11 g\/n (Wi-Fi Direct)<br \/>\t\t\t&nbsp; 5GHz: IEEE 802.11 a\/n (Infrastructure Mode) IEEE 802.11 a\/n (Wi-Fi Direct) (*22)<br \/>\t\t\t&#8211; Configuraci&oacute;n WiFi soportada<br \/>\t\t\t&#8211; Wi-Fi Direct<br \/>\t\t\t&#8211; Seguridad de red cableada:<br \/>\t\t\t&nbsp; SMTP-AUTH<br \/>\t\t\t&nbsp; SSL\/TLS (IPPS, HTTPS, FTPS, SMTP)<br \/>\t\t\t&nbsp; SNMP v3 802.1x (EAP-MD5, EAP-FAST, PEAP, EAP-TLS, EAP-TTLS)<br \/>\t\t\t&nbsp; Kerberos<br \/>\t\t\t&nbsp; Ipsec<br \/>\t\t\t&#8211; Seguridad de red WiFi:<br \/>\t\t\t&nbsp; WEP 64\/128 bit<br \/>\t\t\t&nbsp; WPA-PSK (TKIP\/AES)<br \/>\t\t\t&nbsp; WPA2-PSK (TKIP\/ AES)<br \/>\t\t\t&nbsp; WPA3-SAE (AES)*Wi-Fi Direct solo soporta WPA2-PSK (AES)<br \/>\t\t\t&nbsp; SMTP-AUTH<br \/>\t\t\t&nbsp; SSL\/TLS (IPPS, HTTPS, SMTP)<br \/>\t\t\t&nbsp; SNMP v3, 802.1x (EAP-FAST, PEAP, EAP- TLS, EAP-TTLS)<br \/>\t\t\t&nbsp; Kerberos<br \/>\t\t\t&nbsp; Ipsec<\/td>\n<\/tr>\n<tr>\n<td valign=\"top\"><strong>Otras caracter&iacute;sticas<\/strong><\/td>\n<td valign=\"top\"><strong>General<\/strong><br \/>\t\t\t&#8211; Tipo de impresora: Blanco y negro<br \/>\t\t\t&#8211; Functiones: Impresi&oacute;n<br \/>\t\t\t&#8211; Pantalla: Pantalla LCD color t&aacute;ctil<br \/>\t\t\t&#8211; Tama&ntilde;o de pantalla: 8,9cm<br \/>\t\t\t&#8211; Tama&ntilde;o m&aacute;ximo del papel: A4<br \/>\t\t\t&#8211; Tecnolog&iacute;a: L&aacute;ser<br \/>\t\t\t&#8211; Clasificaci&oacute;n de l&aacute;ser: Laser Clase 1 (IEC60825-1:2007)<br \/>\t\t\t&#8211; Procesador: Cortex-A53 1.2GHz Dual Core<br \/>\t\t\t<strong>Especificaciones de los soportes<\/strong><br \/>\t\t\t&#8211; Tipos y gramajes:<br \/>\t\t\t&nbsp; Bandeja est&aacute;ndar: Papel normal, carta, color, fino, reciclado, grueso entre 60 y 163g\/m2)<br \/>\t\t\t&nbsp; Bandeja multipr&oacute;p&oacute;sito: Papel normal, carta, color, fino, grueso, m&aacute;s grueso, reciclado, Bond, etiquetas, sobres, sobres finos, sobres gruesos(entre 60 y 230g\/m2)<br \/>\t\t\t&nbsp; Impresi&oacute;n d&uacute;plex: Papel normal, carta, color, fino, reciclado(entre 64 y 105g\/m2)<br \/>\t\t\t&#8211; Tama&ntilde;os:<br \/>\t\t\t&nbsp; Bandeja est&aacute;ndar: A4, Letter, B5(JIS), A5, A5(Long Edge), A6, Executive, Legal, Mexico Legal, India Legal, A4 short (270mm), Folio, 16K<br \/>\t\t\t&nbsp; Bandeja multipr&oacute;p&oacute;sito: Ancho: 69,8 &ndash; 215,9 mm, Largo: 127 &ndash; 355,6 mm. Sobres &#8211; COM-10, DL, C5, Monarch. Impresi&oacute;n d&uacute;plex &#8211; A4<br \/>\t\t\t<strong>Manejo de papel<\/strong><br \/>\t\t\t&#8211; Entrada:<br \/>\t\t\t&nbsp; Bandeja est&aacute;ndar: 520 hojas<br \/>\t\t\t&nbsp; Bandeja multipr&oacute;p&oacute;sito: 100 hojas<br \/>\t\t\t&#8211; Salida de papel:<br \/>\t\t\t&nbsp; Cara abajo: 250 hojas<br \/>\t\t\t&nbsp; Cara arriba (salida directa del papel): 10 hoja<br \/>\t\t\t<strong>Funciones de seguridad<\/strong><br \/>\t\t\t&#8211; 802.1x<br \/>\t\t\t&#8211; Autenticaci&oacute;n Active Directory\/LDAP<br \/>\t\t\t&#8211; Detecci&oacute;n autom&aacute;tica de intrusi&oacute;n<br \/>\t\t\t&#8211; Firmware firmado digitalmente<br \/>\t\t\t&#8211; Filtro de IP<br \/>\t\t\t&#8211; NFC<br \/>\t\t\t&#8211; Control de acceso a la red basado en puertos<br \/>\t\t\t&#8211; Restringir protocolos de red<br \/>\t\t\t&#8211; Bloqueo seguro de funciones v3<br \/>\t\t\t&#8211; Gesti&oacute;n segura de claves<br \/>\t\t\t&#8211; Impresi&oacute;n segura<br \/>\t\t\t&#8211; Bloqueo de configuraci&oacute;n<br \/>\t\t\t&#8211; Almacenamiento de registro de impresi&oacute;n<br \/>\t\t\t&#8211; SysLog<br \/>\t\t\t<strong>Alimentaci&oacute;n<\/strong><br \/>\t\t\t&#8211; Funcionamiento: 710 vatios<br \/>\t\t\t&#8211; Modo silencioso: 430 vatios<br \/>\t\t\t&#8211; Modo lista: 31 vatios<br \/>\t\t\t&#8211; Hibernaci&oacute;n: 0.6 vatios<br \/>\t\t\t&#8211; Apagado: 0.05 vatios<br \/>\t\t\t&#8211; Ahorro de energ&iacute;a<br \/>\t\t\t&#8211; Nivel de potencia sonora: 7.06 dB<br \/>\t\t\t&#8211; Nivel de presi&oacute;n sonora: 54 dBA<br \/>\t\t\t&#8211; Ahorro de t&oacute;ner<br \/>\t\t\t&#8211; Consumo el&eacute;ctrico: 0,59 Kwh\/semana<br \/>\t\t\t<strong>Consumibles y accesorios<\/strong><br \/>\t\t\t&#8211; Accesorios:<br \/>\t\t\t&nbsp; LT5505: Bandeja opcional para 250 hojas<br \/>\t\t\t&nbsp; LT6505: Bandeja opcional para 520 hojas<br \/>\t\t\t&nbsp; TT4000: Torre opcional de 4 bandejas x 520 hojas<br \/>\t\t\t&nbsp; MX4000: Clasificador opcional con 4 compartimentos para la salida de papel<br \/>\t\t\t&nbsp; SF4000: Finalizador grapador<br \/>\t\t\t&nbsp; NC9110W: M&oacute;dulo WiFi. CH1000: Soporte para el lector de tarjetas<br \/>\t\t\t&nbsp; ZUNTL6000W: Mesa pedestal<br \/>\t\t\t&#8211; T&oacute;ner de larga duraci&oacute;n: 6.000 p&aacute;ginas (TN3600XL) \/ 11.000 p&aacute;ginas (TN3600XXL)<br \/>\t\t\t&#8211; T&oacute;ner incluido: 11.000 p&aacute;ginas<br \/>\t\t\t&#8211; T&oacute;ner est&aacute;ndar: 3.000 p&aacute;ginas (TN3600)<br \/>\t\t\t&#8211; T&oacute;ner de s&uacute;per larga duraci&oacute;n:18.000 p&aacute;ginas (TN3610) y 25.000 p&aacute;ginas (TN3610XL)<br \/>\t\t\t<strong>Dimensiones y peso<\/strong><br \/>\t\t\t&#8211; 402 x 396 x 319 mm<br \/>\t\t\t&#8211; 13,5 Kg<br \/>\t\t\t<strong>Contenido<\/strong><br \/>\t\t\t&#8211; Equipo<br \/>\t\t\t&#8211; T&oacute;neres dotacionales<br \/>\t\t\t&#8211; Tambor<br \/>\t\t\t&#8211; Cable de alimentaci&oacute;n el&eacute;ctrica<br \/>\t\t\t&#8211; Gu&iacute;a de configuraci&oacute;n r&aacute;pida<br \/>\t\t\t&#8211; Garant&iacute;a<\/td>\n<\/tr>\n<tr>\n<td valign=\"top\"><strong>Fecha Revisi&oacute;n<\/strong><\/td>\n<td>15-11-2023 por RTY<\/td>\n<\/tr>\n<\/table>\n","protected":false},"excerpt":{"rendered":"<p>Marca Brother Modelo HLL6410DNRE1 Impresi&oacute;n &#8211; Impresi&oacute;n autom&aacute;tica a doble cara &#8211; Velocidad de impresi&oacute;n a doble cara A4: Hasta 24 p&aacute;ginas por minuto &#8211; Resoluci&oacute;n: Hasta 1200 x 1200 ppp &#8211; Emulaciones: PCL6, BR-Script3, IBM Proprinter XL, Epson FX-850, PDF Version 1.7, XPS Version 1.0 &#8211; Tiempo de impresi&oacute;n 1&ordf; p&aacute;gina: Menos de 6,7&hellip;&nbsp;<a href=\"https:\/\/aivlisoft.net\/shop\/producto\/brother-impresora-laser-hl-l6410dn\/\" rel=\"bookmark\"><span class=\"screen-reader-text\">Brother Impresora Laser HL-L6410DN<\/span><\/a><\/p>\n","protected":false},"featured_media":9081,"template":"","meta":{"neve_meta_sidebar":"","neve_meta_container":"","neve_meta_enable_content_width":"","neve_meta_content_width":0,"neve_meta_title_alignment":"","neve_meta_author_avatar":"","neve_post_elements_order":"","neve_meta_disable_header":"","neve_meta_disable_footer":"","neve_meta_disable_title":""},"product_brand":[],"product_cat":[15,3529],"product_tag":[3582],"class_list":{"0":"post-9080","1":"product","2":"type-product","3":"status-publish","4":"has-post-thumbnail","6":"product_cat-sin-categorizar","7":"product_cat-impresoras","8":"product_tag-hll6410dnre1","10":"first","11":"instock","12":"taxable","13":"shipping-taxable","14":"purchasable","15":"product-type-simple"},"yoast_head":"<!-- This site is optimized with the Yoast SEO plugin v26.0 - https:\/\/yoast.com\/wordpress\/plugins\/seo\/ -->\n<title>Brother Impresora Laser HL-L6410DN - Aivlisoft Inform\u00e1tica<\/title>\n<meta name=\"robots\" content=\"index, follow, max-snippet:-1, max-image-preview:large, max-video-preview:-1\" \/>\n<link rel=\"canonical\" href=\"https:\/\/aivlisoft.net\/shop\/producto\/brother-impresora-laser-hl-l6410dn\/\" \/>\n<meta property=\"og:locale\" content=\"es_ES\" \/>\n<meta property=\"og:type\" content=\"article\" \/>\n<meta property=\"og:title\" content=\"Brother Impresora Laser HL-L6410DN - Aivlisoft Inform\u00e1tica\" \/>\n<meta property=\"og:description\" content=\"Marca Brother Modelo HLL6410DNRE1 Impresi&oacute;n &#8211; Impresi&oacute;n autom&aacute;tica a doble cara &#8211; Velocidad de impresi&oacute;n a doble cara A4: Hasta 24 p&aacute;ginas por minuto &#8211; Resoluci&oacute;n: Hasta 1200 x 1200 ppp &#8211; Emulaciones: PCL6, BR-Script3, IBM Proprinter XL, Epson FX-850, PDF Version 1.7, XPS Version 1.0 &#8211; Tiempo de impresi&oacute;n 1&ordf; p&aacute;gina: Menos de 6,7&hellip;&nbsp;Brother Impresora Laser HL-L6410DN\" \/>\n<meta property=\"og:url\" content=\"https:\/\/aivlisoft.net\/shop\/producto\/brother-impresora-laser-hl-l6410dn\/\" \/>\n<meta property=\"og:site_name\" content=\"Aivlisoft Inform\u00e1tica\" \/>\n<meta property=\"article:modified_time\" content=\"2025-01-15T11:13:40+00:00\" \/>\n<meta property=\"og:image\" content=\"https:\/\/aivlisoft.net\/shop\/wp-content\/uploads\/2025\/01\/FIMILM0215_800.jpg\" \/>\n\t<meta property=\"og:image:width\" content=\"800\" \/>\n\t<meta property=\"og:image:height\" content=\"800\" \/>\n\t<meta property=\"og:image:type\" content=\"image\/jpeg\" \/>\n<meta name=\"twitter:card\" content=\"summary_large_image\" \/>\n<meta name=\"twitter:label1\" content=\"Tiempo de lectura\" \/>\n\t<meta name=\"twitter:data1\" content=\"4 minutos\" \/>\n<script type=\"application\/ld+json\" class=\"yoast-schema-graph\">{\"@context\":\"https:\/\/schema.org\",\"@graph\":[{\"@type\":\"WebPage\",\"@id\":\"https:\/\/aivlisoft.net\/shop\/producto\/brother-impresora-laser-hl-l6410dn\/\",\"url\":\"https:\/\/aivlisoft.net\/shop\/producto\/brother-impresora-laser-hl-l6410dn\/\",\"name\":\"Brother Impresora Laser HL-L6410DN - Aivlisoft Inform\u00e1tica\",\"isPartOf\":{\"@id\":\"https:\/\/aivlisoft.net\/shop\/#website\"},\"primaryImageOfPage\":{\"@id\":\"https:\/\/aivlisoft.net\/shop\/producto\/brother-impresora-laser-hl-l6410dn\/#primaryimage\"},\"image\":{\"@id\":\"https:\/\/aivlisoft.net\/shop\/producto\/brother-impresora-laser-hl-l6410dn\/#primaryimage\"},\"thumbnailUrl\":\"https:\/\/aivlisoft.net\/shop\/wp-content\/uploads\/2025\/01\/FIMILM0215_800.jpg\",\"datePublished\":\"2025-01-13T13:53:53+00:00\",\"dateModified\":\"2025-01-15T11:13:40+00:00\",\"breadcrumb\":{\"@id\":\"https:\/\/aivlisoft.net\/shop\/producto\/brother-impresora-laser-hl-l6410dn\/#breadcrumb\"},\"inLanguage\":\"es\",\"potentialAction\":[{\"@type\":\"ReadAction\",\"target\":[\"https:\/\/aivlisoft.net\/shop\/producto\/brother-impresora-laser-hl-l6410dn\/\"]}]},{\"@type\":\"ImageObject\",\"inLanguage\":\"es\",\"@id\":\"https:\/\/aivlisoft.net\/shop\/producto\/brother-impresora-laser-hl-l6410dn\/#primaryimage\",\"url\":\"https:\/\/aivlisoft.net\/shop\/wp-content\/uploads\/2025\/01\/FIMILM0215_800.jpg\",\"contentUrl\":\"https:\/\/aivlisoft.net\/shop\/wp-content\/uploads\/2025\/01\/FIMILM0215_800.jpg\",\"width\":800,\"height\":800},{\"@type\":\"BreadcrumbList\",\"@id\":\"https:\/\/aivlisoft.net\/shop\/producto\/brother-impresora-laser-hl-l6410dn\/#breadcrumb\",\"itemListElement\":[{\"@type\":\"ListItem\",\"position\":1,\"name\":\"Portada\",\"item\":\"https:\/\/aivlisoft.net\/shop\/\"},{\"@type\":\"ListItem\",\"position\":2,\"name\":\"Tienda\",\"item\":\"https:\/\/aivlisoft.net\/shop\/tienda\/\"},{\"@type\":\"ListItem\",\"position\":3,\"name\":\"Brother Impresora Laser HL-L6410DN\"}]},{\"@type\":\"WebSite\",\"@id\":\"https:\/\/aivlisoft.net\/shop\/#website\",\"url\":\"https:\/\/aivlisoft.net\/shop\/\",\"name\":\"Aivlisoft Inform\u00e1tica\",\"description\":\"En Aivlisoft Inform\u00e1tica ofrecemos soluciones tecnol\u00f3gicas para empresas: venta de ordenadores, consumibles, perif\u00e9ricos y m\u00e1s. Calidad, atenci\u00f3n personalizada y los mejores precios para tu negocio.\",\"publisher\":{\"@id\":\"https:\/\/aivlisoft.net\/shop\/#organization\"},\"potentialAction\":[{\"@type\":\"SearchAction\",\"target\":{\"@type\":\"EntryPoint\",\"urlTemplate\":\"https:\/\/aivlisoft.net\/shop\/?s={search_term_string}\"},\"query-input\":{\"@type\":\"PropertyValueSpecification\",\"valueRequired\":true,\"valueName\":\"search_term_string\"}}],\"inLanguage\":\"es\"},{\"@type\":\"Organization\",\"@id\":\"https:\/\/aivlisoft.net\/shop\/#organization\",\"name\":\"Aivlisoft Inform\u00e1tica\",\"url\":\"https:\/\/aivlisoft.net\/shop\/\",\"logo\":{\"@type\":\"ImageObject\",\"inLanguage\":\"es\",\"@id\":\"https:\/\/aivlisoft.net\/shop\/#\/schema\/logo\/image\/\",\"url\":\"https:\/\/aivlisoft.net\/shop\/wp-content\/uploads\/2024\/12\/removal.ai_5b848c54-0cdf-4140-95c5-c5536bb7573b-logodef.png\",\"contentUrl\":\"https:\/\/aivlisoft.net\/shop\/wp-content\/uploads\/2024\/12\/removal.ai_5b848c54-0cdf-4140-95c5-c5536bb7573b-logodef.png\",\"width\":484,\"height\":182,\"caption\":\"Aivlisoft Inform\u00e1tica\"},\"image\":{\"@id\":\"https:\/\/aivlisoft.net\/shop\/#\/schema\/logo\/image\/\"}}]}<\/script>\n<!-- \/ Yoast SEO plugin. -->","yoast_head_json":{"title":"Brother Impresora Laser HL-L6410DN - Aivlisoft Inform\u00e1tica","robots":{"index":"index","follow":"follow","max-snippet":"max-snippet:-1","max-image-preview":"max-image-preview:large","max-video-preview":"max-video-preview:-1"},"canonical":"https:\/\/aivlisoft.net\/shop\/producto\/brother-impresora-laser-hl-l6410dn\/","og_locale":"es_ES","og_type":"article","og_title":"Brother Impresora Laser HL-L6410DN - Aivlisoft Inform\u00e1tica","og_description":"Marca Brother Modelo HLL6410DNRE1 Impresi&oacute;n &#8211; Impresi&oacute;n autom&aacute;tica a doble cara &#8211; Velocidad de impresi&oacute;n a doble cara A4: Hasta 24 p&aacute;ginas por minuto &#8211; Resoluci&oacute;n: Hasta 1200 x 1200 ppp &#8211; Emulaciones: PCL6, BR-Script3, IBM Proprinter XL, Epson FX-850, PDF Version 1.7, XPS Version 1.0 &#8211; Tiempo de impresi&oacute;n 1&ordf; p&aacute;gina: Menos de 6,7&hellip;&nbsp;Brother Impresora Laser HL-L6410DN","og_url":"https:\/\/aivlisoft.net\/shop\/producto\/brother-impresora-laser-hl-l6410dn\/","og_site_name":"Aivlisoft Inform\u00e1tica","article_modified_time":"2025-01-15T11:13:40+00:00","og_image":[{"width":800,"height":800,"url":"https:\/\/aivlisoft.net\/shop\/wp-content\/uploads\/2025\/01\/FIMILM0215_800.jpg","type":"image\/jpeg"}],"twitter_card":"summary_large_image","twitter_misc":{"Tiempo de lectura":"4 minutos"},"schema":{"@context":"https:\/\/schema.org","@graph":[{"@type":"WebPage","@id":"https:\/\/aivlisoft.net\/shop\/producto\/brother-impresora-laser-hl-l6410dn\/","url":"https:\/\/aivlisoft.net\/shop\/producto\/brother-impresora-laser-hl-l6410dn\/","name":"Brother Impresora Laser HL-L6410DN - Aivlisoft Inform\u00e1tica","isPartOf":{"@id":"https:\/\/aivlisoft.net\/shop\/#website"},"primaryImageOfPage":{"@id":"https:\/\/aivlisoft.net\/shop\/producto\/brother-impresora-laser-hl-l6410dn\/#primaryimage"},"image":{"@id":"https:\/\/aivlisoft.net\/shop\/producto\/brother-impresora-laser-hl-l6410dn\/#primaryimage"},"thumbnailUrl":"https:\/\/aivlisoft.net\/shop\/wp-content\/uploads\/2025\/01\/FIMILM0215_800.jpg","datePublished":"2025-01-13T13:53:53+00:00","dateModified":"2025-01-15T11:13:40+00:00","breadcrumb":{"@id":"https:\/\/aivlisoft.net\/shop\/producto\/brother-impresora-laser-hl-l6410dn\/#breadcrumb"},"inLanguage":"es","potentialAction":[{"@type":"ReadAction","target":["https:\/\/aivlisoft.net\/shop\/producto\/brother-impresora-laser-hl-l6410dn\/"]}]},{"@type":"ImageObject","inLanguage":"es","@id":"https:\/\/aivlisoft.net\/shop\/producto\/brother-impresora-laser-hl-l6410dn\/#primaryimage","url":"https:\/\/aivlisoft.net\/shop\/wp-content\/uploads\/2025\/01\/FIMILM0215_800.jpg","contentUrl":"https:\/\/aivlisoft.net\/shop\/wp-content\/uploads\/2025\/01\/FIMILM0215_800.jpg","width":800,"height":800},{"@type":"BreadcrumbList","@id":"https:\/\/aivlisoft.net\/shop\/producto\/brother-impresora-laser-hl-l6410dn\/#breadcrumb","itemListElement":[{"@type":"ListItem","position":1,"name":"Portada","item":"https:\/\/aivlisoft.net\/shop\/"},{"@type":"ListItem","position":2,"name":"Tienda","item":"https:\/\/aivlisoft.net\/shop\/tienda\/"},{"@type":"ListItem","position":3,"name":"Brother Impresora Laser HL-L6410DN"}]},{"@type":"WebSite","@id":"https:\/\/aivlisoft.net\/shop\/#website","url":"https:\/\/aivlisoft.net\/shop\/","name":"Aivlisoft Inform\u00e1tica","description":"En Aivlisoft Inform\u00e1tica ofrecemos soluciones tecnol\u00f3gicas para empresas: venta de ordenadores, consumibles, perif\u00e9ricos y m\u00e1s. Calidad, atenci\u00f3n personalizada y los mejores precios para tu negocio.","publisher":{"@id":"https:\/\/aivlisoft.net\/shop\/#organization"},"potentialAction":[{"@type":"SearchAction","target":{"@type":"EntryPoint","urlTemplate":"https:\/\/aivlisoft.net\/shop\/?s={search_term_string}"},"query-input":{"@type":"PropertyValueSpecification","valueRequired":true,"valueName":"search_term_string"}}],"inLanguage":"es"},{"@type":"Organization","@id":"https:\/\/aivlisoft.net\/shop\/#organization","name":"Aivlisoft Inform\u00e1tica","url":"https:\/\/aivlisoft.net\/shop\/","logo":{"@type":"ImageObject","inLanguage":"es","@id":"https:\/\/aivlisoft.net\/shop\/#\/schema\/logo\/image\/","url":"https:\/\/aivlisoft.net\/shop\/wp-content\/uploads\/2024\/12\/removal.ai_5b848c54-0cdf-4140-95c5-c5536bb7573b-logodef.png","contentUrl":"https:\/\/aivlisoft.net\/shop\/wp-content\/uploads\/2024\/12\/removal.ai_5b848c54-0cdf-4140-95c5-c5536bb7573b-logodef.png","width":484,"height":182,"caption":"Aivlisoft Inform\u00e1tica"},"image":{"@id":"https:\/\/aivlisoft.net\/shop\/#\/schema\/logo\/image\/"}}]}},"_links":{"self":[{"href":"https:\/\/aivlisoft.net\/shop\/wp-json\/wp\/v2\/product\/9080","targetHints":{"allow":["GET"]}}],"collection":[{"href":"https:\/\/aivlisoft.net\/shop\/wp-json\/wp\/v2\/product"}],"about":[{"href":"https:\/\/aivlisoft.net\/shop\/wp-json\/wp\/v2\/types\/product"}],"wp:featuredmedia":[{"embeddable":true,"href":"https:\/\/aivlisoft.net\/shop\/wp-json\/wp\/v2\/media\/9081"}],"wp:attachment":[{"href":"https:\/\/aivlisoft.net\/shop\/wp-json\/wp\/v2\/media?parent=9080"}],"wp:term":[{"taxonomy":"product_brand","embeddable":true,"href":"https:\/\/aivlisoft.net\/shop\/wp-json\/wp\/v2\/product_brand?post=9080"},{"taxonomy":"product_cat","embeddable":true,"href":"https:\/\/aivlisoft.net\/shop\/wp-json\/wp\/v2\/product_cat?post=9080"},{"taxonomy":"product_tag","embeddable":true,"href":"https:\/\/aivlisoft.net\/shop\/wp-json\/wp\/v2\/product_tag?post=9080"}],"curies":[{"name":"wp","href":"https:\/\/api.w.org\/{rel}","templated":true}]}}