{"id":9067,"date":"2025-01-13T13:53:48","date_gmt":"2025-01-13T13:53:48","guid":{"rendered":"https:\/\/aivlisoft.com\/?post_type=product&#038;p=9067"},"modified":"2025-01-15T11:13:42","modified_gmt":"2025-01-15T11:13:42","slug":"hp-impresora-laserjet-pro-3002dw","status":"publish","type":"product","link":"https:\/\/aivlisoft.net\/shop\/producto\/hp-impresora-laserjet-pro-3002dw\/","title":{"rendered":"HP Impresora Laserjet Pro 3002DW"},"content":{"rendered":"<p><\/p>\n<table class=\"tabla_caracteristicas k-table\" width=\"100%\">\n<tr>\n<td><strong>Marca<\/strong><\/td>\n<td>HP<\/td>\n<\/tr>\n<tr>\n<td><strong>Modelo<\/strong><\/td>\n<td><strong>3G652F<\/strong><\/td>\n<\/tr>\n<tr>\n<td valign=\"top\"><strong>Impresi&oacute;n<\/strong><\/td>\n<td>&#8211; Funciones: Estampado<br \/>\t\t\t&#8211; Ciclo de trabajo (mensual, A4): Hasta 50 000 p&aacute;ginas<br \/>\t\t\t&#8211; Ciclo de trabajo (mensual, carta): Up to 50,000 pages<br \/>\t\t\t&#8211; Volumen de p&aacute;ginas mensuales recomendado: 350 a 2500<br \/>\t\t\t&#8211; Tecnolog&iacute;a de impresi&oacute;n: L&aacute;ser<br \/>\t\t\t&#8211; Lenguajes de impresi&oacute;n: HP PCL 6, HP PCL 5e, emulaci&oacute;n HP postscript nivel 3, PDF, URF, PWG Raster<br \/>\t\t\t&#8211; Requisitos m&iacute;nimos del sistema para Macintosh: 2 GB de espacio disponible en el disco duro; Conexi&oacute;n a Internet, puerto USB y navegador de Internet.<br \/>\t\t\t&#8211; Requisitos m&iacute;nimos del sistema: 2 GB de espacio disponible en el disco duro; Conexi&oacute;n a Internet, puerto USB y navegador de Internet.<br \/>\t\t\t*Para conocer los requisitos de hardware del sistema operativo adicionales, consulte apple.com<br \/>\t\t\t&#8211; Almacenamiento de datos: Almacenamiento de trabajo opcional a trav&eacute;s del puerto USB host trasero externo (m&iacute;nimo de 16 GB)<br \/>\t\t\t<strong>Hora de impresi&oacute;n<\/strong><br \/>\t\t\t&#8211; Primera p&aacute;gina impresa en negro (carta, lista): En solo&nbsp; 6.6 sec<br \/>\t\t\t&#8211; Primera p&aacute;gina impresa en negro (carta, reposo): As fast as 8.3 sec<br \/>\t\t\t&#8211; Primera p&aacute;gina impresa en negro (A4, preparada): En solo 7.0 sec<br \/>\t\t\t&#8211; Primera p&aacute;gina impresa en negro (A4, modo reposo): En solo 8,7 segundos<br \/>\t\t\t*Medido seg&uacute;n la norma ISO\/IEC 17629. Para obtener m&aacute;s informaci&oacute;n, consulta http:\/\/www.hp.com\/go\/printerclaims. La velocidad exacta var&iacute;a en funci&oacute;n de la configuraci&oacute;n del sistema, la aplicaci&oacute;n de software, el controlador y la complejidad del documento.<br \/>\t\t\t<strong>Velocidad de impresi&oacute;n<\/strong><br \/>\t\t\t&#8211; Velocidad de impresi&oacute;n en negro (ISO): Hasta 33 ppm<br \/>\t\t\t&#8211; Velocidad de impresi&oacute;n en negro (Vertical, A5): Hasta 7 ppm<br \/>\t\t\t&#8211; Velocidad de impresi&oacute;n:<br \/>\t\t\t&nbsp; Negro (normal, A4): Hasta 33 ppm<br \/>\t\t\t&nbsp; Negro (a doble cara, A4): Hasta 20 ppm<br \/>\t\t\t&#8211; Velocidad de impresi&oacute;n a doble cara (A4): Hasta 20 ppm<br \/>\t\t\t&#8211; Velocidad de impresi&oacute;n a doble cara (carta): Up to 21 ipm<br \/>\t\t\t&#8211; Velocidad de impresi&oacute;n en negro (Horizontal, A5): Hasta 53 ppm<br \/>\t\t\t&#8211; Velocidad de impresi&oacute;n en blanco y negro (ISO, carta): Hasta 35 ppm<br \/>\t\t\t* Medido con ISO\/IEC 17629. Para ver m&aacute;s informaci&oacute;n, visite http:\/\/www.hp.com\/go\/printerclaims. La velocidad exacta var&iacute;a seg&uacute;n la configuraci&oacute;n del sistema, la aplicaci&oacute;n de software, el controlador y la complejidad del documento.<br \/>\t\t\t<strong>Resoluci&oacute;n de impresi&oacute;n<\/strong><br \/>\t\t\t&#8211; Calidad de impresi&oacute;n en negro (&oacute;ptima): Hasta 1200 x 1200 ppp<br \/>\t\t\t&#8211; Tecnolog&iacute;as de resoluci&oacute;n de impresi&oacute;n:<br \/>\t\t\t&nbsp; 600 ppp con tecnolog&iacute;a de mejora de resoluci&oacute;n (REt, por sus siglas en ingl&eacute;s)<br \/>\t\t\t&nbsp; HP ProRes 1200<br \/>\t\t\t&#8211; Resoluci&oacute;n de impresi&oacute;n negra (l&iacute;neas finas): Hasta 1200 x 1200 ppp<br \/>\t\t\t&#8211; Calidad de impresi&oacute;n en negro (normal): Hasta 600 x 600 ppp<\/td>\n<\/tr>\n<tr>\n<td valign=\"top\"><strong>Conectividad<\/strong><\/td>\n<td>&#8211; Funci&oacute;n de impresi&oacute;n m&oacute;vil<br \/>\t\t\t&nbsp; Aplicaci&oacute;n HP Smart<br \/>\t\t\t&nbsp; Apple AirPrint<br \/>\t\t\t&nbsp; Certificaci&oacute;n Mopria<br \/>\t\t\t&nbsp; Impresi&oacute;n Wi-Fi Direct<br \/>\t\t\t&#8211; Funci&oacute;n inal&aacute;mbrica<br \/>\t\t\t&#8211; Funciones de red<br \/>\t\t\t&nbsp; 10\/100Mbps Ethernet<br \/>\t\t\t&nbsp; Conexi&oacute;n inal&aacute;mbrica 802.11b\/g\/n y banda dual de 2,4 GHz\/5 GHz.<br \/>\t\t\t&#8211; Conectividad, est&aacute;ndar<br \/>\t\t\t&nbsp; Dispositivo USB de alta velocidad (compatible con las especificaciones USB 2.0)<br \/>\t\t\t&nbsp; 10\/100Mbps Ethernet<br \/>\t\t\t&nbsp; Conexi&oacute;n inal&aacute;mbrica 802.11b\/g\/n, banda dual de 2,4 GHz\/5 GHz<br \/>\t\t\t&nbsp; BLE<br \/>\t\t\t&#8211; Protocolos de red, compatibles:<br \/>\t\t\t&nbsp; TCP\/IP: IPv4<br \/>\t\t\t&nbsp; IPv6<br \/>\t\t\t&nbsp; Modo directo IP<br \/>\t\t\t&nbsp; LPD<br \/>\t\t\t&nbsp; SLP<br \/>\t\t\t&nbsp; Bonjour<br \/>\t\t\t&nbsp; WS-Discovery<br \/>\t\t\t&nbsp; BOOTP\/ DHCP\/ AutoIP<br \/>\t\t\t&nbsp; WINS<br \/>\t\t\t&nbsp; SNMP v 1\/2\/3<br \/>\t\t\t&nbsp; y HTTP\/HTTPS<\/td>\n<\/tr>\n<tr>\n<td valign=\"top\"><strong>Gesti&oacute;n de soportes de impresi&oacute;n<\/strong><\/td>\n<td>&#8211; Capacidad m&aacute;xima de entrada (hojas): Hasta 250 hojas<br \/>\t\t\t&#8211; Capacidad m&aacute;xima de entrada m&aacute;xima (sobres): Hasta 10 sobres<br \/>\t\t\t&#8211; Capacidad de entrada: Hasta 250 hojas<br \/>\t\t\t&#8211; Capacidad de entrada est&aacute;ndar (sobres): Hasta 10<br \/>\t\t\t&#8211; Tipo de soporte y capacidad, bandeja 1<br \/>\t\t\t&nbsp; Hojas: hasta 250 hojas<br \/>\t\t\t&nbsp; Sobres: hasta 10 sobres<br \/>\t\t\t&#8211; Capacidad m&aacute;xima de salida (hojas): Hasta 150 hojas<br \/>\t\t\t&#8211; Capacidad de salida: Hasta 150 hojas<br \/>\t\t\t&#8211; Capacidad de salida est&aacute;ndar (sobres): Hasta 10<br \/>\t\t\t&#8211; Manipulaci&oacute;n del papel de entrada, est&aacute;ndar<br \/>\t\t\t&nbsp; 1 bandeja principal<br \/>\t\t\t&nbsp; 250 hojas o 10 sobres<br \/>\t\t\t&#8211; Salida de gesti&oacute;n de papel, est&aacute;ndar: Bandeja de salida de 150 hojas<\/td>\n<\/tr>\n<tr>\n<td valign=\"top\"><strong>Otras caracter&iacute;sticas<\/strong><\/td>\n<td>&#8211; Velocidad del procesador: 800 MHz<br \/>\t\t\t&#8211; Sistemas operativos compatibles:<br \/>\t\t\t&nbsp; No es compatible con Windows XP (64 bits), Windows Vista (64 bits) ni Windows 8 y 8.1<br \/>\t\t\t&nbsp; Disponible para Windows 7 SP1 y versiones posteriores<br \/>\t\t\t&nbsp; Solo se instala el controlador de impresi&oacute;n en Windows Server 2008 R2 de 64 bits, 2012 de 64 bits, 2012 R2 de 64 bits y 2016 de 64 bits<br \/>\t\t\t&nbsp; Los sistemas Linux utilizan el software HPLIP integrado en el sistema operativo<br \/>\t\t\t<strong>Consumibles<\/strong><br \/>\t\t\t&#8211; N&uacute;mero de cartuchos de impresi&oacute;n: 1 (negro)<br \/>\t\t\t&#8211; Cartuchos de sustituci&oacute;n<br \/>\t\t\t&nbsp; Cartucho de T&oacute;ner Original HP 139A LaserJet negro (aproximadamente 1500 p&aacute;ginas) W1390A<br \/>\t\t\t&nbsp; Cartucho de T&oacute;ner Original HP 139X LaserJet negro (aproximadamente 4000 p&aacute;ginas) W1390X<br \/>\t\t\t&#8211; Funci&oacute;n de consumibles: Cartucho HP JetIntelligence<br \/>\t\t\t&#8211; Tinta instant&aacute;nea: Ahorra hasta un 50 % en tinta y nunca te quedes sin ella gracias al servicio Instant Ink para impresoras l&aacute;ser<br \/>\t\t\t&#8211; Rendimiento en p&aacute;ginas (cartuchos preparados\/de entrada): Aproximadamente 1000 p&aacute;ginas en negro<br \/>\t\t\t* Rendimientos declarados seg&uacute;n la norma ISO\/IEC 19752 y la impresi&oacute;n continua. El rendimiento real var&iacute;a considerablemente en funci&oacute;n de las im&aacute;genes impresas y de otros factores. Para obtener m&aacute;s informaci&oacute;n, consulta http:\/\/www.hp.com\/go\/toneryield.<br \/>\t\t\t<strong>Consumo y alimentaci&oacute;n<\/strong><br \/>\t\t\t&#8211; Voltaje de entrada de 110 voltios: De 110 a 127 VCA (+\/- 10 %), 60 Hz\/50 Hz<br \/>\t\t\t&#8211; Voltaje de entrada de 220 voltios: De 220 a 240 VCA (+\/- 10 %), 60 Hz\/50 Hz<br \/>\t\t\t&#8211; Consumo energ&eacute;tico:<br \/>\t\t\t&nbsp; 484 vatios (impresi&oacute;n activa)<br \/>\t\t\t&nbsp; 2,93 vatios (listo)<br \/>\t\t\t&nbsp; 1,06 vatios (suspensi&oacute;n)<br \/>\t\t\t&nbsp; 0,06 vatios (apagado manual)<br \/>\t\t\t&nbsp; 0,06 vatios (apagado autom&aacute;tico\/encendido manual)<br \/>\t\t\t&nbsp; 0,9 vatios (apagado autom&aacute;tico\/Activar LAN)<br \/>\t\t\t&#8211; Tipo de fuente de alimentaci&oacute;n<br \/>\t\t\t&#8211; Fuente de alimentaci&oacute;n interna (integrada)<br \/>\t\t\t<strong>Memoria<\/strong><br \/>\t\t\t&#8211; Memoria, est&aacute;ndar: 256 MB<br \/>\t\t\t&#8211; Memoria, m&aacute;ximo: 256 MB<br \/>\t\t\t<strong>Dimensiones y peso<\/strong><br \/>\t\t\t&#8211; 367,0 x 398,2 x 216,2 mm<br \/>\t\t\t&#8211; 7,5 kg<br \/>\t\t\t<strong>Contenido<\/strong><br \/>\t\t\t&#8211; Impresora HP LaserJet Pro 3002dw<br \/>\t\t\t&#8211; Cartucho de t&oacute;ner de inicializaci&oacute;n HP LaserJet negro (aproximadamente 1000 p&aacute;ginas)<br \/>\t\t\t&#8211; Gu&iacute;a de configuraci&oacute;n<br \/>\t\t\t&#8211; Gu&iacute;a de referencia<br \/>\t\t\t&#8211; Folleto reglamentario<br \/>\t\t\t&#8211; Cable de alimentaci&oacute;n<\/td>\n<\/tr>\n<tr>\n<td><strong>Fecha Revisi&oacute;n<\/strong><\/td>\n<td>06-02-2024 por RTY<\/td>\n<\/tr>\n<\/table>\n","protected":false},"excerpt":{"rendered":"<p>Marca HP Modelo 3G652F Impresi&oacute;n &#8211; Funciones: Estampado &#8211; Ciclo de trabajo (mensual, A4): Hasta 50 000 p&aacute;ginas &#8211; Ciclo de trabajo (mensual, carta): Up to 50,000 pages &#8211; Volumen de p&aacute;ginas mensuales recomendado: 350 a 2500 &#8211; Tecnolog&iacute;a de impresi&oacute;n: L&aacute;ser &#8211; Lenguajes de impresi&oacute;n: HP PCL 6, HP PCL 5e, emulaci&oacute;n HP postscript&hellip;&nbsp;<a href=\"https:\/\/aivlisoft.net\/shop\/producto\/hp-impresora-laserjet-pro-3002dw\/\" rel=\"bookmark\"><span class=\"screen-reader-text\">HP Impresora Laserjet Pro 3002DW<\/span><\/a><\/p>\n","protected":false},"featured_media":9068,"template":"","meta":{"neve_meta_sidebar":"","neve_meta_container":"","neve_meta_enable_content_width":"","neve_meta_content_width":0,"neve_meta_title_alignment":"","neve_meta_author_avatar":"","neve_post_elements_order":"","neve_meta_disable_header":"","neve_meta_disable_footer":"","neve_meta_disable_title":""},"product_brand":[],"product_cat":[15,3529],"product_tag":[3579],"class_list":{"0":"post-9067","1":"product","2":"type-product","3":"status-publish","4":"has-post-thumbnail","6":"product_cat-sin-categorizar","7":"product_cat-impresoras","8":"product_tag-3g652f","10":"first","11":"instock","12":"taxable","13":"shipping-taxable","14":"purchasable","15":"product-type-simple"},"yoast_head":"<!-- This site is optimized with the Yoast SEO plugin v26.0 - https:\/\/yoast.com\/wordpress\/plugins\/seo\/ -->\n<title>HP Impresora Laserjet Pro 3002DW - Aivlisoft Inform\u00e1tica<\/title>\n<meta name=\"robots\" content=\"index, follow, max-snippet:-1, max-image-preview:large, max-video-preview:-1\" \/>\n<link rel=\"canonical\" href=\"https:\/\/aivlisoft.net\/shop\/producto\/hp-impresora-laserjet-pro-3002dw\/\" \/>\n<meta property=\"og:locale\" content=\"es_ES\" \/>\n<meta property=\"og:type\" content=\"article\" \/>\n<meta property=\"og:title\" content=\"HP Impresora Laserjet Pro 3002DW - Aivlisoft Inform\u00e1tica\" \/>\n<meta property=\"og:description\" content=\"Marca HP Modelo 3G652F Impresi&oacute;n &#8211; Funciones: Estampado &#8211; Ciclo de trabajo (mensual, A4): Hasta 50 000 p&aacute;ginas &#8211; Ciclo de trabajo (mensual, carta): Up to 50,000 pages &#8211; Volumen de p&aacute;ginas mensuales recomendado: 350 a 2500 &#8211; Tecnolog&iacute;a de impresi&oacute;n: L&aacute;ser &#8211; Lenguajes de impresi&oacute;n: HP PCL 6, HP PCL 5e, emulaci&oacute;n HP postscript&hellip;&nbsp;HP Impresora Laserjet Pro 3002DW\" \/>\n<meta property=\"og:url\" content=\"https:\/\/aivlisoft.net\/shop\/producto\/hp-impresora-laserjet-pro-3002dw\/\" \/>\n<meta property=\"og:site_name\" content=\"Aivlisoft Inform\u00e1tica\" \/>\n<meta property=\"article:modified_time\" content=\"2025-01-15T11:13:42+00:00\" \/>\n<meta property=\"og:image\" content=\"https:\/\/aivlisoft.net\/shop\/wp-content\/uploads\/2025\/01\/FIMILM0209_800.jpg\" \/>\n\t<meta property=\"og:image:width\" content=\"800\" \/>\n\t<meta property=\"og:image:height\" content=\"800\" \/>\n\t<meta property=\"og:image:type\" content=\"image\/jpeg\" \/>\n<meta name=\"twitter:card\" content=\"summary_large_image\" \/>\n<meta name=\"twitter:label1\" content=\"Tiempo de lectura\" \/>\n\t<meta name=\"twitter:data1\" content=\"6 minutos\" \/>\n<script type=\"application\/ld+json\" class=\"yoast-schema-graph\">{\"@context\":\"https:\/\/schema.org\",\"@graph\":[{\"@type\":\"WebPage\",\"@id\":\"https:\/\/aivlisoft.net\/shop\/producto\/hp-impresora-laserjet-pro-3002dw\/\",\"url\":\"https:\/\/aivlisoft.net\/shop\/producto\/hp-impresora-laserjet-pro-3002dw\/\",\"name\":\"HP Impresora Laserjet Pro 3002DW - Aivlisoft Inform\u00e1tica\",\"isPartOf\":{\"@id\":\"https:\/\/aivlisoft.net\/shop\/#website\"},\"primaryImageOfPage\":{\"@id\":\"https:\/\/aivlisoft.net\/shop\/producto\/hp-impresora-laserjet-pro-3002dw\/#primaryimage\"},\"image\":{\"@id\":\"https:\/\/aivlisoft.net\/shop\/producto\/hp-impresora-laserjet-pro-3002dw\/#primaryimage\"},\"thumbnailUrl\":\"https:\/\/aivlisoft.net\/shop\/wp-content\/uploads\/2025\/01\/FIMILM0209_800.jpg\",\"datePublished\":\"2025-01-13T13:53:48+00:00\",\"dateModified\":\"2025-01-15T11:13:42+00:00\",\"breadcrumb\":{\"@id\":\"https:\/\/aivlisoft.net\/shop\/producto\/hp-impresora-laserjet-pro-3002dw\/#breadcrumb\"},\"inLanguage\":\"es\",\"potentialAction\":[{\"@type\":\"ReadAction\",\"target\":[\"https:\/\/aivlisoft.net\/shop\/producto\/hp-impresora-laserjet-pro-3002dw\/\"]}]},{\"@type\":\"ImageObject\",\"inLanguage\":\"es\",\"@id\":\"https:\/\/aivlisoft.net\/shop\/producto\/hp-impresora-laserjet-pro-3002dw\/#primaryimage\",\"url\":\"https:\/\/aivlisoft.net\/shop\/wp-content\/uploads\/2025\/01\/FIMILM0209_800.jpg\",\"contentUrl\":\"https:\/\/aivlisoft.net\/shop\/wp-content\/uploads\/2025\/01\/FIMILM0209_800.jpg\",\"width\":800,\"height\":800},{\"@type\":\"BreadcrumbList\",\"@id\":\"https:\/\/aivlisoft.net\/shop\/producto\/hp-impresora-laserjet-pro-3002dw\/#breadcrumb\",\"itemListElement\":[{\"@type\":\"ListItem\",\"position\":1,\"name\":\"Portada\",\"item\":\"https:\/\/aivlisoft.net\/shop\/\"},{\"@type\":\"ListItem\",\"position\":2,\"name\":\"Tienda\",\"item\":\"https:\/\/aivlisoft.net\/shop\/tienda\/\"},{\"@type\":\"ListItem\",\"position\":3,\"name\":\"HP Impresora Laserjet Pro 3002DW\"}]},{\"@type\":\"WebSite\",\"@id\":\"https:\/\/aivlisoft.net\/shop\/#website\",\"url\":\"https:\/\/aivlisoft.net\/shop\/\",\"name\":\"Aivlisoft Inform\u00e1tica\",\"description\":\"En Aivlisoft Inform\u00e1tica ofrecemos soluciones tecnol\u00f3gicas para empresas: venta de ordenadores, consumibles, perif\u00e9ricos y m\u00e1s. Calidad, atenci\u00f3n personalizada y los mejores precios para tu negocio.\",\"publisher\":{\"@id\":\"https:\/\/aivlisoft.net\/shop\/#organization\"},\"potentialAction\":[{\"@type\":\"SearchAction\",\"target\":{\"@type\":\"EntryPoint\",\"urlTemplate\":\"https:\/\/aivlisoft.net\/shop\/?s={search_term_string}\"},\"query-input\":{\"@type\":\"PropertyValueSpecification\",\"valueRequired\":true,\"valueName\":\"search_term_string\"}}],\"inLanguage\":\"es\"},{\"@type\":\"Organization\",\"@id\":\"https:\/\/aivlisoft.net\/shop\/#organization\",\"name\":\"Aivlisoft Inform\u00e1tica\",\"url\":\"https:\/\/aivlisoft.net\/shop\/\",\"logo\":{\"@type\":\"ImageObject\",\"inLanguage\":\"es\",\"@id\":\"https:\/\/aivlisoft.net\/shop\/#\/schema\/logo\/image\/\",\"url\":\"https:\/\/aivlisoft.net\/shop\/wp-content\/uploads\/2024\/12\/removal.ai_5b848c54-0cdf-4140-95c5-c5536bb7573b-logodef.png\",\"contentUrl\":\"https:\/\/aivlisoft.net\/shop\/wp-content\/uploads\/2024\/12\/removal.ai_5b848c54-0cdf-4140-95c5-c5536bb7573b-logodef.png\",\"width\":484,\"height\":182,\"caption\":\"Aivlisoft Inform\u00e1tica\"},\"image\":{\"@id\":\"https:\/\/aivlisoft.net\/shop\/#\/schema\/logo\/image\/\"}}]}<\/script>\n<!-- \/ Yoast SEO plugin. -->","yoast_head_json":{"title":"HP Impresora Laserjet Pro 3002DW - Aivlisoft Inform\u00e1tica","robots":{"index":"index","follow":"follow","max-snippet":"max-snippet:-1","max-image-preview":"max-image-preview:large","max-video-preview":"max-video-preview:-1"},"canonical":"https:\/\/aivlisoft.net\/shop\/producto\/hp-impresora-laserjet-pro-3002dw\/","og_locale":"es_ES","og_type":"article","og_title":"HP Impresora Laserjet Pro 3002DW - Aivlisoft Inform\u00e1tica","og_description":"Marca HP Modelo 3G652F Impresi&oacute;n &#8211; Funciones: Estampado &#8211; Ciclo de trabajo (mensual, A4): Hasta 50 000 p&aacute;ginas &#8211; Ciclo de trabajo (mensual, carta): Up to 50,000 pages &#8211; Volumen de p&aacute;ginas mensuales recomendado: 350 a 2500 &#8211; Tecnolog&iacute;a de impresi&oacute;n: L&aacute;ser &#8211; Lenguajes de impresi&oacute;n: HP PCL 6, HP PCL 5e, emulaci&oacute;n HP postscript&hellip;&nbsp;HP Impresora Laserjet Pro 3002DW","og_url":"https:\/\/aivlisoft.net\/shop\/producto\/hp-impresora-laserjet-pro-3002dw\/","og_site_name":"Aivlisoft Inform\u00e1tica","article_modified_time":"2025-01-15T11:13:42+00:00","og_image":[{"width":800,"height":800,"url":"https:\/\/aivlisoft.net\/shop\/wp-content\/uploads\/2025\/01\/FIMILM0209_800.jpg","type":"image\/jpeg"}],"twitter_card":"summary_large_image","twitter_misc":{"Tiempo de lectura":"6 minutos"},"schema":{"@context":"https:\/\/schema.org","@graph":[{"@type":"WebPage","@id":"https:\/\/aivlisoft.net\/shop\/producto\/hp-impresora-laserjet-pro-3002dw\/","url":"https:\/\/aivlisoft.net\/shop\/producto\/hp-impresora-laserjet-pro-3002dw\/","name":"HP Impresora Laserjet Pro 3002DW - Aivlisoft Inform\u00e1tica","isPartOf":{"@id":"https:\/\/aivlisoft.net\/shop\/#website"},"primaryImageOfPage":{"@id":"https:\/\/aivlisoft.net\/shop\/producto\/hp-impresora-laserjet-pro-3002dw\/#primaryimage"},"image":{"@id":"https:\/\/aivlisoft.net\/shop\/producto\/hp-impresora-laserjet-pro-3002dw\/#primaryimage"},"thumbnailUrl":"https:\/\/aivlisoft.net\/shop\/wp-content\/uploads\/2025\/01\/FIMILM0209_800.jpg","datePublished":"2025-01-13T13:53:48+00:00","dateModified":"2025-01-15T11:13:42+00:00","breadcrumb":{"@id":"https:\/\/aivlisoft.net\/shop\/producto\/hp-impresora-laserjet-pro-3002dw\/#breadcrumb"},"inLanguage":"es","potentialAction":[{"@type":"ReadAction","target":["https:\/\/aivlisoft.net\/shop\/producto\/hp-impresora-laserjet-pro-3002dw\/"]}]},{"@type":"ImageObject","inLanguage":"es","@id":"https:\/\/aivlisoft.net\/shop\/producto\/hp-impresora-laserjet-pro-3002dw\/#primaryimage","url":"https:\/\/aivlisoft.net\/shop\/wp-content\/uploads\/2025\/01\/FIMILM0209_800.jpg","contentUrl":"https:\/\/aivlisoft.net\/shop\/wp-content\/uploads\/2025\/01\/FIMILM0209_800.jpg","width":800,"height":800},{"@type":"BreadcrumbList","@id":"https:\/\/aivlisoft.net\/shop\/producto\/hp-impresora-laserjet-pro-3002dw\/#breadcrumb","itemListElement":[{"@type":"ListItem","position":1,"name":"Portada","item":"https:\/\/aivlisoft.net\/shop\/"},{"@type":"ListItem","position":2,"name":"Tienda","item":"https:\/\/aivlisoft.net\/shop\/tienda\/"},{"@type":"ListItem","position":3,"name":"HP Impresora Laserjet Pro 3002DW"}]},{"@type":"WebSite","@id":"https:\/\/aivlisoft.net\/shop\/#website","url":"https:\/\/aivlisoft.net\/shop\/","name":"Aivlisoft Inform\u00e1tica","description":"En Aivlisoft Inform\u00e1tica ofrecemos soluciones tecnol\u00f3gicas para empresas: venta de ordenadores, consumibles, perif\u00e9ricos y m\u00e1s. Calidad, atenci\u00f3n personalizada y los mejores precios para tu negocio.","publisher":{"@id":"https:\/\/aivlisoft.net\/shop\/#organization"},"potentialAction":[{"@type":"SearchAction","target":{"@type":"EntryPoint","urlTemplate":"https:\/\/aivlisoft.net\/shop\/?s={search_term_string}"},"query-input":{"@type":"PropertyValueSpecification","valueRequired":true,"valueName":"search_term_string"}}],"inLanguage":"es"},{"@type":"Organization","@id":"https:\/\/aivlisoft.net\/shop\/#organization","name":"Aivlisoft Inform\u00e1tica","url":"https:\/\/aivlisoft.net\/shop\/","logo":{"@type":"ImageObject","inLanguage":"es","@id":"https:\/\/aivlisoft.net\/shop\/#\/schema\/logo\/image\/","url":"https:\/\/aivlisoft.net\/shop\/wp-content\/uploads\/2024\/12\/removal.ai_5b848c54-0cdf-4140-95c5-c5536bb7573b-logodef.png","contentUrl":"https:\/\/aivlisoft.net\/shop\/wp-content\/uploads\/2024\/12\/removal.ai_5b848c54-0cdf-4140-95c5-c5536bb7573b-logodef.png","width":484,"height":182,"caption":"Aivlisoft Inform\u00e1tica"},"image":{"@id":"https:\/\/aivlisoft.net\/shop\/#\/schema\/logo\/image\/"}}]}},"_links":{"self":[{"href":"https:\/\/aivlisoft.net\/shop\/wp-json\/wp\/v2\/product\/9067","targetHints":{"allow":["GET"]}}],"collection":[{"href":"https:\/\/aivlisoft.net\/shop\/wp-json\/wp\/v2\/product"}],"about":[{"href":"https:\/\/aivlisoft.net\/shop\/wp-json\/wp\/v2\/types\/product"}],"wp:featuredmedia":[{"embeddable":true,"href":"https:\/\/aivlisoft.net\/shop\/wp-json\/wp\/v2\/media\/9068"}],"wp:attachment":[{"href":"https:\/\/aivlisoft.net\/shop\/wp-json\/wp\/v2\/media?parent=9067"}],"wp:term":[{"taxonomy":"product_brand","embeddable":true,"href":"https:\/\/aivlisoft.net\/shop\/wp-json\/wp\/v2\/product_brand?post=9067"},{"taxonomy":"product_cat","embeddable":true,"href":"https:\/\/aivlisoft.net\/shop\/wp-json\/wp\/v2\/product_cat?post=9067"},{"taxonomy":"product_tag","embeddable":true,"href":"https:\/\/aivlisoft.net\/shop\/wp-json\/wp\/v2\/product_tag?post=9067"}],"curies":[{"name":"wp","href":"https:\/\/api.w.org\/{rel}","templated":true}]}}