{"id":9063,"date":"2025-01-13T13:53:46","date_gmt":"2025-01-13T13:53:46","guid":{"rendered":"https:\/\/aivlisoft.com\/?post_type=product&#038;p=9063"},"modified":"2025-01-15T11:13:42","modified_gmt":"2025-01-15T11:13:42","slug":"hp-impresora-laserjet-pro-3002dn","status":"publish","type":"product","link":"https:\/\/aivlisoft.net\/shop\/producto\/hp-impresora-laserjet-pro-3002dn\/","title":{"rendered":"HP Impresora Laserjet Pro 3002DN"},"content":{"rendered":"<p><\/p>\n<table class=\"tabla_caracteristicas k-table\" width=\"100%\">\n<tr>\n<td><strong>Marca<\/strong><\/td>\n<td>HP<\/td>\n<\/tr>\n<tr>\n<td><strong>Modelo<\/strong><\/td>\n<td><strong>3G651F<\/strong><\/td>\n<\/tr>\n<tr>\n<td valign=\"top\"><strong>Impresi&oacute;n<\/strong><\/td>\n<td>&#8211; Velocidad de impresi&oacute;n monocrom&aacute;tica (ISO, carta): Hasta 35 ppm 1<br \/>\t\t\t&#8211; Velocidad de impresi&oacute;n monocrom&aacute;tica (ISO, A4): Hasta 33 ppm 1<br \/>\t\t\t&#8211; Primera p&aacute;gina impresa en negro (carta, lista): Tan r&aacute;pido como 6.6 seg 2<br \/>\t\t\t&#8211; Salida de primera p&aacute;gina impresa en negro (A4, preparada): En solo 7,0 segundos<br \/>\t\t\t&#8211; Impresi&oacute;n a doble cara: Autom&aacute;tica (est&aacute;ndar)<br \/>\t\t\t&#8211; Ciclo de trabajo (mensual, carta): Up to 50,000Hasta 50 000<br \/>\t\t\t&#8211; Ciclo de trabajo (mensual, A4): Hasta 50 000<br \/>\t\t\t&#8211; Volumen de p&aacute;ginas mensuales recomendado: 350 a 2500 p&aacute;ginas<br \/>\t\t\t&#8211; Calidad de impresi&oacute;n en negro (&oacute;ptima): Hasta 1200 x 1200 dpi<br \/>\t\t\t&#8211; Lenguajes de impresi&oacute;n: PCL5c; PCL6; PS; PCLmS; PDF; URF; PWG; PCLm<br \/>\t\t\t&#8211; Tecnolog&iacute;a de impresi&oacute;n: Laser<\/td>\n<\/tr>\n<tr>\n<td valign=\"top\"><strong>Conectividad<\/strong><\/td>\n<td>&#8211; Conectividad, est&aacute;ndar: Dispositivo USB de alta velocidad (compatible con especificaciones de USB 2.0); Ethernet de 10\/100 Mbps<br \/>\t\t\t&#8211; Capacidad de impresi&oacute;n m&oacute;vil: Aplicaci&oacute;n HP Smart, Apple AirPrint, Con certificaci&oacute;n Mopria<br \/>\t\t\t&#8211; Capacidades de red: Ethernet de 10\/100 Mbps<\/td>\n<\/tr>\n<tr>\n<td valign=\"top\"><strong>Gesti&oacute;n de soportes de impresi&oacute;n<\/strong><\/td>\n<td>&#8211; Entrada de manejo de papel, est&aacute;ndar: 1 bandeja principal; 250 hojas o 10 sobres<br \/>\t\t\t&#8211; Salida de manejo de papel, est&aacute;ndar: Bandeja de salida de 150 hojas<br \/>\t\t\t&#8211; Tipos de soportes: Papel (hojas sueltas, lisas, brillantes, etiquetas), sobres, cartulinas, postales<br \/>\t\t\t&#8211; Tama&ntilde;os de soportes de impresi&oacute;n admitidos:<br \/>\t\t\t&nbsp; A4, A5, A5-R, A6, B5(JIS)<br \/>\t\t\t&nbsp; B6(JIS)<br \/>\t\t\t&nbsp; Oficio (216 x 340)<br \/>\t\t\t&nbsp; 16.000 (195 x 270 mm)<br \/>\t\t\t&nbsp; 16.000 (195 x 270 mm)<br \/>\t\t\t&nbsp; 16.000 (197 x 273 mm)<br \/>\t\t\t&nbsp; Largo de 9 x 13 cm<br \/>\t\t\t&nbsp; 10 x 15 cm<br \/>\t\t\t&nbsp; Tarjeta postal japonesa; Doble tarjeta postal japonesa con rotaci&oacute;n<br \/>\t\t\t&nbsp; Sobre japon&eacute;s Chou n.&ordm; 3; sobre japon&eacute;s Chou n.&ordm; 4; sobre B5; Sobre C5; Sobre C6; Sobre DL<br \/>\t\t\t&#8211; Tama&ntilde;os de soportes, personalizado: Ancho de 76 a 216 mm; Largo de 127 a 356 mm<\/td>\n<\/tr>\n<tr>\n<td valign=\"top\"><strong>Otras caracter&iacute;sticas<\/strong><\/td>\n<td>&#8211; Velocidad del procesador: 800 MHz<br \/>\t\t\t<strong>Sistemas operativos compatibles <\/strong><br \/>\t\t\t&#8211; Microsoft Windows 11, 10, 7 SP1: 32 bits o 64 bits, 2 GB de espacio disponible en el disco duro, conexi&oacute;n a Internet, Microsoft Internet Explorer o Edge<br \/>\t\t\t&#8211; Apple macOS v10.15 Catalina, macOS v11 Big Sur, macOS v12 Monterey. Disco duro de 2 GB.<br \/>\t\t\t&#8211; Se requiere acceso a Internet; Linux (para obtener m&aacute;s informaci&oacute;n, consulte https:\/\/developers.hp.com\/hp-linux-imaging-and-printing)<br \/>\t\t\t<strong>Consumo y alimentaci&oacute;n<\/strong><br \/>\t\t\t&#8211; Consumo de energ&iacute;a:<br \/>\t\t\t&nbsp; 484 vatios (impresi&oacute;n activa)<br \/>\t\t\t&nbsp; 2,93 vatios (lista)<br \/>\t\t\t&nbsp; 1,06 vatios (suspensi&oacute;n)<br \/>\t\t\t&nbsp; 0,06 vatios (apagado manual)<br \/>\t\t\t&nbsp; 0,06 vatios (apagado autom&aacute;tico\/encendido manual)<br \/>\t\t\t&nbsp; 0,9 vatios (LAN de apagado autom&aacute;tico\/encendido manual)<br \/>\t\t\t&#8211; Alimentaci&oacute;n:<br \/>\t\t\t&nbsp; Voltaje de entrada de 110 voltios: 110 a 127 V CA (+\/-10 %), 60 Hz\/50 Hz<br \/>\t\t\t&nbsp; Voltaje de entrada de 220 voltios: 220 a 240 V CA (+\/- 10 %), 60 Hz\/50 Hz<br \/>\t\t\t&#8211; N&uacute;mero de Consumo el&eacute;ctrico t&iacute;pico (TEC): Energy Star: 0,387 kWh\/semana<br \/>\t\t\t<strong>Memoria<\/strong><br \/>\t\t\t&#8211; Memoria, est&aacute;ndar: 256 MB<br \/>\t\t\t&#8211; Memoria, m&aacute;ximo: 256 MB<br \/>\t\t\t<strong>Dimensiones y peso<\/strong><br \/>\t\t\t&#8211; 367 &times; 758,8 &times; 366,1 mm<br \/>\t\t\t&#8211; Peso: 7,5 kg<br \/>\t\t\t<strong>Contenido<\/strong><br \/>\t\t\t&#8211; Impresora HP LaserJet Pro 3002dn<br \/>\t\t\t&#8211; Cartucho de t&oacute;ner Original HP LaserJet negro previamente instalado<br \/>\t\t\t&#8211; Gu&iacute;a de inicio<br \/>\t\t\t&#8211; Folleto de ayuda<br \/>\t\t\t&#8211; Volante reglamentario<br \/>\t\t\t&#8211; Cable de alimentaci&oacute;n<\/td>\n<\/tr>\n<tr>\n<td><strong>Fecha Revisi&oacute;n<\/strong><\/td>\n<td>14-12-2023 por RTY<\/td>\n<\/tr>\n<\/table>\n","protected":false},"excerpt":{"rendered":"<p>Marca HP Modelo 3G651F Impresi&oacute;n &#8211; Velocidad de impresi&oacute;n monocrom&aacute;tica (ISO, carta): Hasta 35 ppm 1 &#8211; Velocidad de impresi&oacute;n monocrom&aacute;tica (ISO, A4): Hasta 33 ppm 1 &#8211; Primera p&aacute;gina impresa en negro (carta, lista): Tan r&aacute;pido como 6.6 seg 2 &#8211; Salida de primera p&aacute;gina impresa en negro (A4, preparada): En solo 7,0 segundos&hellip;&nbsp;<a href=\"https:\/\/aivlisoft.net\/shop\/producto\/hp-impresora-laserjet-pro-3002dn\/\" rel=\"bookmark\"><span class=\"screen-reader-text\">HP Impresora Laserjet Pro 3002DN<\/span><\/a><\/p>\n","protected":false},"featured_media":9064,"template":"","meta":{"neve_meta_sidebar":"","neve_meta_container":"","neve_meta_enable_content_width":"","neve_meta_content_width":0,"neve_meta_title_alignment":"","neve_meta_author_avatar":"","neve_post_elements_order":"","neve_meta_disable_header":"","neve_meta_disable_footer":"","neve_meta_disable_title":""},"product_brand":[],"product_cat":[15,3529],"product_tag":[3578],"class_list":{"0":"post-9063","1":"product","2":"type-product","3":"status-publish","4":"has-post-thumbnail","6":"product_cat-sin-categorizar","7":"product_cat-impresoras","8":"product_tag-3g651f","10":"first","11":"instock","12":"taxable","13":"shipping-taxable","14":"purchasable","15":"product-type-simple"},"yoast_head":"<!-- This site is optimized with the Yoast SEO plugin v26.0 - https:\/\/yoast.com\/wordpress\/plugins\/seo\/ -->\n<title>HP Impresora Laserjet Pro 3002DN - Aivlisoft Inform\u00e1tica<\/title>\n<meta name=\"robots\" content=\"index, follow, max-snippet:-1, max-image-preview:large, max-video-preview:-1\" \/>\n<link rel=\"canonical\" href=\"https:\/\/aivlisoft.net\/shop\/producto\/hp-impresora-laserjet-pro-3002dn\/\" \/>\n<meta property=\"og:locale\" content=\"es_ES\" \/>\n<meta property=\"og:type\" content=\"article\" \/>\n<meta property=\"og:title\" content=\"HP Impresora Laserjet Pro 3002DN - Aivlisoft Inform\u00e1tica\" \/>\n<meta property=\"og:description\" content=\"Marca HP Modelo 3G651F Impresi&oacute;n &#8211; Velocidad de impresi&oacute;n monocrom&aacute;tica (ISO, carta): Hasta 35 ppm 1 &#8211; Velocidad de impresi&oacute;n monocrom&aacute;tica (ISO, A4): Hasta 33 ppm 1 &#8211; Primera p&aacute;gina impresa en negro (carta, lista): Tan r&aacute;pido como 6.6 seg 2 &#8211; Salida de primera p&aacute;gina impresa en negro (A4, preparada): En solo 7,0 segundos&hellip;&nbsp;HP Impresora Laserjet Pro 3002DN\" \/>\n<meta property=\"og:url\" content=\"https:\/\/aivlisoft.net\/shop\/producto\/hp-impresora-laserjet-pro-3002dn\/\" \/>\n<meta property=\"og:site_name\" content=\"Aivlisoft Inform\u00e1tica\" \/>\n<meta property=\"article:modified_time\" content=\"2025-01-15T11:13:42+00:00\" \/>\n<meta property=\"og:image\" content=\"https:\/\/aivlisoft.net\/shop\/wp-content\/uploads\/2025\/01\/FIMILM0208_800.jpg\" \/>\n\t<meta property=\"og:image:width\" content=\"800\" \/>\n\t<meta property=\"og:image:height\" content=\"800\" \/>\n\t<meta property=\"og:image:type\" content=\"image\/jpeg\" \/>\n<meta name=\"twitter:card\" content=\"summary_large_image\" \/>\n<meta name=\"twitter:label1\" content=\"Tiempo de lectura\" \/>\n\t<meta name=\"twitter:data1\" content=\"3 minutos\" \/>\n<script type=\"application\/ld+json\" class=\"yoast-schema-graph\">{\"@context\":\"https:\/\/schema.org\",\"@graph\":[{\"@type\":\"WebPage\",\"@id\":\"https:\/\/aivlisoft.net\/shop\/producto\/hp-impresora-laserjet-pro-3002dn\/\",\"url\":\"https:\/\/aivlisoft.net\/shop\/producto\/hp-impresora-laserjet-pro-3002dn\/\",\"name\":\"HP Impresora Laserjet Pro 3002DN - Aivlisoft Inform\u00e1tica\",\"isPartOf\":{\"@id\":\"https:\/\/aivlisoft.net\/shop\/#website\"},\"primaryImageOfPage\":{\"@id\":\"https:\/\/aivlisoft.net\/shop\/producto\/hp-impresora-laserjet-pro-3002dn\/#primaryimage\"},\"image\":{\"@id\":\"https:\/\/aivlisoft.net\/shop\/producto\/hp-impresora-laserjet-pro-3002dn\/#primaryimage\"},\"thumbnailUrl\":\"https:\/\/aivlisoft.net\/shop\/wp-content\/uploads\/2025\/01\/FIMILM0208_800.jpg\",\"datePublished\":\"2025-01-13T13:53:46+00:00\",\"dateModified\":\"2025-01-15T11:13:42+00:00\",\"breadcrumb\":{\"@id\":\"https:\/\/aivlisoft.net\/shop\/producto\/hp-impresora-laserjet-pro-3002dn\/#breadcrumb\"},\"inLanguage\":\"es\",\"potentialAction\":[{\"@type\":\"ReadAction\",\"target\":[\"https:\/\/aivlisoft.net\/shop\/producto\/hp-impresora-laserjet-pro-3002dn\/\"]}]},{\"@type\":\"ImageObject\",\"inLanguage\":\"es\",\"@id\":\"https:\/\/aivlisoft.net\/shop\/producto\/hp-impresora-laserjet-pro-3002dn\/#primaryimage\",\"url\":\"https:\/\/aivlisoft.net\/shop\/wp-content\/uploads\/2025\/01\/FIMILM0208_800.jpg\",\"contentUrl\":\"https:\/\/aivlisoft.net\/shop\/wp-content\/uploads\/2025\/01\/FIMILM0208_800.jpg\",\"width\":800,\"height\":800},{\"@type\":\"BreadcrumbList\",\"@id\":\"https:\/\/aivlisoft.net\/shop\/producto\/hp-impresora-laserjet-pro-3002dn\/#breadcrumb\",\"itemListElement\":[{\"@type\":\"ListItem\",\"position\":1,\"name\":\"Portada\",\"item\":\"https:\/\/aivlisoft.net\/shop\/\"},{\"@type\":\"ListItem\",\"position\":2,\"name\":\"Tienda\",\"item\":\"https:\/\/aivlisoft.net\/shop\/tienda\/\"},{\"@type\":\"ListItem\",\"position\":3,\"name\":\"HP Impresora Laserjet Pro 3002DN\"}]},{\"@type\":\"WebSite\",\"@id\":\"https:\/\/aivlisoft.net\/shop\/#website\",\"url\":\"https:\/\/aivlisoft.net\/shop\/\",\"name\":\"Aivlisoft Inform\u00e1tica\",\"description\":\"En Aivlisoft Inform\u00e1tica ofrecemos soluciones tecnol\u00f3gicas para empresas: venta de ordenadores, consumibles, perif\u00e9ricos y m\u00e1s. Calidad, atenci\u00f3n personalizada y los mejores precios para tu negocio.\",\"publisher\":{\"@id\":\"https:\/\/aivlisoft.net\/shop\/#organization\"},\"potentialAction\":[{\"@type\":\"SearchAction\",\"target\":{\"@type\":\"EntryPoint\",\"urlTemplate\":\"https:\/\/aivlisoft.net\/shop\/?s={search_term_string}\"},\"query-input\":{\"@type\":\"PropertyValueSpecification\",\"valueRequired\":true,\"valueName\":\"search_term_string\"}}],\"inLanguage\":\"es\"},{\"@type\":\"Organization\",\"@id\":\"https:\/\/aivlisoft.net\/shop\/#organization\",\"name\":\"Aivlisoft Inform\u00e1tica\",\"url\":\"https:\/\/aivlisoft.net\/shop\/\",\"logo\":{\"@type\":\"ImageObject\",\"inLanguage\":\"es\",\"@id\":\"https:\/\/aivlisoft.net\/shop\/#\/schema\/logo\/image\/\",\"url\":\"https:\/\/aivlisoft.net\/shop\/wp-content\/uploads\/2024\/12\/removal.ai_5b848c54-0cdf-4140-95c5-c5536bb7573b-logodef.png\",\"contentUrl\":\"https:\/\/aivlisoft.net\/shop\/wp-content\/uploads\/2024\/12\/removal.ai_5b848c54-0cdf-4140-95c5-c5536bb7573b-logodef.png\",\"width\":484,\"height\":182,\"caption\":\"Aivlisoft Inform\u00e1tica\"},\"image\":{\"@id\":\"https:\/\/aivlisoft.net\/shop\/#\/schema\/logo\/image\/\"}}]}<\/script>\n<!-- \/ Yoast SEO plugin. -->","yoast_head_json":{"title":"HP Impresora Laserjet Pro 3002DN - Aivlisoft Inform\u00e1tica","robots":{"index":"index","follow":"follow","max-snippet":"max-snippet:-1","max-image-preview":"max-image-preview:large","max-video-preview":"max-video-preview:-1"},"canonical":"https:\/\/aivlisoft.net\/shop\/producto\/hp-impresora-laserjet-pro-3002dn\/","og_locale":"es_ES","og_type":"article","og_title":"HP Impresora Laserjet Pro 3002DN - Aivlisoft Inform\u00e1tica","og_description":"Marca HP Modelo 3G651F Impresi&oacute;n &#8211; Velocidad de impresi&oacute;n monocrom&aacute;tica (ISO, carta): Hasta 35 ppm 1 &#8211; Velocidad de impresi&oacute;n monocrom&aacute;tica (ISO, A4): Hasta 33 ppm 1 &#8211; Primera p&aacute;gina impresa en negro (carta, lista): Tan r&aacute;pido como 6.6 seg 2 &#8211; Salida de primera p&aacute;gina impresa en negro (A4, preparada): En solo 7,0 segundos&hellip;&nbsp;HP Impresora Laserjet Pro 3002DN","og_url":"https:\/\/aivlisoft.net\/shop\/producto\/hp-impresora-laserjet-pro-3002dn\/","og_site_name":"Aivlisoft Inform\u00e1tica","article_modified_time":"2025-01-15T11:13:42+00:00","og_image":[{"width":800,"height":800,"url":"https:\/\/aivlisoft.net\/shop\/wp-content\/uploads\/2025\/01\/FIMILM0208_800.jpg","type":"image\/jpeg"}],"twitter_card":"summary_large_image","twitter_misc":{"Tiempo de lectura":"3 minutos"},"schema":{"@context":"https:\/\/schema.org","@graph":[{"@type":"WebPage","@id":"https:\/\/aivlisoft.net\/shop\/producto\/hp-impresora-laserjet-pro-3002dn\/","url":"https:\/\/aivlisoft.net\/shop\/producto\/hp-impresora-laserjet-pro-3002dn\/","name":"HP Impresora Laserjet Pro 3002DN - Aivlisoft Inform\u00e1tica","isPartOf":{"@id":"https:\/\/aivlisoft.net\/shop\/#website"},"primaryImageOfPage":{"@id":"https:\/\/aivlisoft.net\/shop\/producto\/hp-impresora-laserjet-pro-3002dn\/#primaryimage"},"image":{"@id":"https:\/\/aivlisoft.net\/shop\/producto\/hp-impresora-laserjet-pro-3002dn\/#primaryimage"},"thumbnailUrl":"https:\/\/aivlisoft.net\/shop\/wp-content\/uploads\/2025\/01\/FIMILM0208_800.jpg","datePublished":"2025-01-13T13:53:46+00:00","dateModified":"2025-01-15T11:13:42+00:00","breadcrumb":{"@id":"https:\/\/aivlisoft.net\/shop\/producto\/hp-impresora-laserjet-pro-3002dn\/#breadcrumb"},"inLanguage":"es","potentialAction":[{"@type":"ReadAction","target":["https:\/\/aivlisoft.net\/shop\/producto\/hp-impresora-laserjet-pro-3002dn\/"]}]},{"@type":"ImageObject","inLanguage":"es","@id":"https:\/\/aivlisoft.net\/shop\/producto\/hp-impresora-laserjet-pro-3002dn\/#primaryimage","url":"https:\/\/aivlisoft.net\/shop\/wp-content\/uploads\/2025\/01\/FIMILM0208_800.jpg","contentUrl":"https:\/\/aivlisoft.net\/shop\/wp-content\/uploads\/2025\/01\/FIMILM0208_800.jpg","width":800,"height":800},{"@type":"BreadcrumbList","@id":"https:\/\/aivlisoft.net\/shop\/producto\/hp-impresora-laserjet-pro-3002dn\/#breadcrumb","itemListElement":[{"@type":"ListItem","position":1,"name":"Portada","item":"https:\/\/aivlisoft.net\/shop\/"},{"@type":"ListItem","position":2,"name":"Tienda","item":"https:\/\/aivlisoft.net\/shop\/tienda\/"},{"@type":"ListItem","position":3,"name":"HP Impresora Laserjet Pro 3002DN"}]},{"@type":"WebSite","@id":"https:\/\/aivlisoft.net\/shop\/#website","url":"https:\/\/aivlisoft.net\/shop\/","name":"Aivlisoft Inform\u00e1tica","description":"En Aivlisoft Inform\u00e1tica ofrecemos soluciones tecnol\u00f3gicas para empresas: venta de ordenadores, consumibles, perif\u00e9ricos y m\u00e1s. Calidad, atenci\u00f3n personalizada y los mejores precios para tu negocio.","publisher":{"@id":"https:\/\/aivlisoft.net\/shop\/#organization"},"potentialAction":[{"@type":"SearchAction","target":{"@type":"EntryPoint","urlTemplate":"https:\/\/aivlisoft.net\/shop\/?s={search_term_string}"},"query-input":{"@type":"PropertyValueSpecification","valueRequired":true,"valueName":"search_term_string"}}],"inLanguage":"es"},{"@type":"Organization","@id":"https:\/\/aivlisoft.net\/shop\/#organization","name":"Aivlisoft Inform\u00e1tica","url":"https:\/\/aivlisoft.net\/shop\/","logo":{"@type":"ImageObject","inLanguage":"es","@id":"https:\/\/aivlisoft.net\/shop\/#\/schema\/logo\/image\/","url":"https:\/\/aivlisoft.net\/shop\/wp-content\/uploads\/2024\/12\/removal.ai_5b848c54-0cdf-4140-95c5-c5536bb7573b-logodef.png","contentUrl":"https:\/\/aivlisoft.net\/shop\/wp-content\/uploads\/2024\/12\/removal.ai_5b848c54-0cdf-4140-95c5-c5536bb7573b-logodef.png","width":484,"height":182,"caption":"Aivlisoft Inform\u00e1tica"},"image":{"@id":"https:\/\/aivlisoft.net\/shop\/#\/schema\/logo\/image\/"}}]}},"_links":{"self":[{"href":"https:\/\/aivlisoft.net\/shop\/wp-json\/wp\/v2\/product\/9063","targetHints":{"allow":["GET"]}}],"collection":[{"href":"https:\/\/aivlisoft.net\/shop\/wp-json\/wp\/v2\/product"}],"about":[{"href":"https:\/\/aivlisoft.net\/shop\/wp-json\/wp\/v2\/types\/product"}],"wp:featuredmedia":[{"embeddable":true,"href":"https:\/\/aivlisoft.net\/shop\/wp-json\/wp\/v2\/media\/9064"}],"wp:attachment":[{"href":"https:\/\/aivlisoft.net\/shop\/wp-json\/wp\/v2\/media?parent=9063"}],"wp:term":[{"taxonomy":"product_brand","embeddable":true,"href":"https:\/\/aivlisoft.net\/shop\/wp-json\/wp\/v2\/product_brand?post=9063"},{"taxonomy":"product_cat","embeddable":true,"href":"https:\/\/aivlisoft.net\/shop\/wp-json\/wp\/v2\/product_cat?post=9063"},{"taxonomy":"product_tag","embeddable":true,"href":"https:\/\/aivlisoft.net\/shop\/wp-json\/wp\/v2\/product_tag?post=9063"}],"curies":[{"name":"wp","href":"https:\/\/api.w.org\/{rel}","templated":true}]}}