{"id":9055,"date":"2025-01-13T13:53:41","date_gmt":"2025-01-13T13:53:41","guid":{"rendered":"https:\/\/aivlisoft.com\/?post_type=product&#038;p=9055"},"modified":"2025-01-14T16:17:43","modified_gmt":"2025-01-14T16:17:43","slug":"pantum-impresora-laser-bp5100dw","status":"publish","type":"product","link":"https:\/\/aivlisoft.net\/shop\/producto\/pantum-impresora-laser-bp5100dw\/","title":{"rendered":"Pantum Impresora Laser BP5100DW"},"content":{"rendered":"<p><\/p>\n<table class=\"tabla_caracteristicas k-table\" width=\"100%\">\n<tr>\n<td><strong>Marca<\/strong><\/td>\n<td>Pantum<\/td>\n<\/tr>\n<tr>\n<td><strong>Modelo<\/strong><\/td>\n<td><strong>BP5100DW<\/strong><\/td>\n<\/tr>\n<tr>\n<td valign=\"top\"><strong>Impresi&oacute;n<\/strong><\/td>\n<td>&#8211; Velocidad de impresi&oacute;n: 40 ppm (A4) \/ 42 ppm (Carta)<br \/>\t\t\t&#8211; Tiempo de primera impresi&oacute;n: menos 6.9 segundos<br \/>\t\t\t&#8211; Volumen mensual recomendado: De 750 a 4000 p&aacute;ginas<br \/>\t\t\t&#8211; Ciclo de Trabajo Mensual: 100,000 P&aacute;ginas<br \/>\t\t\t&#8211; Lenguaje de impresi&oacute;n: PCL5e, PCL6, PS3<br \/>\t\t\t&#8211; Velocidad de procesador: 1,2 GHz<br \/>\t\t\t&#8211; Memoria: 512 MB<br \/>\t\t\t&#8211; Panel de control: LCD de 2 l&iacute;neas<br \/>\t\t\t&#8211; Auto d&uacute;plex impresi&oacute;n<br \/>\t\t\t&#8211; Otras funciones de impresi&oacute;n: Airprint, Mopria, iOS App\/Android App<br \/>\t\t\t&#8211; NFC<\/td>\n<\/tr>\n<tr>\n<td valign=\"top\">\n<div><strong>Manejo<\/strong><\/div>\n<div><strong>de papel<\/strong><\/div>\n<\/td>\n<td>&#8211; Bandeja de entrada de papel: 250 p&aacute;ginas<br \/>\t\t\t&#8211; Manejo de papel: PT &#8211; 511H, 550 p&aacute;ginas (m&aacute;ximo: 2 p&aacute;ginas)<br \/>\t\t\t&#8211; Bandeja multiusos: 60 p&aacute;ginas<br \/>\t\t\t&#8211; Capacidad m&aacute;xima de entrada de papel: 1 410 p&aacute;ginas<br \/>\t\t\t&#8211; Bandeja de salida de papel: 150 p&aacute;ginas<br \/>\t\t\t&#8211; Tipos de medios: Papel (normal, grueso, fino, reciclado), transparencias, cartulina, etiquetas, sobres<br \/>\t\t\t&#8211; Tama&ntilde;os de medios:<br \/>\t\t\t&nbsp; A4, A5, JIS B5, IS0 B5, A6<br \/>\t\t\t&nbsp; Carta, Legal, Ejecutivo, Folio, Oficio, Declaraci&oacute;n, Postal japonesa, Monarch Env<br \/>\t\t\t&nbsp; DL Env, C5 Env, C6 Env, No.10 Env, ZL, Big 16K, Big 32K, 16K, 32K, B6<br \/>\t\t\t&nbsp; Yougata4, postal, Younaga3, Nagagata3, Yougata2<br \/>\t\t\t&#8211; Peso de los medios:<br \/>\t\t\t&nbsp; Bandeja de entrada: 60-120g \/ m2<br \/>\t\t\t&nbsp; Bandeja multiusos: 60-200g \/ m2<br \/>\t\t\t&nbsp; Bandeja opcional: 60-120g \/ m2<\/td>\n<\/tr>\n<tr>\n<td valign=\"top\">\n<div><strong>Otras <\/strong><\/div>\n<div><strong>caracter&iacute;sticas<\/strong><\/div>\n<\/td>\n<td><strong>Interfaz &nbsp;&nbsp; &nbsp;<\/strong><br \/>\t\t\t&#8211; HI-Speed USB 2.0<br \/>\t\t\t&#8211; Neto: IEEE 802.3 10\/100Base-Tx<br \/>\t\t\t&#8211; WiFi(2.4G\/5G); IEEE802.11a\/b\/g\/n<br \/>\t\t\t<strong>Entorno operativo &nbsp;&nbsp; &nbsp;<\/strong><br \/>\t\t\t&#8211; Temperatura recomendada: 10 ~ 32&ordm;C<br \/>\t\t\t&#8211; Rango de humedad: 20% ~ 80%<br \/>\t\t\t&#8211; Ruido &nbsp;&nbsp; &nbsp;<br \/>\t\t\t&nbsp;Impresi&oacute;n: &le; 54 dB(A)<br \/>\t\t\t&nbsp;Modo de Espera: &le; 30 dB(A)<br \/>\t\t\t<strong>Alimentaci&oacute;n<\/strong><br \/>\t\t\t&#8211; Tensi&oacute;n de entrada:<br \/>\t\t\t&nbsp; Modelo 220V: AC220-240V, 50Hz\/60Hz, 7A<br \/>\t\t\t&#8211; Consumo el&eacute;ctrico:<br \/>\t\t\t&nbsp; Impresi&oacute;n: 650 W<br \/>\t\t\t&nbsp; Preparada: menos de 60 W<br \/>\t\t\t&nbsp; Suspensi&oacute;n: menos de 1 W<br \/>\t\t\t<strong>Sistemas operativos compatibles &nbsp;&nbsp; &nbsp;<\/strong><br \/>\t\t\t&#8211; Microsoft Windows?<br \/>\t\t\t&nbsp; Server2008\/Server2012\/Server2016\/XP\/Vista<br \/>\t\t\t&nbsp; Win7\/Win8\/Win8.1\/Win10\/Win11?32\/64 Bit?<br \/>\t\t\t&#8211; Mac OS?10.8\/10.9\/10.10\/10.11\/10.12\/10.13\/10.14\/10.15\/11\/12<br \/>\t\t\t&#8211; Linux?<br \/>\t\t\t&nbsp; Ubuntu 14.04\/16.04\/18.04\/20.04 \/22.04 \/Debian 10.0\/Centos 7?32\/64 Bit?<br \/>\t\t\t&nbsp; Astra Linux Special Edition V1.6\/Redhat 8.0\/ Centos 8.2(64 Bit)<br \/>\t\t\t<strong>Consumibles<\/strong><br \/>\t\t\t&#8211; Tipo de cartucho: Cartucho de t&oacute;ner y unidad de tambor<br \/>\t\t\t&#8211; Capacidad del cartucho de inicio &nbsp;&nbsp; &nbsp;<br \/>\t\t\t&nbsp; TL-5120: 3000 p&aacute;ginas<br \/>\t\t\t&nbsp; DL-5120: 30000 p&aacute;ginas<br \/>\t\t\t&#8211; T&oacute;ner\/tambor de capacidad est&aacute;ndar &nbsp;&nbsp; &nbsp;<br \/>\t\t\t&nbsp; TL-5120: 3000 p&aacute;ginas<br \/>\t\t\t&nbsp; TL-5120H: 6000 p&aacute;ginas<br \/>\t\t\t&nbsp; TL-5120X: 15000 p&aacute;ginas<br \/>\t\t\t&nbsp; DL-5120: 30000 p&aacute;ginas<br \/>\t\t\t<strong>Dimensiones y peso<\/strong><br \/>\t\t\t&#8211; 364 x 344 x 257 mm<br \/>\t\t\t&#8211; 9,3 kg<\/td>\n<\/tr>\n<tr>\n<td><strong>Fecha Revisi&oacute;n<\/strong><\/td>\n<td>18-06-2024 por RTY<\/td>\n<\/tr>\n<\/table>\n","protected":false},"excerpt":{"rendered":"<p>Marca Pantum Modelo BP5100DW Impresi&oacute;n &#8211; Velocidad de impresi&oacute;n: 40 ppm (A4) \/ 42 ppm (Carta) &#8211; Tiempo de primera impresi&oacute;n: menos 6.9 segundos &#8211; Volumen mensual recomendado: De 750 a 4000 p&aacute;ginas &#8211; Ciclo de Trabajo Mensual: 100,000 P&aacute;ginas &#8211; Lenguaje de impresi&oacute;n: PCL5e, PCL6, PS3 &#8211; Velocidad de procesador: 1,2 GHz &#8211; Memoria:&hellip;&nbsp;<a href=\"https:\/\/aivlisoft.net\/shop\/producto\/pantum-impresora-laser-bp5100dw\/\" rel=\"bookmark\"><span class=\"screen-reader-text\">Pantum Impresora Laser BP5100DW<\/span><\/a><\/p>\n","protected":false},"featured_media":9056,"template":"","meta":{"neve_meta_sidebar":"","neve_meta_container":"","neve_meta_enable_content_width":"","neve_meta_content_width":0,"neve_meta_title_alignment":"","neve_meta_author_avatar":"","neve_post_elements_order":"","neve_meta_disable_header":"","neve_meta_disable_footer":"","neve_meta_disable_title":""},"product_brand":[],"product_cat":[15,3529],"product_tag":[3576],"class_list":{"0":"post-9055","1":"product","2":"type-product","3":"status-publish","4":"has-post-thumbnail","6":"product_cat-sin-categorizar","7":"product_cat-impresoras","8":"product_tag-bp5100dw","10":"first","11":"instock","12":"taxable","13":"shipping-taxable","14":"purchasable","15":"product-type-simple"},"yoast_head":"<!-- This site is optimized with the Yoast SEO plugin v26.0 - https:\/\/yoast.com\/wordpress\/plugins\/seo\/ -->\n<title>Pantum Impresora Laser BP5100DW - Aivlisoft Inform\u00e1tica<\/title>\n<meta name=\"robots\" content=\"index, follow, max-snippet:-1, max-image-preview:large, max-video-preview:-1\" \/>\n<link rel=\"canonical\" href=\"https:\/\/aivlisoft.net\/shop\/producto\/pantum-impresora-laser-bp5100dw\/\" \/>\n<meta property=\"og:locale\" content=\"es_ES\" \/>\n<meta property=\"og:type\" content=\"article\" \/>\n<meta property=\"og:title\" content=\"Pantum Impresora Laser BP5100DW - Aivlisoft Inform\u00e1tica\" \/>\n<meta property=\"og:description\" content=\"Marca Pantum Modelo BP5100DW Impresi&oacute;n &#8211; Velocidad de impresi&oacute;n: 40 ppm (A4) \/ 42 ppm (Carta) &#8211; Tiempo de primera impresi&oacute;n: menos 6.9 segundos &#8211; Volumen mensual recomendado: De 750 a 4000 p&aacute;ginas &#8211; Ciclo de Trabajo Mensual: 100,000 P&aacute;ginas &#8211; Lenguaje de impresi&oacute;n: PCL5e, PCL6, PS3 &#8211; Velocidad de procesador: 1,2 GHz &#8211; Memoria:&hellip;&nbsp;Pantum Impresora Laser BP5100DW\" \/>\n<meta property=\"og:url\" content=\"https:\/\/aivlisoft.net\/shop\/producto\/pantum-impresora-laser-bp5100dw\/\" \/>\n<meta property=\"og:site_name\" content=\"Aivlisoft Inform\u00e1tica\" \/>\n<meta property=\"article:modified_time\" content=\"2025-01-14T16:17:43+00:00\" \/>\n<meta property=\"og:image\" content=\"https:\/\/aivlisoft.net\/shop\/wp-content\/uploads\/2025\/01\/FIMILM0206_800.jpg\" \/>\n\t<meta property=\"og:image:width\" content=\"800\" \/>\n\t<meta property=\"og:image:height\" content=\"800\" \/>\n\t<meta property=\"og:image:type\" content=\"image\/jpeg\" \/>\n<meta name=\"twitter:card\" content=\"summary_large_image\" \/>\n<meta name=\"twitter:label1\" content=\"Tiempo de lectura\" \/>\n\t<meta name=\"twitter:data1\" content=\"2 minutos\" \/>\n<script type=\"application\/ld+json\" class=\"yoast-schema-graph\">{\"@context\":\"https:\/\/schema.org\",\"@graph\":[{\"@type\":\"WebPage\",\"@id\":\"https:\/\/aivlisoft.net\/shop\/producto\/pantum-impresora-laser-bp5100dw\/\",\"url\":\"https:\/\/aivlisoft.net\/shop\/producto\/pantum-impresora-laser-bp5100dw\/\",\"name\":\"Pantum Impresora Laser BP5100DW - Aivlisoft Inform\u00e1tica\",\"isPartOf\":{\"@id\":\"https:\/\/aivlisoft.net\/shop\/#website\"},\"primaryImageOfPage\":{\"@id\":\"https:\/\/aivlisoft.net\/shop\/producto\/pantum-impresora-laser-bp5100dw\/#primaryimage\"},\"image\":{\"@id\":\"https:\/\/aivlisoft.net\/shop\/producto\/pantum-impresora-laser-bp5100dw\/#primaryimage\"},\"thumbnailUrl\":\"https:\/\/aivlisoft.net\/shop\/wp-content\/uploads\/2025\/01\/FIMILM0206_800.jpg\",\"datePublished\":\"2025-01-13T13:53:41+00:00\",\"dateModified\":\"2025-01-14T16:17:43+00:00\",\"breadcrumb\":{\"@id\":\"https:\/\/aivlisoft.net\/shop\/producto\/pantum-impresora-laser-bp5100dw\/#breadcrumb\"},\"inLanguage\":\"es\",\"potentialAction\":[{\"@type\":\"ReadAction\",\"target\":[\"https:\/\/aivlisoft.net\/shop\/producto\/pantum-impresora-laser-bp5100dw\/\"]}]},{\"@type\":\"ImageObject\",\"inLanguage\":\"es\",\"@id\":\"https:\/\/aivlisoft.net\/shop\/producto\/pantum-impresora-laser-bp5100dw\/#primaryimage\",\"url\":\"https:\/\/aivlisoft.net\/shop\/wp-content\/uploads\/2025\/01\/FIMILM0206_800.jpg\",\"contentUrl\":\"https:\/\/aivlisoft.net\/shop\/wp-content\/uploads\/2025\/01\/FIMILM0206_800.jpg\",\"width\":800,\"height\":800},{\"@type\":\"BreadcrumbList\",\"@id\":\"https:\/\/aivlisoft.net\/shop\/producto\/pantum-impresora-laser-bp5100dw\/#breadcrumb\",\"itemListElement\":[{\"@type\":\"ListItem\",\"position\":1,\"name\":\"Portada\",\"item\":\"https:\/\/aivlisoft.net\/shop\/\"},{\"@type\":\"ListItem\",\"position\":2,\"name\":\"Tienda\",\"item\":\"https:\/\/aivlisoft.net\/shop\/tienda\/\"},{\"@type\":\"ListItem\",\"position\":3,\"name\":\"Pantum Impresora Laser BP5100DW\"}]},{\"@type\":\"WebSite\",\"@id\":\"https:\/\/aivlisoft.net\/shop\/#website\",\"url\":\"https:\/\/aivlisoft.net\/shop\/\",\"name\":\"Aivlisoft Inform\u00e1tica\",\"description\":\"En Aivlisoft Inform\u00e1tica ofrecemos soluciones tecnol\u00f3gicas para empresas: venta de ordenadores, consumibles, perif\u00e9ricos y m\u00e1s. Calidad, atenci\u00f3n personalizada y los mejores precios para tu negocio.\",\"publisher\":{\"@id\":\"https:\/\/aivlisoft.net\/shop\/#organization\"},\"potentialAction\":[{\"@type\":\"SearchAction\",\"target\":{\"@type\":\"EntryPoint\",\"urlTemplate\":\"https:\/\/aivlisoft.net\/shop\/?s={search_term_string}\"},\"query-input\":{\"@type\":\"PropertyValueSpecification\",\"valueRequired\":true,\"valueName\":\"search_term_string\"}}],\"inLanguage\":\"es\"},{\"@type\":\"Organization\",\"@id\":\"https:\/\/aivlisoft.net\/shop\/#organization\",\"name\":\"Aivlisoft Inform\u00e1tica\",\"url\":\"https:\/\/aivlisoft.net\/shop\/\",\"logo\":{\"@type\":\"ImageObject\",\"inLanguage\":\"es\",\"@id\":\"https:\/\/aivlisoft.net\/shop\/#\/schema\/logo\/image\/\",\"url\":\"https:\/\/aivlisoft.net\/shop\/wp-content\/uploads\/2024\/12\/removal.ai_5b848c54-0cdf-4140-95c5-c5536bb7573b-logodef.png\",\"contentUrl\":\"https:\/\/aivlisoft.net\/shop\/wp-content\/uploads\/2024\/12\/removal.ai_5b848c54-0cdf-4140-95c5-c5536bb7573b-logodef.png\",\"width\":484,\"height\":182,\"caption\":\"Aivlisoft Inform\u00e1tica\"},\"image\":{\"@id\":\"https:\/\/aivlisoft.net\/shop\/#\/schema\/logo\/image\/\"}}]}<\/script>\n<!-- \/ Yoast SEO plugin. -->","yoast_head_json":{"title":"Pantum Impresora Laser BP5100DW - Aivlisoft Inform\u00e1tica","robots":{"index":"index","follow":"follow","max-snippet":"max-snippet:-1","max-image-preview":"max-image-preview:large","max-video-preview":"max-video-preview:-1"},"canonical":"https:\/\/aivlisoft.net\/shop\/producto\/pantum-impresora-laser-bp5100dw\/","og_locale":"es_ES","og_type":"article","og_title":"Pantum Impresora Laser BP5100DW - Aivlisoft Inform\u00e1tica","og_description":"Marca Pantum Modelo BP5100DW Impresi&oacute;n &#8211; Velocidad de impresi&oacute;n: 40 ppm (A4) \/ 42 ppm (Carta) &#8211; Tiempo de primera impresi&oacute;n: menos 6.9 segundos &#8211; Volumen mensual recomendado: De 750 a 4000 p&aacute;ginas &#8211; Ciclo de Trabajo Mensual: 100,000 P&aacute;ginas &#8211; Lenguaje de impresi&oacute;n: PCL5e, PCL6, PS3 &#8211; Velocidad de procesador: 1,2 GHz &#8211; Memoria:&hellip;&nbsp;Pantum Impresora Laser BP5100DW","og_url":"https:\/\/aivlisoft.net\/shop\/producto\/pantum-impresora-laser-bp5100dw\/","og_site_name":"Aivlisoft Inform\u00e1tica","article_modified_time":"2025-01-14T16:17:43+00:00","og_image":[{"width":800,"height":800,"url":"https:\/\/aivlisoft.net\/shop\/wp-content\/uploads\/2025\/01\/FIMILM0206_800.jpg","type":"image\/jpeg"}],"twitter_card":"summary_large_image","twitter_misc":{"Tiempo de lectura":"2 minutos"},"schema":{"@context":"https:\/\/schema.org","@graph":[{"@type":"WebPage","@id":"https:\/\/aivlisoft.net\/shop\/producto\/pantum-impresora-laser-bp5100dw\/","url":"https:\/\/aivlisoft.net\/shop\/producto\/pantum-impresora-laser-bp5100dw\/","name":"Pantum Impresora Laser BP5100DW - Aivlisoft Inform\u00e1tica","isPartOf":{"@id":"https:\/\/aivlisoft.net\/shop\/#website"},"primaryImageOfPage":{"@id":"https:\/\/aivlisoft.net\/shop\/producto\/pantum-impresora-laser-bp5100dw\/#primaryimage"},"image":{"@id":"https:\/\/aivlisoft.net\/shop\/producto\/pantum-impresora-laser-bp5100dw\/#primaryimage"},"thumbnailUrl":"https:\/\/aivlisoft.net\/shop\/wp-content\/uploads\/2025\/01\/FIMILM0206_800.jpg","datePublished":"2025-01-13T13:53:41+00:00","dateModified":"2025-01-14T16:17:43+00:00","breadcrumb":{"@id":"https:\/\/aivlisoft.net\/shop\/producto\/pantum-impresora-laser-bp5100dw\/#breadcrumb"},"inLanguage":"es","potentialAction":[{"@type":"ReadAction","target":["https:\/\/aivlisoft.net\/shop\/producto\/pantum-impresora-laser-bp5100dw\/"]}]},{"@type":"ImageObject","inLanguage":"es","@id":"https:\/\/aivlisoft.net\/shop\/producto\/pantum-impresora-laser-bp5100dw\/#primaryimage","url":"https:\/\/aivlisoft.net\/shop\/wp-content\/uploads\/2025\/01\/FIMILM0206_800.jpg","contentUrl":"https:\/\/aivlisoft.net\/shop\/wp-content\/uploads\/2025\/01\/FIMILM0206_800.jpg","width":800,"height":800},{"@type":"BreadcrumbList","@id":"https:\/\/aivlisoft.net\/shop\/producto\/pantum-impresora-laser-bp5100dw\/#breadcrumb","itemListElement":[{"@type":"ListItem","position":1,"name":"Portada","item":"https:\/\/aivlisoft.net\/shop\/"},{"@type":"ListItem","position":2,"name":"Tienda","item":"https:\/\/aivlisoft.net\/shop\/tienda\/"},{"@type":"ListItem","position":3,"name":"Pantum Impresora Laser BP5100DW"}]},{"@type":"WebSite","@id":"https:\/\/aivlisoft.net\/shop\/#website","url":"https:\/\/aivlisoft.net\/shop\/","name":"Aivlisoft Inform\u00e1tica","description":"En Aivlisoft Inform\u00e1tica ofrecemos soluciones tecnol\u00f3gicas para empresas: venta de ordenadores, consumibles, perif\u00e9ricos y m\u00e1s. Calidad, atenci\u00f3n personalizada y los mejores precios para tu negocio.","publisher":{"@id":"https:\/\/aivlisoft.net\/shop\/#organization"},"potentialAction":[{"@type":"SearchAction","target":{"@type":"EntryPoint","urlTemplate":"https:\/\/aivlisoft.net\/shop\/?s={search_term_string}"},"query-input":{"@type":"PropertyValueSpecification","valueRequired":true,"valueName":"search_term_string"}}],"inLanguage":"es"},{"@type":"Organization","@id":"https:\/\/aivlisoft.net\/shop\/#organization","name":"Aivlisoft Inform\u00e1tica","url":"https:\/\/aivlisoft.net\/shop\/","logo":{"@type":"ImageObject","inLanguage":"es","@id":"https:\/\/aivlisoft.net\/shop\/#\/schema\/logo\/image\/","url":"https:\/\/aivlisoft.net\/shop\/wp-content\/uploads\/2024\/12\/removal.ai_5b848c54-0cdf-4140-95c5-c5536bb7573b-logodef.png","contentUrl":"https:\/\/aivlisoft.net\/shop\/wp-content\/uploads\/2024\/12\/removal.ai_5b848c54-0cdf-4140-95c5-c5536bb7573b-logodef.png","width":484,"height":182,"caption":"Aivlisoft Inform\u00e1tica"},"image":{"@id":"https:\/\/aivlisoft.net\/shop\/#\/schema\/logo\/image\/"}}]}},"_links":{"self":[{"href":"https:\/\/aivlisoft.net\/shop\/wp-json\/wp\/v2\/product\/9055","targetHints":{"allow":["GET"]}}],"collection":[{"href":"https:\/\/aivlisoft.net\/shop\/wp-json\/wp\/v2\/product"}],"about":[{"href":"https:\/\/aivlisoft.net\/shop\/wp-json\/wp\/v2\/types\/product"}],"wp:featuredmedia":[{"embeddable":true,"href":"https:\/\/aivlisoft.net\/shop\/wp-json\/wp\/v2\/media\/9056"}],"wp:attachment":[{"href":"https:\/\/aivlisoft.net\/shop\/wp-json\/wp\/v2\/media?parent=9055"}],"wp:term":[{"taxonomy":"product_brand","embeddable":true,"href":"https:\/\/aivlisoft.net\/shop\/wp-json\/wp\/v2\/product_brand?post=9055"},{"taxonomy":"product_cat","embeddable":true,"href":"https:\/\/aivlisoft.net\/shop\/wp-json\/wp\/v2\/product_cat?post=9055"},{"taxonomy":"product_tag","embeddable":true,"href":"https:\/\/aivlisoft.net\/shop\/wp-json\/wp\/v2\/product_tag?post=9055"}],"curies":[{"name":"wp","href":"https:\/\/api.w.org\/{rel}","templated":true}]}}