{"id":9038,"date":"2025-01-13T13:53:36","date_gmt":"2025-01-13T13:53:36","guid":{"rendered":"https:\/\/aivlisoft.com\/?post_type=product&#038;p=9038"},"modified":"2025-01-14T16:17:45","modified_gmt":"2025-01-14T16:17:45","slug":"pantum-impresora-laser-p3305dn","status":"publish","type":"product","link":"https:\/\/aivlisoft.net\/shop\/producto\/pantum-impresora-laser-p3305dn\/","title":{"rendered":"Pantum Impresora Laser P3305DN"},"content":{"rendered":"<p><strong>Impresi&oacute;n d&uacute;plex de alta velocidad para un poderoso asistente en su Oficina<\/strong><\/p>\n<p><strong>Alta velocidad de impresi&oacute;n<\/strong><br \/>Imprimir hasta 33 ppm (A4) \/ 35 ppm (letra) para mejorar la eficiencia<\/p>\n<p><strong>Instalaci&oacute;n sencilla del controlador de un paso<\/strong><br \/>Complete todos los preparativos y ejecute el archivo del controlador, s&oacute;lo haga clic una vez para completar la instalaci&oacute;n del controlador<\/p>\n<p><strong>Impresi&oacute;n autom&aacute;tica de doble cara conveniente<\/strong><br \/>Con esta impresora, puede disfrutar de impresi&oacute;n autom&aacute;tica de doble cara sin m&aacute;s problemas<\/p>\n<p><strong>Impresi&oacute;n de alta calidad de alta resoluci&oacute;n<\/strong><\/p>\n<table class=\"tabla_caracteristicas k-table\" width=\"100%\">\n<tr>\n<td><strong>Marca<\/strong><\/td>\n<td>Pantum<\/td>\n<\/tr>\n<tr>\n<td><strong>Modelo<\/strong><\/td>\n<td><strong>P3305DN <\/strong><\/td>\n<\/tr>\n<tr>\n<td><strong>Impresi&oacute;n<\/strong><\/td>\n<td>&#8211; Velocidad de impresi&oacute;n: 33 ppm (A4) \/ 35 ppm (Carta)<br \/>\t\t\t&#8211; Velocidad de primera impresi&oacute;n: &le;8.2s<br \/>\t\t\t&#8211; Volumen mensual m&aacute;x: 80000 p&aacute;ginas<br \/>\t\t\t&#8211; Volumen mensual recomendado: De 1000 a 10000 p&aacute;ginas<br \/>\t\t\t&#8211; Lenguaje de impresi&oacute;n: Pcl5e, pcl6, PS3, PDF<br \/>\t\t\t&#8211; Velocidad de procesador: 350 MHz<br \/>\t\t\t&#8211; Memoria: 256mb<br \/>\t\t\t&#8211; Panel de control: LCD de 2 l&iacute;neas<br \/>\t\t\t&#8211; Modo d&uacute;plex: Auto<\/td>\n<\/tr>\n<tr>\n<td><strong>Manejo de papel<\/strong><\/td>\n<td>&#8211; Bandeja de entrada de papel: 250 p&aacute;ginas<br \/>\t\t\t&#8211; Bandeja multiprop&oacute;sito: 1 p&aacute;gina<br \/>\t\t\t&#8211; Bandeja de salida de papel: 150 p&aacute;ginas<br \/>\t\t\t&#8211; Tipos de medios: Llano, Grueso, Transparencia, Cartulina, Etiqueta<br \/>\t\t\t&#8211; Tama&ntilde;os de material: A4, A5, JIS B5, ISO B5 , A6, carta, legal, ejecutivo, folio, oficio, informe, postal japonesa,ZL, Big 16K, Big 32K, 16K, 32K, B6, Yougata4, postal, Younaga3, Nagagata3, Yougata2<br \/>\t\t\t&#8211; Gramaje de papel:<br \/>\t\t\t&nbsp; Bandeja de entrada: 60-105g\/?<br \/>\t\t\t&nbsp; Bandeja multiprop&oacute;sito: 60-200g\/?<\/td>\n<\/tr>\n<tr>\n<td valign=\"top\"><strong>Suministros<\/strong><\/td>\n<td>&#8211; Estilo del cartucho: Tambor y t&oacute;ner separados<br \/>\t\t\t&#8211; Capacidad del cartucho de arranque: TL-425H?3000 Pages?<br \/>\t\t\t&#8211; Vida &uacute;til de la unidad de tambor de arranque: DL-425X?25000 Pages?<br \/>\t\t\t&#8211; T&oacute;ner de capacidad est&aacute;ndar:<br \/>\t\t\t&nbsp; TL-425H?3000 Pages?<br \/>\t\t\t&nbsp; TL-425X?6000 Pages?<br \/>\t\t\t&nbsp; TL-425U?11000 Pages?<br \/>\t\t\t&#8211; Vida &uacute;til de la unidad de tambor est&aacute;ndar: DL-425X?25000 Pages?<\/td>\n<\/tr>\n<tr>\n<td valign=\"top\"><strong>General<\/strong><\/td>\n<td>&#8211; Dimensiones: 354 x 334 x 232 mm<br \/>\t\t\t&#8211; Peso: 6,8 kg<br \/>\t\t\t&#8211; Rango de temperatura de funcionamiento: 10 ~ 32?<br \/>\t\t\t&#8211; Rango de humedad de funcionamiento: 20% ? 80% RH<br \/>\t\t\t&#8211; Tensi&oacute;n de entrada:<br \/>\t\t\t&nbsp; AC100-127V,50\/60Hz(&plusmn;2Hz)?9A<br \/>\t\t\t&nbsp; AC220-240V,50\/60Hz?4.5A<br \/>\t\t\t&#8211; Ruido: Impresi&oacute;n: &le;52dB(A) Standby: &le;30dB(A)<br \/>\t\t\t&#8211; Consumo el&eacute;ctrico: Impresi&oacute;n: Promedio de 525W en espera: 50W Inactivo: menos de 2W<br \/>\t\t\t&#8211; Sistemas operativos compatibles:<br \/>\t\t\t&nbsp; Microsoft Windows Server 2008\/2012\/2016\/2019XP\/Vista\/Win 7\/Win 8\/Win8.1\/ Win10\/Win11<br \/>\t\t\t&nbsp; Mac OS10.10\/10.11\/10.12\/10.13\/10.14\/10.15\/11.0\/11.1\/11.2\/11.3\/11.4\/11.5\/11.6\/12<br \/>\t\t\t&nbsp; Linux?ubuntu12.04?14.04&amp;16.04&amp;18.04&amp;20.04&amp;22.04?<br \/>\t\t\t&#8211; Interfaz:<br \/>\t\t\t&nbsp; Alta velocidad USB 2.0<br \/>\t\t\t&nbsp; Ethernet: IEEE 802.3 10 \/ 100Base-Tx<\/td>\n<\/tr>\n<tr>\n<td><strong>Fecha de revisi&oacute;n<\/strong><\/td>\n<td>10-10-2024 por A<\/td>\n<\/tr>\n<\/table>\n","protected":false},"excerpt":{"rendered":"<p>Impresi&oacute;n d&uacute;plex de alta velocidad para un poderoso asistente en su Oficina Alta velocidad de impresi&oacute;nImprimir hasta 33 ppm (A4) \/ 35 ppm (letra) para mejorar la eficiencia Instalaci&oacute;n sencilla del controlador de un pasoComplete todos los preparativos y ejecute el archivo del controlador, s&oacute;lo haga clic una vez para completar la instalaci&oacute;n del controlador&hellip;&nbsp;<a href=\"https:\/\/aivlisoft.net\/shop\/producto\/pantum-impresora-laser-p3305dn\/\" rel=\"bookmark\"><span class=\"screen-reader-text\">Pantum Impresora Laser P3305DN<\/span><\/a><\/p>\n","protected":false},"featured_media":9039,"template":"","meta":{"neve_meta_sidebar":"","neve_meta_container":"","neve_meta_enable_content_width":"","neve_meta_content_width":0,"neve_meta_title_alignment":"","neve_meta_author_avatar":"","neve_post_elements_order":"","neve_meta_disable_header":"","neve_meta_disable_footer":"","neve_meta_disable_title":""},"product_brand":[],"product_cat":[15,3529],"product_tag":[3572],"class_list":{"0":"post-9038","1":"product","2":"type-product","3":"status-publish","4":"has-post-thumbnail","6":"product_cat-sin-categorizar","7":"product_cat-impresoras","8":"product_tag-p3305dn","10":"first","11":"instock","12":"taxable","13":"shipping-taxable","14":"purchasable","15":"product-type-simple"},"yoast_head":"<!-- This site is optimized with the Yoast SEO plugin v26.0 - https:\/\/yoast.com\/wordpress\/plugins\/seo\/ -->\n<title>Pantum Impresora Laser P3305DN - Aivlisoft Inform\u00e1tica<\/title>\n<meta name=\"robots\" content=\"index, follow, max-snippet:-1, max-image-preview:large, max-video-preview:-1\" \/>\n<link rel=\"canonical\" href=\"https:\/\/aivlisoft.net\/shop\/producto\/pantum-impresora-laser-p3305dn\/\" \/>\n<meta property=\"og:locale\" content=\"es_ES\" \/>\n<meta property=\"og:type\" content=\"article\" \/>\n<meta property=\"og:title\" content=\"Pantum Impresora Laser P3305DN - Aivlisoft Inform\u00e1tica\" \/>\n<meta property=\"og:description\" content=\"Impresi&oacute;n d&uacute;plex de alta velocidad para un poderoso asistente en su Oficina Alta velocidad de impresi&oacute;nImprimir hasta 33 ppm (A4) \/ 35 ppm (letra) para mejorar la eficiencia Instalaci&oacute;n sencilla del controlador de un pasoComplete todos los preparativos y ejecute el archivo del controlador, s&oacute;lo haga clic una vez para completar la instalaci&oacute;n del controlador&hellip;&nbsp;Pantum Impresora Laser P3305DN\" \/>\n<meta property=\"og:url\" content=\"https:\/\/aivlisoft.net\/shop\/producto\/pantum-impresora-laser-p3305dn\/\" \/>\n<meta property=\"og:site_name\" content=\"Aivlisoft Inform\u00e1tica\" \/>\n<meta property=\"article:modified_time\" content=\"2025-01-14T16:17:45+00:00\" \/>\n<meta property=\"og:image\" content=\"https:\/\/aivlisoft.net\/shop\/wp-content\/uploads\/2025\/01\/FIMILM0197_800.jpg\" \/>\n\t<meta property=\"og:image:width\" content=\"800\" \/>\n\t<meta property=\"og:image:height\" content=\"800\" \/>\n\t<meta property=\"og:image:type\" content=\"image\/jpeg\" \/>\n<meta name=\"twitter:card\" content=\"summary_large_image\" \/>\n<meta name=\"twitter:label1\" content=\"Tiempo de lectura\" \/>\n\t<meta name=\"twitter:data1\" content=\"2 minutos\" \/>\n<script type=\"application\/ld+json\" class=\"yoast-schema-graph\">{\"@context\":\"https:\/\/schema.org\",\"@graph\":[{\"@type\":\"WebPage\",\"@id\":\"https:\/\/aivlisoft.net\/shop\/producto\/pantum-impresora-laser-p3305dn\/\",\"url\":\"https:\/\/aivlisoft.net\/shop\/producto\/pantum-impresora-laser-p3305dn\/\",\"name\":\"Pantum Impresora Laser P3305DN - Aivlisoft Inform\u00e1tica\",\"isPartOf\":{\"@id\":\"https:\/\/aivlisoft.net\/shop\/#website\"},\"primaryImageOfPage\":{\"@id\":\"https:\/\/aivlisoft.net\/shop\/producto\/pantum-impresora-laser-p3305dn\/#primaryimage\"},\"image\":{\"@id\":\"https:\/\/aivlisoft.net\/shop\/producto\/pantum-impresora-laser-p3305dn\/#primaryimage\"},\"thumbnailUrl\":\"https:\/\/aivlisoft.net\/shop\/wp-content\/uploads\/2025\/01\/FIMILM0197_800.jpg\",\"datePublished\":\"2025-01-13T13:53:36+00:00\",\"dateModified\":\"2025-01-14T16:17:45+00:00\",\"breadcrumb\":{\"@id\":\"https:\/\/aivlisoft.net\/shop\/producto\/pantum-impresora-laser-p3305dn\/#breadcrumb\"},\"inLanguage\":\"es\",\"potentialAction\":[{\"@type\":\"ReadAction\",\"target\":[\"https:\/\/aivlisoft.net\/shop\/producto\/pantum-impresora-laser-p3305dn\/\"]}]},{\"@type\":\"ImageObject\",\"inLanguage\":\"es\",\"@id\":\"https:\/\/aivlisoft.net\/shop\/producto\/pantum-impresora-laser-p3305dn\/#primaryimage\",\"url\":\"https:\/\/aivlisoft.net\/shop\/wp-content\/uploads\/2025\/01\/FIMILM0197_800.jpg\",\"contentUrl\":\"https:\/\/aivlisoft.net\/shop\/wp-content\/uploads\/2025\/01\/FIMILM0197_800.jpg\",\"width\":800,\"height\":800},{\"@type\":\"BreadcrumbList\",\"@id\":\"https:\/\/aivlisoft.net\/shop\/producto\/pantum-impresora-laser-p3305dn\/#breadcrumb\",\"itemListElement\":[{\"@type\":\"ListItem\",\"position\":1,\"name\":\"Portada\",\"item\":\"https:\/\/aivlisoft.net\/shop\/\"},{\"@type\":\"ListItem\",\"position\":2,\"name\":\"Tienda\",\"item\":\"https:\/\/aivlisoft.net\/shop\/tienda\/\"},{\"@type\":\"ListItem\",\"position\":3,\"name\":\"Pantum Impresora Laser P3305DN\"}]},{\"@type\":\"WebSite\",\"@id\":\"https:\/\/aivlisoft.net\/shop\/#website\",\"url\":\"https:\/\/aivlisoft.net\/shop\/\",\"name\":\"Aivlisoft Inform\u00e1tica\",\"description\":\"En Aivlisoft Inform\u00e1tica ofrecemos soluciones tecnol\u00f3gicas para empresas: venta de ordenadores, consumibles, perif\u00e9ricos y m\u00e1s. Calidad, atenci\u00f3n personalizada y los mejores precios para tu negocio.\",\"publisher\":{\"@id\":\"https:\/\/aivlisoft.net\/shop\/#organization\"},\"potentialAction\":[{\"@type\":\"SearchAction\",\"target\":{\"@type\":\"EntryPoint\",\"urlTemplate\":\"https:\/\/aivlisoft.net\/shop\/?s={search_term_string}\"},\"query-input\":{\"@type\":\"PropertyValueSpecification\",\"valueRequired\":true,\"valueName\":\"search_term_string\"}}],\"inLanguage\":\"es\"},{\"@type\":\"Organization\",\"@id\":\"https:\/\/aivlisoft.net\/shop\/#organization\",\"name\":\"Aivlisoft Inform\u00e1tica\",\"url\":\"https:\/\/aivlisoft.net\/shop\/\",\"logo\":{\"@type\":\"ImageObject\",\"inLanguage\":\"es\",\"@id\":\"https:\/\/aivlisoft.net\/shop\/#\/schema\/logo\/image\/\",\"url\":\"https:\/\/aivlisoft.net\/shop\/wp-content\/uploads\/2024\/12\/removal.ai_5b848c54-0cdf-4140-95c5-c5536bb7573b-logodef.png\",\"contentUrl\":\"https:\/\/aivlisoft.net\/shop\/wp-content\/uploads\/2024\/12\/removal.ai_5b848c54-0cdf-4140-95c5-c5536bb7573b-logodef.png\",\"width\":484,\"height\":182,\"caption\":\"Aivlisoft Inform\u00e1tica\"},\"image\":{\"@id\":\"https:\/\/aivlisoft.net\/shop\/#\/schema\/logo\/image\/\"}}]}<\/script>\n<!-- \/ Yoast SEO plugin. -->","yoast_head_json":{"title":"Pantum Impresora Laser P3305DN - Aivlisoft Inform\u00e1tica","robots":{"index":"index","follow":"follow","max-snippet":"max-snippet:-1","max-image-preview":"max-image-preview:large","max-video-preview":"max-video-preview:-1"},"canonical":"https:\/\/aivlisoft.net\/shop\/producto\/pantum-impresora-laser-p3305dn\/","og_locale":"es_ES","og_type":"article","og_title":"Pantum Impresora Laser P3305DN - Aivlisoft Inform\u00e1tica","og_description":"Impresi&oacute;n d&uacute;plex de alta velocidad para un poderoso asistente en su Oficina Alta velocidad de impresi&oacute;nImprimir hasta 33 ppm (A4) \/ 35 ppm (letra) para mejorar la eficiencia Instalaci&oacute;n sencilla del controlador de un pasoComplete todos los preparativos y ejecute el archivo del controlador, s&oacute;lo haga clic una vez para completar la instalaci&oacute;n del controlador&hellip;&nbsp;Pantum Impresora Laser P3305DN","og_url":"https:\/\/aivlisoft.net\/shop\/producto\/pantum-impresora-laser-p3305dn\/","og_site_name":"Aivlisoft Inform\u00e1tica","article_modified_time":"2025-01-14T16:17:45+00:00","og_image":[{"width":800,"height":800,"url":"https:\/\/aivlisoft.net\/shop\/wp-content\/uploads\/2025\/01\/FIMILM0197_800.jpg","type":"image\/jpeg"}],"twitter_card":"summary_large_image","twitter_misc":{"Tiempo de lectura":"2 minutos"},"schema":{"@context":"https:\/\/schema.org","@graph":[{"@type":"WebPage","@id":"https:\/\/aivlisoft.net\/shop\/producto\/pantum-impresora-laser-p3305dn\/","url":"https:\/\/aivlisoft.net\/shop\/producto\/pantum-impresora-laser-p3305dn\/","name":"Pantum Impresora Laser P3305DN - Aivlisoft Inform\u00e1tica","isPartOf":{"@id":"https:\/\/aivlisoft.net\/shop\/#website"},"primaryImageOfPage":{"@id":"https:\/\/aivlisoft.net\/shop\/producto\/pantum-impresora-laser-p3305dn\/#primaryimage"},"image":{"@id":"https:\/\/aivlisoft.net\/shop\/producto\/pantum-impresora-laser-p3305dn\/#primaryimage"},"thumbnailUrl":"https:\/\/aivlisoft.net\/shop\/wp-content\/uploads\/2025\/01\/FIMILM0197_800.jpg","datePublished":"2025-01-13T13:53:36+00:00","dateModified":"2025-01-14T16:17:45+00:00","breadcrumb":{"@id":"https:\/\/aivlisoft.net\/shop\/producto\/pantum-impresora-laser-p3305dn\/#breadcrumb"},"inLanguage":"es","potentialAction":[{"@type":"ReadAction","target":["https:\/\/aivlisoft.net\/shop\/producto\/pantum-impresora-laser-p3305dn\/"]}]},{"@type":"ImageObject","inLanguage":"es","@id":"https:\/\/aivlisoft.net\/shop\/producto\/pantum-impresora-laser-p3305dn\/#primaryimage","url":"https:\/\/aivlisoft.net\/shop\/wp-content\/uploads\/2025\/01\/FIMILM0197_800.jpg","contentUrl":"https:\/\/aivlisoft.net\/shop\/wp-content\/uploads\/2025\/01\/FIMILM0197_800.jpg","width":800,"height":800},{"@type":"BreadcrumbList","@id":"https:\/\/aivlisoft.net\/shop\/producto\/pantum-impresora-laser-p3305dn\/#breadcrumb","itemListElement":[{"@type":"ListItem","position":1,"name":"Portada","item":"https:\/\/aivlisoft.net\/shop\/"},{"@type":"ListItem","position":2,"name":"Tienda","item":"https:\/\/aivlisoft.net\/shop\/tienda\/"},{"@type":"ListItem","position":3,"name":"Pantum Impresora Laser P3305DN"}]},{"@type":"WebSite","@id":"https:\/\/aivlisoft.net\/shop\/#website","url":"https:\/\/aivlisoft.net\/shop\/","name":"Aivlisoft Inform\u00e1tica","description":"En Aivlisoft Inform\u00e1tica ofrecemos soluciones tecnol\u00f3gicas para empresas: venta de ordenadores, consumibles, perif\u00e9ricos y m\u00e1s. Calidad, atenci\u00f3n personalizada y los mejores precios para tu negocio.","publisher":{"@id":"https:\/\/aivlisoft.net\/shop\/#organization"},"potentialAction":[{"@type":"SearchAction","target":{"@type":"EntryPoint","urlTemplate":"https:\/\/aivlisoft.net\/shop\/?s={search_term_string}"},"query-input":{"@type":"PropertyValueSpecification","valueRequired":true,"valueName":"search_term_string"}}],"inLanguage":"es"},{"@type":"Organization","@id":"https:\/\/aivlisoft.net\/shop\/#organization","name":"Aivlisoft Inform\u00e1tica","url":"https:\/\/aivlisoft.net\/shop\/","logo":{"@type":"ImageObject","inLanguage":"es","@id":"https:\/\/aivlisoft.net\/shop\/#\/schema\/logo\/image\/","url":"https:\/\/aivlisoft.net\/shop\/wp-content\/uploads\/2024\/12\/removal.ai_5b848c54-0cdf-4140-95c5-c5536bb7573b-logodef.png","contentUrl":"https:\/\/aivlisoft.net\/shop\/wp-content\/uploads\/2024\/12\/removal.ai_5b848c54-0cdf-4140-95c5-c5536bb7573b-logodef.png","width":484,"height":182,"caption":"Aivlisoft Inform\u00e1tica"},"image":{"@id":"https:\/\/aivlisoft.net\/shop\/#\/schema\/logo\/image\/"}}]}},"_links":{"self":[{"href":"https:\/\/aivlisoft.net\/shop\/wp-json\/wp\/v2\/product\/9038","targetHints":{"allow":["GET"]}}],"collection":[{"href":"https:\/\/aivlisoft.net\/shop\/wp-json\/wp\/v2\/product"}],"about":[{"href":"https:\/\/aivlisoft.net\/shop\/wp-json\/wp\/v2\/types\/product"}],"wp:featuredmedia":[{"embeddable":true,"href":"https:\/\/aivlisoft.net\/shop\/wp-json\/wp\/v2\/media\/9039"}],"wp:attachment":[{"href":"https:\/\/aivlisoft.net\/shop\/wp-json\/wp\/v2\/media?parent=9038"}],"wp:term":[{"taxonomy":"product_brand","embeddable":true,"href":"https:\/\/aivlisoft.net\/shop\/wp-json\/wp\/v2\/product_brand?post=9038"},{"taxonomy":"product_cat","embeddable":true,"href":"https:\/\/aivlisoft.net\/shop\/wp-json\/wp\/v2\/product_cat?post=9038"},{"taxonomy":"product_tag","embeddable":true,"href":"https:\/\/aivlisoft.net\/shop\/wp-json\/wp\/v2\/product_tag?post=9038"}],"curies":[{"name":"wp","href":"https:\/\/api.w.org\/{rel}","templated":true}]}}