{"id":8994,"date":"2025-01-13T13:53:15","date_gmt":"2025-01-13T13:53:15","guid":{"rendered":"https:\/\/aivlisoft.com\/?post_type=product&#038;p=8994"},"modified":"2025-01-14T10:44:04","modified_gmt":"2025-01-14T10:44:04","slug":"canon-impresora-i-sensys-lbp673cdw","status":"publish","type":"product","link":"https:\/\/aivlisoft.net\/shop\/producto\/canon-impresora-i-sensys-lbp673cdw\/","title":{"rendered":"Canon Impresora i-SENSYS LBP673cdw"},"content":{"rendered":"<p>&nbsp;<\/p>\n<table class=\"tabla_caracteristicas k-table\" width=\"100%\">\n<tr>\n<td valign=\"top\"><strong>Marca<\/strong><\/td>\n<td>Canon<\/td>\n<\/tr>\n<tr>\n<td valign=\"top\"><strong>Modelo<\/strong><\/td>\n<td><strong>5456C007<\/strong><\/td>\n<\/tr>\n<tr>\n<td valign=\"top\"><strong>Impresi&oacute;n<\/strong><\/td>\n<td><strong>Especificaciones de la impresora<\/strong><br \/>\t\t\t&#8211; Resoluci&oacute;n m&aacute;xima de impresi&oacute;n: 1200 x 1200 ppp<br \/>\t\t\t&#8211; Velocidad de impresi&oacute;n: 33 ppm<br \/>\t\t\t&#8211; Lenguajes de impresi&oacute;n: UFRII, PCL5c, PCL6, Adobe PostScript<br \/>\t\t\t&#8211; Tiempo de impresi&oacute;n 1&ordf; p&aacute;gina: 19.4 segundos<br \/>\t\t\t&#8211; Volumen mensual recomendado: 750 &#8211; 4000 p&aacute;ginas<br \/>\t\t\t&#8211; Impresi&oacute;n a doble cara autom&aacute;tico<\/td>\n<\/tr>\n<tr>\n<td valign=\"top\"><strong>Memoria<\/strong><\/td>\n<td>&#8211; Memoria: 1Gb<\/td>\n<\/tr>\n<tr>\n<td valign=\"top\"><strong>Conectividad y comunicaciones<\/strong><\/td>\n<td><strong>Interfaces<\/strong><br \/>\t\t\t&#8211; USB 2.0 Hi-Speed<br \/>\t\t\t&#8211; 10BASE-T\/100BASE-TX\/1000Base-T<br \/>\t\t\t&#8211; Conexi&oacute;n inal&aacute;mbrica 802.11b\/g\/n<br \/>\t\t\t&#8211; Conexi&oacute;n Wireless Direct<\/td>\n<\/tr>\n<tr>\n<td valign=\"top\"><strong>Otras caracter&iacute;sticas<\/strong><\/td>\n<td valign=\"top\"><strong>General<\/strong><br \/>\t\t\t&#8211; Tipo de impresora: Impresora laser &#8211; color<br \/>\t\t\t&#8211; Pantalla: LCD de 5 l&iacute;neas<br \/>\t\t\t&#8211; Tama&ntilde;o m&aacute;ximo del papel: A4<br \/>\t\t\t&#8211; Emisi&oacute;n de sonido: 51 dB<br \/>\t\t\t<strong>Sistemas operativos y software<\/strong><br \/>\t\t\t&#8211; Soporte del sitema operativo:<br \/>\t\t\t&nbsp; Windows 11\/Windows 10\/Windows 8.1\/Server 2022\/Server 2019\/Server 2016\/Server 2012R2\/Server 2012<br \/>\t\t\t&nbsp; Mac OS X versi&oacute;n 10.12 o superior<br \/>\t\t\t&nbsp; Linux (solo v&iacute;a web)<br \/>\t\t\t<strong>Tratamiento de documentos y medios<\/strong><br \/>\t\t\t&#8211; Tipos de papel: Papel normal, papel reciclado, papel grueso, papel fino, papel de color, papel revestido, preperforado, etiqueta, postal, sobre<br \/>\t\t\t&#8211; Tama&ntilde;o m&aacute;ximo del original: A4 (210 x 297 mm),Legal (216 x 356 mm)<br \/>\t\t\t&#8211; Tama&ntilde;os de papel<br \/>\t\t\t&nbsp; Casete (est&aacute;ndar):A4, A5, A5 (horizontal), A6, B5, Legal, Carta, Ejecutivo, Informe, OFFICIO, B-OFFICIO, M-OFFICIO, GLTR, GLGL, Tama&ntilde;o folio, 16K, Postal, Sobre (COM10, DL, C5, Monarch), Tama&ntilde;os personalizados: m&iacute;n. 98 x 148&nbsp;mm; m&aacute;x. 216 x 356&nbsp;mm.<br \/>\t\t\t&nbsp; Bandeja multiprop&oacute;sito: A4, A5, A5 (horizontal), A6, B5, Legal, Carta, Ejecutivo, Informe, OFFICIO, B-OFFICIO, M-OFFICIO, GLTR, GLGL, Tama&ntilde;o folio, 16K, Postal, Ficha, Sobre (COM10, DL, C5, Monarch), Tama&ntilde;os personalizados: m&iacute;n. 76 x 127&nbsp;mm; m&aacute;x. 216 x 356&nbsp;mm.<br \/>\t\t\t&nbsp; Casete (opcional):A4, A5, A5 (horizontal), A6, B5, Legal, Carta, Ejecutivo, Informe, OFFICIO, B-OFFICIO, M-OFFICIO, GLTR, GLGL, Tama&ntilde;o folio, 16K, Postal, Tama&ntilde;os personalizados: m&iacute;n. 100 x 148&nbsp;mm; m&aacute;x. 216 x 356&nbsp;mm.<br \/>\t\t\t<strong>Protocolos de seguridad<\/strong><br \/>\t\t\t&#8211; TLS1.3, IPSec, filtrado de direcciones IP\/Mac, IEEE802.1X, SNMPv3, SSL (HTTPS, IPPS)<br \/>\t\t\t&#8211; Seguridad (inal&aacute;mbrica):<br \/>\t\t\t&#8211; Modo infraestructura:<br \/>\t\t\t&#8211; WEP (64\/128&nbsp;bits), WPA-PSK (TKIP\/AES), WPA2-PSK (TKIP\/AES), WAP2-EAP (AEP)<br \/>\t\t\t&#8211; Modo de punto de acceso:<br \/>\t\t\t&#8211; WPA2-PSK (AES)<br \/>\t\t\t<strong>Alimentaci&oacute;n<\/strong><br \/>\t\t\t&#8211; Consumo de energ&iacute;a: Imprimiendo 700W, modo espera 24,0W, reposo 1,0W<br \/>\t\t\t&#8211; Consumo el&eacute;ctrico: 220-240&nbsp;V (&plusmn;10&nbsp;%) 50\/60&nbsp;Hz (&plusmn;2&nbsp;Hz)<br \/>\t\t\t<strong>Consumibles <\/strong><br \/>\t\t\tCartucho negro 069 (2100 p&aacute;ginas*)**<br \/>\t\t\t&#8211; Cartucho negro 069H (7600&nbsp;p&aacute;ginas*)**<br \/>\t\t\t&#8211; Cartucho cian 069 (1900 p&aacute;ginas*)**<br \/>\t\t\t&#8211; Cartucho cian 069H (5500&nbsp;p&aacute;ginas*)**<br \/>\t\t\t&#8211; Cartucho magenta 069 (1900 p&aacute;ginas*)**<br \/>\t\t\t&#8211; Cartucho magenta 069H (5500&nbsp;p&aacute;ginas*)**<br \/>\t\t\t&#8211; Cartucho amarillo 069 (1900 p&aacute;ginas*)**<br \/>\t\t\t&#8211; Cartucho amarillo 069H (5500&nbsp;p&aacute;ginas*)**<br \/>\t\t\t* Seg&uacute;n la norma ISO\/IEC 19798<br \/>\t\t\t<strong>Dimensiones y peso<\/strong><br \/>\t\t\t&#8211; Dimensiones: 425 x 427 x 300 mm<br \/>\t\t\t&#8211; Peso: 17.1 kg<\/td>\n<\/tr>\n<tr>\n<td valign=\"top\"><strong>Fecha Revisi&oacute;n<\/strong><\/td>\n<td>27-12-2022 por RTY<\/td>\n<\/tr>\n<\/table>\n","protected":false},"excerpt":{"rendered":"<p>&nbsp; Marca Canon Modelo 5456C007 Impresi&oacute;n Especificaciones de la impresora &#8211; Resoluci&oacute;n m&aacute;xima de impresi&oacute;n: 1200 x 1200 ppp &#8211; Velocidad de impresi&oacute;n: 33 ppm &#8211; Lenguajes de impresi&oacute;n: UFRII, PCL5c, PCL6, Adobe PostScript &#8211; Tiempo de impresi&oacute;n 1&ordf; p&aacute;gina: 19.4 segundos &#8211; Volumen mensual recomendado: 750 &#8211; 4000 p&aacute;ginas &#8211; Impresi&oacute;n a doble cara&hellip;&nbsp;<a href=\"https:\/\/aivlisoft.net\/shop\/producto\/canon-impresora-i-sensys-lbp673cdw\/\" rel=\"bookmark\"><span class=\"screen-reader-text\">Canon Impresora i-SENSYS LBP673cdw<\/span><\/a><\/p>\n","protected":false},"featured_media":8995,"template":"","meta":{"neve_meta_sidebar":"","neve_meta_container":"","neve_meta_enable_content_width":"","neve_meta_content_width":0,"neve_meta_title_alignment":"","neve_meta_author_avatar":"","neve_post_elements_order":"","neve_meta_disable_header":"","neve_meta_disable_footer":"","neve_meta_disable_title":""},"product_brand":[],"product_cat":[8715],"product_tag":[3556],"class_list":{"0":"post-8994","1":"product","2":"type-product","3":"status-publish","4":"has-post-thumbnail","6":"product_cat-impresoras-laser-color","7":"product_tag-5456c007","9":"first","10":"instock","11":"taxable","12":"shipping-taxable","13":"purchasable","14":"product-type-simple"},"yoast_head":"<!-- This site is optimized with the Yoast SEO plugin v26.0 - https:\/\/yoast.com\/wordpress\/plugins\/seo\/ -->\n<title>Canon Impresora i-SENSYS LBP673cdw - Aivlisoft Inform\u00e1tica<\/title>\n<meta name=\"robots\" content=\"index, follow, max-snippet:-1, max-image-preview:large, max-video-preview:-1\" \/>\n<link rel=\"canonical\" href=\"https:\/\/aivlisoft.net\/shop\/producto\/canon-impresora-i-sensys-lbp673cdw\/\" \/>\n<meta property=\"og:locale\" content=\"es_ES\" \/>\n<meta property=\"og:type\" content=\"article\" \/>\n<meta property=\"og:title\" content=\"Canon Impresora i-SENSYS LBP673cdw - Aivlisoft Inform\u00e1tica\" \/>\n<meta property=\"og:description\" content=\"&nbsp; Marca Canon Modelo 5456C007 Impresi&oacute;n Especificaciones de la impresora &#8211; Resoluci&oacute;n m&aacute;xima de impresi&oacute;n: 1200 x 1200 ppp &#8211; Velocidad de impresi&oacute;n: 33 ppm &#8211; Lenguajes de impresi&oacute;n: UFRII, PCL5c, PCL6, Adobe PostScript &#8211; Tiempo de impresi&oacute;n 1&ordf; p&aacute;gina: 19.4 segundos &#8211; Volumen mensual recomendado: 750 &#8211; 4000 p&aacute;ginas &#8211; Impresi&oacute;n a doble cara&hellip;&nbsp;Canon Impresora i-SENSYS LBP673cdw\" \/>\n<meta property=\"og:url\" content=\"https:\/\/aivlisoft.net\/shop\/producto\/canon-impresora-i-sensys-lbp673cdw\/\" \/>\n<meta property=\"og:site_name\" content=\"Aivlisoft Inform\u00e1tica\" \/>\n<meta property=\"article:modified_time\" content=\"2025-01-14T10:44:04+00:00\" \/>\n<meta property=\"og:image\" content=\"https:\/\/aivlisoft.net\/shop\/wp-content\/uploads\/2025\/01\/FIMILC0132_800.jpg\" \/>\n\t<meta property=\"og:image:width\" content=\"800\" \/>\n\t<meta property=\"og:image:height\" content=\"800\" \/>\n\t<meta property=\"og:image:type\" content=\"image\/jpeg\" \/>\n<meta name=\"twitter:card\" content=\"summary_large_image\" \/>\n<meta name=\"twitter:label1\" content=\"Tiempo de lectura\" \/>\n\t<meta name=\"twitter:data1\" content=\"3 minutos\" \/>\n<script type=\"application\/ld+json\" class=\"yoast-schema-graph\">{\"@context\":\"https:\/\/schema.org\",\"@graph\":[{\"@type\":\"WebPage\",\"@id\":\"https:\/\/aivlisoft.net\/shop\/producto\/canon-impresora-i-sensys-lbp673cdw\/\",\"url\":\"https:\/\/aivlisoft.net\/shop\/producto\/canon-impresora-i-sensys-lbp673cdw\/\",\"name\":\"Canon Impresora i-SENSYS LBP673cdw - Aivlisoft Inform\u00e1tica\",\"isPartOf\":{\"@id\":\"https:\/\/aivlisoft.net\/shop\/#website\"},\"primaryImageOfPage\":{\"@id\":\"https:\/\/aivlisoft.net\/shop\/producto\/canon-impresora-i-sensys-lbp673cdw\/#primaryimage\"},\"image\":{\"@id\":\"https:\/\/aivlisoft.net\/shop\/producto\/canon-impresora-i-sensys-lbp673cdw\/#primaryimage\"},\"thumbnailUrl\":\"https:\/\/aivlisoft.net\/shop\/wp-content\/uploads\/2025\/01\/FIMILC0132_800.jpg\",\"datePublished\":\"2025-01-13T13:53:15+00:00\",\"dateModified\":\"2025-01-14T10:44:04+00:00\",\"breadcrumb\":{\"@id\":\"https:\/\/aivlisoft.net\/shop\/producto\/canon-impresora-i-sensys-lbp673cdw\/#breadcrumb\"},\"inLanguage\":\"es\",\"potentialAction\":[{\"@type\":\"ReadAction\",\"target\":[\"https:\/\/aivlisoft.net\/shop\/producto\/canon-impresora-i-sensys-lbp673cdw\/\"]}]},{\"@type\":\"ImageObject\",\"inLanguage\":\"es\",\"@id\":\"https:\/\/aivlisoft.net\/shop\/producto\/canon-impresora-i-sensys-lbp673cdw\/#primaryimage\",\"url\":\"https:\/\/aivlisoft.net\/shop\/wp-content\/uploads\/2025\/01\/FIMILC0132_800.jpg\",\"contentUrl\":\"https:\/\/aivlisoft.net\/shop\/wp-content\/uploads\/2025\/01\/FIMILC0132_800.jpg\",\"width\":800,\"height\":800},{\"@type\":\"BreadcrumbList\",\"@id\":\"https:\/\/aivlisoft.net\/shop\/producto\/canon-impresora-i-sensys-lbp673cdw\/#breadcrumb\",\"itemListElement\":[{\"@type\":\"ListItem\",\"position\":1,\"name\":\"Portada\",\"item\":\"https:\/\/aivlisoft.net\/shop\/\"},{\"@type\":\"ListItem\",\"position\":2,\"name\":\"Tienda\",\"item\":\"https:\/\/aivlisoft.net\/shop\/tienda\/\"},{\"@type\":\"ListItem\",\"position\":3,\"name\":\"Canon Impresora i-SENSYS LBP673cdw\"}]},{\"@type\":\"WebSite\",\"@id\":\"https:\/\/aivlisoft.net\/shop\/#website\",\"url\":\"https:\/\/aivlisoft.net\/shop\/\",\"name\":\"Aivlisoft Inform\u00e1tica\",\"description\":\"En Aivlisoft Inform\u00e1tica ofrecemos soluciones tecnol\u00f3gicas para empresas: venta de ordenadores, consumibles, perif\u00e9ricos y m\u00e1s. Calidad, atenci\u00f3n personalizada y los mejores precios para tu negocio.\",\"publisher\":{\"@id\":\"https:\/\/aivlisoft.net\/shop\/#organization\"},\"potentialAction\":[{\"@type\":\"SearchAction\",\"target\":{\"@type\":\"EntryPoint\",\"urlTemplate\":\"https:\/\/aivlisoft.net\/shop\/?s={search_term_string}\"},\"query-input\":{\"@type\":\"PropertyValueSpecification\",\"valueRequired\":true,\"valueName\":\"search_term_string\"}}],\"inLanguage\":\"es\"},{\"@type\":\"Organization\",\"@id\":\"https:\/\/aivlisoft.net\/shop\/#organization\",\"name\":\"Aivlisoft Inform\u00e1tica\",\"url\":\"https:\/\/aivlisoft.net\/shop\/\",\"logo\":{\"@type\":\"ImageObject\",\"inLanguage\":\"es\",\"@id\":\"https:\/\/aivlisoft.net\/shop\/#\/schema\/logo\/image\/\",\"url\":\"https:\/\/aivlisoft.net\/shop\/wp-content\/uploads\/2024\/12\/removal.ai_5b848c54-0cdf-4140-95c5-c5536bb7573b-logodef.png\",\"contentUrl\":\"https:\/\/aivlisoft.net\/shop\/wp-content\/uploads\/2024\/12\/removal.ai_5b848c54-0cdf-4140-95c5-c5536bb7573b-logodef.png\",\"width\":484,\"height\":182,\"caption\":\"Aivlisoft Inform\u00e1tica\"},\"image\":{\"@id\":\"https:\/\/aivlisoft.net\/shop\/#\/schema\/logo\/image\/\"}}]}<\/script>\n<!-- \/ Yoast SEO plugin. -->","yoast_head_json":{"title":"Canon Impresora i-SENSYS LBP673cdw - Aivlisoft Inform\u00e1tica","robots":{"index":"index","follow":"follow","max-snippet":"max-snippet:-1","max-image-preview":"max-image-preview:large","max-video-preview":"max-video-preview:-1"},"canonical":"https:\/\/aivlisoft.net\/shop\/producto\/canon-impresora-i-sensys-lbp673cdw\/","og_locale":"es_ES","og_type":"article","og_title":"Canon Impresora i-SENSYS LBP673cdw - Aivlisoft Inform\u00e1tica","og_description":"&nbsp; Marca Canon Modelo 5456C007 Impresi&oacute;n Especificaciones de la impresora &#8211; Resoluci&oacute;n m&aacute;xima de impresi&oacute;n: 1200 x 1200 ppp &#8211; Velocidad de impresi&oacute;n: 33 ppm &#8211; Lenguajes de impresi&oacute;n: UFRII, PCL5c, PCL6, Adobe PostScript &#8211; Tiempo de impresi&oacute;n 1&ordf; p&aacute;gina: 19.4 segundos &#8211; Volumen mensual recomendado: 750 &#8211; 4000 p&aacute;ginas &#8211; Impresi&oacute;n a doble cara&hellip;&nbsp;Canon Impresora i-SENSYS LBP673cdw","og_url":"https:\/\/aivlisoft.net\/shop\/producto\/canon-impresora-i-sensys-lbp673cdw\/","og_site_name":"Aivlisoft Inform\u00e1tica","article_modified_time":"2025-01-14T10:44:04+00:00","og_image":[{"width":800,"height":800,"url":"https:\/\/aivlisoft.net\/shop\/wp-content\/uploads\/2025\/01\/FIMILC0132_800.jpg","type":"image\/jpeg"}],"twitter_card":"summary_large_image","twitter_misc":{"Tiempo de lectura":"3 minutos"},"schema":{"@context":"https:\/\/schema.org","@graph":[{"@type":"WebPage","@id":"https:\/\/aivlisoft.net\/shop\/producto\/canon-impresora-i-sensys-lbp673cdw\/","url":"https:\/\/aivlisoft.net\/shop\/producto\/canon-impresora-i-sensys-lbp673cdw\/","name":"Canon Impresora i-SENSYS LBP673cdw - Aivlisoft Inform\u00e1tica","isPartOf":{"@id":"https:\/\/aivlisoft.net\/shop\/#website"},"primaryImageOfPage":{"@id":"https:\/\/aivlisoft.net\/shop\/producto\/canon-impresora-i-sensys-lbp673cdw\/#primaryimage"},"image":{"@id":"https:\/\/aivlisoft.net\/shop\/producto\/canon-impresora-i-sensys-lbp673cdw\/#primaryimage"},"thumbnailUrl":"https:\/\/aivlisoft.net\/shop\/wp-content\/uploads\/2025\/01\/FIMILC0132_800.jpg","datePublished":"2025-01-13T13:53:15+00:00","dateModified":"2025-01-14T10:44:04+00:00","breadcrumb":{"@id":"https:\/\/aivlisoft.net\/shop\/producto\/canon-impresora-i-sensys-lbp673cdw\/#breadcrumb"},"inLanguage":"es","potentialAction":[{"@type":"ReadAction","target":["https:\/\/aivlisoft.net\/shop\/producto\/canon-impresora-i-sensys-lbp673cdw\/"]}]},{"@type":"ImageObject","inLanguage":"es","@id":"https:\/\/aivlisoft.net\/shop\/producto\/canon-impresora-i-sensys-lbp673cdw\/#primaryimage","url":"https:\/\/aivlisoft.net\/shop\/wp-content\/uploads\/2025\/01\/FIMILC0132_800.jpg","contentUrl":"https:\/\/aivlisoft.net\/shop\/wp-content\/uploads\/2025\/01\/FIMILC0132_800.jpg","width":800,"height":800},{"@type":"BreadcrumbList","@id":"https:\/\/aivlisoft.net\/shop\/producto\/canon-impresora-i-sensys-lbp673cdw\/#breadcrumb","itemListElement":[{"@type":"ListItem","position":1,"name":"Portada","item":"https:\/\/aivlisoft.net\/shop\/"},{"@type":"ListItem","position":2,"name":"Tienda","item":"https:\/\/aivlisoft.net\/shop\/tienda\/"},{"@type":"ListItem","position":3,"name":"Canon Impresora i-SENSYS LBP673cdw"}]},{"@type":"WebSite","@id":"https:\/\/aivlisoft.net\/shop\/#website","url":"https:\/\/aivlisoft.net\/shop\/","name":"Aivlisoft Inform\u00e1tica","description":"En Aivlisoft Inform\u00e1tica ofrecemos soluciones tecnol\u00f3gicas para empresas: venta de ordenadores, consumibles, perif\u00e9ricos y m\u00e1s. Calidad, atenci\u00f3n personalizada y los mejores precios para tu negocio.","publisher":{"@id":"https:\/\/aivlisoft.net\/shop\/#organization"},"potentialAction":[{"@type":"SearchAction","target":{"@type":"EntryPoint","urlTemplate":"https:\/\/aivlisoft.net\/shop\/?s={search_term_string}"},"query-input":{"@type":"PropertyValueSpecification","valueRequired":true,"valueName":"search_term_string"}}],"inLanguage":"es"},{"@type":"Organization","@id":"https:\/\/aivlisoft.net\/shop\/#organization","name":"Aivlisoft Inform\u00e1tica","url":"https:\/\/aivlisoft.net\/shop\/","logo":{"@type":"ImageObject","inLanguage":"es","@id":"https:\/\/aivlisoft.net\/shop\/#\/schema\/logo\/image\/","url":"https:\/\/aivlisoft.net\/shop\/wp-content\/uploads\/2024\/12\/removal.ai_5b848c54-0cdf-4140-95c5-c5536bb7573b-logodef.png","contentUrl":"https:\/\/aivlisoft.net\/shop\/wp-content\/uploads\/2024\/12\/removal.ai_5b848c54-0cdf-4140-95c5-c5536bb7573b-logodef.png","width":484,"height":182,"caption":"Aivlisoft Inform\u00e1tica"},"image":{"@id":"https:\/\/aivlisoft.net\/shop\/#\/schema\/logo\/image\/"}}]}},"_links":{"self":[{"href":"https:\/\/aivlisoft.net\/shop\/wp-json\/wp\/v2\/product\/8994","targetHints":{"allow":["GET"]}}],"collection":[{"href":"https:\/\/aivlisoft.net\/shop\/wp-json\/wp\/v2\/product"}],"about":[{"href":"https:\/\/aivlisoft.net\/shop\/wp-json\/wp\/v2\/types\/product"}],"wp:featuredmedia":[{"embeddable":true,"href":"https:\/\/aivlisoft.net\/shop\/wp-json\/wp\/v2\/media\/8995"}],"wp:attachment":[{"href":"https:\/\/aivlisoft.net\/shop\/wp-json\/wp\/v2\/media?parent=8994"}],"wp:term":[{"taxonomy":"product_brand","embeddable":true,"href":"https:\/\/aivlisoft.net\/shop\/wp-json\/wp\/v2\/product_brand?post=8994"},{"taxonomy":"product_cat","embeddable":true,"href":"https:\/\/aivlisoft.net\/shop\/wp-json\/wp\/v2\/product_cat?post=8994"},{"taxonomy":"product_tag","embeddable":true,"href":"https:\/\/aivlisoft.net\/shop\/wp-json\/wp\/v2\/product_tag?post=8994"}],"curies":[{"name":"wp","href":"https:\/\/api.w.org\/{rel}","templated":true}]}}