{"id":8983,"date":"2025-01-13T13:53:11","date_gmt":"2025-01-13T13:53:11","guid":{"rendered":"https:\/\/aivlisoft.com\/?post_type=product&#038;p=8983"},"modified":"2025-01-14T10:44:01","modified_gmt":"2025-01-14T10:44:01","slug":"brother-impresora-laser-hl-l8260cdw-duplex-wifi-rd","status":"publish","type":"product","link":"https:\/\/aivlisoft.net\/shop\/producto\/brother-impresora-laser-hl-l8260cdw-duplex-wifi-rd\/","title":{"rendered":"Brother Impresora Laser HL-L8260CDW Duplex Wifi Rd"},"content":{"rendered":"<p>&#8211; Velocidad de impresi&oacute;n 31ppm<br \/>&#8211; Impresi&oacute;n d&uacute;plex autom&aacute;tica<br \/>&#8211; USB 2.0 Hi-Speed, Gigabit Ethernet y WiFi<br \/>&#8211; Memoria 256 MB<br \/>&#8211; Bandeja 250 hojas + Multiprop&oacute;sito 50 hojas<\/p>\n<table class=\"Tabla_Caracteristicas k-table\" width=\"100%\">\n<tbody>\n<tr>\n<td valign=\"top\"><strong>Marca<\/strong><\/td>\n<td>Brother<\/td>\n<\/tr>\n<tr>\n<td valign=\"top\"><strong>Modelo<\/strong><\/td>\n<td><strong>HLL8260CDWYY1<\/strong><\/td>\n<\/tr>\n<tr>\n<td valign=\"top\"><strong>Caracteristicas<\/strong><\/td>\n<td><strong>General<\/strong><br \/>&#8211; Tipo de impresora: Color<br \/>&#8211; Functions: Imprimir<br \/>&#8211; Pantalla: Pantalla LCD con iluminaci&oacute;n posterior<br \/>&#8211; Tama&ntilde;o de pantalla: 4,7 x 1,09 cm<br \/>&#8211; Clasificaci&oacute;n de l&aacute;ser: Producto Laser Clase 1 (IEC60825-1:2007)<br \/>&#8211; Tama&ntilde;o m&aacute;ximo del papel: A4<br \/>&#8211; Memoria: 256 MB<br \/>&#8211; Procesador: 800MHz<br \/>&#8211; Tecnolog&iacute;a: L&aacute;ser<br \/><strong>Conectividad<\/strong><br \/>&#8211; Conectividad: Red cableada, Red inal&aacute;mbrica, USB<br \/>&#8211; Interfaz local: USB<br \/>&#8211; NFC: No<br \/>&#8211; Interfaz USB: USB<br \/>&#8211; Wi-Fi Direct: IEEE 802.11g\/n<br \/>&#8211; Interfaz de red cableada: 10Base-T\/100Base-TX\/1000Base-T<br \/>&#8211; Interfaz de red inal&aacute;mbrica: IEEE 802.11b\/g\/n (Modo Infraestructura\/ Adhoc)<br \/><strong>Conectividad m&oacute;vil<\/strong><br \/>&#8211; Compatible: AirPrint, Android Print Service Plugin, Google Cloud Print 2.0, iPrint&amp;Scan, Mopria, WiFi Direct&trade;<br \/><strong>Dimensiones y pesos<\/strong><br \/>&#8211; Con caja: 617(An) x 533(F) x 521(Al) mm<br \/>&#8211; Con caja: 25.4 kg<br \/>&#8211; Sin caja: 410(An) x 486(F) x 313(Al) mm<br \/>&#8211; Peso: 21.8 kg<br \/><strong>Consumo de energ&iacute;a<\/strong><br \/>&#8211; Funcionamiento: 580 vatios<br \/>&#8211; Modo silencioso: 340 vatios<br \/>&#8211; Modo lista: 70 vatios<br \/>&#8211; Hibernaci&oacute;n: 1.2 vatios<br \/>&#8211; Consumo de energ&iacute;a: 580 vatios<br \/>&#8211; Apagado: 0.02 vatios<br \/>&#8211; Ahorro de energ&iacute;a: S&iacute;<br \/>&#8211; Nivel de potencia sonora: 49 dB<br \/>&#8211; Nivel de presi&oacute;n sonora: 6.56 dBA<br \/>&#8211; Ahorro de t&oacute;ner: S&iacute;<br \/>&#8211; Consumo el&eacute;ctrico: 1.8 Vatios<br \/><strong>Medio Ambiente<\/strong><br \/>&#8211; Humedad de funcionamiento: 20 &#8211; 80 %<br \/>&#8211; Temperatura de funcionamiento: 10 &#8211; 32&ordm;<br \/>&#8211; Humedad de almacenamiento: 10 &#8211; 90 %<br \/>&#8211; Temperatura de almacenamiento: 0 &#8211; 40&ordm;<br \/>&#8211; Certificaci&oacute;n medioambiental Blue Angel: S&iacute;<br \/>&#8211; Acreditaci&oacute;n medioambiental Energy Star: S&iacute;<br \/><strong>Incluye<\/strong><br \/>&#8211; Cartuchos de t&oacute;ner, tambor, cintur&oacute;n de arrastre, recipiente t&oacute;ner residual, cable de alimentaci&oacute;n el&eacute;ctrica, Software y controladores para Windows&reg; , gu&iacute;a de configuraci&oacute;n r&aacute;pida. Cable de conexi&oacute;n al PC no incluido<br \/>Especificaciones de los soportes<br \/>&#8211; Tipos y gramajes: Bandeja est&aacute;ndar &#8211; papel normal, reciclado, coloreado y membrete (entre 60 &#8211; 105g\/m2). Bandeja multiprop&oacute;sito &#8211; papel normal, reciclado, bond, coloreado, membrete y glossy (entre 60 &#8211; 163g\/m2).<br \/>&#8211; Tama&ntilde;os: Bandeja est&aacute;ndar &#8211; A4, Letter, A5, A5 (longitudinal), A6, Executive, Legal, Folio, Mexico Legal. Bandeja multiprop&oacute;sito &#8211; Ancho: 76,2mm a 215,9mm x Largo: 127mm a 355,6mm.<br \/><strong>Red<\/strong><br \/>&#8211; Impresi&oacute;n segura: S&iacute;<br \/>&#8211; Bloqueo seguro de funciones v2: Restringe la impresi&oacute;n de usuarios individuales o grupos en la red. Puede utilizarse con el nombre de usuario de PC hasta un m&aacute;ximo de 200 usuarios<br \/>&#8211; Wi-Fi Direct&trade;: S&iacute;<br \/>&#8211; Red cableada: Ethernet 10Base-T\/100Base-TX\/1000Base-T<br \/>&#8211; Seguridad de red cableada: SMTP-AUTH, SSL\/TLS (IPPS, HTTPS, SMTP), SNMP v3802.1x (EAP-MD5, EAP-FAST, PEAP, EAP-TLS, EAP-TTLS), Kerberos, IPsec<br \/>&#8211; Aplicaciones WiFi: S&iacute;<br \/>&#8211; Red WiFi: WiFi IEEE 802.11b\/g\/n (Modo Infraestructura \/ Adhoc)<br \/>&#8211; Seguridad de red WiFi: WEP 64\/128 bit, WPA-PSK (TKIP\/AES), WPA2-PSK (TKIP\/AES), SMTP-AUTH, SSL\/ TLS (IPPS, HTTPS, SMTP), SNMP v3 802.1x (LEAP, EAP-FAST, PEAP, EAP-TLS, EAP-TTLS), Kerberos, IPsec<br \/>&#8211; Configuraci&oacute;n WiFi soportada: S&iacute;<br \/><strong>Manejo de papel<\/strong><br \/>&#8211; Entrada de papel: Bandeja de 250 hojas. Bandeja multiprop&oacute;sito de 50 hojas.<br \/>&#8211; Salida de papel: Cara abajo &#8211; 150 hojas. Cara arriba (salida directa del papel) &#8211; 1 hoja<br \/><strong>Impresi&oacute;n<\/strong><br \/>&#8211; Velocidad de impresi&oacute;n a doble cara A4: Hasta 14 p&aacute;ginas por minuto<br \/>&#8211; Velocidad de impresi&oacute;n A4: Hasta 31 p&aacute;ginas por minuto<br \/>&#8211; Resoluci&oacute;n: 2.400ppp (2.400 x 600ppp), 600 x 600ppp<br \/>&#8211; Velocidad de impresi&oacute;n color a doble cara A4: 14 p&aacute;ginas por minuto<br \/>&#8211; Velocidad de impresi&oacute;n monocromo a doble cara A4: Hasta 14 p&aacute;ginas por minuto<br \/>&#8211; Velocidad de impresi&oacute;n color A4: 31 p&aacute;ginas por minuto<br \/>&#8211; Velocidad de impresi&oacute;n monocromo A4: 31 p&aacute;ginas por minuto<br \/>&#8211; Impresi&oacute;n autom&aacute;tica a doble cara: S&iacute;<br \/>&#8211; Emulaciones: PCL6, BR-Script3 (PostScript&reg;3TM Language Emulation), PDF 1.7, XPS<br \/>&#8211; Tiempo de impresi&oacute;n 1&ordf; p&aacute;gina: Menos de 15 segundos<br \/>&#8211; Volumen mensual recomendado: Hasta 3.000 impresiones<br \/><strong>Funciones de seguridad<\/strong><br \/>&#8211; 802.1x: S&iacute;<br \/>&#8211; Filtro de IP: S&iacute;<br \/>&#8211; Bloqueo seguro de funciones v3: S&iacute;<br \/>&#8211; Impresi&oacute;n segura: S&iacute;<br \/><strong>Consumibles y accesorios<\/strong><br \/>&#8211; Accesorios: LT330CL: Bandeja opcional de 250 hojas<br \/>&#8211; T&oacute;ner de larga duraci&oacute;n: T&oacute;ner negro (TN423BK) &#8211; 6.500 p&aacute;ginas. T&oacute;ner cian (TN423C), T&oacute;ner magenta (TN423M) y T&oacute;ner amarillo (TN423Y) &#8211; 4.000 p&aacute;ginas<br \/>&#8211; T&oacute;ner incluido: T&oacute;ner negro &#8211; 3.000 p&aacute;ginas. T&oacute;ner cian, magenta, amarillo &#8211; 1.800 p&aacute;ginas<br \/>&#8211; Bandeja inferior opcional: LT330CL: Bandeja opcional de 250 hojas<br \/>&#8211; Consumibles: Tambor (DR421CL) &#8211; Aprox. 50.000 p&aacute;ginas (a 3 p&aacute;gs. pro trabajo). Aprox. 30.000 p&aacute;ginas (a 1 p&aacute;g. por trabajo). Cintur&oacute;n de arrastre (BU330CL) &#8211; Aprox. 130.000 p&aacute;ginas (a 3 p&aacute;gs. por trabajo). Aprox. 50.000 p&aacute;ginas (a 1 p&aacute;g. por trabajo). Recipiente t&oacute;ner residual (WT320CL) &#8211; Hasta 50.000 p&aacute;ginas<\/td>\n<\/tr>\n<tr>\n<td valign=\"top\"><strong>Fecha Revisi&oacute;n<\/strong><\/td>\n<td>30-11-2017 por MSB<\/td>\n<\/tr>\n<\/tbody>\n<\/table>\n","protected":false},"excerpt":{"rendered":"<p>&#8211; Velocidad de impresi&oacute;n 31ppm&#8211; Impresi&oacute;n d&uacute;plex autom&aacute;tica&#8211; USB 2.0 Hi-Speed, Gigabit Ethernet y WiFi&#8211; Memoria 256 MB&#8211; Bandeja 250 hojas + Multiprop&oacute;sito 50 hojas Marca Brother Modelo HLL8260CDWYY1 Caracteristicas General&#8211; Tipo de impresora: Color&#8211; Functions: Imprimir&#8211; Pantalla: Pantalla LCD con iluminaci&oacute;n posterior&#8211; Tama&ntilde;o de pantalla: 4,7 x 1,09 cm&#8211; Clasificaci&oacute;n de l&aacute;ser: Producto Laser&hellip;&nbsp;<a href=\"https:\/\/aivlisoft.net\/shop\/producto\/brother-impresora-laser-hl-l8260cdw-duplex-wifi-rd\/\" rel=\"bookmark\"><span class=\"screen-reader-text\">Brother Impresora Laser HL-L8260CDW Duplex Wifi Rd<\/span><\/a><\/p>\n","protected":false},"featured_media":8984,"template":"","meta":{"neve_meta_sidebar":"","neve_meta_container":"","neve_meta_enable_content_width":"","neve_meta_content_width":0,"neve_meta_title_alignment":"","neve_meta_author_avatar":"","neve_post_elements_order":"","neve_meta_disable_header":"","neve_meta_disable_footer":"","neve_meta_disable_title":""},"product_brand":[],"product_cat":[8715],"product_tag":[3553],"class_list":{"0":"post-8983","1":"product","2":"type-product","3":"status-publish","4":"has-post-thumbnail","6":"product_cat-impresoras-laser-color","7":"product_tag-hll8260cdwyy1","9":"first","10":"instock","11":"taxable","12":"shipping-taxable","13":"purchasable","14":"product-type-simple"},"yoast_head":"<!-- This site is optimized with the Yoast SEO plugin v26.0 - https:\/\/yoast.com\/wordpress\/plugins\/seo\/ -->\n<title>Brother Impresora Laser HL-L8260CDW Duplex Wifi Rd - Aivlisoft Inform\u00e1tica<\/title>\n<meta name=\"robots\" content=\"index, follow, max-snippet:-1, max-image-preview:large, max-video-preview:-1\" \/>\n<link rel=\"canonical\" href=\"https:\/\/aivlisoft.net\/shop\/producto\/brother-impresora-laser-hl-l8260cdw-duplex-wifi-rd\/\" \/>\n<meta property=\"og:locale\" content=\"es_ES\" \/>\n<meta property=\"og:type\" content=\"article\" \/>\n<meta property=\"og:title\" content=\"Brother Impresora Laser HL-L8260CDW Duplex Wifi Rd - Aivlisoft Inform\u00e1tica\" \/>\n<meta property=\"og:description\" content=\"&#8211; Velocidad de impresi&oacute;n 31ppm&#8211; Impresi&oacute;n d&uacute;plex autom&aacute;tica&#8211; USB 2.0 Hi-Speed, Gigabit Ethernet y WiFi&#8211; Memoria 256 MB&#8211; Bandeja 250 hojas + Multiprop&oacute;sito 50 hojas Marca Brother Modelo HLL8260CDWYY1 Caracteristicas General&#8211; Tipo de impresora: Color&#8211; Functions: Imprimir&#8211; Pantalla: Pantalla LCD con iluminaci&oacute;n posterior&#8211; Tama&ntilde;o de pantalla: 4,7 x 1,09 cm&#8211; Clasificaci&oacute;n de l&aacute;ser: Producto Laser&hellip;&nbsp;Brother Impresora Laser HL-L8260CDW Duplex Wifi Rd\" \/>\n<meta property=\"og:url\" content=\"https:\/\/aivlisoft.net\/shop\/producto\/brother-impresora-laser-hl-l8260cdw-duplex-wifi-rd\/\" \/>\n<meta property=\"og:site_name\" content=\"Aivlisoft Inform\u00e1tica\" \/>\n<meta property=\"article:modified_time\" content=\"2025-01-14T10:44:01+00:00\" \/>\n<meta property=\"og:image\" content=\"https:\/\/aivlisoft.net\/shop\/wp-content\/uploads\/2025\/01\/FIMILC0104_800.jpg\" \/>\n\t<meta property=\"og:image:width\" content=\"800\" \/>\n\t<meta property=\"og:image:height\" content=\"800\" \/>\n\t<meta property=\"og:image:type\" content=\"image\/jpeg\" \/>\n<meta name=\"twitter:card\" content=\"summary_large_image\" \/>\n<meta name=\"twitter:label1\" content=\"Tiempo de lectura\" \/>\n\t<meta name=\"twitter:data1\" content=\"4 minutos\" \/>\n<script type=\"application\/ld+json\" class=\"yoast-schema-graph\">{\"@context\":\"https:\/\/schema.org\",\"@graph\":[{\"@type\":\"WebPage\",\"@id\":\"https:\/\/aivlisoft.net\/shop\/producto\/brother-impresora-laser-hl-l8260cdw-duplex-wifi-rd\/\",\"url\":\"https:\/\/aivlisoft.net\/shop\/producto\/brother-impresora-laser-hl-l8260cdw-duplex-wifi-rd\/\",\"name\":\"Brother Impresora Laser HL-L8260CDW Duplex Wifi Rd - Aivlisoft Inform\u00e1tica\",\"isPartOf\":{\"@id\":\"https:\/\/aivlisoft.net\/shop\/#website\"},\"primaryImageOfPage\":{\"@id\":\"https:\/\/aivlisoft.net\/shop\/producto\/brother-impresora-laser-hl-l8260cdw-duplex-wifi-rd\/#primaryimage\"},\"image\":{\"@id\":\"https:\/\/aivlisoft.net\/shop\/producto\/brother-impresora-laser-hl-l8260cdw-duplex-wifi-rd\/#primaryimage\"},\"thumbnailUrl\":\"https:\/\/aivlisoft.net\/shop\/wp-content\/uploads\/2025\/01\/FIMILC0104_800.jpg\",\"datePublished\":\"2025-01-13T13:53:11+00:00\",\"dateModified\":\"2025-01-14T10:44:01+00:00\",\"breadcrumb\":{\"@id\":\"https:\/\/aivlisoft.net\/shop\/producto\/brother-impresora-laser-hl-l8260cdw-duplex-wifi-rd\/#breadcrumb\"},\"inLanguage\":\"es\",\"potentialAction\":[{\"@type\":\"ReadAction\",\"target\":[\"https:\/\/aivlisoft.net\/shop\/producto\/brother-impresora-laser-hl-l8260cdw-duplex-wifi-rd\/\"]}]},{\"@type\":\"ImageObject\",\"inLanguage\":\"es\",\"@id\":\"https:\/\/aivlisoft.net\/shop\/producto\/brother-impresora-laser-hl-l8260cdw-duplex-wifi-rd\/#primaryimage\",\"url\":\"https:\/\/aivlisoft.net\/shop\/wp-content\/uploads\/2025\/01\/FIMILC0104_800.jpg\",\"contentUrl\":\"https:\/\/aivlisoft.net\/shop\/wp-content\/uploads\/2025\/01\/FIMILC0104_800.jpg\",\"width\":800,\"height\":800},{\"@type\":\"BreadcrumbList\",\"@id\":\"https:\/\/aivlisoft.net\/shop\/producto\/brother-impresora-laser-hl-l8260cdw-duplex-wifi-rd\/#breadcrumb\",\"itemListElement\":[{\"@type\":\"ListItem\",\"position\":1,\"name\":\"Portada\",\"item\":\"https:\/\/aivlisoft.net\/shop\/\"},{\"@type\":\"ListItem\",\"position\":2,\"name\":\"Tienda\",\"item\":\"https:\/\/aivlisoft.net\/shop\/tienda\/\"},{\"@type\":\"ListItem\",\"position\":3,\"name\":\"Brother Impresora Laser HL-L8260CDW Duplex Wifi Rd\"}]},{\"@type\":\"WebSite\",\"@id\":\"https:\/\/aivlisoft.net\/shop\/#website\",\"url\":\"https:\/\/aivlisoft.net\/shop\/\",\"name\":\"Aivlisoft Inform\u00e1tica\",\"description\":\"En Aivlisoft Inform\u00e1tica ofrecemos soluciones tecnol\u00f3gicas para empresas: venta de ordenadores, consumibles, perif\u00e9ricos y m\u00e1s. Calidad, atenci\u00f3n personalizada y los mejores precios para tu negocio.\",\"publisher\":{\"@id\":\"https:\/\/aivlisoft.net\/shop\/#organization\"},\"potentialAction\":[{\"@type\":\"SearchAction\",\"target\":{\"@type\":\"EntryPoint\",\"urlTemplate\":\"https:\/\/aivlisoft.net\/shop\/?s={search_term_string}\"},\"query-input\":{\"@type\":\"PropertyValueSpecification\",\"valueRequired\":true,\"valueName\":\"search_term_string\"}}],\"inLanguage\":\"es\"},{\"@type\":\"Organization\",\"@id\":\"https:\/\/aivlisoft.net\/shop\/#organization\",\"name\":\"Aivlisoft Inform\u00e1tica\",\"url\":\"https:\/\/aivlisoft.net\/shop\/\",\"logo\":{\"@type\":\"ImageObject\",\"inLanguage\":\"es\",\"@id\":\"https:\/\/aivlisoft.net\/shop\/#\/schema\/logo\/image\/\",\"url\":\"https:\/\/aivlisoft.net\/shop\/wp-content\/uploads\/2024\/12\/removal.ai_5b848c54-0cdf-4140-95c5-c5536bb7573b-logodef.png\",\"contentUrl\":\"https:\/\/aivlisoft.net\/shop\/wp-content\/uploads\/2024\/12\/removal.ai_5b848c54-0cdf-4140-95c5-c5536bb7573b-logodef.png\",\"width\":484,\"height\":182,\"caption\":\"Aivlisoft Inform\u00e1tica\"},\"image\":{\"@id\":\"https:\/\/aivlisoft.net\/shop\/#\/schema\/logo\/image\/\"}}]}<\/script>\n<!-- \/ Yoast SEO plugin. -->","yoast_head_json":{"title":"Brother Impresora Laser HL-L8260CDW Duplex Wifi Rd - Aivlisoft Inform\u00e1tica","robots":{"index":"index","follow":"follow","max-snippet":"max-snippet:-1","max-image-preview":"max-image-preview:large","max-video-preview":"max-video-preview:-1"},"canonical":"https:\/\/aivlisoft.net\/shop\/producto\/brother-impresora-laser-hl-l8260cdw-duplex-wifi-rd\/","og_locale":"es_ES","og_type":"article","og_title":"Brother Impresora Laser HL-L8260CDW Duplex Wifi Rd - Aivlisoft Inform\u00e1tica","og_description":"&#8211; Velocidad de impresi&oacute;n 31ppm&#8211; Impresi&oacute;n d&uacute;plex autom&aacute;tica&#8211; USB 2.0 Hi-Speed, Gigabit Ethernet y WiFi&#8211; Memoria 256 MB&#8211; Bandeja 250 hojas + Multiprop&oacute;sito 50 hojas Marca Brother Modelo HLL8260CDWYY1 Caracteristicas General&#8211; Tipo de impresora: Color&#8211; Functions: Imprimir&#8211; Pantalla: Pantalla LCD con iluminaci&oacute;n posterior&#8211; Tama&ntilde;o de pantalla: 4,7 x 1,09 cm&#8211; Clasificaci&oacute;n de l&aacute;ser: Producto Laser&hellip;&nbsp;Brother Impresora Laser HL-L8260CDW Duplex Wifi Rd","og_url":"https:\/\/aivlisoft.net\/shop\/producto\/brother-impresora-laser-hl-l8260cdw-duplex-wifi-rd\/","og_site_name":"Aivlisoft Inform\u00e1tica","article_modified_time":"2025-01-14T10:44:01+00:00","og_image":[{"width":800,"height":800,"url":"https:\/\/aivlisoft.net\/shop\/wp-content\/uploads\/2025\/01\/FIMILC0104_800.jpg","type":"image\/jpeg"}],"twitter_card":"summary_large_image","twitter_misc":{"Tiempo de lectura":"4 minutos"},"schema":{"@context":"https:\/\/schema.org","@graph":[{"@type":"WebPage","@id":"https:\/\/aivlisoft.net\/shop\/producto\/brother-impresora-laser-hl-l8260cdw-duplex-wifi-rd\/","url":"https:\/\/aivlisoft.net\/shop\/producto\/brother-impresora-laser-hl-l8260cdw-duplex-wifi-rd\/","name":"Brother Impresora Laser HL-L8260CDW Duplex Wifi Rd - Aivlisoft Inform\u00e1tica","isPartOf":{"@id":"https:\/\/aivlisoft.net\/shop\/#website"},"primaryImageOfPage":{"@id":"https:\/\/aivlisoft.net\/shop\/producto\/brother-impresora-laser-hl-l8260cdw-duplex-wifi-rd\/#primaryimage"},"image":{"@id":"https:\/\/aivlisoft.net\/shop\/producto\/brother-impresora-laser-hl-l8260cdw-duplex-wifi-rd\/#primaryimage"},"thumbnailUrl":"https:\/\/aivlisoft.net\/shop\/wp-content\/uploads\/2025\/01\/FIMILC0104_800.jpg","datePublished":"2025-01-13T13:53:11+00:00","dateModified":"2025-01-14T10:44:01+00:00","breadcrumb":{"@id":"https:\/\/aivlisoft.net\/shop\/producto\/brother-impresora-laser-hl-l8260cdw-duplex-wifi-rd\/#breadcrumb"},"inLanguage":"es","potentialAction":[{"@type":"ReadAction","target":["https:\/\/aivlisoft.net\/shop\/producto\/brother-impresora-laser-hl-l8260cdw-duplex-wifi-rd\/"]}]},{"@type":"ImageObject","inLanguage":"es","@id":"https:\/\/aivlisoft.net\/shop\/producto\/brother-impresora-laser-hl-l8260cdw-duplex-wifi-rd\/#primaryimage","url":"https:\/\/aivlisoft.net\/shop\/wp-content\/uploads\/2025\/01\/FIMILC0104_800.jpg","contentUrl":"https:\/\/aivlisoft.net\/shop\/wp-content\/uploads\/2025\/01\/FIMILC0104_800.jpg","width":800,"height":800},{"@type":"BreadcrumbList","@id":"https:\/\/aivlisoft.net\/shop\/producto\/brother-impresora-laser-hl-l8260cdw-duplex-wifi-rd\/#breadcrumb","itemListElement":[{"@type":"ListItem","position":1,"name":"Portada","item":"https:\/\/aivlisoft.net\/shop\/"},{"@type":"ListItem","position":2,"name":"Tienda","item":"https:\/\/aivlisoft.net\/shop\/tienda\/"},{"@type":"ListItem","position":3,"name":"Brother Impresora Laser HL-L8260CDW Duplex Wifi Rd"}]},{"@type":"WebSite","@id":"https:\/\/aivlisoft.net\/shop\/#website","url":"https:\/\/aivlisoft.net\/shop\/","name":"Aivlisoft Inform\u00e1tica","description":"En Aivlisoft Inform\u00e1tica ofrecemos soluciones tecnol\u00f3gicas para empresas: venta de ordenadores, consumibles, perif\u00e9ricos y m\u00e1s. Calidad, atenci\u00f3n personalizada y los mejores precios para tu negocio.","publisher":{"@id":"https:\/\/aivlisoft.net\/shop\/#organization"},"potentialAction":[{"@type":"SearchAction","target":{"@type":"EntryPoint","urlTemplate":"https:\/\/aivlisoft.net\/shop\/?s={search_term_string}"},"query-input":{"@type":"PropertyValueSpecification","valueRequired":true,"valueName":"search_term_string"}}],"inLanguage":"es"},{"@type":"Organization","@id":"https:\/\/aivlisoft.net\/shop\/#organization","name":"Aivlisoft Inform\u00e1tica","url":"https:\/\/aivlisoft.net\/shop\/","logo":{"@type":"ImageObject","inLanguage":"es","@id":"https:\/\/aivlisoft.net\/shop\/#\/schema\/logo\/image\/","url":"https:\/\/aivlisoft.net\/shop\/wp-content\/uploads\/2024\/12\/removal.ai_5b848c54-0cdf-4140-95c5-c5536bb7573b-logodef.png","contentUrl":"https:\/\/aivlisoft.net\/shop\/wp-content\/uploads\/2024\/12\/removal.ai_5b848c54-0cdf-4140-95c5-c5536bb7573b-logodef.png","width":484,"height":182,"caption":"Aivlisoft Inform\u00e1tica"},"image":{"@id":"https:\/\/aivlisoft.net\/shop\/#\/schema\/logo\/image\/"}}]}},"_links":{"self":[{"href":"https:\/\/aivlisoft.net\/shop\/wp-json\/wp\/v2\/product\/8983","targetHints":{"allow":["GET"]}}],"collection":[{"href":"https:\/\/aivlisoft.net\/shop\/wp-json\/wp\/v2\/product"}],"about":[{"href":"https:\/\/aivlisoft.net\/shop\/wp-json\/wp\/v2\/types\/product"}],"wp:featuredmedia":[{"embeddable":true,"href":"https:\/\/aivlisoft.net\/shop\/wp-json\/wp\/v2\/media\/8984"}],"wp:attachment":[{"href":"https:\/\/aivlisoft.net\/shop\/wp-json\/wp\/v2\/media?parent=8983"}],"wp:term":[{"taxonomy":"product_brand","embeddable":true,"href":"https:\/\/aivlisoft.net\/shop\/wp-json\/wp\/v2\/product_brand?post=8983"},{"taxonomy":"product_cat","embeddable":true,"href":"https:\/\/aivlisoft.net\/shop\/wp-json\/wp\/v2\/product_cat?post=8983"},{"taxonomy":"product_tag","embeddable":true,"href":"https:\/\/aivlisoft.net\/shop\/wp-json\/wp\/v2\/product_tag?post=8983"}],"curies":[{"name":"wp","href":"https:\/\/api.w.org\/{rel}","templated":true}]}}