{"id":8964,"date":"2025-01-13T13:53:01","date_gmt":"2025-01-13T13:53:01","guid":{"rendered":"https:\/\/aivlisoft.com\/?post_type=product&#038;p=8964"},"modified":"2025-01-14T13:04:13","modified_gmt":"2025-01-14T13:04:13","slug":"epson-impresora-ecotank-et-18100-a3","status":"publish","type":"product","link":"https:\/\/aivlisoft.net\/shop\/producto\/epson-impresora-ecotank-et-18100-a3\/","title":{"rendered":"Epson Impresora EcoTank ET-18100 A3"},"content":{"rendered":"<p><strong>Impresora fotogr&aacute;fica A3+ a 6 colores, r&aacute;pida y cargada de funciones con las que ofrecer grandes vol&uacute;menes de impresi&oacute;n de manera fluida y a coste extraordinariamente bajo<\/strong><\/p>\n<p>Esta impresora de inyecci&oacute;n de tinta r&aacute;pida y sin cartuchos, con un coste por foto y una impresi&oacute;n m&oacute;vil m&iacute;nimos, es perfecta para generar grandes vol&uacute;menes de impresi&oacute;n fotogr&aacute;fica en A3+. La ET-18100 ofrece un dise&ntilde;o compacto y f&aacute;cil de usar, gracias a los accesibles dep&oacute;sitos de tinta frontales y las botellas con bloqueo para evitar derrames. Es compatible con multitud de soportes e imprime sobre tarjetas de identificaci&oacute;n de PVC, as&iacute; como en CD y DVD.<\/p>\n<table class=\"tabla_caracteristicas k-table\" width=\"100%\">\n<tr>\n<td valign=\"top\"><strong>Marca<\/strong><\/td>\n<td>Epson<\/td>\n<\/tr>\n<tr>\n<td valign=\"top\"><strong>Modelo<\/strong><\/td>\n<td><strong>C11CK38401<\/strong><\/td>\n<\/tr>\n<tr>\n<td valign=\"top\"><strong>Tecnolog&iacute;a<\/strong><\/td>\n<td>&#8211; M&eacute;todo de impresi&oacute;n: Impresora de inyecci&oacute;n de tinta de 6 colores<br \/>\t\t\t&#8211; Configuraci&oacute;n inyectores: 180 Inyectores negro, 900 Inyectores por color<br \/>\t\t\t&#8211; Tama&ntilde;o m&aacute;ximo gota: 1,5 pl<br \/>\t\t\t&#8211; Tecnolog&iacute;a de tinta: Dye Ink<br \/>\t\t\t&#8211; Resoluci&oacute;n de impresi&oacute;n: 5.760 x 1.440 ppp<br \/>\t\t\t&#8211; Categor&iacute;a: Foto<br \/>\t\t\t&#8211; Multifunci&oacute;n: Impresi&oacute;n<\/td>\n<\/tr>\n<tr>\n<td valign=\"top\"><strong>Impresi&oacute;n<\/strong><\/td>\n<td>&#8211; N&uacute;mero de colores: 6 colores<br \/>\t\t\t&#8211; Velocidad de impresi&oacute;n ISO\/IEC 24734: 8 p&aacute;ginas\/minuto Monocromo, 8 p&aacute;ginas\/minuto Color<br \/>\t\t\t&#8211; Velocidad de impresion:<br \/>\t\t\t&nbsp; 22 p&aacute;ginas\/minuto Monocromo (Papel Normal 75 g\/m&sup2;)<br \/>\t\t\t&nbsp; 22 p&aacute;ginas\/minuto Color (Papel Normal 75 g\/m&sup2;)<br \/>\t\t\t&nbsp; 25 segundos por foto de 10 x 15 cm (Epson Premium Glossy Photo Paper)<br \/>\t\t\t&#8211; Tiempo de salida de primera pagina: Monocromo 14 segundos, Color 14 segundos, Seg&uacute;n IEEE\/ISO 17629<br \/>\t\t\t&#8211; Fuente de impresion: Dispositivo m&oacute;vil<br \/>\t\t\t&#8211; Colores: Negro, Cian, Cian claro, Amarillo, Magenta, Magenta claro<br \/>\t\t\t&#8211; Capacidad de colores: Negro, Cian, Cian claro, Amarillo, Magenta, Magenta claro<\/td>\n<\/tr>\n<tr>\n<td valign=\"top\"><strong>Manejo de papel<\/strong><br \/>\t\t\t<strong>y sustratos<\/strong><\/td>\n<td>&#8211; N&uacute;mero de bandejas de papel: 1<br \/>\t\t\t&#8211; Formatos papel: 3+, A3 (29,7&#215;42,0 cm), A4 (21.0&#215;29,7 cm), A5 (14,8&#215;21,0 cm), A6 (10,5&#215;14,8 cm), B5 (17,6&#215;25,7 cm), B6, B5, B4, No. 10 (sobre), DL (sobre), C6 (sobre), C4 (sobre), 10 x 15 cm, 13 x 18 cm, Carta, Legal<br \/>\t\t\t&#8211; Capacidad de la bandeja de salida: 100 Hojas<br \/>\t\t\t&#8211; Capacidad bandeja papel: 80 Hojas Est&aacute;ndar<br \/>\t\t\t&#8211; Peso del papel adecuado: 64 g\/m&sup2; &#8211; 300 g\/m&sup2;<br \/>\t\t\t&#8211; Gesti&oacute;n de soportes: Impresi&oacute;n sin m&aacute;rgenes, Impresi&oacute;n en CD\/DVD<\/td>\n<\/tr>\n<tr>\n<td valign=\"top\"><strong>General<\/strong><\/td>\n<td>&#8211; N&uacute;mero de usuarios recomendado: Desde 1 a 2<br \/>\t\t\t&#8211; Consumo de energ&iacute;a: 0,6 vatio (modo de ahorro), 19 vatio (impresi&oacute;n), 4,4 vatio Preparado, 0,2 vatio (desconectar), TEC 0,13 kWh por semana<br \/>\t\t\t&#8211; Voltaje de suministro: CA 100 V &#8211; 240 V, 50 Hz &#8211; 60 Hz<br \/>\t\t\t&#8211; Sistemas operativos compatibles:<br \/>\t\t\t&nbsp; Mac OS X 10.9.5 or later<br \/>\t\t\t&nbsp; Windows 10 (32\/64 bit)<br \/>\t\t\t&nbsp; Windows 11<br \/>\t\t\t&nbsp; Windows 7 (32\/64 bit)<br \/>\t\t\t&nbsp; Windows 8 (32\/64 bits)<br \/>\t\t\t&nbsp; Windows 8.1 (32\/64 bit)<br \/>\t\t\t&nbsp; Windows Server 2008 R2<br \/>\t\t\t&nbsp; Windows Server 2012 R2<br \/>\t\t\t&nbsp; Windows Server 2016<br \/>\t\t\t&nbsp; Windows Vista (32\/64 bits)<br \/>\t\t\t&nbsp; Windows XP Professional x64 Edition SP2 or later<br \/>\t\t\t&nbsp; Windows XP SP3 or later (32-bit)<br \/>\t\t\t&nbsp; Windows Server 2003 R2<br \/>\t\t\t&nbsp; Windows Server 2003 SP2 or later<br \/>\t\t\t&#8211; Interfaces: USB, Wi-Fi, Wi-Fi Direct<br \/>\t\t\t&#8211; Seguridad WLAN: WEP 64 bits, WEP 128 bits, WPA PSK (TKIP), WPA2 PSK (AES), WPA3-SAE(AES)<br \/>\t\t\t&#8211; Alimentaci&oacute;n: 220 V, 240V<br \/>\t\t\t&#8211; Nivel de ruido: 5 B (A) con Epson Premium Glossy Photo Paper \/ modo Photo RPM. &#8211; 40 dB (A) con Epson Premium Glossy Photo Paper \/ modo Photo RPM<br \/>\t\t\t&#8211; Dimensiones del producto: 523 x 369 x 150 mm<br \/>\t\t\t&#8211; Peso: 8 kg<br \/>\t\t\t<strong>Rendimiento de la botella incluida<\/strong><br \/>\t\t\t&#8211; Rendimiento de la tinta negra: 1500 fotograf&iacute;as<br \/>\t\t\t&#8211; Rendimiento del color: 1500 fotograf&iacute;as<br \/>\t\t\t<strong>Contenido<\/strong><br \/>\t\t\t&#8211; 6 botellas de tinta individuales de 65 ml (Bk, C, Y, M)&oacute;n<br \/>\t\t\t&#8211; Instrucciones de instalaci&oacute;n<\/td>\n<\/tr>\n<tr>\n<td valign=\"top\"><strong>Fecha Revisi&oacute;n<\/strong><\/td>\n<td>10-03-2023 por RTY<\/td>\n<\/tr>\n<\/table>\n","protected":false},"excerpt":{"rendered":"<p>Impresora fotogr&aacute;fica A3+ a 6 colores, r&aacute;pida y cargada de funciones con las que ofrecer grandes vol&uacute;menes de impresi&oacute;n de manera fluida y a coste extraordinariamente bajo Esta impresora de inyecci&oacute;n de tinta r&aacute;pida y sin cartuchos, con un coste por foto y una impresi&oacute;n m&oacute;vil m&iacute;nimos, es perfecta para generar grandes vol&uacute;menes de impresi&oacute;n&hellip;&nbsp;<a href=\"https:\/\/aivlisoft.net\/shop\/producto\/epson-impresora-ecotank-et-18100-a3\/\" rel=\"bookmark\"><span class=\"screen-reader-text\">Epson Impresora EcoTank ET-18100 A3<\/span><\/a><\/p>\n","protected":false},"featured_media":8965,"template":"","meta":{"neve_meta_sidebar":"","neve_meta_container":"","neve_meta_enable_content_width":"","neve_meta_content_width":0,"neve_meta_title_alignment":"","neve_meta_author_avatar":"","neve_post_elements_order":"","neve_meta_disable_header":"","neve_meta_disable_footer":"","neve_meta_disable_title":""},"product_brand":[],"product_cat":[15,3529],"product_tag":[3546],"class_list":{"0":"post-8964","1":"product","2":"type-product","3":"status-publish","4":"has-post-thumbnail","6":"product_cat-sin-categorizar","7":"product_cat-impresoras","8":"product_tag-c11ck38401","10":"first","11":"instock","12":"taxable","13":"shipping-taxable","14":"purchasable","15":"product-type-simple"},"yoast_head":"<!-- This site is optimized with the Yoast SEO plugin v26.0 - https:\/\/yoast.com\/wordpress\/plugins\/seo\/ -->\n<title>Epson Impresora EcoTank ET-18100 A3 - Aivlisoft Inform\u00e1tica<\/title>\n<meta name=\"robots\" content=\"index, follow, max-snippet:-1, max-image-preview:large, max-video-preview:-1\" \/>\n<link rel=\"canonical\" href=\"https:\/\/aivlisoft.net\/shop\/producto\/epson-impresora-ecotank-et-18100-a3\/\" \/>\n<meta property=\"og:locale\" content=\"es_ES\" \/>\n<meta property=\"og:type\" content=\"article\" \/>\n<meta property=\"og:title\" content=\"Epson Impresora EcoTank ET-18100 A3 - Aivlisoft Inform\u00e1tica\" \/>\n<meta property=\"og:description\" content=\"Impresora fotogr&aacute;fica A3+ a 6 colores, r&aacute;pida y cargada de funciones con las que ofrecer grandes vol&uacute;menes de impresi&oacute;n de manera fluida y a coste extraordinariamente bajo Esta impresora de inyecci&oacute;n de tinta r&aacute;pida y sin cartuchos, con un coste por foto y una impresi&oacute;n m&oacute;vil m&iacute;nimos, es perfecta para generar grandes vol&uacute;menes de impresi&oacute;n&hellip;&nbsp;Epson Impresora EcoTank ET-18100 A3\" \/>\n<meta property=\"og:url\" content=\"https:\/\/aivlisoft.net\/shop\/producto\/epson-impresora-ecotank-et-18100-a3\/\" \/>\n<meta property=\"og:site_name\" content=\"Aivlisoft Inform\u00e1tica\" \/>\n<meta property=\"article:modified_time\" content=\"2025-01-14T13:04:13+00:00\" \/>\n<meta property=\"og:image\" content=\"https:\/\/aivlisoft.net\/shop\/wp-content\/uploads\/2025\/01\/FIMIIN0114_800.jpg\" \/>\n\t<meta property=\"og:image:width\" content=\"800\" \/>\n\t<meta property=\"og:image:height\" content=\"800\" \/>\n\t<meta property=\"og:image:type\" content=\"image\/jpeg\" \/>\n<meta name=\"twitter:card\" content=\"summary_large_image\" \/>\n<meta name=\"twitter:label1\" content=\"Tiempo de lectura\" \/>\n\t<meta name=\"twitter:data1\" content=\"3 minutos\" \/>\n<script type=\"application\/ld+json\" class=\"yoast-schema-graph\">{\"@context\":\"https:\/\/schema.org\",\"@graph\":[{\"@type\":\"WebPage\",\"@id\":\"https:\/\/aivlisoft.net\/shop\/producto\/epson-impresora-ecotank-et-18100-a3\/\",\"url\":\"https:\/\/aivlisoft.net\/shop\/producto\/epson-impresora-ecotank-et-18100-a3\/\",\"name\":\"Epson Impresora EcoTank ET-18100 A3 - Aivlisoft Inform\u00e1tica\",\"isPartOf\":{\"@id\":\"https:\/\/aivlisoft.net\/shop\/#website\"},\"primaryImageOfPage\":{\"@id\":\"https:\/\/aivlisoft.net\/shop\/producto\/epson-impresora-ecotank-et-18100-a3\/#primaryimage\"},\"image\":{\"@id\":\"https:\/\/aivlisoft.net\/shop\/producto\/epson-impresora-ecotank-et-18100-a3\/#primaryimage\"},\"thumbnailUrl\":\"https:\/\/aivlisoft.net\/shop\/wp-content\/uploads\/2025\/01\/FIMIIN0114_800.jpg\",\"datePublished\":\"2025-01-13T13:53:01+00:00\",\"dateModified\":\"2025-01-14T13:04:13+00:00\",\"breadcrumb\":{\"@id\":\"https:\/\/aivlisoft.net\/shop\/producto\/epson-impresora-ecotank-et-18100-a3\/#breadcrumb\"},\"inLanguage\":\"es\",\"potentialAction\":[{\"@type\":\"ReadAction\",\"target\":[\"https:\/\/aivlisoft.net\/shop\/producto\/epson-impresora-ecotank-et-18100-a3\/\"]}]},{\"@type\":\"ImageObject\",\"inLanguage\":\"es\",\"@id\":\"https:\/\/aivlisoft.net\/shop\/producto\/epson-impresora-ecotank-et-18100-a3\/#primaryimage\",\"url\":\"https:\/\/aivlisoft.net\/shop\/wp-content\/uploads\/2025\/01\/FIMIIN0114_800.jpg\",\"contentUrl\":\"https:\/\/aivlisoft.net\/shop\/wp-content\/uploads\/2025\/01\/FIMIIN0114_800.jpg\",\"width\":800,\"height\":800},{\"@type\":\"BreadcrumbList\",\"@id\":\"https:\/\/aivlisoft.net\/shop\/producto\/epson-impresora-ecotank-et-18100-a3\/#breadcrumb\",\"itemListElement\":[{\"@type\":\"ListItem\",\"position\":1,\"name\":\"Portada\",\"item\":\"https:\/\/aivlisoft.net\/shop\/\"},{\"@type\":\"ListItem\",\"position\":2,\"name\":\"Tienda\",\"item\":\"https:\/\/aivlisoft.net\/shop\/tienda\/\"},{\"@type\":\"ListItem\",\"position\":3,\"name\":\"Epson Impresora EcoTank ET-18100 A3\"}]},{\"@type\":\"WebSite\",\"@id\":\"https:\/\/aivlisoft.net\/shop\/#website\",\"url\":\"https:\/\/aivlisoft.net\/shop\/\",\"name\":\"Aivlisoft Inform\u00e1tica\",\"description\":\"En Aivlisoft Inform\u00e1tica ofrecemos soluciones tecnol\u00f3gicas para empresas: venta de ordenadores, consumibles, perif\u00e9ricos y m\u00e1s. Calidad, atenci\u00f3n personalizada y los mejores precios para tu negocio.\",\"publisher\":{\"@id\":\"https:\/\/aivlisoft.net\/shop\/#organization\"},\"potentialAction\":[{\"@type\":\"SearchAction\",\"target\":{\"@type\":\"EntryPoint\",\"urlTemplate\":\"https:\/\/aivlisoft.net\/shop\/?s={search_term_string}\"},\"query-input\":{\"@type\":\"PropertyValueSpecification\",\"valueRequired\":true,\"valueName\":\"search_term_string\"}}],\"inLanguage\":\"es\"},{\"@type\":\"Organization\",\"@id\":\"https:\/\/aivlisoft.net\/shop\/#organization\",\"name\":\"Aivlisoft Inform\u00e1tica\",\"url\":\"https:\/\/aivlisoft.net\/shop\/\",\"logo\":{\"@type\":\"ImageObject\",\"inLanguage\":\"es\",\"@id\":\"https:\/\/aivlisoft.net\/shop\/#\/schema\/logo\/image\/\",\"url\":\"https:\/\/aivlisoft.net\/shop\/wp-content\/uploads\/2024\/12\/removal.ai_5b848c54-0cdf-4140-95c5-c5536bb7573b-logodef.png\",\"contentUrl\":\"https:\/\/aivlisoft.net\/shop\/wp-content\/uploads\/2024\/12\/removal.ai_5b848c54-0cdf-4140-95c5-c5536bb7573b-logodef.png\",\"width\":484,\"height\":182,\"caption\":\"Aivlisoft Inform\u00e1tica\"},\"image\":{\"@id\":\"https:\/\/aivlisoft.net\/shop\/#\/schema\/logo\/image\/\"}}]}<\/script>\n<!-- \/ Yoast SEO plugin. -->","yoast_head_json":{"title":"Epson Impresora EcoTank ET-18100 A3 - Aivlisoft Inform\u00e1tica","robots":{"index":"index","follow":"follow","max-snippet":"max-snippet:-1","max-image-preview":"max-image-preview:large","max-video-preview":"max-video-preview:-1"},"canonical":"https:\/\/aivlisoft.net\/shop\/producto\/epson-impresora-ecotank-et-18100-a3\/","og_locale":"es_ES","og_type":"article","og_title":"Epson Impresora EcoTank ET-18100 A3 - Aivlisoft Inform\u00e1tica","og_description":"Impresora fotogr&aacute;fica A3+ a 6 colores, r&aacute;pida y cargada de funciones con las que ofrecer grandes vol&uacute;menes de impresi&oacute;n de manera fluida y a coste extraordinariamente bajo Esta impresora de inyecci&oacute;n de tinta r&aacute;pida y sin cartuchos, con un coste por foto y una impresi&oacute;n m&oacute;vil m&iacute;nimos, es perfecta para generar grandes vol&uacute;menes de impresi&oacute;n&hellip;&nbsp;Epson Impresora EcoTank ET-18100 A3","og_url":"https:\/\/aivlisoft.net\/shop\/producto\/epson-impresora-ecotank-et-18100-a3\/","og_site_name":"Aivlisoft Inform\u00e1tica","article_modified_time":"2025-01-14T13:04:13+00:00","og_image":[{"width":800,"height":800,"url":"https:\/\/aivlisoft.net\/shop\/wp-content\/uploads\/2025\/01\/FIMIIN0114_800.jpg","type":"image\/jpeg"}],"twitter_card":"summary_large_image","twitter_misc":{"Tiempo de lectura":"3 minutos"},"schema":{"@context":"https:\/\/schema.org","@graph":[{"@type":"WebPage","@id":"https:\/\/aivlisoft.net\/shop\/producto\/epson-impresora-ecotank-et-18100-a3\/","url":"https:\/\/aivlisoft.net\/shop\/producto\/epson-impresora-ecotank-et-18100-a3\/","name":"Epson Impresora EcoTank ET-18100 A3 - Aivlisoft Inform\u00e1tica","isPartOf":{"@id":"https:\/\/aivlisoft.net\/shop\/#website"},"primaryImageOfPage":{"@id":"https:\/\/aivlisoft.net\/shop\/producto\/epson-impresora-ecotank-et-18100-a3\/#primaryimage"},"image":{"@id":"https:\/\/aivlisoft.net\/shop\/producto\/epson-impresora-ecotank-et-18100-a3\/#primaryimage"},"thumbnailUrl":"https:\/\/aivlisoft.net\/shop\/wp-content\/uploads\/2025\/01\/FIMIIN0114_800.jpg","datePublished":"2025-01-13T13:53:01+00:00","dateModified":"2025-01-14T13:04:13+00:00","breadcrumb":{"@id":"https:\/\/aivlisoft.net\/shop\/producto\/epson-impresora-ecotank-et-18100-a3\/#breadcrumb"},"inLanguage":"es","potentialAction":[{"@type":"ReadAction","target":["https:\/\/aivlisoft.net\/shop\/producto\/epson-impresora-ecotank-et-18100-a3\/"]}]},{"@type":"ImageObject","inLanguage":"es","@id":"https:\/\/aivlisoft.net\/shop\/producto\/epson-impresora-ecotank-et-18100-a3\/#primaryimage","url":"https:\/\/aivlisoft.net\/shop\/wp-content\/uploads\/2025\/01\/FIMIIN0114_800.jpg","contentUrl":"https:\/\/aivlisoft.net\/shop\/wp-content\/uploads\/2025\/01\/FIMIIN0114_800.jpg","width":800,"height":800},{"@type":"BreadcrumbList","@id":"https:\/\/aivlisoft.net\/shop\/producto\/epson-impresora-ecotank-et-18100-a3\/#breadcrumb","itemListElement":[{"@type":"ListItem","position":1,"name":"Portada","item":"https:\/\/aivlisoft.net\/shop\/"},{"@type":"ListItem","position":2,"name":"Tienda","item":"https:\/\/aivlisoft.net\/shop\/tienda\/"},{"@type":"ListItem","position":3,"name":"Epson Impresora EcoTank ET-18100 A3"}]},{"@type":"WebSite","@id":"https:\/\/aivlisoft.net\/shop\/#website","url":"https:\/\/aivlisoft.net\/shop\/","name":"Aivlisoft Inform\u00e1tica","description":"En Aivlisoft Inform\u00e1tica ofrecemos soluciones tecnol\u00f3gicas para empresas: venta de ordenadores, consumibles, perif\u00e9ricos y m\u00e1s. Calidad, atenci\u00f3n personalizada y los mejores precios para tu negocio.","publisher":{"@id":"https:\/\/aivlisoft.net\/shop\/#organization"},"potentialAction":[{"@type":"SearchAction","target":{"@type":"EntryPoint","urlTemplate":"https:\/\/aivlisoft.net\/shop\/?s={search_term_string}"},"query-input":{"@type":"PropertyValueSpecification","valueRequired":true,"valueName":"search_term_string"}}],"inLanguage":"es"},{"@type":"Organization","@id":"https:\/\/aivlisoft.net\/shop\/#organization","name":"Aivlisoft Inform\u00e1tica","url":"https:\/\/aivlisoft.net\/shop\/","logo":{"@type":"ImageObject","inLanguage":"es","@id":"https:\/\/aivlisoft.net\/shop\/#\/schema\/logo\/image\/","url":"https:\/\/aivlisoft.net\/shop\/wp-content\/uploads\/2024\/12\/removal.ai_5b848c54-0cdf-4140-95c5-c5536bb7573b-logodef.png","contentUrl":"https:\/\/aivlisoft.net\/shop\/wp-content\/uploads\/2024\/12\/removal.ai_5b848c54-0cdf-4140-95c5-c5536bb7573b-logodef.png","width":484,"height":182,"caption":"Aivlisoft Inform\u00e1tica"},"image":{"@id":"https:\/\/aivlisoft.net\/shop\/#\/schema\/logo\/image\/"}}]}},"_links":{"self":[{"href":"https:\/\/aivlisoft.net\/shop\/wp-json\/wp\/v2\/product\/8964","targetHints":{"allow":["GET"]}}],"collection":[{"href":"https:\/\/aivlisoft.net\/shop\/wp-json\/wp\/v2\/product"}],"about":[{"href":"https:\/\/aivlisoft.net\/shop\/wp-json\/wp\/v2\/types\/product"}],"wp:featuredmedia":[{"embeddable":true,"href":"https:\/\/aivlisoft.net\/shop\/wp-json\/wp\/v2\/media\/8965"}],"wp:attachment":[{"href":"https:\/\/aivlisoft.net\/shop\/wp-json\/wp\/v2\/media?parent=8964"}],"wp:term":[{"taxonomy":"product_brand","embeddable":true,"href":"https:\/\/aivlisoft.net\/shop\/wp-json\/wp\/v2\/product_brand?post=8964"},{"taxonomy":"product_cat","embeddable":true,"href":"https:\/\/aivlisoft.net\/shop\/wp-json\/wp\/v2\/product_cat?post=8964"},{"taxonomy":"product_tag","embeddable":true,"href":"https:\/\/aivlisoft.net\/shop\/wp-json\/wp\/v2\/product_tag?post=8964"}],"curies":[{"name":"wp","href":"https:\/\/api.w.org\/{rel}","templated":true}]}}