{"id":8959,"date":"2025-01-13T13:52:57","date_gmt":"2025-01-13T13:52:57","guid":{"rendered":"https:\/\/aivlisoft.com\/?post_type=product&#038;p=8959"},"modified":"2025-01-14T13:04:15","modified_gmt":"2025-01-14T13:04:15","slug":"canon-impresora-maxify-gx5050","status":"publish","type":"product","link":"https:\/\/aivlisoft.net\/shop\/producto\/canon-impresora-maxify-gx5050\/","title":{"rendered":"Canon Impresora MAXIFY GX5050"},"content":{"rendered":"<p>Produce r&aacute;pidamente documentos de calidad empresarial con un ahorro medio del 85 % en el coste total de propiedad respecto a las 10 principales impresoras l&aacute;ser y de inyecci&oacute;n de tinta gracias a estas fiables impresoras MegaTank con dep&oacute;sitos de tinta rellenables de alto volumen.<\/p>\n<table class=\"tabla_caracteristicas\" width=\"100%\">\n<tr>\n<td valign=\"top\"><strong>Marca<\/strong><\/td>\n<td>Canon<\/td>\n<\/tr>\n<tr>\n<td valign=\"top\"><strong>Modelo<\/strong><\/td>\n<td><strong>5550C006<\/strong><\/td>\n<\/tr>\n<tr>\n<td valign=\"top\" width=\"35%\"><strong>Impresora<\/strong><\/td>\n<td valign=\"top\"><strong>M&aacute;rgenes<\/strong><br \/>\t\t\t&#8211; Superior: 3 mm, inferior: 5 mm, izquierda y derecha: 3,4 mm<br \/>\t\t\t<strong>Resoluci&oacute;n de impresi&oacute;n<\/strong><br \/>\t\t\t&#8211; Hasta 600 x 1200 ppp<br \/>\t\t\t<strong>Tecnolog&iacute;a de impresi&oacute;n<\/strong><br \/>\t\t\t&#8211; 1 cabezal de impresi&oacute;n<br \/>\t\t\t&#8211; Impresora con dep&oacute;sito de tinta rellenable<br \/>\t\t\t<strong>Velocidad<\/strong><br \/>\t\t\t&#8211; Velocidad de impresi&oacute;n en blanco y negro<br \/>\t\t\t&nbsp; Aprox. 24 ipm<br \/>\t\t\t&#8211; Velocidad de impresi&oacute;n en color<br \/>\t\t\t&nbsp; Aprox. 15,5 ipm<br \/>\t\t\t&#8211; Tiempo de salida de la primera impresi&oacute;n<br \/>\t\t\t&nbsp; Blanco y negro: 7 s (lista\/una cara)<br \/>\t\t\t&nbsp; Color: 8 s (lista\/una cara)<br \/>\t\t\t&#8211; Impresi&oacute;n autom&aacute;tica a doble cara (A4, A5, B5, Carta: papel normal,<br \/>\t\t\t&nbsp; Canon Red Label Superior [WOP111], Canon Oce Office Colour Paper [SAT213])<\/td>\n<\/tr>\n<tr>\n<td valign=\"top\" width=\"35%\"><strong>Compatibilidad de papel<\/strong><\/td>\n<td valign=\"top\">&#8211; Tipos de papel<br \/>\t\t\t&nbsp; Papel normal<br \/>\t\t\t&nbsp; Red Label Superior 80 g\/m2 (WOP111),<br \/>\t\t\t&nbsp; Canon Oce Office Colour Paper 80 g\/m (SAT213)<br \/>\t\t\t&nbsp; Papel fotogr&aacute;fico Pro Luster (LU-101),<br \/>\t\t\t&nbsp; Papel fotogr&aacute;fico Brillo II (PP-201)<br \/>\t\t\t&nbsp; Papel fotogr&aacute;fico Mate (MP-101),<br \/>\t\t\t&nbsp; Papel fotogr&aacute;fico Brillo de &laquo;uso diario&raquo; (GP-501)<br \/>\t\t\t&nbsp; Papel de alta resoluci&oacute;n (HR-101N), Sobre<br \/>\t\t\t&nbsp; Papel fotogr&aacute;fico Plus Semi Brillante (SG-201),<br \/>\t\t\t&nbsp; Papel fotogr&aacute;fico adhesivo (RP-101)<br \/>\t\t\t&nbsp; Papel fotogr&aacute;fico magn&eacute;tico (MG-101)<br \/>\t\t\t&nbsp; Papel de transferencia t&eacute;rmica para tejidos claros (LF-101),<br \/>\t\t\t&nbsp; Papel mate de doble cara (MP-101D)<br \/>\t\t\t&#8211; Entrada m&aacute;xima de papel<br \/>\t\t\t&nbsp; Bandeja posterior: m&aacute;x. 100 hojas (papel normal)<br \/>\t\t\t&nbsp; Casete: m&aacute;x. 250 hojas (papel normal)<br \/>\t\t\t&#8211; Tama&ntilde;os del papel<br \/>\t\t\t&nbsp; Bandeja posterior: A4, A5, A6, B5, LTR, LGL, 4&quot; x 6&quot; (10 x 15 cm), 5&quot; x 7&quot; (13 x 18 cm),<br \/>\t\t\t&nbsp; 7&quot; x 10&quot; (18 x 25 cm), 8&quot; x 10&quot; (20 x 25 cm), Cuadrado 5&quot; x 5&quot;, (127 x 127 mm),<br \/>\t\t\t&nbsp; Sobres (DL, COM10), Tama&ntilde;o personalizado (anchura: de 89 a 216 mm, longitud: de 127 a 1200 mm)<br \/>\t\t\t&nbsp; Casete: A4, LTR, A5, B5<br \/>\t\t\t&nbsp; [Tama&ntilde;o personalizado] anchura de 148 mm a 216 mm; longitud de 210 mm a 297 mm<br \/>\t\t\t&#8211; Gramaje del papel<br \/>\t\t\t&nbsp; Bandeja posterior: papel normal: 64 g\/m2 &#8211; 105 g\/m2 o papel original de Canon compatible<br \/>\t\t\t&nbsp; Papel Canon: peso m&aacute;x. aproximado de 275 g\/m2<br \/>\t\t\t&nbsp; (papel fotogr&aacute;fico brillo II [PP-201])<br \/>\t\t\t&#8211; Casete: papel normal, Canon Red Label Superior (WOP111), Canon Oce Office Colour Paper<br \/>\t\t\t&nbsp; (SAT213): 64 g\/m2-105 g\/m2<\/td>\n<\/tr>\n<tr>\n<td valign=\"top\" width=\"35%\"><strong>Interfaz y conectividad<\/strong><\/td>\n<td valign=\"top\"><strong>Pantalla<\/strong><br \/>\t\t\t&#8211; Tipo y tama&ntilde;o de pantalla: LCD de matriz de puntos completa de 2 l&iacute;neas (blanco y negro)<br \/>\t\t\t<strong>Interfaz est&aacute;ndar<\/strong><br \/>\t\t\t&#8211; USB de alta velocidad (puerto B)<br \/>\t\t\t&#8211; Ethernet: 10\/100 Mbps (conmutaci&oacute;n autom&aacute;tica)<br \/>\t\t\t&#8211; Wi-Fi: IEEE802.11 b\/g\/n\/a<br \/>\t\t\t&#8211; Seguridad Wi-Fi: WPA-PSK (TKIP\/AES), WPA2-PSK (TKIP\/AES), WPA-EAP (AES)*, WPA2-EAP (AES)*, contrase&ntilde;a de administraci&oacute;n<br \/>\t\t\t&#8211; Banda de frecuencia de LAN inal&aacute;mbrica: 2,4 GHz, 5 GHz<br \/>\t\t\t&nbsp; *: IEEE802.1X (EAP-TLS\/EAP-TTLS\/PEAP)<br \/>\t\t\t<strong>Apps m&oacute;viles<\/strong><br \/>\t\t\t&#8211; Aplicaci&oacute;n Canon PRINT Inkjet\/SELPHY<br \/>\t\t\t&#8211; Aplicaci&oacute;n Easy-PhotoPrint Editor<\/td>\n<\/tr>\n<tr>\n<td valign=\"top\" width=\"35%\"><strong>Otras caracter&iacute;sticas<\/strong><\/td>\n<td valign=\"top\"><strong>Consumibles<\/strong><br \/>\t\t\t&#8211; Botellas de tinta est&aacute;ndar<br \/>\t\t\t&nbsp; GI-56 BK<br \/>\t\t\t&nbsp; GI-56 C<br \/>\t\t\t&nbsp; GI-56 M<br \/>\t\t\t&nbsp; GI-56 Y<br \/>\t\t\t&#8211; Cartucho de mantenimiento<br \/>\t\t\t&nbsp; MC-G01 (sustituible por el usuario)<br \/>\t\t\t&#8211; Rendimiento de la botella (papel normal)<br \/>\t\t\t&nbsp; Impresi&oacute;n de documentos en color A4<br \/>\t\t\t&nbsp; Negro: 6000 p&aacute;ginas (9000 p&aacute;ginas en el modo econ&oacute;mico)<br \/>\t\t\t&nbsp; Color: 14 000 p&aacute;ginas (21 000 p&aacute;ginas en el modo econ&oacute;mico)<br \/>\t\t\t&nbsp; * Rendimiento adicional estimado<br \/>\t\t\t<strong>Alimentaci&oacute;n<\/strong><br \/>\t\t\t&#8211; Ciclo de trabajo: Hasta 45 000 p&aacute;ginas<br \/>\t\t\t&#8211; Fuente de alimentaci&oacute;n: CA 100-240 V, 50\/60 Hz<br \/>\t\t\t&#8211; Consumo el&eacute;ctrico<br \/>\t\t\t&nbsp; Apagada: aprox. 0,2 W<br \/>\t\t\t&nbsp; En espera (conexi&oacute;n USB a PC): aprox. 0,8 W<br \/>\t\t\t&nbsp; En espera (todos los puertos conectados): aprox. 1,4 W<br \/>\t\t\t&nbsp; Tiempo para entrar en modo en espera: 5 minutos 2 segundos<br \/>\t\t\t&nbsp; Imprimiendo: aprox. 20 W<br \/>\t\t\t&#8211; Consumo el&eacute;ctrico t&iacute;pico: 0,12 kWh<br \/>\t\t\t<strong>Software<\/strong><br \/>\t\t\t&#8211; Sistemas operativos compatibles<br \/>\t\t\t&nbsp; Windows 11, Windows 10, Windows 8.1, Windows 7 SP1<br \/>\t\t\t&nbsp; Solo se garantiza el funcionamiento en un PC con Windows 7 o posterior instalado.<br \/>\t\t\t&nbsp; Solo driver e IJ Printer Assistant Tool: Windows Server 2008 R2 SP1,<br \/>\t\t\t&nbsp; Windows Server 2012 R2, Windows Server 2016, Windows Server 2019 y Windows Server 2022.<br \/>\t\t\t&nbsp; Entorno de pantalla: XGA 1024 x 768 o superior<br \/>\t\t\t&nbsp; Mac: OS X 10.13.6 ? macOS 10.15, macOS 11, macOS 12.x<br \/>\t\t\t&nbsp; Chrome OS<br \/>\t\t\t&nbsp; Sistemas operativos m&oacute;viles: iOS&reg;, iPadOS, Android&trade;<br \/>\t\t\t&#8211; Requisitos m&iacute;nimos del sistema<br \/>\t\t\t&nbsp; Windows: 1,5 GB o m&aacute;s<br \/>\t\t\t&nbsp; Nota: Para la instalaci&oacute;n del software incluido. La cantidad de espacio en el disco duro necesaria.<br \/>\t\t\t&#8211; Software incluido<br \/>\t\t\t&nbsp; Driver de la impresora<br \/>\t\t\t&nbsp; IJ Printer Assistant Tool<br \/>\t\t\t&nbsp; Easy-PhotoPrint Editor (descarga)<br \/>\t\t\t&nbsp; Asistente de conexi&oacute;n Wi-Fi (descarga)<br \/>\t\t\t&nbsp; Quick Utility Toolbox (descarga)<br \/>\t\t\t&nbsp; PosterArtist Lite (solo Windows; descarga)<br \/>\t\t\t<strong>Dimensiones y peso<\/strong><br \/>\t\t\t&#8211; Peso: aprox. 9 kg<br \/>\t\t\t&#8211; Dimensiones (An. x Pr. x Al.)<br \/>\t\t\t&nbsp; Aprox. 399 x 416 x 238 mm con las bandejas retra&iacute;das<br \/>\t\t\t&nbsp; Aprox. 399 x 639 x 332 mm con las bandejas extendidas<br \/>\t\t\t&#8211; Niveles de ruido: Aprox. 49 dB (A)<br \/>\t\t\t&#8211; Entorno operativo recomendado: 5-35 &deg;C 10-90 % HR (sin condensaci&oacute;n)<\/td>\n<\/tr>\n<tr>\n<td valign=\"top\"><strong>Fecha de revisi&oacute;n<\/strong><\/td>\n<td valign=\"top\">20-09-2022 por MPM<\/td>\n<\/tr>\n<\/table>\n","protected":false},"excerpt":{"rendered":"<p>Produce r&aacute;pidamente documentos de calidad empresarial con un ahorro medio del 85 % en el coste total de propiedad respecto a las 10 principales impresoras l&aacute;ser y de inyecci&oacute;n de tinta gracias a estas fiables impresoras MegaTank con dep&oacute;sitos de tinta rellenables de alto volumen. Marca Canon Modelo 5550C006 Impresora M&aacute;rgenes &#8211; Superior: 3 mm,&hellip;&nbsp;<a href=\"https:\/\/aivlisoft.net\/shop\/producto\/canon-impresora-maxify-gx5050\/\" rel=\"bookmark\"><span class=\"screen-reader-text\">Canon Impresora MAXIFY GX5050<\/span><\/a><\/p>\n","protected":false},"featured_media":8960,"template":"","meta":{"neve_meta_sidebar":"","neve_meta_container":"","neve_meta_enable_content_width":"","neve_meta_content_width":0,"neve_meta_title_alignment":"","neve_meta_author_avatar":"","neve_post_elements_order":"","neve_meta_disable_header":"","neve_meta_disable_footer":"","neve_meta_disable_title":""},"product_brand":[],"product_cat":[15,3529],"product_tag":[3544],"class_list":{"0":"post-8959","1":"product","2":"type-product","3":"status-publish","4":"has-post-thumbnail","6":"product_cat-sin-categorizar","7":"product_cat-impresoras","8":"product_tag-5550c006","10":"first","11":"instock","12":"taxable","13":"shipping-taxable","14":"purchasable","15":"product-type-simple"},"yoast_head":"<!-- This site is optimized with the Yoast SEO plugin v26.0 - https:\/\/yoast.com\/wordpress\/plugins\/seo\/ -->\n<title>Canon Impresora MAXIFY GX5050 - Aivlisoft Inform\u00e1tica<\/title>\n<meta name=\"robots\" content=\"index, follow, max-snippet:-1, max-image-preview:large, max-video-preview:-1\" \/>\n<link rel=\"canonical\" href=\"https:\/\/aivlisoft.net\/shop\/producto\/canon-impresora-maxify-gx5050\/\" \/>\n<meta property=\"og:locale\" content=\"es_ES\" \/>\n<meta property=\"og:type\" content=\"article\" \/>\n<meta property=\"og:title\" content=\"Canon Impresora MAXIFY GX5050 - Aivlisoft Inform\u00e1tica\" \/>\n<meta property=\"og:description\" content=\"Produce r&aacute;pidamente documentos de calidad empresarial con un ahorro medio del 85 % en el coste total de propiedad respecto a las 10 principales impresoras l&aacute;ser y de inyecci&oacute;n de tinta gracias a estas fiables impresoras MegaTank con dep&oacute;sitos de tinta rellenables de alto volumen. Marca Canon Modelo 5550C006 Impresora M&aacute;rgenes &#8211; Superior: 3 mm,&hellip;&nbsp;Canon Impresora MAXIFY GX5050\" \/>\n<meta property=\"og:url\" content=\"https:\/\/aivlisoft.net\/shop\/producto\/canon-impresora-maxify-gx5050\/\" \/>\n<meta property=\"og:site_name\" content=\"Aivlisoft Inform\u00e1tica\" \/>\n<meta property=\"article:modified_time\" content=\"2025-01-14T13:04:15+00:00\" \/>\n<meta property=\"og:image\" content=\"https:\/\/aivlisoft.net\/shop\/wp-content\/uploads\/2025\/01\/FIMIIN0110_800.jpg\" \/>\n\t<meta property=\"og:image:width\" content=\"800\" \/>\n\t<meta property=\"og:image:height\" content=\"800\" \/>\n\t<meta property=\"og:image:type\" content=\"image\/jpeg\" \/>\n<meta name=\"twitter:card\" content=\"summary_large_image\" \/>\n<meta name=\"twitter:label1\" content=\"Tiempo de lectura\" \/>\n\t<meta name=\"twitter:data1\" content=\"5 minutos\" \/>\n<script type=\"application\/ld+json\" class=\"yoast-schema-graph\">{\"@context\":\"https:\/\/schema.org\",\"@graph\":[{\"@type\":\"WebPage\",\"@id\":\"https:\/\/aivlisoft.net\/shop\/producto\/canon-impresora-maxify-gx5050\/\",\"url\":\"https:\/\/aivlisoft.net\/shop\/producto\/canon-impresora-maxify-gx5050\/\",\"name\":\"Canon Impresora MAXIFY GX5050 - Aivlisoft Inform\u00e1tica\",\"isPartOf\":{\"@id\":\"https:\/\/aivlisoft.net\/shop\/#website\"},\"primaryImageOfPage\":{\"@id\":\"https:\/\/aivlisoft.net\/shop\/producto\/canon-impresora-maxify-gx5050\/#primaryimage\"},\"image\":{\"@id\":\"https:\/\/aivlisoft.net\/shop\/producto\/canon-impresora-maxify-gx5050\/#primaryimage\"},\"thumbnailUrl\":\"https:\/\/aivlisoft.net\/shop\/wp-content\/uploads\/2025\/01\/FIMIIN0110_800.jpg\",\"datePublished\":\"2025-01-13T13:52:57+00:00\",\"dateModified\":\"2025-01-14T13:04:15+00:00\",\"breadcrumb\":{\"@id\":\"https:\/\/aivlisoft.net\/shop\/producto\/canon-impresora-maxify-gx5050\/#breadcrumb\"},\"inLanguage\":\"es\",\"potentialAction\":[{\"@type\":\"ReadAction\",\"target\":[\"https:\/\/aivlisoft.net\/shop\/producto\/canon-impresora-maxify-gx5050\/\"]}]},{\"@type\":\"ImageObject\",\"inLanguage\":\"es\",\"@id\":\"https:\/\/aivlisoft.net\/shop\/producto\/canon-impresora-maxify-gx5050\/#primaryimage\",\"url\":\"https:\/\/aivlisoft.net\/shop\/wp-content\/uploads\/2025\/01\/FIMIIN0110_800.jpg\",\"contentUrl\":\"https:\/\/aivlisoft.net\/shop\/wp-content\/uploads\/2025\/01\/FIMIIN0110_800.jpg\",\"width\":800,\"height\":800},{\"@type\":\"BreadcrumbList\",\"@id\":\"https:\/\/aivlisoft.net\/shop\/producto\/canon-impresora-maxify-gx5050\/#breadcrumb\",\"itemListElement\":[{\"@type\":\"ListItem\",\"position\":1,\"name\":\"Portada\",\"item\":\"https:\/\/aivlisoft.net\/shop\/\"},{\"@type\":\"ListItem\",\"position\":2,\"name\":\"Tienda\",\"item\":\"https:\/\/aivlisoft.net\/shop\/tienda\/\"},{\"@type\":\"ListItem\",\"position\":3,\"name\":\"Canon Impresora MAXIFY GX5050\"}]},{\"@type\":\"WebSite\",\"@id\":\"https:\/\/aivlisoft.net\/shop\/#website\",\"url\":\"https:\/\/aivlisoft.net\/shop\/\",\"name\":\"Aivlisoft Inform\u00e1tica\",\"description\":\"En Aivlisoft Inform\u00e1tica ofrecemos soluciones tecnol\u00f3gicas para empresas: venta de ordenadores, consumibles, perif\u00e9ricos y m\u00e1s. Calidad, atenci\u00f3n personalizada y los mejores precios para tu negocio.\",\"publisher\":{\"@id\":\"https:\/\/aivlisoft.net\/shop\/#organization\"},\"potentialAction\":[{\"@type\":\"SearchAction\",\"target\":{\"@type\":\"EntryPoint\",\"urlTemplate\":\"https:\/\/aivlisoft.net\/shop\/?s={search_term_string}\"},\"query-input\":{\"@type\":\"PropertyValueSpecification\",\"valueRequired\":true,\"valueName\":\"search_term_string\"}}],\"inLanguage\":\"es\"},{\"@type\":\"Organization\",\"@id\":\"https:\/\/aivlisoft.net\/shop\/#organization\",\"name\":\"Aivlisoft Inform\u00e1tica\",\"url\":\"https:\/\/aivlisoft.net\/shop\/\",\"logo\":{\"@type\":\"ImageObject\",\"inLanguage\":\"es\",\"@id\":\"https:\/\/aivlisoft.net\/shop\/#\/schema\/logo\/image\/\",\"url\":\"https:\/\/aivlisoft.net\/shop\/wp-content\/uploads\/2024\/12\/removal.ai_5b848c54-0cdf-4140-95c5-c5536bb7573b-logodef.png\",\"contentUrl\":\"https:\/\/aivlisoft.net\/shop\/wp-content\/uploads\/2024\/12\/removal.ai_5b848c54-0cdf-4140-95c5-c5536bb7573b-logodef.png\",\"width\":484,\"height\":182,\"caption\":\"Aivlisoft Inform\u00e1tica\"},\"image\":{\"@id\":\"https:\/\/aivlisoft.net\/shop\/#\/schema\/logo\/image\/\"}}]}<\/script>\n<!-- \/ Yoast SEO plugin. -->","yoast_head_json":{"title":"Canon Impresora MAXIFY GX5050 - Aivlisoft Inform\u00e1tica","robots":{"index":"index","follow":"follow","max-snippet":"max-snippet:-1","max-image-preview":"max-image-preview:large","max-video-preview":"max-video-preview:-1"},"canonical":"https:\/\/aivlisoft.net\/shop\/producto\/canon-impresora-maxify-gx5050\/","og_locale":"es_ES","og_type":"article","og_title":"Canon Impresora MAXIFY GX5050 - Aivlisoft Inform\u00e1tica","og_description":"Produce r&aacute;pidamente documentos de calidad empresarial con un ahorro medio del 85 % en el coste total de propiedad respecto a las 10 principales impresoras l&aacute;ser y de inyecci&oacute;n de tinta gracias a estas fiables impresoras MegaTank con dep&oacute;sitos de tinta rellenables de alto volumen. Marca Canon Modelo 5550C006 Impresora M&aacute;rgenes &#8211; Superior: 3 mm,&hellip;&nbsp;Canon Impresora MAXIFY GX5050","og_url":"https:\/\/aivlisoft.net\/shop\/producto\/canon-impresora-maxify-gx5050\/","og_site_name":"Aivlisoft Inform\u00e1tica","article_modified_time":"2025-01-14T13:04:15+00:00","og_image":[{"width":800,"height":800,"url":"https:\/\/aivlisoft.net\/shop\/wp-content\/uploads\/2025\/01\/FIMIIN0110_800.jpg","type":"image\/jpeg"}],"twitter_card":"summary_large_image","twitter_misc":{"Tiempo de lectura":"5 minutos"},"schema":{"@context":"https:\/\/schema.org","@graph":[{"@type":"WebPage","@id":"https:\/\/aivlisoft.net\/shop\/producto\/canon-impresora-maxify-gx5050\/","url":"https:\/\/aivlisoft.net\/shop\/producto\/canon-impresora-maxify-gx5050\/","name":"Canon Impresora MAXIFY GX5050 - Aivlisoft Inform\u00e1tica","isPartOf":{"@id":"https:\/\/aivlisoft.net\/shop\/#website"},"primaryImageOfPage":{"@id":"https:\/\/aivlisoft.net\/shop\/producto\/canon-impresora-maxify-gx5050\/#primaryimage"},"image":{"@id":"https:\/\/aivlisoft.net\/shop\/producto\/canon-impresora-maxify-gx5050\/#primaryimage"},"thumbnailUrl":"https:\/\/aivlisoft.net\/shop\/wp-content\/uploads\/2025\/01\/FIMIIN0110_800.jpg","datePublished":"2025-01-13T13:52:57+00:00","dateModified":"2025-01-14T13:04:15+00:00","breadcrumb":{"@id":"https:\/\/aivlisoft.net\/shop\/producto\/canon-impresora-maxify-gx5050\/#breadcrumb"},"inLanguage":"es","potentialAction":[{"@type":"ReadAction","target":["https:\/\/aivlisoft.net\/shop\/producto\/canon-impresora-maxify-gx5050\/"]}]},{"@type":"ImageObject","inLanguage":"es","@id":"https:\/\/aivlisoft.net\/shop\/producto\/canon-impresora-maxify-gx5050\/#primaryimage","url":"https:\/\/aivlisoft.net\/shop\/wp-content\/uploads\/2025\/01\/FIMIIN0110_800.jpg","contentUrl":"https:\/\/aivlisoft.net\/shop\/wp-content\/uploads\/2025\/01\/FIMIIN0110_800.jpg","width":800,"height":800},{"@type":"BreadcrumbList","@id":"https:\/\/aivlisoft.net\/shop\/producto\/canon-impresora-maxify-gx5050\/#breadcrumb","itemListElement":[{"@type":"ListItem","position":1,"name":"Portada","item":"https:\/\/aivlisoft.net\/shop\/"},{"@type":"ListItem","position":2,"name":"Tienda","item":"https:\/\/aivlisoft.net\/shop\/tienda\/"},{"@type":"ListItem","position":3,"name":"Canon Impresora MAXIFY GX5050"}]},{"@type":"WebSite","@id":"https:\/\/aivlisoft.net\/shop\/#website","url":"https:\/\/aivlisoft.net\/shop\/","name":"Aivlisoft Inform\u00e1tica","description":"En Aivlisoft Inform\u00e1tica ofrecemos soluciones tecnol\u00f3gicas para empresas: venta de ordenadores, consumibles, perif\u00e9ricos y m\u00e1s. Calidad, atenci\u00f3n personalizada y los mejores precios para tu negocio.","publisher":{"@id":"https:\/\/aivlisoft.net\/shop\/#organization"},"potentialAction":[{"@type":"SearchAction","target":{"@type":"EntryPoint","urlTemplate":"https:\/\/aivlisoft.net\/shop\/?s={search_term_string}"},"query-input":{"@type":"PropertyValueSpecification","valueRequired":true,"valueName":"search_term_string"}}],"inLanguage":"es"},{"@type":"Organization","@id":"https:\/\/aivlisoft.net\/shop\/#organization","name":"Aivlisoft Inform\u00e1tica","url":"https:\/\/aivlisoft.net\/shop\/","logo":{"@type":"ImageObject","inLanguage":"es","@id":"https:\/\/aivlisoft.net\/shop\/#\/schema\/logo\/image\/","url":"https:\/\/aivlisoft.net\/shop\/wp-content\/uploads\/2024\/12\/removal.ai_5b848c54-0cdf-4140-95c5-c5536bb7573b-logodef.png","contentUrl":"https:\/\/aivlisoft.net\/shop\/wp-content\/uploads\/2024\/12\/removal.ai_5b848c54-0cdf-4140-95c5-c5536bb7573b-logodef.png","width":484,"height":182,"caption":"Aivlisoft Inform\u00e1tica"},"image":{"@id":"https:\/\/aivlisoft.net\/shop\/#\/schema\/logo\/image\/"}}]}},"_links":{"self":[{"href":"https:\/\/aivlisoft.net\/shop\/wp-json\/wp\/v2\/product\/8959","targetHints":{"allow":["GET"]}}],"collection":[{"href":"https:\/\/aivlisoft.net\/shop\/wp-json\/wp\/v2\/product"}],"about":[{"href":"https:\/\/aivlisoft.net\/shop\/wp-json\/wp\/v2\/types\/product"}],"wp:featuredmedia":[{"embeddable":true,"href":"https:\/\/aivlisoft.net\/shop\/wp-json\/wp\/v2\/media\/8960"}],"wp:attachment":[{"href":"https:\/\/aivlisoft.net\/shop\/wp-json\/wp\/v2\/media?parent=8959"}],"wp:term":[{"taxonomy":"product_brand","embeddable":true,"href":"https:\/\/aivlisoft.net\/shop\/wp-json\/wp\/v2\/product_brand?post=8959"},{"taxonomy":"product_cat","embeddable":true,"href":"https:\/\/aivlisoft.net\/shop\/wp-json\/wp\/v2\/product_cat?post=8959"},{"taxonomy":"product_tag","embeddable":true,"href":"https:\/\/aivlisoft.net\/shop\/wp-json\/wp\/v2\/product_tag?post=8959"}],"curies":[{"name":"wp","href":"https:\/\/api.w.org\/{rel}","templated":true}]}}