{"id":8955,"date":"2025-01-13T13:52:56","date_gmt":"2025-01-13T13:52:56","guid":{"rendered":"https:\/\/aivlisoft.com\/?post_type=product&#038;p=8955"},"modified":"2025-01-15T11:17:21","modified_gmt":"2025-01-15T11:17:21","slug":"canon-impresora-pixma-ts705a","status":"publish","type":"product","link":"https:\/\/aivlisoft.net\/shop\/producto\/canon-impresora-pixma-ts705a\/","title":{"rendered":"Canon Impresora Pixma TS705a"},"content":{"rendered":"<p><\/p>\n<table class=\"tabla_caracteristicas\" width=\"100%\">\n<tr>\n<td valign=\"top\"><strong>Marca<\/strong><\/td>\n<td>Canon<\/td>\n<\/tr>\n<tr>\n<td valign=\"top\"><strong>Modelo<\/strong><\/td>\n<td><strong>3109C026 <\/strong><\/td>\n<\/tr>\n<tr>\n<td valign=\"top\" width=\"35%\"><strong>Impresora<\/strong><\/td>\n<td valign=\"top\">&#8211; Impresi&oacute;n sin bordes: S&iacute; (A4, Carta, 20 x 25 cm, 13 x 18 cm, 10 x 15 cm, 13 x 13 cm, 8,9 x 8,9 cm, 10 x 10 cm)<br \/>\t\t\t&#8211; Impresi&oacute;n a dos caras: Impresi&oacute;n autom&aacute;tica a doble cara (A4, A5, B5, carta: papel normal)<br \/>\t\t\t&#8211; Impresi&oacute;n directa de discos<br \/>\t\t\t<strong>Resoluci&oacute;n de impresi&oacute;n<\/strong><br \/>\t\t\t&#8211; Hasta 4800 x 1200 ppp<br \/>\t\t\t<strong>Tecnolog&iacute;a de impresi&oacute;n<\/strong><br \/>\t\t\t&#8211; 5 dep&oacute;sitos de tinta independientes (PGBK, BK, C, M, Y)<br \/>\t\t\t&#8211; Tintas ChromaLife100<br \/>\t\t\t<strong>Velocidad<\/strong><br \/>\t\t\t&#8211; blanco y negro: Aprox. 15,0 ipm<br \/>\t\t\t&#8211; en color: Aprox. 10,0 ipm<br \/>\t\t\t&#8211; fotogr&aacute;fica: 10 x 15 cm sin bordes: aprox. 21 segundos<\/td>\n<\/tr>\n<tr>\n<td valign=\"top\" width=\"35%\"><strong>Compatibilidad de papel<\/strong><\/td>\n<td valign=\"top\">&#8211; Tipos de papel<br \/>\t\t\t&nbsp; Papel normal<br \/>\t\t\t&nbsp; Papel Canon de Alta Resoluci&oacute;n (HR-101N)<br \/>\t\t\t&nbsp; Canon Platinum Pro (PT-101)<br \/>\t\t\t&nbsp; Canon Fotogr&aacute;fico con Brillo II (PP-201)<br \/>\t\t\t&nbsp; Canon Pro brillante (LU-101)<br \/>\t\t\t&nbsp; Canon Plus Satinado (SG-201)<br \/>\t\t\t&nbsp; Canon &laquo;Uso Diario&raquo; (GP-501)<br \/>\t\t\t&nbsp; Canon mate (MP-101)<br \/>\t\t\t&nbsp; Sobres<br \/>\t\t\t&nbsp; Otros papeles de bellas artes<br \/>\t\t\t&nbsp; Discos imprimibles<br \/>\t\t\t&nbsp; Etiquetas fotogr&aacute;ficas adhesivas extra&iacute;bles (RP-101)<br \/>\t\t\t&nbsp; Papel fotogr&aacute;fico magn&eacute;tico (MG-101)<br \/>\t\t\t&#8211; Entrada m&aacute;xima de papel<br \/>\t\t\t&nbsp; Bandeja posterior: m&aacute;x. 20 hojas (papel fotogr&aacute;fico) o m&aacute;x. 100 hojas (papel normal)<br \/>\t\t\t&nbsp; Casete: m&aacute;x. 250 hojas (papel normal)<br \/>\t\t\t&nbsp; Bandeja multifunci&oacute;n: impresi&oacute;n de tarjetas para u&ntilde;as (NL-101) o de un CD, DVD o Blu-ray Disc<br \/>\t\t\t&#8211; Tama&ntilde;os del papel<br \/>\t\t\t&nbsp; Bandeja posterior: A4, A5, B5, LTR, LGL, 10 x 15 cm, 13 x 18 cm, 18 x 25 cm, 20 x 25 cm,<br \/>\t\t\t&nbsp; Sobres (DL, COM10), Cuadrado (12,7 x 12,7 cm, 10,2 x 10,2 cm, 8,9 x 8,9 cm), Tama&ntilde;o postal (91 x 55 mm)<br \/>\t\t\t&nbsp; [Tama&ntilde;os personalizados] anchura de 55 mm a 215,9 mm; longitud de 89 mm a 676 mm<br \/>\t\t\t&nbsp; Casete: A4, A5, B5, LTR<br \/>\t\t\t&nbsp; [Tama&ntilde;os personalizados] anchura de 148,0 mm a 215,9 mm; longitud de 210 mm a 297 mm<br \/>\t\t\t&#8211; Gramaje del papel<br \/>\t\t\t&nbsp; Bandeja posterior: papel normal: de 64 a 105 g\/m&sup2;<br \/>\t\t\t&nbsp; Papel fotogr&aacute;fico de Canon: hasta 300 g\/m&sup2;<br \/>\t\t\t&nbsp; Casete: papel normal: de 64 a 105 g\/m&sup2;<\/td>\n<\/tr>\n<tr>\n<td valign=\"top\" width=\"35%\"><strong>Interfaz y conectividad<\/strong><\/td>\n<td valign=\"top\"><strong>Pantalla<\/strong><br \/>\t\t\t&#8211; Pantalla LCD de matriz de puntos completa<br \/>\t\t\t&#8211; Pantalla: 1024 x 768 XGA<br \/>\t\t\t<strong>Interfaz est&aacute;ndar<\/strong><br \/>\t\t\t&#8211; USB de alta velocidad (puerto B)<br \/>\t\t\t&#8211; Ethernet: 10\/100 Mbps (conmutaci&oacute;n autom&aacute;tica)<br \/>\t\t\t&#8211; Wi-Fi: IEEE802.11 b\/g\/n\/a<br \/>\t\t\t&#8211; Seguridad Wi-Fi: WPA-PSK, WPA2-PSK, WEP, contrase&ntilde;a de administraci&oacute;n<br \/>\t\t\t&#8211; Banda de frecuencia de LAN inal&aacute;mbrica: 2,4 GHz<br \/>\t\t\t<strong>Apps m&oacute;viles<\/strong><br \/>\t\t\t&#8211; Aplicaci&oacute;n Canon PRINT Inkjet\/SELPHY<br \/>\t\t\t&#8211; Easy-PhotoPrint Editor<br \/>\t\t\t&#8211; Aplicaci&oacute;n Message In Print<br \/>\t\t\t&#8211; Aplicaci&oacute;n Nail Sticker Creator<br \/>\t\t\t&#8211; PIXMA Cloud Link<br \/>\t\t\t&#8211; Complemento Canon Print Service (Android)<br \/>\t\t\t&#8211; Apple AirPrint<br \/>\t\t\t&#8211; Wireless Direct<br \/>\t\t\t&#8211; Modo de punto de acceso<br \/>\t\t\t&#8211; LAN\/WLAN PictBridge<br \/>\t\t\t&#8211; Mopria (Android)<\/td>\n<\/tr>\n<tr>\n<td valign=\"top\" width=\"35%\"><strong>Otras caracter&iacute;sticas<\/strong><\/td>\n<td valign=\"top\"><strong>Consumibles<\/strong><br \/>\t\t\t&#8211; 5 dep&oacute;sitos de tinta independientes<br \/>\t\t\t&#8211; PGI-580PGBK (pigmento negro)<br \/>\t\t\t&#8211; CLI-581BK (negro)<br \/>\t\t\t&#8211; CLI-581C (cian)<br \/>\t\t\t&#8211; CLI-581M (magenta)<br \/>\t\t\t&#8211; CLI-581Y (amarillo)<br \/>\t\t\t<strong>Alimentaci&oacute;n<\/strong><br \/>\t\t\t&#8211; Fuente de alimentaci&oacute;n: CA 100-240 V, 50\/60 Hz<br \/>\t\t\t&#8211; Consumo el&eacute;ctrico:<br \/>\t\t\t&nbsp; Apagada: aprox. 0,3 W<br \/>\t\t\t&nbsp; En espera (conexi&oacute;n USB a PC): aprox. 0,9 W<br \/>\t\t\t&nbsp; En espera (todos los puertos conectados): aprox. 1,6 W<br \/>\t\t\t&nbsp; Tiempo para entrar en modo en espera: 10 minutos, 57 segundos<br \/>\t\t\t&nbsp; Imprimiendo: aprox. 23 W<br \/>\t\t\t&#8211; Consumo el&eacute;ctrico t&iacute;pico: 0,14 kWh<br \/>\t\t\t&#8211; Niveles de ruido: Aprox. 50,5 dB (A)<br \/>\t\t\t<strong>Software<\/strong><br \/>\t\t\t&#8211; Sistemas operativos compatibles<br \/>\t\t\t&nbsp; Chrome OS<br \/>\t\t\t&nbsp; Windows 10, Windows 8.1, Windows 7 SP1<br \/>\t\t\t&nbsp; OS X 10.10.5?OS X 10.11, macOS 10.12?macOS 10.14<br \/>\t\t\t&#8211; Sistemas m&oacute;viles compatibles<br \/>\t\t\t&nbsp; iOS, Android, Windows 10 Mobile<br \/>\t\t\t&#8211; Requisitos m&iacute;nimos del sistema<br \/>\t\t\t&nbsp; Windows: 2,0 GB o m&aacute;s<br \/>\t\t\t&nbsp; Mac: 1,0 GB o m&aacute;s<br \/>\t\t\t&#8211; Software incluido<br \/>\t\t\t&nbsp; Driver de la impresora<br \/>\t\t\t&nbsp; IJ Printer Assistant Tool<br \/>\t\t\t&nbsp; Easy-PhotoPrint Editor (descarga)<br \/>\t\t\t<strong>Dimensiones y peso<\/strong><br \/>\t\t\t&#8211; Dimensiones (An. x Pr. x Al.): Aprox. 372 x 365 x 158 mm<br \/>\t\t\t&#8211; Peso: Aprox. 5,4 kg<\/td>\n<\/tr>\n<tr>\n<td valign=\"top\"><strong>Fecha de revisi&oacute;n<\/strong><\/td>\n<td valign=\"top\">21-02-2022 por MPM<\/td>\n<\/tr>\n<\/table>\n","protected":false},"excerpt":{"rendered":"<p>Marca Canon Modelo 3109C026 Impresora &#8211; Impresi&oacute;n sin bordes: S&iacute; (A4, Carta, 20 x 25 cm, 13 x 18 cm, 10 x 15 cm, 13 x 13 cm, 8,9 x 8,9 cm, 10 x 10 cm) &#8211; Impresi&oacute;n a dos caras: Impresi&oacute;n autom&aacute;tica a doble cara (A4, A5, B5, carta: papel normal) &#8211; Impresi&oacute;n directa&hellip;&nbsp;<a href=\"https:\/\/aivlisoft.net\/shop\/producto\/canon-impresora-pixma-ts705a\/\" rel=\"bookmark\"><span class=\"screen-reader-text\">Canon Impresora Pixma TS705a<\/span><\/a><\/p>\n","protected":false},"featured_media":8956,"template":"","meta":{"neve_meta_sidebar":"","neve_meta_container":"","neve_meta_enable_content_width":"","neve_meta_content_width":0,"neve_meta_title_alignment":"","neve_meta_author_avatar":"","neve_post_elements_order":"","neve_meta_disable_header":"","neve_meta_disable_footer":"","neve_meta_disable_title":""},"product_brand":[],"product_cat":[15,3529],"product_tag":[3543],"class_list":{"0":"post-8955","1":"product","2":"type-product","3":"status-publish","4":"has-post-thumbnail","6":"product_cat-sin-categorizar","7":"product_cat-impresoras","8":"product_tag-3109c026","10":"first","11":"instock","12":"taxable","13":"shipping-taxable","14":"purchasable","15":"product-type-simple"},"yoast_head":"<!-- This site is optimized with the Yoast SEO plugin v26.0 - https:\/\/yoast.com\/wordpress\/plugins\/seo\/ -->\n<title>Canon Impresora Pixma TS705a - Aivlisoft Inform\u00e1tica<\/title>\n<meta name=\"robots\" content=\"index, follow, max-snippet:-1, max-image-preview:large, max-video-preview:-1\" \/>\n<link rel=\"canonical\" href=\"https:\/\/aivlisoft.net\/shop\/producto\/canon-impresora-pixma-ts705a\/\" \/>\n<meta property=\"og:locale\" content=\"es_ES\" \/>\n<meta property=\"og:type\" content=\"article\" \/>\n<meta property=\"og:title\" content=\"Canon Impresora Pixma TS705a - Aivlisoft Inform\u00e1tica\" \/>\n<meta property=\"og:description\" content=\"Marca Canon Modelo 3109C026 Impresora &#8211; Impresi&oacute;n sin bordes: S&iacute; (A4, Carta, 20 x 25 cm, 13 x 18 cm, 10 x 15 cm, 13 x 13 cm, 8,9 x 8,9 cm, 10 x 10 cm) &#8211; Impresi&oacute;n a dos caras: Impresi&oacute;n autom&aacute;tica a doble cara (A4, A5, B5, carta: papel normal) &#8211; Impresi&oacute;n directa&hellip;&nbsp;Canon Impresora Pixma TS705a\" \/>\n<meta property=\"og:url\" content=\"https:\/\/aivlisoft.net\/shop\/producto\/canon-impresora-pixma-ts705a\/\" \/>\n<meta property=\"og:site_name\" content=\"Aivlisoft Inform\u00e1tica\" \/>\n<meta property=\"article:modified_time\" content=\"2025-01-15T11:17:21+00:00\" \/>\n<meta property=\"og:image\" content=\"https:\/\/aivlisoft.net\/shop\/wp-content\/uploads\/2025\/01\/FIMIIN0109_800.jpg\" \/>\n\t<meta property=\"og:image:width\" content=\"800\" \/>\n\t<meta property=\"og:image:height\" content=\"800\" \/>\n\t<meta property=\"og:image:type\" content=\"image\/jpeg\" \/>\n<meta name=\"twitter:card\" content=\"summary_large_image\" \/>\n<meta name=\"twitter:label1\" content=\"Tiempo de lectura\" \/>\n\t<meta name=\"twitter:data1\" content=\"3 minutos\" \/>\n<script type=\"application\/ld+json\" class=\"yoast-schema-graph\">{\"@context\":\"https:\/\/schema.org\",\"@graph\":[{\"@type\":\"WebPage\",\"@id\":\"https:\/\/aivlisoft.net\/shop\/producto\/canon-impresora-pixma-ts705a\/\",\"url\":\"https:\/\/aivlisoft.net\/shop\/producto\/canon-impresora-pixma-ts705a\/\",\"name\":\"Canon Impresora Pixma TS705a - Aivlisoft Inform\u00e1tica\",\"isPartOf\":{\"@id\":\"https:\/\/aivlisoft.net\/shop\/#website\"},\"primaryImageOfPage\":{\"@id\":\"https:\/\/aivlisoft.net\/shop\/producto\/canon-impresora-pixma-ts705a\/#primaryimage\"},\"image\":{\"@id\":\"https:\/\/aivlisoft.net\/shop\/producto\/canon-impresora-pixma-ts705a\/#primaryimage\"},\"thumbnailUrl\":\"https:\/\/aivlisoft.net\/shop\/wp-content\/uploads\/2025\/01\/FIMIIN0109_800.jpg\",\"datePublished\":\"2025-01-13T13:52:56+00:00\",\"dateModified\":\"2025-01-15T11:17:21+00:00\",\"breadcrumb\":{\"@id\":\"https:\/\/aivlisoft.net\/shop\/producto\/canon-impresora-pixma-ts705a\/#breadcrumb\"},\"inLanguage\":\"es\",\"potentialAction\":[{\"@type\":\"ReadAction\",\"target\":[\"https:\/\/aivlisoft.net\/shop\/producto\/canon-impresora-pixma-ts705a\/\"]}]},{\"@type\":\"ImageObject\",\"inLanguage\":\"es\",\"@id\":\"https:\/\/aivlisoft.net\/shop\/producto\/canon-impresora-pixma-ts705a\/#primaryimage\",\"url\":\"https:\/\/aivlisoft.net\/shop\/wp-content\/uploads\/2025\/01\/FIMIIN0109_800.jpg\",\"contentUrl\":\"https:\/\/aivlisoft.net\/shop\/wp-content\/uploads\/2025\/01\/FIMIIN0109_800.jpg\",\"width\":800,\"height\":800},{\"@type\":\"BreadcrumbList\",\"@id\":\"https:\/\/aivlisoft.net\/shop\/producto\/canon-impresora-pixma-ts705a\/#breadcrumb\",\"itemListElement\":[{\"@type\":\"ListItem\",\"position\":1,\"name\":\"Portada\",\"item\":\"https:\/\/aivlisoft.net\/shop\/\"},{\"@type\":\"ListItem\",\"position\":2,\"name\":\"Tienda\",\"item\":\"https:\/\/aivlisoft.net\/shop\/tienda\/\"},{\"@type\":\"ListItem\",\"position\":3,\"name\":\"Canon Impresora Pixma TS705a\"}]},{\"@type\":\"WebSite\",\"@id\":\"https:\/\/aivlisoft.net\/shop\/#website\",\"url\":\"https:\/\/aivlisoft.net\/shop\/\",\"name\":\"Aivlisoft Inform\u00e1tica\",\"description\":\"En Aivlisoft Inform\u00e1tica ofrecemos soluciones tecnol\u00f3gicas para empresas: venta de ordenadores, consumibles, perif\u00e9ricos y m\u00e1s. Calidad, atenci\u00f3n personalizada y los mejores precios para tu negocio.\",\"publisher\":{\"@id\":\"https:\/\/aivlisoft.net\/shop\/#organization\"},\"potentialAction\":[{\"@type\":\"SearchAction\",\"target\":{\"@type\":\"EntryPoint\",\"urlTemplate\":\"https:\/\/aivlisoft.net\/shop\/?s={search_term_string}\"},\"query-input\":{\"@type\":\"PropertyValueSpecification\",\"valueRequired\":true,\"valueName\":\"search_term_string\"}}],\"inLanguage\":\"es\"},{\"@type\":\"Organization\",\"@id\":\"https:\/\/aivlisoft.net\/shop\/#organization\",\"name\":\"Aivlisoft Inform\u00e1tica\",\"url\":\"https:\/\/aivlisoft.net\/shop\/\",\"logo\":{\"@type\":\"ImageObject\",\"inLanguage\":\"es\",\"@id\":\"https:\/\/aivlisoft.net\/shop\/#\/schema\/logo\/image\/\",\"url\":\"https:\/\/aivlisoft.net\/shop\/wp-content\/uploads\/2024\/12\/removal.ai_5b848c54-0cdf-4140-95c5-c5536bb7573b-logodef.png\",\"contentUrl\":\"https:\/\/aivlisoft.net\/shop\/wp-content\/uploads\/2024\/12\/removal.ai_5b848c54-0cdf-4140-95c5-c5536bb7573b-logodef.png\",\"width\":484,\"height\":182,\"caption\":\"Aivlisoft Inform\u00e1tica\"},\"image\":{\"@id\":\"https:\/\/aivlisoft.net\/shop\/#\/schema\/logo\/image\/\"}}]}<\/script>\n<!-- \/ Yoast SEO plugin. -->","yoast_head_json":{"title":"Canon Impresora Pixma TS705a - Aivlisoft Inform\u00e1tica","robots":{"index":"index","follow":"follow","max-snippet":"max-snippet:-1","max-image-preview":"max-image-preview:large","max-video-preview":"max-video-preview:-1"},"canonical":"https:\/\/aivlisoft.net\/shop\/producto\/canon-impresora-pixma-ts705a\/","og_locale":"es_ES","og_type":"article","og_title":"Canon Impresora Pixma TS705a - Aivlisoft Inform\u00e1tica","og_description":"Marca Canon Modelo 3109C026 Impresora &#8211; Impresi&oacute;n sin bordes: S&iacute; (A4, Carta, 20 x 25 cm, 13 x 18 cm, 10 x 15 cm, 13 x 13 cm, 8,9 x 8,9 cm, 10 x 10 cm) &#8211; Impresi&oacute;n a dos caras: Impresi&oacute;n autom&aacute;tica a doble cara (A4, A5, B5, carta: papel normal) &#8211; Impresi&oacute;n directa&hellip;&nbsp;Canon Impresora Pixma TS705a","og_url":"https:\/\/aivlisoft.net\/shop\/producto\/canon-impresora-pixma-ts705a\/","og_site_name":"Aivlisoft Inform\u00e1tica","article_modified_time":"2025-01-15T11:17:21+00:00","og_image":[{"width":800,"height":800,"url":"https:\/\/aivlisoft.net\/shop\/wp-content\/uploads\/2025\/01\/FIMIIN0109_800.jpg","type":"image\/jpeg"}],"twitter_card":"summary_large_image","twitter_misc":{"Tiempo de lectura":"3 minutos"},"schema":{"@context":"https:\/\/schema.org","@graph":[{"@type":"WebPage","@id":"https:\/\/aivlisoft.net\/shop\/producto\/canon-impresora-pixma-ts705a\/","url":"https:\/\/aivlisoft.net\/shop\/producto\/canon-impresora-pixma-ts705a\/","name":"Canon Impresora Pixma TS705a - Aivlisoft Inform\u00e1tica","isPartOf":{"@id":"https:\/\/aivlisoft.net\/shop\/#website"},"primaryImageOfPage":{"@id":"https:\/\/aivlisoft.net\/shop\/producto\/canon-impresora-pixma-ts705a\/#primaryimage"},"image":{"@id":"https:\/\/aivlisoft.net\/shop\/producto\/canon-impresora-pixma-ts705a\/#primaryimage"},"thumbnailUrl":"https:\/\/aivlisoft.net\/shop\/wp-content\/uploads\/2025\/01\/FIMIIN0109_800.jpg","datePublished":"2025-01-13T13:52:56+00:00","dateModified":"2025-01-15T11:17:21+00:00","breadcrumb":{"@id":"https:\/\/aivlisoft.net\/shop\/producto\/canon-impresora-pixma-ts705a\/#breadcrumb"},"inLanguage":"es","potentialAction":[{"@type":"ReadAction","target":["https:\/\/aivlisoft.net\/shop\/producto\/canon-impresora-pixma-ts705a\/"]}]},{"@type":"ImageObject","inLanguage":"es","@id":"https:\/\/aivlisoft.net\/shop\/producto\/canon-impresora-pixma-ts705a\/#primaryimage","url":"https:\/\/aivlisoft.net\/shop\/wp-content\/uploads\/2025\/01\/FIMIIN0109_800.jpg","contentUrl":"https:\/\/aivlisoft.net\/shop\/wp-content\/uploads\/2025\/01\/FIMIIN0109_800.jpg","width":800,"height":800},{"@type":"BreadcrumbList","@id":"https:\/\/aivlisoft.net\/shop\/producto\/canon-impresora-pixma-ts705a\/#breadcrumb","itemListElement":[{"@type":"ListItem","position":1,"name":"Portada","item":"https:\/\/aivlisoft.net\/shop\/"},{"@type":"ListItem","position":2,"name":"Tienda","item":"https:\/\/aivlisoft.net\/shop\/tienda\/"},{"@type":"ListItem","position":3,"name":"Canon Impresora Pixma TS705a"}]},{"@type":"WebSite","@id":"https:\/\/aivlisoft.net\/shop\/#website","url":"https:\/\/aivlisoft.net\/shop\/","name":"Aivlisoft Inform\u00e1tica","description":"En Aivlisoft Inform\u00e1tica ofrecemos soluciones tecnol\u00f3gicas para empresas: venta de ordenadores, consumibles, perif\u00e9ricos y m\u00e1s. Calidad, atenci\u00f3n personalizada y los mejores precios para tu negocio.","publisher":{"@id":"https:\/\/aivlisoft.net\/shop\/#organization"},"potentialAction":[{"@type":"SearchAction","target":{"@type":"EntryPoint","urlTemplate":"https:\/\/aivlisoft.net\/shop\/?s={search_term_string}"},"query-input":{"@type":"PropertyValueSpecification","valueRequired":true,"valueName":"search_term_string"}}],"inLanguage":"es"},{"@type":"Organization","@id":"https:\/\/aivlisoft.net\/shop\/#organization","name":"Aivlisoft Inform\u00e1tica","url":"https:\/\/aivlisoft.net\/shop\/","logo":{"@type":"ImageObject","inLanguage":"es","@id":"https:\/\/aivlisoft.net\/shop\/#\/schema\/logo\/image\/","url":"https:\/\/aivlisoft.net\/shop\/wp-content\/uploads\/2024\/12\/removal.ai_5b848c54-0cdf-4140-95c5-c5536bb7573b-logodef.png","contentUrl":"https:\/\/aivlisoft.net\/shop\/wp-content\/uploads\/2024\/12\/removal.ai_5b848c54-0cdf-4140-95c5-c5536bb7573b-logodef.png","width":484,"height":182,"caption":"Aivlisoft Inform\u00e1tica"},"image":{"@id":"https:\/\/aivlisoft.net\/shop\/#\/schema\/logo\/image\/"}}]}},"_links":{"self":[{"href":"https:\/\/aivlisoft.net\/shop\/wp-json\/wp\/v2\/product\/8955","targetHints":{"allow":["GET"]}}],"collection":[{"href":"https:\/\/aivlisoft.net\/shop\/wp-json\/wp\/v2\/product"}],"about":[{"href":"https:\/\/aivlisoft.net\/shop\/wp-json\/wp\/v2\/types\/product"}],"wp:featuredmedia":[{"embeddable":true,"href":"https:\/\/aivlisoft.net\/shop\/wp-json\/wp\/v2\/media\/8956"}],"wp:attachment":[{"href":"https:\/\/aivlisoft.net\/shop\/wp-json\/wp\/v2\/media?parent=8955"}],"wp:term":[{"taxonomy":"product_brand","embeddable":true,"href":"https:\/\/aivlisoft.net\/shop\/wp-json\/wp\/v2\/product_brand?post=8955"},{"taxonomy":"product_cat","embeddable":true,"href":"https:\/\/aivlisoft.net\/shop\/wp-json\/wp\/v2\/product_cat?post=8955"},{"taxonomy":"product_tag","embeddable":true,"href":"https:\/\/aivlisoft.net\/shop\/wp-json\/wp\/v2\/product_tag?post=8955"}],"curies":[{"name":"wp","href":"https:\/\/api.w.org\/{rel}","templated":true}]}}