{"id":8951,"date":"2025-01-13T13:52:54","date_gmt":"2025-01-13T13:52:54","guid":{"rendered":"https:\/\/aivlisoft.com\/?post_type=product&#038;p=8951"},"modified":"2025-01-14T13:04:16","modified_gmt":"2025-01-14T13:04:16","slug":"canon-impresora-pixma-g550","status":"publish","type":"product","link":"https:\/\/aivlisoft.net\/shop\/producto\/canon-impresora-pixma-g550\/","title":{"rendered":"Canon Impresora Pixma G550"},"content":{"rendered":"<p><\/p>\n<table class=\"tabla_caracteristicas k-table\" width=\"100%\">\n<tr>\n<td valign=\"top\"><strong>Marca<\/strong><\/td>\n<td>Canon<\/td>\n<\/tr>\n<tr>\n<td valign=\"top\"><strong>Modelo<\/strong><\/td>\n<td><strong>4621C006<\/strong><\/td>\n<\/tr>\n<tr>\n<td valign=\"top\"><strong>Funciones<\/strong><\/td>\n<td>&#8211; Impresi&oacute;n, Wi-Fi, Ethernet<\/td>\n<\/tr>\n<tr>\n<td valign=\"top\"><strong>Especificaciones de impresi&oacute;n<\/strong><\/td>\n<td><strong>Resoluci&oacute;n de impresi&oacute;n<\/strong><br \/>\t\t\t&#8211; Hasta 4800 x 1200 ppp<br \/>\t\t\t<strong>Tecnolog&iacute;a de impresi&oacute;n<\/strong><br \/>\t\t\t&#8211; 2 cartuchos FINE: negro y color<br \/>\t\t\t&#8211; Impresoras con cartucho de tinta recargable<br \/>\t\t\t<strong>Velocidad de impresi&oacute;n en blanco y negro<\/strong><br \/>\t\t\t&#8211; Aprox. 3,9 ipm<br \/>\t\t\t<strong>Velocidad de impresi&oacute;n en color<\/strong><br \/>\t\t\t&#8211; Aprox. 3,9 ipm<br \/>\t\t\t<strong>Velocidad de impresi&oacute;n de fotograf&iacute;as<\/strong><br \/>\t\t\t&#8211; 10 x 15 cm sin bordes: aprox. 47 segundos<br \/>\t\t\t<strong>Impresi&oacute;n sin bordes<\/strong><br \/>\t\t\t&#8211; A4, LTR, 4&quot; x 6&quot; (10 x 15 cm), 5&quot; x 7&quot; (13 x 18 cm), 7&quot; x 10&quot; (18 x 25 cm), 8&quot; x 10&quot; (20 x 25 cm),<br \/>\t\t\t&nbsp; Cuadrado 5&quot; x 5&rdquo; (127 x 127 mm), Cuadrado 3,5&rdquo; x 3,5&quot; (89 x 89 mm), Tama&ntilde;o de tarjeta 55 x 91 mm (2,17&quot; x 3,58&quot;)<br \/>\t\t\t<strong>Impresi&oacute;n a dos caras<\/strong><br \/>\t\t\t&#8211; Funcionamiento manual<\/td>\n<\/tr>\n<tr>\n<td valign=\"top\"><strong>Compatibilidad de papel<\/strong><\/td>\n<td><strong>Tipos de papel<\/strong><br \/>\t\t\t&#8211; Papel normal<br \/>\t\t\t&#8211; Papel fotogr&aacute;fico Pro Luster (LU-101),<br \/>\t\t\t&#8211; Papel fotogr&aacute;fico Brillo II (PP-201)<br \/>\t\t\t&#8211; Papel fotogr&aacute;fico Mate (MP-101),<br \/>\t\t\t&#8211; Papel Fotogr&aacute;fico Con Brillo &laquo;Uso Diario&raquo; (GP-501)<br \/>\t\t\t&#8211; Papel de alta resoluci&oacute;n (HR-101N),<br \/>\t\t\t&#8211; Papel fotogr&aacute;fico Plus Semi Brillante (SG-201),<br \/>\t\t\t&#8211; Premium Fine Art Rough &lt;FA-RG1&gt;<br \/>\t\t\t&#8211; Papel fotogr&aacute;fico adhesivo (RP-101)<br \/>\t\t\t&#8211; Papel fotogr&aacute;fico magn&eacute;tico (MG-101)<br \/>\t\t\t&#8211; Papel de transferencia t&eacute;rmica para tejidos oscuros (DF-101),<br \/>\t\t\t&#8211; Papel de transferencia t&eacute;rmica para tejidos claros (LF-101),<br \/>\t\t\t&#8211; Papel mate de doble cara (MP-101D)<br \/>\t\t\t&#8211; Tarjeta de felicitaci&oacute;n (fabricada por Avery y RedRiverPaper)<br \/>\t\t\t&#8211; Cartulina (fabricada por Neenah Paper e INKPRESS)<br \/>\t\t\t&#8211; Canon Red Label Superior (WOP111)<br \/>\t\t\t&#8211; Canon Oce Office Colour Paper (SAT213)<br \/>\t\t\t<strong>Entrada m&aacute;xima de papel<\/strong><br \/>\t\t\t&#8211; Bandeja posterior: m&aacute;x. 100 hojas: A4 (papel normal)<br \/>\t\t\t<strong>Tama&ntilde;os del papel<\/strong><br \/>\t\t\t&#8211; A4, A5, B5, A6, LTR, LGL, 4&quot; x 6&quot; (10 x 15 cm), 5&quot; x 7&quot; (13 x 18 cm), 7&quot; x 10&quot; (18 x 25 cm), 8&quot; x 10&quot; (20 x 25 cm), Cuadrado 5&rdquo; x 5&quot; (127 x 127 mm), Cuadrado 3,5&rdquo; x 3,5&quot; (89 x 89 mm), Tama&ntilde;o de tarjeta 55 x 91 mmm (2,17&rdquo; x 3,58&rdquo;) Sobres (DL, COM10, C5, Monarca)<br \/>\t\t\t&#8211; [Tama&ntilde;o personalizado] Ancho 55&ndash;216 mm; largo 89&ndash;1200 mm<br \/>\t\t\t<strong>Gramaje del papel<\/strong><br \/>\t\t\t&#8211; Bandeja posterior: papel normal 64&ndash;105 g\/m&sup2; o papel original de Canon compatible<\/td>\n<\/tr>\n<tr>\n<td valign=\"top\"><strong>Interfaz<\/strong><\/td>\n<td><strong>Tipo y tama&ntilde;o de pantalla<\/strong><br \/>\t\t\t&#8211; LCD de matriz de puntos completa (blanco y negro)<br \/>\t\t\t<strong>Conectividad<\/strong><br \/>\t\t\t&#8211; USB de alta velocidad (puerto USB B)<br \/>\t\t\t&#8211; Wi-Fi: IEEE802.11 b\/g\/n\/a<br \/>\t\t\t&#8211; Seguridad Wi-Fi: WPA-PSK, WPA2-PSK, WEP, contrase&ntilde;a de administraci&oacute;n<br \/>\t\t\t&#8211; Banda de frecuencia de LAN inal&aacute;mbrica: 2,4 GHz<br \/>\t\t\t&#8211; Wi-Fi PictBridge<\/td>\n<\/tr>\n<tr>\n<td valign=\"top\"><strong>Software<\/strong><\/td>\n<td><strong>Sistemas operativos compatibles<\/strong><br \/>\t\t\t&#8211; Windows 10, Windows 8.1, Windows 7 SP1<br \/>\t\t\t&#8211; Windows Server 2008 R2 SP1, Windows Server 2012 R2, Windows Server 2016, Windows Server 2019<br \/>\t\t\t&#8211; Mac OS X 10.12, macOS 10.15<br \/>\t\t\t&#8211; Chrome OS<br \/>\t\t\t&#8211; Sistemas operativos m&oacute;viles: iOS&reg;, iPadOS, Android&trade;<\/td>\n<\/tr>\n<tr>\n<td valign=\"top\"><strong>Consumibles y rendimientos<\/strong><\/td>\n<td>&#8211; Botellas de tinta est&aacute;ndar:<br \/>\t\t\t&nbsp; GI-53 &lt;BK&gt;<br \/>\t\t\t&nbsp; GI-53 &lt;C&gt;<br \/>\t\t\t&nbsp; GI-53 &lt;M&gt;<br \/>\t\t\t&nbsp; GI-53 &lt;Y&gt;<br \/>\t\t\t&nbsp; GI-53 &lt;R&gt;<br \/>\t\t\t&nbsp; GI-53 &lt;GY&gt;<br \/>\t\t\t&#8211; Cartucho de mantenimiento: MC-G02 (sustituible por el usuario)<br \/>\t\t\t&#8211; Rendimiento de la botella (papel normal):<br \/>\t\t\t&nbsp; Impresi&oacute;n de documentos en color A4<br \/>\t\t\t&nbsp; Negro: 3700 p&aacute;ginas<br \/>\t\t\t&nbsp; Color: 8000 p&aacute;ginas<br \/>\t\t\t&nbsp; * Rendimiento adicional estimado<br \/>\t\t\t&#8211; Rendimiento de la botella (papel fotogr&aacute;fico):<br \/>\t\t\t&nbsp; Impresi&oacute;n fotogr&aacute;fica de 10 x 15 cm en color<br \/>\t\t\t&nbsp; Color: 3800 fotograf&iacute;as<br \/>\t\t\t&nbsp; * Rendimiento adicional estimado<\/td>\n<\/tr>\n<tr>\n<td valign=\"top\"><strong>Caracter&iacute;sticas f&iacute;sicas<\/strong><\/td>\n<td><strong>Peso<\/strong><br \/>\t\t\t&#8211; 5.1 Kg<br \/>\t\t\t<strong>Dimensiones (An x Pr x Al)<\/strong><br \/>\t\t\t&#8211; 445 x 340 x 136 mm<br \/>\t\t\t<strong>Niveles de ruido ac&uacute;stico<\/strong><br \/>\t\t\t&#8211; 50,5 dB(A) aprox.<br \/>\t\t\t<strong>Entorno operativo recomendado<\/strong><br \/>\t\t\t&#8211; Temperatura: 5-35&ordm;C<br \/>\t\t\t&#8211; Humedad: 10-90%<br \/>\t\t\t<strong>Fuente de alimentaci&oacute;n<\/strong><br \/>\t\t\t&#8211; 100-240 V CA, 50\/60 Hz<br \/>\t\t\t<strong>Consumo de energ&iacute;a<\/strong><br \/>\t\t\t&#8211; Apagada: aprox. 0,2 W<br \/>\t\t\t&#8211; En espera (conexi&oacute;n USB a PC): aprox. 0,6 W<br \/>\t\t\t&#8211; En espera (todos los puertos conectados): aprox. 1,2 W<br \/>\t\t\t&#8211; Tiempo para entrar en modo en espera: 4 minutos, 4 segundos*<br \/>\t\t\t&#8211; Imprimiendo: aprox. 14 W<\/td>\n<\/tr>\n<tr>\n<td valign=\"top\"><strong>Fecha Revisi&oacute;n<\/strong><\/td>\n<td>02-12-2021 por MSB<\/td>\n<\/tr>\n<\/table>\n","protected":false},"excerpt":{"rendered":"<p>Marca Canon Modelo 4621C006 Funciones &#8211; Impresi&oacute;n, Wi-Fi, Ethernet Especificaciones de impresi&oacute;n Resoluci&oacute;n de impresi&oacute;n &#8211; Hasta 4800 x 1200 ppp Tecnolog&iacute;a de impresi&oacute;n &#8211; 2 cartuchos FINE: negro y color &#8211; Impresoras con cartucho de tinta recargable Velocidad de impresi&oacute;n en blanco y negro &#8211; Aprox. 3,9 ipm Velocidad de impresi&oacute;n en color &#8211;&hellip;&nbsp;<a href=\"https:\/\/aivlisoft.net\/shop\/producto\/canon-impresora-pixma-g550\/\" rel=\"bookmark\"><span class=\"screen-reader-text\">Canon Impresora Pixma G550<\/span><\/a><\/p>\n","protected":false},"featured_media":8952,"template":"","meta":{"neve_meta_sidebar":"","neve_meta_container":"","neve_meta_enable_content_width":"","neve_meta_content_width":0,"neve_meta_title_alignment":"","neve_meta_author_avatar":"","neve_post_elements_order":"","neve_meta_disable_header":"","neve_meta_disable_footer":"","neve_meta_disable_title":""},"product_brand":[],"product_cat":[15,3529],"product_tag":[3542],"class_list":{"0":"post-8951","1":"product","2":"type-product","3":"status-publish","4":"has-post-thumbnail","6":"product_cat-sin-categorizar","7":"product_cat-impresoras","8":"product_tag-4621c006","10":"first","11":"instock","12":"taxable","13":"shipping-taxable","14":"purchasable","15":"product-type-simple"},"yoast_head":"<!-- This site is optimized with the Yoast SEO plugin v26.0 - https:\/\/yoast.com\/wordpress\/plugins\/seo\/ -->\n<title>Canon Impresora Pixma G550 - Aivlisoft Inform\u00e1tica<\/title>\n<meta name=\"robots\" content=\"index, follow, max-snippet:-1, max-image-preview:large, max-video-preview:-1\" \/>\n<link rel=\"canonical\" href=\"https:\/\/aivlisoft.net\/shop\/producto\/canon-impresora-pixma-g550\/\" \/>\n<meta property=\"og:locale\" content=\"es_ES\" \/>\n<meta property=\"og:type\" content=\"article\" \/>\n<meta property=\"og:title\" content=\"Canon Impresora Pixma G550 - Aivlisoft Inform\u00e1tica\" \/>\n<meta property=\"og:description\" content=\"Marca Canon Modelo 4621C006 Funciones &#8211; Impresi&oacute;n, Wi-Fi, Ethernet Especificaciones de impresi&oacute;n Resoluci&oacute;n de impresi&oacute;n &#8211; Hasta 4800 x 1200 ppp Tecnolog&iacute;a de impresi&oacute;n &#8211; 2 cartuchos FINE: negro y color &#8211; Impresoras con cartucho de tinta recargable Velocidad de impresi&oacute;n en blanco y negro &#8211; Aprox. 3,9 ipm Velocidad de impresi&oacute;n en color &#8211;&hellip;&nbsp;Canon Impresora Pixma G550\" \/>\n<meta property=\"og:url\" content=\"https:\/\/aivlisoft.net\/shop\/producto\/canon-impresora-pixma-g550\/\" \/>\n<meta property=\"og:site_name\" content=\"Aivlisoft Inform\u00e1tica\" \/>\n<meta property=\"article:modified_time\" content=\"2025-01-14T13:04:16+00:00\" \/>\n<meta property=\"og:image\" content=\"https:\/\/aivlisoft.net\/shop\/wp-content\/uploads\/2025\/01\/FIMIIN0107_800.jpg\" \/>\n\t<meta property=\"og:image:width\" content=\"800\" \/>\n\t<meta property=\"og:image:height\" content=\"800\" \/>\n\t<meta property=\"og:image:type\" content=\"image\/jpeg\" \/>\n<meta name=\"twitter:card\" content=\"summary_large_image\" \/>\n<meta name=\"twitter:label1\" content=\"Tiempo de lectura\" \/>\n\t<meta name=\"twitter:data1\" content=\"4 minutos\" \/>\n<script type=\"application\/ld+json\" class=\"yoast-schema-graph\">{\"@context\":\"https:\/\/schema.org\",\"@graph\":[{\"@type\":\"WebPage\",\"@id\":\"https:\/\/aivlisoft.net\/shop\/producto\/canon-impresora-pixma-g550\/\",\"url\":\"https:\/\/aivlisoft.net\/shop\/producto\/canon-impresora-pixma-g550\/\",\"name\":\"Canon Impresora Pixma G550 - Aivlisoft Inform\u00e1tica\",\"isPartOf\":{\"@id\":\"https:\/\/aivlisoft.net\/shop\/#website\"},\"primaryImageOfPage\":{\"@id\":\"https:\/\/aivlisoft.net\/shop\/producto\/canon-impresora-pixma-g550\/#primaryimage\"},\"image\":{\"@id\":\"https:\/\/aivlisoft.net\/shop\/producto\/canon-impresora-pixma-g550\/#primaryimage\"},\"thumbnailUrl\":\"https:\/\/aivlisoft.net\/shop\/wp-content\/uploads\/2025\/01\/FIMIIN0107_800.jpg\",\"datePublished\":\"2025-01-13T13:52:54+00:00\",\"dateModified\":\"2025-01-14T13:04:16+00:00\",\"breadcrumb\":{\"@id\":\"https:\/\/aivlisoft.net\/shop\/producto\/canon-impresora-pixma-g550\/#breadcrumb\"},\"inLanguage\":\"es\",\"potentialAction\":[{\"@type\":\"ReadAction\",\"target\":[\"https:\/\/aivlisoft.net\/shop\/producto\/canon-impresora-pixma-g550\/\"]}]},{\"@type\":\"ImageObject\",\"inLanguage\":\"es\",\"@id\":\"https:\/\/aivlisoft.net\/shop\/producto\/canon-impresora-pixma-g550\/#primaryimage\",\"url\":\"https:\/\/aivlisoft.net\/shop\/wp-content\/uploads\/2025\/01\/FIMIIN0107_800.jpg\",\"contentUrl\":\"https:\/\/aivlisoft.net\/shop\/wp-content\/uploads\/2025\/01\/FIMIIN0107_800.jpg\",\"width\":800,\"height\":800},{\"@type\":\"BreadcrumbList\",\"@id\":\"https:\/\/aivlisoft.net\/shop\/producto\/canon-impresora-pixma-g550\/#breadcrumb\",\"itemListElement\":[{\"@type\":\"ListItem\",\"position\":1,\"name\":\"Portada\",\"item\":\"https:\/\/aivlisoft.net\/shop\/\"},{\"@type\":\"ListItem\",\"position\":2,\"name\":\"Tienda\",\"item\":\"https:\/\/aivlisoft.net\/shop\/tienda\/\"},{\"@type\":\"ListItem\",\"position\":3,\"name\":\"Canon Impresora Pixma G550\"}]},{\"@type\":\"WebSite\",\"@id\":\"https:\/\/aivlisoft.net\/shop\/#website\",\"url\":\"https:\/\/aivlisoft.net\/shop\/\",\"name\":\"Aivlisoft Inform\u00e1tica\",\"description\":\"En Aivlisoft Inform\u00e1tica ofrecemos soluciones tecnol\u00f3gicas para empresas: venta de ordenadores, consumibles, perif\u00e9ricos y m\u00e1s. Calidad, atenci\u00f3n personalizada y los mejores precios para tu negocio.\",\"publisher\":{\"@id\":\"https:\/\/aivlisoft.net\/shop\/#organization\"},\"potentialAction\":[{\"@type\":\"SearchAction\",\"target\":{\"@type\":\"EntryPoint\",\"urlTemplate\":\"https:\/\/aivlisoft.net\/shop\/?s={search_term_string}\"},\"query-input\":{\"@type\":\"PropertyValueSpecification\",\"valueRequired\":true,\"valueName\":\"search_term_string\"}}],\"inLanguage\":\"es\"},{\"@type\":\"Organization\",\"@id\":\"https:\/\/aivlisoft.net\/shop\/#organization\",\"name\":\"Aivlisoft Inform\u00e1tica\",\"url\":\"https:\/\/aivlisoft.net\/shop\/\",\"logo\":{\"@type\":\"ImageObject\",\"inLanguage\":\"es\",\"@id\":\"https:\/\/aivlisoft.net\/shop\/#\/schema\/logo\/image\/\",\"url\":\"https:\/\/aivlisoft.net\/shop\/wp-content\/uploads\/2024\/12\/removal.ai_5b848c54-0cdf-4140-95c5-c5536bb7573b-logodef.png\",\"contentUrl\":\"https:\/\/aivlisoft.net\/shop\/wp-content\/uploads\/2024\/12\/removal.ai_5b848c54-0cdf-4140-95c5-c5536bb7573b-logodef.png\",\"width\":484,\"height\":182,\"caption\":\"Aivlisoft Inform\u00e1tica\"},\"image\":{\"@id\":\"https:\/\/aivlisoft.net\/shop\/#\/schema\/logo\/image\/\"}}]}<\/script>\n<!-- \/ Yoast SEO plugin. -->","yoast_head_json":{"title":"Canon Impresora Pixma G550 - Aivlisoft Inform\u00e1tica","robots":{"index":"index","follow":"follow","max-snippet":"max-snippet:-1","max-image-preview":"max-image-preview:large","max-video-preview":"max-video-preview:-1"},"canonical":"https:\/\/aivlisoft.net\/shop\/producto\/canon-impresora-pixma-g550\/","og_locale":"es_ES","og_type":"article","og_title":"Canon Impresora Pixma G550 - Aivlisoft Inform\u00e1tica","og_description":"Marca Canon Modelo 4621C006 Funciones &#8211; Impresi&oacute;n, Wi-Fi, Ethernet Especificaciones de impresi&oacute;n Resoluci&oacute;n de impresi&oacute;n &#8211; Hasta 4800 x 1200 ppp Tecnolog&iacute;a de impresi&oacute;n &#8211; 2 cartuchos FINE: negro y color &#8211; Impresoras con cartucho de tinta recargable Velocidad de impresi&oacute;n en blanco y negro &#8211; Aprox. 3,9 ipm Velocidad de impresi&oacute;n en color &#8211;&hellip;&nbsp;Canon Impresora Pixma G550","og_url":"https:\/\/aivlisoft.net\/shop\/producto\/canon-impresora-pixma-g550\/","og_site_name":"Aivlisoft Inform\u00e1tica","article_modified_time":"2025-01-14T13:04:16+00:00","og_image":[{"width":800,"height":800,"url":"https:\/\/aivlisoft.net\/shop\/wp-content\/uploads\/2025\/01\/FIMIIN0107_800.jpg","type":"image\/jpeg"}],"twitter_card":"summary_large_image","twitter_misc":{"Tiempo de lectura":"4 minutos"},"schema":{"@context":"https:\/\/schema.org","@graph":[{"@type":"WebPage","@id":"https:\/\/aivlisoft.net\/shop\/producto\/canon-impresora-pixma-g550\/","url":"https:\/\/aivlisoft.net\/shop\/producto\/canon-impresora-pixma-g550\/","name":"Canon Impresora Pixma G550 - Aivlisoft Inform\u00e1tica","isPartOf":{"@id":"https:\/\/aivlisoft.net\/shop\/#website"},"primaryImageOfPage":{"@id":"https:\/\/aivlisoft.net\/shop\/producto\/canon-impresora-pixma-g550\/#primaryimage"},"image":{"@id":"https:\/\/aivlisoft.net\/shop\/producto\/canon-impresora-pixma-g550\/#primaryimage"},"thumbnailUrl":"https:\/\/aivlisoft.net\/shop\/wp-content\/uploads\/2025\/01\/FIMIIN0107_800.jpg","datePublished":"2025-01-13T13:52:54+00:00","dateModified":"2025-01-14T13:04:16+00:00","breadcrumb":{"@id":"https:\/\/aivlisoft.net\/shop\/producto\/canon-impresora-pixma-g550\/#breadcrumb"},"inLanguage":"es","potentialAction":[{"@type":"ReadAction","target":["https:\/\/aivlisoft.net\/shop\/producto\/canon-impresora-pixma-g550\/"]}]},{"@type":"ImageObject","inLanguage":"es","@id":"https:\/\/aivlisoft.net\/shop\/producto\/canon-impresora-pixma-g550\/#primaryimage","url":"https:\/\/aivlisoft.net\/shop\/wp-content\/uploads\/2025\/01\/FIMIIN0107_800.jpg","contentUrl":"https:\/\/aivlisoft.net\/shop\/wp-content\/uploads\/2025\/01\/FIMIIN0107_800.jpg","width":800,"height":800},{"@type":"BreadcrumbList","@id":"https:\/\/aivlisoft.net\/shop\/producto\/canon-impresora-pixma-g550\/#breadcrumb","itemListElement":[{"@type":"ListItem","position":1,"name":"Portada","item":"https:\/\/aivlisoft.net\/shop\/"},{"@type":"ListItem","position":2,"name":"Tienda","item":"https:\/\/aivlisoft.net\/shop\/tienda\/"},{"@type":"ListItem","position":3,"name":"Canon Impresora Pixma G550"}]},{"@type":"WebSite","@id":"https:\/\/aivlisoft.net\/shop\/#website","url":"https:\/\/aivlisoft.net\/shop\/","name":"Aivlisoft Inform\u00e1tica","description":"En Aivlisoft Inform\u00e1tica ofrecemos soluciones tecnol\u00f3gicas para empresas: venta de ordenadores, consumibles, perif\u00e9ricos y m\u00e1s. Calidad, atenci\u00f3n personalizada y los mejores precios para tu negocio.","publisher":{"@id":"https:\/\/aivlisoft.net\/shop\/#organization"},"potentialAction":[{"@type":"SearchAction","target":{"@type":"EntryPoint","urlTemplate":"https:\/\/aivlisoft.net\/shop\/?s={search_term_string}"},"query-input":{"@type":"PropertyValueSpecification","valueRequired":true,"valueName":"search_term_string"}}],"inLanguage":"es"},{"@type":"Organization","@id":"https:\/\/aivlisoft.net\/shop\/#organization","name":"Aivlisoft Inform\u00e1tica","url":"https:\/\/aivlisoft.net\/shop\/","logo":{"@type":"ImageObject","inLanguage":"es","@id":"https:\/\/aivlisoft.net\/shop\/#\/schema\/logo\/image\/","url":"https:\/\/aivlisoft.net\/shop\/wp-content\/uploads\/2024\/12\/removal.ai_5b848c54-0cdf-4140-95c5-c5536bb7573b-logodef.png","contentUrl":"https:\/\/aivlisoft.net\/shop\/wp-content\/uploads\/2024\/12\/removal.ai_5b848c54-0cdf-4140-95c5-c5536bb7573b-logodef.png","width":484,"height":182,"caption":"Aivlisoft Inform\u00e1tica"},"image":{"@id":"https:\/\/aivlisoft.net\/shop\/#\/schema\/logo\/image\/"}}]}},"_links":{"self":[{"href":"https:\/\/aivlisoft.net\/shop\/wp-json\/wp\/v2\/product\/8951","targetHints":{"allow":["GET"]}}],"collection":[{"href":"https:\/\/aivlisoft.net\/shop\/wp-json\/wp\/v2\/product"}],"about":[{"href":"https:\/\/aivlisoft.net\/shop\/wp-json\/wp\/v2\/types\/product"}],"wp:featuredmedia":[{"embeddable":true,"href":"https:\/\/aivlisoft.net\/shop\/wp-json\/wp\/v2\/media\/8952"}],"wp:attachment":[{"href":"https:\/\/aivlisoft.net\/shop\/wp-json\/wp\/v2\/media?parent=8951"}],"wp:term":[{"taxonomy":"product_brand","embeddable":true,"href":"https:\/\/aivlisoft.net\/shop\/wp-json\/wp\/v2\/product_brand?post=8951"},{"taxonomy":"product_cat","embeddable":true,"href":"https:\/\/aivlisoft.net\/shop\/wp-json\/wp\/v2\/product_cat?post=8951"},{"taxonomy":"product_tag","embeddable":true,"href":"https:\/\/aivlisoft.net\/shop\/wp-json\/wp\/v2\/product_tag?post=8951"}],"curies":[{"name":"wp","href":"https:\/\/api.w.org\/{rel}","templated":true}]}}