{"id":8945,"date":"2025-01-13T13:52:52","date_gmt":"2025-01-13T13:52:52","guid":{"rendered":"https:\/\/aivlisoft.com\/?post_type=product&#038;p=8945"},"modified":"2025-01-15T11:17:22","modified_gmt":"2025-01-15T11:17:22","slug":"epson-impresora-ecotank-et-16150","status":"publish","type":"product","link":"https:\/\/aivlisoft.net\/shop\/producto\/epson-impresora-ecotank-et-16150\/","title":{"rendered":"Epson Impresora Ecotank ET-16150"},"content":{"rendered":"<p><\/p>\n<table class=\"tabla_caracteristicas k-table\" width=\"100%\">\n<tbody>\n<tr>\n<td><strong>Marca<\/strong><\/td>\n<td>Epson<\/td>\n<\/tr>\n<tr>\n<td><strong>Modelo<\/strong><\/td>\n<td><strong><\/strong><strong>C11CJ04401<\/strong><\/td>\n<\/tr>\n<tr>\n<td valign=\"top\"><strong>Tecnolog&iacute;a<\/strong><\/td>\n<td>&#8211; M&eacute;todo de impresi&oacute;n: Cabezal de impresi&oacute;n PrecisionCore&trade;<br \/>&#8211; Configuraci&oacute;n inyectores: 800 Inyectores negro, 800 Inyectores por color<br \/>&#8211; Tama&ntilde;o m&aacute;ximo gota: 3,8 pl<br \/>&#8211; Tecnolog&iacute;a de tinta: Tinta pigmentada<br \/>&#8211; Resoluci&oacute;n de impresi&oacute;n: 4.800 x 1.200 ppp<br \/>&#8211; Categor&iacute;a: Home Office, Grupo de trabajo<br \/>&#8211; Multifunci&oacute;n: Impresi&oacute;n<\/td>\n<\/tr>\n<tr>\n<td valign=\"top\"><strong>Impresi&oacute;n<\/strong><\/td>\n<td>&#8211; Velocidad de impresi&oacute;n ISO\/IEC 24734: 25 p&aacute;ginas\/minuto Monocromo, 25 p&aacute;ginas\/minuto Color<br \/>&#8211; Velocidad de impresi&oacute;n: 32 p&aacute;ginas\/minuto Monocromo (Papel Normal 75 g\/m&sup2;), 32 p&aacute;ginas\/minuto Color (Papel Normal 75 g\/m&sup2;)<br \/>&#8211; Velocidad de impresi&oacute;n en d&uacute;plex ISO\/IEC 24734: 21 p&aacute;ginas A4\/min. Monocromo, 21 p&aacute;ginas A4\/min. Color<br \/>&#8211; Tiempo de salida de primera p&aacute;gina: Monocromo 5,5 segundos, Color 5,5 segundos<br \/>&#8211; Colores: Negro, Cian, Amarillo, Magenta<\/td>\n<\/tr>\n<tr>\n<td valign=\"top\"><strong>Manejo de papel y sustratos<\/strong><strong><\/strong><\/td>\n<td>&#8211; N&uacute;mero de bandejas de papel: 2<br \/>&#8211; Formatos papel: A3+, A3 (29,7&#215;42,0 cm), A4 (21.0&#215;29,7 cm), A5, A6, B6, DL (sobre), No. 10 (sobre)<br \/>&#8211; D&uacute;plex: S&iacute; (papel normal A4\/A3)<br \/>&#8211; Capacidad de la bandeja de salida: 125 Hojas<br \/>&#8211; Capacidad bandeja papel: 550 Hojas Est&aacute;ndar<br \/>&#8211; Peso del papel adecuado: 64 g\/m&sup2; &#8211; 255 g\/m&sup2;<br \/>&#8211; Gesti&oacute;n de soportes: Doble cara autom&aacute;tica (papel normal A4\/A3), Impresi&oacute;n sin m&aacute;rgenes<\/td>\n<\/tr>\n<tr>\n<td valign=\"top\"><strong>General<\/strong><\/td>\n<td>&#8211; consumo de energ&iacute;a: 0,8 vatio (modo de ahorro), 27 vatio (impresi&oacute;n), 7,1 vatio Preparado, 0,2 vatio (desconectar), TEC 0,14 kWh por semana<br \/>&#8211; Voltaje de suministro: CA 100 V &#8211; 240 V, 50 Hz &#8211; 60 Hz<br \/>&#8211; Dimensiones del producto: 515&lrm; x 500 x 300 mm (ancho x profundidad x altura)<br \/>&#8211; Peso: 17 kg<br \/>&#8211; Sistemas operativos compatibles: Mac OS X 10.6.8 or later, Windows 10 (32\/64 bit), Windows 7 (32\/64 bit), Windows 8 (32\/64 bits), Windows 8.1 (32\/64 bit), Windows Server 2008 R2, Windows Server 2012 R2, Windows Server 2016, Windows Vista (32\/64 bits), Windows XP Professional x64 Edition SP2 or later, Windows XP SP3 or later (32-bit), Windows Server 2003 R2, spectextoptionoperatingsystemswin2003ii2<br \/>&#8211; Interfaces: USB, Ethernet, Wi-Fi, Wi-Fi Direct<br \/>&#8211; Seguridad WLAN: WEP 64 bits, WEP 128 bits, WPA PSK (TKIP)<br \/>&#8211; Servicios de impresi&oacute;n m&oacute;vil y en la nube: Epson Connect (iPrint, Email Print, Remote Print Driver), Apple AirPrint<br \/>&#8211; Alimentaci&oacute;n: 220 V, 240V<\/td>\n<\/tr>\n<tr>\n<td valign=\"top\"><strong>Caracteristicas adicionales<\/strong><\/td>\n<td>&#8211; Pantalla LCD: Tipo: Color, Diagonal: 6,1 cm<br \/><strong>Incluye<\/strong><br \/>&#8211; 1 juegos de tinta (1 tinta negra de 127 ml; 3 tintas color cian, magenta y amarillo de 70 ml), Equipo, Cable de alimentaci&oacute;n, Gu&iacute;a r&aacute;pida<br \/><strong>Rendimiento de la botella incluida<\/strong><br \/>&#8211; Rendimiento de la tinta negra: 4.500 p&aacute;ginas<br \/>&#8211; Rendimiento del color: 2.800 p&aacute;ginas<\/td>\n<\/tr>\n<tr>\n<td><strong>Fecha Revisi&oacute;n<\/strong><\/td>\n<td>02-10-2020 por MSB<\/td>\n<\/tr>\n<\/tbody>\n<\/table>\n","protected":false},"excerpt":{"rendered":"<p>Marca Epson Modelo C11CJ04401 Tecnolog&iacute;a &#8211; M&eacute;todo de impresi&oacute;n: Cabezal de impresi&oacute;n PrecisionCore&trade;&#8211; Configuraci&oacute;n inyectores: 800 Inyectores negro, 800 Inyectores por color&#8211; Tama&ntilde;o m&aacute;ximo gota: 3,8 pl&#8211; Tecnolog&iacute;a de tinta: Tinta pigmentada&#8211; Resoluci&oacute;n de impresi&oacute;n: 4.800 x 1.200 ppp&#8211; Categor&iacute;a: Home Office, Grupo de trabajo&#8211; Multifunci&oacute;n: Impresi&oacute;n Impresi&oacute;n &#8211; Velocidad de impresi&oacute;n ISO\/IEC 24734: 25&hellip;&nbsp;<a href=\"https:\/\/aivlisoft.net\/shop\/producto\/epson-impresora-ecotank-et-16150\/\" rel=\"bookmark\"><span class=\"screen-reader-text\">Epson Impresora Ecotank ET-16150<\/span><\/a><\/p>\n","protected":false},"featured_media":8946,"template":"","meta":{"neve_meta_sidebar":"","neve_meta_container":"","neve_meta_enable_content_width":"","neve_meta_content_width":0,"neve_meta_title_alignment":"","neve_meta_author_avatar":"","neve_post_elements_order":"","neve_meta_disable_header":"","neve_meta_disable_footer":"","neve_meta_disable_title":""},"product_brand":[],"product_cat":[15,3529],"product_tag":[3539],"class_list":{"0":"post-8945","1":"product","2":"type-product","3":"status-publish","4":"has-post-thumbnail","6":"product_cat-sin-categorizar","7":"product_cat-impresoras","8":"product_tag-c11cj04401","10":"first","11":"instock","12":"taxable","13":"shipping-taxable","14":"purchasable","15":"product-type-simple"},"yoast_head":"<!-- This site is optimized with the Yoast SEO plugin v26.0 - https:\/\/yoast.com\/wordpress\/plugins\/seo\/ -->\n<title>Epson Impresora Ecotank ET-16150 - Aivlisoft Inform\u00e1tica<\/title>\n<meta name=\"robots\" content=\"index, follow, max-snippet:-1, max-image-preview:large, max-video-preview:-1\" \/>\n<link rel=\"canonical\" href=\"https:\/\/aivlisoft.net\/shop\/producto\/epson-impresora-ecotank-et-16150\/\" \/>\n<meta property=\"og:locale\" content=\"es_ES\" \/>\n<meta property=\"og:type\" content=\"article\" \/>\n<meta property=\"og:title\" content=\"Epson Impresora Ecotank ET-16150 - Aivlisoft Inform\u00e1tica\" \/>\n<meta property=\"og:description\" content=\"Marca Epson Modelo C11CJ04401 Tecnolog&iacute;a &#8211; M&eacute;todo de impresi&oacute;n: Cabezal de impresi&oacute;n PrecisionCore&trade;&#8211; Configuraci&oacute;n inyectores: 800 Inyectores negro, 800 Inyectores por color&#8211; Tama&ntilde;o m&aacute;ximo gota: 3,8 pl&#8211; Tecnolog&iacute;a de tinta: Tinta pigmentada&#8211; Resoluci&oacute;n de impresi&oacute;n: 4.800 x 1.200 ppp&#8211; Categor&iacute;a: Home Office, Grupo de trabajo&#8211; Multifunci&oacute;n: Impresi&oacute;n Impresi&oacute;n &#8211; Velocidad de impresi&oacute;n ISO\/IEC 24734: 25&hellip;&nbsp;Epson Impresora Ecotank ET-16150\" \/>\n<meta property=\"og:url\" content=\"https:\/\/aivlisoft.net\/shop\/producto\/epson-impresora-ecotank-et-16150\/\" \/>\n<meta property=\"og:site_name\" content=\"Aivlisoft Inform\u00e1tica\" \/>\n<meta property=\"article:modified_time\" content=\"2025-01-15T11:17:22+00:00\" \/>\n<meta property=\"og:image\" content=\"https:\/\/aivlisoft.net\/shop\/wp-content\/uploads\/2025\/01\/FIMIIN0098_800.jpg\" \/>\n\t<meta property=\"og:image:width\" content=\"800\" \/>\n\t<meta property=\"og:image:height\" content=\"800\" \/>\n\t<meta property=\"og:image:type\" content=\"image\/jpeg\" \/>\n<meta name=\"twitter:card\" content=\"summary_large_image\" \/>\n<meta name=\"twitter:label1\" content=\"Tiempo de lectura\" \/>\n\t<meta name=\"twitter:data1\" content=\"2 minutos\" \/>\n<script type=\"application\/ld+json\" class=\"yoast-schema-graph\">{\"@context\":\"https:\/\/schema.org\",\"@graph\":[{\"@type\":\"WebPage\",\"@id\":\"https:\/\/aivlisoft.net\/shop\/producto\/epson-impresora-ecotank-et-16150\/\",\"url\":\"https:\/\/aivlisoft.net\/shop\/producto\/epson-impresora-ecotank-et-16150\/\",\"name\":\"Epson Impresora Ecotank ET-16150 - Aivlisoft Inform\u00e1tica\",\"isPartOf\":{\"@id\":\"https:\/\/aivlisoft.net\/shop\/#website\"},\"primaryImageOfPage\":{\"@id\":\"https:\/\/aivlisoft.net\/shop\/producto\/epson-impresora-ecotank-et-16150\/#primaryimage\"},\"image\":{\"@id\":\"https:\/\/aivlisoft.net\/shop\/producto\/epson-impresora-ecotank-et-16150\/#primaryimage\"},\"thumbnailUrl\":\"https:\/\/aivlisoft.net\/shop\/wp-content\/uploads\/2025\/01\/FIMIIN0098_800.jpg\",\"datePublished\":\"2025-01-13T13:52:52+00:00\",\"dateModified\":\"2025-01-15T11:17:22+00:00\",\"breadcrumb\":{\"@id\":\"https:\/\/aivlisoft.net\/shop\/producto\/epson-impresora-ecotank-et-16150\/#breadcrumb\"},\"inLanguage\":\"es\",\"potentialAction\":[{\"@type\":\"ReadAction\",\"target\":[\"https:\/\/aivlisoft.net\/shop\/producto\/epson-impresora-ecotank-et-16150\/\"]}]},{\"@type\":\"ImageObject\",\"inLanguage\":\"es\",\"@id\":\"https:\/\/aivlisoft.net\/shop\/producto\/epson-impresora-ecotank-et-16150\/#primaryimage\",\"url\":\"https:\/\/aivlisoft.net\/shop\/wp-content\/uploads\/2025\/01\/FIMIIN0098_800.jpg\",\"contentUrl\":\"https:\/\/aivlisoft.net\/shop\/wp-content\/uploads\/2025\/01\/FIMIIN0098_800.jpg\",\"width\":800,\"height\":800},{\"@type\":\"BreadcrumbList\",\"@id\":\"https:\/\/aivlisoft.net\/shop\/producto\/epson-impresora-ecotank-et-16150\/#breadcrumb\",\"itemListElement\":[{\"@type\":\"ListItem\",\"position\":1,\"name\":\"Portada\",\"item\":\"https:\/\/aivlisoft.net\/shop\/\"},{\"@type\":\"ListItem\",\"position\":2,\"name\":\"Tienda\",\"item\":\"https:\/\/aivlisoft.net\/shop\/tienda\/\"},{\"@type\":\"ListItem\",\"position\":3,\"name\":\"Epson Impresora Ecotank ET-16150\"}]},{\"@type\":\"WebSite\",\"@id\":\"https:\/\/aivlisoft.net\/shop\/#website\",\"url\":\"https:\/\/aivlisoft.net\/shop\/\",\"name\":\"Aivlisoft Inform\u00e1tica\",\"description\":\"En Aivlisoft Inform\u00e1tica ofrecemos soluciones tecnol\u00f3gicas para empresas: venta de ordenadores, consumibles, perif\u00e9ricos y m\u00e1s. Calidad, atenci\u00f3n personalizada y los mejores precios para tu negocio.\",\"publisher\":{\"@id\":\"https:\/\/aivlisoft.net\/shop\/#organization\"},\"potentialAction\":[{\"@type\":\"SearchAction\",\"target\":{\"@type\":\"EntryPoint\",\"urlTemplate\":\"https:\/\/aivlisoft.net\/shop\/?s={search_term_string}\"},\"query-input\":{\"@type\":\"PropertyValueSpecification\",\"valueRequired\":true,\"valueName\":\"search_term_string\"}}],\"inLanguage\":\"es\"},{\"@type\":\"Organization\",\"@id\":\"https:\/\/aivlisoft.net\/shop\/#organization\",\"name\":\"Aivlisoft Inform\u00e1tica\",\"url\":\"https:\/\/aivlisoft.net\/shop\/\",\"logo\":{\"@type\":\"ImageObject\",\"inLanguage\":\"es\",\"@id\":\"https:\/\/aivlisoft.net\/shop\/#\/schema\/logo\/image\/\",\"url\":\"https:\/\/aivlisoft.net\/shop\/wp-content\/uploads\/2024\/12\/removal.ai_5b848c54-0cdf-4140-95c5-c5536bb7573b-logodef.png\",\"contentUrl\":\"https:\/\/aivlisoft.net\/shop\/wp-content\/uploads\/2024\/12\/removal.ai_5b848c54-0cdf-4140-95c5-c5536bb7573b-logodef.png\",\"width\":484,\"height\":182,\"caption\":\"Aivlisoft Inform\u00e1tica\"},\"image\":{\"@id\":\"https:\/\/aivlisoft.net\/shop\/#\/schema\/logo\/image\/\"}}]}<\/script>\n<!-- \/ Yoast SEO plugin. -->","yoast_head_json":{"title":"Epson Impresora Ecotank ET-16150 - Aivlisoft Inform\u00e1tica","robots":{"index":"index","follow":"follow","max-snippet":"max-snippet:-1","max-image-preview":"max-image-preview:large","max-video-preview":"max-video-preview:-1"},"canonical":"https:\/\/aivlisoft.net\/shop\/producto\/epson-impresora-ecotank-et-16150\/","og_locale":"es_ES","og_type":"article","og_title":"Epson Impresora Ecotank ET-16150 - Aivlisoft Inform\u00e1tica","og_description":"Marca Epson Modelo C11CJ04401 Tecnolog&iacute;a &#8211; M&eacute;todo de impresi&oacute;n: Cabezal de impresi&oacute;n PrecisionCore&trade;&#8211; Configuraci&oacute;n inyectores: 800 Inyectores negro, 800 Inyectores por color&#8211; Tama&ntilde;o m&aacute;ximo gota: 3,8 pl&#8211; Tecnolog&iacute;a de tinta: Tinta pigmentada&#8211; Resoluci&oacute;n de impresi&oacute;n: 4.800 x 1.200 ppp&#8211; Categor&iacute;a: Home Office, Grupo de trabajo&#8211; Multifunci&oacute;n: Impresi&oacute;n Impresi&oacute;n &#8211; Velocidad de impresi&oacute;n ISO\/IEC 24734: 25&hellip;&nbsp;Epson Impresora Ecotank ET-16150","og_url":"https:\/\/aivlisoft.net\/shop\/producto\/epson-impresora-ecotank-et-16150\/","og_site_name":"Aivlisoft Inform\u00e1tica","article_modified_time":"2025-01-15T11:17:22+00:00","og_image":[{"width":800,"height":800,"url":"https:\/\/aivlisoft.net\/shop\/wp-content\/uploads\/2025\/01\/FIMIIN0098_800.jpg","type":"image\/jpeg"}],"twitter_card":"summary_large_image","twitter_misc":{"Tiempo de lectura":"2 minutos"},"schema":{"@context":"https:\/\/schema.org","@graph":[{"@type":"WebPage","@id":"https:\/\/aivlisoft.net\/shop\/producto\/epson-impresora-ecotank-et-16150\/","url":"https:\/\/aivlisoft.net\/shop\/producto\/epson-impresora-ecotank-et-16150\/","name":"Epson Impresora Ecotank ET-16150 - Aivlisoft Inform\u00e1tica","isPartOf":{"@id":"https:\/\/aivlisoft.net\/shop\/#website"},"primaryImageOfPage":{"@id":"https:\/\/aivlisoft.net\/shop\/producto\/epson-impresora-ecotank-et-16150\/#primaryimage"},"image":{"@id":"https:\/\/aivlisoft.net\/shop\/producto\/epson-impresora-ecotank-et-16150\/#primaryimage"},"thumbnailUrl":"https:\/\/aivlisoft.net\/shop\/wp-content\/uploads\/2025\/01\/FIMIIN0098_800.jpg","datePublished":"2025-01-13T13:52:52+00:00","dateModified":"2025-01-15T11:17:22+00:00","breadcrumb":{"@id":"https:\/\/aivlisoft.net\/shop\/producto\/epson-impresora-ecotank-et-16150\/#breadcrumb"},"inLanguage":"es","potentialAction":[{"@type":"ReadAction","target":["https:\/\/aivlisoft.net\/shop\/producto\/epson-impresora-ecotank-et-16150\/"]}]},{"@type":"ImageObject","inLanguage":"es","@id":"https:\/\/aivlisoft.net\/shop\/producto\/epson-impresora-ecotank-et-16150\/#primaryimage","url":"https:\/\/aivlisoft.net\/shop\/wp-content\/uploads\/2025\/01\/FIMIIN0098_800.jpg","contentUrl":"https:\/\/aivlisoft.net\/shop\/wp-content\/uploads\/2025\/01\/FIMIIN0098_800.jpg","width":800,"height":800},{"@type":"BreadcrumbList","@id":"https:\/\/aivlisoft.net\/shop\/producto\/epson-impresora-ecotank-et-16150\/#breadcrumb","itemListElement":[{"@type":"ListItem","position":1,"name":"Portada","item":"https:\/\/aivlisoft.net\/shop\/"},{"@type":"ListItem","position":2,"name":"Tienda","item":"https:\/\/aivlisoft.net\/shop\/tienda\/"},{"@type":"ListItem","position":3,"name":"Epson Impresora Ecotank ET-16150"}]},{"@type":"WebSite","@id":"https:\/\/aivlisoft.net\/shop\/#website","url":"https:\/\/aivlisoft.net\/shop\/","name":"Aivlisoft Inform\u00e1tica","description":"En Aivlisoft Inform\u00e1tica ofrecemos soluciones tecnol\u00f3gicas para empresas: venta de ordenadores, consumibles, perif\u00e9ricos y m\u00e1s. Calidad, atenci\u00f3n personalizada y los mejores precios para tu negocio.","publisher":{"@id":"https:\/\/aivlisoft.net\/shop\/#organization"},"potentialAction":[{"@type":"SearchAction","target":{"@type":"EntryPoint","urlTemplate":"https:\/\/aivlisoft.net\/shop\/?s={search_term_string}"},"query-input":{"@type":"PropertyValueSpecification","valueRequired":true,"valueName":"search_term_string"}}],"inLanguage":"es"},{"@type":"Organization","@id":"https:\/\/aivlisoft.net\/shop\/#organization","name":"Aivlisoft Inform\u00e1tica","url":"https:\/\/aivlisoft.net\/shop\/","logo":{"@type":"ImageObject","inLanguage":"es","@id":"https:\/\/aivlisoft.net\/shop\/#\/schema\/logo\/image\/","url":"https:\/\/aivlisoft.net\/shop\/wp-content\/uploads\/2024\/12\/removal.ai_5b848c54-0cdf-4140-95c5-c5536bb7573b-logodef.png","contentUrl":"https:\/\/aivlisoft.net\/shop\/wp-content\/uploads\/2024\/12\/removal.ai_5b848c54-0cdf-4140-95c5-c5536bb7573b-logodef.png","width":484,"height":182,"caption":"Aivlisoft Inform\u00e1tica"},"image":{"@id":"https:\/\/aivlisoft.net\/shop\/#\/schema\/logo\/image\/"}}]}},"_links":{"self":[{"href":"https:\/\/aivlisoft.net\/shop\/wp-json\/wp\/v2\/product\/8945","targetHints":{"allow":["GET"]}}],"collection":[{"href":"https:\/\/aivlisoft.net\/shop\/wp-json\/wp\/v2\/product"}],"about":[{"href":"https:\/\/aivlisoft.net\/shop\/wp-json\/wp\/v2\/types\/product"}],"wp:featuredmedia":[{"embeddable":true,"href":"https:\/\/aivlisoft.net\/shop\/wp-json\/wp\/v2\/media\/8946"}],"wp:attachment":[{"href":"https:\/\/aivlisoft.net\/shop\/wp-json\/wp\/v2\/media?parent=8945"}],"wp:term":[{"taxonomy":"product_brand","embeddable":true,"href":"https:\/\/aivlisoft.net\/shop\/wp-json\/wp\/v2\/product_brand?post=8945"},{"taxonomy":"product_cat","embeddable":true,"href":"https:\/\/aivlisoft.net\/shop\/wp-json\/wp\/v2\/product_cat?post=8945"},{"taxonomy":"product_tag","embeddable":true,"href":"https:\/\/aivlisoft.net\/shop\/wp-json\/wp\/v2\/product_tag?post=8945"}],"curies":[{"name":"wp","href":"https:\/\/api.w.org\/{rel}","templated":true}]}}